{"id":2098,"date":"2022-06-13T13:52:36","date_gmt":"2022-06-13T12:52:36","guid":{"rendered":"https:\/\/store.microbiotech.dz\/?post_type=product&#038;p=2098"},"modified":"2024-07-22T13:40:34","modified_gmt":"2024-07-22T12:40:34","slug":"violet-de-gentiane","status":"publish","type":"product","link":"https:\/\/store.microbiotech.dz\/index.php\/produit\/violet-de-gentiane\/","title":{"rendered":"Violet de gentiane"},"content":{"rendered":"<p>Le violet de gentiane C&rsquo;est un\u00a0<span class=\"lienGlossaire\">colorant<\/span>\u00a0de\u00a0<span class=\"lienGlossaire\" title=\"La couleur est la perception subjective qu'a l'\u0153il d'une ou plusieurs fr\u00e9quences d'ondes...\">couleur<\/span>\u00a0violette, d&rsquo;autant plus fonc\u00e9e que le\u00a0<span class=\"lienGlossaire\">nombre<\/span>\u00a0de groupements m\u00e9thyle augmente, utilis\u00e9 surtout en\u00a0<span class=\"lienGlossaire\" title=\"La microbiologie est une sous-discipline de la biologie bas\u00e9e sur l'\u00e9tude des...\">microbiologie<\/span>:<\/p>\n<ul>\n<li>Dans la coloration de Gram\u00a0;<\/li>\n<li>Dans certains milieux s\u00e9lectif (par exemple, dans la g\u00e9lose de Drigalski comme inhibiteur des\u00a0<span class=\"lienGlossaire\" title=\"Les bact\u00e9ries (Bacteria) sont des organismes vivants unicellulaires procaryotes, caract\u00e9ris\u00e9es...\">bact\u00e9ries<\/span>\u00a0\u00e0 Gram positif).<\/li>\n<\/ul>\n","protected":false},"excerpt":{"rendered":"<p><strong>Marque:\u00a0<\/strong>Microbiotech <img loading=\"lazy\" decoding=\"async\" class=\"alignnone wp-image-2080\" src=\"https:\/\/store.microbiotech.dz\/wp-content\/uploads\/2022\/06\/algeria-flag-300x225.png\" alt=\"\" width=\"42\" height=\"31\" srcset=\"https:\/\/store.microbiotech.dz\/wp-content\/uploads\/2022\/06\/algeria-flag-300x225.png 300w, https:\/\/store.microbiotech.dz\/wp-content\/uploads\/2022\/06\/algeria-flag-600x450.png 600w, https:\/\/store.microbiotech.dz\/wp-content\/uploads\/2022\/06\/algeria-flag.png 640w\" sizes=\"auto, (max-width: 42px) 100vw, 42px\" \/><\/p>\n<p>A conserver \u00e0 temp\u00e9rature ambiante \u00e0 l\u2019abri de la lumi\u00e8re.<\/p>\n","protected":false},"featured_media":2102,"comment_status":"open","ping_status":"closed","template":"","meta":{"site-sidebar-layout":"default","site-content-layout":"default","ast-site-content-layout":"default","site-content-style":"default","site-sidebar-style":"default","ast-global-header-display":"","ast-banner-title-visibility":"","ast-main-header-display":"","ast-hfb-above-header-display":"","ast-hfb-below-header-display":"","ast-hfb-mobile-header-display":"","site-post-title":"","ast-breadcrumbs-content":"","ast-featured-img":"","footer-sml-layout":"","ast-disable-related-posts":"","theme-transparent-header-meta":"default","adv-header-id-meta":"","stick-header-meta":"","header-above-stick-meta":"","header-main-stick-meta":"","header-below-stick-meta":"","astra-migrate-meta-layouts":"set","ast-page-background-enabled":"default","ast-page-background-meta":{"desktop":{"background-color":"var(--ast-global-color-4)","background-image":"","background-repeat":"repeat","background-position":"center center","background-size":"auto","background-attachment":"scroll","background-type":"","background-media":"","overlay-type":"","overlay-color":"","overlay-opacity":"","overlay-gradient":""},"tablet":{"background-color":"","background-image":"","background-repeat":"repeat","background-position":"center center","background-size":"auto","background-attachment":"scroll","background-type":"","background-media":"","overlay-type":"","overlay-color":"","overlay-opacity":"","overlay-gradient":""},"mobile":{"background-color":"","background-image":"","background-repeat":"repeat","background-position":"center center","background-size":"auto","background-attachment":"scroll","background-type":"","background-media":"","overlay-type":"","overlay-color":"","overlay-opacity":"","overlay-gradient":""}},"ast-content-background-meta":{"desktop":{"background-color":"var(--ast-global-color-5)","background-image":"","background-repeat":"repeat","background-position":"center center","background-size":"auto","background-attachment":"scroll","background-type":"","background-media":"","overlay-type":"","overlay-color":"","overlay-opacity":"","overlay-gradient":""},"tablet":{"background-color":"var(--ast-global-color-5)","background-image":"","background-repeat":"repeat","background-position":"center center","background-size":"auto","background-attachment":"scroll","background-type":"","background-media":"","overlay-type":"","overlay-color":"","overlay-opacity":"","overlay-gradient":""},"mobile":{"background-color":"var(--ast-global-color-5)","background-image":"","background-repeat":"repeat","background-position":"center center","background-size":"auto","background-attachment":"scroll","background-type":"","background-media":"","overlay-type":"","overlay-color":"","overlay-opacity":"","overlay-gradient":""}},"jetpack_post_was_ever_published":false},"product_brand":[],"product_cat":[27],"product_tag":[1295,364,764],"class_list":{"0":"post-2098","1":"product","2":"type-product","3":"status-publish","4":"has-post-thumbnail","6":"product_cat-colorants-biologiques","7":"product_tag-gram","8":"product_tag-microbiotech","9":"product_tag-violet-de-gentiane","10":"desktop-align-center","11":"tablet-align-left","12":"mobile-align-left","14":"first","15":"onbackorder","16":"taxable","17":"shipping-taxable","18":"purchasable","19":"product-type-variable"},"yoast_head":"<!-- This site is optimized with the Yoast SEO plugin v27.4 - https:\/\/yoast.com\/product\/yoast-seo-wordpress\/ -->\n<title>Violet de gentiane - La Boutique en ligne<\/title>\n<meta name=\"description\" content=\"Le violet de gentiane C&#039;est un\u00a0colorant\u00a0de\u00a0couleur\u00a0violette, d&#039;autant plus fonc\u00e9e que le\u00a0nombre\u00a0de groupements m\u00e9thyle augmente, utilis\u00e9 surtout en\u00a0microbiologie:Dans la coloration de Gram\u00a0;Dans certains milieux s\u00e9lectif (par exemple, dans la g\u00e9lose de Drigalski comme inhibiteur des\u00a0bact\u00e9ries\u00a0\u00e0 Gram positif).\" \/>\n<meta name=\"robots\" content=\"index, follow, max-snippet:-1, max-image-preview:large, max-video-preview:-1\" \/>\n<link rel=\"canonical\" href=\"https:\/\/store.microbiotech.dz\/index.php\/produit\/violet-de-gentiane\/\" \/>\n<meta property=\"og:locale\" content=\"fr_FR\" \/>\n<meta property=\"og:type\" content=\"article\" \/>\n<meta property=\"og:title\" content=\"Violet de gentiane - La Boutique en ligne\" \/>\n<meta property=\"og:description\" content=\"Le violet de gentiane C&#039;est un\u00a0colorant\u00a0de\u00a0couleur\u00a0violette, d&#039;autant plus fonc\u00e9e que le\u00a0nombre\u00a0de groupements m\u00e9thyle augmente, utilis\u00e9 surtout en\u00a0microbiologie:Dans la coloration de Gram\u00a0;Dans certains milieux s\u00e9lectif (par exemple, dans la g\u00e9lose de Drigalski comme inhibiteur des\u00a0bact\u00e9ries\u00a0\u00e0 Gram positif).\" \/>\n<meta property=\"og:url\" content=\"https:\/\/store.microbiotech.dz\/index.php\/produit\/violet-de-gentiane\/\" \/>\n<meta property=\"og:site_name\" content=\"La Boutique en ligne\" \/>\n<meta property=\"article:publisher\" content=\"https:\/\/www.facebook.com\/MicroBiotech.dz\" \/>\n<meta property=\"article:modified_time\" content=\"2024-07-22T12:40:34+00:00\" \/>\n<meta property=\"og:image\" content=\"https:\/\/store.microbiotech.dz\/wp-content\/uploads\/2022\/06\/violet-e1664896203553.png\" \/>\n\t<meta property=\"og:image:width\" content=\"577\" \/>\n\t<meta property=\"og:image:height\" content=\"673\" \/>\n\t<meta property=\"og:image:type\" content=\"image\/png\" \/>\n<meta name=\"twitter:card\" content=\"summary_large_image\" \/>\n<meta name=\"twitter:site\" content=\"@MicrobiotechD\" \/>\n<meta name=\"twitter:label1\" content=\"Dur\u00e9e de lecture estim\u00e9e\" \/>\n\t<meta name=\"twitter:data1\" content=\"1 minute\" \/>\n<script type=\"application\/ld+json\" class=\"yoast-schema-graph\">{\"@context\":\"https:\\\/\\\/schema.org\",\"@graph\":[{\"@type\":\"WebPage\",\"@id\":\"https:\\\/\\\/store.microbiotech.dz\\\/index.php\\\/produit\\\/violet-de-gentiane\\\/\",\"url\":\"https:\\\/\\\/store.microbiotech.dz\\\/index.php\\\/produit\\\/violet-de-gentiane\\\/\",\"name\":\"Violet de gentiane - La Boutique en ligne\",\"isPartOf\":{\"@id\":\"https:\\\/\\\/store.microbiotech.dz\\\/#website\"},\"primaryImageOfPage\":{\"@id\":\"https:\\\/\\\/store.microbiotech.dz\\\/index.php\\\/produit\\\/violet-de-gentiane\\\/#primaryimage\"},\"image\":{\"@id\":\"https:\\\/\\\/store.microbiotech.dz\\\/index.php\\\/produit\\\/violet-de-gentiane\\\/#primaryimage\"},\"thumbnailUrl\":\"https:\\\/\\\/store.microbiotech.dz\\\/wp-content\\\/uploads\\\/2022\\\/06\\\/violet-e1664896203553.png\",\"datePublished\":\"2022-06-13T12:52:36+00:00\",\"dateModified\":\"2024-07-22T12:40:34+00:00\",\"description\":\"Le violet de gentiane C'est un\u00a0colorant\u00a0de\u00a0couleur\u00a0violette, d'autant plus fonc\u00e9e que le\u00a0nombre\u00a0de groupements m\u00e9thyle augmente, utilis\u00e9 surtout en\u00a0microbiologie:Dans la coloration de Gram\u00a0;Dans certains milieux s\u00e9lectif (par exemple, dans la g\u00e9lose de Drigalski comme inhibiteur des\u00a0bact\u00e9ries\u00a0\u00e0 Gram positif).\",\"breadcrumb\":{\"@id\":\"https:\\\/\\\/store.microbiotech.dz\\\/index.php\\\/produit\\\/violet-de-gentiane\\\/#breadcrumb\"},\"inLanguage\":\"fr-FR\",\"potentialAction\":[{\"@type\":\"ReadAction\",\"target\":[\"https:\\\/\\\/store.microbiotech.dz\\\/index.php\\\/produit\\\/violet-de-gentiane\\\/\"]}]},{\"@type\":\"ImageObject\",\"inLanguage\":\"fr-FR\",\"@id\":\"https:\\\/\\\/store.microbiotech.dz\\\/index.php\\\/produit\\\/violet-de-gentiane\\\/#primaryimage\",\"url\":\"https:\\\/\\\/store.microbiotech.dz\\\/wp-content\\\/uploads\\\/2022\\\/06\\\/violet-e1664896203553.png\",\"contentUrl\":\"https:\\\/\\\/store.microbiotech.dz\\\/wp-content\\\/uploads\\\/2022\\\/06\\\/violet-e1664896203553.png\",\"width\":577,\"height\":673},{\"@type\":\"BreadcrumbList\",\"@id\":\"https:\\\/\\\/store.microbiotech.dz\\\/index.php\\\/produit\\\/violet-de-gentiane\\\/#breadcrumb\",\"itemListElement\":[{\"@type\":\"ListItem\",\"position\":1,\"name\":\"Accueil\",\"item\":\"https:\\\/\\\/store.microbiotech.dz\\\/\"},{\"@type\":\"ListItem\",\"position\":2,\"name\":\"Nos Produits\",\"item\":\"https:\\\/\\\/store.microbiotech.dz\\\/index.php\\\/nos-produits\\\/\"},{\"@type\":\"ListItem\",\"position\":3,\"name\":\"Violet de gentiane\"}]},{\"@type\":\"WebSite\",\"@id\":\"https:\\\/\\\/store.microbiotech.dz\\\/#website\",\"url\":\"https:\\\/\\\/store.microbiotech.dz\\\/\",\"name\":\"La Boutique en ligne\",\"description\":\"Qualit\u00e9 - Rapidit\u00e9 - Tranquillit\u00e9\",\"publisher\":{\"@id\":\"https:\\\/\\\/store.microbiotech.dz\\\/#organization\"},\"potentialAction\":[{\"@type\":\"SearchAction\",\"target\":{\"@type\":\"EntryPoint\",\"urlTemplate\":\"https:\\\/\\\/store.microbiotech.dz\\\/?s={search_term_string}\"},\"query-input\":{\"@type\":\"PropertyValueSpecification\",\"valueRequired\":true,\"valueName\":\"search_term_string\"}}],\"inLanguage\":\"fr-FR\"},{\"@type\":\"Organization\",\"@id\":\"https:\\\/\\\/store.microbiotech.dz\\\/#organization\",\"name\":\"Microbiotech EURL\",\"url\":\"https:\\\/\\\/store.microbiotech.dz\\\/\",\"logo\":{\"@type\":\"ImageObject\",\"inLanguage\":\"fr-FR\",\"@id\":\"https:\\\/\\\/store.microbiotech.dz\\\/#\\\/schema\\\/logo\\\/image\\\/\",\"url\":\"https:\\\/\\\/store.microbiotech.dz\\\/wp-content\\\/uploads\\\/2021\\\/09\\\/cropped-logo-microbiotech-2.jpg\",\"contentUrl\":\"https:\\\/\\\/store.microbiotech.dz\\\/wp-content\\\/uploads\\\/2021\\\/09\\\/cropped-logo-microbiotech-2.jpg\",\"width\":815,\"height\":586,\"caption\":\"Microbiotech EURL\"},\"image\":{\"@id\":\"https:\\\/\\\/store.microbiotech.dz\\\/#\\\/schema\\\/logo\\\/image\\\/\"},\"sameAs\":[\"https:\\\/\\\/www.facebook.com\\\/MicroBiotech.dz\",\"https:\\\/\\\/x.com\\\/MicrobiotechD\",\"https:\\\/\\\/www.linkedin.com\\\/in\\\/microbiotech\\\/\",\"https:\\\/\\\/www.youtube.com\\\/channel\\\/UCTxc3VIiX7LXD2LQYfZEcDg\"]}]}<\/script>\n<!-- \/ Yoast SEO plugin. -->","yoast_head_json":{"title":"Violet de gentiane - La Boutique en ligne","description":"Le violet de gentiane C'est un\u00a0colorant\u00a0de\u00a0couleur\u00a0violette, d'autant plus fonc\u00e9e que le\u00a0nombre\u00a0de groupements m\u00e9thyle augmente, utilis\u00e9 surtout en\u00a0microbiologie:Dans la coloration de Gram\u00a0;Dans certains milieux s\u00e9lectif (par exemple, dans la g\u00e9lose de Drigalski comme inhibiteur des\u00a0bact\u00e9ries\u00a0\u00e0 Gram positif).","robots":{"index":"index","follow":"follow","max-snippet":"max-snippet:-1","max-image-preview":"max-image-preview:large","max-video-preview":"max-video-preview:-1"},"canonical":"https:\/\/store.microbiotech.dz\/index.php\/produit\/violet-de-gentiane\/","og_locale":"fr_FR","og_type":"article","og_title":"Violet de gentiane - La Boutique en ligne","og_description":"Le violet de gentiane C'est un\u00a0colorant\u00a0de\u00a0couleur\u00a0violette, d'autant plus fonc\u00e9e que le\u00a0nombre\u00a0de groupements m\u00e9thyle augmente, utilis\u00e9 surtout en\u00a0microbiologie:Dans la coloration de Gram\u00a0;Dans certains milieux s\u00e9lectif (par exemple, dans la g\u00e9lose de Drigalski comme inhibiteur des\u00a0bact\u00e9ries\u00a0\u00e0 Gram positif).","og_url":"https:\/\/store.microbiotech.dz\/index.php\/produit\/violet-de-gentiane\/","og_site_name":"La Boutique en ligne","article_publisher":"https:\/\/www.facebook.com\/MicroBiotech.dz","article_modified_time":"2024-07-22T12:40:34+00:00","og_image":[{"width":577,"height":673,"url":"https:\/\/store.microbiotech.dz\/wp-content\/uploads\/2022\/06\/violet-e1664896203553.png","type":"image\/png"}],"twitter_card":"summary_large_image","twitter_site":"@MicrobiotechD","twitter_misc":{"Dur\u00e9e de lecture estim\u00e9e":"1 minute"},"schema":{"@context":"https:\/\/schema.org","@graph":[{"@type":"WebPage","@id":"https:\/\/store.microbiotech.dz\/index.php\/produit\/violet-de-gentiane\/","url":"https:\/\/store.microbiotech.dz\/index.php\/produit\/violet-de-gentiane\/","name":"Violet de gentiane - La Boutique en ligne","isPartOf":{"@id":"https:\/\/store.microbiotech.dz\/#website"},"primaryImageOfPage":{"@id":"https:\/\/store.microbiotech.dz\/index.php\/produit\/violet-de-gentiane\/#primaryimage"},"image":{"@id":"https:\/\/store.microbiotech.dz\/index.php\/produit\/violet-de-gentiane\/#primaryimage"},"thumbnailUrl":"https:\/\/store.microbiotech.dz\/wp-content\/uploads\/2022\/06\/violet-e1664896203553.png","datePublished":"2022-06-13T12:52:36+00:00","dateModified":"2024-07-22T12:40:34+00:00","description":"Le violet de gentiane C'est un\u00a0colorant\u00a0de\u00a0couleur\u00a0violette, d'autant plus fonc\u00e9e que le\u00a0nombre\u00a0de groupements m\u00e9thyle augmente, utilis\u00e9 surtout en\u00a0microbiologie:Dans la coloration de Gram\u00a0;Dans certains milieux s\u00e9lectif (par exemple, dans la g\u00e9lose de Drigalski comme inhibiteur des\u00a0bact\u00e9ries\u00a0\u00e0 Gram positif).","breadcrumb":{"@id":"https:\/\/store.microbiotech.dz\/index.php\/produit\/violet-de-gentiane\/#breadcrumb"},"inLanguage":"fr-FR","potentialAction":[{"@type":"ReadAction","target":["https:\/\/store.microbiotech.dz\/index.php\/produit\/violet-de-gentiane\/"]}]},{"@type":"ImageObject","inLanguage":"fr-FR","@id":"https:\/\/store.microbiotech.dz\/index.php\/produit\/violet-de-gentiane\/#primaryimage","url":"https:\/\/store.microbiotech.dz\/wp-content\/uploads\/2022\/06\/violet-e1664896203553.png","contentUrl":"https:\/\/store.microbiotech.dz\/wp-content\/uploads\/2022\/06\/violet-e1664896203553.png","width":577,"height":673},{"@type":"BreadcrumbList","@id":"https:\/\/store.microbiotech.dz\/index.php\/produit\/violet-de-gentiane\/#breadcrumb","itemListElement":[{"@type":"ListItem","position":1,"name":"Accueil","item":"https:\/\/store.microbiotech.dz\/"},{"@type":"ListItem","position":2,"name":"Nos Produits","item":"https:\/\/store.microbiotech.dz\/index.php\/nos-produits\/"},{"@type":"ListItem","position":3,"name":"Violet de gentiane"}]},{"@type":"WebSite","@id":"https:\/\/store.microbiotech.dz\/#website","url":"https:\/\/store.microbiotech.dz\/","name":"La Boutique en ligne","description":"Qualit\u00e9 - Rapidit\u00e9 - Tranquillit\u00e9","publisher":{"@id":"https:\/\/store.microbiotech.dz\/#organization"},"potentialAction":[{"@type":"SearchAction","target":{"@type":"EntryPoint","urlTemplate":"https:\/\/store.microbiotech.dz\/?s={search_term_string}"},"query-input":{"@type":"PropertyValueSpecification","valueRequired":true,"valueName":"search_term_string"}}],"inLanguage":"fr-FR"},{"@type":"Organization","@id":"https:\/\/store.microbiotech.dz\/#organization","name":"Microbiotech EURL","url":"https:\/\/store.microbiotech.dz\/","logo":{"@type":"ImageObject","inLanguage":"fr-FR","@id":"https:\/\/store.microbiotech.dz\/#\/schema\/logo\/image\/","url":"https:\/\/store.microbiotech.dz\/wp-content\/uploads\/2021\/09\/cropped-logo-microbiotech-2.jpg","contentUrl":"https:\/\/store.microbiotech.dz\/wp-content\/uploads\/2021\/09\/cropped-logo-microbiotech-2.jpg","width":815,"height":586,"caption":"Microbiotech EURL"},"image":{"@id":"https:\/\/store.microbiotech.dz\/#\/schema\/logo\/image\/"},"sameAs":["https:\/\/www.facebook.com\/MicroBiotech.dz","https:\/\/x.com\/MicrobiotechD","https:\/\/www.linkedin.com\/in\/microbiotech\/","https:\/\/www.youtube.com\/channel\/UCTxc3VIiX7LXD2LQYfZEcDg"]}]}},"jetpack_sharing_enabled":true,"_links":{"self":[{"href":"https:\/\/store.microbiotech.dz\/index.php\/wp-json\/wp\/v2\/product\/2098","targetHints":{"allow":["GET"]}}],"collection":[{"href":"https:\/\/store.microbiotech.dz\/index.php\/wp-json\/wp\/v2\/product"}],"about":[{"href":"https:\/\/store.microbiotech.dz\/index.php\/wp-json\/wp\/v2\/types\/product"}],"replies":[{"embeddable":true,"href":"https:\/\/store.microbiotech.dz\/index.php\/wp-json\/wp\/v2\/comments?post=2098"}],"wp:featuredmedia":[{"embeddable":true,"href":"https:\/\/store.microbiotech.dz\/index.php\/wp-json\/wp\/v2\/media\/2102"}],"wp:attachment":[{"href":"https:\/\/store.microbiotech.dz\/index.php\/wp-json\/wp\/v2\/media?parent=2098"}],"wp:term":[{"taxonomy":"product_brand","embeddable":true,"href":"https:\/\/store.microbiotech.dz\/index.php\/wp-json\/wp\/v2\/product_brand?post=2098"},{"taxonomy":"product_cat","embeddable":true,"href":"https:\/\/store.microbiotech.dz\/index.php\/wp-json\/wp\/v2\/product_cat?post=2098"},{"taxonomy":"product_tag","embeddable":true,"href":"https:\/\/store.microbiotech.dz\/index.php\/wp-json\/wp\/v2\/product_tag?post=2098"}],"curies":[{"name":"wp","href":"https:\/\/api.w.org\/{rel}","templated":true}]}}