{"id":20932,"date":"2026-04-26T10:41:20","date_gmt":"2026-04-26T09:41:20","guid":{"rendered":"https:\/\/store.microbiotech.dz\/?post_type=product&#038;p=20932"},"modified":"2026-04-26T10:51:48","modified_gmt":"2026-04-26T09:51:48","slug":"gelose-sabouraud-chloramphenicol-dextrose-500g-condalab","status":"publish","type":"product","link":"https:\/\/store.microbiotech.dz\/index.php\/produit\/gelose-sabouraud-chloramphenicol-dextrose-500g-condalab\/","title":{"rendered":"G\u00e9lose Sabouraud chloramph\u00e9nicol Dextrose 500g CONDALAB"},"content":{"rendered":"<p>G\u00e9lose <a href=\"https:\/\/store.microbiotech.dz\/?s=Sabouraud\" target=\"_blank\" rel=\"noopener\">Sabouraud<\/a> chloramph\u00e9nicol Dextrose 500g <a href=\"https:\/\/www.condalab.com\/int\/en\/\" target=\"_blank\" rel=\"noopener\">CONDALAB<\/a> pour la culture s\u00e9lective de levures et de moisissures en particulier des dermatophytes, surtout lorsque le pr\u00e9l\u00e8vement contient des bact\u00e9ries car le chloramph\u00e9nicol inhibe la croissance des bact\u00e9ries Gram positif et Gram n\u00e9gatif.<\/p>\n","protected":false},"excerpt":{"rendered":"<p>&nbsp;<\/p>\n<p>Marque:\u00a0<strong>CONDALAB <img loading=\"lazy\" decoding=\"async\" class=\"alignnone wp-image-1646\" src=\"https:\/\/store.microbiotech.dz\/wp-content\/uploads\/2022\/04\/303531-P7SCNR-893-300x291.jpg\" alt=\"\" width=\"39\" height=\"38\" srcset=\"https:\/\/store.microbiotech.dz\/wp-content\/uploads\/2022\/04\/303531-P7SCNR-893-300x300.jpg 300w, https:\/\/store.microbiotech.dz\/wp-content\/uploads\/2022\/04\/303531-P7SCNR-893-1024x995.jpg 1024w, https:\/\/store.microbiotech.dz\/wp-content\/uploads\/2022\/04\/303531-P7SCNR-893-150x150.jpg 150w, https:\/\/store.microbiotech.dz\/wp-content\/uploads\/2022\/04\/303531-P7SCNR-893-768x746.jpg 768w, https:\/\/store.microbiotech.dz\/wp-content\/uploads\/2022\/04\/303531-P7SCNR-893-1536x1492.jpg 1536w, https:\/\/store.microbiotech.dz\/wp-content\/uploads\/2022\/04\/303531-P7SCNR-893-1320x1282.jpg 1320w, https:\/\/store.microbiotech.dz\/wp-content\/uploads\/2022\/04\/303531-P7SCNR-893-600x583.jpg 600w, https:\/\/store.microbiotech.dz\/wp-content\/uploads\/2022\/04\/303531-P7SCNR-893-100x100.jpg 100w, https:\/\/store.microbiotech.dz\/wp-content\/uploads\/2022\/04\/303531-P7SCNR-893.jpg 1541w\" sizes=\"auto, (max-width: 39px) 100vw, 39px\" \/><\/strong><\/p>\n<p>Date de p\u00e9remption: <strong>08-01-2030<\/strong><\/p>\n<p>T\u00e9l\u00e9chargement : <a href=\"https:\/\/store.microbiotech.dz\/wp-content\/uploads\/2026\/04\/1134_en_3.pdf\">1134_en_3<\/a><\/p>\n","protected":false},"featured_media":1595,"comment_status":"open","ping_status":"closed","template":"","meta":{"site-sidebar-layout":"default","site-content-layout":"default","ast-site-content-layout":"default","site-content-style":"default","site-sidebar-style":"default","ast-global-header-display":"","ast-banner-title-visibility":"","ast-main-header-display":"","ast-hfb-above-header-display":"","ast-hfb-below-header-display":"","ast-hfb-mobile-header-display":"","site-post-title":"","ast-breadcrumbs-content":"","ast-featured-img":"","footer-sml-layout":"","ast-disable-related-posts":"","theme-transparent-header-meta":"default","adv-header-id-meta":"","stick-header-meta":"","header-above-stick-meta":"","header-main-stick-meta":"","header-below-stick-meta":"","astra-migrate-meta-layouts":"set","ast-page-background-enabled":"default","ast-page-background-meta":{"desktop":{"background-color":"var(--ast-global-color-4)","background-image":"","background-repeat":"repeat","background-position":"center center","background-size":"auto","background-attachment":"scroll","background-type":"","background-media":"","overlay-type":"","overlay-color":"","overlay-opacity":"","overlay-gradient":""},"tablet":{"background-color":"","background-image":"","background-repeat":"repeat","background-position":"center center","background-size":"auto","background-attachment":"scroll","background-type":"","background-media":"","overlay-type":"","overlay-color":"","overlay-opacity":"","overlay-gradient":""},"mobile":{"background-color":"","background-image":"","background-repeat":"repeat","background-position":"center center","background-size":"auto","background-attachment":"scroll","background-type":"","background-media":"","overlay-type":"","overlay-color":"","overlay-opacity":"","overlay-gradient":""}},"ast-content-background-meta":{"desktop":{"background-color":"var(--ast-global-color-5)","background-image":"","background-repeat":"repeat","background-position":"center center","background-size":"auto","background-attachment":"scroll","background-type":"","background-media":"","overlay-type":"","overlay-color":"","overlay-opacity":"","overlay-gradient":""},"tablet":{"background-color":"var(--ast-global-color-5)","background-image":"","background-repeat":"repeat","background-position":"center center","background-size":"auto","background-attachment":"scroll","background-type":"","background-media":"","overlay-type":"","overlay-color":"","overlay-opacity":"","overlay-gradient":""},"mobile":{"background-color":"var(--ast-global-color-5)","background-image":"","background-repeat":"repeat","background-position":"center center","background-size":"auto","background-attachment":"scroll","background-type":"","background-media":"","overlay-type":"","overlay-color":"","overlay-opacity":"","overlay-gradient":""}},"jetpack_post_was_ever_published":false},"product_brand":[],"product_cat":[26],"product_tag":[670,3509,1234,196,199],"class_list":{"0":"post-20932","1":"product","2":"type-product","3":"status-publish","4":"has-post-thumbnail","6":"product_cat-milieux-de-cultures","7":"product_tag-condalab","8":"product_tag-f191","9":"product_tag-f24","10":"product_tag-gelose-sabouraud","11":"product_tag-gelose-sabouraud-chloramphenicol","12":"product_shipping_class-temperature-ambiante","13":"desktop-align-center","14":"tablet-align-left","15":"mobile-align-left","17":"first","18":"instock","19":"taxable","20":"shipping-taxable","21":"purchasable","22":"product-type-simple"},"yoast_head":"<!-- This site is optimized with the Yoast SEO plugin v27.4 - https:\/\/yoast.com\/product\/yoast-seo-wordpress\/ -->\n<title>G\u00e9lose Sabouraud chloramph\u00e9nicol Dextrose 500g CONDALAB - La Boutique en ligne<\/title>\n<meta name=\"description\" content=\"La G\u00e9lose Sabouraud chloramph\u00e9nicol Dextrose 500g CONDALAB est de tr\u00e8s bonne qualit\u00e9 et au meilleur prix sur microbiotech.dz. !\" \/>\n<meta name=\"robots\" content=\"index, follow, max-snippet:-1, max-image-preview:large, max-video-preview:-1\" \/>\n<link rel=\"canonical\" href=\"https:\/\/store.microbiotech.dz\/index.php\/produit\/gelose-sabouraud-chloramphenicol-dextrose-500g-condalab\/\" \/>\n<meta property=\"og:locale\" content=\"fr_FR\" \/>\n<meta property=\"og:type\" content=\"article\" \/>\n<meta property=\"og:title\" content=\"G\u00e9lose Sabouraud chloramph\u00e9nicol Dextrose 500g CONDALAB - La Boutique en ligne\" \/>\n<meta property=\"og:description\" content=\"La G\u00e9lose Sabouraud chloramph\u00e9nicol Dextrose 500g CONDALAB est de tr\u00e8s bonne qualit\u00e9 et au meilleur prix sur microbiotech.dz. !\" \/>\n<meta property=\"og:url\" content=\"https:\/\/store.microbiotech.dz\/index.php\/produit\/gelose-sabouraud-chloramphenicol-dextrose-500g-condalab\/\" \/>\n<meta property=\"og:site_name\" content=\"La Boutique en ligne\" \/>\n<meta property=\"article:publisher\" content=\"https:\/\/www.facebook.com\/MicroBiotech.dz\" \/>\n<meta property=\"article:modified_time\" content=\"2026-04-26T09:51:48+00:00\" \/>\n<meta property=\"og:image\" content=\"https:\/\/store.microbiotech.dz\/wp-content\/uploads\/2022\/03\/71568455_491874218260672_6658475279159132160_n.jpg\" \/>\n\t<meta property=\"og:image:width\" content=\"422\" \/>\n\t<meta property=\"og:image:height\" content=\"255\" \/>\n\t<meta property=\"og:image:type\" content=\"image\/jpeg\" \/>\n<meta name=\"twitter:card\" content=\"summary_large_image\" \/>\n<meta name=\"twitter:site\" content=\"@MicrobiotechD\" \/>\n<meta name=\"twitter:label1\" content=\"Dur\u00e9e de lecture estim\u00e9e\" \/>\n\t<meta name=\"twitter:data1\" content=\"1 minute\" \/>\n<script type=\"application\/ld+json\" class=\"yoast-schema-graph\">{\"@context\":\"https:\\\/\\\/schema.org\",\"@graph\":[{\"@type\":\"WebPage\",\"@id\":\"https:\\\/\\\/store.microbiotech.dz\\\/index.php\\\/produit\\\/gelose-sabouraud-chloramphenicol-dextrose-500g-condalab\\\/\",\"url\":\"https:\\\/\\\/store.microbiotech.dz\\\/index.php\\\/produit\\\/gelose-sabouraud-chloramphenicol-dextrose-500g-condalab\\\/\",\"name\":\"G\u00e9lose Sabouraud chloramph\u00e9nicol Dextrose 500g CONDALAB - La Boutique en ligne\",\"isPartOf\":{\"@id\":\"https:\\\/\\\/store.microbiotech.dz\\\/#website\"},\"primaryImageOfPage\":{\"@id\":\"https:\\\/\\\/store.microbiotech.dz\\\/index.php\\\/produit\\\/gelose-sabouraud-chloramphenicol-dextrose-500g-condalab\\\/#primaryimage\"},\"image\":{\"@id\":\"https:\\\/\\\/store.microbiotech.dz\\\/index.php\\\/produit\\\/gelose-sabouraud-chloramphenicol-dextrose-500g-condalab\\\/#primaryimage\"},\"thumbnailUrl\":\"https:\\\/\\\/store.microbiotech.dz\\\/wp-content\\\/uploads\\\/2022\\\/03\\\/71568455_491874218260672_6658475279159132160_n.jpg\",\"datePublished\":\"2026-04-26T09:41:20+00:00\",\"dateModified\":\"2026-04-26T09:51:48+00:00\",\"description\":\"La G\u00e9lose Sabouraud chloramph\u00e9nicol Dextrose 500g CONDALAB est de tr\u00e8s bonne qualit\u00e9 et au meilleur prix sur microbiotech.dz. !\",\"breadcrumb\":{\"@id\":\"https:\\\/\\\/store.microbiotech.dz\\\/index.php\\\/produit\\\/gelose-sabouraud-chloramphenicol-dextrose-500g-condalab\\\/#breadcrumb\"},\"inLanguage\":\"fr-FR\",\"potentialAction\":[{\"@type\":\"ReadAction\",\"target\":[\"https:\\\/\\\/store.microbiotech.dz\\\/index.php\\\/produit\\\/gelose-sabouraud-chloramphenicol-dextrose-500g-condalab\\\/\"]}]},{\"@type\":\"ImageObject\",\"inLanguage\":\"fr-FR\",\"@id\":\"https:\\\/\\\/store.microbiotech.dz\\\/index.php\\\/produit\\\/gelose-sabouraud-chloramphenicol-dextrose-500g-condalab\\\/#primaryimage\",\"url\":\"https:\\\/\\\/store.microbiotech.dz\\\/wp-content\\\/uploads\\\/2022\\\/03\\\/71568455_491874218260672_6658475279159132160_n.jpg\",\"contentUrl\":\"https:\\\/\\\/store.microbiotech.dz\\\/wp-content\\\/uploads\\\/2022\\\/03\\\/71568455_491874218260672_6658475279159132160_n.jpg\",\"width\":422,\"height\":255,\"caption\":\"Bouillon Muller Kauffmann base CONDA 500 g\"},{\"@type\":\"BreadcrumbList\",\"@id\":\"https:\\\/\\\/store.microbiotech.dz\\\/index.php\\\/produit\\\/gelose-sabouraud-chloramphenicol-dextrose-500g-condalab\\\/#breadcrumb\",\"itemListElement\":[{\"@type\":\"ListItem\",\"position\":1,\"name\":\"Accueil\",\"item\":\"https:\\\/\\\/store.microbiotech.dz\\\/\"},{\"@type\":\"ListItem\",\"position\":2,\"name\":\"Nos Produits\",\"item\":\"https:\\\/\\\/store.microbiotech.dz\\\/index.php\\\/nos-produits\\\/\"},{\"@type\":\"ListItem\",\"position\":3,\"name\":\"G\u00e9lose Sabouraud chloramph\u00e9nicol Dextrose 500g CONDALAB\"}]},{\"@type\":\"WebSite\",\"@id\":\"https:\\\/\\\/store.microbiotech.dz\\\/#website\",\"url\":\"https:\\\/\\\/store.microbiotech.dz\\\/\",\"name\":\"La Boutique en ligne\",\"description\":\"Qualit\u00e9 - Rapidit\u00e9 - Tranquillit\u00e9\",\"publisher\":{\"@id\":\"https:\\\/\\\/store.microbiotech.dz\\\/#organization\"},\"potentialAction\":[{\"@type\":\"SearchAction\",\"target\":{\"@type\":\"EntryPoint\",\"urlTemplate\":\"https:\\\/\\\/store.microbiotech.dz\\\/?s={search_term_string}\"},\"query-input\":{\"@type\":\"PropertyValueSpecification\",\"valueRequired\":true,\"valueName\":\"search_term_string\"}}],\"inLanguage\":\"fr-FR\"},{\"@type\":\"Organization\",\"@id\":\"https:\\\/\\\/store.microbiotech.dz\\\/#organization\",\"name\":\"Microbiotech EURL\",\"url\":\"https:\\\/\\\/store.microbiotech.dz\\\/\",\"logo\":{\"@type\":\"ImageObject\",\"inLanguage\":\"fr-FR\",\"@id\":\"https:\\\/\\\/store.microbiotech.dz\\\/#\\\/schema\\\/logo\\\/image\\\/\",\"url\":\"https:\\\/\\\/store.microbiotech.dz\\\/wp-content\\\/uploads\\\/2021\\\/09\\\/cropped-logo-microbiotech-2.jpg\",\"contentUrl\":\"https:\\\/\\\/store.microbiotech.dz\\\/wp-content\\\/uploads\\\/2021\\\/09\\\/cropped-logo-microbiotech-2.jpg\",\"width\":815,\"height\":586,\"caption\":\"Microbiotech EURL\"},\"image\":{\"@id\":\"https:\\\/\\\/store.microbiotech.dz\\\/#\\\/schema\\\/logo\\\/image\\\/\"},\"sameAs\":[\"https:\\\/\\\/www.facebook.com\\\/MicroBiotech.dz\",\"https:\\\/\\\/x.com\\\/MicrobiotechD\",\"https:\\\/\\\/www.linkedin.com\\\/in\\\/microbiotech\\\/\",\"https:\\\/\\\/www.youtube.com\\\/channel\\\/UCTxc3VIiX7LXD2LQYfZEcDg\"]}]}<\/script>\n<!-- \/ Yoast SEO plugin. -->","yoast_head_json":{"title":"G\u00e9lose Sabouraud chloramph\u00e9nicol Dextrose 500g CONDALAB - La Boutique en ligne","description":"La G\u00e9lose Sabouraud chloramph\u00e9nicol Dextrose 500g CONDALAB est de tr\u00e8s bonne qualit\u00e9 et au meilleur prix sur microbiotech.dz. !","robots":{"index":"index","follow":"follow","max-snippet":"max-snippet:-1","max-image-preview":"max-image-preview:large","max-video-preview":"max-video-preview:-1"},"canonical":"https:\/\/store.microbiotech.dz\/index.php\/produit\/gelose-sabouraud-chloramphenicol-dextrose-500g-condalab\/","og_locale":"fr_FR","og_type":"article","og_title":"G\u00e9lose Sabouraud chloramph\u00e9nicol Dextrose 500g CONDALAB - La Boutique en ligne","og_description":"La G\u00e9lose Sabouraud chloramph\u00e9nicol Dextrose 500g CONDALAB est de tr\u00e8s bonne qualit\u00e9 et au meilleur prix sur microbiotech.dz. !","og_url":"https:\/\/store.microbiotech.dz\/index.php\/produit\/gelose-sabouraud-chloramphenicol-dextrose-500g-condalab\/","og_site_name":"La Boutique en ligne","article_publisher":"https:\/\/www.facebook.com\/MicroBiotech.dz","article_modified_time":"2026-04-26T09:51:48+00:00","og_image":[{"width":422,"height":255,"url":"https:\/\/store.microbiotech.dz\/wp-content\/uploads\/2022\/03\/71568455_491874218260672_6658475279159132160_n.jpg","type":"image\/jpeg"}],"twitter_card":"summary_large_image","twitter_site":"@MicrobiotechD","twitter_misc":{"Dur\u00e9e de lecture estim\u00e9e":"1 minute"},"schema":{"@context":"https:\/\/schema.org","@graph":[{"@type":"WebPage","@id":"https:\/\/store.microbiotech.dz\/index.php\/produit\/gelose-sabouraud-chloramphenicol-dextrose-500g-condalab\/","url":"https:\/\/store.microbiotech.dz\/index.php\/produit\/gelose-sabouraud-chloramphenicol-dextrose-500g-condalab\/","name":"G\u00e9lose Sabouraud chloramph\u00e9nicol Dextrose 500g CONDALAB - La Boutique en ligne","isPartOf":{"@id":"https:\/\/store.microbiotech.dz\/#website"},"primaryImageOfPage":{"@id":"https:\/\/store.microbiotech.dz\/index.php\/produit\/gelose-sabouraud-chloramphenicol-dextrose-500g-condalab\/#primaryimage"},"image":{"@id":"https:\/\/store.microbiotech.dz\/index.php\/produit\/gelose-sabouraud-chloramphenicol-dextrose-500g-condalab\/#primaryimage"},"thumbnailUrl":"https:\/\/store.microbiotech.dz\/wp-content\/uploads\/2022\/03\/71568455_491874218260672_6658475279159132160_n.jpg","datePublished":"2026-04-26T09:41:20+00:00","dateModified":"2026-04-26T09:51:48+00:00","description":"La G\u00e9lose Sabouraud chloramph\u00e9nicol Dextrose 500g CONDALAB est de tr\u00e8s bonne qualit\u00e9 et au meilleur prix sur microbiotech.dz. !","breadcrumb":{"@id":"https:\/\/store.microbiotech.dz\/index.php\/produit\/gelose-sabouraud-chloramphenicol-dextrose-500g-condalab\/#breadcrumb"},"inLanguage":"fr-FR","potentialAction":[{"@type":"ReadAction","target":["https:\/\/store.microbiotech.dz\/index.php\/produit\/gelose-sabouraud-chloramphenicol-dextrose-500g-condalab\/"]}]},{"@type":"ImageObject","inLanguage":"fr-FR","@id":"https:\/\/store.microbiotech.dz\/index.php\/produit\/gelose-sabouraud-chloramphenicol-dextrose-500g-condalab\/#primaryimage","url":"https:\/\/store.microbiotech.dz\/wp-content\/uploads\/2022\/03\/71568455_491874218260672_6658475279159132160_n.jpg","contentUrl":"https:\/\/store.microbiotech.dz\/wp-content\/uploads\/2022\/03\/71568455_491874218260672_6658475279159132160_n.jpg","width":422,"height":255,"caption":"Bouillon Muller Kauffmann base CONDA 500 g"},{"@type":"BreadcrumbList","@id":"https:\/\/store.microbiotech.dz\/index.php\/produit\/gelose-sabouraud-chloramphenicol-dextrose-500g-condalab\/#breadcrumb","itemListElement":[{"@type":"ListItem","position":1,"name":"Accueil","item":"https:\/\/store.microbiotech.dz\/"},{"@type":"ListItem","position":2,"name":"Nos Produits","item":"https:\/\/store.microbiotech.dz\/index.php\/nos-produits\/"},{"@type":"ListItem","position":3,"name":"G\u00e9lose Sabouraud chloramph\u00e9nicol Dextrose 500g CONDALAB"}]},{"@type":"WebSite","@id":"https:\/\/store.microbiotech.dz\/#website","url":"https:\/\/store.microbiotech.dz\/","name":"La Boutique en ligne","description":"Qualit\u00e9 - Rapidit\u00e9 - Tranquillit\u00e9","publisher":{"@id":"https:\/\/store.microbiotech.dz\/#organization"},"potentialAction":[{"@type":"SearchAction","target":{"@type":"EntryPoint","urlTemplate":"https:\/\/store.microbiotech.dz\/?s={search_term_string}"},"query-input":{"@type":"PropertyValueSpecification","valueRequired":true,"valueName":"search_term_string"}}],"inLanguage":"fr-FR"},{"@type":"Organization","@id":"https:\/\/store.microbiotech.dz\/#organization","name":"Microbiotech EURL","url":"https:\/\/store.microbiotech.dz\/","logo":{"@type":"ImageObject","inLanguage":"fr-FR","@id":"https:\/\/store.microbiotech.dz\/#\/schema\/logo\/image\/","url":"https:\/\/store.microbiotech.dz\/wp-content\/uploads\/2021\/09\/cropped-logo-microbiotech-2.jpg","contentUrl":"https:\/\/store.microbiotech.dz\/wp-content\/uploads\/2021\/09\/cropped-logo-microbiotech-2.jpg","width":815,"height":586,"caption":"Microbiotech EURL"},"image":{"@id":"https:\/\/store.microbiotech.dz\/#\/schema\/logo\/image\/"},"sameAs":["https:\/\/www.facebook.com\/MicroBiotech.dz","https:\/\/x.com\/MicrobiotechD","https:\/\/www.linkedin.com\/in\/microbiotech\/","https:\/\/www.youtube.com\/channel\/UCTxc3VIiX7LXD2LQYfZEcDg"]}]}},"jetpack_sharing_enabled":true,"_links":{"self":[{"href":"https:\/\/store.microbiotech.dz\/index.php\/wp-json\/wp\/v2\/product\/20932","targetHints":{"allow":["GET"]}}],"collection":[{"href":"https:\/\/store.microbiotech.dz\/index.php\/wp-json\/wp\/v2\/product"}],"about":[{"href":"https:\/\/store.microbiotech.dz\/index.php\/wp-json\/wp\/v2\/types\/product"}],"replies":[{"embeddable":true,"href":"https:\/\/store.microbiotech.dz\/index.php\/wp-json\/wp\/v2\/comments?post=20932"}],"wp:featuredmedia":[{"embeddable":true,"href":"https:\/\/store.microbiotech.dz\/index.php\/wp-json\/wp\/v2\/media\/1595"}],"wp:attachment":[{"href":"https:\/\/store.microbiotech.dz\/index.php\/wp-json\/wp\/v2\/media?parent=20932"}],"wp:term":[{"taxonomy":"product_brand","embeddable":true,"href":"https:\/\/store.microbiotech.dz\/index.php\/wp-json\/wp\/v2\/product_brand?post=20932"},{"taxonomy":"product_cat","embeddable":true,"href":"https:\/\/store.microbiotech.dz\/index.php\/wp-json\/wp\/v2\/product_cat?post=20932"},{"taxonomy":"product_tag","embeddable":true,"href":"https:\/\/store.microbiotech.dz\/index.php\/wp-json\/wp\/v2\/product_tag?post=20932"}],"curies":[{"name":"wp","href":"https:\/\/api.w.org\/{rel}","templated":true}]}}