{"id":20724,"date":"2026-04-16T12:56:09","date_gmt":"2026-04-16T11:56:09","guid":{"rendered":"https:\/\/store.microbiotech.dz\/?post_type=product&#038;p=20724"},"modified":"2026-04-16T13:05:23","modified_gmt":"2026-04-16T12:05:23","slug":"filtre-de-conteneur-pour-sterilisation-et-systeme-de-verrouillage","status":"publish","type":"product","link":"https:\/\/store.microbiotech.dz\/index.php\/produit\/filtre-de-conteneur-pour-sterilisation-et-systeme-de-verrouillage\/","title":{"rendered":"Filtre de conteneur pour st\u00e9rilisation et syst\u00e8me de verrouillage"},"content":{"rendered":"<p>Ce Kit regroupe un Filtre de conteneur pour <a href=\"https:\/\/store.microbiotech.dz\/?s=st%C3%A9rilisation\" target=\"_blank\" rel=\"noopener\">st\u00e9rilisation<\/a> et syst\u00e8me de verrouillage de s\u00e9curit\u00e9. il est con\u00e7u pour garantir une st\u00e9rilisation efficace et s\u00e9curis\u00e9e du mat\u00e9riel chirurgical.<\/p>\n<p>Le filtre, fabriqu\u00e9 en papier m\u00e9dical souple et poreux, s\u2019int\u00e8gre dans le couvercle et la base des conteneurs de st\u00e9rilisation. Il permet le passage de la vapeur pendant le cycle de st\u00e9rilisation tout en emp\u00eachant la contamination apr\u00e8s le traitement. Il maintient ainsi la st\u00e9rilit\u00e9 des instruments jusqu\u2019\u00e0 leur utilisation.<\/p>\n<p>Le syst\u00e8me de verrouillage en plastique \u00e0 usage unique s\u00e9curise le conteneur pendant toute la proc\u00e9dure. Il se fixe lors de la st\u00e9rilisation et assure une fermeture inviolable. Une fois le cycle termin\u00e9, le dispositif emp\u00eache toute ouverture non autoris\u00e9e jusqu\u2019\u00e0 ce qu\u2019un professionnel casse le verrou.<\/p>\n<p>Ce Filtre de conteneur pour st\u00e9rilisation et syst\u00e8me de verrouillage r\u00e9pond aux exigences des environnements m\u00e9dicaux et hospitaliers en assurant \u00e0 la fois protection, tra\u00e7abilit\u00e9 et s\u00e9curit\u00e9 du mat\u00e9riel st\u00e9rilis\u00e9.<\/p>\n","protected":false},"excerpt":{"rendered":"<p>&nbsp;<\/p>\n<p>Marque :\u00a0<b>SUDEMED\u00a0<img loading=\"lazy\" decoding=\"async\" class=\"alignnone wp-image-10015\" src=\"https:\/\/store.microbiotech.dz\/wp-content\/uploads\/2024\/06\/turquie.webp\" sizes=\"auto, (max-width: 37px) 100vw, 37px\" srcset=\"https:\/\/store.microbiotech.dz\/wp-content\/uploads\/2024\/06\/turquie.webp 215w, https:\/\/store.microbiotech.dz\/wp-content\/uploads\/2024\/06\/turquie-150x150.webp 150w, https:\/\/store.microbiotech.dz\/wp-content\/uploads\/2024\/06\/turquie-100x100.webp 100w\" alt=\"\" width=\"37\" height=\"37\" \/><\/b><\/p>\n<p>Diam\u00e8tre du filtre : <strong>19cm<\/strong><\/p>\n","protected":false},"featured_media":20727,"comment_status":"open","ping_status":"closed","template":"","meta":{"site-sidebar-layout":"default","site-content-layout":"","ast-site-content-layout":"default","site-content-style":"default","site-sidebar-style":"default","ast-global-header-display":"","ast-banner-title-visibility":"","ast-main-header-display":"","ast-hfb-above-header-display":"","ast-hfb-below-header-display":"","ast-hfb-mobile-header-display":"","site-post-title":"","ast-breadcrumbs-content":"","ast-featured-img":"","footer-sml-layout":"","ast-disable-related-posts":"","theme-transparent-header-meta":"default","adv-header-id-meta":"","stick-header-meta":"","header-above-stick-meta":"","header-main-stick-meta":"","header-below-stick-meta":"","astra-migrate-meta-layouts":"set","ast-page-background-enabled":"default","ast-page-background-meta":{"desktop":{"background-color":"var(--ast-global-color-4)","background-image":"","background-repeat":"repeat","background-position":"center center","background-size":"auto","background-attachment":"scroll","background-type":"","background-media":"","overlay-type":"","overlay-color":"","overlay-opacity":"","overlay-gradient":""},"tablet":{"background-color":"","background-image":"","background-repeat":"repeat","background-position":"center center","background-size":"auto","background-attachment":"scroll","background-type":"","background-media":"","overlay-type":"","overlay-color":"","overlay-opacity":"","overlay-gradient":""},"mobile":{"background-color":"","background-image":"","background-repeat":"repeat","background-position":"center center","background-size":"auto","background-attachment":"scroll","background-type":"","background-media":"","overlay-type":"","overlay-color":"","overlay-opacity":"","overlay-gradient":""}},"ast-content-background-meta":{"desktop":{"background-color":"var(--ast-global-color-5)","background-image":"","background-repeat":"repeat","background-position":"center center","background-size":"auto","background-attachment":"scroll","background-type":"","background-media":"","overlay-type":"","overlay-color":"","overlay-opacity":"","overlay-gradient":""},"tablet":{"background-color":"var(--ast-global-color-5)","background-image":"","background-repeat":"repeat","background-position":"center center","background-size":"auto","background-attachment":"scroll","background-type":"","background-media":"","overlay-type":"","overlay-color":"","overlay-opacity":"","overlay-gradient":""},"mobile":{"background-color":"var(--ast-global-color-5)","background-image":"","background-repeat":"repeat","background-position":"center center","background-size":"auto","background-attachment":"scroll","background-type":"","background-media":"","overlay-type":"","overlay-color":"","overlay-opacity":"","overlay-gradient":""}},"jetpack_post_was_ever_published":false},"product_brand":[],"product_cat":[94],"product_tag":[1479,360,3562,3318],"class_list":{"0":"post-20724","1":"product","2":"type-product","3":"status-publish","4":"has-post-thumbnail","6":"product_cat-additifs-et-autres","7":"product_tag-conteneur","8":"product_tag-filtre","9":"product_tag-filtre-de-conteneur","10":"product_tag-sudemed","11":"desktop-align-center","12":"tablet-align-left","13":"mobile-align-left","15":"first","16":"instock","17":"taxable","18":"shipping-taxable","19":"purchasable","20":"product-type-simple"},"yoast_head":"<!-- This site is optimized with the Yoast SEO plugin v27.4 - https:\/\/yoast.com\/product\/yoast-seo-wordpress\/ -->\n<title>Filtre de conteneur pour st\u00e9rilisation et syst\u00e8me de verrouillage La Boutique en ligne<\/title>\n<meta name=\"description\" content=\"Ce Filtre de conteneur pour st\u00e9rilisation et syst\u00e8me de verrouillage r\u00e9pond aux exigences des environnements m\u00e9dicaux et hospitaliers.\" \/>\n<meta name=\"robots\" content=\"index, follow, max-snippet:-1, max-image-preview:large, max-video-preview:-1\" \/>\n<link rel=\"canonical\" href=\"https:\/\/store.microbiotech.dz\/index.php\/produit\/filtre-de-conteneur-pour-sterilisation-et-systeme-de-verrouillage\/\" \/>\n<meta property=\"og:locale\" content=\"fr_FR\" \/>\n<meta property=\"og:type\" content=\"article\" \/>\n<meta property=\"og:title\" content=\"Filtre de conteneur pour st\u00e9rilisation et syst\u00e8me de verrouillage La Boutique en ligne\" \/>\n<meta property=\"og:description\" content=\"Ce Filtre de conteneur pour st\u00e9rilisation et syst\u00e8me de verrouillage r\u00e9pond aux exigences des environnements m\u00e9dicaux et hospitaliers.\" \/>\n<meta property=\"og:url\" content=\"https:\/\/store.microbiotech.dz\/index.php\/produit\/filtre-de-conteneur-pour-sterilisation-et-systeme-de-verrouillage\/\" \/>\n<meta property=\"og:site_name\" content=\"La Boutique en ligne\" \/>\n<meta property=\"article:publisher\" content=\"https:\/\/www.facebook.com\/MicroBiotech.dz\" \/>\n<meta property=\"article:modified_time\" content=\"2026-04-16T12:05:23+00:00\" \/>\n<meta property=\"og:image\" content=\"https:\/\/store.microbiotech.dz\/wp-content\/uploads\/2026\/04\/ceci-nest-pas-une-image-reelle-10.webp\" \/>\n\t<meta property=\"og:image:width\" content=\"600\" \/>\n\t<meta property=\"og:image:height\" content=\"600\" \/>\n\t<meta property=\"og:image:type\" content=\"image\/webp\" \/>\n<meta name=\"twitter:card\" content=\"summary_large_image\" \/>\n<meta name=\"twitter:site\" content=\"@MicrobiotechD\" \/>\n<meta name=\"twitter:label1\" content=\"Dur\u00e9e de lecture estim\u00e9e\" \/>\n\t<meta name=\"twitter:data1\" content=\"1 minute\" \/>\n<script type=\"application\/ld+json\" class=\"yoast-schema-graph\">{\"@context\":\"https:\\\/\\\/schema.org\",\"@graph\":[{\"@type\":\"WebPage\",\"@id\":\"https:\\\/\\\/store.microbiotech.dz\\\/index.php\\\/produit\\\/filtre-de-conteneur-pour-sterilisation-et-systeme-de-verrouillage\\\/\",\"url\":\"https:\\\/\\\/store.microbiotech.dz\\\/index.php\\\/produit\\\/filtre-de-conteneur-pour-sterilisation-et-systeme-de-verrouillage\\\/\",\"name\":\"Filtre de conteneur pour st\u00e9rilisation et syst\u00e8me de verrouillage La Boutique en ligne\",\"isPartOf\":{\"@id\":\"https:\\\/\\\/store.microbiotech.dz\\\/#website\"},\"primaryImageOfPage\":{\"@id\":\"https:\\\/\\\/store.microbiotech.dz\\\/index.php\\\/produit\\\/filtre-de-conteneur-pour-sterilisation-et-systeme-de-verrouillage\\\/#primaryimage\"},\"image\":{\"@id\":\"https:\\\/\\\/store.microbiotech.dz\\\/index.php\\\/produit\\\/filtre-de-conteneur-pour-sterilisation-et-systeme-de-verrouillage\\\/#primaryimage\"},\"thumbnailUrl\":\"https:\\\/\\\/store.microbiotech.dz\\\/wp-content\\\/uploads\\\/2026\\\/04\\\/ceci-nest-pas-une-image-reelle-10.webp\",\"datePublished\":\"2026-04-16T11:56:09+00:00\",\"dateModified\":\"2026-04-16T12:05:23+00:00\",\"description\":\"Ce Filtre de conteneur pour st\u00e9rilisation et syst\u00e8me de verrouillage r\u00e9pond aux exigences des environnements m\u00e9dicaux et hospitaliers.\",\"breadcrumb\":{\"@id\":\"https:\\\/\\\/store.microbiotech.dz\\\/index.php\\\/produit\\\/filtre-de-conteneur-pour-sterilisation-et-systeme-de-verrouillage\\\/#breadcrumb\"},\"inLanguage\":\"fr-FR\",\"potentialAction\":[{\"@type\":\"ReadAction\",\"target\":[\"https:\\\/\\\/store.microbiotech.dz\\\/index.php\\\/produit\\\/filtre-de-conteneur-pour-sterilisation-et-systeme-de-verrouillage\\\/\"]}]},{\"@type\":\"ImageObject\",\"inLanguage\":\"fr-FR\",\"@id\":\"https:\\\/\\\/store.microbiotech.dz\\\/index.php\\\/produit\\\/filtre-de-conteneur-pour-sterilisation-et-systeme-de-verrouillage\\\/#primaryimage\",\"url\":\"https:\\\/\\\/store.microbiotech.dz\\\/wp-content\\\/uploads\\\/2026\\\/04\\\/ceci-nest-pas-une-image-reelle-10.webp\",\"contentUrl\":\"https:\\\/\\\/store.microbiotech.dz\\\/wp-content\\\/uploads\\\/2026\\\/04\\\/ceci-nest-pas-une-image-reelle-10.webp\",\"width\":600,\"height\":600,\"caption\":\"Filtre de conteneur pour st\u00e9rilisation et syst\u00e8me de verrouillage\"},{\"@type\":\"BreadcrumbList\",\"@id\":\"https:\\\/\\\/store.microbiotech.dz\\\/index.php\\\/produit\\\/filtre-de-conteneur-pour-sterilisation-et-systeme-de-verrouillage\\\/#breadcrumb\",\"itemListElement\":[{\"@type\":\"ListItem\",\"position\":1,\"name\":\"Accueil\",\"item\":\"https:\\\/\\\/store.microbiotech.dz\\\/\"},{\"@type\":\"ListItem\",\"position\":2,\"name\":\"Nos Produits\",\"item\":\"https:\\\/\\\/store.microbiotech.dz\\\/index.php\\\/nos-produits\\\/\"},{\"@type\":\"ListItem\",\"position\":3,\"name\":\"Filtre de conteneur pour st\u00e9rilisation et syst\u00e8me de verrouillage\"}]},{\"@type\":\"WebSite\",\"@id\":\"https:\\\/\\\/store.microbiotech.dz\\\/#website\",\"url\":\"https:\\\/\\\/store.microbiotech.dz\\\/\",\"name\":\"La Boutique en ligne\",\"description\":\"Qualit\u00e9 - Rapidit\u00e9 - Tranquillit\u00e9\",\"publisher\":{\"@id\":\"https:\\\/\\\/store.microbiotech.dz\\\/#organization\"},\"potentialAction\":[{\"@type\":\"SearchAction\",\"target\":{\"@type\":\"EntryPoint\",\"urlTemplate\":\"https:\\\/\\\/store.microbiotech.dz\\\/?s={search_term_string}\"},\"query-input\":{\"@type\":\"PropertyValueSpecification\",\"valueRequired\":true,\"valueName\":\"search_term_string\"}}],\"inLanguage\":\"fr-FR\"},{\"@type\":\"Organization\",\"@id\":\"https:\\\/\\\/store.microbiotech.dz\\\/#organization\",\"name\":\"Microbiotech EURL\",\"url\":\"https:\\\/\\\/store.microbiotech.dz\\\/\",\"logo\":{\"@type\":\"ImageObject\",\"inLanguage\":\"fr-FR\",\"@id\":\"https:\\\/\\\/store.microbiotech.dz\\\/#\\\/schema\\\/logo\\\/image\\\/\",\"url\":\"https:\\\/\\\/store.microbiotech.dz\\\/wp-content\\\/uploads\\\/2021\\\/09\\\/cropped-logo-microbiotech-2.jpg\",\"contentUrl\":\"https:\\\/\\\/store.microbiotech.dz\\\/wp-content\\\/uploads\\\/2021\\\/09\\\/cropped-logo-microbiotech-2.jpg\",\"width\":815,\"height\":586,\"caption\":\"Microbiotech EURL\"},\"image\":{\"@id\":\"https:\\\/\\\/store.microbiotech.dz\\\/#\\\/schema\\\/logo\\\/image\\\/\"},\"sameAs\":[\"https:\\\/\\\/www.facebook.com\\\/MicroBiotech.dz\",\"https:\\\/\\\/x.com\\\/MicrobiotechD\",\"https:\\\/\\\/www.linkedin.com\\\/in\\\/microbiotech\\\/\",\"https:\\\/\\\/www.youtube.com\\\/channel\\\/UCTxc3VIiX7LXD2LQYfZEcDg\"]}]}<\/script>\n<!-- \/ Yoast SEO plugin. -->","yoast_head_json":{"title":"Filtre de conteneur pour st\u00e9rilisation et syst\u00e8me de verrouillage La Boutique en ligne","description":"Ce Filtre de conteneur pour st\u00e9rilisation et syst\u00e8me de verrouillage r\u00e9pond aux exigences des environnements m\u00e9dicaux et hospitaliers.","robots":{"index":"index","follow":"follow","max-snippet":"max-snippet:-1","max-image-preview":"max-image-preview:large","max-video-preview":"max-video-preview:-1"},"canonical":"https:\/\/store.microbiotech.dz\/index.php\/produit\/filtre-de-conteneur-pour-sterilisation-et-systeme-de-verrouillage\/","og_locale":"fr_FR","og_type":"article","og_title":"Filtre de conteneur pour st\u00e9rilisation et syst\u00e8me de verrouillage La Boutique en ligne","og_description":"Ce Filtre de conteneur pour st\u00e9rilisation et syst\u00e8me de verrouillage r\u00e9pond aux exigences des environnements m\u00e9dicaux et hospitaliers.","og_url":"https:\/\/store.microbiotech.dz\/index.php\/produit\/filtre-de-conteneur-pour-sterilisation-et-systeme-de-verrouillage\/","og_site_name":"La Boutique en ligne","article_publisher":"https:\/\/www.facebook.com\/MicroBiotech.dz","article_modified_time":"2026-04-16T12:05:23+00:00","og_image":[{"width":600,"height":600,"url":"https:\/\/store.microbiotech.dz\/wp-content\/uploads\/2026\/04\/ceci-nest-pas-une-image-reelle-10.webp","type":"image\/webp"}],"twitter_card":"summary_large_image","twitter_site":"@MicrobiotechD","twitter_misc":{"Dur\u00e9e de lecture estim\u00e9e":"1 minute"},"schema":{"@context":"https:\/\/schema.org","@graph":[{"@type":"WebPage","@id":"https:\/\/store.microbiotech.dz\/index.php\/produit\/filtre-de-conteneur-pour-sterilisation-et-systeme-de-verrouillage\/","url":"https:\/\/store.microbiotech.dz\/index.php\/produit\/filtre-de-conteneur-pour-sterilisation-et-systeme-de-verrouillage\/","name":"Filtre de conteneur pour st\u00e9rilisation et syst\u00e8me de verrouillage La Boutique en ligne","isPartOf":{"@id":"https:\/\/store.microbiotech.dz\/#website"},"primaryImageOfPage":{"@id":"https:\/\/store.microbiotech.dz\/index.php\/produit\/filtre-de-conteneur-pour-sterilisation-et-systeme-de-verrouillage\/#primaryimage"},"image":{"@id":"https:\/\/store.microbiotech.dz\/index.php\/produit\/filtre-de-conteneur-pour-sterilisation-et-systeme-de-verrouillage\/#primaryimage"},"thumbnailUrl":"https:\/\/store.microbiotech.dz\/wp-content\/uploads\/2026\/04\/ceci-nest-pas-une-image-reelle-10.webp","datePublished":"2026-04-16T11:56:09+00:00","dateModified":"2026-04-16T12:05:23+00:00","description":"Ce Filtre de conteneur pour st\u00e9rilisation et syst\u00e8me de verrouillage r\u00e9pond aux exigences des environnements m\u00e9dicaux et hospitaliers.","breadcrumb":{"@id":"https:\/\/store.microbiotech.dz\/index.php\/produit\/filtre-de-conteneur-pour-sterilisation-et-systeme-de-verrouillage\/#breadcrumb"},"inLanguage":"fr-FR","potentialAction":[{"@type":"ReadAction","target":["https:\/\/store.microbiotech.dz\/index.php\/produit\/filtre-de-conteneur-pour-sterilisation-et-systeme-de-verrouillage\/"]}]},{"@type":"ImageObject","inLanguage":"fr-FR","@id":"https:\/\/store.microbiotech.dz\/index.php\/produit\/filtre-de-conteneur-pour-sterilisation-et-systeme-de-verrouillage\/#primaryimage","url":"https:\/\/store.microbiotech.dz\/wp-content\/uploads\/2026\/04\/ceci-nest-pas-une-image-reelle-10.webp","contentUrl":"https:\/\/store.microbiotech.dz\/wp-content\/uploads\/2026\/04\/ceci-nest-pas-une-image-reelle-10.webp","width":600,"height":600,"caption":"Filtre de conteneur pour st\u00e9rilisation et syst\u00e8me de verrouillage"},{"@type":"BreadcrumbList","@id":"https:\/\/store.microbiotech.dz\/index.php\/produit\/filtre-de-conteneur-pour-sterilisation-et-systeme-de-verrouillage\/#breadcrumb","itemListElement":[{"@type":"ListItem","position":1,"name":"Accueil","item":"https:\/\/store.microbiotech.dz\/"},{"@type":"ListItem","position":2,"name":"Nos Produits","item":"https:\/\/store.microbiotech.dz\/index.php\/nos-produits\/"},{"@type":"ListItem","position":3,"name":"Filtre de conteneur pour st\u00e9rilisation et syst\u00e8me de verrouillage"}]},{"@type":"WebSite","@id":"https:\/\/store.microbiotech.dz\/#website","url":"https:\/\/store.microbiotech.dz\/","name":"La Boutique en ligne","description":"Qualit\u00e9 - Rapidit\u00e9 - Tranquillit\u00e9","publisher":{"@id":"https:\/\/store.microbiotech.dz\/#organization"},"potentialAction":[{"@type":"SearchAction","target":{"@type":"EntryPoint","urlTemplate":"https:\/\/store.microbiotech.dz\/?s={search_term_string}"},"query-input":{"@type":"PropertyValueSpecification","valueRequired":true,"valueName":"search_term_string"}}],"inLanguage":"fr-FR"},{"@type":"Organization","@id":"https:\/\/store.microbiotech.dz\/#organization","name":"Microbiotech EURL","url":"https:\/\/store.microbiotech.dz\/","logo":{"@type":"ImageObject","inLanguage":"fr-FR","@id":"https:\/\/store.microbiotech.dz\/#\/schema\/logo\/image\/","url":"https:\/\/store.microbiotech.dz\/wp-content\/uploads\/2021\/09\/cropped-logo-microbiotech-2.jpg","contentUrl":"https:\/\/store.microbiotech.dz\/wp-content\/uploads\/2021\/09\/cropped-logo-microbiotech-2.jpg","width":815,"height":586,"caption":"Microbiotech EURL"},"image":{"@id":"https:\/\/store.microbiotech.dz\/#\/schema\/logo\/image\/"},"sameAs":["https:\/\/www.facebook.com\/MicroBiotech.dz","https:\/\/x.com\/MicrobiotechD","https:\/\/www.linkedin.com\/in\/microbiotech\/","https:\/\/www.youtube.com\/channel\/UCTxc3VIiX7LXD2LQYfZEcDg"]}]}},"jetpack_sharing_enabled":true,"_links":{"self":[{"href":"https:\/\/store.microbiotech.dz\/index.php\/wp-json\/wp\/v2\/product\/20724","targetHints":{"allow":["GET"]}}],"collection":[{"href":"https:\/\/store.microbiotech.dz\/index.php\/wp-json\/wp\/v2\/product"}],"about":[{"href":"https:\/\/store.microbiotech.dz\/index.php\/wp-json\/wp\/v2\/types\/product"}],"replies":[{"embeddable":true,"href":"https:\/\/store.microbiotech.dz\/index.php\/wp-json\/wp\/v2\/comments?post=20724"}],"wp:featuredmedia":[{"embeddable":true,"href":"https:\/\/store.microbiotech.dz\/index.php\/wp-json\/wp\/v2\/media\/20727"}],"wp:attachment":[{"href":"https:\/\/store.microbiotech.dz\/index.php\/wp-json\/wp\/v2\/media?parent=20724"}],"wp:term":[{"taxonomy":"product_brand","embeddable":true,"href":"https:\/\/store.microbiotech.dz\/index.php\/wp-json\/wp\/v2\/product_brand?post=20724"},{"taxonomy":"product_cat","embeddable":true,"href":"https:\/\/store.microbiotech.dz\/index.php\/wp-json\/wp\/v2\/product_cat?post=20724"},{"taxonomy":"product_tag","embeddable":true,"href":"https:\/\/store.microbiotech.dz\/index.php\/wp-json\/wp\/v2\/product_tag?post=20724"}],"curies":[{"name":"wp","href":"https:\/\/api.w.org\/{rel}","templated":true}]}}