{"id":2063,"date":"2022-06-02T11:20:23","date_gmt":"2022-06-02T10:20:23","guid":{"rendered":"https:\/\/store.microbiotech.dz\/?post_type=product&#038;p=2063"},"modified":"2026-04-23T11:32:37","modified_gmt":"2026-04-23T10:32:37","slug":"gelose-au-sangbase-500g-tm-media","status":"publish","type":"product","link":"https:\/\/store.microbiotech.dz\/index.php\/produit\/gelose-au-sangbase-500g-tm-media\/","title":{"rendered":"G\u00e9lose au Sang(Base) 500g TM MEDIA"},"content":{"rendered":"<p>La g\u00e9lose au sang (BA pour Blood Agar) est un milieu non s\u00e9lectif enrichi utilis\u00e9 pour la culture des bact\u00e9ries ou des microorganismes qui ne se d\u00e9veloppent pas facilement.\u00a0Ces bact\u00e9ries sont dites \u00ab\u00a0fastidieuses\u00a0\u00bb car elles exigent un environnement nutritionnel sp\u00e9cial et enrichi par rapport aux bact\u00e9ries courantes. La g\u00e9lose au sang est utilis\u00e9e pour cultiver un large \u00e9ventail d\u2019agents pathog\u00e8nes, en particulier ceux qui sont plus difficiles \u00e0 cultiver, comme les esp\u00e8ces Haemophilus influenzae, Streptococcus pneumoniae et Neisseria. Il est \u00e9galement n\u00e9cessaire pour d\u00e9tecter et diff\u00e9rencier les bact\u00e9ries h\u00e9molytiques, en particulier les esp\u00e8ces de Streptococcus. C\u2019est aussi un milieu diff\u00e9rentiel qui permet de d\u00e9tecter l\u2019h\u00e9molyse (destruction des globules rouges) par les toxines cytolytiques s\u00e9cr\u00e9t\u00e9es par certaines bact\u00e9ries, comme certaines souches de Bacillus, Streptococcus, Enterococcus, Staphylococcus et Aerococcus.<\/p>\n","protected":false},"excerpt":{"rendered":"<p>Marque:\u00a0<strong>TM MEDIA\u00a0<img loading=\"lazy\" decoding=\"async\" class=\"alignnone wp-image-2010\" src=\"https:\/\/store.microbiotech.dz\/wp-content\/uploads\/2022\/05\/India-Flag-300x289.jpg\" alt=\"\" width=\"36\" height=\"35\" srcset=\"https:\/\/store.microbiotech.dz\/wp-content\/uploads\/2022\/05\/India-Flag-300x300.jpg 300w, https:\/\/store.microbiotech.dz\/wp-content\/uploads\/2022\/05\/India-Flag-150x150.jpg 150w, https:\/\/store.microbiotech.dz\/wp-content\/uploads\/2022\/05\/India-Flag-100x100.jpg 100w, https:\/\/store.microbiotech.dz\/wp-content\/uploads\/2022\/05\/India-Flag.jpg 450w\" sizes=\"auto, (max-width: 36px) 100vw, 36px\" \/><\/strong><\/p>\n<p>Date de p\u00e9remption:\u00a0<strong>08-2029<\/strong><\/p>\n<p><a href=\"https:\/\/store.microbiotech.dz\/wp-content\/uploads\/2022\/06\/blood-fiche-technique.pdf\">Fiche technique<\/a><\/p>\n","protected":false},"featured_media":2005,"comment_status":"open","ping_status":"closed","template":"","meta":{"site-sidebar-layout":"default","site-content-layout":"default","ast-site-content-layout":"default","site-content-style":"default","site-sidebar-style":"default","ast-global-header-display":"","ast-banner-title-visibility":"","ast-main-header-display":"","ast-hfb-above-header-display":"","ast-hfb-below-header-display":"","ast-hfb-mobile-header-display":"","site-post-title":"","ast-breadcrumbs-content":"","ast-featured-img":"","footer-sml-layout":"","ast-disable-related-posts":"","theme-transparent-header-meta":"default","adv-header-id-meta":"","stick-header-meta":"","header-above-stick-meta":"","header-main-stick-meta":"","header-below-stick-meta":"","astra-migrate-meta-layouts":"set","ast-page-background-enabled":"default","ast-page-background-meta":{"desktop":{"background-color":"var(--ast-global-color-4)","background-image":"","background-repeat":"repeat","background-position":"center center","background-size":"auto","background-attachment":"scroll","background-type":"","background-media":"","overlay-type":"","overlay-color":"","overlay-opacity":"","overlay-gradient":""},"tablet":{"background-color":"","background-image":"","background-repeat":"repeat","background-position":"center center","background-size":"auto","background-attachment":"scroll","background-type":"","background-media":"","overlay-type":"","overlay-color":"","overlay-opacity":"","overlay-gradient":""},"mobile":{"background-color":"","background-image":"","background-repeat":"repeat","background-position":"center center","background-size":"auto","background-attachment":"scroll","background-type":"","background-media":"","overlay-type":"","overlay-color":"","overlay-opacity":"","overlay-gradient":""}},"ast-content-background-meta":{"desktop":{"background-color":"var(--ast-global-color-5)","background-image":"","background-repeat":"repeat","background-position":"center center","background-size":"auto","background-attachment":"scroll","background-type":"","background-media":"","overlay-type":"","overlay-color":"","overlay-opacity":"","overlay-gradient":""},"tablet":{"background-color":"var(--ast-global-color-5)","background-image":"","background-repeat":"repeat","background-position":"center center","background-size":"auto","background-attachment":"scroll","background-type":"","background-media":"","overlay-type":"","overlay-color":"","overlay-opacity":"","overlay-gradient":""},"mobile":{"background-color":"var(--ast-global-color-5)","background-image":"","background-repeat":"repeat","background-position":"center center","background-size":"auto","background-attachment":"scroll","background-type":"","background-media":"","overlay-type":"","overlay-color":"","overlay-opacity":"","overlay-gradient":""}},"jetpack_post_was_ever_published":false},"product_brand":[],"product_cat":[28,79,26],"product_tag":[754,577,726,214,696,755,719,718,727],"class_list":{"0":"post-2063","1":"product","2":"type-product","3":"status-publish","4":"has-post-thumbnail","6":"product_cat-geloses","7":"product_cat-deshydrate","8":"product_cat-milieux-de-cultures","9":"product_tag-bgs","10":"product_tag-f01","11":"product_tag-f81","12":"product_tag-gelose-au-sang","13":"product_tag-milieux-deshydrates","14":"product_tag-neisseria","15":"product_tag-staphylococcus","16":"product_tag-streptococcus","17":"product_tag-tm-media","18":"desktop-align-center","19":"tablet-align-left","20":"mobile-align-left","22":"first","23":"instock","24":"taxable","25":"shipping-taxable","26":"purchasable","27":"product-type-simple"},"yoast_head":"<!-- This site is optimized with the Yoast SEO plugin v27.4 - https:\/\/yoast.com\/product\/yoast-seo-wordpress\/ -->\n<title>G\u00e9lose au Sang(Base) 500g TM MEDIA - La Boutique en ligne<\/title>\n<meta name=\"description\" content=\"La g\u00e9lose au sang (BA pour Blood Agar) est un milieu non s\u00e9lectif enrichi utilis\u00e9 pour la culture des bact\u00e9ries ou des microorganismes qui ne se d\u00e9veloppent pas facilement.\u00a0Ces bact\u00e9ries sont dites \u00ab\u00a0fastidieuses\u00a0\u00bb car elles exigent un environnement nutritionnel sp\u00e9cial et enrichi par rapport aux bact\u00e9ries courantes. La g\u00e9lose au sang est utilis\u00e9e pour cultiver un large \u00e9ventail d\u2019agents pathog\u00e8nes, en particulier ceux qui sont plus difficiles \u00e0 cultiver, comme les esp\u00e8ces Haemophilus influenzae, Streptococcus pneumoniae et Neisseria. Il est \u00e9galement n\u00e9cessaire pour d\u00e9tecter et diff\u00e9rencier les bact\u00e9ries h\u00e9molytiques, en particulier les esp\u00e8ces de Streptococcus. C\u2019est aussi un milieu diff\u00e9rentiel qui permet de d\u00e9tecter l\u2019h\u00e9molyse (destruction des globules rouges) par les toxines cytolytiques s\u00e9cr\u00e9t\u00e9es par certaines bact\u00e9ries, comme certaines souches de Bacillus, Streptococcus, Enterococcus, Staphylococcus et Aerococcus.\" \/>\n<meta name=\"robots\" content=\"index, follow, max-snippet:-1, max-image-preview:large, max-video-preview:-1\" \/>\n<link rel=\"canonical\" href=\"https:\/\/store.microbiotech.dz\/index.php\/produit\/gelose-au-sangbase-500g-tm-media\/\" \/>\n<meta property=\"og:locale\" content=\"fr_FR\" \/>\n<meta property=\"og:type\" content=\"article\" \/>\n<meta property=\"og:title\" content=\"G\u00e9lose au Sang(Base) 500g TM MEDIA - La Boutique en ligne\" \/>\n<meta property=\"og:description\" content=\"La g\u00e9lose au sang (BA pour Blood Agar) est un milieu non s\u00e9lectif enrichi utilis\u00e9 pour la culture des bact\u00e9ries ou des microorganismes qui ne se d\u00e9veloppent pas facilement.\u00a0Ces bact\u00e9ries sont dites \u00ab\u00a0fastidieuses\u00a0\u00bb car elles exigent un environnement nutritionnel sp\u00e9cial et enrichi par rapport aux bact\u00e9ries courantes. La g\u00e9lose au sang est utilis\u00e9e pour cultiver un large \u00e9ventail d\u2019agents pathog\u00e8nes, en particulier ceux qui sont plus difficiles \u00e0 cultiver, comme les esp\u00e8ces Haemophilus influenzae, Streptococcus pneumoniae et Neisseria. Il est \u00e9galement n\u00e9cessaire pour d\u00e9tecter et diff\u00e9rencier les bact\u00e9ries h\u00e9molytiques, en particulier les esp\u00e8ces de Streptococcus. C\u2019est aussi un milieu diff\u00e9rentiel qui permet de d\u00e9tecter l\u2019h\u00e9molyse (destruction des globules rouges) par les toxines cytolytiques s\u00e9cr\u00e9t\u00e9es par certaines bact\u00e9ries, comme certaines souches de Bacillus, Streptococcus, Enterococcus, Staphylococcus et Aerococcus.\" \/>\n<meta property=\"og:url\" content=\"https:\/\/store.microbiotech.dz\/index.php\/produit\/gelose-au-sangbase-500g-tm-media\/\" \/>\n<meta property=\"og:site_name\" content=\"La Boutique en ligne\" \/>\n<meta property=\"article:publisher\" content=\"https:\/\/www.facebook.com\/MicroBiotech.dz\" \/>\n<meta property=\"article:modified_time\" content=\"2026-04-23T10:32:37+00:00\" \/>\n<meta property=\"og:image\" content=\"https:\/\/store.microbiotech.dz\/wp-content\/uploads\/2022\/05\/TM-MEDIA-ICONE.jpg\" \/>\n\t<meta property=\"og:image:width\" content=\"600\" \/>\n\t<meta property=\"og:image:height\" content=\"600\" \/>\n\t<meta property=\"og:image:type\" content=\"image\/jpeg\" \/>\n<meta name=\"twitter:card\" content=\"summary_large_image\" \/>\n<meta name=\"twitter:site\" content=\"@MicrobiotechD\" \/>\n<meta name=\"twitter:label1\" content=\"Dur\u00e9e de lecture estim\u00e9e\" \/>\n\t<meta name=\"twitter:data1\" content=\"1 minute\" \/>\n<script type=\"application\/ld+json\" class=\"yoast-schema-graph\">{\"@context\":\"https:\\\/\\\/schema.org\",\"@graph\":[{\"@type\":\"WebPage\",\"@id\":\"https:\\\/\\\/store.microbiotech.dz\\\/index.php\\\/produit\\\/gelose-au-sangbase-500g-tm-media\\\/\",\"url\":\"https:\\\/\\\/store.microbiotech.dz\\\/index.php\\\/produit\\\/gelose-au-sangbase-500g-tm-media\\\/\",\"name\":\"G\u00e9lose au Sang(Base) 500g TM MEDIA - La Boutique en ligne\",\"isPartOf\":{\"@id\":\"https:\\\/\\\/store.microbiotech.dz\\\/#website\"},\"primaryImageOfPage\":{\"@id\":\"https:\\\/\\\/store.microbiotech.dz\\\/index.php\\\/produit\\\/gelose-au-sangbase-500g-tm-media\\\/#primaryimage\"},\"image\":{\"@id\":\"https:\\\/\\\/store.microbiotech.dz\\\/index.php\\\/produit\\\/gelose-au-sangbase-500g-tm-media\\\/#primaryimage\"},\"thumbnailUrl\":\"https:\\\/\\\/store.microbiotech.dz\\\/wp-content\\\/uploads\\\/2022\\\/05\\\/TM-MEDIA-ICONE.jpg\",\"datePublished\":\"2022-06-02T10:20:23+00:00\",\"dateModified\":\"2026-04-23T10:32:37+00:00\",\"description\":\"La g\u00e9lose au sang (BA pour Blood Agar) est un milieu non s\u00e9lectif enrichi utilis\u00e9 pour la culture des bact\u00e9ries ou des microorganismes qui ne se d\u00e9veloppent pas facilement.\u00a0Ces bact\u00e9ries sont dites \u00ab\u00a0fastidieuses\u00a0\u00bb car elles exigent un environnement nutritionnel sp\u00e9cial et enrichi par rapport aux bact\u00e9ries courantes. La g\u00e9lose au sang est utilis\u00e9e pour cultiver un large \u00e9ventail d\u2019agents pathog\u00e8nes, en particulier ceux qui sont plus difficiles \u00e0 cultiver, comme les esp\u00e8ces Haemophilus influenzae, Streptococcus pneumoniae et Neisseria. Il est \u00e9galement n\u00e9cessaire pour d\u00e9tecter et diff\u00e9rencier les bact\u00e9ries h\u00e9molytiques, en particulier les esp\u00e8ces de Streptococcus. C\u2019est aussi un milieu diff\u00e9rentiel qui permet de d\u00e9tecter l\u2019h\u00e9molyse (destruction des globules rouges) par les toxines cytolytiques s\u00e9cr\u00e9t\u00e9es par certaines bact\u00e9ries, comme certaines souches de Bacillus, Streptococcus, Enterococcus, Staphylococcus et Aerococcus.\",\"breadcrumb\":{\"@id\":\"https:\\\/\\\/store.microbiotech.dz\\\/index.php\\\/produit\\\/gelose-au-sangbase-500g-tm-media\\\/#breadcrumb\"},\"inLanguage\":\"fr-FR\",\"potentialAction\":[{\"@type\":\"ReadAction\",\"target\":[\"https:\\\/\\\/store.microbiotech.dz\\\/index.php\\\/produit\\\/gelose-au-sangbase-500g-tm-media\\\/\"]}]},{\"@type\":\"ImageObject\",\"inLanguage\":\"fr-FR\",\"@id\":\"https:\\\/\\\/store.microbiotech.dz\\\/index.php\\\/produit\\\/gelose-au-sangbase-500g-tm-media\\\/#primaryimage\",\"url\":\"https:\\\/\\\/store.microbiotech.dz\\\/wp-content\\\/uploads\\\/2022\\\/05\\\/TM-MEDIA-ICONE.jpg\",\"contentUrl\":\"https:\\\/\\\/store.microbiotech.dz\\\/wp-content\\\/uploads\\\/2022\\\/05\\\/TM-MEDIA-ICONE.jpg\",\"width\":600,\"height\":600,\"caption\":\"G\u00e9lose Nutritive 500g TM MEDIA\"},{\"@type\":\"BreadcrumbList\",\"@id\":\"https:\\\/\\\/store.microbiotech.dz\\\/index.php\\\/produit\\\/gelose-au-sangbase-500g-tm-media\\\/#breadcrumb\",\"itemListElement\":[{\"@type\":\"ListItem\",\"position\":1,\"name\":\"Accueil\",\"item\":\"https:\\\/\\\/store.microbiotech.dz\\\/\"},{\"@type\":\"ListItem\",\"position\":2,\"name\":\"Nos Produits\",\"item\":\"https:\\\/\\\/store.microbiotech.dz\\\/index.php\\\/nos-produits\\\/\"},{\"@type\":\"ListItem\",\"position\":3,\"name\":\"G\u00e9lose au Sang(Base) 500g TM MEDIA\"}]},{\"@type\":\"WebSite\",\"@id\":\"https:\\\/\\\/store.microbiotech.dz\\\/#website\",\"url\":\"https:\\\/\\\/store.microbiotech.dz\\\/\",\"name\":\"La Boutique en ligne\",\"description\":\"Qualit\u00e9 - Rapidit\u00e9 - Tranquillit\u00e9\",\"publisher\":{\"@id\":\"https:\\\/\\\/store.microbiotech.dz\\\/#organization\"},\"potentialAction\":[{\"@type\":\"SearchAction\",\"target\":{\"@type\":\"EntryPoint\",\"urlTemplate\":\"https:\\\/\\\/store.microbiotech.dz\\\/?s={search_term_string}\"},\"query-input\":{\"@type\":\"PropertyValueSpecification\",\"valueRequired\":true,\"valueName\":\"search_term_string\"}}],\"inLanguage\":\"fr-FR\"},{\"@type\":\"Organization\",\"@id\":\"https:\\\/\\\/store.microbiotech.dz\\\/#organization\",\"name\":\"Microbiotech EURL\",\"url\":\"https:\\\/\\\/store.microbiotech.dz\\\/\",\"logo\":{\"@type\":\"ImageObject\",\"inLanguage\":\"fr-FR\",\"@id\":\"https:\\\/\\\/store.microbiotech.dz\\\/#\\\/schema\\\/logo\\\/image\\\/\",\"url\":\"https:\\\/\\\/store.microbiotech.dz\\\/wp-content\\\/uploads\\\/2021\\\/09\\\/cropped-logo-microbiotech-2.jpg\",\"contentUrl\":\"https:\\\/\\\/store.microbiotech.dz\\\/wp-content\\\/uploads\\\/2021\\\/09\\\/cropped-logo-microbiotech-2.jpg\",\"width\":815,\"height\":586,\"caption\":\"Microbiotech EURL\"},\"image\":{\"@id\":\"https:\\\/\\\/store.microbiotech.dz\\\/#\\\/schema\\\/logo\\\/image\\\/\"},\"sameAs\":[\"https:\\\/\\\/www.facebook.com\\\/MicroBiotech.dz\",\"https:\\\/\\\/x.com\\\/MicrobiotechD\",\"https:\\\/\\\/www.linkedin.com\\\/in\\\/microbiotech\\\/\",\"https:\\\/\\\/www.youtube.com\\\/channel\\\/UCTxc3VIiX7LXD2LQYfZEcDg\"]}]}<\/script>\n<!-- \/ Yoast SEO plugin. -->","yoast_head_json":{"title":"G\u00e9lose au Sang(Base) 500g TM MEDIA - La Boutique en ligne","description":"La g\u00e9lose au sang (BA pour Blood Agar) est un milieu non s\u00e9lectif enrichi utilis\u00e9 pour la culture des bact\u00e9ries ou des microorganismes qui ne se d\u00e9veloppent pas facilement.\u00a0Ces bact\u00e9ries sont dites \u00ab\u00a0fastidieuses\u00a0\u00bb car elles exigent un environnement nutritionnel sp\u00e9cial et enrichi par rapport aux bact\u00e9ries courantes. La g\u00e9lose au sang est utilis\u00e9e pour cultiver un large \u00e9ventail d\u2019agents pathog\u00e8nes, en particulier ceux qui sont plus difficiles \u00e0 cultiver, comme les esp\u00e8ces Haemophilus influenzae, Streptococcus pneumoniae et Neisseria. Il est \u00e9galement n\u00e9cessaire pour d\u00e9tecter et diff\u00e9rencier les bact\u00e9ries h\u00e9molytiques, en particulier les esp\u00e8ces de Streptococcus. C\u2019est aussi un milieu diff\u00e9rentiel qui permet de d\u00e9tecter l\u2019h\u00e9molyse (destruction des globules rouges) par les toxines cytolytiques s\u00e9cr\u00e9t\u00e9es par certaines bact\u00e9ries, comme certaines souches de Bacillus, Streptococcus, Enterococcus, Staphylococcus et Aerococcus.","robots":{"index":"index","follow":"follow","max-snippet":"max-snippet:-1","max-image-preview":"max-image-preview:large","max-video-preview":"max-video-preview:-1"},"canonical":"https:\/\/store.microbiotech.dz\/index.php\/produit\/gelose-au-sangbase-500g-tm-media\/","og_locale":"fr_FR","og_type":"article","og_title":"G\u00e9lose au Sang(Base) 500g TM MEDIA - La Boutique en ligne","og_description":"La g\u00e9lose au sang (BA pour Blood Agar) est un milieu non s\u00e9lectif enrichi utilis\u00e9 pour la culture des bact\u00e9ries ou des microorganismes qui ne se d\u00e9veloppent pas facilement.\u00a0Ces bact\u00e9ries sont dites \u00ab\u00a0fastidieuses\u00a0\u00bb car elles exigent un environnement nutritionnel sp\u00e9cial et enrichi par rapport aux bact\u00e9ries courantes. La g\u00e9lose au sang est utilis\u00e9e pour cultiver un large \u00e9ventail d\u2019agents pathog\u00e8nes, en particulier ceux qui sont plus difficiles \u00e0 cultiver, comme les esp\u00e8ces Haemophilus influenzae, Streptococcus pneumoniae et Neisseria. Il est \u00e9galement n\u00e9cessaire pour d\u00e9tecter et diff\u00e9rencier les bact\u00e9ries h\u00e9molytiques, en particulier les esp\u00e8ces de Streptococcus. C\u2019est aussi un milieu diff\u00e9rentiel qui permet de d\u00e9tecter l\u2019h\u00e9molyse (destruction des globules rouges) par les toxines cytolytiques s\u00e9cr\u00e9t\u00e9es par certaines bact\u00e9ries, comme certaines souches de Bacillus, Streptococcus, Enterococcus, Staphylococcus et Aerococcus.","og_url":"https:\/\/store.microbiotech.dz\/index.php\/produit\/gelose-au-sangbase-500g-tm-media\/","og_site_name":"La Boutique en ligne","article_publisher":"https:\/\/www.facebook.com\/MicroBiotech.dz","article_modified_time":"2026-04-23T10:32:37+00:00","og_image":[{"width":600,"height":600,"url":"https:\/\/store.microbiotech.dz\/wp-content\/uploads\/2022\/05\/TM-MEDIA-ICONE.jpg","type":"image\/jpeg"}],"twitter_card":"summary_large_image","twitter_site":"@MicrobiotechD","twitter_misc":{"Dur\u00e9e de lecture estim\u00e9e":"1 minute"},"schema":{"@context":"https:\/\/schema.org","@graph":[{"@type":"WebPage","@id":"https:\/\/store.microbiotech.dz\/index.php\/produit\/gelose-au-sangbase-500g-tm-media\/","url":"https:\/\/store.microbiotech.dz\/index.php\/produit\/gelose-au-sangbase-500g-tm-media\/","name":"G\u00e9lose au Sang(Base) 500g TM MEDIA - La Boutique en ligne","isPartOf":{"@id":"https:\/\/store.microbiotech.dz\/#website"},"primaryImageOfPage":{"@id":"https:\/\/store.microbiotech.dz\/index.php\/produit\/gelose-au-sangbase-500g-tm-media\/#primaryimage"},"image":{"@id":"https:\/\/store.microbiotech.dz\/index.php\/produit\/gelose-au-sangbase-500g-tm-media\/#primaryimage"},"thumbnailUrl":"https:\/\/store.microbiotech.dz\/wp-content\/uploads\/2022\/05\/TM-MEDIA-ICONE.jpg","datePublished":"2022-06-02T10:20:23+00:00","dateModified":"2026-04-23T10:32:37+00:00","description":"La g\u00e9lose au sang (BA pour Blood Agar) est un milieu non s\u00e9lectif enrichi utilis\u00e9 pour la culture des bact\u00e9ries ou des microorganismes qui ne se d\u00e9veloppent pas facilement.\u00a0Ces bact\u00e9ries sont dites \u00ab\u00a0fastidieuses\u00a0\u00bb car elles exigent un environnement nutritionnel sp\u00e9cial et enrichi par rapport aux bact\u00e9ries courantes. La g\u00e9lose au sang est utilis\u00e9e pour cultiver un large \u00e9ventail d\u2019agents pathog\u00e8nes, en particulier ceux qui sont plus difficiles \u00e0 cultiver, comme les esp\u00e8ces Haemophilus influenzae, Streptococcus pneumoniae et Neisseria. Il est \u00e9galement n\u00e9cessaire pour d\u00e9tecter et diff\u00e9rencier les bact\u00e9ries h\u00e9molytiques, en particulier les esp\u00e8ces de Streptococcus. C\u2019est aussi un milieu diff\u00e9rentiel qui permet de d\u00e9tecter l\u2019h\u00e9molyse (destruction des globules rouges) par les toxines cytolytiques s\u00e9cr\u00e9t\u00e9es par certaines bact\u00e9ries, comme certaines souches de Bacillus, Streptococcus, Enterococcus, Staphylococcus et Aerococcus.","breadcrumb":{"@id":"https:\/\/store.microbiotech.dz\/index.php\/produit\/gelose-au-sangbase-500g-tm-media\/#breadcrumb"},"inLanguage":"fr-FR","potentialAction":[{"@type":"ReadAction","target":["https:\/\/store.microbiotech.dz\/index.php\/produit\/gelose-au-sangbase-500g-tm-media\/"]}]},{"@type":"ImageObject","inLanguage":"fr-FR","@id":"https:\/\/store.microbiotech.dz\/index.php\/produit\/gelose-au-sangbase-500g-tm-media\/#primaryimage","url":"https:\/\/store.microbiotech.dz\/wp-content\/uploads\/2022\/05\/TM-MEDIA-ICONE.jpg","contentUrl":"https:\/\/store.microbiotech.dz\/wp-content\/uploads\/2022\/05\/TM-MEDIA-ICONE.jpg","width":600,"height":600,"caption":"G\u00e9lose Nutritive 500g TM MEDIA"},{"@type":"BreadcrumbList","@id":"https:\/\/store.microbiotech.dz\/index.php\/produit\/gelose-au-sangbase-500g-tm-media\/#breadcrumb","itemListElement":[{"@type":"ListItem","position":1,"name":"Accueil","item":"https:\/\/store.microbiotech.dz\/"},{"@type":"ListItem","position":2,"name":"Nos Produits","item":"https:\/\/store.microbiotech.dz\/index.php\/nos-produits\/"},{"@type":"ListItem","position":3,"name":"G\u00e9lose au Sang(Base) 500g TM MEDIA"}]},{"@type":"WebSite","@id":"https:\/\/store.microbiotech.dz\/#website","url":"https:\/\/store.microbiotech.dz\/","name":"La Boutique en ligne","description":"Qualit\u00e9 - Rapidit\u00e9 - Tranquillit\u00e9","publisher":{"@id":"https:\/\/store.microbiotech.dz\/#organization"},"potentialAction":[{"@type":"SearchAction","target":{"@type":"EntryPoint","urlTemplate":"https:\/\/store.microbiotech.dz\/?s={search_term_string}"},"query-input":{"@type":"PropertyValueSpecification","valueRequired":true,"valueName":"search_term_string"}}],"inLanguage":"fr-FR"},{"@type":"Organization","@id":"https:\/\/store.microbiotech.dz\/#organization","name":"Microbiotech EURL","url":"https:\/\/store.microbiotech.dz\/","logo":{"@type":"ImageObject","inLanguage":"fr-FR","@id":"https:\/\/store.microbiotech.dz\/#\/schema\/logo\/image\/","url":"https:\/\/store.microbiotech.dz\/wp-content\/uploads\/2021\/09\/cropped-logo-microbiotech-2.jpg","contentUrl":"https:\/\/store.microbiotech.dz\/wp-content\/uploads\/2021\/09\/cropped-logo-microbiotech-2.jpg","width":815,"height":586,"caption":"Microbiotech EURL"},"image":{"@id":"https:\/\/store.microbiotech.dz\/#\/schema\/logo\/image\/"},"sameAs":["https:\/\/www.facebook.com\/MicroBiotech.dz","https:\/\/x.com\/MicrobiotechD","https:\/\/www.linkedin.com\/in\/microbiotech\/","https:\/\/www.youtube.com\/channel\/UCTxc3VIiX7LXD2LQYfZEcDg"]}]}},"jetpack_sharing_enabled":true,"_links":{"self":[{"href":"https:\/\/store.microbiotech.dz\/index.php\/wp-json\/wp\/v2\/product\/2063","targetHints":{"allow":["GET"]}}],"collection":[{"href":"https:\/\/store.microbiotech.dz\/index.php\/wp-json\/wp\/v2\/product"}],"about":[{"href":"https:\/\/store.microbiotech.dz\/index.php\/wp-json\/wp\/v2\/types\/product"}],"replies":[{"embeddable":true,"href":"https:\/\/store.microbiotech.dz\/index.php\/wp-json\/wp\/v2\/comments?post=2063"}],"wp:featuredmedia":[{"embeddable":true,"href":"https:\/\/store.microbiotech.dz\/index.php\/wp-json\/wp\/v2\/media\/2005"}],"wp:attachment":[{"href":"https:\/\/store.microbiotech.dz\/index.php\/wp-json\/wp\/v2\/media?parent=2063"}],"wp:term":[{"taxonomy":"product_brand","embeddable":true,"href":"https:\/\/store.microbiotech.dz\/index.php\/wp-json\/wp\/v2\/product_brand?post=2063"},{"taxonomy":"product_cat","embeddable":true,"href":"https:\/\/store.microbiotech.dz\/index.php\/wp-json\/wp\/v2\/product_cat?post=2063"},{"taxonomy":"product_tag","embeddable":true,"href":"https:\/\/store.microbiotech.dz\/index.php\/wp-json\/wp\/v2\/product_tag?post=2063"}],"curies":[{"name":"wp","href":"https:\/\/api.w.org\/{rel}","templated":true}]}}