{"id":2060,"date":"2022-06-02T10:58:37","date_gmt":"2022-06-02T09:58:37","guid":{"rendered":"https:\/\/store.microbiotech.dz\/?post_type=product&#038;p=2060"},"modified":"2025-05-05T14:23:34","modified_gmt":"2025-05-05T13:23:34","slug":"gelose-au-sang-base-bgs-180ml","status":"publish","type":"product","link":"https:\/\/store.microbiotech.dz\/index.php\/produit\/gelose-au-sang-base-bgs-180ml\/","title":{"rendered":"G\u00e9lose au Sang Base (BGS) 180ml"},"content":{"rendered":"<p>La g\u00e9lose au sang (BA pour Blood Agar) est un milieu non s\u00e9lectif enrichi utilis\u00e9 pour la culture des bact\u00e9ries ou des microorganismes qui ne se d\u00e9veloppent pas facilement.\u00a0Ces bact\u00e9ries sont dites \u00ab\u00a0fastidieuses\u00a0\u00bb car elles exigent un environnement nutritionnel sp\u00e9cial et enrichi par rapport aux bact\u00e9ries courantes. La g\u00e9lose au sang est utilis\u00e9e pour cultiver un large \u00e9ventail d&rsquo;agents pathog\u00e8nes, en particulier ceux qui sont plus difficiles \u00e0 cultiver, comme les esp\u00e8ces Haemophilus influenzae, Streptococcus pneumoniae et Neisseria. Il est \u00e9galement n\u00e9cessaire pour d\u00e9tecter et diff\u00e9rencier les bact\u00e9ries h\u00e9molytiques, en particulier les esp\u00e8ces de Streptococcus. C&rsquo;est aussi un milieu diff\u00e9rentiel qui permet de d\u00e9tecter l&rsquo;h\u00e9molyse (destruction des globules rouges) par les toxines cytolytiques s\u00e9cr\u00e9t\u00e9es par certaines bact\u00e9ries, comme certaines souches de Bacillus, Streptococcus, Enterococcus, Staphylococcus et Aerococcus.<\/p>\n","protected":false},"excerpt":{"rendered":"<h6><span style=\"color: #ff0000;\"><strong>P\u00e9remption : 1 an apr\u00e8s fabrication<\/strong><\/span><\/h6>\n<h6><\/h6>\n<h6><span style=\"color: #ff0000;\">Important :<\/span>\u00a0Volume 180ml disponible temporairement dans des flacons ambr\u00e9s (marron)<\/h6>\n<p>&nbsp;<\/p>\n<p>Marque:\u00a0<strong>Microbiotech<\/strong>\u00a0<img loading=\"lazy\" decoding=\"async\" class=\"alignnone wp-image-2080\" src=\"https:\/\/store.microbiotech.dz\/wp-content\/uploads\/2022\/06\/algeria-flag-300x225.png\" alt=\"\" width=\"61\" height=\"46\" srcset=\"https:\/\/store.microbiotech.dz\/wp-content\/uploads\/2022\/06\/algeria-flag-300x225.png 300w, https:\/\/store.microbiotech.dz\/wp-content\/uploads\/2022\/06\/algeria-flag-600x450.png 600w, https:\/\/store.microbiotech.dz\/wp-content\/uploads\/2022\/06\/algeria-flag.png 640w\" sizes=\"auto, (max-width: 61px) 100vw, 61px\" \/><\/p>\n<p><strong><span style=\"color: #ff0000;\">Important !<\/span> :\u00a0<\/strong><strong>La quantit\u00e9 minimum de vente (L\u2019unit\u00e9 de vente) est de un fardeau de 6 Flacons.<\/strong><\/p>\n<p>\u2013 Volume 180 ml<br \/>\n\u2013 Produit certifi\u00e9\u00a0(Certificat \u00e0 la demande)<br \/>\n\u2013 Mati\u00e8re premi\u00e8re (fiche technique) :<\/p>\n<ul>\n<li><a href=\"https:\/\/www.merckmillipore.com\/Web-INTL-Site\/fr_FR\/-\/USD\/ShowDocument-File?ProductSKU=MDA_CHEM-103879&amp;DocumentId=\/deepweb\/assets\/sigmaaldrich\/product\/documents\/253\/849\/103879dat-mk.pdf&amp;DocumentUID=357961915&amp;DocumentType=DS&amp;Language=EN&amp;Country=NF&amp;Origin=PDP\">Merck R\u00e9f: 103879500 <\/a>ou\u00a0<a href=\"https:\/\/www.condalab.com\/int\/en\/index.php?controller=attachment&amp;id_attachment=18954\">CONDA R\u00e9f: 1108.00<\/a><\/li>\n<li><a href=\"https:\/\/store.microbiotech.dz\/wp-content\/uploads\/2021\/12\/Fiche-technique-Eau-type2.pdf\">Eau de type 2 (Conductivit\u00e9&lt; 1 \u00b5S\/cm, COT&lt; 30 ppb, Bact\u00e9rie&lt; 10ufc\/ml, Particules&lt; 1u\/ml, Pyrog\u00e8nes&lt; 0.001EU\/ml)<\/a><\/li>\n<\/ul>\n<p>\u2013 Emballage :<\/p>\n<ul>\n<li>Flacon en verre sodocalcique<\/li>\n<li>Capsule en aluminium avec opercule en PP et un anneau d\u2019inviolabilit\u00e9<\/li>\n<li>\u00c9tiquette en PP imprim\u00e9 en r\u00e9sine<\/li>\n<li>fardeau de 6 flacons \/ carton de 6 fardeaux<\/li>\n<\/ul>\n","protected":false},"featured_media":1939,"comment_status":"open","ping_status":"closed","template":"","meta":{"site-sidebar-layout":"default","site-content-layout":"default","ast-site-content-layout":"default","site-content-style":"default","site-sidebar-style":"default","ast-global-header-display":"","ast-banner-title-visibility":"","ast-main-header-display":"","ast-hfb-above-header-display":"","ast-hfb-below-header-display":"","ast-hfb-mobile-header-display":"","site-post-title":"","ast-breadcrumbs-content":"","ast-featured-img":"","footer-sml-layout":"","ast-disable-related-posts":"","theme-transparent-header-meta":"default","adv-header-id-meta":"","stick-header-meta":"","header-above-stick-meta":"","header-main-stick-meta":"","header-below-stick-meta":"","astra-migrate-meta-layouts":"set","ast-page-background-enabled":"default","ast-page-background-meta":{"desktop":{"background-color":"var(--ast-global-color-4)","background-image":"","background-repeat":"repeat","background-position":"center center","background-size":"auto","background-attachment":"scroll","background-type":"","background-media":"","overlay-type":"","overlay-color":"","overlay-opacity":"","overlay-gradient":""},"tablet":{"background-color":"","background-image":"","background-repeat":"repeat","background-position":"center center","background-size":"auto","background-attachment":"scroll","background-type":"","background-media":"","overlay-type":"","overlay-color":"","overlay-opacity":"","overlay-gradient":""},"mobile":{"background-color":"","background-image":"","background-repeat":"repeat","background-position":"center center","background-size":"auto","background-attachment":"scroll","background-type":"","background-media":"","overlay-type":"","overlay-color":"","overlay-opacity":"","overlay-gradient":""}},"ast-content-background-meta":{"desktop":{"background-color":"var(--ast-global-color-5)","background-image":"","background-repeat":"repeat","background-position":"center center","background-size":"auto","background-attachment":"scroll","background-type":"","background-media":"","overlay-type":"","overlay-color":"","overlay-opacity":"","overlay-gradient":""},"tablet":{"background-color":"var(--ast-global-color-5)","background-image":"","background-repeat":"repeat","background-position":"center center","background-size":"auto","background-attachment":"scroll","background-type":"","background-media":"","overlay-type":"","overlay-color":"","overlay-opacity":"","overlay-gradient":""},"mobile":{"background-color":"var(--ast-global-color-5)","background-image":"","background-repeat":"repeat","background-position":"center center","background-size":"auto","background-attachment":"scroll","background-type":"","background-media":"","overlay-type":"","overlay-color":"","overlay-opacity":"","overlay-gradient":""}},"jetpack_post_was_ever_published":false},"product_brand":[],"product_cat":[28,80,26],"product_tag":[754,214,364,708],"class_list":{"0":"post-2060","1":"product","2":"type-product","3":"status-publish","4":"has-post-thumbnail","6":"product_cat-geloses","7":"product_cat-gelose-hydrates","8":"product_cat-milieux-de-cultures","9":"product_tag-bgs","10":"product_tag-gelose-au-sang","11":"product_tag-microbiotech","12":"product_tag-prete-a-lemploi","13":"desktop-align-center","14":"tablet-align-left","15":"mobile-align-left","17":"first","18":"onbackorder","19":"taxable","20":"shipping-taxable","21":"purchasable","22":"product-type-simple"},"yoast_head":"<!-- This site is optimized with the Yoast SEO plugin v27.4 - https:\/\/yoast.com\/product\/yoast-seo-wordpress\/ -->\n<title>G\u00e9lose au Sang Base (BGS) 180ml La Boutique en ligne<\/title>\n<meta name=\"description\" content=\"La g\u00e9lose au sang (BA pour Blood Agar) est un milieu non s\u00e9lectif enrichi utilis\u00e9 pour la culture des bact\u00e9ries ou des microorganismes qui ne se d\u00e9veloppent pas facilement.\u00a0Ces bact\u00e9ries sont dites &quot;fastidieuses&quot; car elles exigent un environnement nutritionnel sp\u00e9cial et enrichi par rapport aux bact\u00e9ries courantes. La g\u00e9lose au sang est utilis\u00e9e pour cultiver un large \u00e9ventail d&#039;agents pathog\u00e8nes, en particulier ceux qui sont plus difficiles \u00e0 cultiver, comme les esp\u00e8ces Haemophilus influenzae, Streptococcus pneumoniae et Neisseria. Il est \u00e9galement n\u00e9cessaire pour d\u00e9tecter et diff\u00e9rencier les bact\u00e9ries h\u00e9molytiques, en particulier les esp\u00e8ces de Streptococcus. C&#039;est aussi un milieu diff\u00e9rentiel qui permet de d\u00e9tecter l&#039;h\u00e9molyse (destruction des globules rouges) par les toxines cytolytiques s\u00e9cr\u00e9t\u00e9es par certaines bact\u00e9ries, comme certaines souches de Bacillus, Streptococcus, Enterococcus, Staphylococcus et Aerococcus.\" \/>\n<meta name=\"robots\" content=\"index, follow, max-snippet:-1, max-image-preview:large, max-video-preview:-1\" \/>\n<link rel=\"canonical\" href=\"https:\/\/store.microbiotech.dz\/index.php\/produit\/gelose-au-sang-base-bgs-180ml\/\" \/>\n<meta property=\"og:locale\" content=\"fr_FR\" \/>\n<meta property=\"og:type\" content=\"article\" \/>\n<meta property=\"og:title\" content=\"G\u00e9lose au Sang Base (BGS) 180ml La Boutique en ligne\" \/>\n<meta property=\"og:description\" content=\"La g\u00e9lose au sang (BA pour Blood Agar) est un milieu non s\u00e9lectif enrichi utilis\u00e9 pour la culture des bact\u00e9ries ou des microorganismes qui ne se d\u00e9veloppent pas facilement.\u00a0Ces bact\u00e9ries sont dites &quot;fastidieuses&quot; car elles exigent un environnement nutritionnel sp\u00e9cial et enrichi par rapport aux bact\u00e9ries courantes. La g\u00e9lose au sang est utilis\u00e9e pour cultiver un large \u00e9ventail d&#039;agents pathog\u00e8nes, en particulier ceux qui sont plus difficiles \u00e0 cultiver, comme les esp\u00e8ces Haemophilus influenzae, Streptococcus pneumoniae et Neisseria. Il est \u00e9galement n\u00e9cessaire pour d\u00e9tecter et diff\u00e9rencier les bact\u00e9ries h\u00e9molytiques, en particulier les esp\u00e8ces de Streptococcus. C&#039;est aussi un milieu diff\u00e9rentiel qui permet de d\u00e9tecter l&#039;h\u00e9molyse (destruction des globules rouges) par les toxines cytolytiques s\u00e9cr\u00e9t\u00e9es par certaines bact\u00e9ries, comme certaines souches de Bacillus, Streptococcus, Enterococcus, Staphylococcus et Aerococcus.\" \/>\n<meta property=\"og:url\" content=\"https:\/\/store.microbiotech.dz\/index.php\/produit\/gelose-au-sang-base-bgs-180ml\/\" \/>\n<meta property=\"og:site_name\" content=\"La Boutique en ligne\" \/>\n<meta property=\"article:publisher\" content=\"https:\/\/www.facebook.com\/MicroBiotech.dz\" \/>\n<meta property=\"article:modified_time\" content=\"2025-05-05T13:23:34+00:00\" \/>\n<meta property=\"og:image\" content=\"https:\/\/store.microbiotech.dz\/wp-content\/uploads\/2022\/05\/Geloses-hydratees-logo.jpg\" \/>\n\t<meta property=\"og:image:width\" content=\"600\" \/>\n\t<meta property=\"og:image:height\" content=\"600\" \/>\n\t<meta property=\"og:image:type\" content=\"image\/jpeg\" \/>\n<meta name=\"twitter:card\" content=\"summary_large_image\" \/>\n<meta name=\"twitter:site\" content=\"@MicrobiotechD\" \/>\n<meta name=\"twitter:label1\" content=\"Dur\u00e9e de lecture estim\u00e9e\" \/>\n\t<meta name=\"twitter:data1\" content=\"1 minute\" \/>\n<script type=\"application\/ld+json\" class=\"yoast-schema-graph\">{\"@context\":\"https:\\\/\\\/schema.org\",\"@graph\":[{\"@type\":\"WebPage\",\"@id\":\"https:\\\/\\\/store.microbiotech.dz\\\/index.php\\\/produit\\\/gelose-au-sang-base-bgs-180ml\\\/\",\"url\":\"https:\\\/\\\/store.microbiotech.dz\\\/index.php\\\/produit\\\/gelose-au-sang-base-bgs-180ml\\\/\",\"name\":\"G\u00e9lose au Sang Base (BGS) 180ml La Boutique en ligne\",\"isPartOf\":{\"@id\":\"https:\\\/\\\/store.microbiotech.dz\\\/#website\"},\"primaryImageOfPage\":{\"@id\":\"https:\\\/\\\/store.microbiotech.dz\\\/index.php\\\/produit\\\/gelose-au-sang-base-bgs-180ml\\\/#primaryimage\"},\"image\":{\"@id\":\"https:\\\/\\\/store.microbiotech.dz\\\/index.php\\\/produit\\\/gelose-au-sang-base-bgs-180ml\\\/#primaryimage\"},\"thumbnailUrl\":\"https:\\\/\\\/store.microbiotech.dz\\\/wp-content\\\/uploads\\\/2022\\\/05\\\/Geloses-hydratees-logo.jpg\",\"datePublished\":\"2022-06-02T09:58:37+00:00\",\"dateModified\":\"2025-05-05T13:23:34+00:00\",\"description\":\"La g\u00e9lose au sang (BA pour Blood Agar) est un milieu non s\u00e9lectif enrichi utilis\u00e9 pour la culture des bact\u00e9ries ou des microorganismes qui ne se d\u00e9veloppent pas facilement.\u00a0Ces bact\u00e9ries sont dites \\\"fastidieuses\\\" car elles exigent un environnement nutritionnel sp\u00e9cial et enrichi par rapport aux bact\u00e9ries courantes. La g\u00e9lose au sang est utilis\u00e9e pour cultiver un large \u00e9ventail d'agents pathog\u00e8nes, en particulier ceux qui sont plus difficiles \u00e0 cultiver, comme les esp\u00e8ces Haemophilus influenzae, Streptococcus pneumoniae et Neisseria. Il est \u00e9galement n\u00e9cessaire pour d\u00e9tecter et diff\u00e9rencier les bact\u00e9ries h\u00e9molytiques, en particulier les esp\u00e8ces de Streptococcus. C'est aussi un milieu diff\u00e9rentiel qui permet de d\u00e9tecter l'h\u00e9molyse (destruction des globules rouges) par les toxines cytolytiques s\u00e9cr\u00e9t\u00e9es par certaines bact\u00e9ries, comme certaines souches de Bacillus, Streptococcus, Enterococcus, Staphylococcus et Aerococcus.\",\"breadcrumb\":{\"@id\":\"https:\\\/\\\/store.microbiotech.dz\\\/index.php\\\/produit\\\/gelose-au-sang-base-bgs-180ml\\\/#breadcrumb\"},\"inLanguage\":\"fr-FR\",\"potentialAction\":[{\"@type\":\"ReadAction\",\"target\":[\"https:\\\/\\\/store.microbiotech.dz\\\/index.php\\\/produit\\\/gelose-au-sang-base-bgs-180ml\\\/\"]}]},{\"@type\":\"ImageObject\",\"inLanguage\":\"fr-FR\",\"@id\":\"https:\\\/\\\/store.microbiotech.dz\\\/index.php\\\/produit\\\/gelose-au-sang-base-bgs-180ml\\\/#primaryimage\",\"url\":\"https:\\\/\\\/store.microbiotech.dz\\\/wp-content\\\/uploads\\\/2022\\\/05\\\/Geloses-hydratees-logo.jpg\",\"contentUrl\":\"https:\\\/\\\/store.microbiotech.dz\\\/wp-content\\\/uploads\\\/2022\\\/05\\\/Geloses-hydratees-logo.jpg\",\"width\":600,\"height\":600,\"caption\":\"Bouillon \u00e0 l'ac\u00e9tamide\"},{\"@type\":\"BreadcrumbList\",\"@id\":\"https:\\\/\\\/store.microbiotech.dz\\\/index.php\\\/produit\\\/gelose-au-sang-base-bgs-180ml\\\/#breadcrumb\",\"itemListElement\":[{\"@type\":\"ListItem\",\"position\":1,\"name\":\"Accueil\",\"item\":\"https:\\\/\\\/store.microbiotech.dz\\\/\"},{\"@type\":\"ListItem\",\"position\":2,\"name\":\"Nos Produits\",\"item\":\"https:\\\/\\\/store.microbiotech.dz\\\/index.php\\\/nos-produits\\\/\"},{\"@type\":\"ListItem\",\"position\":3,\"name\":\"G\u00e9lose au Sang Base (BGS) 180ml\"}]},{\"@type\":\"WebSite\",\"@id\":\"https:\\\/\\\/store.microbiotech.dz\\\/#website\",\"url\":\"https:\\\/\\\/store.microbiotech.dz\\\/\",\"name\":\"La Boutique en ligne\",\"description\":\"Qualit\u00e9 - Rapidit\u00e9 - Tranquillit\u00e9\",\"publisher\":{\"@id\":\"https:\\\/\\\/store.microbiotech.dz\\\/#organization\"},\"potentialAction\":[{\"@type\":\"SearchAction\",\"target\":{\"@type\":\"EntryPoint\",\"urlTemplate\":\"https:\\\/\\\/store.microbiotech.dz\\\/?s={search_term_string}\"},\"query-input\":{\"@type\":\"PropertyValueSpecification\",\"valueRequired\":true,\"valueName\":\"search_term_string\"}}],\"inLanguage\":\"fr-FR\"},{\"@type\":\"Organization\",\"@id\":\"https:\\\/\\\/store.microbiotech.dz\\\/#organization\",\"name\":\"Microbiotech EURL\",\"url\":\"https:\\\/\\\/store.microbiotech.dz\\\/\",\"logo\":{\"@type\":\"ImageObject\",\"inLanguage\":\"fr-FR\",\"@id\":\"https:\\\/\\\/store.microbiotech.dz\\\/#\\\/schema\\\/logo\\\/image\\\/\",\"url\":\"https:\\\/\\\/store.microbiotech.dz\\\/wp-content\\\/uploads\\\/2021\\\/09\\\/cropped-logo-microbiotech-2.jpg\",\"contentUrl\":\"https:\\\/\\\/store.microbiotech.dz\\\/wp-content\\\/uploads\\\/2021\\\/09\\\/cropped-logo-microbiotech-2.jpg\",\"width\":815,\"height\":586,\"caption\":\"Microbiotech EURL\"},\"image\":{\"@id\":\"https:\\\/\\\/store.microbiotech.dz\\\/#\\\/schema\\\/logo\\\/image\\\/\"},\"sameAs\":[\"https:\\\/\\\/www.facebook.com\\\/MicroBiotech.dz\",\"https:\\\/\\\/x.com\\\/MicrobiotechD\",\"https:\\\/\\\/www.linkedin.com\\\/in\\\/microbiotech\\\/\",\"https:\\\/\\\/www.youtube.com\\\/channel\\\/UCTxc3VIiX7LXD2LQYfZEcDg\"]}]}<\/script>\n<!-- \/ Yoast SEO plugin. -->","yoast_head_json":{"title":"G\u00e9lose au Sang Base (BGS) 180ml La Boutique en ligne","description":"La g\u00e9lose au sang (BA pour Blood Agar) est un milieu non s\u00e9lectif enrichi utilis\u00e9 pour la culture des bact\u00e9ries ou des microorganismes qui ne se d\u00e9veloppent pas facilement.\u00a0Ces bact\u00e9ries sont dites \"fastidieuses\" car elles exigent un environnement nutritionnel sp\u00e9cial et enrichi par rapport aux bact\u00e9ries courantes. La g\u00e9lose au sang est utilis\u00e9e pour cultiver un large \u00e9ventail d'agents pathog\u00e8nes, en particulier ceux qui sont plus difficiles \u00e0 cultiver, comme les esp\u00e8ces Haemophilus influenzae, Streptococcus pneumoniae et Neisseria. Il est \u00e9galement n\u00e9cessaire pour d\u00e9tecter et diff\u00e9rencier les bact\u00e9ries h\u00e9molytiques, en particulier les esp\u00e8ces de Streptococcus. C'est aussi un milieu diff\u00e9rentiel qui permet de d\u00e9tecter l'h\u00e9molyse (destruction des globules rouges) par les toxines cytolytiques s\u00e9cr\u00e9t\u00e9es par certaines bact\u00e9ries, comme certaines souches de Bacillus, Streptococcus, Enterococcus, Staphylococcus et Aerococcus.","robots":{"index":"index","follow":"follow","max-snippet":"max-snippet:-1","max-image-preview":"max-image-preview:large","max-video-preview":"max-video-preview:-1"},"canonical":"https:\/\/store.microbiotech.dz\/index.php\/produit\/gelose-au-sang-base-bgs-180ml\/","og_locale":"fr_FR","og_type":"article","og_title":"G\u00e9lose au Sang Base (BGS) 180ml La Boutique en ligne","og_description":"La g\u00e9lose au sang (BA pour Blood Agar) est un milieu non s\u00e9lectif enrichi utilis\u00e9 pour la culture des bact\u00e9ries ou des microorganismes qui ne se d\u00e9veloppent pas facilement.\u00a0Ces bact\u00e9ries sont dites \"fastidieuses\" car elles exigent un environnement nutritionnel sp\u00e9cial et enrichi par rapport aux bact\u00e9ries courantes. La g\u00e9lose au sang est utilis\u00e9e pour cultiver un large \u00e9ventail d'agents pathog\u00e8nes, en particulier ceux qui sont plus difficiles \u00e0 cultiver, comme les esp\u00e8ces Haemophilus influenzae, Streptococcus pneumoniae et Neisseria. Il est \u00e9galement n\u00e9cessaire pour d\u00e9tecter et diff\u00e9rencier les bact\u00e9ries h\u00e9molytiques, en particulier les esp\u00e8ces de Streptococcus. C'est aussi un milieu diff\u00e9rentiel qui permet de d\u00e9tecter l'h\u00e9molyse (destruction des globules rouges) par les toxines cytolytiques s\u00e9cr\u00e9t\u00e9es par certaines bact\u00e9ries, comme certaines souches de Bacillus, Streptococcus, Enterococcus, Staphylococcus et Aerococcus.","og_url":"https:\/\/store.microbiotech.dz\/index.php\/produit\/gelose-au-sang-base-bgs-180ml\/","og_site_name":"La Boutique en ligne","article_publisher":"https:\/\/www.facebook.com\/MicroBiotech.dz","article_modified_time":"2025-05-05T13:23:34+00:00","og_image":[{"width":600,"height":600,"url":"https:\/\/store.microbiotech.dz\/wp-content\/uploads\/2022\/05\/Geloses-hydratees-logo.jpg","type":"image\/jpeg"}],"twitter_card":"summary_large_image","twitter_site":"@MicrobiotechD","twitter_misc":{"Dur\u00e9e de lecture estim\u00e9e":"1 minute"},"schema":{"@context":"https:\/\/schema.org","@graph":[{"@type":"WebPage","@id":"https:\/\/store.microbiotech.dz\/index.php\/produit\/gelose-au-sang-base-bgs-180ml\/","url":"https:\/\/store.microbiotech.dz\/index.php\/produit\/gelose-au-sang-base-bgs-180ml\/","name":"G\u00e9lose au Sang Base (BGS) 180ml La Boutique en ligne","isPartOf":{"@id":"https:\/\/store.microbiotech.dz\/#website"},"primaryImageOfPage":{"@id":"https:\/\/store.microbiotech.dz\/index.php\/produit\/gelose-au-sang-base-bgs-180ml\/#primaryimage"},"image":{"@id":"https:\/\/store.microbiotech.dz\/index.php\/produit\/gelose-au-sang-base-bgs-180ml\/#primaryimage"},"thumbnailUrl":"https:\/\/store.microbiotech.dz\/wp-content\/uploads\/2022\/05\/Geloses-hydratees-logo.jpg","datePublished":"2022-06-02T09:58:37+00:00","dateModified":"2025-05-05T13:23:34+00:00","description":"La g\u00e9lose au sang (BA pour Blood Agar) est un milieu non s\u00e9lectif enrichi utilis\u00e9 pour la culture des bact\u00e9ries ou des microorganismes qui ne se d\u00e9veloppent pas facilement.\u00a0Ces bact\u00e9ries sont dites \"fastidieuses\" car elles exigent un environnement nutritionnel sp\u00e9cial et enrichi par rapport aux bact\u00e9ries courantes. La g\u00e9lose au sang est utilis\u00e9e pour cultiver un large \u00e9ventail d'agents pathog\u00e8nes, en particulier ceux qui sont plus difficiles \u00e0 cultiver, comme les esp\u00e8ces Haemophilus influenzae, Streptococcus pneumoniae et Neisseria. Il est \u00e9galement n\u00e9cessaire pour d\u00e9tecter et diff\u00e9rencier les bact\u00e9ries h\u00e9molytiques, en particulier les esp\u00e8ces de Streptococcus. C'est aussi un milieu diff\u00e9rentiel qui permet de d\u00e9tecter l'h\u00e9molyse (destruction des globules rouges) par les toxines cytolytiques s\u00e9cr\u00e9t\u00e9es par certaines bact\u00e9ries, comme certaines souches de Bacillus, Streptococcus, Enterococcus, Staphylococcus et Aerococcus.","breadcrumb":{"@id":"https:\/\/store.microbiotech.dz\/index.php\/produit\/gelose-au-sang-base-bgs-180ml\/#breadcrumb"},"inLanguage":"fr-FR","potentialAction":[{"@type":"ReadAction","target":["https:\/\/store.microbiotech.dz\/index.php\/produit\/gelose-au-sang-base-bgs-180ml\/"]}]},{"@type":"ImageObject","inLanguage":"fr-FR","@id":"https:\/\/store.microbiotech.dz\/index.php\/produit\/gelose-au-sang-base-bgs-180ml\/#primaryimage","url":"https:\/\/store.microbiotech.dz\/wp-content\/uploads\/2022\/05\/Geloses-hydratees-logo.jpg","contentUrl":"https:\/\/store.microbiotech.dz\/wp-content\/uploads\/2022\/05\/Geloses-hydratees-logo.jpg","width":600,"height":600,"caption":"Bouillon \u00e0 l'ac\u00e9tamide"},{"@type":"BreadcrumbList","@id":"https:\/\/store.microbiotech.dz\/index.php\/produit\/gelose-au-sang-base-bgs-180ml\/#breadcrumb","itemListElement":[{"@type":"ListItem","position":1,"name":"Accueil","item":"https:\/\/store.microbiotech.dz\/"},{"@type":"ListItem","position":2,"name":"Nos Produits","item":"https:\/\/store.microbiotech.dz\/index.php\/nos-produits\/"},{"@type":"ListItem","position":3,"name":"G\u00e9lose au Sang Base (BGS) 180ml"}]},{"@type":"WebSite","@id":"https:\/\/store.microbiotech.dz\/#website","url":"https:\/\/store.microbiotech.dz\/","name":"La Boutique en ligne","description":"Qualit\u00e9 - Rapidit\u00e9 - Tranquillit\u00e9","publisher":{"@id":"https:\/\/store.microbiotech.dz\/#organization"},"potentialAction":[{"@type":"SearchAction","target":{"@type":"EntryPoint","urlTemplate":"https:\/\/store.microbiotech.dz\/?s={search_term_string}"},"query-input":{"@type":"PropertyValueSpecification","valueRequired":true,"valueName":"search_term_string"}}],"inLanguage":"fr-FR"},{"@type":"Organization","@id":"https:\/\/store.microbiotech.dz\/#organization","name":"Microbiotech EURL","url":"https:\/\/store.microbiotech.dz\/","logo":{"@type":"ImageObject","inLanguage":"fr-FR","@id":"https:\/\/store.microbiotech.dz\/#\/schema\/logo\/image\/","url":"https:\/\/store.microbiotech.dz\/wp-content\/uploads\/2021\/09\/cropped-logo-microbiotech-2.jpg","contentUrl":"https:\/\/store.microbiotech.dz\/wp-content\/uploads\/2021\/09\/cropped-logo-microbiotech-2.jpg","width":815,"height":586,"caption":"Microbiotech EURL"},"image":{"@id":"https:\/\/store.microbiotech.dz\/#\/schema\/logo\/image\/"},"sameAs":["https:\/\/www.facebook.com\/MicroBiotech.dz","https:\/\/x.com\/MicrobiotechD","https:\/\/www.linkedin.com\/in\/microbiotech\/","https:\/\/www.youtube.com\/channel\/UCTxc3VIiX7LXD2LQYfZEcDg"]}]}},"jetpack_sharing_enabled":true,"_links":{"self":[{"href":"https:\/\/store.microbiotech.dz\/index.php\/wp-json\/wp\/v2\/product\/2060","targetHints":{"allow":["GET"]}}],"collection":[{"href":"https:\/\/store.microbiotech.dz\/index.php\/wp-json\/wp\/v2\/product"}],"about":[{"href":"https:\/\/store.microbiotech.dz\/index.php\/wp-json\/wp\/v2\/types\/product"}],"replies":[{"embeddable":true,"href":"https:\/\/store.microbiotech.dz\/index.php\/wp-json\/wp\/v2\/comments?post=2060"}],"wp:featuredmedia":[{"embeddable":true,"href":"https:\/\/store.microbiotech.dz\/index.php\/wp-json\/wp\/v2\/media\/1939"}],"wp:attachment":[{"href":"https:\/\/store.microbiotech.dz\/index.php\/wp-json\/wp\/v2\/media?parent=2060"}],"wp:term":[{"taxonomy":"product_brand","embeddable":true,"href":"https:\/\/store.microbiotech.dz\/index.php\/wp-json\/wp\/v2\/product_brand?post=2060"},{"taxonomy":"product_cat","embeddable":true,"href":"https:\/\/store.microbiotech.dz\/index.php\/wp-json\/wp\/v2\/product_cat?post=2060"},{"taxonomy":"product_tag","embeddable":true,"href":"https:\/\/store.microbiotech.dz\/index.php\/wp-json\/wp\/v2\/product_tag?post=2060"}],"curies":[{"name":"wp","href":"https:\/\/api.w.org\/{rel}","templated":true}]}}