{"id":20554,"date":"2026-04-09T12:32:13","date_gmt":"2026-04-09T11:32:13","guid":{"rendered":"https:\/\/store.microbiotech.dz\/?post_type=product&#038;p=20554"},"modified":"2026-04-09T19:15:26","modified_gmt":"2026-04-09T18:15:26","slug":"refrigerateur-de-voiture-convertible-cristor-glaciere-numerique","status":"publish","type":"product","link":"https:\/\/store.microbiotech.dz\/index.php\/produit\/refrigerateur-de-voiture-convertible-cristor-glaciere-numerique\/","title":{"rendered":"R\u00e9frig\u00e9rateur de voiture convertible &#8211; Glaci\u00e8re num\u00e9rique"},"content":{"rendered":"<p style=\"text-align: left;\"><span style=\"font-size: 16px; font-style: normal; font-weight: 400;\">Le<\/span><span style=\"font-size: 16px; font-style: normal; font-weight: 400;\">\u00a0<\/span>R\u00e9frig\u00e9rateur de voiture convertible &#8211;<a href=\"https:\/\/store.microbiotech.dz\/?s=glaci%C3%A8re\" target=\"_blank\" rel=\"noopener\">\u00a0Glaci\u00e8re <\/a><span style=\"font-size: 16px;\"> num\u00e9rique \u00a0garantit une fra\u00eecheur optimale pendant tous vos d\u00e9placements gr\u00e2ce \u00e0 son syst\u00e8me de refroidissement flexible qui permet de refroidir ou congeler entre -20 \u00b0C et +20 \u00b0C selon vos besoins. Son format compact offre un espace suffisant pour conserver les produits ou les aliments tout en restant facile \u00e0 installer et \u00e0 transporter. <\/span><\/p>\n<p style=\"text-align: left;\"><span style=\"font-size: 16px;\">Il fonctionne aussi bien sur secteur (AC 100-240 V) que sur allume-cigare (DC 12\/24 V), ce qui le rend id\u00e9al pour la voiture, la maison ou le bureau. Son contr\u00f4le num\u00e9rique pr\u00e9cis avec affichage int\u00e9gr\u00e9 facilite le r\u00e9glage de la temp\u00e9rature, tandis que son fonctionnement silencieux assure un confort d\u2019utilisation au quotidien. Robuste, pratique et fiable, ce R\u00e9frig\u00e9rateur de voiture convertible &#8211; Glaci\u00e8re num\u00e9rique accompagne vos trajets en toute s\u00e9r\u00e9nit\u00e9.<br \/>\n<\/span><\/p>\n","protected":false},"excerpt":{"rendered":"<p>&nbsp;<\/p>\n<p>Marque<strong><span style=\"font-size: 16px;\">\u00a0<img loading=\"lazy\" decoding=\"async\" class=\"\" src=\"https:\/\/store.microbiotech.dz\/wp-content\/uploads\/2022\/06\/algeria-flag-300x225.png\" width=\"41\" height=\"31\" \/><\/span><\/strong><br \/>\nPlage de temp\u00e9rature : <strong>-20 \u00e0 +20\u00b0C<\/strong><br \/>\nAffichage : <strong>Affichage num\u00e9rique avec thermostat<\/strong><br \/>\nAlimentation \u00e9lectrique : <strong data-start=\"442\" data-end=\"457\">AC 100-240V<\/strong>\u00a0et\u00a0<strong data-start=\"461\" data-end=\"474\">DC 12\/24V<\/strong><br \/>\nVolume : <strong>18L<\/strong><\/p>\n","protected":false},"featured_media":20558,"comment_status":"open","ping_status":"closed","template":"","meta":{"site-sidebar-layout":"default","site-content-layout":"default","ast-site-content-layout":"default","site-content-style":"default","site-sidebar-style":"default","ast-global-header-display":"","ast-banner-title-visibility":"","ast-main-header-display":"","ast-hfb-above-header-display":"","ast-hfb-below-header-display":"","ast-hfb-mobile-header-display":"","site-post-title":"","ast-breadcrumbs-content":"","ast-featured-img":"","footer-sml-layout":"","ast-disable-related-posts":"","theme-transparent-header-meta":"default","adv-header-id-meta":"","stick-header-meta":"","header-above-stick-meta":"","header-main-stick-meta":"","header-below-stick-meta":"","astra-migrate-meta-layouts":"set","ast-page-background-enabled":"default","ast-page-background-meta":{"desktop":{"background-color":"var(--ast-global-color-4)","background-image":"","background-repeat":"repeat","background-position":"center center","background-size":"auto","background-attachment":"scroll","background-type":"","background-media":"","overlay-type":"","overlay-color":"","overlay-opacity":"","overlay-gradient":""},"tablet":{"background-color":"","background-image":"","background-repeat":"repeat","background-position":"center center","background-size":"auto","background-attachment":"scroll","background-type":"","background-media":"","overlay-type":"","overlay-color":"","overlay-opacity":"","overlay-gradient":""},"mobile":{"background-color":"","background-image":"","background-repeat":"repeat","background-position":"center center","background-size":"auto","background-attachment":"scroll","background-type":"","background-media":"","overlay-type":"","overlay-color":"","overlay-opacity":"","overlay-gradient":""}},"ast-content-background-meta":{"desktop":{"background-color":"var(--ast-global-color-5)","background-image":"","background-repeat":"repeat","background-position":"center center","background-size":"auto","background-attachment":"scroll","background-type":"","background-media":"","overlay-type":"","overlay-color":"","overlay-opacity":"","overlay-gradient":""},"tablet":{"background-color":"var(--ast-global-color-5)","background-image":"","background-repeat":"repeat","background-position":"center center","background-size":"auto","background-attachment":"scroll","background-type":"","background-media":"","overlay-type":"","overlay-color":"","overlay-opacity":"","overlay-gradient":""},"mobile":{"background-color":"var(--ast-global-color-5)","background-image":"","background-repeat":"repeat","background-position":"center center","background-size":"auto","background-attachment":"scroll","background-type":"","background-media":"","overlay-type":"","overlay-color":"","overlay-opacity":"","overlay-gradient":""}},"jetpack_post_was_ever_published":false},"product_brand":[],"product_cat":[238],"product_tag":[930,3034,1117,3035,2036],"class_list":{"0":"post-20554","1":"product","2":"type-product","3":"status-publish","4":"has-post-thumbnail","6":"product_cat-equipements","7":"product_tag-f90","8":"product_tag-frigo","9":"product_tag-glaciere","10":"product_tag-glaciere-refrigerateur","11":"product_tag-refrigerateur","12":"product_shipping_class-temperature-ambiante","13":"desktop-align-center","14":"tablet-align-left","15":"mobile-align-left","17":"first","18":"instock","19":"taxable","20":"shipping-taxable","21":"purchasable","22":"product-type-simple"},"yoast_head":"<!-- This site is optimized with the Yoast SEO plugin v27.4 - https:\/\/yoast.com\/product\/yoast-seo-wordpress\/ -->\n<title>R\u00e9frig\u00e9rateur de voiture convertible - Glaci\u00e8re num\u00e9rique - La Boutique en ligne<\/title>\n<meta name=\"description\" content=\"Le R\u00e9frig\u00e9rateur de voiture convertible - Glaci\u00e8re num\u00e9rique est une option id\u00e9ale pour maintenir les temp\u00e9ratures pendant le transport.\" \/>\n<meta name=\"robots\" content=\"index, follow, max-snippet:-1, max-image-preview:large, max-video-preview:-1\" \/>\n<link rel=\"canonical\" href=\"https:\/\/store.microbiotech.dz\/index.php\/produit\/refrigerateur-de-voiture-convertible-cristor-glaciere-numerique\/\" \/>\n<meta property=\"og:locale\" content=\"fr_FR\" \/>\n<meta property=\"og:type\" content=\"article\" \/>\n<meta property=\"og:title\" content=\"R\u00e9frig\u00e9rateur de voiture convertible - Glaci\u00e8re num\u00e9rique - La Boutique en ligne\" \/>\n<meta property=\"og:description\" content=\"Le R\u00e9frig\u00e9rateur de voiture convertible - Glaci\u00e8re num\u00e9rique est une option id\u00e9ale pour maintenir les temp\u00e9ratures pendant le transport.\" \/>\n<meta property=\"og:url\" content=\"https:\/\/store.microbiotech.dz\/index.php\/produit\/refrigerateur-de-voiture-convertible-cristor-glaciere-numerique\/\" \/>\n<meta property=\"og:site_name\" content=\"La Boutique en ligne\" \/>\n<meta property=\"article:publisher\" content=\"https:\/\/www.facebook.com\/MicroBiotech.dz\" \/>\n<meta property=\"article:modified_time\" content=\"2026-04-09T18:15:26+00:00\" \/>\n<meta property=\"og:image\" content=\"https:\/\/store.microbiotech.dz\/wp-content\/uploads\/2026\/04\/Untitled-design-48.webp\" \/>\n\t<meta property=\"og:image:width\" content=\"600\" \/>\n\t<meta property=\"og:image:height\" content=\"600\" \/>\n\t<meta property=\"og:image:type\" content=\"image\/webp\" \/>\n<meta name=\"twitter:card\" content=\"summary_large_image\" \/>\n<meta name=\"twitter:site\" content=\"@MicrobiotechD\" \/>\n<meta name=\"twitter:label1\" content=\"Dur\u00e9e de lecture estim\u00e9e\" \/>\n\t<meta name=\"twitter:data1\" content=\"1 minute\" \/>\n<script type=\"application\/ld+json\" class=\"yoast-schema-graph\">{\"@context\":\"https:\\\/\\\/schema.org\",\"@graph\":[{\"@type\":\"WebPage\",\"@id\":\"https:\\\/\\\/store.microbiotech.dz\\\/index.php\\\/produit\\\/refrigerateur-de-voiture-convertible-cristor-glaciere-numerique\\\/\",\"url\":\"https:\\\/\\\/store.microbiotech.dz\\\/index.php\\\/produit\\\/refrigerateur-de-voiture-convertible-cristor-glaciere-numerique\\\/\",\"name\":\"R\u00e9frig\u00e9rateur de voiture convertible - Glaci\u00e8re num\u00e9rique - La Boutique en ligne\",\"isPartOf\":{\"@id\":\"https:\\\/\\\/store.microbiotech.dz\\\/#website\"},\"primaryImageOfPage\":{\"@id\":\"https:\\\/\\\/store.microbiotech.dz\\\/index.php\\\/produit\\\/refrigerateur-de-voiture-convertible-cristor-glaciere-numerique\\\/#primaryimage\"},\"image\":{\"@id\":\"https:\\\/\\\/store.microbiotech.dz\\\/index.php\\\/produit\\\/refrigerateur-de-voiture-convertible-cristor-glaciere-numerique\\\/#primaryimage\"},\"thumbnailUrl\":\"https:\\\/\\\/store.microbiotech.dz\\\/wp-content\\\/uploads\\\/2026\\\/04\\\/Untitled-design-48.webp\",\"datePublished\":\"2026-04-09T11:32:13+00:00\",\"dateModified\":\"2026-04-09T18:15:26+00:00\",\"description\":\"Le R\u00e9frig\u00e9rateur de voiture convertible - Glaci\u00e8re num\u00e9rique est une option id\u00e9ale pour maintenir les temp\u00e9ratures pendant le transport.\",\"breadcrumb\":{\"@id\":\"https:\\\/\\\/store.microbiotech.dz\\\/index.php\\\/produit\\\/refrigerateur-de-voiture-convertible-cristor-glaciere-numerique\\\/#breadcrumb\"},\"inLanguage\":\"fr-FR\",\"potentialAction\":[{\"@type\":\"ReadAction\",\"target\":[\"https:\\\/\\\/store.microbiotech.dz\\\/index.php\\\/produit\\\/refrigerateur-de-voiture-convertible-cristor-glaciere-numerique\\\/\"]}]},{\"@type\":\"ImageObject\",\"inLanguage\":\"fr-FR\",\"@id\":\"https:\\\/\\\/store.microbiotech.dz\\\/index.php\\\/produit\\\/refrigerateur-de-voiture-convertible-cristor-glaciere-numerique\\\/#primaryimage\",\"url\":\"https:\\\/\\\/store.microbiotech.dz\\\/wp-content\\\/uploads\\\/2026\\\/04\\\/Untitled-design-48.webp\",\"contentUrl\":\"https:\\\/\\\/store.microbiotech.dz\\\/wp-content\\\/uploads\\\/2026\\\/04\\\/Untitled-design-48.webp\",\"width\":600,\"height\":600,\"caption\":\"R\u00e9frig\u00e9rateur de voiture convertible CRISTOR - Glaci\u00e8re num\u00e9rique\"},{\"@type\":\"BreadcrumbList\",\"@id\":\"https:\\\/\\\/store.microbiotech.dz\\\/index.php\\\/produit\\\/refrigerateur-de-voiture-convertible-cristor-glaciere-numerique\\\/#breadcrumb\",\"itemListElement\":[{\"@type\":\"ListItem\",\"position\":1,\"name\":\"Accueil\",\"item\":\"https:\\\/\\\/store.microbiotech.dz\\\/\"},{\"@type\":\"ListItem\",\"position\":2,\"name\":\"Nos Produits\",\"item\":\"https:\\\/\\\/store.microbiotech.dz\\\/index.php\\\/nos-produits\\\/\"},{\"@type\":\"ListItem\",\"position\":3,\"name\":\"R\u00e9frig\u00e9rateur de voiture convertible &#8211; Glaci\u00e8re num\u00e9rique\"}]},{\"@type\":\"WebSite\",\"@id\":\"https:\\\/\\\/store.microbiotech.dz\\\/#website\",\"url\":\"https:\\\/\\\/store.microbiotech.dz\\\/\",\"name\":\"La Boutique en ligne\",\"description\":\"Qualit\u00e9 - Rapidit\u00e9 - Tranquillit\u00e9\",\"publisher\":{\"@id\":\"https:\\\/\\\/store.microbiotech.dz\\\/#organization\"},\"potentialAction\":[{\"@type\":\"SearchAction\",\"target\":{\"@type\":\"EntryPoint\",\"urlTemplate\":\"https:\\\/\\\/store.microbiotech.dz\\\/?s={search_term_string}\"},\"query-input\":{\"@type\":\"PropertyValueSpecification\",\"valueRequired\":true,\"valueName\":\"search_term_string\"}}],\"inLanguage\":\"fr-FR\"},{\"@type\":\"Organization\",\"@id\":\"https:\\\/\\\/store.microbiotech.dz\\\/#organization\",\"name\":\"Microbiotech EURL\",\"url\":\"https:\\\/\\\/store.microbiotech.dz\\\/\",\"logo\":{\"@type\":\"ImageObject\",\"inLanguage\":\"fr-FR\",\"@id\":\"https:\\\/\\\/store.microbiotech.dz\\\/#\\\/schema\\\/logo\\\/image\\\/\",\"url\":\"https:\\\/\\\/store.microbiotech.dz\\\/wp-content\\\/uploads\\\/2021\\\/09\\\/cropped-logo-microbiotech-2.jpg\",\"contentUrl\":\"https:\\\/\\\/store.microbiotech.dz\\\/wp-content\\\/uploads\\\/2021\\\/09\\\/cropped-logo-microbiotech-2.jpg\",\"width\":815,\"height\":586,\"caption\":\"Microbiotech EURL\"},\"image\":{\"@id\":\"https:\\\/\\\/store.microbiotech.dz\\\/#\\\/schema\\\/logo\\\/image\\\/\"},\"sameAs\":[\"https:\\\/\\\/www.facebook.com\\\/MicroBiotech.dz\",\"https:\\\/\\\/x.com\\\/MicrobiotechD\",\"https:\\\/\\\/www.linkedin.com\\\/in\\\/microbiotech\\\/\",\"https:\\\/\\\/www.youtube.com\\\/channel\\\/UCTxc3VIiX7LXD2LQYfZEcDg\"]}]}<\/script>\n<!-- \/ Yoast SEO plugin. -->","yoast_head_json":{"title":"R\u00e9frig\u00e9rateur de voiture convertible - Glaci\u00e8re num\u00e9rique - La Boutique en ligne","description":"Le R\u00e9frig\u00e9rateur de voiture convertible - Glaci\u00e8re num\u00e9rique est une option id\u00e9ale pour maintenir les temp\u00e9ratures pendant le transport.","robots":{"index":"index","follow":"follow","max-snippet":"max-snippet:-1","max-image-preview":"max-image-preview:large","max-video-preview":"max-video-preview:-1"},"canonical":"https:\/\/store.microbiotech.dz\/index.php\/produit\/refrigerateur-de-voiture-convertible-cristor-glaciere-numerique\/","og_locale":"fr_FR","og_type":"article","og_title":"R\u00e9frig\u00e9rateur de voiture convertible - Glaci\u00e8re num\u00e9rique - La Boutique en ligne","og_description":"Le R\u00e9frig\u00e9rateur de voiture convertible - Glaci\u00e8re num\u00e9rique est une option id\u00e9ale pour maintenir les temp\u00e9ratures pendant le transport.","og_url":"https:\/\/store.microbiotech.dz\/index.php\/produit\/refrigerateur-de-voiture-convertible-cristor-glaciere-numerique\/","og_site_name":"La Boutique en ligne","article_publisher":"https:\/\/www.facebook.com\/MicroBiotech.dz","article_modified_time":"2026-04-09T18:15:26+00:00","og_image":[{"width":600,"height":600,"url":"https:\/\/store.microbiotech.dz\/wp-content\/uploads\/2026\/04\/Untitled-design-48.webp","type":"image\/webp"}],"twitter_card":"summary_large_image","twitter_site":"@MicrobiotechD","twitter_misc":{"Dur\u00e9e de lecture estim\u00e9e":"1 minute"},"schema":{"@context":"https:\/\/schema.org","@graph":[{"@type":"WebPage","@id":"https:\/\/store.microbiotech.dz\/index.php\/produit\/refrigerateur-de-voiture-convertible-cristor-glaciere-numerique\/","url":"https:\/\/store.microbiotech.dz\/index.php\/produit\/refrigerateur-de-voiture-convertible-cristor-glaciere-numerique\/","name":"R\u00e9frig\u00e9rateur de voiture convertible - Glaci\u00e8re num\u00e9rique - La Boutique en ligne","isPartOf":{"@id":"https:\/\/store.microbiotech.dz\/#website"},"primaryImageOfPage":{"@id":"https:\/\/store.microbiotech.dz\/index.php\/produit\/refrigerateur-de-voiture-convertible-cristor-glaciere-numerique\/#primaryimage"},"image":{"@id":"https:\/\/store.microbiotech.dz\/index.php\/produit\/refrigerateur-de-voiture-convertible-cristor-glaciere-numerique\/#primaryimage"},"thumbnailUrl":"https:\/\/store.microbiotech.dz\/wp-content\/uploads\/2026\/04\/Untitled-design-48.webp","datePublished":"2026-04-09T11:32:13+00:00","dateModified":"2026-04-09T18:15:26+00:00","description":"Le R\u00e9frig\u00e9rateur de voiture convertible - Glaci\u00e8re num\u00e9rique est une option id\u00e9ale pour maintenir les temp\u00e9ratures pendant le transport.","breadcrumb":{"@id":"https:\/\/store.microbiotech.dz\/index.php\/produit\/refrigerateur-de-voiture-convertible-cristor-glaciere-numerique\/#breadcrumb"},"inLanguage":"fr-FR","potentialAction":[{"@type":"ReadAction","target":["https:\/\/store.microbiotech.dz\/index.php\/produit\/refrigerateur-de-voiture-convertible-cristor-glaciere-numerique\/"]}]},{"@type":"ImageObject","inLanguage":"fr-FR","@id":"https:\/\/store.microbiotech.dz\/index.php\/produit\/refrigerateur-de-voiture-convertible-cristor-glaciere-numerique\/#primaryimage","url":"https:\/\/store.microbiotech.dz\/wp-content\/uploads\/2026\/04\/Untitled-design-48.webp","contentUrl":"https:\/\/store.microbiotech.dz\/wp-content\/uploads\/2026\/04\/Untitled-design-48.webp","width":600,"height":600,"caption":"R\u00e9frig\u00e9rateur de voiture convertible CRISTOR - Glaci\u00e8re num\u00e9rique"},{"@type":"BreadcrumbList","@id":"https:\/\/store.microbiotech.dz\/index.php\/produit\/refrigerateur-de-voiture-convertible-cristor-glaciere-numerique\/#breadcrumb","itemListElement":[{"@type":"ListItem","position":1,"name":"Accueil","item":"https:\/\/store.microbiotech.dz\/"},{"@type":"ListItem","position":2,"name":"Nos Produits","item":"https:\/\/store.microbiotech.dz\/index.php\/nos-produits\/"},{"@type":"ListItem","position":3,"name":"R\u00e9frig\u00e9rateur de voiture convertible &#8211; Glaci\u00e8re num\u00e9rique"}]},{"@type":"WebSite","@id":"https:\/\/store.microbiotech.dz\/#website","url":"https:\/\/store.microbiotech.dz\/","name":"La Boutique en ligne","description":"Qualit\u00e9 - Rapidit\u00e9 - Tranquillit\u00e9","publisher":{"@id":"https:\/\/store.microbiotech.dz\/#organization"},"potentialAction":[{"@type":"SearchAction","target":{"@type":"EntryPoint","urlTemplate":"https:\/\/store.microbiotech.dz\/?s={search_term_string}"},"query-input":{"@type":"PropertyValueSpecification","valueRequired":true,"valueName":"search_term_string"}}],"inLanguage":"fr-FR"},{"@type":"Organization","@id":"https:\/\/store.microbiotech.dz\/#organization","name":"Microbiotech EURL","url":"https:\/\/store.microbiotech.dz\/","logo":{"@type":"ImageObject","inLanguage":"fr-FR","@id":"https:\/\/store.microbiotech.dz\/#\/schema\/logo\/image\/","url":"https:\/\/store.microbiotech.dz\/wp-content\/uploads\/2021\/09\/cropped-logo-microbiotech-2.jpg","contentUrl":"https:\/\/store.microbiotech.dz\/wp-content\/uploads\/2021\/09\/cropped-logo-microbiotech-2.jpg","width":815,"height":586,"caption":"Microbiotech EURL"},"image":{"@id":"https:\/\/store.microbiotech.dz\/#\/schema\/logo\/image\/"},"sameAs":["https:\/\/www.facebook.com\/MicroBiotech.dz","https:\/\/x.com\/MicrobiotechD","https:\/\/www.linkedin.com\/in\/microbiotech\/","https:\/\/www.youtube.com\/channel\/UCTxc3VIiX7LXD2LQYfZEcDg"]}]}},"jetpack_sharing_enabled":true,"_links":{"self":[{"href":"https:\/\/store.microbiotech.dz\/index.php\/wp-json\/wp\/v2\/product\/20554","targetHints":{"allow":["GET"]}}],"collection":[{"href":"https:\/\/store.microbiotech.dz\/index.php\/wp-json\/wp\/v2\/product"}],"about":[{"href":"https:\/\/store.microbiotech.dz\/index.php\/wp-json\/wp\/v2\/types\/product"}],"replies":[{"embeddable":true,"href":"https:\/\/store.microbiotech.dz\/index.php\/wp-json\/wp\/v2\/comments?post=20554"}],"wp:featuredmedia":[{"embeddable":true,"href":"https:\/\/store.microbiotech.dz\/index.php\/wp-json\/wp\/v2\/media\/20558"}],"wp:attachment":[{"href":"https:\/\/store.microbiotech.dz\/index.php\/wp-json\/wp\/v2\/media?parent=20554"}],"wp:term":[{"taxonomy":"product_brand","embeddable":true,"href":"https:\/\/store.microbiotech.dz\/index.php\/wp-json\/wp\/v2\/product_brand?post=20554"},{"taxonomy":"product_cat","embeddable":true,"href":"https:\/\/store.microbiotech.dz\/index.php\/wp-json\/wp\/v2\/product_cat?post=20554"},{"taxonomy":"product_tag","embeddable":true,"href":"https:\/\/store.microbiotech.dz\/index.php\/wp-json\/wp\/v2\/product_tag?post=20554"}],"curies":[{"name":"wp","href":"https:\/\/api.w.org\/{rel}","templated":true}]}}