{"id":2053,"date":"2023-10-22T13:24:30","date_gmt":"2023-10-22T12:24:30","guid":{"rendered":"https:\/\/store.microbiotech.dz\/?post_type=product&#038;p=2053"},"modified":"2025-01-21T12:11:32","modified_gmt":"2025-01-21T11:11:32","slug":"gelose-chromogenique-salmonella-500g-tm-media","status":"publish","type":"product","link":"https:\/\/store.microbiotech.dz\/index.php\/produit\/gelose-chromogenique-salmonella-500g-tm-media\/","title":{"rendered":"G\u00e9lose chromog\u00e9nique Salmonella 500g TM MEDIA"},"content":{"rendered":"<p>La <a href=\"https:\/\/store.microbiotech.dz\/index.php\/categorie-produit\/milieux-de-cultures\/geloses\/\" target=\"_blank\" rel=\"noopener\">G\u00e9lose<\/a> chromog\u00e9nique <em>Salmonella<\/em> 500g <a href=\"https:\/\/www.tmmedia.in\/\" target=\"_blank\" rel=\"noopener\">TM MEDIA<\/a> est un milieu pour l<span style=\"font-size: 16px; font-style: normal; font-weight: 400;\">&lsquo;identification, la diff\u00e9renciation et l&rsquo;<\/span><span style=\"font-size: 16px;\">isolement s\u00e9lectif des esp\u00e8ces <\/span><em style=\"font-size: 16px;\">Salmonella<\/em><span style=\"font-size: 16px;\">\u00a0<\/span><span style=\"font-size: 16px; font-style: normal; font-weight: 400;\">parmi les membres des <em>Enterobacteriaceae <\/em>(en particulier l&rsquo;e<\/span><span style=\"font-size: 16px; font-style: normal; font-weight: 400;\">sp\u00e8ce <em>Proteus<\/em>) <\/span><span style=\"font-size: 16px;\">\u00e0 partir de pr\u00e9l\u00e8vements d\u2019origine humaine (selles, pr\u00e9l\u00e8vements rectaux) et de produits alimentaires selon les normes NF EN ISO 6579 et NF V 08-052.<\/span><\/p>\n","protected":false},"excerpt":{"rendered":"<p>&nbsp;<\/p>\n<p>Marque:\u00a0<strong>TM MEDIA\u00a0<img loading=\"lazy\" decoding=\"async\" class=\"alignnone wp-image-2010\" src=\"https:\/\/store.microbiotech.dz\/wp-content\/uploads\/2022\/05\/India-Flag-300x289.jpg\" alt=\"\" width=\"36\" height=\"35\" srcset=\"https:\/\/store.microbiotech.dz\/wp-content\/uploads\/2022\/05\/India-Flag-300x300.jpg 300w, https:\/\/store.microbiotech.dz\/wp-content\/uploads\/2022\/05\/India-Flag-150x150.jpg 150w, https:\/\/store.microbiotech.dz\/wp-content\/uploads\/2022\/05\/India-Flag-100x100.jpg 100w, https:\/\/store.microbiotech.dz\/wp-content\/uploads\/2022\/05\/India-Flag.jpg 450w\" sizes=\"auto, (max-width: 36px) 100vw, 36px\" \/><\/strong><br \/>\nDate de p\u00e9remption:\u00a0<strong>01-10-2024<\/strong><br \/>\n<a href=\"https:\/\/www.tmmedia.in\/product\/chromogenic-salmonella-agar-modified\/\" target=\"_blank\" rel=\"noopener\">Certificat d\u2019analyse<\/a><br \/>\n<a href=\"https:\/\/store.microbiotech.dz\/wp-content\/uploads\/2022\/06\/chromogenic-salmonella.pdf\">Fiche technique<\/a><\/p>\n","protected":false},"featured_media":6228,"comment_status":"open","ping_status":"closed","template":"","meta":{"site-sidebar-layout":"default","site-content-layout":"default","ast-site-content-layout":"default","site-content-style":"default","site-sidebar-style":"default","ast-global-header-display":"","ast-banner-title-visibility":"","ast-main-header-display":"","ast-hfb-above-header-display":"","ast-hfb-below-header-display":"","ast-hfb-mobile-header-display":"","site-post-title":"","ast-breadcrumbs-content":"","ast-featured-img":"","footer-sml-layout":"","ast-disable-related-posts":"","theme-transparent-header-meta":"default","adv-header-id-meta":"","stick-header-meta":"","header-above-stick-meta":"","header-main-stick-meta":"","header-below-stick-meta":"","astra-migrate-meta-layouts":"set","ast-page-background-enabled":"default","ast-page-background-meta":{"desktop":{"background-color":"var(--ast-global-color-4)","background-image":"","background-repeat":"repeat","background-position":"center center","background-size":"auto","background-attachment":"scroll","background-type":"","background-media":"","overlay-type":"","overlay-color":"","overlay-opacity":"","overlay-gradient":""},"tablet":{"background-color":"","background-image":"","background-repeat":"repeat","background-position":"center center","background-size":"auto","background-attachment":"scroll","background-type":"","background-media":"","overlay-type":"","overlay-color":"","overlay-opacity":"","overlay-gradient":""},"mobile":{"background-color":"","background-image":"","background-repeat":"repeat","background-position":"center center","background-size":"auto","background-attachment":"scroll","background-type":"","background-media":"","overlay-type":"","overlay-color":"","overlay-opacity":"","overlay-gradient":""}},"ast-content-background-meta":{"desktop":{"background-color":"var(--ast-global-color-5)","background-image":"","background-repeat":"repeat","background-position":"center center","background-size":"auto","background-attachment":"scroll","background-type":"","background-media":"","overlay-type":"","overlay-color":"","overlay-opacity":"","overlay-gradient":""},"tablet":{"background-color":"var(--ast-global-color-5)","background-image":"","background-repeat":"repeat","background-position":"center center","background-size":"auto","background-attachment":"scroll","background-type":"","background-media":"","overlay-type":"","overlay-color":"","overlay-opacity":"","overlay-gradient":""},"mobile":{"background-color":"var(--ast-global-color-5)","background-image":"","background-repeat":"repeat","background-position":"center center","background-size":"auto","background-attachment":"scroll","background-type":"","background-media":"","overlay-type":"","overlay-color":"","overlay-opacity":"","overlay-gradient":""}},"jetpack_post_was_ever_published":false},"product_brand":[],"product_cat":[28,79,26],"product_tag":[171,726,748,696,533,727],"class_list":{"0":"post-2053","1":"product","2":"type-product","3":"status-publish","4":"has-post-thumbnail","6":"product_cat-geloses","7":"product_cat-deshydrate","8":"product_cat-milieux-de-cultures","9":"product_tag-chromagar","10":"product_tag-f81","11":"product_tag-gelose-chromogenique-salmonella","12":"product_tag-milieux-deshydrates","13":"product_tag-salmonella","14":"product_tag-tm-media","15":"desktop-align-center","16":"tablet-align-left","17":"mobile-align-left","19":"first","20":"outofstock","21":"sale","22":"taxable","23":"shipping-taxable","24":"purchasable","25":"product-type-simple"},"yoast_head":"<!-- This site is optimized with the Yoast SEO plugin v27.4 - https:\/\/yoast.com\/product\/yoast-seo-wordpress\/ -->\n<title>G\u00e9lose chromog\u00e9nique Salmonella 500g TM MEDIA - La Boutique en ligne<\/title>\n<meta name=\"description\" content=\"La G\u00e9lose chromog\u00e9nique Salmonella 500g TM MEDIA s\u00e9lective destin\u00e9e \u00e0 la recherche des Salmonelles est disponible \u00e0 bon prix.\" \/>\n<meta name=\"robots\" content=\"index, follow, max-snippet:-1, max-image-preview:large, max-video-preview:-1\" \/>\n<link rel=\"canonical\" href=\"https:\/\/store.microbiotech.dz\/index.php\/produit\/gelose-chromogenique-salmonella-500g-tm-media\/\" \/>\n<meta property=\"og:locale\" content=\"fr_FR\" \/>\n<meta property=\"og:type\" content=\"article\" \/>\n<meta property=\"og:title\" content=\"G\u00e9lose chromog\u00e9nique Salmonella 500g TM MEDIA - La Boutique en ligne\" \/>\n<meta property=\"og:description\" content=\"La G\u00e9lose chromog\u00e9nique Salmonella 500g TM MEDIA s\u00e9lective destin\u00e9e \u00e0 la recherche des Salmonelles est disponible \u00e0 bon prix.\" \/>\n<meta property=\"og:url\" content=\"https:\/\/store.microbiotech.dz\/index.php\/produit\/gelose-chromogenique-salmonella-500g-tm-media\/\" \/>\n<meta property=\"og:site_name\" content=\"La Boutique en ligne\" \/>\n<meta property=\"article:publisher\" content=\"https:\/\/www.facebook.com\/MicroBiotech.dz\" \/>\n<meta property=\"article:modified_time\" content=\"2025-01-21T11:11:32+00:00\" \/>\n<meta property=\"og:image\" content=\"https:\/\/store.microbiotech.dz\/wp-content\/uploads\/2022\/06\/chromo-salmonlla.png\" \/>\n\t<meta property=\"og:image:width\" content=\"600\" \/>\n\t<meta property=\"og:image:height\" content=\"600\" \/>\n\t<meta property=\"og:image:type\" content=\"image\/png\" \/>\n<meta name=\"twitter:card\" content=\"summary_large_image\" \/>\n<meta name=\"twitter:site\" content=\"@MicrobiotechD\" \/>\n<meta name=\"twitter:label1\" content=\"Dur\u00e9e de lecture estim\u00e9e\" \/>\n\t<meta name=\"twitter:data1\" content=\"1 minute\" \/>\n<script type=\"application\/ld+json\" class=\"yoast-schema-graph\">{\"@context\":\"https:\\\/\\\/schema.org\",\"@graph\":[{\"@type\":\"WebPage\",\"@id\":\"https:\\\/\\\/store.microbiotech.dz\\\/index.php\\\/produit\\\/gelose-chromogenique-salmonella-500g-tm-media\\\/\",\"url\":\"https:\\\/\\\/store.microbiotech.dz\\\/index.php\\\/produit\\\/gelose-chromogenique-salmonella-500g-tm-media\\\/\",\"name\":\"G\u00e9lose chromog\u00e9nique Salmonella 500g TM MEDIA - La Boutique en ligne\",\"isPartOf\":{\"@id\":\"https:\\\/\\\/store.microbiotech.dz\\\/#website\"},\"primaryImageOfPage\":{\"@id\":\"https:\\\/\\\/store.microbiotech.dz\\\/index.php\\\/produit\\\/gelose-chromogenique-salmonella-500g-tm-media\\\/#primaryimage\"},\"image\":{\"@id\":\"https:\\\/\\\/store.microbiotech.dz\\\/index.php\\\/produit\\\/gelose-chromogenique-salmonella-500g-tm-media\\\/#primaryimage\"},\"thumbnailUrl\":\"https:\\\/\\\/store.microbiotech.dz\\\/wp-content\\\/uploads\\\/2022\\\/06\\\/chromo-salmonlla.png\",\"datePublished\":\"2023-10-22T12:24:30+00:00\",\"dateModified\":\"2025-01-21T11:11:32+00:00\",\"description\":\"La G\u00e9lose chromog\u00e9nique Salmonella 500g TM MEDIA s\u00e9lective destin\u00e9e \u00e0 la recherche des Salmonelles est disponible \u00e0 bon prix.\",\"breadcrumb\":{\"@id\":\"https:\\\/\\\/store.microbiotech.dz\\\/index.php\\\/produit\\\/gelose-chromogenique-salmonella-500g-tm-media\\\/#breadcrumb\"},\"inLanguage\":\"fr-FR\",\"potentialAction\":[{\"@type\":\"ReadAction\",\"target\":[\"https:\\\/\\\/store.microbiotech.dz\\\/index.php\\\/produit\\\/gelose-chromogenique-salmonella-500g-tm-media\\\/\"]}]},{\"@type\":\"ImageObject\",\"inLanguage\":\"fr-FR\",\"@id\":\"https:\\\/\\\/store.microbiotech.dz\\\/index.php\\\/produit\\\/gelose-chromogenique-salmonella-500g-tm-media\\\/#primaryimage\",\"url\":\"https:\\\/\\\/store.microbiotech.dz\\\/wp-content\\\/uploads\\\/2022\\\/06\\\/chromo-salmonlla.png\",\"contentUrl\":\"https:\\\/\\\/store.microbiotech.dz\\\/wp-content\\\/uploads\\\/2022\\\/06\\\/chromo-salmonlla.png\",\"width\":600,\"height\":600,\"caption\":\"G\u00e9lose chromog\u00e9nique Salmonella 500g TM MEDIA\"},{\"@type\":\"BreadcrumbList\",\"@id\":\"https:\\\/\\\/store.microbiotech.dz\\\/index.php\\\/produit\\\/gelose-chromogenique-salmonella-500g-tm-media\\\/#breadcrumb\",\"itemListElement\":[{\"@type\":\"ListItem\",\"position\":1,\"name\":\"Accueil\",\"item\":\"https:\\\/\\\/store.microbiotech.dz\\\/\"},{\"@type\":\"ListItem\",\"position\":2,\"name\":\"Nos Produits\",\"item\":\"https:\\\/\\\/store.microbiotech.dz\\\/index.php\\\/nos-produits\\\/\"},{\"@type\":\"ListItem\",\"position\":3,\"name\":\"G\u00e9lose chromog\u00e9nique Salmonella 500g TM MEDIA\"}]},{\"@type\":\"WebSite\",\"@id\":\"https:\\\/\\\/store.microbiotech.dz\\\/#website\",\"url\":\"https:\\\/\\\/store.microbiotech.dz\\\/\",\"name\":\"La Boutique en ligne\",\"description\":\"Qualit\u00e9 - Rapidit\u00e9 - Tranquillit\u00e9\",\"publisher\":{\"@id\":\"https:\\\/\\\/store.microbiotech.dz\\\/#organization\"},\"potentialAction\":[{\"@type\":\"SearchAction\",\"target\":{\"@type\":\"EntryPoint\",\"urlTemplate\":\"https:\\\/\\\/store.microbiotech.dz\\\/?s={search_term_string}\"},\"query-input\":{\"@type\":\"PropertyValueSpecification\",\"valueRequired\":true,\"valueName\":\"search_term_string\"}}],\"inLanguage\":\"fr-FR\"},{\"@type\":\"Organization\",\"@id\":\"https:\\\/\\\/store.microbiotech.dz\\\/#organization\",\"name\":\"Microbiotech EURL\",\"url\":\"https:\\\/\\\/store.microbiotech.dz\\\/\",\"logo\":{\"@type\":\"ImageObject\",\"inLanguage\":\"fr-FR\",\"@id\":\"https:\\\/\\\/store.microbiotech.dz\\\/#\\\/schema\\\/logo\\\/image\\\/\",\"url\":\"https:\\\/\\\/store.microbiotech.dz\\\/wp-content\\\/uploads\\\/2021\\\/09\\\/cropped-logo-microbiotech-2.jpg\",\"contentUrl\":\"https:\\\/\\\/store.microbiotech.dz\\\/wp-content\\\/uploads\\\/2021\\\/09\\\/cropped-logo-microbiotech-2.jpg\",\"width\":815,\"height\":586,\"caption\":\"Microbiotech EURL\"},\"image\":{\"@id\":\"https:\\\/\\\/store.microbiotech.dz\\\/#\\\/schema\\\/logo\\\/image\\\/\"},\"sameAs\":[\"https:\\\/\\\/www.facebook.com\\\/MicroBiotech.dz\",\"https:\\\/\\\/x.com\\\/MicrobiotechD\",\"https:\\\/\\\/www.linkedin.com\\\/in\\\/microbiotech\\\/\",\"https:\\\/\\\/www.youtube.com\\\/channel\\\/UCTxc3VIiX7LXD2LQYfZEcDg\"]}]}<\/script>\n<!-- \/ Yoast SEO plugin. -->","yoast_head_json":{"title":"G\u00e9lose chromog\u00e9nique Salmonella 500g TM MEDIA - La Boutique en ligne","description":"La G\u00e9lose chromog\u00e9nique Salmonella 500g TM MEDIA s\u00e9lective destin\u00e9e \u00e0 la recherche des Salmonelles est disponible \u00e0 bon prix.","robots":{"index":"index","follow":"follow","max-snippet":"max-snippet:-1","max-image-preview":"max-image-preview:large","max-video-preview":"max-video-preview:-1"},"canonical":"https:\/\/store.microbiotech.dz\/index.php\/produit\/gelose-chromogenique-salmonella-500g-tm-media\/","og_locale":"fr_FR","og_type":"article","og_title":"G\u00e9lose chromog\u00e9nique Salmonella 500g TM MEDIA - La Boutique en ligne","og_description":"La G\u00e9lose chromog\u00e9nique Salmonella 500g TM MEDIA s\u00e9lective destin\u00e9e \u00e0 la recherche des Salmonelles est disponible \u00e0 bon prix.","og_url":"https:\/\/store.microbiotech.dz\/index.php\/produit\/gelose-chromogenique-salmonella-500g-tm-media\/","og_site_name":"La Boutique en ligne","article_publisher":"https:\/\/www.facebook.com\/MicroBiotech.dz","article_modified_time":"2025-01-21T11:11:32+00:00","og_image":[{"width":600,"height":600,"url":"https:\/\/store.microbiotech.dz\/wp-content\/uploads\/2022\/06\/chromo-salmonlla.png","type":"image\/png"}],"twitter_card":"summary_large_image","twitter_site":"@MicrobiotechD","twitter_misc":{"Dur\u00e9e de lecture estim\u00e9e":"1 minute"},"schema":{"@context":"https:\/\/schema.org","@graph":[{"@type":"WebPage","@id":"https:\/\/store.microbiotech.dz\/index.php\/produit\/gelose-chromogenique-salmonella-500g-tm-media\/","url":"https:\/\/store.microbiotech.dz\/index.php\/produit\/gelose-chromogenique-salmonella-500g-tm-media\/","name":"G\u00e9lose chromog\u00e9nique Salmonella 500g TM MEDIA - La Boutique en ligne","isPartOf":{"@id":"https:\/\/store.microbiotech.dz\/#website"},"primaryImageOfPage":{"@id":"https:\/\/store.microbiotech.dz\/index.php\/produit\/gelose-chromogenique-salmonella-500g-tm-media\/#primaryimage"},"image":{"@id":"https:\/\/store.microbiotech.dz\/index.php\/produit\/gelose-chromogenique-salmonella-500g-tm-media\/#primaryimage"},"thumbnailUrl":"https:\/\/store.microbiotech.dz\/wp-content\/uploads\/2022\/06\/chromo-salmonlla.png","datePublished":"2023-10-22T12:24:30+00:00","dateModified":"2025-01-21T11:11:32+00:00","description":"La G\u00e9lose chromog\u00e9nique Salmonella 500g TM MEDIA s\u00e9lective destin\u00e9e \u00e0 la recherche des Salmonelles est disponible \u00e0 bon prix.","breadcrumb":{"@id":"https:\/\/store.microbiotech.dz\/index.php\/produit\/gelose-chromogenique-salmonella-500g-tm-media\/#breadcrumb"},"inLanguage":"fr-FR","potentialAction":[{"@type":"ReadAction","target":["https:\/\/store.microbiotech.dz\/index.php\/produit\/gelose-chromogenique-salmonella-500g-tm-media\/"]}]},{"@type":"ImageObject","inLanguage":"fr-FR","@id":"https:\/\/store.microbiotech.dz\/index.php\/produit\/gelose-chromogenique-salmonella-500g-tm-media\/#primaryimage","url":"https:\/\/store.microbiotech.dz\/wp-content\/uploads\/2022\/06\/chromo-salmonlla.png","contentUrl":"https:\/\/store.microbiotech.dz\/wp-content\/uploads\/2022\/06\/chromo-salmonlla.png","width":600,"height":600,"caption":"G\u00e9lose chromog\u00e9nique Salmonella 500g TM MEDIA"},{"@type":"BreadcrumbList","@id":"https:\/\/store.microbiotech.dz\/index.php\/produit\/gelose-chromogenique-salmonella-500g-tm-media\/#breadcrumb","itemListElement":[{"@type":"ListItem","position":1,"name":"Accueil","item":"https:\/\/store.microbiotech.dz\/"},{"@type":"ListItem","position":2,"name":"Nos Produits","item":"https:\/\/store.microbiotech.dz\/index.php\/nos-produits\/"},{"@type":"ListItem","position":3,"name":"G\u00e9lose chromog\u00e9nique Salmonella 500g TM MEDIA"}]},{"@type":"WebSite","@id":"https:\/\/store.microbiotech.dz\/#website","url":"https:\/\/store.microbiotech.dz\/","name":"La Boutique en ligne","description":"Qualit\u00e9 - Rapidit\u00e9 - Tranquillit\u00e9","publisher":{"@id":"https:\/\/store.microbiotech.dz\/#organization"},"potentialAction":[{"@type":"SearchAction","target":{"@type":"EntryPoint","urlTemplate":"https:\/\/store.microbiotech.dz\/?s={search_term_string}"},"query-input":{"@type":"PropertyValueSpecification","valueRequired":true,"valueName":"search_term_string"}}],"inLanguage":"fr-FR"},{"@type":"Organization","@id":"https:\/\/store.microbiotech.dz\/#organization","name":"Microbiotech EURL","url":"https:\/\/store.microbiotech.dz\/","logo":{"@type":"ImageObject","inLanguage":"fr-FR","@id":"https:\/\/store.microbiotech.dz\/#\/schema\/logo\/image\/","url":"https:\/\/store.microbiotech.dz\/wp-content\/uploads\/2021\/09\/cropped-logo-microbiotech-2.jpg","contentUrl":"https:\/\/store.microbiotech.dz\/wp-content\/uploads\/2021\/09\/cropped-logo-microbiotech-2.jpg","width":815,"height":586,"caption":"Microbiotech EURL"},"image":{"@id":"https:\/\/store.microbiotech.dz\/#\/schema\/logo\/image\/"},"sameAs":["https:\/\/www.facebook.com\/MicroBiotech.dz","https:\/\/x.com\/MicrobiotechD","https:\/\/www.linkedin.com\/in\/microbiotech\/","https:\/\/www.youtube.com\/channel\/UCTxc3VIiX7LXD2LQYfZEcDg"]}]}},"jetpack_sharing_enabled":true,"_links":{"self":[{"href":"https:\/\/store.microbiotech.dz\/index.php\/wp-json\/wp\/v2\/product\/2053","targetHints":{"allow":["GET"]}}],"collection":[{"href":"https:\/\/store.microbiotech.dz\/index.php\/wp-json\/wp\/v2\/product"}],"about":[{"href":"https:\/\/store.microbiotech.dz\/index.php\/wp-json\/wp\/v2\/types\/product"}],"replies":[{"embeddable":true,"href":"https:\/\/store.microbiotech.dz\/index.php\/wp-json\/wp\/v2\/comments?post=2053"}],"wp:featuredmedia":[{"embeddable":true,"href":"https:\/\/store.microbiotech.dz\/index.php\/wp-json\/wp\/v2\/media\/6228"}],"wp:attachment":[{"href":"https:\/\/store.microbiotech.dz\/index.php\/wp-json\/wp\/v2\/media?parent=2053"}],"wp:term":[{"taxonomy":"product_brand","embeddable":true,"href":"https:\/\/store.microbiotech.dz\/index.php\/wp-json\/wp\/v2\/product_brand?post=2053"},{"taxonomy":"product_cat","embeddable":true,"href":"https:\/\/store.microbiotech.dz\/index.php\/wp-json\/wp\/v2\/product_cat?post=2053"},{"taxonomy":"product_tag","embeddable":true,"href":"https:\/\/store.microbiotech.dz\/index.php\/wp-json\/wp\/v2\/product_tag?post=2053"}],"curies":[{"name":"wp","href":"https:\/\/api.w.org\/{rel}","templated":true}]}}