{"id":20498,"date":"2026-04-06T11:26:21","date_gmt":"2026-04-06T10:26:21","guid":{"rendered":"https:\/\/store.microbiotech.dz\/?post_type=product&#038;p=20498"},"modified":"2026-04-06T11:26:42","modified_gmt":"2026-04-06T10:26:42","slug":"ionometre-princeton","status":"publish","type":"product","link":"https:\/\/store.microbiotech.dz\/index.php\/produit\/ionometre-princeton\/","title":{"rendered":"Ionom\u00e8tre PRINCETON"},"content":{"rendered":"<p>L&rsquo;<a href=\"https:\/\/www.htds.fr\/sciences-analytiques\/chimie-analytique-en-solution\/ionometre\/\" target=\"_blank\" rel=\"noopener\">Ionom\u00e8tre<\/a> PRINCETON offre une solution fiable et polyvalente pour l\u2019analyse des ions en laboratoire. Il propose plusieurs modes de mesure afin de r\u00e9pondre \u00e0 diff\u00e9rents besoins et fonctionne avec des \u00e9lectrodes s\u00e9lectives pour analyser plus de dix ions inorganiques courants, tels que H+, Na+, K+, NH4+, Cl\u2212, F\u2212, NO3\u2212, Cu2+ ou Ca2+. Son \u00e9cran LCD assure une lecture claire des r\u00e9sultats, tandis que l\u2019\u00e9talonnage simple jusqu\u2019\u00e0 5 points avec reconnaissance automatique des tampons DIN, NIST et GB garantit une grande pr\u00e9cision. L\u2019appareil int\u00e8gre une alarme de recalibration pour maintenir la fiabilit\u00e9 des mesures, une compensation automatique de temp\u00e9rature pour des r\u00e9sultats stables, et une m\u00e9moire interne pouvant stocker jusqu\u2019\u00e0 500 donn\u00e9es avec export facile via USB.<\/p>\n<p>L&rsquo;<a href=\"https:\/\/www.htds.fr\/sciences-analytiques\/chimie-analytique-en-solution\/ionometre\/\" target=\"_blank\" rel=\"noopener\">Ionom\u00e8tre<\/a> PRINCETON est compatible avec les \u00e9lectrodes pH, <a href=\"https:\/\/store.microbiotech.dz\/?s=ORP\" target=\"_blank\" rel=\"noopener\">ORP<\/a> et ISE \u00e0 connecteur BNC, il r\u00e9pond aux exigences GLP et s\u2019adapte parfaitement aux applications de routine comme aux analyses avanc\u00e9es.<\/p>\n","protected":false},"excerpt":{"rendered":"<p>&nbsp;<\/p>\n<p>Marque : <strong>Princeton <img loading=\"lazy\" decoding=\"async\" class=\"alignnone wp-image-20499\" src=\"https:\/\/store.microbiotech.dz\/wp-content\/uploads\/2026\/04\/usa-300x300.webp\" alt=\"\" width=\"48\" height=\"48\" srcset=\"https:\/\/store.microbiotech.dz\/wp-content\/uploads\/2026\/04\/usa-300x300.webp 300w, https:\/\/store.microbiotech.dz\/wp-content\/uploads\/2026\/04\/usa-150x150.webp 150w, https:\/\/store.microbiotech.dz\/wp-content\/uploads\/2026\/04\/usa-100x100.webp 100w, https:\/\/store.microbiotech.dz\/wp-content\/uploads\/2026\/04\/usa.webp 600w\" sizes=\"auto, (max-width: 48px) 100vw, 48px\" \/><\/strong><br \/>\nParam\u00e8tres : <strong>pH, ORP, Temp., Concentration ionique<\/strong><br \/>\nGamme :<br \/>\npH\/pX : <strong>(-2,000\uff5e20,000)pH(0,000\uff5e14,000)pX<\/strong><br \/>\nmV : <strong>(-1999,9\uff5e1999,9)mV<\/strong><br \/>\nConcentration ionique :<strong> (0\uff5e19990) ; Unit\u00e9 : pX, mol\/L, mmol\/L, g\/L, mg\/L, \u03bcg\/L<\/strong><br \/>\nTemp\u00e9rature : <strong>(-5,0\uff5e110,0) \u2103<\/strong><br \/>\nR\u00e9solution :<br \/>\npH\/pX : <strong>0,001 pH\/pX<\/strong><br \/>\nmV :<strong> 0,1 mV<\/strong><br \/>\nConcentration ionique : <strong>4 chiffres significatifs (notation scientifique)<\/strong><br \/>\nTemp\u00e9rature : <strong>0,1\u2103<\/strong><br \/>\nPr\u00e9cision :<br \/>\npH\/pX : <strong>\u00b10,002pH\/pX<\/strong><br \/>\nmV : <strong>\u00b10,03 % FS<\/strong><br \/>\nConcentration ionique : <strong>\u00b10,5%<\/strong><br \/>\nTemp\u00e9rature : <strong>\u00b10,2\u2103<\/strong><br \/>\nCompensation de temp\u00e9rature : <strong>Automatique ou manuelle<\/strong><\/p>\n","protected":false},"featured_media":20500,"comment_status":"open","ping_status":"closed","template":"","meta":{"site-sidebar-layout":"default","site-content-layout":"","ast-site-content-layout":"default","site-content-style":"default","site-sidebar-style":"default","ast-global-header-display":"","ast-banner-title-visibility":"","ast-main-header-display":"","ast-hfb-above-header-display":"","ast-hfb-below-header-display":"","ast-hfb-mobile-header-display":"","site-post-title":"","ast-breadcrumbs-content":"","ast-featured-img":"","footer-sml-layout":"","ast-disable-related-posts":"","theme-transparent-header-meta":"default","adv-header-id-meta":"","stick-header-meta":"","header-above-stick-meta":"","header-main-stick-meta":"","header-below-stick-meta":"","astra-migrate-meta-layouts":"set","ast-page-background-enabled":"default","ast-page-background-meta":{"desktop":{"background-color":"var(--ast-global-color-4)","background-image":"","background-repeat":"repeat","background-position":"center center","background-size":"auto","background-attachment":"scroll","background-type":"","background-media":"","overlay-type":"","overlay-color":"","overlay-opacity":"","overlay-gradient":""},"tablet":{"background-color":"","background-image":"","background-repeat":"repeat","background-position":"center center","background-size":"auto","background-attachment":"scroll","background-type":"","background-media":"","overlay-type":"","overlay-color":"","overlay-opacity":"","overlay-gradient":""},"mobile":{"background-color":"","background-image":"","background-repeat":"repeat","background-position":"center center","background-size":"auto","background-attachment":"scroll","background-type":"","background-media":"","overlay-type":"","overlay-color":"","overlay-opacity":"","overlay-gradient":""}},"ast-content-background-meta":{"desktop":{"background-color":"var(--ast-global-color-5)","background-image":"","background-repeat":"repeat","background-position":"center center","background-size":"auto","background-attachment":"scroll","background-type":"","background-media":"","overlay-type":"","overlay-color":"","overlay-opacity":"","overlay-gradient":""},"tablet":{"background-color":"var(--ast-global-color-5)","background-image":"","background-repeat":"repeat","background-position":"center center","background-size":"auto","background-attachment":"scroll","background-type":"","background-media":"","overlay-type":"","overlay-color":"","overlay-opacity":"","overlay-gradient":""},"mobile":{"background-color":"var(--ast-global-color-5)","background-image":"","background-repeat":"repeat","background-position":"center center","background-size":"auto","background-attachment":"scroll","background-type":"","background-media":"","overlay-type":"","overlay-color":"","overlay-opacity":"","overlay-gradient":""}},"jetpack_post_was_ever_published":false},"product_brand":[],"product_cat":[238],"product_tag":[2039,3526,3122,1264,546,3527,1262],"class_list":{"0":"post-20498","1":"product","2":"type-product","3":"status-publish","4":"has-post-thumbnail","6":"product_cat-equipements","7":"product_tag-f05","8":"product_tag-ionometre","9":"product_tag-ions","10":"product_tag-orp","11":"product_tag-ph","12":"product_tag-princeton","13":"product_tag-temperature","14":"desktop-align-center","15":"tablet-align-left","16":"mobile-align-left","18":"first","19":"instock","20":"taxable","21":"shipping-taxable","22":"purchasable","23":"product-type-simple"},"yoast_head":"<!-- This site is optimized with the Yoast SEO plugin v27.4 - https:\/\/yoast.com\/product\/yoast-seo-wordpress\/ -->\n<title>Ionom\u00e8tre PRINCETON - La Boutique en ligne<\/title>\n<meta name=\"description\" content=\"L&#039;Ionom\u00e8tre PRINCETON offre une solution fiable et polyvalente pour l\u2019analyse des ions en laboratoire. Disponible au meilleur prix !\" \/>\n<meta name=\"robots\" content=\"index, follow, max-snippet:-1, max-image-preview:large, max-video-preview:-1\" \/>\n<link rel=\"canonical\" href=\"https:\/\/store.microbiotech.dz\/index.php\/produit\/ionometre-princeton\/\" \/>\n<meta property=\"og:locale\" content=\"fr_FR\" \/>\n<meta property=\"og:type\" content=\"article\" \/>\n<meta property=\"og:title\" content=\"Ionom\u00e8tre PRINCETON - La Boutique en ligne\" \/>\n<meta property=\"og:description\" content=\"L&#039;Ionom\u00e8tre PRINCETON offre une solution fiable et polyvalente pour l\u2019analyse des ions en laboratoire. Disponible au meilleur prix !\" \/>\n<meta property=\"og:url\" content=\"https:\/\/store.microbiotech.dz\/index.php\/produit\/ionometre-princeton\/\" \/>\n<meta property=\"og:site_name\" content=\"La Boutique en ligne\" \/>\n<meta property=\"article:publisher\" content=\"https:\/\/www.facebook.com\/MicroBiotech.dz\" \/>\n<meta property=\"article:modified_time\" content=\"2026-04-06T10:26:42+00:00\" \/>\n<meta property=\"og:image\" content=\"https:\/\/store.microbiotech.dz\/wp-content\/uploads\/2026\/04\/PXSJ-216F-Ion-meter-46.webp\" \/>\n\t<meta property=\"og:image:width\" content=\"600\" \/>\n\t<meta property=\"og:image:height\" content=\"600\" \/>\n\t<meta property=\"og:image:type\" content=\"image\/webp\" \/>\n<meta name=\"twitter:card\" content=\"summary_large_image\" \/>\n<meta name=\"twitter:site\" content=\"@MicrobiotechD\" \/>\n<meta name=\"twitter:label1\" content=\"Dur\u00e9e de lecture estim\u00e9e\" \/>\n\t<meta name=\"twitter:data1\" content=\"1 minute\" \/>\n<script type=\"application\/ld+json\" class=\"yoast-schema-graph\">{\"@context\":\"https:\\\/\\\/schema.org\",\"@graph\":[{\"@type\":\"WebPage\",\"@id\":\"https:\\\/\\\/store.microbiotech.dz\\\/index.php\\\/produit\\\/ionometre-princeton\\\/\",\"url\":\"https:\\\/\\\/store.microbiotech.dz\\\/index.php\\\/produit\\\/ionometre-princeton\\\/\",\"name\":\"Ionom\u00e8tre PRINCETON - La Boutique en ligne\",\"isPartOf\":{\"@id\":\"https:\\\/\\\/store.microbiotech.dz\\\/#website\"},\"primaryImageOfPage\":{\"@id\":\"https:\\\/\\\/store.microbiotech.dz\\\/index.php\\\/produit\\\/ionometre-princeton\\\/#primaryimage\"},\"image\":{\"@id\":\"https:\\\/\\\/store.microbiotech.dz\\\/index.php\\\/produit\\\/ionometre-princeton\\\/#primaryimage\"},\"thumbnailUrl\":\"https:\\\/\\\/store.microbiotech.dz\\\/wp-content\\\/uploads\\\/2026\\\/04\\\/PXSJ-216F-Ion-meter-46.webp\",\"datePublished\":\"2026-04-06T10:26:21+00:00\",\"dateModified\":\"2026-04-06T10:26:42+00:00\",\"description\":\"L'Ionom\u00e8tre PRINCETON offre une solution fiable et polyvalente pour l\u2019analyse des ions en laboratoire. Disponible au meilleur prix !\",\"breadcrumb\":{\"@id\":\"https:\\\/\\\/store.microbiotech.dz\\\/index.php\\\/produit\\\/ionometre-princeton\\\/#breadcrumb\"},\"inLanguage\":\"fr-FR\",\"potentialAction\":[{\"@type\":\"ReadAction\",\"target\":[\"https:\\\/\\\/store.microbiotech.dz\\\/index.php\\\/produit\\\/ionometre-princeton\\\/\"]}]},{\"@type\":\"ImageObject\",\"inLanguage\":\"fr-FR\",\"@id\":\"https:\\\/\\\/store.microbiotech.dz\\\/index.php\\\/produit\\\/ionometre-princeton\\\/#primaryimage\",\"url\":\"https:\\\/\\\/store.microbiotech.dz\\\/wp-content\\\/uploads\\\/2026\\\/04\\\/PXSJ-216F-Ion-meter-46.webp\",\"contentUrl\":\"https:\\\/\\\/store.microbiotech.dz\\\/wp-content\\\/uploads\\\/2026\\\/04\\\/PXSJ-216F-Ion-meter-46.webp\",\"width\":600,\"height\":600,\"caption\":\"Ionom\u00e8tre PRINCETON\"},{\"@type\":\"BreadcrumbList\",\"@id\":\"https:\\\/\\\/store.microbiotech.dz\\\/index.php\\\/produit\\\/ionometre-princeton\\\/#breadcrumb\",\"itemListElement\":[{\"@type\":\"ListItem\",\"position\":1,\"name\":\"Accueil\",\"item\":\"https:\\\/\\\/store.microbiotech.dz\\\/\"},{\"@type\":\"ListItem\",\"position\":2,\"name\":\"Nos Produits\",\"item\":\"https:\\\/\\\/store.microbiotech.dz\\\/index.php\\\/nos-produits\\\/\"},{\"@type\":\"ListItem\",\"position\":3,\"name\":\"Ionom\u00e8tre PRINCETON\"}]},{\"@type\":\"WebSite\",\"@id\":\"https:\\\/\\\/store.microbiotech.dz\\\/#website\",\"url\":\"https:\\\/\\\/store.microbiotech.dz\\\/\",\"name\":\"La Boutique en ligne\",\"description\":\"Qualit\u00e9 - Rapidit\u00e9 - Tranquillit\u00e9\",\"publisher\":{\"@id\":\"https:\\\/\\\/store.microbiotech.dz\\\/#organization\"},\"potentialAction\":[{\"@type\":\"SearchAction\",\"target\":{\"@type\":\"EntryPoint\",\"urlTemplate\":\"https:\\\/\\\/store.microbiotech.dz\\\/?s={search_term_string}\"},\"query-input\":{\"@type\":\"PropertyValueSpecification\",\"valueRequired\":true,\"valueName\":\"search_term_string\"}}],\"inLanguage\":\"fr-FR\"},{\"@type\":\"Organization\",\"@id\":\"https:\\\/\\\/store.microbiotech.dz\\\/#organization\",\"name\":\"Microbiotech EURL\",\"url\":\"https:\\\/\\\/store.microbiotech.dz\\\/\",\"logo\":{\"@type\":\"ImageObject\",\"inLanguage\":\"fr-FR\",\"@id\":\"https:\\\/\\\/store.microbiotech.dz\\\/#\\\/schema\\\/logo\\\/image\\\/\",\"url\":\"https:\\\/\\\/store.microbiotech.dz\\\/wp-content\\\/uploads\\\/2021\\\/09\\\/cropped-logo-microbiotech-2.jpg\",\"contentUrl\":\"https:\\\/\\\/store.microbiotech.dz\\\/wp-content\\\/uploads\\\/2021\\\/09\\\/cropped-logo-microbiotech-2.jpg\",\"width\":815,\"height\":586,\"caption\":\"Microbiotech EURL\"},\"image\":{\"@id\":\"https:\\\/\\\/store.microbiotech.dz\\\/#\\\/schema\\\/logo\\\/image\\\/\"},\"sameAs\":[\"https:\\\/\\\/www.facebook.com\\\/MicroBiotech.dz\",\"https:\\\/\\\/x.com\\\/MicrobiotechD\",\"https:\\\/\\\/www.linkedin.com\\\/in\\\/microbiotech\\\/\",\"https:\\\/\\\/www.youtube.com\\\/channel\\\/UCTxc3VIiX7LXD2LQYfZEcDg\"]}]}<\/script>\n<!-- \/ Yoast SEO plugin. -->","yoast_head_json":{"title":"Ionom\u00e8tre PRINCETON - La Boutique en ligne","description":"L'Ionom\u00e8tre PRINCETON offre une solution fiable et polyvalente pour l\u2019analyse des ions en laboratoire. Disponible au meilleur prix !","robots":{"index":"index","follow":"follow","max-snippet":"max-snippet:-1","max-image-preview":"max-image-preview:large","max-video-preview":"max-video-preview:-1"},"canonical":"https:\/\/store.microbiotech.dz\/index.php\/produit\/ionometre-princeton\/","og_locale":"fr_FR","og_type":"article","og_title":"Ionom\u00e8tre PRINCETON - La Boutique en ligne","og_description":"L'Ionom\u00e8tre PRINCETON offre une solution fiable et polyvalente pour l\u2019analyse des ions en laboratoire. Disponible au meilleur prix !","og_url":"https:\/\/store.microbiotech.dz\/index.php\/produit\/ionometre-princeton\/","og_site_name":"La Boutique en ligne","article_publisher":"https:\/\/www.facebook.com\/MicroBiotech.dz","article_modified_time":"2026-04-06T10:26:42+00:00","og_image":[{"width":600,"height":600,"url":"https:\/\/store.microbiotech.dz\/wp-content\/uploads\/2026\/04\/PXSJ-216F-Ion-meter-46.webp","type":"image\/webp"}],"twitter_card":"summary_large_image","twitter_site":"@MicrobiotechD","twitter_misc":{"Dur\u00e9e de lecture estim\u00e9e":"1 minute"},"schema":{"@context":"https:\/\/schema.org","@graph":[{"@type":"WebPage","@id":"https:\/\/store.microbiotech.dz\/index.php\/produit\/ionometre-princeton\/","url":"https:\/\/store.microbiotech.dz\/index.php\/produit\/ionometre-princeton\/","name":"Ionom\u00e8tre PRINCETON - La Boutique en ligne","isPartOf":{"@id":"https:\/\/store.microbiotech.dz\/#website"},"primaryImageOfPage":{"@id":"https:\/\/store.microbiotech.dz\/index.php\/produit\/ionometre-princeton\/#primaryimage"},"image":{"@id":"https:\/\/store.microbiotech.dz\/index.php\/produit\/ionometre-princeton\/#primaryimage"},"thumbnailUrl":"https:\/\/store.microbiotech.dz\/wp-content\/uploads\/2026\/04\/PXSJ-216F-Ion-meter-46.webp","datePublished":"2026-04-06T10:26:21+00:00","dateModified":"2026-04-06T10:26:42+00:00","description":"L'Ionom\u00e8tre PRINCETON offre une solution fiable et polyvalente pour l\u2019analyse des ions en laboratoire. Disponible au meilleur prix !","breadcrumb":{"@id":"https:\/\/store.microbiotech.dz\/index.php\/produit\/ionometre-princeton\/#breadcrumb"},"inLanguage":"fr-FR","potentialAction":[{"@type":"ReadAction","target":["https:\/\/store.microbiotech.dz\/index.php\/produit\/ionometre-princeton\/"]}]},{"@type":"ImageObject","inLanguage":"fr-FR","@id":"https:\/\/store.microbiotech.dz\/index.php\/produit\/ionometre-princeton\/#primaryimage","url":"https:\/\/store.microbiotech.dz\/wp-content\/uploads\/2026\/04\/PXSJ-216F-Ion-meter-46.webp","contentUrl":"https:\/\/store.microbiotech.dz\/wp-content\/uploads\/2026\/04\/PXSJ-216F-Ion-meter-46.webp","width":600,"height":600,"caption":"Ionom\u00e8tre PRINCETON"},{"@type":"BreadcrumbList","@id":"https:\/\/store.microbiotech.dz\/index.php\/produit\/ionometre-princeton\/#breadcrumb","itemListElement":[{"@type":"ListItem","position":1,"name":"Accueil","item":"https:\/\/store.microbiotech.dz\/"},{"@type":"ListItem","position":2,"name":"Nos Produits","item":"https:\/\/store.microbiotech.dz\/index.php\/nos-produits\/"},{"@type":"ListItem","position":3,"name":"Ionom\u00e8tre PRINCETON"}]},{"@type":"WebSite","@id":"https:\/\/store.microbiotech.dz\/#website","url":"https:\/\/store.microbiotech.dz\/","name":"La Boutique en ligne","description":"Qualit\u00e9 - Rapidit\u00e9 - Tranquillit\u00e9","publisher":{"@id":"https:\/\/store.microbiotech.dz\/#organization"},"potentialAction":[{"@type":"SearchAction","target":{"@type":"EntryPoint","urlTemplate":"https:\/\/store.microbiotech.dz\/?s={search_term_string}"},"query-input":{"@type":"PropertyValueSpecification","valueRequired":true,"valueName":"search_term_string"}}],"inLanguage":"fr-FR"},{"@type":"Organization","@id":"https:\/\/store.microbiotech.dz\/#organization","name":"Microbiotech EURL","url":"https:\/\/store.microbiotech.dz\/","logo":{"@type":"ImageObject","inLanguage":"fr-FR","@id":"https:\/\/store.microbiotech.dz\/#\/schema\/logo\/image\/","url":"https:\/\/store.microbiotech.dz\/wp-content\/uploads\/2021\/09\/cropped-logo-microbiotech-2.jpg","contentUrl":"https:\/\/store.microbiotech.dz\/wp-content\/uploads\/2021\/09\/cropped-logo-microbiotech-2.jpg","width":815,"height":586,"caption":"Microbiotech EURL"},"image":{"@id":"https:\/\/store.microbiotech.dz\/#\/schema\/logo\/image\/"},"sameAs":["https:\/\/www.facebook.com\/MicroBiotech.dz","https:\/\/x.com\/MicrobiotechD","https:\/\/www.linkedin.com\/in\/microbiotech\/","https:\/\/www.youtube.com\/channel\/UCTxc3VIiX7LXD2LQYfZEcDg"]}]}},"jetpack_sharing_enabled":true,"_links":{"self":[{"href":"https:\/\/store.microbiotech.dz\/index.php\/wp-json\/wp\/v2\/product\/20498","targetHints":{"allow":["GET"]}}],"collection":[{"href":"https:\/\/store.microbiotech.dz\/index.php\/wp-json\/wp\/v2\/product"}],"about":[{"href":"https:\/\/store.microbiotech.dz\/index.php\/wp-json\/wp\/v2\/types\/product"}],"replies":[{"embeddable":true,"href":"https:\/\/store.microbiotech.dz\/index.php\/wp-json\/wp\/v2\/comments?post=20498"}],"wp:featuredmedia":[{"embeddable":true,"href":"https:\/\/store.microbiotech.dz\/index.php\/wp-json\/wp\/v2\/media\/20500"}],"wp:attachment":[{"href":"https:\/\/store.microbiotech.dz\/index.php\/wp-json\/wp\/v2\/media?parent=20498"}],"wp:term":[{"taxonomy":"product_brand","embeddable":true,"href":"https:\/\/store.microbiotech.dz\/index.php\/wp-json\/wp\/v2\/product_brand?post=20498"},{"taxonomy":"product_cat","embeddable":true,"href":"https:\/\/store.microbiotech.dz\/index.php\/wp-json\/wp\/v2\/product_cat?post=20498"},{"taxonomy":"product_tag","embeddable":true,"href":"https:\/\/store.microbiotech.dz\/index.php\/wp-json\/wp\/v2\/product_tag?post=20498"}],"curies":[{"name":"wp","href":"https:\/\/api.w.org\/{rel}","templated":true}]}}