{"id":20342,"date":"2026-03-30T10:52:50","date_gmt":"2026-03-30T09:52:50","guid":{"rendered":"https:\/\/store.microbiotech.dz\/?post_type=product&#038;p=20342"},"modified":"2026-03-30T10:52:40","modified_gmt":"2026-03-30T09:52:40","slug":"sonicateur-homogeneisateur-a-ultrasons-faithful","status":"publish","type":"product","link":"https:\/\/store.microbiotech.dz\/index.php\/produit\/sonicateur-homogeneisateur-a-ultrasons-faithful\/","title":{"rendered":"Sonicateur ( Homog\u00e9n\u00e9isateur \u00e0 ultrasons ) Faithful"},"content":{"rendered":"<p>Le <a href=\"https:\/\/store.microbiotech.dz\/?s=Sonicateur\" target=\"_blank\" rel=\"noopener\">Sonicateur<\/a> ( Homog\u00e9n\u00e9isateur \u00e0 ultrasons ) <a href=\"https:\/\/www.faithful.cc\/\" target=\"_blank\" rel=\"noopener\">Faithful<\/a> r\u00e9alise l\u2019homog\u00e9n\u00e9isation, la dispersion et la lyse cellulaire gr\u00e2ce \u00e0 l\u2019effet de cavitation des ultrasons. Son \u00e9cran tactile LCD de 4,7 pouces facilite le r\u00e9glage des param\u00e8tres et permet de programmer jusqu\u2019\u00e0 20 m\u00e9thodes de travail. Il ajuste la puissance et la dur\u00e9e des ultrasons avec pr\u00e9cision, tout en assurant une d\u00e9tection automatique de la puissance pour maintenir des r\u00e9sultats stables malgr\u00e9 les variations de temp\u00e9rature. Le contr\u00f4le int\u00e9gr\u00e9 de la temp\u00e9rature prot\u00e8ge les \u00e9chantillons contre la surchauffe. Le suivi automatique de la fr\u00e9quence et l\u2019alarme en cas de d\u00e9faut renforcent la s\u00e9curit\u00e9 d\u2019utilisation. Les modes continu ou puls\u00e9 et les temps r\u00e9glables offrent une grande flexibilit\u00e9 pour diff\u00e9rents protocoles. Ce Sonicateur ( Homog\u00e9n\u00e9isateur \u00e0 ultrasons ) Faithful convient parfaitement aux applications de biotechnologie, microbiologie et pr\u00e9paration d\u2019\u00e9chantillons en laboratoire.<\/p>\n","protected":false},"excerpt":{"rendered":"<p>&nbsp;<\/p>\n<p>Marque : <b>Faithful <\/b><img loading=\"lazy\" decoding=\"async\" class=\"alignnone wp-image-1795 lazyloaded\" src=\"https:\/\/store.microbiotech.dz\/wp-content\/uploads\/2022\/04\/China-Flag.png\" sizes=\"auto, (max-width: 41px) 100vw, 41px\" srcset=\"https:\/\/store.microbiotech.dz\/wp-content\/uploads\/2022\/04\/China-Flag.png 224w, https:\/\/store.microbiotech.dz\/wp-content\/uploads\/2022\/04\/China-Flag-150x150.png 150w, https:\/\/store.microbiotech.dz\/wp-content\/uploads\/2022\/04\/China-Flag-100x100.png 100w\" alt=\"\" width=\"35\" height=\"35\" data-src=\"https:\/\/store.microbiotech.dz\/wp-content\/uploads\/2022\/04\/China-Flag.png\" \/><br \/>\nFr\u00e9quence (kHz) : <strong>20-25<\/strong><br \/>\nCapacit\u00e9 de traitement des \u00e9chantillons (ml) : <strong>0,1-100<\/strong><br \/>\nPuissance ultrasonique (W) : <strong>150<\/strong><br \/>\nAlimentation : <strong>220 V CA \u00b110 %, 50\/60 Hz<\/strong><\/p>\n","protected":false},"featured_media":20347,"comment_status":"open","ping_status":"closed","template":"","meta":{"site-sidebar-layout":"default","site-content-layout":"","ast-site-content-layout":"default","site-content-style":"default","site-sidebar-style":"default","ast-global-header-display":"","ast-banner-title-visibility":"","ast-main-header-display":"","ast-hfb-above-header-display":"","ast-hfb-below-header-display":"","ast-hfb-mobile-header-display":"","site-post-title":"","ast-breadcrumbs-content":"","ast-featured-img":"","footer-sml-layout":"","ast-disable-related-posts":"","theme-transparent-header-meta":"default","adv-header-id-meta":"","stick-header-meta":"","header-above-stick-meta":"","header-main-stick-meta":"","header-below-stick-meta":"","astra-migrate-meta-layouts":"set","ast-page-background-enabled":"default","ast-page-background-meta":{"desktop":{"background-color":"var(--ast-global-color-4)","background-image":"","background-repeat":"repeat","background-position":"center center","background-size":"auto","background-attachment":"scroll","background-type":"","background-media":"","overlay-type":"","overlay-color":"","overlay-opacity":"","overlay-gradient":""},"tablet":{"background-color":"","background-image":"","background-repeat":"repeat","background-position":"center center","background-size":"auto","background-attachment":"scroll","background-type":"","background-media":"","overlay-type":"","overlay-color":"","overlay-opacity":"","overlay-gradient":""},"mobile":{"background-color":"","background-image":"","background-repeat":"repeat","background-position":"center center","background-size":"auto","background-attachment":"scroll","background-type":"","background-media":"","overlay-type":"","overlay-color":"","overlay-opacity":"","overlay-gradient":""}},"ast-content-background-meta":{"desktop":{"background-color":"var(--ast-global-color-5)","background-image":"","background-repeat":"repeat","background-position":"center center","background-size":"auto","background-attachment":"scroll","background-type":"","background-media":"","overlay-type":"","overlay-color":"","overlay-opacity":"","overlay-gradient":""},"tablet":{"background-color":"var(--ast-global-color-5)","background-image":"","background-repeat":"repeat","background-position":"center center","background-size":"auto","background-attachment":"scroll","background-type":"","background-media":"","overlay-type":"","overlay-color":"","overlay-opacity":"","overlay-gradient":""},"mobile":{"background-color":"var(--ast-global-color-5)","background-image":"","background-repeat":"repeat","background-position":"center center","background-size":"auto","background-attachment":"scroll","background-type":"","background-media":"","overlay-type":"","overlay-color":"","overlay-opacity":"","overlay-gradient":""}},"jetpack_post_was_ever_published":false},"product_brand":[],"product_cat":[238],"product_tag":[930,997,2117,3520,2343,2128],"class_list":{"0":"post-20342","1":"product","2":"type-product","3":"status-publish","4":"has-post-thumbnail","6":"product_cat-equipements","7":"product_tag-f90","8":"product_tag-faithful","9":"product_tag-homogeneisateur","10":"product_tag-processeur-ultrasonique","11":"product_tag-sonicateur","12":"product_tag-ultrason","13":"desktop-align-center","14":"tablet-align-left","15":"mobile-align-left","17":"first","18":"instock","19":"taxable","20":"shipping-taxable","21":"purchasable","22":"product-type-simple"},"yoast_head":"<!-- This site is optimized with the Yoast SEO plugin v27.5 - https:\/\/yoast.com\/product\/yoast-seo-wordpress\/ -->\n<title>Sonicateur ( Homog\u00e9n\u00e9isateur \u00e0 ultrasons ) Faithful - La Boutique en ligne<\/title>\n<meta name=\"description\" content=\"Le Sonicateur ( Homog\u00e9n\u00e9isateur \u00e0 ultrasons ) Faithful fiable et moderne est un excellent choix pour vos \u00e9tablissements. Commandez au meilleur prix ICI !\" \/>\n<meta name=\"robots\" content=\"index, follow, max-snippet:-1, max-image-preview:large, max-video-preview:-1\" \/>\n<link rel=\"canonical\" href=\"https:\/\/store.microbiotech.dz\/index.php\/produit\/sonicateur-homogeneisateur-a-ultrasons-faithful\/\" \/>\n<meta property=\"og:locale\" content=\"fr_FR\" \/>\n<meta property=\"og:type\" content=\"article\" \/>\n<meta property=\"og:title\" content=\"Sonicateur ( Homog\u00e9n\u00e9isateur \u00e0 ultrasons ) Faithful - La Boutique en ligne\" \/>\n<meta property=\"og:description\" content=\"Le Sonicateur ( Homog\u00e9n\u00e9isateur \u00e0 ultrasons ) Faithful fiable et moderne est un excellent choix pour vos \u00e9tablissements. Commandez au meilleur prix ICI !\" \/>\n<meta property=\"og:url\" content=\"https:\/\/store.microbiotech.dz\/index.php\/produit\/sonicateur-homogeneisateur-a-ultrasons-faithful\/\" \/>\n<meta property=\"og:site_name\" content=\"La Boutique en ligne\" \/>\n<meta property=\"article:publisher\" content=\"https:\/\/www.facebook.com\/MicroBiotech.dz\" \/>\n<meta property=\"og:image\" content=\"https:\/\/store.microbiotech.dz\/wp-content\/uploads\/2026\/03\/Untitled-design-41.webp\" \/>\n\t<meta property=\"og:image:width\" content=\"600\" \/>\n\t<meta property=\"og:image:height\" content=\"600\" \/>\n\t<meta property=\"og:image:type\" content=\"image\/webp\" \/>\n<meta name=\"twitter:card\" content=\"summary_large_image\" \/>\n<meta name=\"twitter:site\" content=\"@MicrobiotechD\" \/>\n<meta name=\"twitter:label1\" content=\"Dur\u00e9e de lecture estim\u00e9e\" \/>\n\t<meta name=\"twitter:data1\" content=\"1 minute\" \/>\n<script type=\"application\/ld+json\" class=\"yoast-schema-graph\">{\"@context\":\"https:\\\/\\\/schema.org\",\"@graph\":[{\"@type\":\"WebPage\",\"@id\":\"https:\\\/\\\/store.microbiotech.dz\\\/index.php\\\/produit\\\/sonicateur-homogeneisateur-a-ultrasons-faithful\\\/\",\"url\":\"https:\\\/\\\/store.microbiotech.dz\\\/index.php\\\/produit\\\/sonicateur-homogeneisateur-a-ultrasons-faithful\\\/\",\"name\":\"Sonicateur ( Homog\u00e9n\u00e9isateur \u00e0 ultrasons ) Faithful - La Boutique en ligne\",\"isPartOf\":{\"@id\":\"https:\\\/\\\/store.microbiotech.dz\\\/#website\"},\"primaryImageOfPage\":{\"@id\":\"https:\\\/\\\/store.microbiotech.dz\\\/index.php\\\/produit\\\/sonicateur-homogeneisateur-a-ultrasons-faithful\\\/#primaryimage\"},\"image\":{\"@id\":\"https:\\\/\\\/store.microbiotech.dz\\\/index.php\\\/produit\\\/sonicateur-homogeneisateur-a-ultrasons-faithful\\\/#primaryimage\"},\"thumbnailUrl\":\"https:\\\/\\\/store.microbiotech.dz\\\/wp-content\\\/uploads\\\/2026\\\/03\\\/Untitled-design-41.webp\",\"datePublished\":\"2026-03-30T09:52:50+00:00\",\"description\":\"Le Sonicateur ( Homog\u00e9n\u00e9isateur \u00e0 ultrasons ) Faithful fiable et moderne est un excellent choix pour vos \u00e9tablissements. Commandez au meilleur prix ICI !\",\"breadcrumb\":{\"@id\":\"https:\\\/\\\/store.microbiotech.dz\\\/index.php\\\/produit\\\/sonicateur-homogeneisateur-a-ultrasons-faithful\\\/#breadcrumb\"},\"inLanguage\":\"fr-FR\",\"potentialAction\":[{\"@type\":\"ReadAction\",\"target\":[\"https:\\\/\\\/store.microbiotech.dz\\\/index.php\\\/produit\\\/sonicateur-homogeneisateur-a-ultrasons-faithful\\\/\"]}]},{\"@type\":\"ImageObject\",\"inLanguage\":\"fr-FR\",\"@id\":\"https:\\\/\\\/store.microbiotech.dz\\\/index.php\\\/produit\\\/sonicateur-homogeneisateur-a-ultrasons-faithful\\\/#primaryimage\",\"url\":\"https:\\\/\\\/store.microbiotech.dz\\\/wp-content\\\/uploads\\\/2026\\\/03\\\/Untitled-design-41.webp\",\"contentUrl\":\"https:\\\/\\\/store.microbiotech.dz\\\/wp-content\\\/uploads\\\/2026\\\/03\\\/Untitled-design-41.webp\",\"width\":600,\"height\":600,\"caption\":\"Sonicateur ( Homog\u00e9n\u00e9isateur \u00e0 ultrasons ) Faithful\"},{\"@type\":\"BreadcrumbList\",\"@id\":\"https:\\\/\\\/store.microbiotech.dz\\\/index.php\\\/produit\\\/sonicateur-homogeneisateur-a-ultrasons-faithful\\\/#breadcrumb\",\"itemListElement\":[{\"@type\":\"ListItem\",\"position\":1,\"name\":\"Accueil\",\"item\":\"https:\\\/\\\/store.microbiotech.dz\\\/\"},{\"@type\":\"ListItem\",\"position\":2,\"name\":\"Nos Produits\",\"item\":\"https:\\\/\\\/store.microbiotech.dz\\\/index.php\\\/nos-produits\\\/\"},{\"@type\":\"ListItem\",\"position\":3,\"name\":\"Sonicateur ( Homog\u00e9n\u00e9isateur \u00e0 ultrasons ) Faithful\"}]},{\"@type\":\"WebSite\",\"@id\":\"https:\\\/\\\/store.microbiotech.dz\\\/#website\",\"url\":\"https:\\\/\\\/store.microbiotech.dz\\\/\",\"name\":\"La Boutique en ligne\",\"description\":\"Qualit\u00e9 - Rapidit\u00e9 - Tranquillit\u00e9\",\"publisher\":{\"@id\":\"https:\\\/\\\/store.microbiotech.dz\\\/#organization\"},\"potentialAction\":[{\"@type\":\"SearchAction\",\"target\":{\"@type\":\"EntryPoint\",\"urlTemplate\":\"https:\\\/\\\/store.microbiotech.dz\\\/?s={search_term_string}\"},\"query-input\":{\"@type\":\"PropertyValueSpecification\",\"valueRequired\":true,\"valueName\":\"search_term_string\"}}],\"inLanguage\":\"fr-FR\"},{\"@type\":\"Organization\",\"@id\":\"https:\\\/\\\/store.microbiotech.dz\\\/#organization\",\"name\":\"Microbiotech EURL\",\"url\":\"https:\\\/\\\/store.microbiotech.dz\\\/\",\"logo\":{\"@type\":\"ImageObject\",\"inLanguage\":\"fr-FR\",\"@id\":\"https:\\\/\\\/store.microbiotech.dz\\\/#\\\/schema\\\/logo\\\/image\\\/\",\"url\":\"https:\\\/\\\/store.microbiotech.dz\\\/wp-content\\\/uploads\\\/2021\\\/09\\\/cropped-logo-microbiotech-2.jpg\",\"contentUrl\":\"https:\\\/\\\/store.microbiotech.dz\\\/wp-content\\\/uploads\\\/2021\\\/09\\\/cropped-logo-microbiotech-2.jpg\",\"width\":815,\"height\":586,\"caption\":\"Microbiotech EURL\"},\"image\":{\"@id\":\"https:\\\/\\\/store.microbiotech.dz\\\/#\\\/schema\\\/logo\\\/image\\\/\"},\"sameAs\":[\"https:\\\/\\\/www.facebook.com\\\/MicroBiotech.dz\",\"https:\\\/\\\/x.com\\\/MicrobiotechD\",\"https:\\\/\\\/www.linkedin.com\\\/in\\\/microbiotech\\\/\",\"https:\\\/\\\/www.youtube.com\\\/channel\\\/UCTxc3VIiX7LXD2LQYfZEcDg\"]}]}<\/script>\n<!-- \/ Yoast SEO plugin. -->","yoast_head_json":{"title":"Sonicateur ( Homog\u00e9n\u00e9isateur \u00e0 ultrasons ) Faithful - La Boutique en ligne","description":"Le Sonicateur ( Homog\u00e9n\u00e9isateur \u00e0 ultrasons ) Faithful fiable et moderne est un excellent choix pour vos \u00e9tablissements. Commandez au meilleur prix ICI !","robots":{"index":"index","follow":"follow","max-snippet":"max-snippet:-1","max-image-preview":"max-image-preview:large","max-video-preview":"max-video-preview:-1"},"canonical":"https:\/\/store.microbiotech.dz\/index.php\/produit\/sonicateur-homogeneisateur-a-ultrasons-faithful\/","og_locale":"fr_FR","og_type":"article","og_title":"Sonicateur ( Homog\u00e9n\u00e9isateur \u00e0 ultrasons ) Faithful - La Boutique en ligne","og_description":"Le Sonicateur ( Homog\u00e9n\u00e9isateur \u00e0 ultrasons ) Faithful fiable et moderne est un excellent choix pour vos \u00e9tablissements. Commandez au meilleur prix ICI !","og_url":"https:\/\/store.microbiotech.dz\/index.php\/produit\/sonicateur-homogeneisateur-a-ultrasons-faithful\/","og_site_name":"La Boutique en ligne","article_publisher":"https:\/\/www.facebook.com\/MicroBiotech.dz","og_image":[{"width":600,"height":600,"url":"https:\/\/store.microbiotech.dz\/wp-content\/uploads\/2026\/03\/Untitled-design-41.webp","type":"image\/webp"}],"twitter_card":"summary_large_image","twitter_site":"@MicrobiotechD","twitter_misc":{"Dur\u00e9e de lecture estim\u00e9e":"1 minute"},"schema":{"@context":"https:\/\/schema.org","@graph":[{"@type":"WebPage","@id":"https:\/\/store.microbiotech.dz\/index.php\/produit\/sonicateur-homogeneisateur-a-ultrasons-faithful\/","url":"https:\/\/store.microbiotech.dz\/index.php\/produit\/sonicateur-homogeneisateur-a-ultrasons-faithful\/","name":"Sonicateur ( Homog\u00e9n\u00e9isateur \u00e0 ultrasons ) Faithful - La Boutique en ligne","isPartOf":{"@id":"https:\/\/store.microbiotech.dz\/#website"},"primaryImageOfPage":{"@id":"https:\/\/store.microbiotech.dz\/index.php\/produit\/sonicateur-homogeneisateur-a-ultrasons-faithful\/#primaryimage"},"image":{"@id":"https:\/\/store.microbiotech.dz\/index.php\/produit\/sonicateur-homogeneisateur-a-ultrasons-faithful\/#primaryimage"},"thumbnailUrl":"https:\/\/store.microbiotech.dz\/wp-content\/uploads\/2026\/03\/Untitled-design-41.webp","datePublished":"2026-03-30T09:52:50+00:00","description":"Le Sonicateur ( Homog\u00e9n\u00e9isateur \u00e0 ultrasons ) Faithful fiable et moderne est un excellent choix pour vos \u00e9tablissements. Commandez au meilleur prix ICI !","breadcrumb":{"@id":"https:\/\/store.microbiotech.dz\/index.php\/produit\/sonicateur-homogeneisateur-a-ultrasons-faithful\/#breadcrumb"},"inLanguage":"fr-FR","potentialAction":[{"@type":"ReadAction","target":["https:\/\/store.microbiotech.dz\/index.php\/produit\/sonicateur-homogeneisateur-a-ultrasons-faithful\/"]}]},{"@type":"ImageObject","inLanguage":"fr-FR","@id":"https:\/\/store.microbiotech.dz\/index.php\/produit\/sonicateur-homogeneisateur-a-ultrasons-faithful\/#primaryimage","url":"https:\/\/store.microbiotech.dz\/wp-content\/uploads\/2026\/03\/Untitled-design-41.webp","contentUrl":"https:\/\/store.microbiotech.dz\/wp-content\/uploads\/2026\/03\/Untitled-design-41.webp","width":600,"height":600,"caption":"Sonicateur ( Homog\u00e9n\u00e9isateur \u00e0 ultrasons ) Faithful"},{"@type":"BreadcrumbList","@id":"https:\/\/store.microbiotech.dz\/index.php\/produit\/sonicateur-homogeneisateur-a-ultrasons-faithful\/#breadcrumb","itemListElement":[{"@type":"ListItem","position":1,"name":"Accueil","item":"https:\/\/store.microbiotech.dz\/"},{"@type":"ListItem","position":2,"name":"Nos Produits","item":"https:\/\/store.microbiotech.dz\/index.php\/nos-produits\/"},{"@type":"ListItem","position":3,"name":"Sonicateur ( Homog\u00e9n\u00e9isateur \u00e0 ultrasons ) Faithful"}]},{"@type":"WebSite","@id":"https:\/\/store.microbiotech.dz\/#website","url":"https:\/\/store.microbiotech.dz\/","name":"La Boutique en ligne","description":"Qualit\u00e9 - Rapidit\u00e9 - Tranquillit\u00e9","publisher":{"@id":"https:\/\/store.microbiotech.dz\/#organization"},"potentialAction":[{"@type":"SearchAction","target":{"@type":"EntryPoint","urlTemplate":"https:\/\/store.microbiotech.dz\/?s={search_term_string}"},"query-input":{"@type":"PropertyValueSpecification","valueRequired":true,"valueName":"search_term_string"}}],"inLanguage":"fr-FR"},{"@type":"Organization","@id":"https:\/\/store.microbiotech.dz\/#organization","name":"Microbiotech EURL","url":"https:\/\/store.microbiotech.dz\/","logo":{"@type":"ImageObject","inLanguage":"fr-FR","@id":"https:\/\/store.microbiotech.dz\/#\/schema\/logo\/image\/","url":"https:\/\/store.microbiotech.dz\/wp-content\/uploads\/2021\/09\/cropped-logo-microbiotech-2.jpg","contentUrl":"https:\/\/store.microbiotech.dz\/wp-content\/uploads\/2021\/09\/cropped-logo-microbiotech-2.jpg","width":815,"height":586,"caption":"Microbiotech EURL"},"image":{"@id":"https:\/\/store.microbiotech.dz\/#\/schema\/logo\/image\/"},"sameAs":["https:\/\/www.facebook.com\/MicroBiotech.dz","https:\/\/x.com\/MicrobiotechD","https:\/\/www.linkedin.com\/in\/microbiotech\/","https:\/\/www.youtube.com\/channel\/UCTxc3VIiX7LXD2LQYfZEcDg"]}]}},"jetpack_sharing_enabled":true,"_links":{"self":[{"href":"https:\/\/store.microbiotech.dz\/index.php\/wp-json\/wp\/v2\/product\/20342","targetHints":{"allow":["GET"]}}],"collection":[{"href":"https:\/\/store.microbiotech.dz\/index.php\/wp-json\/wp\/v2\/product"}],"about":[{"href":"https:\/\/store.microbiotech.dz\/index.php\/wp-json\/wp\/v2\/types\/product"}],"replies":[{"embeddable":true,"href":"https:\/\/store.microbiotech.dz\/index.php\/wp-json\/wp\/v2\/comments?post=20342"}],"wp:featuredmedia":[{"embeddable":true,"href":"https:\/\/store.microbiotech.dz\/index.php\/wp-json\/wp\/v2\/media\/20347"}],"wp:attachment":[{"href":"https:\/\/store.microbiotech.dz\/index.php\/wp-json\/wp\/v2\/media?parent=20342"}],"wp:term":[{"taxonomy":"product_brand","embeddable":true,"href":"https:\/\/store.microbiotech.dz\/index.php\/wp-json\/wp\/v2\/product_brand?post=20342"},{"taxonomy":"product_cat","embeddable":true,"href":"https:\/\/store.microbiotech.dz\/index.php\/wp-json\/wp\/v2\/product_cat?post=20342"},{"taxonomy":"product_tag","embeddable":true,"href":"https:\/\/store.microbiotech.dz\/index.php\/wp-json\/wp\/v2\/product_tag?post=20342"}],"curies":[{"name":"wp","href":"https:\/\/api.w.org\/{rel}","templated":true}]}}