{"id":20121,"date":"2026-03-12T09:41:12","date_gmt":"2026-03-12T08:41:12","guid":{"rendered":"https:\/\/store.microbiotech.dz\/?post_type=product&#038;p=20121"},"modified":"2026-03-12T11:57:02","modified_gmt":"2026-03-12T10:57:02","slug":"sacs-dechantillonnage-100-unites-astiks","status":"publish","type":"product","link":"https:\/\/store.microbiotech.dz\/index.php\/produit\/sacs-dechantillonnage-100-unites-astiks\/","title":{"rendered":"Sacs d&rsquo;\u00e9chantillonnage 100 unit\u00e9s Astik&rsquo;s"},"content":{"rendered":"<p>Les <a href=\"https:\/\/store.microbiotech.dz\/?s=sac\">Sacs<\/a> d&rsquo;\u00e9chantillonnage 100 unit\u00e9s Astik&rsquo;s en poly\u00e9thyl\u00e8ne offrent une solution pratique et s\u00fbre pour la collecte et le transport d\u2019\u00e9chantillons. Leur fermeture zip herm\u00e9tique prot\u00e8ge efficacement le contenu contre les contaminations et les fuites. Le panneau d\u2019\u00e9criture int\u00e9gr\u00e9 permet d\u2019identifier facilement chaque \u00e9chantillon pour un suivi clair en laboratoire ou sur le terrain. Avec leurs dimensions 150 \u00d7 220 mm, ces sacs robustes accueillent diff\u00e9rents types d\u2019\u00e9chantillons solides ou granulaires. Chaque lot contient 100 unit\u00e9s, id\u00e9al pour les analyses, le contr\u00f4le qualit\u00e9 et les travaux de laboratoire.<\/p>\n","protected":false},"excerpt":{"rendered":"<p>&nbsp;<\/p>\n<p>Marque : <strong>Astik&rsquo;s<img loading=\"lazy\" decoding=\"async\" class=\"alignnone wp-image-20122\" src=\"https:\/\/store.microbiotech.dz\/wp-content\/uploads\/2026\/03\/Untitled-design-31-300x300.png\" alt=\"\" width=\"48\" height=\"48\" srcset=\"https:\/\/store.microbiotech.dz\/wp-content\/uploads\/2026\/03\/Untitled-design-31-300x300.png 300w, https:\/\/store.microbiotech.dz\/wp-content\/uploads\/2026\/03\/Untitled-design-31-150x150.png 150w, https:\/\/store.microbiotech.dz\/wp-content\/uploads\/2026\/03\/Untitled-design-31-100x100.png 100w, https:\/\/store.microbiotech.dz\/wp-content\/uploads\/2026\/03\/Untitled-design-31.png 600w\" sizes=\"auto, (max-width: 48px) 100vw, 48px\" \/><\/strong><br \/>\nMati\u00e8re : <strong>Poly\u00e9thyl\u00e8ne<\/strong><br \/>\nConditionnement : <strong>100 sacs st\u00e9riles<\/strong><br \/>\nDimensions : <strong>150 x 220 mm<\/strong><br \/>\nAvec : <strong>panneau d\u2019\u00e9criture blanc<\/strong><\/p>\n","protected":false},"featured_media":20123,"comment_status":"open","ping_status":"closed","template":"","meta":{"site-sidebar-layout":"default","site-content-layout":"","ast-site-content-layout":"default","site-content-style":"default","site-sidebar-style":"default","ast-global-header-display":"","ast-banner-title-visibility":"","ast-main-header-display":"","ast-hfb-above-header-display":"","ast-hfb-below-header-display":"","ast-hfb-mobile-header-display":"","site-post-title":"","ast-breadcrumbs-content":"","ast-featured-img":"","footer-sml-layout":"","ast-disable-related-posts":"","theme-transparent-header-meta":"default","adv-header-id-meta":"","stick-header-meta":"","header-above-stick-meta":"","header-main-stick-meta":"","header-below-stick-meta":"","astra-migrate-meta-layouts":"set","ast-page-background-enabled":"default","ast-page-background-meta":{"desktop":{"background-color":"var(--ast-global-color-4)","background-image":"","background-repeat":"repeat","background-position":"center center","background-size":"auto","background-attachment":"scroll","background-type":"","background-media":"","overlay-type":"","overlay-color":"","overlay-opacity":"","overlay-gradient":""},"tablet":{"background-color":"","background-image":"","background-repeat":"repeat","background-position":"center center","background-size":"auto","background-attachment":"scroll","background-type":"","background-media":"","overlay-type":"","overlay-color":"","overlay-opacity":"","overlay-gradient":""},"mobile":{"background-color":"","background-image":"","background-repeat":"repeat","background-position":"center center","background-size":"auto","background-attachment":"scroll","background-type":"","background-media":"","overlay-type":"","overlay-color":"","overlay-opacity":"","overlay-gradient":""}},"ast-content-background-meta":{"desktop":{"background-color":"var(--ast-global-color-5)","background-image":"","background-repeat":"repeat","background-position":"center center","background-size":"auto","background-attachment":"scroll","background-type":"","background-media":"","overlay-type":"","overlay-color":"","overlay-opacity":"","overlay-gradient":""},"tablet":{"background-color":"var(--ast-global-color-5)","background-image":"","background-repeat":"repeat","background-position":"center center","background-size":"auto","background-attachment":"scroll","background-type":"","background-media":"","overlay-type":"","overlay-color":"","overlay-opacity":"","overlay-gradient":""},"mobile":{"background-color":"var(--ast-global-color-5)","background-image":"","background-repeat":"repeat","background-position":"center center","background-size":"auto","background-attachment":"scroll","background-type":"","background-media":"","overlay-type":"","overlay-color":"","overlay-opacity":"","overlay-gradient":""}},"jetpack_post_was_ever_published":false},"product_brand":[],"product_cat":[799,238],"product_tag":[3503,2041,3502,1352,2040,2042,2045,2044,2043],"class_list":{"0":"post-20121","1":"product","2":"type-product","3":"status-publish","4":"has-post-thumbnail","6":"product_cat-consommable-plast","7":"product_cat-equipements","8":"product_tag-astiks","9":"product_tag-echantillon","10":"product_tag-f189","11":"product_tag-sac","12":"product_tag-sac-sterile","13":"product_tag-sac-zip","14":"product_tag-sacs-dechantillonnage","15":"product_tag-sacs-steriles","16":"product_tag-zip","17":"desktop-align-center","18":"tablet-align-left","19":"mobile-align-left","21":"first","22":"instock","23":"taxable","24":"shipping-taxable","25":"purchasable","26":"product-type-simple"},"yoast_head":"<!-- This site is optimized with the Yoast SEO plugin v27.5 - https:\/\/yoast.com\/product\/yoast-seo-wordpress\/ -->\n<title>Sacs d&#039;\u00e9chantillonnage 100 unit\u00e9s Astik&#039;s - La Boutique en ligne<\/title>\n<meta name=\"description\" content=\"Sacs d&#039;\u00e9chantillonnage 100 unit\u00e9s Astik&#039;s pour le transport d&#039;\u00e9chantillons liquides ou solides, faciles \u00e0 remplir avec une large ouverture.\" \/>\n<meta name=\"robots\" content=\"index, follow, max-snippet:-1, max-image-preview:large, max-video-preview:-1\" \/>\n<link rel=\"canonical\" href=\"https:\/\/store.microbiotech.dz\/index.php\/produit\/sacs-dechantillonnage-100-unites-astiks\/\" \/>\n<meta property=\"og:locale\" content=\"fr_FR\" \/>\n<meta property=\"og:type\" content=\"article\" \/>\n<meta property=\"og:title\" content=\"Sacs d&#039;\u00e9chantillonnage 100 unit\u00e9s Astik&#039;s - La Boutique en ligne\" \/>\n<meta property=\"og:description\" content=\"Sacs d&#039;\u00e9chantillonnage 100 unit\u00e9s Astik&#039;s pour le transport d&#039;\u00e9chantillons liquides ou solides, faciles \u00e0 remplir avec une large ouverture.\" \/>\n<meta property=\"og:url\" content=\"https:\/\/store.microbiotech.dz\/index.php\/produit\/sacs-dechantillonnage-100-unites-astiks\/\" \/>\n<meta property=\"og:site_name\" content=\"La Boutique en ligne\" \/>\n<meta property=\"article:publisher\" content=\"https:\/\/www.facebook.com\/MicroBiotech.dz\" \/>\n<meta property=\"article:modified_time\" content=\"2026-03-12T10:57:02+00:00\" \/>\n<meta property=\"og:image\" content=\"https:\/\/store.microbiotech.dz\/wp-content\/uploads\/2026\/03\/Untitled-design-30.webp\" \/>\n\t<meta property=\"og:image:width\" content=\"600\" \/>\n\t<meta property=\"og:image:height\" content=\"600\" \/>\n\t<meta property=\"og:image:type\" content=\"image\/webp\" \/>\n<meta name=\"twitter:card\" content=\"summary_large_image\" \/>\n<meta name=\"twitter:site\" content=\"@MicrobiotechD\" \/>\n<script type=\"application\/ld+json\" class=\"yoast-schema-graph\">{\"@context\":\"https:\\\/\\\/schema.org\",\"@graph\":[{\"@type\":\"WebPage\",\"@id\":\"https:\\\/\\\/store.microbiotech.dz\\\/index.php\\\/produit\\\/sacs-dechantillonnage-100-unites-astiks\\\/\",\"url\":\"https:\\\/\\\/store.microbiotech.dz\\\/index.php\\\/produit\\\/sacs-dechantillonnage-100-unites-astiks\\\/\",\"name\":\"Sacs d'\u00e9chantillonnage 100 unit\u00e9s Astik's - La Boutique en ligne\",\"isPartOf\":{\"@id\":\"https:\\\/\\\/store.microbiotech.dz\\\/#website\"},\"primaryImageOfPage\":{\"@id\":\"https:\\\/\\\/store.microbiotech.dz\\\/index.php\\\/produit\\\/sacs-dechantillonnage-100-unites-astiks\\\/#primaryimage\"},\"image\":{\"@id\":\"https:\\\/\\\/store.microbiotech.dz\\\/index.php\\\/produit\\\/sacs-dechantillonnage-100-unites-astiks\\\/#primaryimage\"},\"thumbnailUrl\":\"https:\\\/\\\/store.microbiotech.dz\\\/wp-content\\\/uploads\\\/2026\\\/03\\\/Untitled-design-30.webp\",\"datePublished\":\"2026-03-12T08:41:12+00:00\",\"dateModified\":\"2026-03-12T10:57:02+00:00\",\"description\":\"Sacs d'\u00e9chantillonnage 100 unit\u00e9s Astik's pour le transport d'\u00e9chantillons liquides ou solides, faciles \u00e0 remplir avec une large ouverture.\",\"breadcrumb\":{\"@id\":\"https:\\\/\\\/store.microbiotech.dz\\\/index.php\\\/produit\\\/sacs-dechantillonnage-100-unites-astiks\\\/#breadcrumb\"},\"inLanguage\":\"fr-FR\",\"potentialAction\":[{\"@type\":\"ReadAction\",\"target\":[\"https:\\\/\\\/store.microbiotech.dz\\\/index.php\\\/produit\\\/sacs-dechantillonnage-100-unites-astiks\\\/\"]}]},{\"@type\":\"ImageObject\",\"inLanguage\":\"fr-FR\",\"@id\":\"https:\\\/\\\/store.microbiotech.dz\\\/index.php\\\/produit\\\/sacs-dechantillonnage-100-unites-astiks\\\/#primaryimage\",\"url\":\"https:\\\/\\\/store.microbiotech.dz\\\/wp-content\\\/uploads\\\/2026\\\/03\\\/Untitled-design-30.webp\",\"contentUrl\":\"https:\\\/\\\/store.microbiotech.dz\\\/wp-content\\\/uploads\\\/2026\\\/03\\\/Untitled-design-30.webp\",\"width\":600,\"height\":600,\"caption\":\"Sacs d'\u00e9chantillonnage 100 unit\u00e9s Astik's\"},{\"@type\":\"BreadcrumbList\",\"@id\":\"https:\\\/\\\/store.microbiotech.dz\\\/index.php\\\/produit\\\/sacs-dechantillonnage-100-unites-astiks\\\/#breadcrumb\",\"itemListElement\":[{\"@type\":\"ListItem\",\"position\":1,\"name\":\"Accueil\",\"item\":\"https:\\\/\\\/store.microbiotech.dz\\\/\"},{\"@type\":\"ListItem\",\"position\":2,\"name\":\"Nos Produits\",\"item\":\"https:\\\/\\\/store.microbiotech.dz\\\/index.php\\\/nos-produits\\\/\"},{\"@type\":\"ListItem\",\"position\":3,\"name\":\"Sacs d&rsquo;\u00e9chantillonnage 100 unit\u00e9s Astik&rsquo;s\"}]},{\"@type\":\"WebSite\",\"@id\":\"https:\\\/\\\/store.microbiotech.dz\\\/#website\",\"url\":\"https:\\\/\\\/store.microbiotech.dz\\\/\",\"name\":\"La Boutique en ligne\",\"description\":\"Qualit\u00e9 - Rapidit\u00e9 - Tranquillit\u00e9\",\"publisher\":{\"@id\":\"https:\\\/\\\/store.microbiotech.dz\\\/#organization\"},\"potentialAction\":[{\"@type\":\"SearchAction\",\"target\":{\"@type\":\"EntryPoint\",\"urlTemplate\":\"https:\\\/\\\/store.microbiotech.dz\\\/?s={search_term_string}\"},\"query-input\":{\"@type\":\"PropertyValueSpecification\",\"valueRequired\":true,\"valueName\":\"search_term_string\"}}],\"inLanguage\":\"fr-FR\"},{\"@type\":\"Organization\",\"@id\":\"https:\\\/\\\/store.microbiotech.dz\\\/#organization\",\"name\":\"Microbiotech EURL\",\"url\":\"https:\\\/\\\/store.microbiotech.dz\\\/\",\"logo\":{\"@type\":\"ImageObject\",\"inLanguage\":\"fr-FR\",\"@id\":\"https:\\\/\\\/store.microbiotech.dz\\\/#\\\/schema\\\/logo\\\/image\\\/\",\"url\":\"https:\\\/\\\/store.microbiotech.dz\\\/wp-content\\\/uploads\\\/2021\\\/09\\\/cropped-logo-microbiotech-2.jpg\",\"contentUrl\":\"https:\\\/\\\/store.microbiotech.dz\\\/wp-content\\\/uploads\\\/2021\\\/09\\\/cropped-logo-microbiotech-2.jpg\",\"width\":815,\"height\":586,\"caption\":\"Microbiotech EURL\"},\"image\":{\"@id\":\"https:\\\/\\\/store.microbiotech.dz\\\/#\\\/schema\\\/logo\\\/image\\\/\"},\"sameAs\":[\"https:\\\/\\\/www.facebook.com\\\/MicroBiotech.dz\",\"https:\\\/\\\/x.com\\\/MicrobiotechD\",\"https:\\\/\\\/www.linkedin.com\\\/in\\\/microbiotech\\\/\",\"https:\\\/\\\/www.youtube.com\\\/channel\\\/UCTxc3VIiX7LXD2LQYfZEcDg\"]}]}<\/script>\n<!-- \/ Yoast SEO plugin. -->","yoast_head_json":{"title":"Sacs d'\u00e9chantillonnage 100 unit\u00e9s Astik's - La Boutique en ligne","description":"Sacs d'\u00e9chantillonnage 100 unit\u00e9s Astik's pour le transport d'\u00e9chantillons liquides ou solides, faciles \u00e0 remplir avec une large ouverture.","robots":{"index":"index","follow":"follow","max-snippet":"max-snippet:-1","max-image-preview":"max-image-preview:large","max-video-preview":"max-video-preview:-1"},"canonical":"https:\/\/store.microbiotech.dz\/index.php\/produit\/sacs-dechantillonnage-100-unites-astiks\/","og_locale":"fr_FR","og_type":"article","og_title":"Sacs d'\u00e9chantillonnage 100 unit\u00e9s Astik's - La Boutique en ligne","og_description":"Sacs d'\u00e9chantillonnage 100 unit\u00e9s Astik's pour le transport d'\u00e9chantillons liquides ou solides, faciles \u00e0 remplir avec une large ouverture.","og_url":"https:\/\/store.microbiotech.dz\/index.php\/produit\/sacs-dechantillonnage-100-unites-astiks\/","og_site_name":"La Boutique en ligne","article_publisher":"https:\/\/www.facebook.com\/MicroBiotech.dz","article_modified_time":"2026-03-12T10:57:02+00:00","og_image":[{"width":600,"height":600,"url":"https:\/\/store.microbiotech.dz\/wp-content\/uploads\/2026\/03\/Untitled-design-30.webp","type":"image\/webp"}],"twitter_card":"summary_large_image","twitter_site":"@MicrobiotechD","schema":{"@context":"https:\/\/schema.org","@graph":[{"@type":"WebPage","@id":"https:\/\/store.microbiotech.dz\/index.php\/produit\/sacs-dechantillonnage-100-unites-astiks\/","url":"https:\/\/store.microbiotech.dz\/index.php\/produit\/sacs-dechantillonnage-100-unites-astiks\/","name":"Sacs d'\u00e9chantillonnage 100 unit\u00e9s Astik's - La Boutique en ligne","isPartOf":{"@id":"https:\/\/store.microbiotech.dz\/#website"},"primaryImageOfPage":{"@id":"https:\/\/store.microbiotech.dz\/index.php\/produit\/sacs-dechantillonnage-100-unites-astiks\/#primaryimage"},"image":{"@id":"https:\/\/store.microbiotech.dz\/index.php\/produit\/sacs-dechantillonnage-100-unites-astiks\/#primaryimage"},"thumbnailUrl":"https:\/\/store.microbiotech.dz\/wp-content\/uploads\/2026\/03\/Untitled-design-30.webp","datePublished":"2026-03-12T08:41:12+00:00","dateModified":"2026-03-12T10:57:02+00:00","description":"Sacs d'\u00e9chantillonnage 100 unit\u00e9s Astik's pour le transport d'\u00e9chantillons liquides ou solides, faciles \u00e0 remplir avec une large ouverture.","breadcrumb":{"@id":"https:\/\/store.microbiotech.dz\/index.php\/produit\/sacs-dechantillonnage-100-unites-astiks\/#breadcrumb"},"inLanguage":"fr-FR","potentialAction":[{"@type":"ReadAction","target":["https:\/\/store.microbiotech.dz\/index.php\/produit\/sacs-dechantillonnage-100-unites-astiks\/"]}]},{"@type":"ImageObject","inLanguage":"fr-FR","@id":"https:\/\/store.microbiotech.dz\/index.php\/produit\/sacs-dechantillonnage-100-unites-astiks\/#primaryimage","url":"https:\/\/store.microbiotech.dz\/wp-content\/uploads\/2026\/03\/Untitled-design-30.webp","contentUrl":"https:\/\/store.microbiotech.dz\/wp-content\/uploads\/2026\/03\/Untitled-design-30.webp","width":600,"height":600,"caption":"Sacs d'\u00e9chantillonnage 100 unit\u00e9s Astik's"},{"@type":"BreadcrumbList","@id":"https:\/\/store.microbiotech.dz\/index.php\/produit\/sacs-dechantillonnage-100-unites-astiks\/#breadcrumb","itemListElement":[{"@type":"ListItem","position":1,"name":"Accueil","item":"https:\/\/store.microbiotech.dz\/"},{"@type":"ListItem","position":2,"name":"Nos Produits","item":"https:\/\/store.microbiotech.dz\/index.php\/nos-produits\/"},{"@type":"ListItem","position":3,"name":"Sacs d&rsquo;\u00e9chantillonnage 100 unit\u00e9s Astik&rsquo;s"}]},{"@type":"WebSite","@id":"https:\/\/store.microbiotech.dz\/#website","url":"https:\/\/store.microbiotech.dz\/","name":"La Boutique en ligne","description":"Qualit\u00e9 - Rapidit\u00e9 - Tranquillit\u00e9","publisher":{"@id":"https:\/\/store.microbiotech.dz\/#organization"},"potentialAction":[{"@type":"SearchAction","target":{"@type":"EntryPoint","urlTemplate":"https:\/\/store.microbiotech.dz\/?s={search_term_string}"},"query-input":{"@type":"PropertyValueSpecification","valueRequired":true,"valueName":"search_term_string"}}],"inLanguage":"fr-FR"},{"@type":"Organization","@id":"https:\/\/store.microbiotech.dz\/#organization","name":"Microbiotech EURL","url":"https:\/\/store.microbiotech.dz\/","logo":{"@type":"ImageObject","inLanguage":"fr-FR","@id":"https:\/\/store.microbiotech.dz\/#\/schema\/logo\/image\/","url":"https:\/\/store.microbiotech.dz\/wp-content\/uploads\/2021\/09\/cropped-logo-microbiotech-2.jpg","contentUrl":"https:\/\/store.microbiotech.dz\/wp-content\/uploads\/2021\/09\/cropped-logo-microbiotech-2.jpg","width":815,"height":586,"caption":"Microbiotech EURL"},"image":{"@id":"https:\/\/store.microbiotech.dz\/#\/schema\/logo\/image\/"},"sameAs":["https:\/\/www.facebook.com\/MicroBiotech.dz","https:\/\/x.com\/MicrobiotechD","https:\/\/www.linkedin.com\/in\/microbiotech\/","https:\/\/www.youtube.com\/channel\/UCTxc3VIiX7LXD2LQYfZEcDg"]}]}},"jetpack_sharing_enabled":true,"_links":{"self":[{"href":"https:\/\/store.microbiotech.dz\/index.php\/wp-json\/wp\/v2\/product\/20121","targetHints":{"allow":["GET"]}}],"collection":[{"href":"https:\/\/store.microbiotech.dz\/index.php\/wp-json\/wp\/v2\/product"}],"about":[{"href":"https:\/\/store.microbiotech.dz\/index.php\/wp-json\/wp\/v2\/types\/product"}],"replies":[{"embeddable":true,"href":"https:\/\/store.microbiotech.dz\/index.php\/wp-json\/wp\/v2\/comments?post=20121"}],"wp:featuredmedia":[{"embeddable":true,"href":"https:\/\/store.microbiotech.dz\/index.php\/wp-json\/wp\/v2\/media\/20123"}],"wp:attachment":[{"href":"https:\/\/store.microbiotech.dz\/index.php\/wp-json\/wp\/v2\/media?parent=20121"}],"wp:term":[{"taxonomy":"product_brand","embeddable":true,"href":"https:\/\/store.microbiotech.dz\/index.php\/wp-json\/wp\/v2\/product_brand?post=20121"},{"taxonomy":"product_cat","embeddable":true,"href":"https:\/\/store.microbiotech.dz\/index.php\/wp-json\/wp\/v2\/product_cat?post=20121"},{"taxonomy":"product_tag","embeddable":true,"href":"https:\/\/store.microbiotech.dz\/index.php\/wp-json\/wp\/v2\/product_tag?post=20121"}],"curies":[{"name":"wp","href":"https:\/\/api.w.org\/{rel}","templated":true}]}}