{"id":20081,"date":"2026-03-10T10:27:41","date_gmt":"2026-03-10T09:27:41","guid":{"rendered":"https:\/\/store.microbiotech.dz\/?post_type=product&#038;p=20081"},"modified":"2026-03-10T10:55:26","modified_gmt":"2026-03-10T09:55:26","slug":"testeur-de-ph-milwaukee","status":"publish","type":"product","link":"https:\/\/store.microbiotech.dz\/index.php\/produit\/testeur-de-ph-milwaukee\/","title":{"rendered":"Testeur de pH Milwaukee"},"content":{"rendered":"<p data-start=\"121\" data-end=\"237\">\u00a0Le testeur de pH \u00e9tanche <a href=\"https:\/\/milwaukeeinstruments.eu\/\" target=\"_blank\" rel=\"noopener\">Milwaukee<\/a> PH55 mesure avec pr\u00e9cision le <a href=\"https:\/\/store.microbiotech.dz\/?s=pH\" target=\"_blank\" rel=\"noopener\">pH<\/a> et la temp\u00e9rature en m\u00eame temps gr\u00e2ce \u00e0 son \u00e9cran LCD clair qui affiche aussi le niveau de batterie. Il couvre une large plage de mesure de pH -2,0 \u00e0 16,0 avec une pr\u00e9cision de \u00b10,1 pH et int\u00e8gre une compensation automatique de temp\u00e9rature (ATC) pour garantir des r\u00e9sultats fiables dans toutes les conditions. Sa conception waterproof r\u00e9siste \u00e0 l\u2019humidit\u00e9 et \u00e0 une immersion courte en eau peu profonde. La sonde interchangeable prolonge la dur\u00e9e de vie de l\u2019appareil et r\u00e9duit les co\u00fbts d\u2019utilisation. La calibration automatique en deux points assure un \u00e9talonnage simple et rapide.<\/p>\n<p data-start=\"121\" data-end=\"237\">Ce Testeur de pH Milwaukee inclut \u00e9galement deux sachets de solution d\u2019\u00e9talonnage pH 4 et pH 7 pour d\u00e9marrer imm\u00e9diatement les mesures. Ce testeur compact convient parfaitement aux laboratoires, piscines, aquariums, hydroponie et contr\u00f4le de la qualit\u00e9 de l\u2019eau.<\/p>\n","protected":false},"excerpt":{"rendered":"<p>&nbsp;<\/p>\n<p>Marque:\u00a0<strong>Milwaukee<\/strong><strong><img loading=\"lazy\" decoding=\"async\" class=\"wp-image-1507 alignnone lazyloaded\" src=\"https:\/\/store.microbiotech.dz\/wp-content\/uploads\/2022\/02\/Sans-titre-1.png\" alt=\"\" width=\"29\" height=\"27\" data-src=\"https:\/\/store.microbiotech.dz\/wp-content\/uploads\/2022\/02\/Sans-titre-1.png\" \/><\/strong><br \/>\n<span dir=\"auto\">Plage de pH\u00a0: <strong>-2,0 \u00e0 16,0 pH<\/strong><\/span><br \/>\n<span dir=\"auto\">Plage de temp\u00e9rature\u00a0: <strong>-5,0 \u00e0 60,0 \u00b0C (23 \u00e0 140 \u00b0F)<\/strong><\/span><br \/>\n<span dir=\"auto\">R\u00e9solution du pH : <strong>0,1 pH<\/strong><\/span><br \/>\n<span dir=\"auto\">Pr\u00e9cision du pH : <strong>\u00b10,1 pH<\/strong><\/span><br \/>\n<span dir=\"auto\">Pr\u00e9cision de la temp\u00e9rature : <strong>\u00b10,5 \u00b0C (\u00b11 \u00b0F)<\/strong><\/span><br \/>\n<span dir=\"auto\">\u00c9cart EMC typique : <strong>\u00b10,1<\/strong><\/span><br \/>\n<span dir=\"auto\">\u00c9cart de temp\u00e9rature EMC typique\u00a0<strong>: \u00b10,3 \u00b0C (\u00b10,6 \u00b0F)<\/strong><\/span><br \/>\n<span dir=\"auto\">Compensation de temp\u00e9rature : <strong>Automatique de -5 \u00e0 60 \u00b0C (23 \u00e0 140 \u00b0F)<\/strong><\/span><br \/>\n<span dir=\"auto\">Calibrage automatique : <strong>1 ou 2 points avec 2 jeux de tampons pr\u00e9-m\u00e9moris\u00e9s (pH 4,01, 7,01, 10,01) ou (pH 4,01, 6,86, 9,18)<\/strong><\/span><br \/>\n<span dir=\"auto\">Sonde : <strong>Double jonction rempla\u00e7able pour une dur\u00e9e de vie prolong\u00e9e (Mi56P)<\/strong><\/span><br \/>\n<span dir=\"auto\">Environnement : <strong>-5 \u00e0 50 \u00b0C \/ 23 \u00e0 122 \u00b0F ; humidit\u00e9 relative maximale 100 %<\/strong><\/span><br \/>\n<span dir=\"auto\">Type de pile\u00a0:<strong> 4 x 1,5 V ; IEC LR44, A76 (incluses)<\/strong><\/span><br \/>\n<span dir=\"auto\">Autonomie de la batterie :<strong> environ 300 heures d&rsquo;utilisation<\/strong><\/span><br \/>\n<span dir=\"auto\">Arr\u00eat automatique :<strong> apr\u00e8s 8 minutes d&rsquo;inutilisation<\/strong><\/span><br \/>\nT\u00e9l\u00e9chargement : <a href=\"https:\/\/store.microbiotech.dz\/wp-content\/uploads\/2026\/03\/ph55.pdf\">ph55<\/a><\/p>\n","protected":false},"featured_media":20084,"comment_status":"open","ping_status":"closed","template":"","meta":{"site-sidebar-layout":"default","site-content-layout":"","ast-site-content-layout":"default","site-content-style":"default","site-sidebar-style":"default","ast-global-header-display":"","ast-banner-title-visibility":"","ast-main-header-display":"","ast-hfb-above-header-display":"","ast-hfb-below-header-display":"","ast-hfb-mobile-header-display":"","site-post-title":"","ast-breadcrumbs-content":"","ast-featured-img":"","footer-sml-layout":"","ast-disable-related-posts":"","theme-transparent-header-meta":"default","adv-header-id-meta":"","stick-header-meta":"","header-above-stick-meta":"","header-main-stick-meta":"","header-below-stick-meta":"","astra-migrate-meta-layouts":"set","ast-page-background-enabled":"default","ast-page-background-meta":{"desktop":{"background-color":"var(--ast-global-color-4)","background-image":"","background-repeat":"repeat","background-position":"center center","background-size":"auto","background-attachment":"scroll","background-type":"","background-media":"","overlay-type":"","overlay-color":"","overlay-opacity":"","overlay-gradient":""},"tablet":{"background-color":"","background-image":"","background-repeat":"repeat","background-position":"center center","background-size":"auto","background-attachment":"scroll","background-type":"","background-media":"","overlay-type":"","overlay-color":"","overlay-opacity":"","overlay-gradient":""},"mobile":{"background-color":"","background-image":"","background-repeat":"repeat","background-position":"center center","background-size":"auto","background-attachment":"scroll","background-type":"","background-media":"","overlay-type":"","overlay-color":"","overlay-opacity":"","overlay-gradient":""}},"ast-content-background-meta":{"desktop":{"background-color":"var(--ast-global-color-5)","background-image":"","background-repeat":"repeat","background-position":"center center","background-size":"auto","background-attachment":"scroll","background-type":"","background-media":"","overlay-type":"","overlay-color":"","overlay-opacity":"","overlay-gradient":""},"tablet":{"background-color":"var(--ast-global-color-5)","background-image":"","background-repeat":"repeat","background-position":"center center","background-size":"auto","background-attachment":"scroll","background-type":"","background-media":"","overlay-type":"","overlay-color":"","overlay-opacity":"","overlay-gradient":""},"mobile":{"background-color":"var(--ast-global-color-5)","background-image":"","background-repeat":"repeat","background-position":"center center","background-size":"auto","background-attachment":"scroll","background-type":"","background-media":"","overlay-type":"","overlay-color":"","overlay-opacity":"","overlay-gradient":""}},"jetpack_post_was_ever_published":false},"product_brand":[],"product_cat":[238],"product_tag":[1228,550,546,2379],"class_list":{"0":"post-20081","1":"product","2":"type-product","3":"status-publish","4":"has-post-thumbnail","6":"product_cat-equipements","7":"product_tag-f104","8":"product_tag-milwaukee","9":"product_tag-ph","10":"product_tag-ph-metre-portable","11":"desktop-align-center","12":"tablet-align-left","13":"mobile-align-left","15":"first","16":"instock","17":"taxable","18":"shipping-taxable","19":"purchasable","20":"product-type-simple"},"yoast_head":"<!-- This site is optimized with the Yoast SEO plugin v27.5 - https:\/\/yoast.com\/product\/yoast-seo-wordpress\/ -->\n<title>Testeur de pH Milwaukee - La Boutique en ligne<\/title>\n<meta name=\"description\" content=\"Le Testeur de pH Milwaukee assure pr\u00e9cision et fiabilit\u00e9 pour Toutes les Applications de laboratoire au meilleur prix sur microbiotech.dz\" \/>\n<meta name=\"robots\" content=\"index, follow, max-snippet:-1, max-image-preview:large, max-video-preview:-1\" \/>\n<link rel=\"canonical\" href=\"https:\/\/store.microbiotech.dz\/index.php\/produit\/testeur-de-ph-milwaukee\/\" \/>\n<meta property=\"og:locale\" content=\"fr_FR\" \/>\n<meta property=\"og:type\" content=\"article\" \/>\n<meta property=\"og:title\" content=\"Testeur de pH Milwaukee - La Boutique en ligne\" \/>\n<meta property=\"og:description\" content=\"Le Testeur de pH Milwaukee assure pr\u00e9cision et fiabilit\u00e9 pour Toutes les Applications de laboratoire au meilleur prix sur microbiotech.dz\" \/>\n<meta property=\"og:url\" content=\"https:\/\/store.microbiotech.dz\/index.php\/produit\/testeur-de-ph-milwaukee\/\" \/>\n<meta property=\"og:site_name\" content=\"La Boutique en ligne\" \/>\n<meta property=\"article:publisher\" content=\"https:\/\/www.facebook.com\/MicroBiotech.dz\" \/>\n<meta property=\"article:modified_time\" content=\"2026-03-10T09:55:26+00:00\" \/>\n<meta property=\"og:image\" content=\"https:\/\/store.microbiotech.dz\/wp-content\/uploads\/2026\/03\/Untitled-design-28-2.webp\" \/>\n\t<meta property=\"og:image:width\" content=\"600\" \/>\n\t<meta property=\"og:image:height\" content=\"600\" \/>\n\t<meta property=\"og:image:type\" content=\"image\/webp\" \/>\n<meta name=\"twitter:card\" content=\"summary_large_image\" \/>\n<meta name=\"twitter:site\" content=\"@MicrobiotechD\" \/>\n<meta name=\"twitter:label1\" content=\"Dur\u00e9e de lecture estim\u00e9e\" \/>\n\t<meta name=\"twitter:data1\" content=\"1 minute\" \/>\n<script type=\"application\/ld+json\" class=\"yoast-schema-graph\">{\"@context\":\"https:\\\/\\\/schema.org\",\"@graph\":[{\"@type\":\"WebPage\",\"@id\":\"https:\\\/\\\/store.microbiotech.dz\\\/index.php\\\/produit\\\/testeur-de-ph-milwaukee\\\/\",\"url\":\"https:\\\/\\\/store.microbiotech.dz\\\/index.php\\\/produit\\\/testeur-de-ph-milwaukee\\\/\",\"name\":\"Testeur de pH Milwaukee - La Boutique en ligne\",\"isPartOf\":{\"@id\":\"https:\\\/\\\/store.microbiotech.dz\\\/#website\"},\"primaryImageOfPage\":{\"@id\":\"https:\\\/\\\/store.microbiotech.dz\\\/index.php\\\/produit\\\/testeur-de-ph-milwaukee\\\/#primaryimage\"},\"image\":{\"@id\":\"https:\\\/\\\/store.microbiotech.dz\\\/index.php\\\/produit\\\/testeur-de-ph-milwaukee\\\/#primaryimage\"},\"thumbnailUrl\":\"https:\\\/\\\/store.microbiotech.dz\\\/wp-content\\\/uploads\\\/2026\\\/03\\\/Untitled-design-28-2.webp\",\"datePublished\":\"2026-03-10T09:27:41+00:00\",\"dateModified\":\"2026-03-10T09:55:26+00:00\",\"description\":\"Le Testeur de pH Milwaukee assure pr\u00e9cision et fiabilit\u00e9 pour Toutes les Applications de laboratoire au meilleur prix sur microbiotech.dz\",\"breadcrumb\":{\"@id\":\"https:\\\/\\\/store.microbiotech.dz\\\/index.php\\\/produit\\\/testeur-de-ph-milwaukee\\\/#breadcrumb\"},\"inLanguage\":\"fr-FR\",\"potentialAction\":[{\"@type\":\"ReadAction\",\"target\":[\"https:\\\/\\\/store.microbiotech.dz\\\/index.php\\\/produit\\\/testeur-de-ph-milwaukee\\\/\"]}]},{\"@type\":\"ImageObject\",\"inLanguage\":\"fr-FR\",\"@id\":\"https:\\\/\\\/store.microbiotech.dz\\\/index.php\\\/produit\\\/testeur-de-ph-milwaukee\\\/#primaryimage\",\"url\":\"https:\\\/\\\/store.microbiotech.dz\\\/wp-content\\\/uploads\\\/2026\\\/03\\\/Untitled-design-28-2.webp\",\"contentUrl\":\"https:\\\/\\\/store.microbiotech.dz\\\/wp-content\\\/uploads\\\/2026\\\/03\\\/Untitled-design-28-2.webp\",\"width\":600,\"height\":600,\"caption\":\"Testeur de pH Milwaukee\"},{\"@type\":\"BreadcrumbList\",\"@id\":\"https:\\\/\\\/store.microbiotech.dz\\\/index.php\\\/produit\\\/testeur-de-ph-milwaukee\\\/#breadcrumb\",\"itemListElement\":[{\"@type\":\"ListItem\",\"position\":1,\"name\":\"Accueil\",\"item\":\"https:\\\/\\\/store.microbiotech.dz\\\/\"},{\"@type\":\"ListItem\",\"position\":2,\"name\":\"Nos Produits\",\"item\":\"https:\\\/\\\/store.microbiotech.dz\\\/index.php\\\/nos-produits\\\/\"},{\"@type\":\"ListItem\",\"position\":3,\"name\":\"Testeur de pH Milwaukee\"}]},{\"@type\":\"WebSite\",\"@id\":\"https:\\\/\\\/store.microbiotech.dz\\\/#website\",\"url\":\"https:\\\/\\\/store.microbiotech.dz\\\/\",\"name\":\"La Boutique en ligne\",\"description\":\"Qualit\u00e9 - Rapidit\u00e9 - Tranquillit\u00e9\",\"publisher\":{\"@id\":\"https:\\\/\\\/store.microbiotech.dz\\\/#organization\"},\"potentialAction\":[{\"@type\":\"SearchAction\",\"target\":{\"@type\":\"EntryPoint\",\"urlTemplate\":\"https:\\\/\\\/store.microbiotech.dz\\\/?s={search_term_string}\"},\"query-input\":{\"@type\":\"PropertyValueSpecification\",\"valueRequired\":true,\"valueName\":\"search_term_string\"}}],\"inLanguage\":\"fr-FR\"},{\"@type\":\"Organization\",\"@id\":\"https:\\\/\\\/store.microbiotech.dz\\\/#organization\",\"name\":\"Microbiotech EURL\",\"url\":\"https:\\\/\\\/store.microbiotech.dz\\\/\",\"logo\":{\"@type\":\"ImageObject\",\"inLanguage\":\"fr-FR\",\"@id\":\"https:\\\/\\\/store.microbiotech.dz\\\/#\\\/schema\\\/logo\\\/image\\\/\",\"url\":\"https:\\\/\\\/store.microbiotech.dz\\\/wp-content\\\/uploads\\\/2021\\\/09\\\/cropped-logo-microbiotech-2.jpg\",\"contentUrl\":\"https:\\\/\\\/store.microbiotech.dz\\\/wp-content\\\/uploads\\\/2021\\\/09\\\/cropped-logo-microbiotech-2.jpg\",\"width\":815,\"height\":586,\"caption\":\"Microbiotech EURL\"},\"image\":{\"@id\":\"https:\\\/\\\/store.microbiotech.dz\\\/#\\\/schema\\\/logo\\\/image\\\/\"},\"sameAs\":[\"https:\\\/\\\/www.facebook.com\\\/MicroBiotech.dz\",\"https:\\\/\\\/x.com\\\/MicrobiotechD\",\"https:\\\/\\\/www.linkedin.com\\\/in\\\/microbiotech\\\/\",\"https:\\\/\\\/www.youtube.com\\\/channel\\\/UCTxc3VIiX7LXD2LQYfZEcDg\"]}]}<\/script>\n<!-- \/ Yoast SEO plugin. -->","yoast_head_json":{"title":"Testeur de pH Milwaukee - La Boutique en ligne","description":"Le Testeur de pH Milwaukee assure pr\u00e9cision et fiabilit\u00e9 pour Toutes les Applications de laboratoire au meilleur prix sur microbiotech.dz","robots":{"index":"index","follow":"follow","max-snippet":"max-snippet:-1","max-image-preview":"max-image-preview:large","max-video-preview":"max-video-preview:-1"},"canonical":"https:\/\/store.microbiotech.dz\/index.php\/produit\/testeur-de-ph-milwaukee\/","og_locale":"fr_FR","og_type":"article","og_title":"Testeur de pH Milwaukee - La Boutique en ligne","og_description":"Le Testeur de pH Milwaukee assure pr\u00e9cision et fiabilit\u00e9 pour Toutes les Applications de laboratoire au meilleur prix sur microbiotech.dz","og_url":"https:\/\/store.microbiotech.dz\/index.php\/produit\/testeur-de-ph-milwaukee\/","og_site_name":"La Boutique en ligne","article_publisher":"https:\/\/www.facebook.com\/MicroBiotech.dz","article_modified_time":"2026-03-10T09:55:26+00:00","og_image":[{"width":600,"height":600,"url":"https:\/\/store.microbiotech.dz\/wp-content\/uploads\/2026\/03\/Untitled-design-28-2.webp","type":"image\/webp"}],"twitter_card":"summary_large_image","twitter_site":"@MicrobiotechD","twitter_misc":{"Dur\u00e9e de lecture estim\u00e9e":"1 minute"},"schema":{"@context":"https:\/\/schema.org","@graph":[{"@type":"WebPage","@id":"https:\/\/store.microbiotech.dz\/index.php\/produit\/testeur-de-ph-milwaukee\/","url":"https:\/\/store.microbiotech.dz\/index.php\/produit\/testeur-de-ph-milwaukee\/","name":"Testeur de pH Milwaukee - La Boutique en ligne","isPartOf":{"@id":"https:\/\/store.microbiotech.dz\/#website"},"primaryImageOfPage":{"@id":"https:\/\/store.microbiotech.dz\/index.php\/produit\/testeur-de-ph-milwaukee\/#primaryimage"},"image":{"@id":"https:\/\/store.microbiotech.dz\/index.php\/produit\/testeur-de-ph-milwaukee\/#primaryimage"},"thumbnailUrl":"https:\/\/store.microbiotech.dz\/wp-content\/uploads\/2026\/03\/Untitled-design-28-2.webp","datePublished":"2026-03-10T09:27:41+00:00","dateModified":"2026-03-10T09:55:26+00:00","description":"Le Testeur de pH Milwaukee assure pr\u00e9cision et fiabilit\u00e9 pour Toutes les Applications de laboratoire au meilleur prix sur microbiotech.dz","breadcrumb":{"@id":"https:\/\/store.microbiotech.dz\/index.php\/produit\/testeur-de-ph-milwaukee\/#breadcrumb"},"inLanguage":"fr-FR","potentialAction":[{"@type":"ReadAction","target":["https:\/\/store.microbiotech.dz\/index.php\/produit\/testeur-de-ph-milwaukee\/"]}]},{"@type":"ImageObject","inLanguage":"fr-FR","@id":"https:\/\/store.microbiotech.dz\/index.php\/produit\/testeur-de-ph-milwaukee\/#primaryimage","url":"https:\/\/store.microbiotech.dz\/wp-content\/uploads\/2026\/03\/Untitled-design-28-2.webp","contentUrl":"https:\/\/store.microbiotech.dz\/wp-content\/uploads\/2026\/03\/Untitled-design-28-2.webp","width":600,"height":600,"caption":"Testeur de pH Milwaukee"},{"@type":"BreadcrumbList","@id":"https:\/\/store.microbiotech.dz\/index.php\/produit\/testeur-de-ph-milwaukee\/#breadcrumb","itemListElement":[{"@type":"ListItem","position":1,"name":"Accueil","item":"https:\/\/store.microbiotech.dz\/"},{"@type":"ListItem","position":2,"name":"Nos Produits","item":"https:\/\/store.microbiotech.dz\/index.php\/nos-produits\/"},{"@type":"ListItem","position":3,"name":"Testeur de pH Milwaukee"}]},{"@type":"WebSite","@id":"https:\/\/store.microbiotech.dz\/#website","url":"https:\/\/store.microbiotech.dz\/","name":"La Boutique en ligne","description":"Qualit\u00e9 - Rapidit\u00e9 - Tranquillit\u00e9","publisher":{"@id":"https:\/\/store.microbiotech.dz\/#organization"},"potentialAction":[{"@type":"SearchAction","target":{"@type":"EntryPoint","urlTemplate":"https:\/\/store.microbiotech.dz\/?s={search_term_string}"},"query-input":{"@type":"PropertyValueSpecification","valueRequired":true,"valueName":"search_term_string"}}],"inLanguage":"fr-FR"},{"@type":"Organization","@id":"https:\/\/store.microbiotech.dz\/#organization","name":"Microbiotech EURL","url":"https:\/\/store.microbiotech.dz\/","logo":{"@type":"ImageObject","inLanguage":"fr-FR","@id":"https:\/\/store.microbiotech.dz\/#\/schema\/logo\/image\/","url":"https:\/\/store.microbiotech.dz\/wp-content\/uploads\/2021\/09\/cropped-logo-microbiotech-2.jpg","contentUrl":"https:\/\/store.microbiotech.dz\/wp-content\/uploads\/2021\/09\/cropped-logo-microbiotech-2.jpg","width":815,"height":586,"caption":"Microbiotech EURL"},"image":{"@id":"https:\/\/store.microbiotech.dz\/#\/schema\/logo\/image\/"},"sameAs":["https:\/\/www.facebook.com\/MicroBiotech.dz","https:\/\/x.com\/MicrobiotechD","https:\/\/www.linkedin.com\/in\/microbiotech\/","https:\/\/www.youtube.com\/channel\/UCTxc3VIiX7LXD2LQYfZEcDg"]}]}},"jetpack_sharing_enabled":true,"_links":{"self":[{"href":"https:\/\/store.microbiotech.dz\/index.php\/wp-json\/wp\/v2\/product\/20081","targetHints":{"allow":["GET"]}}],"collection":[{"href":"https:\/\/store.microbiotech.dz\/index.php\/wp-json\/wp\/v2\/product"}],"about":[{"href":"https:\/\/store.microbiotech.dz\/index.php\/wp-json\/wp\/v2\/types\/product"}],"replies":[{"embeddable":true,"href":"https:\/\/store.microbiotech.dz\/index.php\/wp-json\/wp\/v2\/comments?post=20081"}],"wp:featuredmedia":[{"embeddable":true,"href":"https:\/\/store.microbiotech.dz\/index.php\/wp-json\/wp\/v2\/media\/20084"}],"wp:attachment":[{"href":"https:\/\/store.microbiotech.dz\/index.php\/wp-json\/wp\/v2\/media?parent=20081"}],"wp:term":[{"taxonomy":"product_brand","embeddable":true,"href":"https:\/\/store.microbiotech.dz\/index.php\/wp-json\/wp\/v2\/product_brand?post=20081"},{"taxonomy":"product_cat","embeddable":true,"href":"https:\/\/store.microbiotech.dz\/index.php\/wp-json\/wp\/v2\/product_cat?post=20081"},{"taxonomy":"product_tag","embeddable":true,"href":"https:\/\/store.microbiotech.dz\/index.php\/wp-json\/wp\/v2\/product_tag?post=20081"}],"curies":[{"name":"wp","href":"https:\/\/api.w.org\/{rel}","templated":true}]}}