{"id":20009,"date":"2026-03-08T11:04:25","date_gmt":"2026-03-08T10:04:25","guid":{"rendered":"https:\/\/store.microbiotech.dz\/?post_type=product&#038;p=20009"},"modified":"2026-03-08T11:04:13","modified_gmt":"2026-03-08T10:04:13","slug":"enregistreur-de-donnees-rotronic","status":"publish","type":"product","link":"https:\/\/store.microbiotech.dz\/index.php\/produit\/enregistreur-de-donnees-rotronic\/","title":{"rendered":"Enregistreur de donn\u00e9es Rotronic"},"content":{"rendered":"<p>Enregistreur de donn\u00e9es Rotronic assure un suivi fiable des param\u00e8tres climatiques essentiels en laboratoire. Cet appareil compact mesure <a href=\"https:\/\/store.microbiotech.dz\/?s=humidit%C3%A9\" target=\"_blank\" rel=\"noopener\">l\u2019humidit\u00e9<\/a>, la temp\u00e9rature et, selon le mod\u00e8le, la pression ambiante et le point de ros\u00e9e. Les mod\u00e8les HL-1D, BL-1D et TL-1D r\u00e9pondent \u00e0 diff\u00e9rents besoins de contr\u00f4le environnemental tout en offrant une grande pr\u00e9cision de mesure de \u00b13,0 %HR et \u00b10,3 \u00b0C. Sa m\u00e9moire peut enregistrer jusqu\u2019\u00e0 32 000 donn\u00e9es, ce qui facilite le suivi continu des conditions de stockage ou d\u2019analyse. L\u2019appareil fonctionne avec le logiciel HygroSoft \/ HW4-Lite gratuit, qui permet la configuration, l\u2019\u00e9valuation rapide des r\u00e9sultats et la documentation sur PC. Sa construction compacte avec <a href=\"https:\/\/fr.wikipedia.org\/wiki\/Indice_de_protection\" target=\"_blank\" rel=\"noopener\">protection IP<\/a> \u00e9lev\u00e9e assure robustesse et fiabilit\u00e9 dans les environnements de laboratoire.<\/p>\n<p>L\u2019Enregistreur de donn\u00e9es Rotronic offre aussi des fonctions MIN \/ MAX \/ AVG, une programmation de d\u00e9marrage et d\u2019arr\u00eat et une autonomie pouvant atteindre 3 ans. Conforme aux normes EN 12830 et FDA 21 CFR Part 11 \/ GAMP 5, il convient parfaitement aux laboratoires, industries pharmaceutiques, contr\u00f4le qualit\u00e9 et surveillance des conditions de stockage.<\/p>\n","protected":false},"excerpt":{"rendered":"<p><span style=\"color: #ff0000;\"><strong>Etalonnage \u00e0 la demande <\/strong><\/span><br \/>\n<span style=\"color: #ff0000;\"><strong>(Etalonnage en temp\u00e9rature et humidit\u00e9 03points = 16244 DA)<\/strong><\/span><br \/>\n<span style=\"color: #ff0000;\"><strong>(Etalonnage en temp\u00e9rature 03points = 13150 DA)<br \/>\n<\/strong><\/span><br \/>\nMarque : <strong>Rotronic <img loading=\"lazy\" decoding=\"async\" class=\"alignnone wp-image-4993\" src=\"https:\/\/store.microbiotech.dz\/wp-content\/uploads\/2023\/07\/suisse-flag.png\" sizes=\"auto, (max-width: 32px) 100vw, 32px\" srcset=\"https:\/\/store.microbiotech.dz\/wp-content\/uploads\/2023\/07\/suisse-flag.png 225w, https:\/\/store.microbiotech.dz\/wp-content\/uploads\/2023\/07\/suisse-flag-150x150.png 150w, https:\/\/store.microbiotech.dz\/wp-content\/uploads\/2023\/07\/suisse-flag-100x100.png 100w\" alt=\"\" width=\"32\" height=\"32\" \/><\/strong><br \/>\nFiche technique :<br \/>\n<a href=\"https:\/\/store.microbiotech.dz\/wp-content\/uploads\/2026\/03\/FR_HL-20D.pdf\">FR_HL-20D<\/a><br \/>\n<a href=\"https:\/\/store.microbiotech.dz\/wp-content\/uploads\/2026\/03\/FT.pdf\">FT<\/a><br \/>\n<a href=\"https:\/\/store.microbiotech.dz\/wp-content\/uploads\/2026\/03\/Manuel.pdf\">Manuel<\/a><\/p>\n","protected":false},"featured_media":20018,"comment_status":"open","ping_status":"closed","template":"","meta":{"site-sidebar-layout":"default","site-content-layout":"","ast-site-content-layout":"default","site-content-style":"default","site-sidebar-style":"default","ast-global-header-display":"","ast-banner-title-visibility":"","ast-main-header-display":"","ast-hfb-above-header-display":"","ast-hfb-below-header-display":"","ast-hfb-mobile-header-display":"","site-post-title":"","ast-breadcrumbs-content":"","ast-featured-img":"","footer-sml-layout":"","ast-disable-related-posts":"","theme-transparent-header-meta":"default","adv-header-id-meta":"","stick-header-meta":"","header-above-stick-meta":"","header-main-stick-meta":"","header-below-stick-meta":"","astra-migrate-meta-layouts":"set","ast-page-background-enabled":"default","ast-page-background-meta":{"desktop":{"background-color":"var(--ast-global-color-4)","background-image":"","background-repeat":"repeat","background-position":"center center","background-size":"auto","background-attachment":"scroll","background-type":"","background-media":"","overlay-type":"","overlay-color":"","overlay-opacity":"","overlay-gradient":""},"tablet":{"background-color":"","background-image":"","background-repeat":"repeat","background-position":"center center","background-size":"auto","background-attachment":"scroll","background-type":"","background-media":"","overlay-type":"","overlay-color":"","overlay-opacity":"","overlay-gradient":""},"mobile":{"background-color":"","background-image":"","background-repeat":"repeat","background-position":"center center","background-size":"auto","background-attachment":"scroll","background-type":"","background-media":"","overlay-type":"","overlay-color":"","overlay-opacity":"","overlay-gradient":""}},"ast-content-background-meta":{"desktop":{"background-color":"var(--ast-global-color-5)","background-image":"","background-repeat":"repeat","background-position":"center center","background-size":"auto","background-attachment":"scroll","background-type":"","background-media":"","overlay-type":"","overlay-color":"","overlay-opacity":"","overlay-gradient":""},"tablet":{"background-color":"var(--ast-global-color-5)","background-image":"","background-repeat":"repeat","background-position":"center center","background-size":"auto","background-attachment":"scroll","background-type":"","background-media":"","overlay-type":"","overlay-color":"","overlay-opacity":"","overlay-gradient":""},"mobile":{"background-color":"var(--ast-global-color-5)","background-image":"","background-repeat":"repeat","background-position":"center center","background-size":"auto","background-attachment":"scroll","background-type":"","background-media":"","overlay-type":"","overlay-color":"","overlay-opacity":"","overlay-gradient":""}},"jetpack_post_was_ever_published":false},"product_brand":[],"product_cat":[238],"product_tag":[3495,3494,1232,1433,1259,1262,548,2325,1338],"class_list":{"0":"post-20009","1":"product","2":"type-product","3":"status-publish","4":"has-post-thumbnail","6":"product_cat-equipements","7":"product_tag-datalogger","8":"product_tag-f188","9":"product_tag-humidimetre","10":"product_tag-humidite","11":"product_tag-hygrometre","12":"product_tag-temperature","13":"product_tag-temperature-meter","14":"product_tag-thermohygrometre","15":"product_tag-thermometre","16":"desktop-align-center","17":"tablet-align-left","18":"mobile-align-left","20":"first","21":"instock","22":"taxable","23":"shipping-taxable","24":"purchasable","25":"product-type-variable"},"yoast_head":"<!-- This site is optimized with the Yoast SEO plugin v27.4 - https:\/\/yoast.com\/product\/yoast-seo-wordpress\/ -->\n<title>Enregistreur de donn\u00e9es Rotronic - La Boutique en ligne<\/title>\n<meta name=\"description\" content=\"Ne laissez rien au hasard avec l&#039;Enregistreur de donn\u00e9es Rotronic, votre partenaire de confiance pour une surveillance climatique intelligente et s\u00e9curis\u00e9e.\" \/>\n<meta name=\"robots\" content=\"index, follow, max-snippet:-1, max-image-preview:large, max-video-preview:-1\" \/>\n<link rel=\"canonical\" href=\"https:\/\/store.microbiotech.dz\/index.php\/produit\/enregistreur-de-donnees-rotronic\/\" \/>\n<meta property=\"og:locale\" content=\"fr_FR\" \/>\n<meta property=\"og:type\" content=\"article\" \/>\n<meta property=\"og:title\" content=\"Enregistreur de donn\u00e9es Rotronic - La Boutique en ligne\" \/>\n<meta property=\"og:description\" content=\"Ne laissez rien au hasard avec l&#039;Enregistreur de donn\u00e9es Rotronic, votre partenaire de confiance pour une surveillance climatique intelligente et s\u00e9curis\u00e9e.\" \/>\n<meta property=\"og:url\" content=\"https:\/\/store.microbiotech.dz\/index.php\/produit\/enregistreur-de-donnees-rotronic\/\" \/>\n<meta property=\"og:site_name\" content=\"La Boutique en ligne\" \/>\n<meta property=\"article:publisher\" content=\"https:\/\/www.facebook.com\/MicroBiotech.dz\" \/>\n<meta property=\"og:image\" content=\"https:\/\/store.microbiotech.dz\/wp-content\/uploads\/2026\/03\/Untitled-design-28-1.webp\" \/>\n\t<meta property=\"og:image:width\" content=\"600\" \/>\n\t<meta property=\"og:image:height\" content=\"600\" \/>\n\t<meta property=\"og:image:type\" content=\"image\/webp\" \/>\n<meta name=\"twitter:card\" content=\"summary_large_image\" \/>\n<meta name=\"twitter:site\" content=\"@MicrobiotechD\" \/>\n<meta name=\"twitter:label1\" content=\"Dur\u00e9e de lecture estim\u00e9e\" \/>\n\t<meta name=\"twitter:data1\" content=\"1 minute\" \/>\n<script type=\"application\/ld+json\" class=\"yoast-schema-graph\">{\"@context\":\"https:\\\/\\\/schema.org\",\"@graph\":[{\"@type\":\"WebPage\",\"@id\":\"https:\\\/\\\/store.microbiotech.dz\\\/index.php\\\/produit\\\/enregistreur-de-donnees-rotronic\\\/\",\"url\":\"https:\\\/\\\/store.microbiotech.dz\\\/index.php\\\/produit\\\/enregistreur-de-donnees-rotronic\\\/\",\"name\":\"Enregistreur de donn\u00e9es Rotronic - La Boutique en ligne\",\"isPartOf\":{\"@id\":\"https:\\\/\\\/store.microbiotech.dz\\\/#website\"},\"primaryImageOfPage\":{\"@id\":\"https:\\\/\\\/store.microbiotech.dz\\\/index.php\\\/produit\\\/enregistreur-de-donnees-rotronic\\\/#primaryimage\"},\"image\":{\"@id\":\"https:\\\/\\\/store.microbiotech.dz\\\/index.php\\\/produit\\\/enregistreur-de-donnees-rotronic\\\/#primaryimage\"},\"thumbnailUrl\":\"https:\\\/\\\/store.microbiotech.dz\\\/wp-content\\\/uploads\\\/2026\\\/03\\\/Untitled-design-28-1.webp\",\"datePublished\":\"2026-03-08T10:04:25+00:00\",\"description\":\"Ne laissez rien au hasard avec l'Enregistreur de donn\u00e9es Rotronic, votre partenaire de confiance pour une surveillance climatique intelligente et s\u00e9curis\u00e9e.\",\"breadcrumb\":{\"@id\":\"https:\\\/\\\/store.microbiotech.dz\\\/index.php\\\/produit\\\/enregistreur-de-donnees-rotronic\\\/#breadcrumb\"},\"inLanguage\":\"fr-FR\",\"potentialAction\":[{\"@type\":\"ReadAction\",\"target\":[\"https:\\\/\\\/store.microbiotech.dz\\\/index.php\\\/produit\\\/enregistreur-de-donnees-rotronic\\\/\"]}]},{\"@type\":\"ImageObject\",\"inLanguage\":\"fr-FR\",\"@id\":\"https:\\\/\\\/store.microbiotech.dz\\\/index.php\\\/produit\\\/enregistreur-de-donnees-rotronic\\\/#primaryimage\",\"url\":\"https:\\\/\\\/store.microbiotech.dz\\\/wp-content\\\/uploads\\\/2026\\\/03\\\/Untitled-design-28-1.webp\",\"contentUrl\":\"https:\\\/\\\/store.microbiotech.dz\\\/wp-content\\\/uploads\\\/2026\\\/03\\\/Untitled-design-28-1.webp\",\"width\":600,\"height\":600,\"caption\":\"Enregistreur de donn\u00e9es Rotronic\"},{\"@type\":\"BreadcrumbList\",\"@id\":\"https:\\\/\\\/store.microbiotech.dz\\\/index.php\\\/produit\\\/enregistreur-de-donnees-rotronic\\\/#breadcrumb\",\"itemListElement\":[{\"@type\":\"ListItem\",\"position\":1,\"name\":\"Accueil\",\"item\":\"https:\\\/\\\/store.microbiotech.dz\\\/\"},{\"@type\":\"ListItem\",\"position\":2,\"name\":\"Nos Produits\",\"item\":\"https:\\\/\\\/store.microbiotech.dz\\\/index.php\\\/nos-produits\\\/\"},{\"@type\":\"ListItem\",\"position\":3,\"name\":\"Enregistreur de donn\u00e9es Rotronic\"}]},{\"@type\":\"WebSite\",\"@id\":\"https:\\\/\\\/store.microbiotech.dz\\\/#website\",\"url\":\"https:\\\/\\\/store.microbiotech.dz\\\/\",\"name\":\"La Boutique en ligne\",\"description\":\"Qualit\u00e9 - Rapidit\u00e9 - Tranquillit\u00e9\",\"publisher\":{\"@id\":\"https:\\\/\\\/store.microbiotech.dz\\\/#organization\"},\"potentialAction\":[{\"@type\":\"SearchAction\",\"target\":{\"@type\":\"EntryPoint\",\"urlTemplate\":\"https:\\\/\\\/store.microbiotech.dz\\\/?s={search_term_string}\"},\"query-input\":{\"@type\":\"PropertyValueSpecification\",\"valueRequired\":true,\"valueName\":\"search_term_string\"}}],\"inLanguage\":\"fr-FR\"},{\"@type\":\"Organization\",\"@id\":\"https:\\\/\\\/store.microbiotech.dz\\\/#organization\",\"name\":\"Microbiotech EURL\",\"url\":\"https:\\\/\\\/store.microbiotech.dz\\\/\",\"logo\":{\"@type\":\"ImageObject\",\"inLanguage\":\"fr-FR\",\"@id\":\"https:\\\/\\\/store.microbiotech.dz\\\/#\\\/schema\\\/logo\\\/image\\\/\",\"url\":\"https:\\\/\\\/store.microbiotech.dz\\\/wp-content\\\/uploads\\\/2021\\\/09\\\/cropped-logo-microbiotech-2.jpg\",\"contentUrl\":\"https:\\\/\\\/store.microbiotech.dz\\\/wp-content\\\/uploads\\\/2021\\\/09\\\/cropped-logo-microbiotech-2.jpg\",\"width\":815,\"height\":586,\"caption\":\"Microbiotech EURL\"},\"image\":{\"@id\":\"https:\\\/\\\/store.microbiotech.dz\\\/#\\\/schema\\\/logo\\\/image\\\/\"},\"sameAs\":[\"https:\\\/\\\/www.facebook.com\\\/MicroBiotech.dz\",\"https:\\\/\\\/x.com\\\/MicrobiotechD\",\"https:\\\/\\\/www.linkedin.com\\\/in\\\/microbiotech\\\/\",\"https:\\\/\\\/www.youtube.com\\\/channel\\\/UCTxc3VIiX7LXD2LQYfZEcDg\"]}]}<\/script>\n<!-- \/ Yoast SEO plugin. -->","yoast_head_json":{"title":"Enregistreur de donn\u00e9es Rotronic - La Boutique en ligne","description":"Ne laissez rien au hasard avec l'Enregistreur de donn\u00e9es Rotronic, votre partenaire de confiance pour une surveillance climatique intelligente et s\u00e9curis\u00e9e.","robots":{"index":"index","follow":"follow","max-snippet":"max-snippet:-1","max-image-preview":"max-image-preview:large","max-video-preview":"max-video-preview:-1"},"canonical":"https:\/\/store.microbiotech.dz\/index.php\/produit\/enregistreur-de-donnees-rotronic\/","og_locale":"fr_FR","og_type":"article","og_title":"Enregistreur de donn\u00e9es Rotronic - La Boutique en ligne","og_description":"Ne laissez rien au hasard avec l'Enregistreur de donn\u00e9es Rotronic, votre partenaire de confiance pour une surveillance climatique intelligente et s\u00e9curis\u00e9e.","og_url":"https:\/\/store.microbiotech.dz\/index.php\/produit\/enregistreur-de-donnees-rotronic\/","og_site_name":"La Boutique en ligne","article_publisher":"https:\/\/www.facebook.com\/MicroBiotech.dz","og_image":[{"width":600,"height":600,"url":"https:\/\/store.microbiotech.dz\/wp-content\/uploads\/2026\/03\/Untitled-design-28-1.webp","type":"image\/webp"}],"twitter_card":"summary_large_image","twitter_site":"@MicrobiotechD","twitter_misc":{"Dur\u00e9e de lecture estim\u00e9e":"1 minute"},"schema":{"@context":"https:\/\/schema.org","@graph":[{"@type":"WebPage","@id":"https:\/\/store.microbiotech.dz\/index.php\/produit\/enregistreur-de-donnees-rotronic\/","url":"https:\/\/store.microbiotech.dz\/index.php\/produit\/enregistreur-de-donnees-rotronic\/","name":"Enregistreur de donn\u00e9es Rotronic - La Boutique en ligne","isPartOf":{"@id":"https:\/\/store.microbiotech.dz\/#website"},"primaryImageOfPage":{"@id":"https:\/\/store.microbiotech.dz\/index.php\/produit\/enregistreur-de-donnees-rotronic\/#primaryimage"},"image":{"@id":"https:\/\/store.microbiotech.dz\/index.php\/produit\/enregistreur-de-donnees-rotronic\/#primaryimage"},"thumbnailUrl":"https:\/\/store.microbiotech.dz\/wp-content\/uploads\/2026\/03\/Untitled-design-28-1.webp","datePublished":"2026-03-08T10:04:25+00:00","description":"Ne laissez rien au hasard avec l'Enregistreur de donn\u00e9es Rotronic, votre partenaire de confiance pour une surveillance climatique intelligente et s\u00e9curis\u00e9e.","breadcrumb":{"@id":"https:\/\/store.microbiotech.dz\/index.php\/produit\/enregistreur-de-donnees-rotronic\/#breadcrumb"},"inLanguage":"fr-FR","potentialAction":[{"@type":"ReadAction","target":["https:\/\/store.microbiotech.dz\/index.php\/produit\/enregistreur-de-donnees-rotronic\/"]}]},{"@type":"ImageObject","inLanguage":"fr-FR","@id":"https:\/\/store.microbiotech.dz\/index.php\/produit\/enregistreur-de-donnees-rotronic\/#primaryimage","url":"https:\/\/store.microbiotech.dz\/wp-content\/uploads\/2026\/03\/Untitled-design-28-1.webp","contentUrl":"https:\/\/store.microbiotech.dz\/wp-content\/uploads\/2026\/03\/Untitled-design-28-1.webp","width":600,"height":600,"caption":"Enregistreur de donn\u00e9es Rotronic"},{"@type":"BreadcrumbList","@id":"https:\/\/store.microbiotech.dz\/index.php\/produit\/enregistreur-de-donnees-rotronic\/#breadcrumb","itemListElement":[{"@type":"ListItem","position":1,"name":"Accueil","item":"https:\/\/store.microbiotech.dz\/"},{"@type":"ListItem","position":2,"name":"Nos Produits","item":"https:\/\/store.microbiotech.dz\/index.php\/nos-produits\/"},{"@type":"ListItem","position":3,"name":"Enregistreur de donn\u00e9es Rotronic"}]},{"@type":"WebSite","@id":"https:\/\/store.microbiotech.dz\/#website","url":"https:\/\/store.microbiotech.dz\/","name":"La Boutique en ligne","description":"Qualit\u00e9 - Rapidit\u00e9 - Tranquillit\u00e9","publisher":{"@id":"https:\/\/store.microbiotech.dz\/#organization"},"potentialAction":[{"@type":"SearchAction","target":{"@type":"EntryPoint","urlTemplate":"https:\/\/store.microbiotech.dz\/?s={search_term_string}"},"query-input":{"@type":"PropertyValueSpecification","valueRequired":true,"valueName":"search_term_string"}}],"inLanguage":"fr-FR"},{"@type":"Organization","@id":"https:\/\/store.microbiotech.dz\/#organization","name":"Microbiotech EURL","url":"https:\/\/store.microbiotech.dz\/","logo":{"@type":"ImageObject","inLanguage":"fr-FR","@id":"https:\/\/store.microbiotech.dz\/#\/schema\/logo\/image\/","url":"https:\/\/store.microbiotech.dz\/wp-content\/uploads\/2021\/09\/cropped-logo-microbiotech-2.jpg","contentUrl":"https:\/\/store.microbiotech.dz\/wp-content\/uploads\/2021\/09\/cropped-logo-microbiotech-2.jpg","width":815,"height":586,"caption":"Microbiotech EURL"},"image":{"@id":"https:\/\/store.microbiotech.dz\/#\/schema\/logo\/image\/"},"sameAs":["https:\/\/www.facebook.com\/MicroBiotech.dz","https:\/\/x.com\/MicrobiotechD","https:\/\/www.linkedin.com\/in\/microbiotech\/","https:\/\/www.youtube.com\/channel\/UCTxc3VIiX7LXD2LQYfZEcDg"]}]}},"jetpack_sharing_enabled":true,"_links":{"self":[{"href":"https:\/\/store.microbiotech.dz\/index.php\/wp-json\/wp\/v2\/product\/20009","targetHints":{"allow":["GET"]}}],"collection":[{"href":"https:\/\/store.microbiotech.dz\/index.php\/wp-json\/wp\/v2\/product"}],"about":[{"href":"https:\/\/store.microbiotech.dz\/index.php\/wp-json\/wp\/v2\/types\/product"}],"replies":[{"embeddable":true,"href":"https:\/\/store.microbiotech.dz\/index.php\/wp-json\/wp\/v2\/comments?post=20009"}],"wp:featuredmedia":[{"embeddable":true,"href":"https:\/\/store.microbiotech.dz\/index.php\/wp-json\/wp\/v2\/media\/20018"}],"wp:attachment":[{"href":"https:\/\/store.microbiotech.dz\/index.php\/wp-json\/wp\/v2\/media?parent=20009"}],"wp:term":[{"taxonomy":"product_brand","embeddable":true,"href":"https:\/\/store.microbiotech.dz\/index.php\/wp-json\/wp\/v2\/product_brand?post=20009"},{"taxonomy":"product_cat","embeddable":true,"href":"https:\/\/store.microbiotech.dz\/index.php\/wp-json\/wp\/v2\/product_cat?post=20009"},{"taxonomy":"product_tag","embeddable":true,"href":"https:\/\/store.microbiotech.dz\/index.php\/wp-json\/wp\/v2\/product_tag?post=20009"}],"curies":[{"name":"wp","href":"https:\/\/api.w.org\/{rel}","templated":true}]}}