{"id":19963,"date":"2026-03-05T11:26:05","date_gmt":"2026-03-05T10:26:05","guid":{"rendered":"https:\/\/store.microbiotech.dz\/?post_type=product&#038;p=19963"},"modified":"2026-03-05T11:26:37","modified_gmt":"2026-03-05T10:26:37","slug":"analyseur-de-sol-portable-numerique-7-en-1","status":"publish","type":"product","link":"https:\/\/store.microbiotech.dz\/index.php\/produit\/analyseur-de-sol-portable-numerique-7-en-1\/","title":{"rendered":"Analyseur de sol portable num\u00e9rique 7 en 1"},"content":{"rendered":"<p>Cet <a href=\"https:\/\/store.microbiotech.dz\/?s=testeur\" target=\"_blank\" rel=\"noopener\">analyseur<\/a> de sol portable num\u00e9rique 7 en 1 offre une solution rapide et pr\u00e9cise pour l\u2019\u00e9valuation des param\u00e8tres essentiels du sol en laboratoire ou sur le terrain. Son grand \u00e9cran LCD couleur affiche les mesures en temps r\u00e9el pour une lecture claire et imm\u00e9diate. Il int\u00e8gre un circuit de d\u00e9tection bas\u00e9 sur une puce num\u00e9rique de haute qualit\u00e9, ce qui garantit une sensibilit\u00e9 \u00e9lev\u00e9e, une r\u00e9ponse rapide et une excellente r\u00e9p\u00e9tabilit\u00e9 des r\u00e9sultats. Sa coque en plastique composite industriel haute r\u00e9sistance assure robustesse, durabilit\u00e9 et confort d\u2019utilisation.<\/p>\n<p>Cet Analyseur de sol portable num\u00e9rique 7 en 1 mesure plusieurs param\u00e8tres importants du sol tels que le pH, l\u2019EC (conductivit\u00e9), la temp\u00e9rature, l\u2019humidit\u00e9 et d\u2019autres indicateurs de qualit\u00e9, ce qui permet un contr\u00f4le complet pour l\u2019agriculture, la recherche et la gestion des intrants. Il dispose d\u2019une grande capacit\u00e9 de stockage, d\u2019une fonction d\u2019alarme avec suppression automatique, d\u2019une faible d\u00e9rive du z\u00e9ro, d\u2019une faible consommation d\u2019\u00e9nergie et d\u2019une exportation de donn\u00e9es en un clic pour une gestion rapide des r\u00e9sultats. Sa conception portable avec sac de transport facilite les inspections mobiles dans les laboratoires, les centres d\u2019essais agricoles, les instituts de recherche, les bases de plantation et les services techniques agricoles.<\/p>\n<p>Cet analyseur garantit \u00e9galement une forte capacit\u00e9 anti-interf\u00e9rence, ce qui assure des mesures fiables dans diff\u00e9rents environnements de travail.<\/p>\n","protected":false},"excerpt":{"rendered":"<p>&nbsp;<\/p>\n<p>Origine :\u00a0<strong>Chine<\/strong>\u00a0<img loading=\"lazy\" decoding=\"async\" class=\"alignnone wp-image-1795 ls-is-cached lazyloaded\" src=\"https:\/\/store.microbiotech.dz\/wp-content\/uploads\/2022\/04\/China-Flag.png\" sizes=\"auto, (max-width: 35px) 100vw, 35px\" srcset=\"https:\/\/store.microbiotech.dz\/wp-content\/uploads\/2022\/04\/China-Flag.png 224w, https:\/\/store.microbiotech.dz\/wp-content\/uploads\/2022\/04\/China-Flag-150x150.png 150w, https:\/\/store.microbiotech.dz\/wp-content\/uploads\/2022\/04\/China-Flag-100x100.png 100w\" alt=\"\" width=\"35\" height=\"35\" data-srcset=\"https:\/\/store.microbiotech.dz\/wp-content\/uploads\/2022\/04\/China-Flag.png 224w, https:\/\/store.microbiotech.dz\/wp-content\/uploads\/2022\/04\/China-Flag-150x150.png 150w, https:\/\/store.microbiotech.dz\/wp-content\/uploads\/2022\/04\/China-Flag-100x100.png 100w\" data-src=\"https:\/\/store.microbiotech.dz\/wp-content\/uploads\/2022\/04\/China-Flag.png\" data-sizes=\"(max-width: 35px) 100vw, 35px\" \/><br \/>\n<span data-huuid=\"13988072190585124002\">Mesures :\u00a0<strong>Humidit\u00e9 du sol, temp\u00e9rature, pH, conductivit\u00e9 \u00e9lectrique (EC), et nutriments NPK.<br \/>\n<\/strong><\/span><span style=\"font-size: 16px;\">plage de test de temp\u00e9rature : <\/span><strong style=\"font-size: 16px;\">-40\u2103~ 80\u2103 (personnalisable)<br \/>\n<\/strong>plage de mesure n.p.k : <strong style=\"font-size: 16px; font-family: Georgia, 'Times New Roman', 'Bitstream Charter', Times, serif;\">0 ~ 1999 mg\/kg<br \/>\n<\/strong>plage de test de ph : <strong style=\"font-size: 16px; font-family: Georgia, 'Times New Roman', 'Bitstream Charter', Times, serif;\">3~9<br \/>\n<\/strong>plage de conductivit\u00e9 : <strong style=\"background-color: rgba(0, 0, 0, 0); font-size: 1em;\">0 \u00e0 10000 us\/cm<\/strong><\/p>\n<p>&nbsp;<\/p>\n","protected":false},"featured_media":19965,"comment_status":"open","ping_status":"closed","template":"","meta":{"site-sidebar-layout":"default","site-content-layout":"","ast-site-content-layout":"default","site-content-style":"default","site-sidebar-style":"default","ast-global-header-display":"","ast-banner-title-visibility":"","ast-main-header-display":"","ast-hfb-above-header-display":"","ast-hfb-below-header-display":"","ast-hfb-mobile-header-display":"","site-post-title":"","ast-breadcrumbs-content":"","ast-featured-img":"","footer-sml-layout":"","ast-disable-related-posts":"","theme-transparent-header-meta":"default","adv-header-id-meta":"","stick-header-meta":"","header-above-stick-meta":"","header-main-stick-meta":"","header-below-stick-meta":"","astra-migrate-meta-layouts":"set","ast-page-background-enabled":"default","ast-page-background-meta":{"desktop":{"background-color":"var(--ast-global-color-4)","background-image":"","background-repeat":"repeat","background-position":"center center","background-size":"auto","background-attachment":"scroll","background-type":"","background-media":"","overlay-type":"","overlay-color":"","overlay-opacity":"","overlay-gradient":""},"tablet":{"background-color":"","background-image":"","background-repeat":"repeat","background-position":"center center","background-size":"auto","background-attachment":"scroll","background-type":"","background-media":"","overlay-type":"","overlay-color":"","overlay-opacity":"","overlay-gradient":""},"mobile":{"background-color":"","background-image":"","background-repeat":"repeat","background-position":"center center","background-size":"auto","background-attachment":"scroll","background-type":"","background-media":"","overlay-type":"","overlay-color":"","overlay-opacity":"","overlay-gradient":""}},"ast-content-background-meta":{"desktop":{"background-color":"var(--ast-global-color-5)","background-image":"","background-repeat":"repeat","background-position":"center center","background-size":"auto","background-attachment":"scroll","background-type":"","background-media":"","overlay-type":"","overlay-color":"","overlay-opacity":"","overlay-gradient":""},"tablet":{"background-color":"var(--ast-global-color-5)","background-image":"","background-repeat":"repeat","background-position":"center center","background-size":"auto","background-attachment":"scroll","background-type":"","background-media":"","overlay-type":"","overlay-color":"","overlay-opacity":"","overlay-gradient":""},"mobile":{"background-color":"var(--ast-global-color-5)","background-image":"","background-repeat":"repeat","background-position":"center center","background-size":"auto","background-attachment":"scroll","background-type":"","background-media":"","overlay-type":"","overlay-color":"","overlay-opacity":"","overlay-gradient":""}},"jetpack_post_was_ever_published":false},"product_brand":[],"product_cat":[238],"product_tag":[3427,2738,220,930,1433,3431,3426,1695,546,3430,3428,3429,1230,1262,1313],"class_list":{"0":"post-19963","1":"product","2":"type-product","3":"status-publish","4":"has-post-thumbnail","6":"product_cat-equipements","7":"product_tag-analyseur-de-sol","8":"product_tag-azote","9":"product_tag-ec","10":"product_tag-f90","11":"product_tag-humidite","12":"product_tag-nitrogen","13":"product_tag-npk","14":"product_tag-numerique","15":"product_tag-ph","16":"product_tag-phosphore","17":"product_tag-phosphorus","18":"product_tag-potassium","19":"product_tag-sol","20":"product_tag-temperature","21":"product_tag-testeur","22":"desktop-align-center","23":"tablet-align-left","24":"mobile-align-left","26":"first","27":"instock","28":"taxable","29":"shipping-taxable","30":"purchasable","31":"product-type-simple"},"yoast_head":"<!-- This site is optimized with the Yoast SEO plugin v27.4 - https:\/\/yoast.com\/product\/yoast-seo-wordpress\/ -->\n<title>Analyseur de sol portable num\u00e9rique 7 en 1 - La Boutique en ligne<\/title>\n<meta name=\"description\" content=\"Polyvalent et facile \u00e0 utiliser, cet Analyseur de sol portable num\u00e9rique 7 en 1 convient aux analyses de sol et d\u2019engrais pour l\u2019agriculture.\" \/>\n<meta name=\"robots\" content=\"index, follow, max-snippet:-1, max-image-preview:large, max-video-preview:-1\" \/>\n<link rel=\"canonical\" href=\"https:\/\/store.microbiotech.dz\/index.php\/produit\/analyseur-de-sol-portable-numerique-7-en-1\/\" \/>\n<meta property=\"og:locale\" content=\"fr_FR\" \/>\n<meta property=\"og:type\" content=\"article\" \/>\n<meta property=\"og:title\" content=\"Analyseur de sol portable num\u00e9rique 7 en 1 - La Boutique en ligne\" \/>\n<meta property=\"og:description\" content=\"Polyvalent et facile \u00e0 utiliser, cet Analyseur de sol portable num\u00e9rique 7 en 1 convient aux analyses de sol et d\u2019engrais pour l\u2019agriculture.\" \/>\n<meta property=\"og:url\" content=\"https:\/\/store.microbiotech.dz\/index.php\/produit\/analyseur-de-sol-portable-numerique-7-en-1\/\" \/>\n<meta property=\"og:site_name\" content=\"La Boutique en ligne\" \/>\n<meta property=\"article:publisher\" content=\"https:\/\/www.facebook.com\/MicroBiotech.dz\" \/>\n<meta property=\"article:modified_time\" content=\"2026-03-05T10:26:37+00:00\" \/>\n<meta property=\"og:image\" content=\"https:\/\/store.microbiotech.dz\/wp-content\/uploads\/2026\/03\/Untitled-design-24.webp\" \/>\n\t<meta property=\"og:image:width\" content=\"600\" \/>\n\t<meta property=\"og:image:height\" content=\"600\" \/>\n\t<meta property=\"og:image:type\" content=\"image\/webp\" \/>\n<meta name=\"twitter:card\" content=\"summary_large_image\" \/>\n<meta name=\"twitter:site\" content=\"@MicrobiotechD\" \/>\n<meta name=\"twitter:label1\" content=\"Dur\u00e9e de lecture estim\u00e9e\" \/>\n\t<meta name=\"twitter:data1\" content=\"1 minute\" \/>\n<script type=\"application\/ld+json\" class=\"yoast-schema-graph\">{\"@context\":\"https:\\\/\\\/schema.org\",\"@graph\":[{\"@type\":\"WebPage\",\"@id\":\"https:\\\/\\\/store.microbiotech.dz\\\/index.php\\\/produit\\\/analyseur-de-sol-portable-numerique-7-en-1\\\/\",\"url\":\"https:\\\/\\\/store.microbiotech.dz\\\/index.php\\\/produit\\\/analyseur-de-sol-portable-numerique-7-en-1\\\/\",\"name\":\"Analyseur de sol portable num\u00e9rique 7 en 1 - La Boutique en ligne\",\"isPartOf\":{\"@id\":\"https:\\\/\\\/store.microbiotech.dz\\\/#website\"},\"primaryImageOfPage\":{\"@id\":\"https:\\\/\\\/store.microbiotech.dz\\\/index.php\\\/produit\\\/analyseur-de-sol-portable-numerique-7-en-1\\\/#primaryimage\"},\"image\":{\"@id\":\"https:\\\/\\\/store.microbiotech.dz\\\/index.php\\\/produit\\\/analyseur-de-sol-portable-numerique-7-en-1\\\/#primaryimage\"},\"thumbnailUrl\":\"https:\\\/\\\/store.microbiotech.dz\\\/wp-content\\\/uploads\\\/2026\\\/03\\\/Untitled-design-24.webp\",\"datePublished\":\"2026-03-05T10:26:05+00:00\",\"dateModified\":\"2026-03-05T10:26:37+00:00\",\"description\":\"Polyvalent et facile \u00e0 utiliser, cet Analyseur de sol portable num\u00e9rique 7 en 1 convient aux analyses de sol et d\u2019engrais pour l\u2019agriculture.\",\"breadcrumb\":{\"@id\":\"https:\\\/\\\/store.microbiotech.dz\\\/index.php\\\/produit\\\/analyseur-de-sol-portable-numerique-7-en-1\\\/#breadcrumb\"},\"inLanguage\":\"fr-FR\",\"potentialAction\":[{\"@type\":\"ReadAction\",\"target\":[\"https:\\\/\\\/store.microbiotech.dz\\\/index.php\\\/produit\\\/analyseur-de-sol-portable-numerique-7-en-1\\\/\"]}]},{\"@type\":\"ImageObject\",\"inLanguage\":\"fr-FR\",\"@id\":\"https:\\\/\\\/store.microbiotech.dz\\\/index.php\\\/produit\\\/analyseur-de-sol-portable-numerique-7-en-1\\\/#primaryimage\",\"url\":\"https:\\\/\\\/store.microbiotech.dz\\\/wp-content\\\/uploads\\\/2026\\\/03\\\/Untitled-design-24.webp\",\"contentUrl\":\"https:\\\/\\\/store.microbiotech.dz\\\/wp-content\\\/uploads\\\/2026\\\/03\\\/Untitled-design-24.webp\",\"width\":600,\"height\":600,\"caption\":\"Analyseur de sol portable num\u00e9rique 7 en 1\"},{\"@type\":\"BreadcrumbList\",\"@id\":\"https:\\\/\\\/store.microbiotech.dz\\\/index.php\\\/produit\\\/analyseur-de-sol-portable-numerique-7-en-1\\\/#breadcrumb\",\"itemListElement\":[{\"@type\":\"ListItem\",\"position\":1,\"name\":\"Accueil\",\"item\":\"https:\\\/\\\/store.microbiotech.dz\\\/\"},{\"@type\":\"ListItem\",\"position\":2,\"name\":\"Nos Produits\",\"item\":\"https:\\\/\\\/store.microbiotech.dz\\\/index.php\\\/nos-produits\\\/\"},{\"@type\":\"ListItem\",\"position\":3,\"name\":\"Analyseur de sol portable num\u00e9rique 7 en 1\"}]},{\"@type\":\"WebSite\",\"@id\":\"https:\\\/\\\/store.microbiotech.dz\\\/#website\",\"url\":\"https:\\\/\\\/store.microbiotech.dz\\\/\",\"name\":\"La Boutique en ligne\",\"description\":\"Qualit\u00e9 - Rapidit\u00e9 - Tranquillit\u00e9\",\"publisher\":{\"@id\":\"https:\\\/\\\/store.microbiotech.dz\\\/#organization\"},\"potentialAction\":[{\"@type\":\"SearchAction\",\"target\":{\"@type\":\"EntryPoint\",\"urlTemplate\":\"https:\\\/\\\/store.microbiotech.dz\\\/?s={search_term_string}\"},\"query-input\":{\"@type\":\"PropertyValueSpecification\",\"valueRequired\":true,\"valueName\":\"search_term_string\"}}],\"inLanguage\":\"fr-FR\"},{\"@type\":\"Organization\",\"@id\":\"https:\\\/\\\/store.microbiotech.dz\\\/#organization\",\"name\":\"Microbiotech EURL\",\"url\":\"https:\\\/\\\/store.microbiotech.dz\\\/\",\"logo\":{\"@type\":\"ImageObject\",\"inLanguage\":\"fr-FR\",\"@id\":\"https:\\\/\\\/store.microbiotech.dz\\\/#\\\/schema\\\/logo\\\/image\\\/\",\"url\":\"https:\\\/\\\/store.microbiotech.dz\\\/wp-content\\\/uploads\\\/2021\\\/09\\\/cropped-logo-microbiotech-2.jpg\",\"contentUrl\":\"https:\\\/\\\/store.microbiotech.dz\\\/wp-content\\\/uploads\\\/2021\\\/09\\\/cropped-logo-microbiotech-2.jpg\",\"width\":815,\"height\":586,\"caption\":\"Microbiotech EURL\"},\"image\":{\"@id\":\"https:\\\/\\\/store.microbiotech.dz\\\/#\\\/schema\\\/logo\\\/image\\\/\"},\"sameAs\":[\"https:\\\/\\\/www.facebook.com\\\/MicroBiotech.dz\",\"https:\\\/\\\/x.com\\\/MicrobiotechD\",\"https:\\\/\\\/www.linkedin.com\\\/in\\\/microbiotech\\\/\",\"https:\\\/\\\/www.youtube.com\\\/channel\\\/UCTxc3VIiX7LXD2LQYfZEcDg\"]}]}<\/script>\n<!-- \/ Yoast SEO plugin. -->","yoast_head_json":{"title":"Analyseur de sol portable num\u00e9rique 7 en 1 - La Boutique en ligne","description":"Polyvalent et facile \u00e0 utiliser, cet Analyseur de sol portable num\u00e9rique 7 en 1 convient aux analyses de sol et d\u2019engrais pour l\u2019agriculture.","robots":{"index":"index","follow":"follow","max-snippet":"max-snippet:-1","max-image-preview":"max-image-preview:large","max-video-preview":"max-video-preview:-1"},"canonical":"https:\/\/store.microbiotech.dz\/index.php\/produit\/analyseur-de-sol-portable-numerique-7-en-1\/","og_locale":"fr_FR","og_type":"article","og_title":"Analyseur de sol portable num\u00e9rique 7 en 1 - La Boutique en ligne","og_description":"Polyvalent et facile \u00e0 utiliser, cet Analyseur de sol portable num\u00e9rique 7 en 1 convient aux analyses de sol et d\u2019engrais pour l\u2019agriculture.","og_url":"https:\/\/store.microbiotech.dz\/index.php\/produit\/analyseur-de-sol-portable-numerique-7-en-1\/","og_site_name":"La Boutique en ligne","article_publisher":"https:\/\/www.facebook.com\/MicroBiotech.dz","article_modified_time":"2026-03-05T10:26:37+00:00","og_image":[{"width":600,"height":600,"url":"https:\/\/store.microbiotech.dz\/wp-content\/uploads\/2026\/03\/Untitled-design-24.webp","type":"image\/webp"}],"twitter_card":"summary_large_image","twitter_site":"@MicrobiotechD","twitter_misc":{"Dur\u00e9e de lecture estim\u00e9e":"1 minute"},"schema":{"@context":"https:\/\/schema.org","@graph":[{"@type":"WebPage","@id":"https:\/\/store.microbiotech.dz\/index.php\/produit\/analyseur-de-sol-portable-numerique-7-en-1\/","url":"https:\/\/store.microbiotech.dz\/index.php\/produit\/analyseur-de-sol-portable-numerique-7-en-1\/","name":"Analyseur de sol portable num\u00e9rique 7 en 1 - La Boutique en ligne","isPartOf":{"@id":"https:\/\/store.microbiotech.dz\/#website"},"primaryImageOfPage":{"@id":"https:\/\/store.microbiotech.dz\/index.php\/produit\/analyseur-de-sol-portable-numerique-7-en-1\/#primaryimage"},"image":{"@id":"https:\/\/store.microbiotech.dz\/index.php\/produit\/analyseur-de-sol-portable-numerique-7-en-1\/#primaryimage"},"thumbnailUrl":"https:\/\/store.microbiotech.dz\/wp-content\/uploads\/2026\/03\/Untitled-design-24.webp","datePublished":"2026-03-05T10:26:05+00:00","dateModified":"2026-03-05T10:26:37+00:00","description":"Polyvalent et facile \u00e0 utiliser, cet Analyseur de sol portable num\u00e9rique 7 en 1 convient aux analyses de sol et d\u2019engrais pour l\u2019agriculture.","breadcrumb":{"@id":"https:\/\/store.microbiotech.dz\/index.php\/produit\/analyseur-de-sol-portable-numerique-7-en-1\/#breadcrumb"},"inLanguage":"fr-FR","potentialAction":[{"@type":"ReadAction","target":["https:\/\/store.microbiotech.dz\/index.php\/produit\/analyseur-de-sol-portable-numerique-7-en-1\/"]}]},{"@type":"ImageObject","inLanguage":"fr-FR","@id":"https:\/\/store.microbiotech.dz\/index.php\/produit\/analyseur-de-sol-portable-numerique-7-en-1\/#primaryimage","url":"https:\/\/store.microbiotech.dz\/wp-content\/uploads\/2026\/03\/Untitled-design-24.webp","contentUrl":"https:\/\/store.microbiotech.dz\/wp-content\/uploads\/2026\/03\/Untitled-design-24.webp","width":600,"height":600,"caption":"Analyseur de sol portable num\u00e9rique 7 en 1"},{"@type":"BreadcrumbList","@id":"https:\/\/store.microbiotech.dz\/index.php\/produit\/analyseur-de-sol-portable-numerique-7-en-1\/#breadcrumb","itemListElement":[{"@type":"ListItem","position":1,"name":"Accueil","item":"https:\/\/store.microbiotech.dz\/"},{"@type":"ListItem","position":2,"name":"Nos Produits","item":"https:\/\/store.microbiotech.dz\/index.php\/nos-produits\/"},{"@type":"ListItem","position":3,"name":"Analyseur de sol portable num\u00e9rique 7 en 1"}]},{"@type":"WebSite","@id":"https:\/\/store.microbiotech.dz\/#website","url":"https:\/\/store.microbiotech.dz\/","name":"La Boutique en ligne","description":"Qualit\u00e9 - Rapidit\u00e9 - Tranquillit\u00e9","publisher":{"@id":"https:\/\/store.microbiotech.dz\/#organization"},"potentialAction":[{"@type":"SearchAction","target":{"@type":"EntryPoint","urlTemplate":"https:\/\/store.microbiotech.dz\/?s={search_term_string}"},"query-input":{"@type":"PropertyValueSpecification","valueRequired":true,"valueName":"search_term_string"}}],"inLanguage":"fr-FR"},{"@type":"Organization","@id":"https:\/\/store.microbiotech.dz\/#organization","name":"Microbiotech EURL","url":"https:\/\/store.microbiotech.dz\/","logo":{"@type":"ImageObject","inLanguage":"fr-FR","@id":"https:\/\/store.microbiotech.dz\/#\/schema\/logo\/image\/","url":"https:\/\/store.microbiotech.dz\/wp-content\/uploads\/2021\/09\/cropped-logo-microbiotech-2.jpg","contentUrl":"https:\/\/store.microbiotech.dz\/wp-content\/uploads\/2021\/09\/cropped-logo-microbiotech-2.jpg","width":815,"height":586,"caption":"Microbiotech EURL"},"image":{"@id":"https:\/\/store.microbiotech.dz\/#\/schema\/logo\/image\/"},"sameAs":["https:\/\/www.facebook.com\/MicroBiotech.dz","https:\/\/x.com\/MicrobiotechD","https:\/\/www.linkedin.com\/in\/microbiotech\/","https:\/\/www.youtube.com\/channel\/UCTxc3VIiX7LXD2LQYfZEcDg"]}]}},"jetpack_sharing_enabled":true,"_links":{"self":[{"href":"https:\/\/store.microbiotech.dz\/index.php\/wp-json\/wp\/v2\/product\/19963","targetHints":{"allow":["GET"]}}],"collection":[{"href":"https:\/\/store.microbiotech.dz\/index.php\/wp-json\/wp\/v2\/product"}],"about":[{"href":"https:\/\/store.microbiotech.dz\/index.php\/wp-json\/wp\/v2\/types\/product"}],"replies":[{"embeddable":true,"href":"https:\/\/store.microbiotech.dz\/index.php\/wp-json\/wp\/v2\/comments?post=19963"}],"wp:featuredmedia":[{"embeddable":true,"href":"https:\/\/store.microbiotech.dz\/index.php\/wp-json\/wp\/v2\/media\/19965"}],"wp:attachment":[{"href":"https:\/\/store.microbiotech.dz\/index.php\/wp-json\/wp\/v2\/media?parent=19963"}],"wp:term":[{"taxonomy":"product_brand","embeddable":true,"href":"https:\/\/store.microbiotech.dz\/index.php\/wp-json\/wp\/v2\/product_brand?post=19963"},{"taxonomy":"product_cat","embeddable":true,"href":"https:\/\/store.microbiotech.dz\/index.php\/wp-json\/wp\/v2\/product_cat?post=19963"},{"taxonomy":"product_tag","embeddable":true,"href":"https:\/\/store.microbiotech.dz\/index.php\/wp-json\/wp\/v2\/product_tag?post=19963"}],"curies":[{"name":"wp","href":"https:\/\/api.w.org\/{rel}","templated":true}]}}