{"id":19954,"date":"2026-03-05T10:57:25","date_gmt":"2026-03-05T09:57:25","guid":{"rendered":"https:\/\/store.microbiotech.dz\/?post_type=product&#038;p=19954"},"modified":"2026-03-05T11:05:34","modified_gmt":"2026-03-05T10:05:34","slug":"analyseur-biochimique-semi-automatique-faithful","status":"publish","type":"product","link":"https:\/\/store.microbiotech.dz\/index.php\/produit\/analyseur-biochimique-semi-automatique-faithful\/","title":{"rendered":"Analyseur biochimique semi-automatique Faithful"},"content":{"rendered":"<p>Cet Analyseur biochimique semi-automatique Faithful offre une solution fiable et performante pour les laboratoires. Il r\u00e9alise des analyses photom\u00e9triques pr\u00e9cises pour de nombreux param\u00e8tres biochimiques comme la glyc\u00e9mie, les enzymes, les lipides, les prot\u00e9ines ou les tests de fonction h\u00e9patique et r\u00e9nale. Son interface type Windows avec utilisation \u00e0 la souris et son grand \u00e9cran LCD couleur facilitent la navigation et la lecture des r\u00e9sultats.<\/p>\n<p>L\u2019appareil fonctionne avec un syst\u00e8me ouvert de r\u00e9actifs compatible avec les modes cellule de d\u00e9bit et cuvette, avec possibilit\u00e9 de syst\u00e8me ferm\u00e9 sur demande. Il propose plusieurs modes analytiques tels que point final mono ou bichromatique, cin\u00e9tique, temps fixe et \u00e9talonnage lin\u00e9aire ou non lin\u00e9aire. La surveillance de la courbe de r\u00e9action en temps r\u00e9el, la fonction de contr\u00f4le qualit\u00e9 <a href=\"https:\/\/en.wikipedia.org\/wiki\/Westgard_rules\" target=\"_blank\" rel=\"noopener\">Westgard<\/a> avec graphique Levey-Jennings et une m\u00e9moire pouvant programmer jusqu\u2019\u00e0 200 protocoles garantissent des analyses fiables et bien organis\u00e9es.<\/p>\n<p>Cet Analyseur <a href=\"https:\/\/store.microbiotech.dz\/?s=biochimique\">biochimique <\/a>semi-automatique Faithful int\u00e8gre \u00e9galement un auto-diagnostic au d\u00e9marrage, plusieurs formats d\u2019impression de r\u00e9sultats et un entretien simple sans intervention technique pour le remplacement de la lampe ou du tube, ce qui en fait un \u00e9quipement pratique et efficace pour les laboratoires.<\/p>\n","protected":false},"excerpt":{"rendered":"<p>&nbsp;<\/p>\n<p>Marque : <strong>Faithful <img loading=\"lazy\" decoding=\"async\" class=\"alignnone wp-image-1795 ls-is-cached lazyloaded\" src=\"https:\/\/store.microbiotech.dz\/wp-content\/uploads\/2022\/04\/China-Flag.png\" sizes=\"auto, (max-width: 39px) 100vw, 39px\" srcset=\"https:\/\/store.microbiotech.dz\/wp-content\/uploads\/2022\/04\/China-Flag.png 224w, https:\/\/store.microbiotech.dz\/wp-content\/uploads\/2022\/04\/China-Flag-150x150.png 150w, https:\/\/store.microbiotech.dz\/wp-content\/uploads\/2022\/04\/China-Flag-100x100.png 100w\" alt=\"\" width=\"39\" height=\"39\" data-src=\"https:\/\/store.microbiotech.dz\/wp-content\/uploads\/2022\/04\/China-Flag.png\" \/><\/strong><br \/>\nPlage photom\u00e9trique : <strong>-0,500 \u00e0 3,500 Abs<\/strong><br \/>\nR\u00e9solution :<strong> 0,001 Abs (affichage), 0,0001 Abs (calcul\u00e9e)<\/strong><br \/>\nSource lumineuse : <strong>lampe halog\u00e8ne 6V \/ 10W<\/strong><br \/>\nLongueurs d\u2019onde : <strong>340, 405, 500, 546, 578, 620, 670 nm + 1 filtre optionnel<\/strong><br \/>\nPr\u00e9cision des longueurs d\u2019onde : <strong>\u00b12 nm<\/strong><br \/>\nLargeur de bande de calibration : <strong>10 nm<\/strong><br \/>\nVolume d\u2019aspiration :<strong> 100 \u2013 3000 \u00b5L<\/strong><br \/>\nContamination crois\u00e9e : <strong>&lt; 1 %<\/strong><br \/>\nCapacit\u00e9 m\u00e9moire : <strong>200 protocoles de test<\/strong><br \/>\nStockage des r\u00e9sultats : <strong>3000 r\u00e9sultats<\/strong><br \/>\nInterface : <strong>RS-232, PSTN optionnel<\/strong><br \/>\nCellule de d\u00e9bit : <strong>25 \u00b5L quartz m\u00e9tal<\/strong><br \/>\nMode cuvette : <strong>12,5 mm \u00d7 12,5 mm<\/strong><br \/>\nTemp\u00e9ratures : <strong>25\u00b0C, 30\u00b0C, 37\u00b0C \u00b10,5\u00b0C<\/strong><br \/>\n\u00c9cran : <strong>LCD couleur<\/strong><br \/>\nDispositifs d\u2019entr\u00e9e : <strong>souris externe, clavier optionnel<\/strong><br \/>\nImpression :<strong> imprimante int\u00e9gr\u00e9e ou imprimante externe<\/strong><br \/>\nT\u00e9l\u00e9chargements :<br \/>\n<a href=\"https:\/\/store.microbiotech.dz\/wp-content\/uploads\/2026\/03\/semi-auto-analysers-rt-1904-c.pdf\">semi-auto-analysers-rt-1904-c<\/a><br \/>\n<a href=\"https:\/\/store.microbiotech.dz\/wp-content\/uploads\/2026\/03\/user-manuel.pdf\">user manuel<\/a><\/p>\n","protected":false},"featured_media":19956,"comment_status":"open","ping_status":"closed","template":"","meta":{"site-sidebar-layout":"default","site-content-layout":"","ast-site-content-layout":"default","site-content-style":"default","site-sidebar-style":"default","ast-global-header-display":"","ast-banner-title-visibility":"","ast-main-header-display":"","ast-hfb-above-header-display":"","ast-hfb-below-header-display":"","ast-hfb-mobile-header-display":"","site-post-title":"","ast-breadcrumbs-content":"","ast-featured-img":"","footer-sml-layout":"","ast-disable-related-posts":"","theme-transparent-header-meta":"default","adv-header-id-meta":"","stick-header-meta":"","header-above-stick-meta":"","header-main-stick-meta":"","header-below-stick-meta":"","astra-migrate-meta-layouts":"set","ast-page-background-enabled":"default","ast-page-background-meta":{"desktop":{"background-color":"var(--ast-global-color-4)","background-image":"","background-repeat":"repeat","background-position":"center center","background-size":"auto","background-attachment":"scroll","background-type":"","background-media":"","overlay-type":"","overlay-color":"","overlay-opacity":"","overlay-gradient":""},"tablet":{"background-color":"","background-image":"","background-repeat":"repeat","background-position":"center center","background-size":"auto","background-attachment":"scroll","background-type":"","background-media":"","overlay-type":"","overlay-color":"","overlay-opacity":"","overlay-gradient":""},"mobile":{"background-color":"","background-image":"","background-repeat":"repeat","background-position":"center center","background-size":"auto","background-attachment":"scroll","background-type":"","background-media":"","overlay-type":"","overlay-color":"","overlay-opacity":"","overlay-gradient":""}},"ast-content-background-meta":{"desktop":{"background-color":"var(--ast-global-color-5)","background-image":"","background-repeat":"repeat","background-position":"center center","background-size":"auto","background-attachment":"scroll","background-type":"","background-media":"","overlay-type":"","overlay-color":"","overlay-opacity":"","overlay-gradient":""},"tablet":{"background-color":"var(--ast-global-color-5)","background-image":"","background-repeat":"repeat","background-position":"center center","background-size":"auto","background-attachment":"scroll","background-type":"","background-media":"","overlay-type":"","overlay-color":"","overlay-opacity":"","overlay-gradient":""},"mobile":{"background-color":"var(--ast-global-color-5)","background-image":"","background-repeat":"repeat","background-position":"center center","background-size":"auto","background-attachment":"scroll","background-type":"","background-media":"","overlay-type":"","overlay-color":"","overlay-opacity":"","overlay-gradient":""}},"jetpack_post_was_ever_published":false},"product_brand":[],"product_cat":[238],"product_tag":[3485,1977,930,997,3486],"class_list":{"0":"post-19954","1":"product","2":"type-product","3":"status-publish","4":"has-post-thumbnail","6":"product_cat-equipements","7":"product_tag-analyseur-biochimique","8":"product_tag-biochimie","9":"product_tag-f90","10":"product_tag-faithful","11":"product_tag-semi-automatique","12":"desktop-align-center","13":"tablet-align-left","14":"mobile-align-left","16":"first","17":"instock","18":"taxable","19":"shipping-taxable","20":"purchasable","21":"product-type-simple"},"yoast_head":"<!-- This site is optimized with the Yoast SEO plugin v27.4 - https:\/\/yoast.com\/product\/yoast-seo-wordpress\/ -->\n<title>Analyseur biochimique semi-automatique Faithful - La Boutique en ligne<\/title>\n<meta name=\"description\" content=\"Cet Analyseur biochimique semi-automatique Faithful offre r\u00e9alise des analyses photom\u00e9triques pr\u00e9cises pour de nombreux param\u00e8tres biochimiques.\" \/>\n<meta name=\"robots\" content=\"index, follow, max-snippet:-1, max-image-preview:large, max-video-preview:-1\" \/>\n<link rel=\"canonical\" href=\"https:\/\/store.microbiotech.dz\/index.php\/produit\/analyseur-biochimique-semi-automatique-faithful\/\" \/>\n<meta property=\"og:locale\" content=\"fr_FR\" \/>\n<meta property=\"og:type\" content=\"article\" \/>\n<meta property=\"og:title\" content=\"Analyseur biochimique semi-automatique Faithful - La Boutique en ligne\" \/>\n<meta property=\"og:description\" content=\"Cet Analyseur biochimique semi-automatique Faithful offre r\u00e9alise des analyses photom\u00e9triques pr\u00e9cises pour de nombreux param\u00e8tres biochimiques.\" \/>\n<meta property=\"og:url\" content=\"https:\/\/store.microbiotech.dz\/index.php\/produit\/analyseur-biochimique-semi-automatique-faithful\/\" \/>\n<meta property=\"og:site_name\" content=\"La Boutique en ligne\" \/>\n<meta property=\"article:publisher\" content=\"https:\/\/www.facebook.com\/MicroBiotech.dz\" \/>\n<meta property=\"article:modified_time\" content=\"2026-03-05T10:05:34+00:00\" \/>\n<meta property=\"og:image\" content=\"https:\/\/store.microbiotech.dz\/wp-content\/uploads\/2026\/03\/Untitled-design-20.webp\" \/>\n\t<meta property=\"og:image:width\" content=\"600\" \/>\n\t<meta property=\"og:image:height\" content=\"600\" \/>\n\t<meta property=\"og:image:type\" content=\"image\/webp\" \/>\n<meta name=\"twitter:card\" content=\"summary_large_image\" \/>\n<meta name=\"twitter:site\" content=\"@MicrobiotechD\" \/>\n<meta name=\"twitter:label1\" content=\"Dur\u00e9e de lecture estim\u00e9e\" \/>\n\t<meta name=\"twitter:data1\" content=\"1 minute\" \/>\n<script type=\"application\/ld+json\" class=\"yoast-schema-graph\">{\"@context\":\"https:\\\/\\\/schema.org\",\"@graph\":[{\"@type\":\"WebPage\",\"@id\":\"https:\\\/\\\/store.microbiotech.dz\\\/index.php\\\/produit\\\/analyseur-biochimique-semi-automatique-faithful\\\/\",\"url\":\"https:\\\/\\\/store.microbiotech.dz\\\/index.php\\\/produit\\\/analyseur-biochimique-semi-automatique-faithful\\\/\",\"name\":\"Analyseur biochimique semi-automatique Faithful - La Boutique en ligne\",\"isPartOf\":{\"@id\":\"https:\\\/\\\/store.microbiotech.dz\\\/#website\"},\"primaryImageOfPage\":{\"@id\":\"https:\\\/\\\/store.microbiotech.dz\\\/index.php\\\/produit\\\/analyseur-biochimique-semi-automatique-faithful\\\/#primaryimage\"},\"image\":{\"@id\":\"https:\\\/\\\/store.microbiotech.dz\\\/index.php\\\/produit\\\/analyseur-biochimique-semi-automatique-faithful\\\/#primaryimage\"},\"thumbnailUrl\":\"https:\\\/\\\/store.microbiotech.dz\\\/wp-content\\\/uploads\\\/2026\\\/03\\\/Untitled-design-20.webp\",\"datePublished\":\"2026-03-05T09:57:25+00:00\",\"dateModified\":\"2026-03-05T10:05:34+00:00\",\"description\":\"Cet Analyseur biochimique semi-automatique Faithful offre r\u00e9alise des analyses photom\u00e9triques pr\u00e9cises pour de nombreux param\u00e8tres biochimiques.\",\"breadcrumb\":{\"@id\":\"https:\\\/\\\/store.microbiotech.dz\\\/index.php\\\/produit\\\/analyseur-biochimique-semi-automatique-faithful\\\/#breadcrumb\"},\"inLanguage\":\"fr-FR\",\"potentialAction\":[{\"@type\":\"ReadAction\",\"target\":[\"https:\\\/\\\/store.microbiotech.dz\\\/index.php\\\/produit\\\/analyseur-biochimique-semi-automatique-faithful\\\/\"]}]},{\"@type\":\"ImageObject\",\"inLanguage\":\"fr-FR\",\"@id\":\"https:\\\/\\\/store.microbiotech.dz\\\/index.php\\\/produit\\\/analyseur-biochimique-semi-automatique-faithful\\\/#primaryimage\",\"url\":\"https:\\\/\\\/store.microbiotech.dz\\\/wp-content\\\/uploads\\\/2026\\\/03\\\/Untitled-design-20.webp\",\"contentUrl\":\"https:\\\/\\\/store.microbiotech.dz\\\/wp-content\\\/uploads\\\/2026\\\/03\\\/Untitled-design-20.webp\",\"width\":600,\"height\":600,\"caption\":\"Analyseur biochimique semi-automatique Faithful\"},{\"@type\":\"BreadcrumbList\",\"@id\":\"https:\\\/\\\/store.microbiotech.dz\\\/index.php\\\/produit\\\/analyseur-biochimique-semi-automatique-faithful\\\/#breadcrumb\",\"itemListElement\":[{\"@type\":\"ListItem\",\"position\":1,\"name\":\"Accueil\",\"item\":\"https:\\\/\\\/store.microbiotech.dz\\\/\"},{\"@type\":\"ListItem\",\"position\":2,\"name\":\"Nos Produits\",\"item\":\"https:\\\/\\\/store.microbiotech.dz\\\/index.php\\\/nos-produits\\\/\"},{\"@type\":\"ListItem\",\"position\":3,\"name\":\"Analyseur biochimique semi-automatique Faithful\"}]},{\"@type\":\"WebSite\",\"@id\":\"https:\\\/\\\/store.microbiotech.dz\\\/#website\",\"url\":\"https:\\\/\\\/store.microbiotech.dz\\\/\",\"name\":\"La Boutique en ligne\",\"description\":\"Qualit\u00e9 - Rapidit\u00e9 - Tranquillit\u00e9\",\"publisher\":{\"@id\":\"https:\\\/\\\/store.microbiotech.dz\\\/#organization\"},\"potentialAction\":[{\"@type\":\"SearchAction\",\"target\":{\"@type\":\"EntryPoint\",\"urlTemplate\":\"https:\\\/\\\/store.microbiotech.dz\\\/?s={search_term_string}\"},\"query-input\":{\"@type\":\"PropertyValueSpecification\",\"valueRequired\":true,\"valueName\":\"search_term_string\"}}],\"inLanguage\":\"fr-FR\"},{\"@type\":\"Organization\",\"@id\":\"https:\\\/\\\/store.microbiotech.dz\\\/#organization\",\"name\":\"Microbiotech EURL\",\"url\":\"https:\\\/\\\/store.microbiotech.dz\\\/\",\"logo\":{\"@type\":\"ImageObject\",\"inLanguage\":\"fr-FR\",\"@id\":\"https:\\\/\\\/store.microbiotech.dz\\\/#\\\/schema\\\/logo\\\/image\\\/\",\"url\":\"https:\\\/\\\/store.microbiotech.dz\\\/wp-content\\\/uploads\\\/2021\\\/09\\\/cropped-logo-microbiotech-2.jpg\",\"contentUrl\":\"https:\\\/\\\/store.microbiotech.dz\\\/wp-content\\\/uploads\\\/2021\\\/09\\\/cropped-logo-microbiotech-2.jpg\",\"width\":815,\"height\":586,\"caption\":\"Microbiotech EURL\"},\"image\":{\"@id\":\"https:\\\/\\\/store.microbiotech.dz\\\/#\\\/schema\\\/logo\\\/image\\\/\"},\"sameAs\":[\"https:\\\/\\\/www.facebook.com\\\/MicroBiotech.dz\",\"https:\\\/\\\/x.com\\\/MicrobiotechD\",\"https:\\\/\\\/www.linkedin.com\\\/in\\\/microbiotech\\\/\",\"https:\\\/\\\/www.youtube.com\\\/channel\\\/UCTxc3VIiX7LXD2LQYfZEcDg\"]}]}<\/script>\n<!-- \/ Yoast SEO plugin. -->","yoast_head_json":{"title":"Analyseur biochimique semi-automatique Faithful - La Boutique en ligne","description":"Cet Analyseur biochimique semi-automatique Faithful offre r\u00e9alise des analyses photom\u00e9triques pr\u00e9cises pour de nombreux param\u00e8tres biochimiques.","robots":{"index":"index","follow":"follow","max-snippet":"max-snippet:-1","max-image-preview":"max-image-preview:large","max-video-preview":"max-video-preview:-1"},"canonical":"https:\/\/store.microbiotech.dz\/index.php\/produit\/analyseur-biochimique-semi-automatique-faithful\/","og_locale":"fr_FR","og_type":"article","og_title":"Analyseur biochimique semi-automatique Faithful - La Boutique en ligne","og_description":"Cet Analyseur biochimique semi-automatique Faithful offre r\u00e9alise des analyses photom\u00e9triques pr\u00e9cises pour de nombreux param\u00e8tres biochimiques.","og_url":"https:\/\/store.microbiotech.dz\/index.php\/produit\/analyseur-biochimique-semi-automatique-faithful\/","og_site_name":"La Boutique en ligne","article_publisher":"https:\/\/www.facebook.com\/MicroBiotech.dz","article_modified_time":"2026-03-05T10:05:34+00:00","og_image":[{"width":600,"height":600,"url":"https:\/\/store.microbiotech.dz\/wp-content\/uploads\/2026\/03\/Untitled-design-20.webp","type":"image\/webp"}],"twitter_card":"summary_large_image","twitter_site":"@MicrobiotechD","twitter_misc":{"Dur\u00e9e de lecture estim\u00e9e":"1 minute"},"schema":{"@context":"https:\/\/schema.org","@graph":[{"@type":"WebPage","@id":"https:\/\/store.microbiotech.dz\/index.php\/produit\/analyseur-biochimique-semi-automatique-faithful\/","url":"https:\/\/store.microbiotech.dz\/index.php\/produit\/analyseur-biochimique-semi-automatique-faithful\/","name":"Analyseur biochimique semi-automatique Faithful - La Boutique en ligne","isPartOf":{"@id":"https:\/\/store.microbiotech.dz\/#website"},"primaryImageOfPage":{"@id":"https:\/\/store.microbiotech.dz\/index.php\/produit\/analyseur-biochimique-semi-automatique-faithful\/#primaryimage"},"image":{"@id":"https:\/\/store.microbiotech.dz\/index.php\/produit\/analyseur-biochimique-semi-automatique-faithful\/#primaryimage"},"thumbnailUrl":"https:\/\/store.microbiotech.dz\/wp-content\/uploads\/2026\/03\/Untitled-design-20.webp","datePublished":"2026-03-05T09:57:25+00:00","dateModified":"2026-03-05T10:05:34+00:00","description":"Cet Analyseur biochimique semi-automatique Faithful offre r\u00e9alise des analyses photom\u00e9triques pr\u00e9cises pour de nombreux param\u00e8tres biochimiques.","breadcrumb":{"@id":"https:\/\/store.microbiotech.dz\/index.php\/produit\/analyseur-biochimique-semi-automatique-faithful\/#breadcrumb"},"inLanguage":"fr-FR","potentialAction":[{"@type":"ReadAction","target":["https:\/\/store.microbiotech.dz\/index.php\/produit\/analyseur-biochimique-semi-automatique-faithful\/"]}]},{"@type":"ImageObject","inLanguage":"fr-FR","@id":"https:\/\/store.microbiotech.dz\/index.php\/produit\/analyseur-biochimique-semi-automatique-faithful\/#primaryimage","url":"https:\/\/store.microbiotech.dz\/wp-content\/uploads\/2026\/03\/Untitled-design-20.webp","contentUrl":"https:\/\/store.microbiotech.dz\/wp-content\/uploads\/2026\/03\/Untitled-design-20.webp","width":600,"height":600,"caption":"Analyseur biochimique semi-automatique Faithful"},{"@type":"BreadcrumbList","@id":"https:\/\/store.microbiotech.dz\/index.php\/produit\/analyseur-biochimique-semi-automatique-faithful\/#breadcrumb","itemListElement":[{"@type":"ListItem","position":1,"name":"Accueil","item":"https:\/\/store.microbiotech.dz\/"},{"@type":"ListItem","position":2,"name":"Nos Produits","item":"https:\/\/store.microbiotech.dz\/index.php\/nos-produits\/"},{"@type":"ListItem","position":3,"name":"Analyseur biochimique semi-automatique Faithful"}]},{"@type":"WebSite","@id":"https:\/\/store.microbiotech.dz\/#website","url":"https:\/\/store.microbiotech.dz\/","name":"La Boutique en ligne","description":"Qualit\u00e9 - Rapidit\u00e9 - Tranquillit\u00e9","publisher":{"@id":"https:\/\/store.microbiotech.dz\/#organization"},"potentialAction":[{"@type":"SearchAction","target":{"@type":"EntryPoint","urlTemplate":"https:\/\/store.microbiotech.dz\/?s={search_term_string}"},"query-input":{"@type":"PropertyValueSpecification","valueRequired":true,"valueName":"search_term_string"}}],"inLanguage":"fr-FR"},{"@type":"Organization","@id":"https:\/\/store.microbiotech.dz\/#organization","name":"Microbiotech EURL","url":"https:\/\/store.microbiotech.dz\/","logo":{"@type":"ImageObject","inLanguage":"fr-FR","@id":"https:\/\/store.microbiotech.dz\/#\/schema\/logo\/image\/","url":"https:\/\/store.microbiotech.dz\/wp-content\/uploads\/2021\/09\/cropped-logo-microbiotech-2.jpg","contentUrl":"https:\/\/store.microbiotech.dz\/wp-content\/uploads\/2021\/09\/cropped-logo-microbiotech-2.jpg","width":815,"height":586,"caption":"Microbiotech EURL"},"image":{"@id":"https:\/\/store.microbiotech.dz\/#\/schema\/logo\/image\/"},"sameAs":["https:\/\/www.facebook.com\/MicroBiotech.dz","https:\/\/x.com\/MicrobiotechD","https:\/\/www.linkedin.com\/in\/microbiotech\/","https:\/\/www.youtube.com\/channel\/UCTxc3VIiX7LXD2LQYfZEcDg"]}]}},"jetpack_sharing_enabled":true,"_links":{"self":[{"href":"https:\/\/store.microbiotech.dz\/index.php\/wp-json\/wp\/v2\/product\/19954","targetHints":{"allow":["GET"]}}],"collection":[{"href":"https:\/\/store.microbiotech.dz\/index.php\/wp-json\/wp\/v2\/product"}],"about":[{"href":"https:\/\/store.microbiotech.dz\/index.php\/wp-json\/wp\/v2\/types\/product"}],"replies":[{"embeddable":true,"href":"https:\/\/store.microbiotech.dz\/index.php\/wp-json\/wp\/v2\/comments?post=19954"}],"wp:featuredmedia":[{"embeddable":true,"href":"https:\/\/store.microbiotech.dz\/index.php\/wp-json\/wp\/v2\/media\/19956"}],"wp:attachment":[{"href":"https:\/\/store.microbiotech.dz\/index.php\/wp-json\/wp\/v2\/media?parent=19954"}],"wp:term":[{"taxonomy":"product_brand","embeddable":true,"href":"https:\/\/store.microbiotech.dz\/index.php\/wp-json\/wp\/v2\/product_brand?post=19954"},{"taxonomy":"product_cat","embeddable":true,"href":"https:\/\/store.microbiotech.dz\/index.php\/wp-json\/wp\/v2\/product_cat?post=19954"},{"taxonomy":"product_tag","embeddable":true,"href":"https:\/\/store.microbiotech.dz\/index.php\/wp-json\/wp\/v2\/product_tag?post=19954"}],"curies":[{"name":"wp","href":"https:\/\/api.w.org\/{rel}","templated":true}]}}