{"id":19883,"date":"2026-03-02T09:11:44","date_gmt":"2026-03-02T08:11:44","guid":{"rendered":"https:\/\/store.microbiotech.dz\/?post_type=product&#038;p=19883"},"modified":"2026-03-02T10:08:05","modified_gmt":"2026-03-02T09:08:05","slug":"solution-tampon-ph-4-00-25-c-1000-ml-specilab","status":"publish","type":"product","link":"https:\/\/store.microbiotech.dz\/index.php\/produit\/solution-tampon-ph-4-00-25-c-1000-ml-specilab\/","title":{"rendered":"Solution tampon PH 4.00 (25 \u00b0C) 1000 ml SPECILAB"},"content":{"rendered":"<p>Solution <a href=\"https:\/\/store.microbiotech.dz\/index.php\/etiquette-produit\/tampon\/\" target=\"_blank\" rel=\"noopener\">tampon<\/a> PH 4.00 (25 \u00b0C) 1000 ml <a href=\"https:\/\/www.prochima-sigma.com\/catalogue\/SP\" target=\"_blank\" rel=\"noopener\">SPECILAB<\/a> certifi\u00e9e pour laboratoire, id\u00e9ale pour l\u2019\u00e9talonnage pr\u00e9cis des pH-m\u00e8tres et des \u00e9lectrodes. Elle assure une valeur stable et fiable pour v\u00e9rifier et ajuster vos instruments de mesure en toute confiance. Sa formulation garantit une excellente exactitude et une grande r\u00e9p\u00e9tabilit\u00e9 des r\u00e9sultats. Conditionn\u00e9e pour une utilisation pratique au quotidien, elle convient parfaitement aux laboratoires d\u2019analyses, d\u2019enseignement et de contr\u00f4le qualit\u00e9.<\/p>\n","protected":false},"excerpt":{"rendered":"<p>&nbsp;<\/p>\n<p>Marque: <strong>SPECILAB <img loading=\"lazy\" decoding=\"async\" class=\"\" src=\"https:\/\/store.microbiotech.dz\/wp-content\/uploads\/2022\/06\/algeria-flag-300x225.png\" width=\"43\" height=\"32\" \/><\/strong><br \/>\nDate de p\u00e9remption: <strong>28-04-2028<\/strong><br \/>\nCondition de stockage : <strong>5-30\u00b0C<\/strong><br \/>\nCouleur : <strong>rouge<\/strong><\/p>\n","protected":false},"featured_media":19884,"comment_status":"open","ping_status":"closed","template":"","meta":{"site-sidebar-layout":"default","site-content-layout":"default","ast-site-content-layout":"default","site-content-style":"default","site-sidebar-style":"default","ast-global-header-display":"","ast-banner-title-visibility":"","ast-main-header-display":"","ast-hfb-above-header-display":"","ast-hfb-below-header-display":"","ast-hfb-mobile-header-display":"","site-post-title":"","ast-breadcrumbs-content":"","ast-featured-img":"","footer-sml-layout":"","ast-disable-related-posts":"","theme-transparent-header-meta":"default","adv-header-id-meta":"","stick-header-meta":"","header-above-stick-meta":"","header-main-stick-meta":"","header-below-stick-meta":"","astra-migrate-meta-layouts":"set","ast-page-background-enabled":"default","ast-page-background-meta":{"desktop":{"background-color":"var(--ast-global-color-4)","background-image":"","background-repeat":"repeat","background-position":"center center","background-size":"auto","background-attachment":"scroll","background-type":"","background-media":"","overlay-type":"","overlay-color":"","overlay-opacity":"","overlay-gradient":""},"tablet":{"background-color":"","background-image":"","background-repeat":"repeat","background-position":"center center","background-size":"auto","background-attachment":"scroll","background-type":"","background-media":"","overlay-type":"","overlay-color":"","overlay-opacity":"","overlay-gradient":""},"mobile":{"background-color":"","background-image":"","background-repeat":"repeat","background-position":"center center","background-size":"auto","background-attachment":"scroll","background-type":"","background-media":"","overlay-type":"","overlay-color":"","overlay-opacity":"","overlay-gradient":""}},"ast-content-background-meta":{"desktop":{"background-color":"var(--ast-global-color-5)","background-image":"","background-repeat":"repeat","background-position":"center center","background-size":"auto","background-attachment":"scroll","background-type":"","background-media":"","overlay-type":"","overlay-color":"","overlay-opacity":"","overlay-gradient":""},"tablet":{"background-color":"var(--ast-global-color-5)","background-image":"","background-repeat":"repeat","background-position":"center center","background-size":"auto","background-attachment":"scroll","background-type":"","background-media":"","overlay-type":"","overlay-color":"","overlay-opacity":"","overlay-gradient":""},"mobile":{"background-color":"var(--ast-global-color-5)","background-image":"","background-repeat":"repeat","background-position":"center center","background-size":"auto","background-attachment":"scroll","background-type":"","background-media":"","overlay-type":"","overlay-color":"","overlay-opacity":"","overlay-gradient":""}},"jetpack_post_was_ever_published":false},"product_brand":[],"product_cat":[94],"product_tag":[2203,549,123,124],"class_list":{"0":"post-19883","1":"product","2":"type-product","3":"status-publish","4":"has-post-thumbnail","6":"product_cat-additifs-et-autres","7":"product_tag-buffer","8":"product_tag-f21","9":"product_tag-ph-4","10":"product_tag-solution-tampon","11":"desktop-align-center","12":"tablet-align-left","13":"mobile-align-left","15":"first","16":"instock","17":"taxable","18":"shipping-taxable","19":"purchasable","20":"product-type-simple"},"yoast_head":"<!-- This site is optimized with the Yoast SEO plugin v27.4 - https:\/\/yoast.com\/product\/yoast-seo-wordpress\/ -->\n<title>Solution tampon PH 4.00 (25 \u00b0C) 1000 ml SPECILAB<\/title>\n<meta name=\"description\" content=\"Solution tampon PH 4.00 (25 \u00b0C) 1000 ml SPECILAB toujours de bonne qualit\u00e9 et avec un excellent rapport qualit\u00e9 prix chez Microbiotech.\" \/>\n<meta name=\"robots\" content=\"index, follow, max-snippet:-1, max-image-preview:large, max-video-preview:-1\" \/>\n<link rel=\"canonical\" href=\"https:\/\/store.microbiotech.dz\/index.php\/produit\/solution-tampon-ph-4-00-25-c-1000-ml-specilab\/\" \/>\n<meta property=\"og:locale\" content=\"fr_FR\" \/>\n<meta property=\"og:type\" content=\"article\" \/>\n<meta property=\"og:title\" content=\"Solution tampon PH 4.00 (25 \u00b0C) 1000 ml SPECILAB\" \/>\n<meta property=\"og:description\" content=\"Solution tampon PH 4.00 (25 \u00b0C) 1000 ml SPECILAB toujours de bonne qualit\u00e9 et avec un excellent rapport qualit\u00e9 prix chez Microbiotech.\" \/>\n<meta property=\"og:url\" content=\"https:\/\/store.microbiotech.dz\/index.php\/produit\/solution-tampon-ph-4-00-25-c-1000-ml-specilab\/\" \/>\n<meta property=\"og:site_name\" content=\"La Boutique en ligne\" \/>\n<meta property=\"article:publisher\" content=\"https:\/\/www.facebook.com\/MicroBiotech.dz\" \/>\n<meta property=\"article:modified_time\" content=\"2026-03-02T09:08:05+00:00\" \/>\n<meta property=\"og:image\" content=\"https:\/\/store.microbiotech.dz\/wp-content\/uploads\/2026\/03\/Untitled-design-11.png\" \/>\n\t<meta property=\"og:image:width\" content=\"600\" \/>\n\t<meta property=\"og:image:height\" content=\"600\" \/>\n\t<meta property=\"og:image:type\" content=\"image\/png\" \/>\n<meta name=\"twitter:card\" content=\"summary_large_image\" \/>\n<meta name=\"twitter:site\" content=\"@MicrobiotechD\" \/>\n<script type=\"application\/ld+json\" class=\"yoast-schema-graph\">{\"@context\":\"https:\\\/\\\/schema.org\",\"@graph\":[{\"@type\":\"WebPage\",\"@id\":\"https:\\\/\\\/store.microbiotech.dz\\\/index.php\\\/produit\\\/solution-tampon-ph-4-00-25-c-1000-ml-specilab\\\/\",\"url\":\"https:\\\/\\\/store.microbiotech.dz\\\/index.php\\\/produit\\\/solution-tampon-ph-4-00-25-c-1000-ml-specilab\\\/\",\"name\":\"Solution tampon PH 4.00 (25 \u00b0C) 1000 ml SPECILAB\",\"isPartOf\":{\"@id\":\"https:\\\/\\\/store.microbiotech.dz\\\/#website\"},\"primaryImageOfPage\":{\"@id\":\"https:\\\/\\\/store.microbiotech.dz\\\/index.php\\\/produit\\\/solution-tampon-ph-4-00-25-c-1000-ml-specilab\\\/#primaryimage\"},\"image\":{\"@id\":\"https:\\\/\\\/store.microbiotech.dz\\\/index.php\\\/produit\\\/solution-tampon-ph-4-00-25-c-1000-ml-specilab\\\/#primaryimage\"},\"thumbnailUrl\":\"https:\\\/\\\/store.microbiotech.dz\\\/wp-content\\\/uploads\\\/2026\\\/03\\\/Untitled-design-11.png\",\"datePublished\":\"2026-03-02T08:11:44+00:00\",\"dateModified\":\"2026-03-02T09:08:05+00:00\",\"description\":\"Solution tampon PH 4.00 (25 \u00b0C) 1000 ml SPECILAB toujours de bonne qualit\u00e9 et avec un excellent rapport qualit\u00e9 prix chez Microbiotech.\",\"breadcrumb\":{\"@id\":\"https:\\\/\\\/store.microbiotech.dz\\\/index.php\\\/produit\\\/solution-tampon-ph-4-00-25-c-1000-ml-specilab\\\/#breadcrumb\"},\"inLanguage\":\"fr-FR\",\"potentialAction\":[{\"@type\":\"ReadAction\",\"target\":[\"https:\\\/\\\/store.microbiotech.dz\\\/index.php\\\/produit\\\/solution-tampon-ph-4-00-25-c-1000-ml-specilab\\\/\"]}]},{\"@type\":\"ImageObject\",\"inLanguage\":\"fr-FR\",\"@id\":\"https:\\\/\\\/store.microbiotech.dz\\\/index.php\\\/produit\\\/solution-tampon-ph-4-00-25-c-1000-ml-specilab\\\/#primaryimage\",\"url\":\"https:\\\/\\\/store.microbiotech.dz\\\/wp-content\\\/uploads\\\/2026\\\/03\\\/Untitled-design-11.png\",\"contentUrl\":\"https:\\\/\\\/store.microbiotech.dz\\\/wp-content\\\/uploads\\\/2026\\\/03\\\/Untitled-design-11.png\",\"width\":600,\"height\":600,\"caption\":\"Solution tampon PH 4.00 (25 \u00b0C) 1000 ml SPECILAB\"},{\"@type\":\"BreadcrumbList\",\"@id\":\"https:\\\/\\\/store.microbiotech.dz\\\/index.php\\\/produit\\\/solution-tampon-ph-4-00-25-c-1000-ml-specilab\\\/#breadcrumb\",\"itemListElement\":[{\"@type\":\"ListItem\",\"position\":1,\"name\":\"Accueil\",\"item\":\"https:\\\/\\\/store.microbiotech.dz\\\/\"},{\"@type\":\"ListItem\",\"position\":2,\"name\":\"Nos Produits\",\"item\":\"https:\\\/\\\/store.microbiotech.dz\\\/index.php\\\/nos-produits\\\/\"},{\"@type\":\"ListItem\",\"position\":3,\"name\":\"Solution tampon PH 4.00 (25 \u00b0C) 1000 ml SPECILAB\"}]},{\"@type\":\"WebSite\",\"@id\":\"https:\\\/\\\/store.microbiotech.dz\\\/#website\",\"url\":\"https:\\\/\\\/store.microbiotech.dz\\\/\",\"name\":\"La Boutique en ligne\",\"description\":\"Qualit\u00e9 - Rapidit\u00e9 - Tranquillit\u00e9\",\"publisher\":{\"@id\":\"https:\\\/\\\/store.microbiotech.dz\\\/#organization\"},\"potentialAction\":[{\"@type\":\"SearchAction\",\"target\":{\"@type\":\"EntryPoint\",\"urlTemplate\":\"https:\\\/\\\/store.microbiotech.dz\\\/?s={search_term_string}\"},\"query-input\":{\"@type\":\"PropertyValueSpecification\",\"valueRequired\":true,\"valueName\":\"search_term_string\"}}],\"inLanguage\":\"fr-FR\"},{\"@type\":\"Organization\",\"@id\":\"https:\\\/\\\/store.microbiotech.dz\\\/#organization\",\"name\":\"Microbiotech EURL\",\"url\":\"https:\\\/\\\/store.microbiotech.dz\\\/\",\"logo\":{\"@type\":\"ImageObject\",\"inLanguage\":\"fr-FR\",\"@id\":\"https:\\\/\\\/store.microbiotech.dz\\\/#\\\/schema\\\/logo\\\/image\\\/\",\"url\":\"https:\\\/\\\/store.microbiotech.dz\\\/wp-content\\\/uploads\\\/2021\\\/09\\\/cropped-logo-microbiotech-2.jpg\",\"contentUrl\":\"https:\\\/\\\/store.microbiotech.dz\\\/wp-content\\\/uploads\\\/2021\\\/09\\\/cropped-logo-microbiotech-2.jpg\",\"width\":815,\"height\":586,\"caption\":\"Microbiotech EURL\"},\"image\":{\"@id\":\"https:\\\/\\\/store.microbiotech.dz\\\/#\\\/schema\\\/logo\\\/image\\\/\"},\"sameAs\":[\"https:\\\/\\\/www.facebook.com\\\/MicroBiotech.dz\",\"https:\\\/\\\/x.com\\\/MicrobiotechD\",\"https:\\\/\\\/www.linkedin.com\\\/in\\\/microbiotech\\\/\",\"https:\\\/\\\/www.youtube.com\\\/channel\\\/UCTxc3VIiX7LXD2LQYfZEcDg\"]}]}<\/script>\n<!-- \/ Yoast SEO plugin. -->","yoast_head_json":{"title":"Solution tampon PH 4.00 (25 \u00b0C) 1000 ml SPECILAB","description":"Solution tampon PH 4.00 (25 \u00b0C) 1000 ml SPECILAB toujours de bonne qualit\u00e9 et avec un excellent rapport qualit\u00e9 prix chez Microbiotech.","robots":{"index":"index","follow":"follow","max-snippet":"max-snippet:-1","max-image-preview":"max-image-preview:large","max-video-preview":"max-video-preview:-1"},"canonical":"https:\/\/store.microbiotech.dz\/index.php\/produit\/solution-tampon-ph-4-00-25-c-1000-ml-specilab\/","og_locale":"fr_FR","og_type":"article","og_title":"Solution tampon PH 4.00 (25 \u00b0C) 1000 ml SPECILAB","og_description":"Solution tampon PH 4.00 (25 \u00b0C) 1000 ml SPECILAB toujours de bonne qualit\u00e9 et avec un excellent rapport qualit\u00e9 prix chez Microbiotech.","og_url":"https:\/\/store.microbiotech.dz\/index.php\/produit\/solution-tampon-ph-4-00-25-c-1000-ml-specilab\/","og_site_name":"La Boutique en ligne","article_publisher":"https:\/\/www.facebook.com\/MicroBiotech.dz","article_modified_time":"2026-03-02T09:08:05+00:00","og_image":[{"width":600,"height":600,"url":"https:\/\/store.microbiotech.dz\/wp-content\/uploads\/2026\/03\/Untitled-design-11.png","type":"image\/png"}],"twitter_card":"summary_large_image","twitter_site":"@MicrobiotechD","schema":{"@context":"https:\/\/schema.org","@graph":[{"@type":"WebPage","@id":"https:\/\/store.microbiotech.dz\/index.php\/produit\/solution-tampon-ph-4-00-25-c-1000-ml-specilab\/","url":"https:\/\/store.microbiotech.dz\/index.php\/produit\/solution-tampon-ph-4-00-25-c-1000-ml-specilab\/","name":"Solution tampon PH 4.00 (25 \u00b0C) 1000 ml SPECILAB","isPartOf":{"@id":"https:\/\/store.microbiotech.dz\/#website"},"primaryImageOfPage":{"@id":"https:\/\/store.microbiotech.dz\/index.php\/produit\/solution-tampon-ph-4-00-25-c-1000-ml-specilab\/#primaryimage"},"image":{"@id":"https:\/\/store.microbiotech.dz\/index.php\/produit\/solution-tampon-ph-4-00-25-c-1000-ml-specilab\/#primaryimage"},"thumbnailUrl":"https:\/\/store.microbiotech.dz\/wp-content\/uploads\/2026\/03\/Untitled-design-11.png","datePublished":"2026-03-02T08:11:44+00:00","dateModified":"2026-03-02T09:08:05+00:00","description":"Solution tampon PH 4.00 (25 \u00b0C) 1000 ml SPECILAB toujours de bonne qualit\u00e9 et avec un excellent rapport qualit\u00e9 prix chez Microbiotech.","breadcrumb":{"@id":"https:\/\/store.microbiotech.dz\/index.php\/produit\/solution-tampon-ph-4-00-25-c-1000-ml-specilab\/#breadcrumb"},"inLanguage":"fr-FR","potentialAction":[{"@type":"ReadAction","target":["https:\/\/store.microbiotech.dz\/index.php\/produit\/solution-tampon-ph-4-00-25-c-1000-ml-specilab\/"]}]},{"@type":"ImageObject","inLanguage":"fr-FR","@id":"https:\/\/store.microbiotech.dz\/index.php\/produit\/solution-tampon-ph-4-00-25-c-1000-ml-specilab\/#primaryimage","url":"https:\/\/store.microbiotech.dz\/wp-content\/uploads\/2026\/03\/Untitled-design-11.png","contentUrl":"https:\/\/store.microbiotech.dz\/wp-content\/uploads\/2026\/03\/Untitled-design-11.png","width":600,"height":600,"caption":"Solution tampon PH 4.00 (25 \u00b0C) 1000 ml SPECILAB"},{"@type":"BreadcrumbList","@id":"https:\/\/store.microbiotech.dz\/index.php\/produit\/solution-tampon-ph-4-00-25-c-1000-ml-specilab\/#breadcrumb","itemListElement":[{"@type":"ListItem","position":1,"name":"Accueil","item":"https:\/\/store.microbiotech.dz\/"},{"@type":"ListItem","position":2,"name":"Nos Produits","item":"https:\/\/store.microbiotech.dz\/index.php\/nos-produits\/"},{"@type":"ListItem","position":3,"name":"Solution tampon PH 4.00 (25 \u00b0C) 1000 ml SPECILAB"}]},{"@type":"WebSite","@id":"https:\/\/store.microbiotech.dz\/#website","url":"https:\/\/store.microbiotech.dz\/","name":"La Boutique en ligne","description":"Qualit\u00e9 - Rapidit\u00e9 - Tranquillit\u00e9","publisher":{"@id":"https:\/\/store.microbiotech.dz\/#organization"},"potentialAction":[{"@type":"SearchAction","target":{"@type":"EntryPoint","urlTemplate":"https:\/\/store.microbiotech.dz\/?s={search_term_string}"},"query-input":{"@type":"PropertyValueSpecification","valueRequired":true,"valueName":"search_term_string"}}],"inLanguage":"fr-FR"},{"@type":"Organization","@id":"https:\/\/store.microbiotech.dz\/#organization","name":"Microbiotech EURL","url":"https:\/\/store.microbiotech.dz\/","logo":{"@type":"ImageObject","inLanguage":"fr-FR","@id":"https:\/\/store.microbiotech.dz\/#\/schema\/logo\/image\/","url":"https:\/\/store.microbiotech.dz\/wp-content\/uploads\/2021\/09\/cropped-logo-microbiotech-2.jpg","contentUrl":"https:\/\/store.microbiotech.dz\/wp-content\/uploads\/2021\/09\/cropped-logo-microbiotech-2.jpg","width":815,"height":586,"caption":"Microbiotech EURL"},"image":{"@id":"https:\/\/store.microbiotech.dz\/#\/schema\/logo\/image\/"},"sameAs":["https:\/\/www.facebook.com\/MicroBiotech.dz","https:\/\/x.com\/MicrobiotechD","https:\/\/www.linkedin.com\/in\/microbiotech\/","https:\/\/www.youtube.com\/channel\/UCTxc3VIiX7LXD2LQYfZEcDg"]}]}},"jetpack_sharing_enabled":true,"_links":{"self":[{"href":"https:\/\/store.microbiotech.dz\/index.php\/wp-json\/wp\/v2\/product\/19883","targetHints":{"allow":["GET"]}}],"collection":[{"href":"https:\/\/store.microbiotech.dz\/index.php\/wp-json\/wp\/v2\/product"}],"about":[{"href":"https:\/\/store.microbiotech.dz\/index.php\/wp-json\/wp\/v2\/types\/product"}],"replies":[{"embeddable":true,"href":"https:\/\/store.microbiotech.dz\/index.php\/wp-json\/wp\/v2\/comments?post=19883"}],"wp:featuredmedia":[{"embeddable":true,"href":"https:\/\/store.microbiotech.dz\/index.php\/wp-json\/wp\/v2\/media\/19884"}],"wp:attachment":[{"href":"https:\/\/store.microbiotech.dz\/index.php\/wp-json\/wp\/v2\/media?parent=19883"}],"wp:term":[{"taxonomy":"product_brand","embeddable":true,"href":"https:\/\/store.microbiotech.dz\/index.php\/wp-json\/wp\/v2\/product_brand?post=19883"},{"taxonomy":"product_cat","embeddable":true,"href":"https:\/\/store.microbiotech.dz\/index.php\/wp-json\/wp\/v2\/product_cat?post=19883"},{"taxonomy":"product_tag","embeddable":true,"href":"https:\/\/store.microbiotech.dz\/index.php\/wp-json\/wp\/v2\/product_tag?post=19883"}],"curies":[{"name":"wp","href":"https:\/\/api.w.org\/{rel}","templated":true}]}}