{"id":19359,"date":"2026-02-05T13:58:41","date_gmt":"2026-02-05T12:58:41","guid":{"rendered":"https:\/\/store.microbiotech.dz\/?post_type=product&#038;p=19359"},"modified":"2026-02-06T09:55:00","modified_gmt":"2026-02-06T08:55:00","slug":"analyseur-de-sol-numerique-npk","status":"publish","type":"product","link":"https:\/\/store.microbiotech.dz\/index.php\/produit\/analyseur-de-sol-numerique-npk\/","title":{"rendered":"Analyseur de sol num\u00e9rique NPK"},"content":{"rendered":"<p>Cet <a href=\"https:\/\/store.microbiotech.dz\/?s=testeur\" target=\"_blank\" rel=\"noopener\">analyseur<\/a> <strong data-start=\"2\" data-end=\"36\">de sol num\u00e9rique NPK<\/strong> (Nitrogen (N), Phosphorus (P), and Potassium (K)) offre un contr\u00f4le rapide et pr\u00e9cis de la fertilit\u00e9 du sol en laboratoire ou sur le terrain. Son \u00e9cran LED large et lumineux affiche clairement les niveaux d\u2019azote, de phosphore et de potassium, ainsi que la temp\u00e9rature. La sonde haute sensibilit\u00e9 d\u00e9tecte les variations les plus fines de la composition du sol pour un suivi fiable de la sant\u00e9 des plantes, tandis que la sonde r\u00e9sistante \u00e0 la chaleur assure des performances stables dans diff\u00e9rents environnements, y compris les serres et les sols expos\u00e9s \u00e0 de fortes temp\u00e9ratures. Polyvalent et facile \u00e0 utiliser, cet Analyseur de sol num\u00e9rique NPK convient aux analyses de sol et d\u2019engrais pour l\u2019agriculture, l\u2019horticulture et la recherche.<\/p>\n","protected":false},"excerpt":{"rendered":"<p>&nbsp;<\/p>\n<p>Origine :\u00a0<strong>Chine<\/strong>\u00a0<img loading=\"lazy\" decoding=\"async\" class=\"alignnone wp-image-1795 ls-is-cached lazyloaded\" src=\"https:\/\/store.microbiotech.dz\/wp-content\/uploads\/2022\/04\/China-Flag.png\" sizes=\"auto, (max-width: 35px) 100vw, 35px\" srcset=\"https:\/\/store.microbiotech.dz\/wp-content\/uploads\/2022\/04\/China-Flag.png 224w, https:\/\/store.microbiotech.dz\/wp-content\/uploads\/2022\/04\/China-Flag-150x150.png 150w, https:\/\/store.microbiotech.dz\/wp-content\/uploads\/2022\/04\/China-Flag-100x100.png 100w\" alt=\"\" width=\"35\" height=\"35\" data-srcset=\"https:\/\/store.microbiotech.dz\/wp-content\/uploads\/2022\/04\/China-Flag.png 224w, https:\/\/store.microbiotech.dz\/wp-content\/uploads\/2022\/04\/China-Flag-150x150.png 150w, https:\/\/store.microbiotech.dz\/wp-content\/uploads\/2022\/04\/China-Flag-100x100.png 100w\" data-src=\"https:\/\/store.microbiotech.dz\/wp-content\/uploads\/2022\/04\/China-Flag.png\" data-sizes=\"(max-width: 35px) 100vw, 35px\" \/><br \/>\n<span dir=\"auto\">Plage de mesure\u00a0:<\/span><br \/>\n<strong><span dir=\"auto\">N\u00a0: 0-1999\u00a0mg\/kg\u00a0;<\/span><\/strong><br \/>\n<strong><span dir=\"auto\">P\u00a0: 0-1999\u00a0mg\/kg<\/span><\/strong><br \/>\n<strong><span dir=\"auto\">\u00a0K : 0-1999 mg\/kg.<\/span><\/strong><br \/>\n<span dir=\"auto\">R\u00e9solution\u00a0: <strong>1\u00a0mg\/kg, \u00b11\u00a0; \u00b10,1.<\/strong><\/span><br \/>\n<span dir=\"auto\">Alimentation\u00a0: <strong>3 piles bouton 1,5\u00a0V (non fournies).<\/strong><\/span><br \/>\n<span dir=\"auto\">\u00c9lectrodes : <strong>\u00c9lectrodes rempla\u00e7ables.<\/strong><\/span><br \/>\n<span dir=\"auto\">Compensation de temp\u00e9rature\u00a0: <strong>Automatique<\/strong>.<\/span><br \/>\n<span dir=\"auto\">Arr\u00eat : <strong>Automatique apr\u00e8s environ 10 minutes.<\/strong><\/span><\/p>\n","protected":false},"featured_media":19361,"comment_status":"open","ping_status":"closed","template":"","meta":{"site-sidebar-layout":"default","site-content-layout":"","ast-site-content-layout":"default","site-content-style":"default","site-sidebar-style":"default","ast-global-header-display":"","ast-banner-title-visibility":"","ast-main-header-display":"","ast-hfb-above-header-display":"","ast-hfb-below-header-display":"","ast-hfb-mobile-header-display":"","site-post-title":"","ast-breadcrumbs-content":"","ast-featured-img":"","footer-sml-layout":"","ast-disable-related-posts":"","theme-transparent-header-meta":"default","adv-header-id-meta":"","stick-header-meta":"","header-above-stick-meta":"","header-main-stick-meta":"","header-below-stick-meta":"","astra-migrate-meta-layouts":"set","ast-page-background-enabled":"default","ast-page-background-meta":{"desktop":{"background-color":"var(--ast-global-color-4)","background-image":"","background-repeat":"repeat","background-position":"center center","background-size":"auto","background-attachment":"scroll","background-type":"","background-media":"","overlay-type":"","overlay-color":"","overlay-opacity":"","overlay-gradient":""},"tablet":{"background-color":"","background-image":"","background-repeat":"repeat","background-position":"center center","background-size":"auto","background-attachment":"scroll","background-type":"","background-media":"","overlay-type":"","overlay-color":"","overlay-opacity":"","overlay-gradient":""},"mobile":{"background-color":"","background-image":"","background-repeat":"repeat","background-position":"center center","background-size":"auto","background-attachment":"scroll","background-type":"","background-media":"","overlay-type":"","overlay-color":"","overlay-opacity":"","overlay-gradient":""}},"ast-content-background-meta":{"desktop":{"background-color":"var(--ast-global-color-5)","background-image":"","background-repeat":"repeat","background-position":"center center","background-size":"auto","background-attachment":"scroll","background-type":"","background-media":"","overlay-type":"","overlay-color":"","overlay-opacity":"","overlay-gradient":""},"tablet":{"background-color":"var(--ast-global-color-5)","background-image":"","background-repeat":"repeat","background-position":"center center","background-size":"auto","background-attachment":"scroll","background-type":"","background-media":"","overlay-type":"","overlay-color":"","overlay-opacity":"","overlay-gradient":""},"mobile":{"background-color":"var(--ast-global-color-5)","background-image":"","background-repeat":"repeat","background-position":"center center","background-size":"auto","background-attachment":"scroll","background-type":"","background-media":"","overlay-type":"","overlay-color":"","overlay-opacity":"","overlay-gradient":""}},"jetpack_post_was_ever_published":false},"product_brand":[],"product_cat":[238],"product_tag":[3427,2738,930,3431,3426,1695,3430,3428,3429,1230,1313],"class_list":{"0":"post-19359","1":"product","2":"type-product","3":"status-publish","4":"has-post-thumbnail","6":"product_cat-equipements","7":"product_tag-analyseur-de-sol","8":"product_tag-azote","9":"product_tag-f90","10":"product_tag-nitrogen","11":"product_tag-npk","12":"product_tag-numerique","13":"product_tag-phosphore","14":"product_tag-phosphorus","15":"product_tag-potassium","16":"product_tag-sol","17":"product_tag-testeur","18":"desktop-align-center","19":"tablet-align-left","20":"mobile-align-left","22":"first","23":"instock","24":"taxable","25":"shipping-taxable","26":"purchasable","27":"product-type-simple"},"yoast_head":"<!-- This site is optimized with the Yoast SEO plugin v27.5 - https:\/\/yoast.com\/product\/yoast-seo-wordpress\/ -->\n<title>Analyseur de sol num\u00e9rique NPK - La Boutique en ligne<\/title>\n<meta name=\"description\" content=\"Polyvalent et facile \u00e0 utiliser, cet Analyseur de sol num\u00e9rique NPK convient aux analyses de sol et d\u2019engrais pour l\u2019agriculture et la recherche.\" \/>\n<meta name=\"robots\" content=\"index, follow, max-snippet:-1, max-image-preview:large, max-video-preview:-1\" \/>\n<link rel=\"canonical\" href=\"https:\/\/store.microbiotech.dz\/index.php\/produit\/analyseur-de-sol-numerique-npk\/\" \/>\n<meta property=\"og:locale\" content=\"fr_FR\" \/>\n<meta property=\"og:type\" content=\"article\" \/>\n<meta property=\"og:title\" content=\"Analyseur de sol num\u00e9rique NPK - La Boutique en ligne\" \/>\n<meta property=\"og:description\" content=\"Polyvalent et facile \u00e0 utiliser, cet Analyseur de sol num\u00e9rique NPK convient aux analyses de sol et d\u2019engrais pour l\u2019agriculture et la recherche.\" \/>\n<meta property=\"og:url\" content=\"https:\/\/store.microbiotech.dz\/index.php\/produit\/analyseur-de-sol-numerique-npk\/\" \/>\n<meta property=\"og:site_name\" content=\"La Boutique en ligne\" \/>\n<meta property=\"article:publisher\" content=\"https:\/\/www.facebook.com\/MicroBiotech.dz\" \/>\n<meta property=\"article:modified_time\" content=\"2026-02-06T08:55:00+00:00\" \/>\n<meta property=\"og:image\" content=\"https:\/\/store.microbiotech.dz\/wp-content\/uploads\/2026\/02\/Untitled-design-5-5.webp\" \/>\n\t<meta property=\"og:image:width\" content=\"600\" \/>\n\t<meta property=\"og:image:height\" content=\"600\" \/>\n\t<meta property=\"og:image:type\" content=\"image\/webp\" \/>\n<meta name=\"twitter:card\" content=\"summary_large_image\" \/>\n<meta name=\"twitter:site\" content=\"@MicrobiotechD\" \/>\n<meta name=\"twitter:label1\" content=\"Dur\u00e9e de lecture estim\u00e9e\" \/>\n\t<meta name=\"twitter:data1\" content=\"1 minute\" \/>\n<script type=\"application\/ld+json\" class=\"yoast-schema-graph\">{\"@context\":\"https:\\\/\\\/schema.org\",\"@graph\":[{\"@type\":\"WebPage\",\"@id\":\"https:\\\/\\\/store.microbiotech.dz\\\/index.php\\\/produit\\\/analyseur-de-sol-numerique-npk\\\/\",\"url\":\"https:\\\/\\\/store.microbiotech.dz\\\/index.php\\\/produit\\\/analyseur-de-sol-numerique-npk\\\/\",\"name\":\"Analyseur de sol num\u00e9rique NPK - La Boutique en ligne\",\"isPartOf\":{\"@id\":\"https:\\\/\\\/store.microbiotech.dz\\\/#website\"},\"primaryImageOfPage\":{\"@id\":\"https:\\\/\\\/store.microbiotech.dz\\\/index.php\\\/produit\\\/analyseur-de-sol-numerique-npk\\\/#primaryimage\"},\"image\":{\"@id\":\"https:\\\/\\\/store.microbiotech.dz\\\/index.php\\\/produit\\\/analyseur-de-sol-numerique-npk\\\/#primaryimage\"},\"thumbnailUrl\":\"https:\\\/\\\/store.microbiotech.dz\\\/wp-content\\\/uploads\\\/2026\\\/02\\\/Untitled-design-5-5.webp\",\"datePublished\":\"2026-02-05T12:58:41+00:00\",\"dateModified\":\"2026-02-06T08:55:00+00:00\",\"description\":\"Polyvalent et facile \u00e0 utiliser, cet Analyseur de sol num\u00e9rique NPK convient aux analyses de sol et d\u2019engrais pour l\u2019agriculture et la recherche.\",\"breadcrumb\":{\"@id\":\"https:\\\/\\\/store.microbiotech.dz\\\/index.php\\\/produit\\\/analyseur-de-sol-numerique-npk\\\/#breadcrumb\"},\"inLanguage\":\"fr-FR\",\"potentialAction\":[{\"@type\":\"ReadAction\",\"target\":[\"https:\\\/\\\/store.microbiotech.dz\\\/index.php\\\/produit\\\/analyseur-de-sol-numerique-npk\\\/\"]}]},{\"@type\":\"ImageObject\",\"inLanguage\":\"fr-FR\",\"@id\":\"https:\\\/\\\/store.microbiotech.dz\\\/index.php\\\/produit\\\/analyseur-de-sol-numerique-npk\\\/#primaryimage\",\"url\":\"https:\\\/\\\/store.microbiotech.dz\\\/wp-content\\\/uploads\\\/2026\\\/02\\\/Untitled-design-5-5.webp\",\"contentUrl\":\"https:\\\/\\\/store.microbiotech.dz\\\/wp-content\\\/uploads\\\/2026\\\/02\\\/Untitled-design-5-5.webp\",\"width\":600,\"height\":600,\"caption\":\"Analyseur de sol num\u00e9rique NPK\"},{\"@type\":\"BreadcrumbList\",\"@id\":\"https:\\\/\\\/store.microbiotech.dz\\\/index.php\\\/produit\\\/analyseur-de-sol-numerique-npk\\\/#breadcrumb\",\"itemListElement\":[{\"@type\":\"ListItem\",\"position\":1,\"name\":\"Accueil\",\"item\":\"https:\\\/\\\/store.microbiotech.dz\\\/\"},{\"@type\":\"ListItem\",\"position\":2,\"name\":\"Nos Produits\",\"item\":\"https:\\\/\\\/store.microbiotech.dz\\\/index.php\\\/nos-produits\\\/\"},{\"@type\":\"ListItem\",\"position\":3,\"name\":\"Analyseur de sol num\u00e9rique NPK\"}]},{\"@type\":\"WebSite\",\"@id\":\"https:\\\/\\\/store.microbiotech.dz\\\/#website\",\"url\":\"https:\\\/\\\/store.microbiotech.dz\\\/\",\"name\":\"La Boutique en ligne\",\"description\":\"Qualit\u00e9 - Rapidit\u00e9 - Tranquillit\u00e9\",\"publisher\":{\"@id\":\"https:\\\/\\\/store.microbiotech.dz\\\/#organization\"},\"potentialAction\":[{\"@type\":\"SearchAction\",\"target\":{\"@type\":\"EntryPoint\",\"urlTemplate\":\"https:\\\/\\\/store.microbiotech.dz\\\/?s={search_term_string}\"},\"query-input\":{\"@type\":\"PropertyValueSpecification\",\"valueRequired\":true,\"valueName\":\"search_term_string\"}}],\"inLanguage\":\"fr-FR\"},{\"@type\":\"Organization\",\"@id\":\"https:\\\/\\\/store.microbiotech.dz\\\/#organization\",\"name\":\"Microbiotech EURL\",\"url\":\"https:\\\/\\\/store.microbiotech.dz\\\/\",\"logo\":{\"@type\":\"ImageObject\",\"inLanguage\":\"fr-FR\",\"@id\":\"https:\\\/\\\/store.microbiotech.dz\\\/#\\\/schema\\\/logo\\\/image\\\/\",\"url\":\"https:\\\/\\\/store.microbiotech.dz\\\/wp-content\\\/uploads\\\/2021\\\/09\\\/cropped-logo-microbiotech-2.jpg\",\"contentUrl\":\"https:\\\/\\\/store.microbiotech.dz\\\/wp-content\\\/uploads\\\/2021\\\/09\\\/cropped-logo-microbiotech-2.jpg\",\"width\":815,\"height\":586,\"caption\":\"Microbiotech EURL\"},\"image\":{\"@id\":\"https:\\\/\\\/store.microbiotech.dz\\\/#\\\/schema\\\/logo\\\/image\\\/\"},\"sameAs\":[\"https:\\\/\\\/www.facebook.com\\\/MicroBiotech.dz\",\"https:\\\/\\\/x.com\\\/MicrobiotechD\",\"https:\\\/\\\/www.linkedin.com\\\/in\\\/microbiotech\\\/\",\"https:\\\/\\\/www.youtube.com\\\/channel\\\/UCTxc3VIiX7LXD2LQYfZEcDg\"]}]}<\/script>\n<!-- \/ Yoast SEO plugin. -->","yoast_head_json":{"title":"Analyseur de sol num\u00e9rique NPK - La Boutique en ligne","description":"Polyvalent et facile \u00e0 utiliser, cet Analyseur de sol num\u00e9rique NPK convient aux analyses de sol et d\u2019engrais pour l\u2019agriculture et la recherche.","robots":{"index":"index","follow":"follow","max-snippet":"max-snippet:-1","max-image-preview":"max-image-preview:large","max-video-preview":"max-video-preview:-1"},"canonical":"https:\/\/store.microbiotech.dz\/index.php\/produit\/analyseur-de-sol-numerique-npk\/","og_locale":"fr_FR","og_type":"article","og_title":"Analyseur de sol num\u00e9rique NPK - La Boutique en ligne","og_description":"Polyvalent et facile \u00e0 utiliser, cet Analyseur de sol num\u00e9rique NPK convient aux analyses de sol et d\u2019engrais pour l\u2019agriculture et la recherche.","og_url":"https:\/\/store.microbiotech.dz\/index.php\/produit\/analyseur-de-sol-numerique-npk\/","og_site_name":"La Boutique en ligne","article_publisher":"https:\/\/www.facebook.com\/MicroBiotech.dz","article_modified_time":"2026-02-06T08:55:00+00:00","og_image":[{"width":600,"height":600,"url":"https:\/\/store.microbiotech.dz\/wp-content\/uploads\/2026\/02\/Untitled-design-5-5.webp","type":"image\/webp"}],"twitter_card":"summary_large_image","twitter_site":"@MicrobiotechD","twitter_misc":{"Dur\u00e9e de lecture estim\u00e9e":"1 minute"},"schema":{"@context":"https:\/\/schema.org","@graph":[{"@type":"WebPage","@id":"https:\/\/store.microbiotech.dz\/index.php\/produit\/analyseur-de-sol-numerique-npk\/","url":"https:\/\/store.microbiotech.dz\/index.php\/produit\/analyseur-de-sol-numerique-npk\/","name":"Analyseur de sol num\u00e9rique NPK - La Boutique en ligne","isPartOf":{"@id":"https:\/\/store.microbiotech.dz\/#website"},"primaryImageOfPage":{"@id":"https:\/\/store.microbiotech.dz\/index.php\/produit\/analyseur-de-sol-numerique-npk\/#primaryimage"},"image":{"@id":"https:\/\/store.microbiotech.dz\/index.php\/produit\/analyseur-de-sol-numerique-npk\/#primaryimage"},"thumbnailUrl":"https:\/\/store.microbiotech.dz\/wp-content\/uploads\/2026\/02\/Untitled-design-5-5.webp","datePublished":"2026-02-05T12:58:41+00:00","dateModified":"2026-02-06T08:55:00+00:00","description":"Polyvalent et facile \u00e0 utiliser, cet Analyseur de sol num\u00e9rique NPK convient aux analyses de sol et d\u2019engrais pour l\u2019agriculture et la recherche.","breadcrumb":{"@id":"https:\/\/store.microbiotech.dz\/index.php\/produit\/analyseur-de-sol-numerique-npk\/#breadcrumb"},"inLanguage":"fr-FR","potentialAction":[{"@type":"ReadAction","target":["https:\/\/store.microbiotech.dz\/index.php\/produit\/analyseur-de-sol-numerique-npk\/"]}]},{"@type":"ImageObject","inLanguage":"fr-FR","@id":"https:\/\/store.microbiotech.dz\/index.php\/produit\/analyseur-de-sol-numerique-npk\/#primaryimage","url":"https:\/\/store.microbiotech.dz\/wp-content\/uploads\/2026\/02\/Untitled-design-5-5.webp","contentUrl":"https:\/\/store.microbiotech.dz\/wp-content\/uploads\/2026\/02\/Untitled-design-5-5.webp","width":600,"height":600,"caption":"Analyseur de sol num\u00e9rique NPK"},{"@type":"BreadcrumbList","@id":"https:\/\/store.microbiotech.dz\/index.php\/produit\/analyseur-de-sol-numerique-npk\/#breadcrumb","itemListElement":[{"@type":"ListItem","position":1,"name":"Accueil","item":"https:\/\/store.microbiotech.dz\/"},{"@type":"ListItem","position":2,"name":"Nos Produits","item":"https:\/\/store.microbiotech.dz\/index.php\/nos-produits\/"},{"@type":"ListItem","position":3,"name":"Analyseur de sol num\u00e9rique NPK"}]},{"@type":"WebSite","@id":"https:\/\/store.microbiotech.dz\/#website","url":"https:\/\/store.microbiotech.dz\/","name":"La Boutique en ligne","description":"Qualit\u00e9 - Rapidit\u00e9 - Tranquillit\u00e9","publisher":{"@id":"https:\/\/store.microbiotech.dz\/#organization"},"potentialAction":[{"@type":"SearchAction","target":{"@type":"EntryPoint","urlTemplate":"https:\/\/store.microbiotech.dz\/?s={search_term_string}"},"query-input":{"@type":"PropertyValueSpecification","valueRequired":true,"valueName":"search_term_string"}}],"inLanguage":"fr-FR"},{"@type":"Organization","@id":"https:\/\/store.microbiotech.dz\/#organization","name":"Microbiotech EURL","url":"https:\/\/store.microbiotech.dz\/","logo":{"@type":"ImageObject","inLanguage":"fr-FR","@id":"https:\/\/store.microbiotech.dz\/#\/schema\/logo\/image\/","url":"https:\/\/store.microbiotech.dz\/wp-content\/uploads\/2021\/09\/cropped-logo-microbiotech-2.jpg","contentUrl":"https:\/\/store.microbiotech.dz\/wp-content\/uploads\/2021\/09\/cropped-logo-microbiotech-2.jpg","width":815,"height":586,"caption":"Microbiotech EURL"},"image":{"@id":"https:\/\/store.microbiotech.dz\/#\/schema\/logo\/image\/"},"sameAs":["https:\/\/www.facebook.com\/MicroBiotech.dz","https:\/\/x.com\/MicrobiotechD","https:\/\/www.linkedin.com\/in\/microbiotech\/","https:\/\/www.youtube.com\/channel\/UCTxc3VIiX7LXD2LQYfZEcDg"]}]}},"jetpack_sharing_enabled":true,"_links":{"self":[{"href":"https:\/\/store.microbiotech.dz\/index.php\/wp-json\/wp\/v2\/product\/19359","targetHints":{"allow":["GET"]}}],"collection":[{"href":"https:\/\/store.microbiotech.dz\/index.php\/wp-json\/wp\/v2\/product"}],"about":[{"href":"https:\/\/store.microbiotech.dz\/index.php\/wp-json\/wp\/v2\/types\/product"}],"replies":[{"embeddable":true,"href":"https:\/\/store.microbiotech.dz\/index.php\/wp-json\/wp\/v2\/comments?post=19359"}],"wp:featuredmedia":[{"embeddable":true,"href":"https:\/\/store.microbiotech.dz\/index.php\/wp-json\/wp\/v2\/media\/19361"}],"wp:attachment":[{"href":"https:\/\/store.microbiotech.dz\/index.php\/wp-json\/wp\/v2\/media?parent=19359"}],"wp:term":[{"taxonomy":"product_brand","embeddable":true,"href":"https:\/\/store.microbiotech.dz\/index.php\/wp-json\/wp\/v2\/product_brand?post=19359"},{"taxonomy":"product_cat","embeddable":true,"href":"https:\/\/store.microbiotech.dz\/index.php\/wp-json\/wp\/v2\/product_cat?post=19359"},{"taxonomy":"product_tag","embeddable":true,"href":"https:\/\/store.microbiotech.dz\/index.php\/wp-json\/wp\/v2\/product_tag?post=19359"}],"curies":[{"name":"wp","href":"https:\/\/api.w.org\/{rel}","templated":true}]}}