{"id":1901,"date":"2022-04-26T15:38:53","date_gmt":"2022-04-26T14:38:53","guid":{"rendered":"https:\/\/store.microbiotech.dz\/?post_type=product&#038;p=1901"},"modified":"2025-09-22T10:04:39","modified_gmt":"2025-09-22T09:04:39","slug":"bouillon-macconkey-500g-condalab","status":"publish","type":"product","link":"https:\/\/store.microbiotech.dz\/index.php\/produit\/bouillon-macconkey-500g-condalab\/","title":{"rendered":"Bouillon MacConkey 500G CONDALAB"},"content":{"rendered":"<p>Le bouillon de MacConkey est un milieu diff\u00e9rentiel contenant du rouge neutre pour la d\u00e9tection des organismes coliformes dans l&rsquo;eau et l&rsquo;examen du lait. Il s\u2019agit d\u2019un milieu de culture s\u00e9lectif utilis\u00e9 comme test pr\u00e9somptif pour les bact\u00e9ries E. coli et coliformes et pour d\u00e9terminer le titre en E. coli ou coliformes du lait, de l&rsquo;eau et d&rsquo;autres mati\u00e8res.<\/p>\n","protected":false},"excerpt":{"rendered":"<p>Marque:\u00a0<strong>CONDALAB\u00a0<img loading=\"lazy\" decoding=\"async\" class=\"alignnone wp-image-1646\" src=\"https:\/\/store.microbiotech.dz\/wp-content\/uploads\/2022\/04\/303531-P7SCNR-893-300x291.jpg\" alt=\"\" width=\"50\" height=\"49\" srcset=\"https:\/\/store.microbiotech.dz\/wp-content\/uploads\/2022\/04\/303531-P7SCNR-893-300x300.jpg 300w, https:\/\/store.microbiotech.dz\/wp-content\/uploads\/2022\/04\/303531-P7SCNR-893-1024x995.jpg 1024w, https:\/\/store.microbiotech.dz\/wp-content\/uploads\/2022\/04\/303531-P7SCNR-893-150x150.jpg 150w, https:\/\/store.microbiotech.dz\/wp-content\/uploads\/2022\/04\/303531-P7SCNR-893-768x746.jpg 768w, https:\/\/store.microbiotech.dz\/wp-content\/uploads\/2022\/04\/303531-P7SCNR-893-1536x1492.jpg 1536w, https:\/\/store.microbiotech.dz\/wp-content\/uploads\/2022\/04\/303531-P7SCNR-893-1320x1282.jpg 1320w, https:\/\/store.microbiotech.dz\/wp-content\/uploads\/2022\/04\/303531-P7SCNR-893-600x583.jpg 600w, https:\/\/store.microbiotech.dz\/wp-content\/uploads\/2022\/04\/303531-P7SCNR-893-100x100.jpg 100w, https:\/\/store.microbiotech.dz\/wp-content\/uploads\/2022\/04\/303531-P7SCNR-893.jpg 1541w\" sizes=\"auto, (max-width: 50px) 100vw, 50px\" \/><\/strong><\/p>\n<p>Date de p\u00e9remption:\u00a0<strong>2029<\/strong><\/p>\n<p><strong><a href=\"https:\/\/www.condalab.com\/index.php?controller=attachment&amp;id_attachment=23910\" target=\"_blank\" rel=\"noopener\">Fiche technique\u00a0\u00a0\u00a0<img loading=\"lazy\" decoding=\"async\" class=\"alignnone wp-image-1877\" src=\"https:\/\/store.microbiotech.dz\/wp-content\/uploads\/2022\/04\/CONDALAB-LOGO-300x117.png\" alt=\"\" width=\"159\" height=\"62\" srcset=\"https:\/\/store.microbiotech.dz\/wp-content\/uploads\/2022\/04\/CONDALAB-LOGO-300x117.png 300w, https:\/\/store.microbiotech.dz\/wp-content\/uploads\/2022\/04\/CONDALAB-LOGO.png 360w\" sizes=\"auto, (max-width: 159px) 100vw, 159px\" \/><\/a><\/strong><\/p>\n","protected":false},"featured_media":1595,"comment_status":"open","ping_status":"closed","template":"","meta":{"site-sidebar-layout":"default","site-content-layout":"default","ast-site-content-layout":"default","site-content-style":"default","site-sidebar-style":"default","ast-global-header-display":"","ast-banner-title-visibility":"","ast-main-header-display":"","ast-hfb-above-header-display":"","ast-hfb-below-header-display":"","ast-hfb-mobile-header-display":"","site-post-title":"","ast-breadcrumbs-content":"","ast-featured-img":"","footer-sml-layout":"","ast-disable-related-posts":"","theme-transparent-header-meta":"default","adv-header-id-meta":"","stick-header-meta":"","header-above-stick-meta":"","header-main-stick-meta":"","header-below-stick-meta":"","astra-migrate-meta-layouts":"set","ast-page-background-enabled":"default","ast-page-background-meta":{"desktop":{"background-color":"var(--ast-global-color-4)","background-image":"","background-repeat":"repeat","background-position":"center center","background-size":"auto","background-attachment":"scroll","background-type":"","background-media":"","overlay-type":"","overlay-color":"","overlay-opacity":"","overlay-gradient":""},"tablet":{"background-color":"","background-image":"","background-repeat":"repeat","background-position":"center center","background-size":"auto","background-attachment":"scroll","background-type":"","background-media":"","overlay-type":"","overlay-color":"","overlay-opacity":"","overlay-gradient":""},"mobile":{"background-color":"","background-image":"","background-repeat":"repeat","background-position":"center center","background-size":"auto","background-attachment":"scroll","background-type":"","background-media":"","overlay-type":"","overlay-color":"","overlay-opacity":"","overlay-gradient":""}},"ast-content-background-meta":{"desktop":{"background-color":"var(--ast-global-color-5)","background-image":"","background-repeat":"repeat","background-position":"center center","background-size":"auto","background-attachment":"scroll","background-type":"","background-media":"","overlay-type":"","overlay-color":"","overlay-opacity":"","overlay-gradient":""},"tablet":{"background-color":"var(--ast-global-color-5)","background-image":"","background-repeat":"repeat","background-position":"center center","background-size":"auto","background-attachment":"scroll","background-type":"","background-media":"","overlay-type":"","overlay-color":"","overlay-opacity":"","overlay-gradient":""},"mobile":{"background-color":"var(--ast-global-color-5)","background-image":"","background-repeat":"repeat","background-position":"center center","background-size":"auto","background-attachment":"scroll","background-type":"","background-media":"","overlay-type":"","overlay-color":"","overlay-opacity":"","overlay-gradient":""}},"jetpack_post_was_ever_published":false},"product_brand":[],"product_cat":[29,81,26],"product_tag":[697,404,75,567,670,236,219,581,655,149,42,696],"class_list":{"0":"post-1901","1":"product","2":"type-product","3":"status-publish","4":"has-post-thumbnail","6":"product_cat-bouillons","7":"product_cat-bouillons-deshydrates","8":"product_cat-milieux-de-cultures","9":"product_tag-bouillon-macconkey","10":"product_tag-coliforme","11":"product_tag-coliformes","12":"product_tag-conda","13":"product_tag-condalab","14":"product_tag-e-coli","15":"product_tag-escherichia-coli","16":"product_tag-f06","17":"product_tag-f19","18":"product_tag-macconkey","19":"product_tag-milieu-selectif","20":"product_tag-milieux-deshydrates","21":"product_shipping_class-temperature-ambiante","22":"desktop-align-center","23":"tablet-align-left","24":"mobile-align-left","26":"first","27":"instock","28":"taxable","29":"shipping-taxable","30":"purchasable","31":"product-type-simple"},"yoast_head":"<!-- This site is optimized with the Yoast SEO plugin v27.4 - https:\/\/yoast.com\/product\/yoast-seo-wordpress\/ -->\n<title>Bouillon MacConkey 500G CONDALAB - La Boutique en ligne<\/title>\n<meta name=\"description\" content=\"Le bouillon de MacConkey est un milieu diff\u00e9rentiel contenant du rouge neutre pour la d\u00e9tection des organismes coliformes dans l&#039;eau et l&#039;examen du lait. Il s\u2019agit d\u2019un milieu de culture s\u00e9lectif utilis\u00e9 comme test pr\u00e9somptif pour les bact\u00e9ries E. coli et coliformes et pour d\u00e9terminer le titre en E. coli ou coliformes du lait, de l&#039;eau et d&#039;autres mati\u00e8res.\" \/>\n<meta name=\"robots\" content=\"index, follow, max-snippet:-1, max-image-preview:large, max-video-preview:-1\" \/>\n<link rel=\"canonical\" href=\"https:\/\/store.microbiotech.dz\/index.php\/produit\/bouillon-macconkey-500g-condalab\/\" \/>\n<meta property=\"og:locale\" content=\"fr_FR\" \/>\n<meta property=\"og:type\" content=\"article\" \/>\n<meta property=\"og:title\" content=\"Bouillon MacConkey 500G CONDALAB - La Boutique en ligne\" \/>\n<meta property=\"og:description\" content=\"Le bouillon de MacConkey est un milieu diff\u00e9rentiel contenant du rouge neutre pour la d\u00e9tection des organismes coliformes dans l&#039;eau et l&#039;examen du lait. Il s\u2019agit d\u2019un milieu de culture s\u00e9lectif utilis\u00e9 comme test pr\u00e9somptif pour les bact\u00e9ries E. coli et coliformes et pour d\u00e9terminer le titre en E. coli ou coliformes du lait, de l&#039;eau et d&#039;autres mati\u00e8res.\" \/>\n<meta property=\"og:url\" content=\"https:\/\/store.microbiotech.dz\/index.php\/produit\/bouillon-macconkey-500g-condalab\/\" \/>\n<meta property=\"og:site_name\" content=\"La Boutique en ligne\" \/>\n<meta property=\"article:publisher\" content=\"https:\/\/www.facebook.com\/MicroBiotech.dz\" \/>\n<meta property=\"article:modified_time\" content=\"2025-09-22T09:04:39+00:00\" \/>\n<meta property=\"og:image\" content=\"https:\/\/store.microbiotech.dz\/wp-content\/uploads\/2022\/03\/71568455_491874218260672_6658475279159132160_n.jpg\" \/>\n\t<meta property=\"og:image:width\" content=\"422\" \/>\n\t<meta property=\"og:image:height\" content=\"255\" \/>\n\t<meta property=\"og:image:type\" content=\"image\/jpeg\" \/>\n<meta name=\"twitter:card\" content=\"summary_large_image\" \/>\n<meta name=\"twitter:site\" content=\"@MicrobiotechD\" \/>\n<script type=\"application\/ld+json\" class=\"yoast-schema-graph\">{\"@context\":\"https:\\\/\\\/schema.org\",\"@graph\":[{\"@type\":\"WebPage\",\"@id\":\"https:\\\/\\\/store.microbiotech.dz\\\/index.php\\\/produit\\\/bouillon-macconkey-500g-condalab\\\/\",\"url\":\"https:\\\/\\\/store.microbiotech.dz\\\/index.php\\\/produit\\\/bouillon-macconkey-500g-condalab\\\/\",\"name\":\"Bouillon MacConkey 500G CONDALAB - La Boutique en ligne\",\"isPartOf\":{\"@id\":\"https:\\\/\\\/store.microbiotech.dz\\\/#website\"},\"primaryImageOfPage\":{\"@id\":\"https:\\\/\\\/store.microbiotech.dz\\\/index.php\\\/produit\\\/bouillon-macconkey-500g-condalab\\\/#primaryimage\"},\"image\":{\"@id\":\"https:\\\/\\\/store.microbiotech.dz\\\/index.php\\\/produit\\\/bouillon-macconkey-500g-condalab\\\/#primaryimage\"},\"thumbnailUrl\":\"https:\\\/\\\/store.microbiotech.dz\\\/wp-content\\\/uploads\\\/2022\\\/03\\\/71568455_491874218260672_6658475279159132160_n.jpg\",\"datePublished\":\"2022-04-26T14:38:53+00:00\",\"dateModified\":\"2025-09-22T09:04:39+00:00\",\"description\":\"Le bouillon de MacConkey est un milieu diff\u00e9rentiel contenant du rouge neutre pour la d\u00e9tection des organismes coliformes dans l'eau et l'examen du lait. Il s\u2019agit d\u2019un milieu de culture s\u00e9lectif utilis\u00e9 comme test pr\u00e9somptif pour les bact\u00e9ries E. coli et coliformes et pour d\u00e9terminer le titre en E. coli ou coliformes du lait, de l'eau et d'autres mati\u00e8res.\",\"breadcrumb\":{\"@id\":\"https:\\\/\\\/store.microbiotech.dz\\\/index.php\\\/produit\\\/bouillon-macconkey-500g-condalab\\\/#breadcrumb\"},\"inLanguage\":\"fr-FR\",\"potentialAction\":[{\"@type\":\"ReadAction\",\"target\":[\"https:\\\/\\\/store.microbiotech.dz\\\/index.php\\\/produit\\\/bouillon-macconkey-500g-condalab\\\/\"]}]},{\"@type\":\"ImageObject\",\"inLanguage\":\"fr-FR\",\"@id\":\"https:\\\/\\\/store.microbiotech.dz\\\/index.php\\\/produit\\\/bouillon-macconkey-500g-condalab\\\/#primaryimage\",\"url\":\"https:\\\/\\\/store.microbiotech.dz\\\/wp-content\\\/uploads\\\/2022\\\/03\\\/71568455_491874218260672_6658475279159132160_n.jpg\",\"contentUrl\":\"https:\\\/\\\/store.microbiotech.dz\\\/wp-content\\\/uploads\\\/2022\\\/03\\\/71568455_491874218260672_6658475279159132160_n.jpg\",\"width\":422,\"height\":255,\"caption\":\"Bouillon Muller Kauffmann base CONDA 500 g\"},{\"@type\":\"BreadcrumbList\",\"@id\":\"https:\\\/\\\/store.microbiotech.dz\\\/index.php\\\/produit\\\/bouillon-macconkey-500g-condalab\\\/#breadcrumb\",\"itemListElement\":[{\"@type\":\"ListItem\",\"position\":1,\"name\":\"Accueil\",\"item\":\"https:\\\/\\\/store.microbiotech.dz\\\/\"},{\"@type\":\"ListItem\",\"position\":2,\"name\":\"Nos Produits\",\"item\":\"https:\\\/\\\/store.microbiotech.dz\\\/index.php\\\/nos-produits\\\/\"},{\"@type\":\"ListItem\",\"position\":3,\"name\":\"Bouillon MacConkey 500G CONDALAB\"}]},{\"@type\":\"WebSite\",\"@id\":\"https:\\\/\\\/store.microbiotech.dz\\\/#website\",\"url\":\"https:\\\/\\\/store.microbiotech.dz\\\/\",\"name\":\"La Boutique en ligne\",\"description\":\"Qualit\u00e9 - Rapidit\u00e9 - Tranquillit\u00e9\",\"publisher\":{\"@id\":\"https:\\\/\\\/store.microbiotech.dz\\\/#organization\"},\"potentialAction\":[{\"@type\":\"SearchAction\",\"target\":{\"@type\":\"EntryPoint\",\"urlTemplate\":\"https:\\\/\\\/store.microbiotech.dz\\\/?s={search_term_string}\"},\"query-input\":{\"@type\":\"PropertyValueSpecification\",\"valueRequired\":true,\"valueName\":\"search_term_string\"}}],\"inLanguage\":\"fr-FR\"},{\"@type\":\"Organization\",\"@id\":\"https:\\\/\\\/store.microbiotech.dz\\\/#organization\",\"name\":\"Microbiotech EURL\",\"url\":\"https:\\\/\\\/store.microbiotech.dz\\\/\",\"logo\":{\"@type\":\"ImageObject\",\"inLanguage\":\"fr-FR\",\"@id\":\"https:\\\/\\\/store.microbiotech.dz\\\/#\\\/schema\\\/logo\\\/image\\\/\",\"url\":\"https:\\\/\\\/store.microbiotech.dz\\\/wp-content\\\/uploads\\\/2021\\\/09\\\/cropped-logo-microbiotech-2.jpg\",\"contentUrl\":\"https:\\\/\\\/store.microbiotech.dz\\\/wp-content\\\/uploads\\\/2021\\\/09\\\/cropped-logo-microbiotech-2.jpg\",\"width\":815,\"height\":586,\"caption\":\"Microbiotech EURL\"},\"image\":{\"@id\":\"https:\\\/\\\/store.microbiotech.dz\\\/#\\\/schema\\\/logo\\\/image\\\/\"},\"sameAs\":[\"https:\\\/\\\/www.facebook.com\\\/MicroBiotech.dz\",\"https:\\\/\\\/x.com\\\/MicrobiotechD\",\"https:\\\/\\\/www.linkedin.com\\\/in\\\/microbiotech\\\/\",\"https:\\\/\\\/www.youtube.com\\\/channel\\\/UCTxc3VIiX7LXD2LQYfZEcDg\"]}]}<\/script>\n<!-- \/ Yoast SEO plugin. -->","yoast_head_json":{"title":"Bouillon MacConkey 500G CONDALAB - La Boutique en ligne","description":"Le bouillon de MacConkey est un milieu diff\u00e9rentiel contenant du rouge neutre pour la d\u00e9tection des organismes coliformes dans l'eau et l'examen du lait. Il s\u2019agit d\u2019un milieu de culture s\u00e9lectif utilis\u00e9 comme test pr\u00e9somptif pour les bact\u00e9ries E. coli et coliformes et pour d\u00e9terminer le titre en E. coli ou coliformes du lait, de l'eau et d'autres mati\u00e8res.","robots":{"index":"index","follow":"follow","max-snippet":"max-snippet:-1","max-image-preview":"max-image-preview:large","max-video-preview":"max-video-preview:-1"},"canonical":"https:\/\/store.microbiotech.dz\/index.php\/produit\/bouillon-macconkey-500g-condalab\/","og_locale":"fr_FR","og_type":"article","og_title":"Bouillon MacConkey 500G CONDALAB - La Boutique en ligne","og_description":"Le bouillon de MacConkey est un milieu diff\u00e9rentiel contenant du rouge neutre pour la d\u00e9tection des organismes coliformes dans l'eau et l'examen du lait. Il s\u2019agit d\u2019un milieu de culture s\u00e9lectif utilis\u00e9 comme test pr\u00e9somptif pour les bact\u00e9ries E. coli et coliformes et pour d\u00e9terminer le titre en E. coli ou coliformes du lait, de l'eau et d'autres mati\u00e8res.","og_url":"https:\/\/store.microbiotech.dz\/index.php\/produit\/bouillon-macconkey-500g-condalab\/","og_site_name":"La Boutique en ligne","article_publisher":"https:\/\/www.facebook.com\/MicroBiotech.dz","article_modified_time":"2025-09-22T09:04:39+00:00","og_image":[{"width":422,"height":255,"url":"https:\/\/store.microbiotech.dz\/wp-content\/uploads\/2022\/03\/71568455_491874218260672_6658475279159132160_n.jpg","type":"image\/jpeg"}],"twitter_card":"summary_large_image","twitter_site":"@MicrobiotechD","schema":{"@context":"https:\/\/schema.org","@graph":[{"@type":"WebPage","@id":"https:\/\/store.microbiotech.dz\/index.php\/produit\/bouillon-macconkey-500g-condalab\/","url":"https:\/\/store.microbiotech.dz\/index.php\/produit\/bouillon-macconkey-500g-condalab\/","name":"Bouillon MacConkey 500G CONDALAB - La Boutique en ligne","isPartOf":{"@id":"https:\/\/store.microbiotech.dz\/#website"},"primaryImageOfPage":{"@id":"https:\/\/store.microbiotech.dz\/index.php\/produit\/bouillon-macconkey-500g-condalab\/#primaryimage"},"image":{"@id":"https:\/\/store.microbiotech.dz\/index.php\/produit\/bouillon-macconkey-500g-condalab\/#primaryimage"},"thumbnailUrl":"https:\/\/store.microbiotech.dz\/wp-content\/uploads\/2022\/03\/71568455_491874218260672_6658475279159132160_n.jpg","datePublished":"2022-04-26T14:38:53+00:00","dateModified":"2025-09-22T09:04:39+00:00","description":"Le bouillon de MacConkey est un milieu diff\u00e9rentiel contenant du rouge neutre pour la d\u00e9tection des organismes coliformes dans l'eau et l'examen du lait. Il s\u2019agit d\u2019un milieu de culture s\u00e9lectif utilis\u00e9 comme test pr\u00e9somptif pour les bact\u00e9ries E. coli et coliformes et pour d\u00e9terminer le titre en E. coli ou coliformes du lait, de l'eau et d'autres mati\u00e8res.","breadcrumb":{"@id":"https:\/\/store.microbiotech.dz\/index.php\/produit\/bouillon-macconkey-500g-condalab\/#breadcrumb"},"inLanguage":"fr-FR","potentialAction":[{"@type":"ReadAction","target":["https:\/\/store.microbiotech.dz\/index.php\/produit\/bouillon-macconkey-500g-condalab\/"]}]},{"@type":"ImageObject","inLanguage":"fr-FR","@id":"https:\/\/store.microbiotech.dz\/index.php\/produit\/bouillon-macconkey-500g-condalab\/#primaryimage","url":"https:\/\/store.microbiotech.dz\/wp-content\/uploads\/2022\/03\/71568455_491874218260672_6658475279159132160_n.jpg","contentUrl":"https:\/\/store.microbiotech.dz\/wp-content\/uploads\/2022\/03\/71568455_491874218260672_6658475279159132160_n.jpg","width":422,"height":255,"caption":"Bouillon Muller Kauffmann base CONDA 500 g"},{"@type":"BreadcrumbList","@id":"https:\/\/store.microbiotech.dz\/index.php\/produit\/bouillon-macconkey-500g-condalab\/#breadcrumb","itemListElement":[{"@type":"ListItem","position":1,"name":"Accueil","item":"https:\/\/store.microbiotech.dz\/"},{"@type":"ListItem","position":2,"name":"Nos Produits","item":"https:\/\/store.microbiotech.dz\/index.php\/nos-produits\/"},{"@type":"ListItem","position":3,"name":"Bouillon MacConkey 500G CONDALAB"}]},{"@type":"WebSite","@id":"https:\/\/store.microbiotech.dz\/#website","url":"https:\/\/store.microbiotech.dz\/","name":"La Boutique en ligne","description":"Qualit\u00e9 - Rapidit\u00e9 - Tranquillit\u00e9","publisher":{"@id":"https:\/\/store.microbiotech.dz\/#organization"},"potentialAction":[{"@type":"SearchAction","target":{"@type":"EntryPoint","urlTemplate":"https:\/\/store.microbiotech.dz\/?s={search_term_string}"},"query-input":{"@type":"PropertyValueSpecification","valueRequired":true,"valueName":"search_term_string"}}],"inLanguage":"fr-FR"},{"@type":"Organization","@id":"https:\/\/store.microbiotech.dz\/#organization","name":"Microbiotech EURL","url":"https:\/\/store.microbiotech.dz\/","logo":{"@type":"ImageObject","inLanguage":"fr-FR","@id":"https:\/\/store.microbiotech.dz\/#\/schema\/logo\/image\/","url":"https:\/\/store.microbiotech.dz\/wp-content\/uploads\/2021\/09\/cropped-logo-microbiotech-2.jpg","contentUrl":"https:\/\/store.microbiotech.dz\/wp-content\/uploads\/2021\/09\/cropped-logo-microbiotech-2.jpg","width":815,"height":586,"caption":"Microbiotech EURL"},"image":{"@id":"https:\/\/store.microbiotech.dz\/#\/schema\/logo\/image\/"},"sameAs":["https:\/\/www.facebook.com\/MicroBiotech.dz","https:\/\/x.com\/MicrobiotechD","https:\/\/www.linkedin.com\/in\/microbiotech\/","https:\/\/www.youtube.com\/channel\/UCTxc3VIiX7LXD2LQYfZEcDg"]}]}},"jetpack_sharing_enabled":true,"_links":{"self":[{"href":"https:\/\/store.microbiotech.dz\/index.php\/wp-json\/wp\/v2\/product\/1901","targetHints":{"allow":["GET"]}}],"collection":[{"href":"https:\/\/store.microbiotech.dz\/index.php\/wp-json\/wp\/v2\/product"}],"about":[{"href":"https:\/\/store.microbiotech.dz\/index.php\/wp-json\/wp\/v2\/types\/product"}],"replies":[{"embeddable":true,"href":"https:\/\/store.microbiotech.dz\/index.php\/wp-json\/wp\/v2\/comments?post=1901"}],"wp:featuredmedia":[{"embeddable":true,"href":"https:\/\/store.microbiotech.dz\/index.php\/wp-json\/wp\/v2\/media\/1595"}],"wp:attachment":[{"href":"https:\/\/store.microbiotech.dz\/index.php\/wp-json\/wp\/v2\/media?parent=1901"}],"wp:term":[{"taxonomy":"product_brand","embeddable":true,"href":"https:\/\/store.microbiotech.dz\/index.php\/wp-json\/wp\/v2\/product_brand?post=1901"},{"taxonomy":"product_cat","embeddable":true,"href":"https:\/\/store.microbiotech.dz\/index.php\/wp-json\/wp\/v2\/product_cat?post=1901"},{"taxonomy":"product_tag","embeddable":true,"href":"https:\/\/store.microbiotech.dz\/index.php\/wp-json\/wp\/v2\/product_tag?post=1901"}],"curies":[{"name":"wp","href":"https:\/\/api.w.org\/{rel}","templated":true}]}}