{"id":18603,"date":"2025-12-30T16:28:20","date_gmt":"2025-12-30T15:28:20","guid":{"rendered":"https:\/\/store.microbiotech.dz\/?post_type=product&#038;p=18603"},"modified":"2025-12-30T16:45:36","modified_gmt":"2025-12-30T15:45:36","slug":"compteur-de-colonies-bacteriennes-faithful","status":"publish","type":"product","link":"https:\/\/store.microbiotech.dz\/index.php\/produit\/compteur-de-colonies-bacteriennes-faithful\/","title":{"rendered":"Compteur de colonies bact\u00e9riennes FAITHFUL"},"content":{"rendered":"<p><a href=\"https:\/\/store.microbiotech.dz\/?s=compteur\" target=\"_blank\" rel=\"noopener\">Ce Compteur<\/a> de colonies bact\u00e9riennes <a href=\"https:\/\/fr.faithful.cc\/index.html\" target=\"_blank\" rel=\"noopener\">FAITHFUL<\/a> pour laboratoire offre un comptage pr\u00e9cis et rapide des germes gr\u00e2ce \u00e0 sa technologie CMOS int\u00e9gr\u00e9e avec affichage num\u00e9rique clair. Il compte de 0 \u00e0 999 colonies et revient automatiquement \u00e0 z\u00e9ro apr\u00e8s chaque cycle, avec des touches \u00ab + \u00bb et \u00ab \u2212 \u00bb pour corriger facilement toute erreur. Un capteur sonore sensible confirme chaque comptage afin d\u2019assurer une fiabilit\u00e9 optimale.<\/p>\n<p>Le Compteur de colonies bact\u00e9riennes FAITHFUL fonctionne avec un stylo sp\u00e9cial qui am\u00e9liore l\u2019efficacit\u00e9 du travail, associ\u00e9 \u00e0 une loupe r\u00e9glable sur bras flexible pour un positionnement pr\u00e9cis. Le grossissement jusqu\u2019\u00e0 3\u00d7 facilite l\u2019observation et la comparaison des bact\u00e9ries sur des bo\u00eetes de P\u00e9tri de diam\u00e8tre compris entre 50 et 150 mm.<\/p>\n","protected":false},"excerpt":{"rendered":"<p>&nbsp;<\/p>\n<p>Marque : <strong>FAITHFUL<\/strong> <img loading=\"lazy\" decoding=\"async\" class=\"alignnone wp-image-1795\" src=\"https:\/\/store.microbiotech.dz\/wp-content\/uploads\/2022\/04\/China-Flag.png\" alt=\"\" width=\"32\" height=\"32\" srcset=\"https:\/\/store.microbiotech.dz\/wp-content\/uploads\/2022\/04\/China-Flag.png 224w, https:\/\/store.microbiotech.dz\/wp-content\/uploads\/2022\/04\/China-Flag-150x150.png 150w, https:\/\/store.microbiotech.dz\/wp-content\/uploads\/2022\/04\/China-Flag-100x100.png 100w\" sizes=\"auto, (max-width: 32px) 100vw, 32px\" \/><br \/>\nAmplification : <strong>3X<\/strong><br \/>\nCapacit\u00e9 du compteur : <strong>0 &#8211; 999<\/strong><br \/>\nPuissance de la lampe : <strong>50W<\/strong><br \/>\nDiam\u00e8tre de la plaque de comptage : <strong>\u03a6155 mm<\/strong><br \/>\nT\u00e9l\u00e9chargements : <a href=\"https:\/\/store.microbiotech.dz\/wp-content\/uploads\/2025\/12\/Colonometer.pdf\">Colonometer<\/a><\/p>\n","protected":false},"featured_media":18606,"comment_status":"open","ping_status":"closed","template":"","meta":{"site-sidebar-layout":"default","site-content-layout":"default","ast-site-content-layout":"default","site-content-style":"default","site-sidebar-style":"default","ast-global-header-display":"","ast-banner-title-visibility":"","ast-main-header-display":"","ast-hfb-above-header-display":"","ast-hfb-below-header-display":"","ast-hfb-mobile-header-display":"","site-post-title":"","ast-breadcrumbs-content":"","ast-featured-img":"","footer-sml-layout":"","ast-disable-related-posts":"","theme-transparent-header-meta":"default","adv-header-id-meta":"","stick-header-meta":"","header-above-stick-meta":"","header-main-stick-meta":"","header-below-stick-meta":"","astra-migrate-meta-layouts":"set","ast-page-background-enabled":"default","ast-page-background-meta":{"desktop":{"background-color":"var(--ast-global-color-4)","background-image":"","background-repeat":"repeat","background-position":"center center","background-size":"auto","background-attachment":"scroll","background-type":"","background-media":"","overlay-type":"","overlay-color":"","overlay-opacity":"","overlay-gradient":""},"tablet":{"background-color":"","background-image":"","background-repeat":"repeat","background-position":"center center","background-size":"auto","background-attachment":"scroll","background-type":"","background-media":"","overlay-type":"","overlay-color":"","overlay-opacity":"","overlay-gradient":""},"mobile":{"background-color":"","background-image":"","background-repeat":"repeat","background-position":"center center","background-size":"auto","background-attachment":"scroll","background-type":"","background-media":"","overlay-type":"","overlay-color":"","overlay-opacity":"","overlay-gradient":""}},"ast-content-background-meta":{"desktop":{"background-color":"var(--ast-global-color-5)","background-image":"","background-repeat":"repeat","background-position":"center center","background-size":"auto","background-attachment":"scroll","background-type":"","background-media":"","overlay-type":"","overlay-color":"","overlay-opacity":"","overlay-gradient":""},"tablet":{"background-color":"var(--ast-global-color-5)","background-image":"","background-repeat":"repeat","background-position":"center center","background-size":"auto","background-attachment":"scroll","background-type":"","background-media":"","overlay-type":"","overlay-color":"","overlay-opacity":"","overlay-gradient":""},"mobile":{"background-color":"var(--ast-global-color-5)","background-image":"","background-repeat":"repeat","background-position":"center center","background-size":"auto","background-attachment":"scroll","background-type":"","background-media":"","overlay-type":"","overlay-color":"","overlay-opacity":"","overlay-gradient":""}},"jetpack_post_was_ever_published":false},"product_brand":[],"product_cat":[238],"product_tag":[296,3350,1805,1104,930,997],"class_list":{"0":"post-18603","1":"product","2":"type-product","3":"status-publish","4":"has-post-thumbnail","6":"product_cat-equipements","7":"product_tag-bacteries","8":"product_tag-colonometre","9":"product_tag-compteur","10":"product_tag-compteur-de-colonies","11":"product_tag-f90","12":"product_tag-faithful","13":"product_shipping_class-temperature-ambiante","14":"desktop-align-center","15":"tablet-align-left","16":"mobile-align-left","18":"first","19":"instock","20":"taxable","21":"shipping-taxable","22":"purchasable","23":"product-type-simple"},"yoast_head":"<!-- This site is optimized with the Yoast SEO plugin v27.4 - https:\/\/yoast.com\/product\/yoast-seo-wordpress\/ -->\n<title>Compteur de colonies bact\u00e9riennes FAITHFUL - La Boutique en ligne<\/title>\n<meta name=\"description\" content=\"Vous cherchez un moyen rapide et pr\u00e9cis de compter les colonies ? Notre Compteur de colonies bact\u00e9riennes FAITHFUL est la solution qu&#039;il vous faut !\" \/>\n<meta name=\"robots\" content=\"index, follow, max-snippet:-1, max-image-preview:large, max-video-preview:-1\" \/>\n<link rel=\"canonical\" href=\"https:\/\/store.microbiotech.dz\/index.php\/produit\/compteur-de-colonies-bacteriennes-faithful\/\" \/>\n<meta property=\"og:locale\" content=\"fr_FR\" \/>\n<meta property=\"og:type\" content=\"article\" \/>\n<meta property=\"og:title\" content=\"Compteur de colonies bact\u00e9riennes FAITHFUL - La Boutique en ligne\" \/>\n<meta property=\"og:description\" content=\"Vous cherchez un moyen rapide et pr\u00e9cis de compter les colonies ? Notre Compteur de colonies bact\u00e9riennes FAITHFUL est la solution qu&#039;il vous faut !\" \/>\n<meta property=\"og:url\" content=\"https:\/\/store.microbiotech.dz\/index.php\/produit\/compteur-de-colonies-bacteriennes-faithful\/\" \/>\n<meta property=\"og:site_name\" content=\"La Boutique en ligne\" \/>\n<meta property=\"article:publisher\" content=\"https:\/\/www.facebook.com\/MicroBiotech.dz\" \/>\n<meta property=\"article:modified_time\" content=\"2025-12-30T15:45:36+00:00\" \/>\n<meta property=\"og:image\" content=\"https:\/\/store.microbiotech.dz\/wp-content\/uploads\/2025\/12\/Untitled-design-6-17.webp\" \/>\n\t<meta property=\"og:image:width\" content=\"600\" \/>\n\t<meta property=\"og:image:height\" content=\"600\" \/>\n\t<meta property=\"og:image:type\" content=\"image\/webp\" \/>\n<meta name=\"twitter:card\" content=\"summary_large_image\" \/>\n<meta name=\"twitter:site\" content=\"@MicrobiotechD\" \/>\n<meta name=\"twitter:label1\" content=\"Dur\u00e9e de lecture estim\u00e9e\" \/>\n\t<meta name=\"twitter:data1\" content=\"1 minute\" \/>\n<script type=\"application\/ld+json\" class=\"yoast-schema-graph\">{\"@context\":\"https:\\\/\\\/schema.org\",\"@graph\":[{\"@type\":\"WebPage\",\"@id\":\"https:\\\/\\\/store.microbiotech.dz\\\/index.php\\\/produit\\\/compteur-de-colonies-bacteriennes-faithful\\\/\",\"url\":\"https:\\\/\\\/store.microbiotech.dz\\\/index.php\\\/produit\\\/compteur-de-colonies-bacteriennes-faithful\\\/\",\"name\":\"Compteur de colonies bact\u00e9riennes FAITHFUL - La Boutique en ligne\",\"isPartOf\":{\"@id\":\"https:\\\/\\\/store.microbiotech.dz\\\/#website\"},\"primaryImageOfPage\":{\"@id\":\"https:\\\/\\\/store.microbiotech.dz\\\/index.php\\\/produit\\\/compteur-de-colonies-bacteriennes-faithful\\\/#primaryimage\"},\"image\":{\"@id\":\"https:\\\/\\\/store.microbiotech.dz\\\/index.php\\\/produit\\\/compteur-de-colonies-bacteriennes-faithful\\\/#primaryimage\"},\"thumbnailUrl\":\"https:\\\/\\\/store.microbiotech.dz\\\/wp-content\\\/uploads\\\/2025\\\/12\\\/Untitled-design-6-17.webp\",\"datePublished\":\"2025-12-30T15:28:20+00:00\",\"dateModified\":\"2025-12-30T15:45:36+00:00\",\"description\":\"Vous cherchez un moyen rapide et pr\u00e9cis de compter les colonies ? Notre Compteur de colonies bact\u00e9riennes FAITHFUL est la solution qu'il vous faut !\",\"breadcrumb\":{\"@id\":\"https:\\\/\\\/store.microbiotech.dz\\\/index.php\\\/produit\\\/compteur-de-colonies-bacteriennes-faithful\\\/#breadcrumb\"},\"inLanguage\":\"fr-FR\",\"potentialAction\":[{\"@type\":\"ReadAction\",\"target\":[\"https:\\\/\\\/store.microbiotech.dz\\\/index.php\\\/produit\\\/compteur-de-colonies-bacteriennes-faithful\\\/\"]}]},{\"@type\":\"ImageObject\",\"inLanguage\":\"fr-FR\",\"@id\":\"https:\\\/\\\/store.microbiotech.dz\\\/index.php\\\/produit\\\/compteur-de-colonies-bacteriennes-faithful\\\/#primaryimage\",\"url\":\"https:\\\/\\\/store.microbiotech.dz\\\/wp-content\\\/uploads\\\/2025\\\/12\\\/Untitled-design-6-17.webp\",\"contentUrl\":\"https:\\\/\\\/store.microbiotech.dz\\\/wp-content\\\/uploads\\\/2025\\\/12\\\/Untitled-design-6-17.webp\",\"width\":600,\"height\":600,\"caption\":\"Compteur de colonies bact\u00e9riennes FAITHFUL\"},{\"@type\":\"BreadcrumbList\",\"@id\":\"https:\\\/\\\/store.microbiotech.dz\\\/index.php\\\/produit\\\/compteur-de-colonies-bacteriennes-faithful\\\/#breadcrumb\",\"itemListElement\":[{\"@type\":\"ListItem\",\"position\":1,\"name\":\"Accueil\",\"item\":\"https:\\\/\\\/store.microbiotech.dz\\\/\"},{\"@type\":\"ListItem\",\"position\":2,\"name\":\"Nos Produits\",\"item\":\"https:\\\/\\\/store.microbiotech.dz\\\/index.php\\\/nos-produits\\\/\"},{\"@type\":\"ListItem\",\"position\":3,\"name\":\"Compteur de colonies bact\u00e9riennes FAITHFUL\"}]},{\"@type\":\"WebSite\",\"@id\":\"https:\\\/\\\/store.microbiotech.dz\\\/#website\",\"url\":\"https:\\\/\\\/store.microbiotech.dz\\\/\",\"name\":\"La Boutique en ligne\",\"description\":\"Qualit\u00e9 - Rapidit\u00e9 - Tranquillit\u00e9\",\"publisher\":{\"@id\":\"https:\\\/\\\/store.microbiotech.dz\\\/#organization\"},\"potentialAction\":[{\"@type\":\"SearchAction\",\"target\":{\"@type\":\"EntryPoint\",\"urlTemplate\":\"https:\\\/\\\/store.microbiotech.dz\\\/?s={search_term_string}\"},\"query-input\":{\"@type\":\"PropertyValueSpecification\",\"valueRequired\":true,\"valueName\":\"search_term_string\"}}],\"inLanguage\":\"fr-FR\"},{\"@type\":\"Organization\",\"@id\":\"https:\\\/\\\/store.microbiotech.dz\\\/#organization\",\"name\":\"Microbiotech EURL\",\"url\":\"https:\\\/\\\/store.microbiotech.dz\\\/\",\"logo\":{\"@type\":\"ImageObject\",\"inLanguage\":\"fr-FR\",\"@id\":\"https:\\\/\\\/store.microbiotech.dz\\\/#\\\/schema\\\/logo\\\/image\\\/\",\"url\":\"https:\\\/\\\/store.microbiotech.dz\\\/wp-content\\\/uploads\\\/2021\\\/09\\\/cropped-logo-microbiotech-2.jpg\",\"contentUrl\":\"https:\\\/\\\/store.microbiotech.dz\\\/wp-content\\\/uploads\\\/2021\\\/09\\\/cropped-logo-microbiotech-2.jpg\",\"width\":815,\"height\":586,\"caption\":\"Microbiotech EURL\"},\"image\":{\"@id\":\"https:\\\/\\\/store.microbiotech.dz\\\/#\\\/schema\\\/logo\\\/image\\\/\"},\"sameAs\":[\"https:\\\/\\\/www.facebook.com\\\/MicroBiotech.dz\",\"https:\\\/\\\/x.com\\\/MicrobiotechD\",\"https:\\\/\\\/www.linkedin.com\\\/in\\\/microbiotech\\\/\",\"https:\\\/\\\/www.youtube.com\\\/channel\\\/UCTxc3VIiX7LXD2LQYfZEcDg\"]}]}<\/script>\n<!-- \/ Yoast SEO plugin. -->","yoast_head_json":{"title":"Compteur de colonies bact\u00e9riennes FAITHFUL - La Boutique en ligne","description":"Vous cherchez un moyen rapide et pr\u00e9cis de compter les colonies ? Notre Compteur de colonies bact\u00e9riennes FAITHFUL est la solution qu'il vous faut !","robots":{"index":"index","follow":"follow","max-snippet":"max-snippet:-1","max-image-preview":"max-image-preview:large","max-video-preview":"max-video-preview:-1"},"canonical":"https:\/\/store.microbiotech.dz\/index.php\/produit\/compteur-de-colonies-bacteriennes-faithful\/","og_locale":"fr_FR","og_type":"article","og_title":"Compteur de colonies bact\u00e9riennes FAITHFUL - La Boutique en ligne","og_description":"Vous cherchez un moyen rapide et pr\u00e9cis de compter les colonies ? Notre Compteur de colonies bact\u00e9riennes FAITHFUL est la solution qu'il vous faut !","og_url":"https:\/\/store.microbiotech.dz\/index.php\/produit\/compteur-de-colonies-bacteriennes-faithful\/","og_site_name":"La Boutique en ligne","article_publisher":"https:\/\/www.facebook.com\/MicroBiotech.dz","article_modified_time":"2025-12-30T15:45:36+00:00","og_image":[{"width":600,"height":600,"url":"https:\/\/store.microbiotech.dz\/wp-content\/uploads\/2025\/12\/Untitled-design-6-17.webp","type":"image\/webp"}],"twitter_card":"summary_large_image","twitter_site":"@MicrobiotechD","twitter_misc":{"Dur\u00e9e de lecture estim\u00e9e":"1 minute"},"schema":{"@context":"https:\/\/schema.org","@graph":[{"@type":"WebPage","@id":"https:\/\/store.microbiotech.dz\/index.php\/produit\/compteur-de-colonies-bacteriennes-faithful\/","url":"https:\/\/store.microbiotech.dz\/index.php\/produit\/compteur-de-colonies-bacteriennes-faithful\/","name":"Compteur de colonies bact\u00e9riennes FAITHFUL - La Boutique en ligne","isPartOf":{"@id":"https:\/\/store.microbiotech.dz\/#website"},"primaryImageOfPage":{"@id":"https:\/\/store.microbiotech.dz\/index.php\/produit\/compteur-de-colonies-bacteriennes-faithful\/#primaryimage"},"image":{"@id":"https:\/\/store.microbiotech.dz\/index.php\/produit\/compteur-de-colonies-bacteriennes-faithful\/#primaryimage"},"thumbnailUrl":"https:\/\/store.microbiotech.dz\/wp-content\/uploads\/2025\/12\/Untitled-design-6-17.webp","datePublished":"2025-12-30T15:28:20+00:00","dateModified":"2025-12-30T15:45:36+00:00","description":"Vous cherchez un moyen rapide et pr\u00e9cis de compter les colonies ? Notre Compteur de colonies bact\u00e9riennes FAITHFUL est la solution qu'il vous faut !","breadcrumb":{"@id":"https:\/\/store.microbiotech.dz\/index.php\/produit\/compteur-de-colonies-bacteriennes-faithful\/#breadcrumb"},"inLanguage":"fr-FR","potentialAction":[{"@type":"ReadAction","target":["https:\/\/store.microbiotech.dz\/index.php\/produit\/compteur-de-colonies-bacteriennes-faithful\/"]}]},{"@type":"ImageObject","inLanguage":"fr-FR","@id":"https:\/\/store.microbiotech.dz\/index.php\/produit\/compteur-de-colonies-bacteriennes-faithful\/#primaryimage","url":"https:\/\/store.microbiotech.dz\/wp-content\/uploads\/2025\/12\/Untitled-design-6-17.webp","contentUrl":"https:\/\/store.microbiotech.dz\/wp-content\/uploads\/2025\/12\/Untitled-design-6-17.webp","width":600,"height":600,"caption":"Compteur de colonies bact\u00e9riennes FAITHFUL"},{"@type":"BreadcrumbList","@id":"https:\/\/store.microbiotech.dz\/index.php\/produit\/compteur-de-colonies-bacteriennes-faithful\/#breadcrumb","itemListElement":[{"@type":"ListItem","position":1,"name":"Accueil","item":"https:\/\/store.microbiotech.dz\/"},{"@type":"ListItem","position":2,"name":"Nos Produits","item":"https:\/\/store.microbiotech.dz\/index.php\/nos-produits\/"},{"@type":"ListItem","position":3,"name":"Compteur de colonies bact\u00e9riennes FAITHFUL"}]},{"@type":"WebSite","@id":"https:\/\/store.microbiotech.dz\/#website","url":"https:\/\/store.microbiotech.dz\/","name":"La Boutique en ligne","description":"Qualit\u00e9 - Rapidit\u00e9 - Tranquillit\u00e9","publisher":{"@id":"https:\/\/store.microbiotech.dz\/#organization"},"potentialAction":[{"@type":"SearchAction","target":{"@type":"EntryPoint","urlTemplate":"https:\/\/store.microbiotech.dz\/?s={search_term_string}"},"query-input":{"@type":"PropertyValueSpecification","valueRequired":true,"valueName":"search_term_string"}}],"inLanguage":"fr-FR"},{"@type":"Organization","@id":"https:\/\/store.microbiotech.dz\/#organization","name":"Microbiotech EURL","url":"https:\/\/store.microbiotech.dz\/","logo":{"@type":"ImageObject","inLanguage":"fr-FR","@id":"https:\/\/store.microbiotech.dz\/#\/schema\/logo\/image\/","url":"https:\/\/store.microbiotech.dz\/wp-content\/uploads\/2021\/09\/cropped-logo-microbiotech-2.jpg","contentUrl":"https:\/\/store.microbiotech.dz\/wp-content\/uploads\/2021\/09\/cropped-logo-microbiotech-2.jpg","width":815,"height":586,"caption":"Microbiotech EURL"},"image":{"@id":"https:\/\/store.microbiotech.dz\/#\/schema\/logo\/image\/"},"sameAs":["https:\/\/www.facebook.com\/MicroBiotech.dz","https:\/\/x.com\/MicrobiotechD","https:\/\/www.linkedin.com\/in\/microbiotech\/","https:\/\/www.youtube.com\/channel\/UCTxc3VIiX7LXD2LQYfZEcDg"]}]}},"jetpack_sharing_enabled":true,"_links":{"self":[{"href":"https:\/\/store.microbiotech.dz\/index.php\/wp-json\/wp\/v2\/product\/18603","targetHints":{"allow":["GET"]}}],"collection":[{"href":"https:\/\/store.microbiotech.dz\/index.php\/wp-json\/wp\/v2\/product"}],"about":[{"href":"https:\/\/store.microbiotech.dz\/index.php\/wp-json\/wp\/v2\/types\/product"}],"replies":[{"embeddable":true,"href":"https:\/\/store.microbiotech.dz\/index.php\/wp-json\/wp\/v2\/comments?post=18603"}],"wp:featuredmedia":[{"embeddable":true,"href":"https:\/\/store.microbiotech.dz\/index.php\/wp-json\/wp\/v2\/media\/18606"}],"wp:attachment":[{"href":"https:\/\/store.microbiotech.dz\/index.php\/wp-json\/wp\/v2\/media?parent=18603"}],"wp:term":[{"taxonomy":"product_brand","embeddable":true,"href":"https:\/\/store.microbiotech.dz\/index.php\/wp-json\/wp\/v2\/product_brand?post=18603"},{"taxonomy":"product_cat","embeddable":true,"href":"https:\/\/store.microbiotech.dz\/index.php\/wp-json\/wp\/v2\/product_cat?post=18603"},{"taxonomy":"product_tag","embeddable":true,"href":"https:\/\/store.microbiotech.dz\/index.php\/wp-json\/wp\/v2\/product_tag?post=18603"}],"curies":[{"name":"wp","href":"https:\/\/api.w.org\/{rel}","templated":true}]}}