{"id":18537,"date":"2025-12-25T15:22:01","date_gmt":"2025-12-25T14:22:01","guid":{"rendered":"https:\/\/store.microbiotech.dz\/?post_type=product&#038;p=18537"},"modified":"2025-12-28T10:53:01","modified_gmt":"2025-12-28T09:53:01","slug":"portoir-pour-microtubes-pcr-200-ul-avec-couvercle","status":"publish","type":"product","link":"https:\/\/store.microbiotech.dz\/index.php\/produit\/portoir-pour-microtubes-pcr-200-ul-avec-couvercle\/","title":{"rendered":"Portoir pour microtubes PCR 200 \u00b5l avec couvercle"},"content":{"rendered":"<p>Ce Portoir pour <a href=\"https:\/\/store.microbiotech.dz\/index.php\/etiquette-produit\/microtubes\/\" target=\"_blank\" rel=\"noopener\">microtubes<\/a> <a href=\"https:\/\/fr.wikipedia.org\/wiki\/R%C3%A9action_en_cha%C3%AEne_par_polym%C3%A9rase\" target=\"_blank\" rel=\"noopener\">PCR<\/a> 200 \u00b5l avec couvercle offre une organisation claire et stable des \u00e9chantillons au laboratoire. Sa capacit\u00e9 de 96 emplacements facilite le travail en s\u00e9rie, tandis que le couvercle transparent prot\u00e8ge efficacement contre la poussi\u00e8re et les contaminations. Robuste et pratique, il optimise la manipulation, le stockage et le transport des tubes au quotidien.<\/p>\n","protected":false},"excerpt":{"rendered":"<p>&nbsp;<\/p>\n<p>Origine : <b>Chine <img loading=\"lazy\" decoding=\"async\" class=\"alignnone wp-image-1795 lazyloaded\" src=\"https:\/\/store.microbiotech.dz\/wp-content\/uploads\/2022\/04\/China-Flag.png\" alt=\"\" width=\"38\" height=\"38\" data-src=\"https:\/\/store.microbiotech.dz\/wp-content\/uploads\/2022\/04\/China-Flag.png\" srcset=\"https:\/\/store.microbiotech.dz\/wp-content\/uploads\/2022\/04\/China-Flag.png 224w, https:\/\/store.microbiotech.dz\/wp-content\/uploads\/2022\/04\/China-Flag-150x150.png 150w, https:\/\/store.microbiotech.dz\/wp-content\/uploads\/2022\/04\/China-Flag-100x100.png 100w\" sizes=\"auto, (max-width: 38px) 100vw, 38px\" \/><\/b><\/p>\n<p>Capacit\u00e9 : <strong>96 tubes de 200 \u00b5l<\/strong><\/p>\n","protected":false},"featured_media":18532,"comment_status":"open","ping_status":"closed","template":"","meta":{"site-sidebar-layout":"default","site-content-layout":"","ast-site-content-layout":"default","site-content-style":"default","site-sidebar-style":"default","ast-global-header-display":"","ast-banner-title-visibility":"","ast-main-header-display":"","ast-hfb-above-header-display":"","ast-hfb-below-header-display":"","ast-hfb-mobile-header-display":"","site-post-title":"","ast-breadcrumbs-content":"","ast-featured-img":"","footer-sml-layout":"","ast-disable-related-posts":"","theme-transparent-header-meta":"default","adv-header-id-meta":"","stick-header-meta":"","header-above-stick-meta":"","header-main-stick-meta":"","header-below-stick-meta":"","astra-migrate-meta-layouts":"set","ast-page-background-enabled":"default","ast-page-background-meta":{"desktop":{"background-color":"var(--ast-global-color-4)","background-image":"","background-repeat":"repeat","background-position":"center center","background-size":"auto","background-attachment":"scroll","background-type":"","background-media":"","overlay-type":"","overlay-color":"","overlay-opacity":"","overlay-gradient":""},"tablet":{"background-color":"","background-image":"","background-repeat":"repeat","background-position":"center center","background-size":"auto","background-attachment":"scroll","background-type":"","background-media":"","overlay-type":"","overlay-color":"","overlay-opacity":"","overlay-gradient":""},"mobile":{"background-color":"","background-image":"","background-repeat":"repeat","background-position":"center center","background-size":"auto","background-attachment":"scroll","background-type":"","background-media":"","overlay-type":"","overlay-color":"","overlay-opacity":"","overlay-gradient":""}},"ast-content-background-meta":{"desktop":{"background-color":"var(--ast-global-color-5)","background-image":"","background-repeat":"repeat","background-position":"center center","background-size":"auto","background-attachment":"scroll","background-type":"","background-media":"","overlay-type":"","overlay-color":"","overlay-opacity":"","overlay-gradient":""},"tablet":{"background-color":"var(--ast-global-color-5)","background-image":"","background-repeat":"repeat","background-position":"center center","background-size":"auto","background-attachment":"scroll","background-type":"","background-media":"","overlay-type":"","overlay-color":"","overlay-opacity":"","overlay-gradient":""},"mobile":{"background-color":"var(--ast-global-color-5)","background-image":"","background-repeat":"repeat","background-position":"center center","background-size":"auto","background-attachment":"scroll","background-type":"","background-media":"","overlay-type":"","overlay-color":"","overlay-opacity":"","overlay-gradient":""}},"jetpack_post_was_ever_published":false},"product_brand":[],"product_cat":[87,799,238],"product_tag":[2627,930,800,2116,85,975,1873,3347],"class_list":{"0":"post-18537","1":"product","2":"type-product","3":"status-publish","4":"has-post-thumbnail","6":"product_cat-biomol","7":"product_cat-consommable-plast","8":"product_cat-equipements","9":"product_tag-couvercle","10":"product_tag-f90","11":"product_tag-microtube","12":"product_tag-microtubes","13":"product_tag-pcr","14":"product_tag-portoir","15":"product_tag-rack","16":"product_tag-tube-pcr","17":"desktop-align-center","18":"tablet-align-left","19":"mobile-align-left","21":"first","22":"instock","23":"taxable","24":"shipping-taxable","25":"purchasable","26":"product-type-simple"},"yoast_head":"<!-- This site is optimized with the Yoast SEO plugin v27.4 - https:\/\/yoast.com\/product\/yoast-seo-wordpress\/ -->\n<title>Portoir pour microtubes PCR 200 \u00b5l avec couvercle - La Boutique en ligne<\/title>\n<meta name=\"description\" content=\"Ce Portoir pour microtubes PCR 200 \u00b5l avec couvercle offre une organisation claire et stable des \u00e9chantillons au laboratoire.\" \/>\n<meta name=\"robots\" content=\"index, follow, max-snippet:-1, max-image-preview:large, max-video-preview:-1\" \/>\n<link rel=\"canonical\" href=\"https:\/\/store.microbiotech.dz\/index.php\/produit\/portoir-pour-microtubes-pcr-200-ul-avec-couvercle\/\" \/>\n<meta property=\"og:locale\" content=\"fr_FR\" \/>\n<meta property=\"og:type\" content=\"article\" \/>\n<meta property=\"og:title\" content=\"Portoir pour microtubes PCR 200 \u00b5l avec couvercle - La Boutique en ligne\" \/>\n<meta property=\"og:description\" content=\"Ce Portoir pour microtubes PCR 200 \u00b5l avec couvercle offre une organisation claire et stable des \u00e9chantillons au laboratoire.\" \/>\n<meta property=\"og:url\" content=\"https:\/\/store.microbiotech.dz\/index.php\/produit\/portoir-pour-microtubes-pcr-200-ul-avec-couvercle\/\" \/>\n<meta property=\"og:site_name\" content=\"La Boutique en ligne\" \/>\n<meta property=\"article:publisher\" content=\"https:\/\/www.facebook.com\/MicroBiotech.dz\" \/>\n<meta property=\"article:modified_time\" content=\"2025-12-28T09:53:01+00:00\" \/>\n<meta property=\"og:image\" content=\"https:\/\/store.microbiotech.dz\/wp-content\/uploads\/2025\/12\/Untitled-design-8-1.webp\" \/>\n\t<meta property=\"og:image:width\" content=\"600\" \/>\n\t<meta property=\"og:image:height\" content=\"600\" \/>\n\t<meta property=\"og:image:type\" content=\"image\/webp\" \/>\n<meta name=\"twitter:card\" content=\"summary_large_image\" \/>\n<meta name=\"twitter:site\" content=\"@MicrobiotechD\" \/>\n<script type=\"application\/ld+json\" class=\"yoast-schema-graph\">{\"@context\":\"https:\\\/\\\/schema.org\",\"@graph\":[{\"@type\":\"WebPage\",\"@id\":\"https:\\\/\\\/store.microbiotech.dz\\\/index.php\\\/produit\\\/portoir-pour-microtubes-pcr-200-ul-avec-couvercle\\\/\",\"url\":\"https:\\\/\\\/store.microbiotech.dz\\\/index.php\\\/produit\\\/portoir-pour-microtubes-pcr-200-ul-avec-couvercle\\\/\",\"name\":\"Portoir pour microtubes PCR 200 \u00b5l avec couvercle - La Boutique en ligne\",\"isPartOf\":{\"@id\":\"https:\\\/\\\/store.microbiotech.dz\\\/#website\"},\"primaryImageOfPage\":{\"@id\":\"https:\\\/\\\/store.microbiotech.dz\\\/index.php\\\/produit\\\/portoir-pour-microtubes-pcr-200-ul-avec-couvercle\\\/#primaryimage\"},\"image\":{\"@id\":\"https:\\\/\\\/store.microbiotech.dz\\\/index.php\\\/produit\\\/portoir-pour-microtubes-pcr-200-ul-avec-couvercle\\\/#primaryimage\"},\"thumbnailUrl\":\"https:\\\/\\\/store.microbiotech.dz\\\/wp-content\\\/uploads\\\/2025\\\/12\\\/Untitled-design-8-1.webp\",\"datePublished\":\"2025-12-25T14:22:01+00:00\",\"dateModified\":\"2025-12-28T09:53:01+00:00\",\"description\":\"Ce Portoir pour microtubes PCR 200 \u00b5l avec couvercle offre une organisation claire et stable des \u00e9chantillons au laboratoire.\",\"breadcrumb\":{\"@id\":\"https:\\\/\\\/store.microbiotech.dz\\\/index.php\\\/produit\\\/portoir-pour-microtubes-pcr-200-ul-avec-couvercle\\\/#breadcrumb\"},\"inLanguage\":\"fr-FR\",\"potentialAction\":[{\"@type\":\"ReadAction\",\"target\":[\"https:\\\/\\\/store.microbiotech.dz\\\/index.php\\\/produit\\\/portoir-pour-microtubes-pcr-200-ul-avec-couvercle\\\/\"]}]},{\"@type\":\"ImageObject\",\"inLanguage\":\"fr-FR\",\"@id\":\"https:\\\/\\\/store.microbiotech.dz\\\/index.php\\\/produit\\\/portoir-pour-microtubes-pcr-200-ul-avec-couvercle\\\/#primaryimage\",\"url\":\"https:\\\/\\\/store.microbiotech.dz\\\/wp-content\\\/uploads\\\/2025\\\/12\\\/Untitled-design-8-1.webp\",\"contentUrl\":\"https:\\\/\\\/store.microbiotech.dz\\\/wp-content\\\/uploads\\\/2025\\\/12\\\/Untitled-design-8-1.webp\",\"width\":600,\"height\":600,\"caption\":\"Portoir pour microtubes PCR 200 \u00b5l avec couvercle\"},{\"@type\":\"BreadcrumbList\",\"@id\":\"https:\\\/\\\/store.microbiotech.dz\\\/index.php\\\/produit\\\/portoir-pour-microtubes-pcr-200-ul-avec-couvercle\\\/#breadcrumb\",\"itemListElement\":[{\"@type\":\"ListItem\",\"position\":1,\"name\":\"Accueil\",\"item\":\"https:\\\/\\\/store.microbiotech.dz\\\/\"},{\"@type\":\"ListItem\",\"position\":2,\"name\":\"Nos Produits\",\"item\":\"https:\\\/\\\/store.microbiotech.dz\\\/index.php\\\/nos-produits\\\/\"},{\"@type\":\"ListItem\",\"position\":3,\"name\":\"Portoir pour microtubes PCR 200 \u00b5l avec couvercle\"}]},{\"@type\":\"WebSite\",\"@id\":\"https:\\\/\\\/store.microbiotech.dz\\\/#website\",\"url\":\"https:\\\/\\\/store.microbiotech.dz\\\/\",\"name\":\"La Boutique en ligne\",\"description\":\"Qualit\u00e9 - Rapidit\u00e9 - Tranquillit\u00e9\",\"publisher\":{\"@id\":\"https:\\\/\\\/store.microbiotech.dz\\\/#organization\"},\"potentialAction\":[{\"@type\":\"SearchAction\",\"target\":{\"@type\":\"EntryPoint\",\"urlTemplate\":\"https:\\\/\\\/store.microbiotech.dz\\\/?s={search_term_string}\"},\"query-input\":{\"@type\":\"PropertyValueSpecification\",\"valueRequired\":true,\"valueName\":\"search_term_string\"}}],\"inLanguage\":\"fr-FR\"},{\"@type\":\"Organization\",\"@id\":\"https:\\\/\\\/store.microbiotech.dz\\\/#organization\",\"name\":\"Microbiotech EURL\",\"url\":\"https:\\\/\\\/store.microbiotech.dz\\\/\",\"logo\":{\"@type\":\"ImageObject\",\"inLanguage\":\"fr-FR\",\"@id\":\"https:\\\/\\\/store.microbiotech.dz\\\/#\\\/schema\\\/logo\\\/image\\\/\",\"url\":\"https:\\\/\\\/store.microbiotech.dz\\\/wp-content\\\/uploads\\\/2021\\\/09\\\/cropped-logo-microbiotech-2.jpg\",\"contentUrl\":\"https:\\\/\\\/store.microbiotech.dz\\\/wp-content\\\/uploads\\\/2021\\\/09\\\/cropped-logo-microbiotech-2.jpg\",\"width\":815,\"height\":586,\"caption\":\"Microbiotech EURL\"},\"image\":{\"@id\":\"https:\\\/\\\/store.microbiotech.dz\\\/#\\\/schema\\\/logo\\\/image\\\/\"},\"sameAs\":[\"https:\\\/\\\/www.facebook.com\\\/MicroBiotech.dz\",\"https:\\\/\\\/x.com\\\/MicrobiotechD\",\"https:\\\/\\\/www.linkedin.com\\\/in\\\/microbiotech\\\/\",\"https:\\\/\\\/www.youtube.com\\\/channel\\\/UCTxc3VIiX7LXD2LQYfZEcDg\"]}]}<\/script>\n<!-- \/ Yoast SEO plugin. -->","yoast_head_json":{"title":"Portoir pour microtubes PCR 200 \u00b5l avec couvercle - La Boutique en ligne","description":"Ce Portoir pour microtubes PCR 200 \u00b5l avec couvercle offre une organisation claire et stable des \u00e9chantillons au laboratoire.","robots":{"index":"index","follow":"follow","max-snippet":"max-snippet:-1","max-image-preview":"max-image-preview:large","max-video-preview":"max-video-preview:-1"},"canonical":"https:\/\/store.microbiotech.dz\/index.php\/produit\/portoir-pour-microtubes-pcr-200-ul-avec-couvercle\/","og_locale":"fr_FR","og_type":"article","og_title":"Portoir pour microtubes PCR 200 \u00b5l avec couvercle - La Boutique en ligne","og_description":"Ce Portoir pour microtubes PCR 200 \u00b5l avec couvercle offre une organisation claire et stable des \u00e9chantillons au laboratoire.","og_url":"https:\/\/store.microbiotech.dz\/index.php\/produit\/portoir-pour-microtubes-pcr-200-ul-avec-couvercle\/","og_site_name":"La Boutique en ligne","article_publisher":"https:\/\/www.facebook.com\/MicroBiotech.dz","article_modified_time":"2025-12-28T09:53:01+00:00","og_image":[{"width":600,"height":600,"url":"https:\/\/store.microbiotech.dz\/wp-content\/uploads\/2025\/12\/Untitled-design-8-1.webp","type":"image\/webp"}],"twitter_card":"summary_large_image","twitter_site":"@MicrobiotechD","schema":{"@context":"https:\/\/schema.org","@graph":[{"@type":"WebPage","@id":"https:\/\/store.microbiotech.dz\/index.php\/produit\/portoir-pour-microtubes-pcr-200-ul-avec-couvercle\/","url":"https:\/\/store.microbiotech.dz\/index.php\/produit\/portoir-pour-microtubes-pcr-200-ul-avec-couvercle\/","name":"Portoir pour microtubes PCR 200 \u00b5l avec couvercle - La Boutique en ligne","isPartOf":{"@id":"https:\/\/store.microbiotech.dz\/#website"},"primaryImageOfPage":{"@id":"https:\/\/store.microbiotech.dz\/index.php\/produit\/portoir-pour-microtubes-pcr-200-ul-avec-couvercle\/#primaryimage"},"image":{"@id":"https:\/\/store.microbiotech.dz\/index.php\/produit\/portoir-pour-microtubes-pcr-200-ul-avec-couvercle\/#primaryimage"},"thumbnailUrl":"https:\/\/store.microbiotech.dz\/wp-content\/uploads\/2025\/12\/Untitled-design-8-1.webp","datePublished":"2025-12-25T14:22:01+00:00","dateModified":"2025-12-28T09:53:01+00:00","description":"Ce Portoir pour microtubes PCR 200 \u00b5l avec couvercle offre une organisation claire et stable des \u00e9chantillons au laboratoire.","breadcrumb":{"@id":"https:\/\/store.microbiotech.dz\/index.php\/produit\/portoir-pour-microtubes-pcr-200-ul-avec-couvercle\/#breadcrumb"},"inLanguage":"fr-FR","potentialAction":[{"@type":"ReadAction","target":["https:\/\/store.microbiotech.dz\/index.php\/produit\/portoir-pour-microtubes-pcr-200-ul-avec-couvercle\/"]}]},{"@type":"ImageObject","inLanguage":"fr-FR","@id":"https:\/\/store.microbiotech.dz\/index.php\/produit\/portoir-pour-microtubes-pcr-200-ul-avec-couvercle\/#primaryimage","url":"https:\/\/store.microbiotech.dz\/wp-content\/uploads\/2025\/12\/Untitled-design-8-1.webp","contentUrl":"https:\/\/store.microbiotech.dz\/wp-content\/uploads\/2025\/12\/Untitled-design-8-1.webp","width":600,"height":600,"caption":"Portoir pour microtubes PCR 200 \u00b5l avec couvercle"},{"@type":"BreadcrumbList","@id":"https:\/\/store.microbiotech.dz\/index.php\/produit\/portoir-pour-microtubes-pcr-200-ul-avec-couvercle\/#breadcrumb","itemListElement":[{"@type":"ListItem","position":1,"name":"Accueil","item":"https:\/\/store.microbiotech.dz\/"},{"@type":"ListItem","position":2,"name":"Nos Produits","item":"https:\/\/store.microbiotech.dz\/index.php\/nos-produits\/"},{"@type":"ListItem","position":3,"name":"Portoir pour microtubes PCR 200 \u00b5l avec couvercle"}]},{"@type":"WebSite","@id":"https:\/\/store.microbiotech.dz\/#website","url":"https:\/\/store.microbiotech.dz\/","name":"La Boutique en ligne","description":"Qualit\u00e9 - Rapidit\u00e9 - Tranquillit\u00e9","publisher":{"@id":"https:\/\/store.microbiotech.dz\/#organization"},"potentialAction":[{"@type":"SearchAction","target":{"@type":"EntryPoint","urlTemplate":"https:\/\/store.microbiotech.dz\/?s={search_term_string}"},"query-input":{"@type":"PropertyValueSpecification","valueRequired":true,"valueName":"search_term_string"}}],"inLanguage":"fr-FR"},{"@type":"Organization","@id":"https:\/\/store.microbiotech.dz\/#organization","name":"Microbiotech EURL","url":"https:\/\/store.microbiotech.dz\/","logo":{"@type":"ImageObject","inLanguage":"fr-FR","@id":"https:\/\/store.microbiotech.dz\/#\/schema\/logo\/image\/","url":"https:\/\/store.microbiotech.dz\/wp-content\/uploads\/2021\/09\/cropped-logo-microbiotech-2.jpg","contentUrl":"https:\/\/store.microbiotech.dz\/wp-content\/uploads\/2021\/09\/cropped-logo-microbiotech-2.jpg","width":815,"height":586,"caption":"Microbiotech EURL"},"image":{"@id":"https:\/\/store.microbiotech.dz\/#\/schema\/logo\/image\/"},"sameAs":["https:\/\/www.facebook.com\/MicroBiotech.dz","https:\/\/x.com\/MicrobiotechD","https:\/\/www.linkedin.com\/in\/microbiotech\/","https:\/\/www.youtube.com\/channel\/UCTxc3VIiX7LXD2LQYfZEcDg"]}]}},"jetpack_sharing_enabled":true,"_links":{"self":[{"href":"https:\/\/store.microbiotech.dz\/index.php\/wp-json\/wp\/v2\/product\/18537","targetHints":{"allow":["GET"]}}],"collection":[{"href":"https:\/\/store.microbiotech.dz\/index.php\/wp-json\/wp\/v2\/product"}],"about":[{"href":"https:\/\/store.microbiotech.dz\/index.php\/wp-json\/wp\/v2\/types\/product"}],"replies":[{"embeddable":true,"href":"https:\/\/store.microbiotech.dz\/index.php\/wp-json\/wp\/v2\/comments?post=18537"}],"wp:featuredmedia":[{"embeddable":true,"href":"https:\/\/store.microbiotech.dz\/index.php\/wp-json\/wp\/v2\/media\/18532"}],"wp:attachment":[{"href":"https:\/\/store.microbiotech.dz\/index.php\/wp-json\/wp\/v2\/media?parent=18537"}],"wp:term":[{"taxonomy":"product_brand","embeddable":true,"href":"https:\/\/store.microbiotech.dz\/index.php\/wp-json\/wp\/v2\/product_brand?post=18537"},{"taxonomy":"product_cat","embeddable":true,"href":"https:\/\/store.microbiotech.dz\/index.php\/wp-json\/wp\/v2\/product_cat?post=18537"},{"taxonomy":"product_tag","embeddable":true,"href":"https:\/\/store.microbiotech.dz\/index.php\/wp-json\/wp\/v2\/product_tag?post=18537"}],"curies":[{"name":"wp","href":"https:\/\/api.w.org\/{rel}","templated":true}]}}