{"id":18127,"date":"2025-12-01T11:15:58","date_gmt":"2025-12-01T10:15:58","guid":{"rendered":"https:\/\/store.microbiotech.dz\/?post_type=product&#038;p=18127"},"modified":"2025-12-01T11:32:35","modified_gmt":"2025-12-01T10:32:35","slug":"armoire-de-stockage-de-reactifs-et-produits-chimiques-daihan","status":"publish","type":"product","link":"https:\/\/store.microbiotech.dz\/index.php\/produit\/armoire-de-stockage-de-reactifs-et-produits-chimiques-daihan\/","title":{"rendered":"Armoire de stockage de r\u00e9actifs et produits chimiques DAIHAN"},"content":{"rendered":"<p><span class=\"_fadeIn_m1hgl_8\"><a href=\"https:\/\/store.microbiotech.dz\/?s=armoire\" target=\"_blank\" rel=\"noopener\">L&rsquo;Armoire<\/a> de stockage de r\u00e9actifs et produits chimiques <a href=\"https:\/\/www.daihanindonesia.com\/\" target=\"_blank\" rel=\"noopener\">DAIHAN<\/a> offre une solution fiable pour le stockage des r\u00e9actifs et produits chimiques en laboratoire. Elle dispose d\u2019une circulation d\u2019air efficace, d\u2019un volume de 240 L, d\u2019une chambre en polypropyl\u00e8ne r\u00e9sistante aux acides, et d\u2019un syst\u00e8me de ventilation int\u00e9gr\u00e9. Elle poss\u00e8de deux \u00e9tag\u00e8res r\u00e9glables et une porte robuste, garantissant une utilisation pratique et un haut niveau de s\u00e9curit\u00e9. <\/span><\/p>\n","protected":false},"excerpt":{"rendered":"<p>&nbsp;<\/p>\n<p>Marque : <strong>DAIHAN<\/strong> <img loading=\"lazy\" decoding=\"async\" class=\"alignnone wp-image-8632\" src=\"https:\/\/store.microbiotech.dz\/wp-content\/uploads\/2024\/04\/coree-sud-300x300.png\" alt=\"\" width=\"42\" height=\"42\" srcset=\"https:\/\/store.microbiotech.dz\/wp-content\/uploads\/2024\/04\/coree-sud-300x300.png 300w, https:\/\/store.microbiotech.dz\/wp-content\/uploads\/2024\/04\/coree-sud-150x150.png 150w, https:\/\/store.microbiotech.dz\/wp-content\/uploads\/2024\/04\/coree-sud-100x100.png 100w, https:\/\/store.microbiotech.dz\/wp-content\/uploads\/2024\/04\/coree-sud.png 512w\" sizes=\"auto, (max-width: 42px) 100vw, 42px\" \/><br \/>\n<span dir=\"auto\">Capacit\u00e9 : <strong>240 litres<\/strong><\/span><br \/>\n<span dir=\"auto\">Ext\u00e9rieur : <strong>PP blanc 8T, panneau avant : PVC gris 10T<\/strong><\/span><br \/>\n<span dir=\"auto\">Int\u00e9rieur : <strong>PP blanc (polypropyl\u00e8ne) 8T<\/strong><\/span><br \/>\n<span dir=\"auto\">Porte : <strong>PP blanc (polypropyl\u00e8ne) 8T, Fen\u00eatre : PVC transparent 5T<\/strong><\/span><br \/>\n<span dir=\"auto\">Tiroir : <strong>PP blanc (polypropyl\u00e8ne) 8T<\/strong><\/span><br \/>\n<span dir=\"auto\">Charge maximale : <strong>30 kg \/ \u00e9tag\u00e8re<\/strong><\/span><br \/>\n<span dir=\"auto\">Ventilateur de circulation : <strong>D\u00e9bit d\u2019air : 3,48 m\u00b2\/min, Plastique renforc\u00e9 de fibres de verre<\/strong><\/span><br \/>\n<span dir=\"auto\">Consommation \u00e9lectrique :<strong> 21 W<\/strong><\/span><br \/>\n<span dir=\"auto\">Contr\u00f4leur et \u00e9cran :<strong> \u00e9cran tactile TFT LCD de 7 pouces<\/strong><\/span><br \/>\n<span dir=\"auto\">Type filtre :<strong> Filtre composite hybride \u00e0 4 couches (COV, acide, base, HEPA) ; \u203b COV (compos\u00e9s organiques volatils)<\/strong><\/span><br \/>\nT\u00e9l\u00e9chargements : <a href=\"https:\/\/store.microbiotech.dz\/wp-content\/uploads\/2025\/12\/catalogue-et-FT.pdf\">catalogue et FT<\/a><\/p>\n","protected":false},"featured_media":18130,"comment_status":"open","ping_status":"closed","template":"","meta":{"site-sidebar-layout":"default","site-content-layout":"","ast-site-content-layout":"default","site-content-style":"default","site-sidebar-style":"default","ast-global-header-display":"","ast-banner-title-visibility":"","ast-main-header-display":"","ast-hfb-above-header-display":"","ast-hfb-below-header-display":"","ast-hfb-mobile-header-display":"","site-post-title":"","ast-breadcrumbs-content":"","ast-featured-img":"","footer-sml-layout":"","ast-disable-related-posts":"","theme-transparent-header-meta":"default","adv-header-id-meta":"","stick-header-meta":"","header-above-stick-meta":"","header-main-stick-meta":"","header-below-stick-meta":"","astra-migrate-meta-layouts":"set","ast-page-background-enabled":"default","ast-page-background-meta":{"desktop":{"background-color":"var(--ast-global-color-4)","background-image":"","background-repeat":"repeat","background-position":"center center","background-size":"auto","background-attachment":"scroll","background-type":"","background-media":"","overlay-type":"","overlay-color":"","overlay-opacity":"","overlay-gradient":""},"tablet":{"background-color":"","background-image":"","background-repeat":"repeat","background-position":"center center","background-size":"auto","background-attachment":"scroll","background-type":"","background-media":"","overlay-type":"","overlay-color":"","overlay-opacity":"","overlay-gradient":""},"mobile":{"background-color":"","background-image":"","background-repeat":"repeat","background-position":"center center","background-size":"auto","background-attachment":"scroll","background-type":"","background-media":"","overlay-type":"","overlay-color":"","overlay-opacity":"","overlay-gradient":""}},"ast-content-background-meta":{"desktop":{"background-color":"var(--ast-global-color-5)","background-image":"","background-repeat":"repeat","background-position":"center center","background-size":"auto","background-attachment":"scroll","background-type":"","background-media":"","overlay-type":"","overlay-color":"","overlay-opacity":"","overlay-gradient":""},"tablet":{"background-color":"var(--ast-global-color-5)","background-image":"","background-repeat":"repeat","background-position":"center center","background-size":"auto","background-attachment":"scroll","background-type":"","background-media":"","overlay-type":"","overlay-color":"","overlay-opacity":"","overlay-gradient":""},"mobile":{"background-color":"var(--ast-global-color-5)","background-image":"","background-repeat":"repeat","background-position":"center center","background-size":"auto","background-attachment":"scroll","background-type":"","background-media":"","overlay-type":"","overlay-color":"","overlay-opacity":"","overlay-gradient":""}},"jetpack_post_was_ever_published":false},"product_brand":[],"product_cat":[238],"product_tag":[2567,3337,2038,2039,2568,1976,2571],"class_list":{"0":"post-18127","1":"product","2":"type-product","3":"status-publish","4":"has-post-thumbnail","6":"product_cat-equipements","7":"product_tag-armoire","8":"product_tag-armoire-de-stockage","9":"product_tag-daihan","10":"product_tag-f05","11":"product_tag-produits-chimiques","12":"product_tag-reactifs","13":"product_tag-stockage","14":"desktop-align-center","15":"tablet-align-left","16":"mobile-align-left","18":"first","19":"instock","20":"taxable","21":"shipping-taxable","22":"purchasable","23":"product-type-simple"},"yoast_head":"<!-- This site is optimized with the Yoast SEO plugin v27.4 - https:\/\/yoast.com\/product\/yoast-seo-wordpress\/ -->\n<title>Armoire de stockage de r\u00e9actifs et produits chimiques DAIHAN - La Boutique en ligne<\/title>\n<meta name=\"description\" content=\"L&#039;Armoire de stockage de r\u00e9actifs et produits chimiques DAIHAN repr\u00e9sente une solution fiable et performante pour tous les laboratoires.\" \/>\n<meta name=\"robots\" content=\"index, follow, max-snippet:-1, max-image-preview:large, max-video-preview:-1\" \/>\n<link rel=\"canonical\" href=\"https:\/\/store.microbiotech.dz\/index.php\/produit\/armoire-de-stockage-de-reactifs-et-produits-chimiques-daihan\/\" \/>\n<meta property=\"og:locale\" content=\"fr_FR\" \/>\n<meta property=\"og:type\" content=\"article\" \/>\n<meta property=\"og:title\" content=\"Armoire de stockage de r\u00e9actifs et produits chimiques DAIHAN - La Boutique en ligne\" \/>\n<meta property=\"og:description\" content=\"L&#039;Armoire de stockage de r\u00e9actifs et produits chimiques DAIHAN repr\u00e9sente une solution fiable et performante pour tous les laboratoires.\" \/>\n<meta property=\"og:url\" content=\"https:\/\/store.microbiotech.dz\/index.php\/produit\/armoire-de-stockage-de-reactifs-et-produits-chimiques-daihan\/\" \/>\n<meta property=\"og:site_name\" content=\"La Boutique en ligne\" \/>\n<meta property=\"article:publisher\" content=\"https:\/\/www.facebook.com\/MicroBiotech.dz\" \/>\n<meta property=\"article:modified_time\" content=\"2025-12-01T10:32:35+00:00\" \/>\n<meta property=\"og:image\" content=\"https:\/\/store.microbiotech.dz\/wp-content\/uploads\/2025\/12\/Untitled-design-4-44.webp\" \/>\n\t<meta property=\"og:image:width\" content=\"600\" \/>\n\t<meta property=\"og:image:height\" content=\"600\" \/>\n\t<meta property=\"og:image:type\" content=\"image\/webp\" \/>\n<meta name=\"twitter:card\" content=\"summary_large_image\" \/>\n<meta name=\"twitter:site\" content=\"@MicrobiotechD\" \/>\n<script type=\"application\/ld+json\" class=\"yoast-schema-graph\">{\"@context\":\"https:\\\/\\\/schema.org\",\"@graph\":[{\"@type\":\"WebPage\",\"@id\":\"https:\\\/\\\/store.microbiotech.dz\\\/index.php\\\/produit\\\/armoire-de-stockage-de-reactifs-et-produits-chimiques-daihan\\\/\",\"url\":\"https:\\\/\\\/store.microbiotech.dz\\\/index.php\\\/produit\\\/armoire-de-stockage-de-reactifs-et-produits-chimiques-daihan\\\/\",\"name\":\"Armoire de stockage de r\u00e9actifs et produits chimiques DAIHAN - La Boutique en ligne\",\"isPartOf\":{\"@id\":\"https:\\\/\\\/store.microbiotech.dz\\\/#website\"},\"primaryImageOfPage\":{\"@id\":\"https:\\\/\\\/store.microbiotech.dz\\\/index.php\\\/produit\\\/armoire-de-stockage-de-reactifs-et-produits-chimiques-daihan\\\/#primaryimage\"},\"image\":{\"@id\":\"https:\\\/\\\/store.microbiotech.dz\\\/index.php\\\/produit\\\/armoire-de-stockage-de-reactifs-et-produits-chimiques-daihan\\\/#primaryimage\"},\"thumbnailUrl\":\"https:\\\/\\\/store.microbiotech.dz\\\/wp-content\\\/uploads\\\/2025\\\/12\\\/Untitled-design-4-44.webp\",\"datePublished\":\"2025-12-01T10:15:58+00:00\",\"dateModified\":\"2025-12-01T10:32:35+00:00\",\"description\":\"L'Armoire de stockage de r\u00e9actifs et produits chimiques DAIHAN repr\u00e9sente une solution fiable et performante pour tous les laboratoires.\",\"breadcrumb\":{\"@id\":\"https:\\\/\\\/store.microbiotech.dz\\\/index.php\\\/produit\\\/armoire-de-stockage-de-reactifs-et-produits-chimiques-daihan\\\/#breadcrumb\"},\"inLanguage\":\"fr-FR\",\"potentialAction\":[{\"@type\":\"ReadAction\",\"target\":[\"https:\\\/\\\/store.microbiotech.dz\\\/index.php\\\/produit\\\/armoire-de-stockage-de-reactifs-et-produits-chimiques-daihan\\\/\"]}]},{\"@type\":\"ImageObject\",\"inLanguage\":\"fr-FR\",\"@id\":\"https:\\\/\\\/store.microbiotech.dz\\\/index.php\\\/produit\\\/armoire-de-stockage-de-reactifs-et-produits-chimiques-daihan\\\/#primaryimage\",\"url\":\"https:\\\/\\\/store.microbiotech.dz\\\/wp-content\\\/uploads\\\/2025\\\/12\\\/Untitled-design-4-44.webp\",\"contentUrl\":\"https:\\\/\\\/store.microbiotech.dz\\\/wp-content\\\/uploads\\\/2025\\\/12\\\/Untitled-design-4-44.webp\",\"width\":600,\"height\":600,\"caption\":\"Armoire de stockage de r\u00e9actifs et produits chimiques DAIHAN\"},{\"@type\":\"BreadcrumbList\",\"@id\":\"https:\\\/\\\/store.microbiotech.dz\\\/index.php\\\/produit\\\/armoire-de-stockage-de-reactifs-et-produits-chimiques-daihan\\\/#breadcrumb\",\"itemListElement\":[{\"@type\":\"ListItem\",\"position\":1,\"name\":\"Accueil\",\"item\":\"https:\\\/\\\/store.microbiotech.dz\\\/\"},{\"@type\":\"ListItem\",\"position\":2,\"name\":\"Nos Produits\",\"item\":\"https:\\\/\\\/store.microbiotech.dz\\\/index.php\\\/nos-produits\\\/\"},{\"@type\":\"ListItem\",\"position\":3,\"name\":\"Armoire de stockage de r\u00e9actifs et produits chimiques DAIHAN\"}]},{\"@type\":\"WebSite\",\"@id\":\"https:\\\/\\\/store.microbiotech.dz\\\/#website\",\"url\":\"https:\\\/\\\/store.microbiotech.dz\\\/\",\"name\":\"La Boutique en ligne\",\"description\":\"Qualit\u00e9 - Rapidit\u00e9 - Tranquillit\u00e9\",\"publisher\":{\"@id\":\"https:\\\/\\\/store.microbiotech.dz\\\/#organization\"},\"potentialAction\":[{\"@type\":\"SearchAction\",\"target\":{\"@type\":\"EntryPoint\",\"urlTemplate\":\"https:\\\/\\\/store.microbiotech.dz\\\/?s={search_term_string}\"},\"query-input\":{\"@type\":\"PropertyValueSpecification\",\"valueRequired\":true,\"valueName\":\"search_term_string\"}}],\"inLanguage\":\"fr-FR\"},{\"@type\":\"Organization\",\"@id\":\"https:\\\/\\\/store.microbiotech.dz\\\/#organization\",\"name\":\"Microbiotech EURL\",\"url\":\"https:\\\/\\\/store.microbiotech.dz\\\/\",\"logo\":{\"@type\":\"ImageObject\",\"inLanguage\":\"fr-FR\",\"@id\":\"https:\\\/\\\/store.microbiotech.dz\\\/#\\\/schema\\\/logo\\\/image\\\/\",\"url\":\"https:\\\/\\\/store.microbiotech.dz\\\/wp-content\\\/uploads\\\/2021\\\/09\\\/cropped-logo-microbiotech-2.jpg\",\"contentUrl\":\"https:\\\/\\\/store.microbiotech.dz\\\/wp-content\\\/uploads\\\/2021\\\/09\\\/cropped-logo-microbiotech-2.jpg\",\"width\":815,\"height\":586,\"caption\":\"Microbiotech EURL\"},\"image\":{\"@id\":\"https:\\\/\\\/store.microbiotech.dz\\\/#\\\/schema\\\/logo\\\/image\\\/\"},\"sameAs\":[\"https:\\\/\\\/www.facebook.com\\\/MicroBiotech.dz\",\"https:\\\/\\\/x.com\\\/MicrobiotechD\",\"https:\\\/\\\/www.linkedin.com\\\/in\\\/microbiotech\\\/\",\"https:\\\/\\\/www.youtube.com\\\/channel\\\/UCTxc3VIiX7LXD2LQYfZEcDg\"]}]}<\/script>\n<!-- \/ Yoast SEO plugin. -->","yoast_head_json":{"title":"Armoire de stockage de r\u00e9actifs et produits chimiques DAIHAN - La Boutique en ligne","description":"L'Armoire de stockage de r\u00e9actifs et produits chimiques DAIHAN repr\u00e9sente une solution fiable et performante pour tous les laboratoires.","robots":{"index":"index","follow":"follow","max-snippet":"max-snippet:-1","max-image-preview":"max-image-preview:large","max-video-preview":"max-video-preview:-1"},"canonical":"https:\/\/store.microbiotech.dz\/index.php\/produit\/armoire-de-stockage-de-reactifs-et-produits-chimiques-daihan\/","og_locale":"fr_FR","og_type":"article","og_title":"Armoire de stockage de r\u00e9actifs et produits chimiques DAIHAN - La Boutique en ligne","og_description":"L'Armoire de stockage de r\u00e9actifs et produits chimiques DAIHAN repr\u00e9sente une solution fiable et performante pour tous les laboratoires.","og_url":"https:\/\/store.microbiotech.dz\/index.php\/produit\/armoire-de-stockage-de-reactifs-et-produits-chimiques-daihan\/","og_site_name":"La Boutique en ligne","article_publisher":"https:\/\/www.facebook.com\/MicroBiotech.dz","article_modified_time":"2025-12-01T10:32:35+00:00","og_image":[{"width":600,"height":600,"url":"https:\/\/store.microbiotech.dz\/wp-content\/uploads\/2025\/12\/Untitled-design-4-44.webp","type":"image\/webp"}],"twitter_card":"summary_large_image","twitter_site":"@MicrobiotechD","schema":{"@context":"https:\/\/schema.org","@graph":[{"@type":"WebPage","@id":"https:\/\/store.microbiotech.dz\/index.php\/produit\/armoire-de-stockage-de-reactifs-et-produits-chimiques-daihan\/","url":"https:\/\/store.microbiotech.dz\/index.php\/produit\/armoire-de-stockage-de-reactifs-et-produits-chimiques-daihan\/","name":"Armoire de stockage de r\u00e9actifs et produits chimiques DAIHAN - La Boutique en ligne","isPartOf":{"@id":"https:\/\/store.microbiotech.dz\/#website"},"primaryImageOfPage":{"@id":"https:\/\/store.microbiotech.dz\/index.php\/produit\/armoire-de-stockage-de-reactifs-et-produits-chimiques-daihan\/#primaryimage"},"image":{"@id":"https:\/\/store.microbiotech.dz\/index.php\/produit\/armoire-de-stockage-de-reactifs-et-produits-chimiques-daihan\/#primaryimage"},"thumbnailUrl":"https:\/\/store.microbiotech.dz\/wp-content\/uploads\/2025\/12\/Untitled-design-4-44.webp","datePublished":"2025-12-01T10:15:58+00:00","dateModified":"2025-12-01T10:32:35+00:00","description":"L'Armoire de stockage de r\u00e9actifs et produits chimiques DAIHAN repr\u00e9sente une solution fiable et performante pour tous les laboratoires.","breadcrumb":{"@id":"https:\/\/store.microbiotech.dz\/index.php\/produit\/armoire-de-stockage-de-reactifs-et-produits-chimiques-daihan\/#breadcrumb"},"inLanguage":"fr-FR","potentialAction":[{"@type":"ReadAction","target":["https:\/\/store.microbiotech.dz\/index.php\/produit\/armoire-de-stockage-de-reactifs-et-produits-chimiques-daihan\/"]}]},{"@type":"ImageObject","inLanguage":"fr-FR","@id":"https:\/\/store.microbiotech.dz\/index.php\/produit\/armoire-de-stockage-de-reactifs-et-produits-chimiques-daihan\/#primaryimage","url":"https:\/\/store.microbiotech.dz\/wp-content\/uploads\/2025\/12\/Untitled-design-4-44.webp","contentUrl":"https:\/\/store.microbiotech.dz\/wp-content\/uploads\/2025\/12\/Untitled-design-4-44.webp","width":600,"height":600,"caption":"Armoire de stockage de r\u00e9actifs et produits chimiques DAIHAN"},{"@type":"BreadcrumbList","@id":"https:\/\/store.microbiotech.dz\/index.php\/produit\/armoire-de-stockage-de-reactifs-et-produits-chimiques-daihan\/#breadcrumb","itemListElement":[{"@type":"ListItem","position":1,"name":"Accueil","item":"https:\/\/store.microbiotech.dz\/"},{"@type":"ListItem","position":2,"name":"Nos Produits","item":"https:\/\/store.microbiotech.dz\/index.php\/nos-produits\/"},{"@type":"ListItem","position":3,"name":"Armoire de stockage de r\u00e9actifs et produits chimiques DAIHAN"}]},{"@type":"WebSite","@id":"https:\/\/store.microbiotech.dz\/#website","url":"https:\/\/store.microbiotech.dz\/","name":"La Boutique en ligne","description":"Qualit\u00e9 - Rapidit\u00e9 - Tranquillit\u00e9","publisher":{"@id":"https:\/\/store.microbiotech.dz\/#organization"},"potentialAction":[{"@type":"SearchAction","target":{"@type":"EntryPoint","urlTemplate":"https:\/\/store.microbiotech.dz\/?s={search_term_string}"},"query-input":{"@type":"PropertyValueSpecification","valueRequired":true,"valueName":"search_term_string"}}],"inLanguage":"fr-FR"},{"@type":"Organization","@id":"https:\/\/store.microbiotech.dz\/#organization","name":"Microbiotech EURL","url":"https:\/\/store.microbiotech.dz\/","logo":{"@type":"ImageObject","inLanguage":"fr-FR","@id":"https:\/\/store.microbiotech.dz\/#\/schema\/logo\/image\/","url":"https:\/\/store.microbiotech.dz\/wp-content\/uploads\/2021\/09\/cropped-logo-microbiotech-2.jpg","contentUrl":"https:\/\/store.microbiotech.dz\/wp-content\/uploads\/2021\/09\/cropped-logo-microbiotech-2.jpg","width":815,"height":586,"caption":"Microbiotech EURL"},"image":{"@id":"https:\/\/store.microbiotech.dz\/#\/schema\/logo\/image\/"},"sameAs":["https:\/\/www.facebook.com\/MicroBiotech.dz","https:\/\/x.com\/MicrobiotechD","https:\/\/www.linkedin.com\/in\/microbiotech\/","https:\/\/www.youtube.com\/channel\/UCTxc3VIiX7LXD2LQYfZEcDg"]}]}},"jetpack_sharing_enabled":true,"_links":{"self":[{"href":"https:\/\/store.microbiotech.dz\/index.php\/wp-json\/wp\/v2\/product\/18127","targetHints":{"allow":["GET"]}}],"collection":[{"href":"https:\/\/store.microbiotech.dz\/index.php\/wp-json\/wp\/v2\/product"}],"about":[{"href":"https:\/\/store.microbiotech.dz\/index.php\/wp-json\/wp\/v2\/types\/product"}],"replies":[{"embeddable":true,"href":"https:\/\/store.microbiotech.dz\/index.php\/wp-json\/wp\/v2\/comments?post=18127"}],"wp:featuredmedia":[{"embeddable":true,"href":"https:\/\/store.microbiotech.dz\/index.php\/wp-json\/wp\/v2\/media\/18130"}],"wp:attachment":[{"href":"https:\/\/store.microbiotech.dz\/index.php\/wp-json\/wp\/v2\/media?parent=18127"}],"wp:term":[{"taxonomy":"product_brand","embeddable":true,"href":"https:\/\/store.microbiotech.dz\/index.php\/wp-json\/wp\/v2\/product_brand?post=18127"},{"taxonomy":"product_cat","embeddable":true,"href":"https:\/\/store.microbiotech.dz\/index.php\/wp-json\/wp\/v2\/product_cat?post=18127"},{"taxonomy":"product_tag","embeddable":true,"href":"https:\/\/store.microbiotech.dz\/index.php\/wp-json\/wp\/v2\/product_tag?post=18127"}],"curies":[{"name":"wp","href":"https:\/\/api.w.org\/{rel}","templated":true}]}}