{"id":17833,"date":"2025-11-19T19:00:27","date_gmt":"2025-11-19T18:00:27","guid":{"rendered":"https:\/\/store.microbiotech.dz\/?post_type=product&#038;p=17833"},"modified":"2025-11-19T19:18:00","modified_gmt":"2025-11-19T18:18:00","slug":"butyrometre-gerber","status":"publish","type":"product","link":"https:\/\/store.microbiotech.dz\/index.php\/produit\/butyrometre-gerber\/","title":{"rendered":"Butyrom\u00e8tre GERBER pour lait"},"content":{"rendered":"<p>Le Butyrom\u00e8tre <a href=\"https:\/\/hal.science\/hal-00927873\/document\" target=\"_blank\" rel=\"noopener\">Gerber<\/a> pour <a href=\"https:\/\/store.microbiotech.dz\/index.php\/produit\/compteur-de-cellules-somatiques-du-lait-lactoscan-milkotronic\/\" target=\"_blank\" rel=\"noopener\">lait<\/a> est un instrument de laboratoire pr\u00e9cis, con\u00e7u pour mesurer la teneur en mati\u00e8res grasses dans le lait et ses d\u00e9riv\u00e9s. Id\u00e9al pour les analyses dans les secteurs laitier et agroalimentaire, il offre des r\u00e9sultats fiables et conformes aux normes internationales. Fabriqu\u00e9 avec des mat\u00e9riaux de haute qualit\u00e9, il garantit une durabilit\u00e9 et une utilisation \u00e0 long terme. Facile \u00e0 manipuler et \u00e0 entretenir, ce butyrom\u00e8tre est un outil indispensable pour les laboratoires cherchant \u00e0 assurer la qualit\u00e9 et le contr\u00f4le des produits laitiers.<\/p>\n<p>&nbsp;<\/p>\n","protected":false},"excerpt":{"rendered":"<p>&nbsp;<\/p>\n<p>Marque :\u00a0<strong>Gerber<\/strong>\u00a0<img loading=\"lazy\" decoding=\"async\" class=\"alignnone wp-image-1649\" src=\"https:\/\/store.microbiotech.dz\/wp-content\/uploads\/2022\/04\/51968274-le-drapeau-allemand-icone-matte-ronde-isole-sur-fond-blanc--300x300.webp\" alt=\"\" width=\"54\" height=\"54\" srcset=\"https:\/\/store.microbiotech.dz\/wp-content\/uploads\/2022\/04\/51968274-le-drapeau-allemand-icone-matte-ronde-isole-sur-fond-blanc--300x300.webp 300w, https:\/\/store.microbiotech.dz\/wp-content\/uploads\/2022\/04\/51968274-le-drapeau-allemand-icone-matte-ronde-isole-sur-fond-blanc--150x150.webp 150w, https:\/\/store.microbiotech.dz\/wp-content\/uploads\/2022\/04\/51968274-le-drapeau-allemand-icone-matte-ronde-isole-sur-fond-blanc--100x100.webp 100w, https:\/\/store.microbiotech.dz\/wp-content\/uploads\/2022\/04\/51968274-le-drapeau-allemand-icone-matte-ronde-isole-sur-fond-blanc-.webp 450w\" sizes=\"auto, (max-width: 54px) 100vw, 54px\" \/><br \/>\nMat\u00e9riau : <strong>verre borosilicat\u00e9<\/strong><br \/>\nEchelle : <strong>0 &#8211; 9 %\u00a0<\/strong><\/p>\n","protected":false},"featured_media":17834,"comment_status":"open","ping_status":"closed","template":"","meta":{"site-sidebar-layout":"default","site-content-layout":"default","ast-site-content-layout":"default","site-content-style":"default","site-sidebar-style":"default","ast-global-header-display":"","ast-banner-title-visibility":"","ast-main-header-display":"","ast-hfb-above-header-display":"","ast-hfb-below-header-display":"","ast-hfb-mobile-header-display":"","site-post-title":"","ast-breadcrumbs-content":"","ast-featured-img":"","footer-sml-layout":"","ast-disable-related-posts":"","theme-transparent-header-meta":"default","adv-header-id-meta":"","stick-header-meta":"","header-above-stick-meta":"","header-main-stick-meta":"","header-below-stick-meta":"","astra-migrate-meta-layouts":"set","ast-page-background-enabled":"default","ast-page-background-meta":{"desktop":{"background-color":"var(--ast-global-color-4)","background-image":"","background-repeat":"repeat","background-position":"center center","background-size":"auto","background-attachment":"scroll","background-type":"","background-media":"","overlay-type":"","overlay-color":"","overlay-opacity":"","overlay-gradient":""},"tablet":{"background-color":"","background-image":"","background-repeat":"repeat","background-position":"center center","background-size":"auto","background-attachment":"scroll","background-type":"","background-media":"","overlay-type":"","overlay-color":"","overlay-opacity":"","overlay-gradient":""},"mobile":{"background-color":"","background-image":"","background-repeat":"repeat","background-position":"center center","background-size":"auto","background-attachment":"scroll","background-type":"","background-media":"","overlay-type":"","overlay-color":"","overlay-opacity":"","overlay-gradient":""}},"ast-content-background-meta":{"desktop":{"background-color":"var(--ast-global-color-5)","background-image":"","background-repeat":"repeat","background-position":"center center","background-size":"auto","background-attachment":"scroll","background-type":"","background-media":"","overlay-type":"","overlay-color":"","overlay-opacity":"","overlay-gradient":""},"tablet":{"background-color":"var(--ast-global-color-5)","background-image":"","background-repeat":"repeat","background-position":"center center","background-size":"auto","background-attachment":"scroll","background-type":"","background-media":"","overlay-type":"","overlay-color":"","overlay-opacity":"","overlay-gradient":""},"mobile":{"background-color":"var(--ast-global-color-5)","background-image":"","background-repeat":"repeat","background-position":"center center","background-size":"auto","background-attachment":"scroll","background-type":"","background-media":"","overlay-type":"","overlay-color":"","overlay-opacity":"","overlay-gradient":""}},"jetpack_post_was_ever_published":false},"product_brand":[],"product_cat":[238,239],"product_tag":[633,930,628],"class_list":{"0":"post-17833","1":"product","2":"type-product","3":"status-publish","4":"has-post-thumbnail","6":"product_cat-equipements","7":"product_cat-verrerie","8":"product_tag-butyrometre","9":"product_tag-f90","10":"product_tag-lait","11":"product_shipping_class-temperature-ambiante","12":"desktop-align-center","13":"tablet-align-left","14":"mobile-align-left","16":"first","17":"instock","18":"taxable","19":"shipping-taxable","20":"purchasable","21":"product-type-simple"},"yoast_head":"<!-- This site is optimized with the Yoast SEO plugin v27.4 - https:\/\/yoast.com\/product\/yoast-seo-wordpress\/ -->\n<title>Butyrom\u00e8tre GERBER pour lait - La Boutique en ligne<\/title>\n<meta name=\"description\" content=\"Butyrom\u00e8tre GERBER pour lait de haute qualit\u00e9 pour \u00e9conomiser du temps et de l&#039;argent. N&#039;attendez pas pour am\u00e9liorer votre production.\" \/>\n<meta name=\"robots\" content=\"index, follow, max-snippet:-1, max-image-preview:large, max-video-preview:-1\" \/>\n<link rel=\"canonical\" href=\"https:\/\/store.microbiotech.dz\/index.php\/produit\/butyrometre-gerber\/\" \/>\n<meta property=\"og:locale\" content=\"fr_FR\" \/>\n<meta property=\"og:type\" content=\"article\" \/>\n<meta property=\"og:title\" content=\"Butyrom\u00e8tre GERBER pour lait - La Boutique en ligne\" \/>\n<meta property=\"og:description\" content=\"Butyrom\u00e8tre GERBER pour lait de haute qualit\u00e9 pour \u00e9conomiser du temps et de l&#039;argent. N&#039;attendez pas pour am\u00e9liorer votre production.\" \/>\n<meta property=\"og:url\" content=\"https:\/\/store.microbiotech.dz\/index.php\/produit\/butyrometre-gerber\/\" \/>\n<meta property=\"og:site_name\" content=\"La Boutique en ligne\" \/>\n<meta property=\"article:publisher\" content=\"https:\/\/www.facebook.com\/MicroBiotech.dz\" \/>\n<meta property=\"article:modified_time\" content=\"2025-11-19T18:18:00+00:00\" \/>\n<meta property=\"og:image\" content=\"https:\/\/store.microbiotech.dz\/wp-content\/uploads\/2025\/11\/Untitled-design-4-16.webp\" \/>\n\t<meta property=\"og:image:width\" content=\"600\" \/>\n\t<meta property=\"og:image:height\" content=\"600\" \/>\n\t<meta property=\"og:image:type\" content=\"image\/webp\" \/>\n<meta name=\"twitter:card\" content=\"summary_large_image\" \/>\n<meta name=\"twitter:site\" content=\"@MicrobiotechD\" \/>\n<script type=\"application\/ld+json\" class=\"yoast-schema-graph\">{\"@context\":\"https:\\\/\\\/schema.org\",\"@graph\":[{\"@type\":\"WebPage\",\"@id\":\"https:\\\/\\\/store.microbiotech.dz\\\/index.php\\\/produit\\\/butyrometre-gerber\\\/\",\"url\":\"https:\\\/\\\/store.microbiotech.dz\\\/index.php\\\/produit\\\/butyrometre-gerber\\\/\",\"name\":\"Butyrom\u00e8tre GERBER pour lait - La Boutique en ligne\",\"isPartOf\":{\"@id\":\"https:\\\/\\\/store.microbiotech.dz\\\/#website\"},\"primaryImageOfPage\":{\"@id\":\"https:\\\/\\\/store.microbiotech.dz\\\/index.php\\\/produit\\\/butyrometre-gerber\\\/#primaryimage\"},\"image\":{\"@id\":\"https:\\\/\\\/store.microbiotech.dz\\\/index.php\\\/produit\\\/butyrometre-gerber\\\/#primaryimage\"},\"thumbnailUrl\":\"https:\\\/\\\/store.microbiotech.dz\\\/wp-content\\\/uploads\\\/2025\\\/11\\\/Untitled-design-4-16.webp\",\"datePublished\":\"2025-11-19T18:00:27+00:00\",\"dateModified\":\"2025-11-19T18:18:00+00:00\",\"description\":\"Butyrom\u00e8tre GERBER pour lait de haute qualit\u00e9 pour \u00e9conomiser du temps et de l'argent. N'attendez pas pour am\u00e9liorer votre production.\",\"breadcrumb\":{\"@id\":\"https:\\\/\\\/store.microbiotech.dz\\\/index.php\\\/produit\\\/butyrometre-gerber\\\/#breadcrumb\"},\"inLanguage\":\"fr-FR\",\"potentialAction\":[{\"@type\":\"ReadAction\",\"target\":[\"https:\\\/\\\/store.microbiotech.dz\\\/index.php\\\/produit\\\/butyrometre-gerber\\\/\"]}]},{\"@type\":\"ImageObject\",\"inLanguage\":\"fr-FR\",\"@id\":\"https:\\\/\\\/store.microbiotech.dz\\\/index.php\\\/produit\\\/butyrometre-gerber\\\/#primaryimage\",\"url\":\"https:\\\/\\\/store.microbiotech.dz\\\/wp-content\\\/uploads\\\/2025\\\/11\\\/Untitled-design-4-16.webp\",\"contentUrl\":\"https:\\\/\\\/store.microbiotech.dz\\\/wp-content\\\/uploads\\\/2025\\\/11\\\/Untitled-design-4-16.webp\",\"width\":600,\"height\":600,\"caption\":\"Butyrom\u00e8tre GERBER pour lait\"},{\"@type\":\"BreadcrumbList\",\"@id\":\"https:\\\/\\\/store.microbiotech.dz\\\/index.php\\\/produit\\\/butyrometre-gerber\\\/#breadcrumb\",\"itemListElement\":[{\"@type\":\"ListItem\",\"position\":1,\"name\":\"Accueil\",\"item\":\"https:\\\/\\\/store.microbiotech.dz\\\/\"},{\"@type\":\"ListItem\",\"position\":2,\"name\":\"Nos Produits\",\"item\":\"https:\\\/\\\/store.microbiotech.dz\\\/index.php\\\/nos-produits\\\/\"},{\"@type\":\"ListItem\",\"position\":3,\"name\":\"Butyrom\u00e8tre GERBER pour lait\"}]},{\"@type\":\"WebSite\",\"@id\":\"https:\\\/\\\/store.microbiotech.dz\\\/#website\",\"url\":\"https:\\\/\\\/store.microbiotech.dz\\\/\",\"name\":\"La Boutique en ligne\",\"description\":\"Qualit\u00e9 - Rapidit\u00e9 - Tranquillit\u00e9\",\"publisher\":{\"@id\":\"https:\\\/\\\/store.microbiotech.dz\\\/#organization\"},\"potentialAction\":[{\"@type\":\"SearchAction\",\"target\":{\"@type\":\"EntryPoint\",\"urlTemplate\":\"https:\\\/\\\/store.microbiotech.dz\\\/?s={search_term_string}\"},\"query-input\":{\"@type\":\"PropertyValueSpecification\",\"valueRequired\":true,\"valueName\":\"search_term_string\"}}],\"inLanguage\":\"fr-FR\"},{\"@type\":\"Organization\",\"@id\":\"https:\\\/\\\/store.microbiotech.dz\\\/#organization\",\"name\":\"Microbiotech EURL\",\"url\":\"https:\\\/\\\/store.microbiotech.dz\\\/\",\"logo\":{\"@type\":\"ImageObject\",\"inLanguage\":\"fr-FR\",\"@id\":\"https:\\\/\\\/store.microbiotech.dz\\\/#\\\/schema\\\/logo\\\/image\\\/\",\"url\":\"https:\\\/\\\/store.microbiotech.dz\\\/wp-content\\\/uploads\\\/2021\\\/09\\\/cropped-logo-microbiotech-2.jpg\",\"contentUrl\":\"https:\\\/\\\/store.microbiotech.dz\\\/wp-content\\\/uploads\\\/2021\\\/09\\\/cropped-logo-microbiotech-2.jpg\",\"width\":815,\"height\":586,\"caption\":\"Microbiotech EURL\"},\"image\":{\"@id\":\"https:\\\/\\\/store.microbiotech.dz\\\/#\\\/schema\\\/logo\\\/image\\\/\"},\"sameAs\":[\"https:\\\/\\\/www.facebook.com\\\/MicroBiotech.dz\",\"https:\\\/\\\/x.com\\\/MicrobiotechD\",\"https:\\\/\\\/www.linkedin.com\\\/in\\\/microbiotech\\\/\",\"https:\\\/\\\/www.youtube.com\\\/channel\\\/UCTxc3VIiX7LXD2LQYfZEcDg\"]}]}<\/script>\n<!-- \/ Yoast SEO plugin. -->","yoast_head_json":{"title":"Butyrom\u00e8tre GERBER pour lait - La Boutique en ligne","description":"Butyrom\u00e8tre GERBER pour lait de haute qualit\u00e9 pour \u00e9conomiser du temps et de l'argent. N'attendez pas pour am\u00e9liorer votre production.","robots":{"index":"index","follow":"follow","max-snippet":"max-snippet:-1","max-image-preview":"max-image-preview:large","max-video-preview":"max-video-preview:-1"},"canonical":"https:\/\/store.microbiotech.dz\/index.php\/produit\/butyrometre-gerber\/","og_locale":"fr_FR","og_type":"article","og_title":"Butyrom\u00e8tre GERBER pour lait - La Boutique en ligne","og_description":"Butyrom\u00e8tre GERBER pour lait de haute qualit\u00e9 pour \u00e9conomiser du temps et de l'argent. N'attendez pas pour am\u00e9liorer votre production.","og_url":"https:\/\/store.microbiotech.dz\/index.php\/produit\/butyrometre-gerber\/","og_site_name":"La Boutique en ligne","article_publisher":"https:\/\/www.facebook.com\/MicroBiotech.dz","article_modified_time":"2025-11-19T18:18:00+00:00","og_image":[{"width":600,"height":600,"url":"https:\/\/store.microbiotech.dz\/wp-content\/uploads\/2025\/11\/Untitled-design-4-16.webp","type":"image\/webp"}],"twitter_card":"summary_large_image","twitter_site":"@MicrobiotechD","schema":{"@context":"https:\/\/schema.org","@graph":[{"@type":"WebPage","@id":"https:\/\/store.microbiotech.dz\/index.php\/produit\/butyrometre-gerber\/","url":"https:\/\/store.microbiotech.dz\/index.php\/produit\/butyrometre-gerber\/","name":"Butyrom\u00e8tre GERBER pour lait - La Boutique en ligne","isPartOf":{"@id":"https:\/\/store.microbiotech.dz\/#website"},"primaryImageOfPage":{"@id":"https:\/\/store.microbiotech.dz\/index.php\/produit\/butyrometre-gerber\/#primaryimage"},"image":{"@id":"https:\/\/store.microbiotech.dz\/index.php\/produit\/butyrometre-gerber\/#primaryimage"},"thumbnailUrl":"https:\/\/store.microbiotech.dz\/wp-content\/uploads\/2025\/11\/Untitled-design-4-16.webp","datePublished":"2025-11-19T18:00:27+00:00","dateModified":"2025-11-19T18:18:00+00:00","description":"Butyrom\u00e8tre GERBER pour lait de haute qualit\u00e9 pour \u00e9conomiser du temps et de l'argent. N'attendez pas pour am\u00e9liorer votre production.","breadcrumb":{"@id":"https:\/\/store.microbiotech.dz\/index.php\/produit\/butyrometre-gerber\/#breadcrumb"},"inLanguage":"fr-FR","potentialAction":[{"@type":"ReadAction","target":["https:\/\/store.microbiotech.dz\/index.php\/produit\/butyrometre-gerber\/"]}]},{"@type":"ImageObject","inLanguage":"fr-FR","@id":"https:\/\/store.microbiotech.dz\/index.php\/produit\/butyrometre-gerber\/#primaryimage","url":"https:\/\/store.microbiotech.dz\/wp-content\/uploads\/2025\/11\/Untitled-design-4-16.webp","contentUrl":"https:\/\/store.microbiotech.dz\/wp-content\/uploads\/2025\/11\/Untitled-design-4-16.webp","width":600,"height":600,"caption":"Butyrom\u00e8tre GERBER pour lait"},{"@type":"BreadcrumbList","@id":"https:\/\/store.microbiotech.dz\/index.php\/produit\/butyrometre-gerber\/#breadcrumb","itemListElement":[{"@type":"ListItem","position":1,"name":"Accueil","item":"https:\/\/store.microbiotech.dz\/"},{"@type":"ListItem","position":2,"name":"Nos Produits","item":"https:\/\/store.microbiotech.dz\/index.php\/nos-produits\/"},{"@type":"ListItem","position":3,"name":"Butyrom\u00e8tre GERBER pour lait"}]},{"@type":"WebSite","@id":"https:\/\/store.microbiotech.dz\/#website","url":"https:\/\/store.microbiotech.dz\/","name":"La Boutique en ligne","description":"Qualit\u00e9 - Rapidit\u00e9 - Tranquillit\u00e9","publisher":{"@id":"https:\/\/store.microbiotech.dz\/#organization"},"potentialAction":[{"@type":"SearchAction","target":{"@type":"EntryPoint","urlTemplate":"https:\/\/store.microbiotech.dz\/?s={search_term_string}"},"query-input":{"@type":"PropertyValueSpecification","valueRequired":true,"valueName":"search_term_string"}}],"inLanguage":"fr-FR"},{"@type":"Organization","@id":"https:\/\/store.microbiotech.dz\/#organization","name":"Microbiotech EURL","url":"https:\/\/store.microbiotech.dz\/","logo":{"@type":"ImageObject","inLanguage":"fr-FR","@id":"https:\/\/store.microbiotech.dz\/#\/schema\/logo\/image\/","url":"https:\/\/store.microbiotech.dz\/wp-content\/uploads\/2021\/09\/cropped-logo-microbiotech-2.jpg","contentUrl":"https:\/\/store.microbiotech.dz\/wp-content\/uploads\/2021\/09\/cropped-logo-microbiotech-2.jpg","width":815,"height":586,"caption":"Microbiotech EURL"},"image":{"@id":"https:\/\/store.microbiotech.dz\/#\/schema\/logo\/image\/"},"sameAs":["https:\/\/www.facebook.com\/MicroBiotech.dz","https:\/\/x.com\/MicrobiotechD","https:\/\/www.linkedin.com\/in\/microbiotech\/","https:\/\/www.youtube.com\/channel\/UCTxc3VIiX7LXD2LQYfZEcDg"]}]}},"jetpack_sharing_enabled":true,"_links":{"self":[{"href":"https:\/\/store.microbiotech.dz\/index.php\/wp-json\/wp\/v2\/product\/17833","targetHints":{"allow":["GET"]}}],"collection":[{"href":"https:\/\/store.microbiotech.dz\/index.php\/wp-json\/wp\/v2\/product"}],"about":[{"href":"https:\/\/store.microbiotech.dz\/index.php\/wp-json\/wp\/v2\/types\/product"}],"replies":[{"embeddable":true,"href":"https:\/\/store.microbiotech.dz\/index.php\/wp-json\/wp\/v2\/comments?post=17833"}],"wp:featuredmedia":[{"embeddable":true,"href":"https:\/\/store.microbiotech.dz\/index.php\/wp-json\/wp\/v2\/media\/17834"}],"wp:attachment":[{"href":"https:\/\/store.microbiotech.dz\/index.php\/wp-json\/wp\/v2\/media?parent=17833"}],"wp:term":[{"taxonomy":"product_brand","embeddable":true,"href":"https:\/\/store.microbiotech.dz\/index.php\/wp-json\/wp\/v2\/product_brand?post=17833"},{"taxonomy":"product_cat","embeddable":true,"href":"https:\/\/store.microbiotech.dz\/index.php\/wp-json\/wp\/v2\/product_cat?post=17833"},{"taxonomy":"product_tag","embeddable":true,"href":"https:\/\/store.microbiotech.dz\/index.php\/wp-json\/wp\/v2\/product_tag?post=17833"}],"curies":[{"name":"wp","href":"https:\/\/api.w.org\/{rel}","templated":true}]}}