{"id":17777,"date":"2025-11-17T20:51:59","date_gmt":"2025-11-17T19:51:59","guid":{"rendered":"https:\/\/store.microbiotech.dz\/?post_type=product&#038;p=17777"},"modified":"2025-12-21T12:47:53","modified_gmt":"2025-12-21T11:47:53","slug":"pipette-pasteur-en-verre-a-bout-ferme-250-unites-olab","status":"publish","type":"product","link":"https:\/\/store.microbiotech.dz\/index.php\/produit\/pipette-pasteur-en-verre-a-bout-ferme-250-unites-olab\/","title":{"rendered":"Pipette Pasteur en verre \u00e0 bout ferm\u00e9 (250 unit\u00e9s) OLAB"},"content":{"rendered":"<p>La <a href=\"https:\/\/fr.wikipedia.org\/wiki\/Pipette_Pasteur\" target=\"_blank\" rel=\"noopener\">Pipette Pasteur<\/a> en verre \u00e0 bout ferm\u00e9 (250 unit\u00e9s) d\u2019OLAB est un instrument indispensable pour les manipulations pr\u00e9cises et aseptiques en laboratoire. Fabriqu\u00e9e en verre clair de haute qualit\u00e9, elle contient un coton absorbant \u00e0 une extr\u00e9mit\u00e9 et un bout ferm\u00e9 \u00e0 l\u2019autre. Cette configuration garantit une pr\u00e9cision optimale et une s\u00e9curit\u00e9 renforc\u00e9e lors du transfert de liquides, limitant efficacement les risques de contamination crois\u00e9e.<\/p>\n<p data-start=\"528\" data-end=\"712\" data-is-last-node=\"\" data-is-only-node=\"\">La <a href=\"https:\/\/store.microbiotech.dz\/?s=pipette\" target=\"_blank\" rel=\"noopener\">Pipette<\/a> Pasteur en verre \u00e0 bout ferm\u00e9 (250 unit\u00e9s) OLAB convient parfaitement \u00e0 une large gamme d\u2019applications, notamment en microbiologie et pour l\u2019analyse de liquides biologiques.<\/p>\n<p>&nbsp;<\/p>\n<p>&nbsp;<\/p>\n<p>&nbsp;<\/p>\n<p>&nbsp;<\/p>\n","protected":false},"excerpt":{"rendered":"<p>Soit : <strong>15DA\/unit\u00e9<\/strong><\/p>\n<p>Marque : <strong>OLAB <img loading=\"lazy\" decoding=\"async\" class=\"alignnone wp-image-1795\" src=\"https:\/\/store.microbiotech.dz\/wp-content\/uploads\/2022\/04\/China-Flag.png\" alt=\"\" width=\"32\" height=\"32\" srcset=\"https:\/\/store.microbiotech.dz\/wp-content\/uploads\/2022\/04\/China-Flag.png 224w, https:\/\/store.microbiotech.dz\/wp-content\/uploads\/2022\/04\/China-Flag-150x150.png 150w, https:\/\/store.microbiotech.dz\/wp-content\/uploads\/2022\/04\/China-Flag-100x100.png 100w\" sizes=\"auto, (max-width: 32px) 100vw, 32px\" \/><\/strong><br \/>\nUnit\u00e9 de vente : <strong>boite de 250 pipettes<\/strong><br \/>\nLongueur : <strong>230 mm\u00a0<\/strong><\/p>\n","protected":false},"featured_media":3141,"comment_status":"open","ping_status":"closed","template":"","meta":{"site-sidebar-layout":"default","site-content-layout":"default","ast-site-content-layout":"default","site-content-style":"default","site-sidebar-style":"default","ast-global-header-display":"","ast-banner-title-visibility":"","ast-main-header-display":"","ast-hfb-above-header-display":"","ast-hfb-below-header-display":"","ast-hfb-mobile-header-display":"","site-post-title":"","ast-breadcrumbs-content":"","ast-featured-img":"","footer-sml-layout":"","ast-disable-related-posts":"","theme-transparent-header-meta":"default","adv-header-id-meta":"","stick-header-meta":"","header-above-stick-meta":"","header-main-stick-meta":"","header-below-stick-meta":"","astra-migrate-meta-layouts":"set","ast-page-background-enabled":"default","ast-page-background-meta":{"desktop":{"background-color":"var(--ast-global-color-4)","background-image":"","background-repeat":"repeat","background-position":"center center","background-size":"auto","background-attachment":"scroll","background-type":"","background-media":"","overlay-type":"","overlay-color":"","overlay-opacity":"","overlay-gradient":""},"tablet":{"background-color":"","background-image":"","background-repeat":"repeat","background-position":"center center","background-size":"auto","background-attachment":"scroll","background-type":"","background-media":"","overlay-type":"","overlay-color":"","overlay-opacity":"","overlay-gradient":""},"mobile":{"background-color":"","background-image":"","background-repeat":"repeat","background-position":"center center","background-size":"auto","background-attachment":"scroll","background-type":"","background-media":"","overlay-type":"","overlay-color":"","overlay-opacity":"","overlay-gradient":""}},"ast-content-background-meta":{"desktop":{"background-color":"var(--ast-global-color-5)","background-image":"","background-repeat":"repeat","background-position":"center center","background-size":"auto","background-attachment":"scroll","background-type":"","background-media":"","overlay-type":"","overlay-color":"","overlay-opacity":"","overlay-gradient":""},"tablet":{"background-color":"var(--ast-global-color-5)","background-image":"","background-repeat":"repeat","background-position":"center center","background-size":"auto","background-attachment":"scroll","background-type":"","background-media":"","overlay-type":"","overlay-color":"","overlay-opacity":"","overlay-gradient":""},"mobile":{"background-color":"var(--ast-global-color-5)","background-image":"","background-repeat":"repeat","background-position":"center center","background-size":"auto","background-attachment":"scroll","background-type":"","background-media":"","overlay-type":"","overlay-color":"","overlay-opacity":"","overlay-gradient":""}},"jetpack_post_was_ever_published":false},"product_brand":[],"product_cat":[238,239],"product_tag":[2591,2972,356,1011],"class_list":{"0":"post-17777","1":"product","2":"type-product","3":"status-publish","4":"has-post-thumbnail","6":"product_cat-equipements","7":"product_cat-verrerie","8":"product_tag-f149","9":"product_tag-f164","10":"product_tag-pipette","11":"product_tag-pipette-pasteur","12":"product_shipping_class-temperature-ambiante","13":"desktop-align-center","14":"tablet-align-left","15":"mobile-align-left","17":"first","18":"instock","19":"taxable","20":"shipping-taxable","21":"purchasable","22":"product-type-simple"},"yoast_head":"<!-- This site is optimized with the Yoast SEO plugin v27.4 - https:\/\/yoast.com\/product\/yoast-seo-wordpress\/ -->\n<title>Pipette Pasteur en verre \u00e0 bout ferm\u00e9 (250 unit\u00e9s) OLAB<\/title>\n<meta name=\"description\" content=\"La Pipette Pasteur en verre sodocalcique \u00e0 bout ferm\u00e9 (250 unit\u00e9s) OLAB est de tr\u00e8s bonne qualit\u00e9 et \u00e0 bon prix chez Microbiotech.dz\" \/>\n<meta name=\"robots\" content=\"index, follow, max-snippet:-1, max-image-preview:large, max-video-preview:-1\" \/>\n<link rel=\"canonical\" href=\"https:\/\/store.microbiotech.dz\/index.php\/produit\/pipette-pasteur-en-verre-a-bout-ferme-250-unites-olab\/\" \/>\n<meta property=\"og:locale\" content=\"fr_FR\" \/>\n<meta property=\"og:type\" content=\"article\" \/>\n<meta property=\"og:title\" content=\"Pipette Pasteur en verre \u00e0 bout ferm\u00e9 (250 unit\u00e9s) OLAB\" \/>\n<meta property=\"og:description\" content=\"La Pipette Pasteur en verre sodocalcique \u00e0 bout ferm\u00e9 (250 unit\u00e9s) OLAB est de tr\u00e8s bonne qualit\u00e9 et \u00e0 bon prix chez Microbiotech.dz\" \/>\n<meta property=\"og:url\" content=\"https:\/\/store.microbiotech.dz\/index.php\/produit\/pipette-pasteur-en-verre-a-bout-ferme-250-unites-olab\/\" \/>\n<meta property=\"og:site_name\" content=\"La Boutique en ligne\" \/>\n<meta property=\"article:publisher\" content=\"https:\/\/www.facebook.com\/MicroBiotech.dz\" \/>\n<meta property=\"article:modified_time\" content=\"2025-12-21T11:47:53+00:00\" \/>\n<meta property=\"og:image\" content=\"https:\/\/store.microbiotech.dz\/wp-content\/uploads\/2023\/03\/Pipette-Pasteur-en-verre-230mm-a-bout-ferme-250-unites-600x.png\" \/>\n\t<meta property=\"og:image:width\" content=\"600\" \/>\n\t<meta property=\"og:image:height\" content=\"600\" \/>\n\t<meta property=\"og:image:type\" content=\"image\/png\" \/>\n<meta name=\"twitter:card\" content=\"summary_large_image\" \/>\n<meta name=\"twitter:site\" content=\"@MicrobiotechD\" \/>\n<meta name=\"twitter:label1\" content=\"Dur\u00e9e de lecture estim\u00e9e\" \/>\n\t<meta name=\"twitter:data1\" content=\"1 minute\" \/>\n<script type=\"application\/ld+json\" class=\"yoast-schema-graph\">{\"@context\":\"https:\\\/\\\/schema.org\",\"@graph\":[{\"@type\":\"WebPage\",\"@id\":\"https:\\\/\\\/store.microbiotech.dz\\\/index.php\\\/produit\\\/pipette-pasteur-en-verre-a-bout-ferme-250-unites-olab\\\/\",\"url\":\"https:\\\/\\\/store.microbiotech.dz\\\/index.php\\\/produit\\\/pipette-pasteur-en-verre-a-bout-ferme-250-unites-olab\\\/\",\"name\":\"Pipette Pasteur en verre \u00e0 bout ferm\u00e9 (250 unit\u00e9s) OLAB\",\"isPartOf\":{\"@id\":\"https:\\\/\\\/store.microbiotech.dz\\\/#website\"},\"primaryImageOfPage\":{\"@id\":\"https:\\\/\\\/store.microbiotech.dz\\\/index.php\\\/produit\\\/pipette-pasteur-en-verre-a-bout-ferme-250-unites-olab\\\/#primaryimage\"},\"image\":{\"@id\":\"https:\\\/\\\/store.microbiotech.dz\\\/index.php\\\/produit\\\/pipette-pasteur-en-verre-a-bout-ferme-250-unites-olab\\\/#primaryimage\"},\"thumbnailUrl\":\"https:\\\/\\\/store.microbiotech.dz\\\/wp-content\\\/uploads\\\/2023\\\/03\\\/Pipette-Pasteur-en-verre-230mm-a-bout-ferme-250-unites-600x.png\",\"datePublished\":\"2025-11-17T19:51:59+00:00\",\"dateModified\":\"2025-12-21T11:47:53+00:00\",\"description\":\"La Pipette Pasteur en verre sodocalcique \u00e0 bout ferm\u00e9 (250 unit\u00e9s) OLAB est de tr\u00e8s bonne qualit\u00e9 et \u00e0 bon prix chez Microbiotech.dz\",\"breadcrumb\":{\"@id\":\"https:\\\/\\\/store.microbiotech.dz\\\/index.php\\\/produit\\\/pipette-pasteur-en-verre-a-bout-ferme-250-unites-olab\\\/#breadcrumb\"},\"inLanguage\":\"fr-FR\",\"potentialAction\":[{\"@type\":\"ReadAction\",\"target\":[\"https:\\\/\\\/store.microbiotech.dz\\\/index.php\\\/produit\\\/pipette-pasteur-en-verre-a-bout-ferme-250-unites-olab\\\/\"]}]},{\"@type\":\"ImageObject\",\"inLanguage\":\"fr-FR\",\"@id\":\"https:\\\/\\\/store.microbiotech.dz\\\/index.php\\\/produit\\\/pipette-pasteur-en-verre-a-bout-ferme-250-unites-olab\\\/#primaryimage\",\"url\":\"https:\\\/\\\/store.microbiotech.dz\\\/wp-content\\\/uploads\\\/2023\\\/03\\\/Pipette-Pasteur-en-verre-230mm-a-bout-ferme-250-unites-600x.png\",\"contentUrl\":\"https:\\\/\\\/store.microbiotech.dz\\\/wp-content\\\/uploads\\\/2023\\\/03\\\/Pipette-Pasteur-en-verre-230mm-a-bout-ferme-250-unites-600x.png\",\"width\":600,\"height\":600,\"caption\":\"Pipette Pasteur en verre 230mm \u00e0 bout ferm\u00e9 (250 unit\u00e9s) OLAB\"},{\"@type\":\"BreadcrumbList\",\"@id\":\"https:\\\/\\\/store.microbiotech.dz\\\/index.php\\\/produit\\\/pipette-pasteur-en-verre-a-bout-ferme-250-unites-olab\\\/#breadcrumb\",\"itemListElement\":[{\"@type\":\"ListItem\",\"position\":1,\"name\":\"Accueil\",\"item\":\"https:\\\/\\\/store.microbiotech.dz\\\/\"},{\"@type\":\"ListItem\",\"position\":2,\"name\":\"Nos Produits\",\"item\":\"https:\\\/\\\/store.microbiotech.dz\\\/index.php\\\/nos-produits\\\/\"},{\"@type\":\"ListItem\",\"position\":3,\"name\":\"Pipette Pasteur en verre \u00e0 bout ferm\u00e9 (250 unit\u00e9s) OLAB\"}]},{\"@type\":\"WebSite\",\"@id\":\"https:\\\/\\\/store.microbiotech.dz\\\/#website\",\"url\":\"https:\\\/\\\/store.microbiotech.dz\\\/\",\"name\":\"La Boutique en ligne\",\"description\":\"Qualit\u00e9 - Rapidit\u00e9 - Tranquillit\u00e9\",\"publisher\":{\"@id\":\"https:\\\/\\\/store.microbiotech.dz\\\/#organization\"},\"potentialAction\":[{\"@type\":\"SearchAction\",\"target\":{\"@type\":\"EntryPoint\",\"urlTemplate\":\"https:\\\/\\\/store.microbiotech.dz\\\/?s={search_term_string}\"},\"query-input\":{\"@type\":\"PropertyValueSpecification\",\"valueRequired\":true,\"valueName\":\"search_term_string\"}}],\"inLanguage\":\"fr-FR\"},{\"@type\":\"Organization\",\"@id\":\"https:\\\/\\\/store.microbiotech.dz\\\/#organization\",\"name\":\"Microbiotech EURL\",\"url\":\"https:\\\/\\\/store.microbiotech.dz\\\/\",\"logo\":{\"@type\":\"ImageObject\",\"inLanguage\":\"fr-FR\",\"@id\":\"https:\\\/\\\/store.microbiotech.dz\\\/#\\\/schema\\\/logo\\\/image\\\/\",\"url\":\"https:\\\/\\\/store.microbiotech.dz\\\/wp-content\\\/uploads\\\/2021\\\/09\\\/cropped-logo-microbiotech-2.jpg\",\"contentUrl\":\"https:\\\/\\\/store.microbiotech.dz\\\/wp-content\\\/uploads\\\/2021\\\/09\\\/cropped-logo-microbiotech-2.jpg\",\"width\":815,\"height\":586,\"caption\":\"Microbiotech EURL\"},\"image\":{\"@id\":\"https:\\\/\\\/store.microbiotech.dz\\\/#\\\/schema\\\/logo\\\/image\\\/\"},\"sameAs\":[\"https:\\\/\\\/www.facebook.com\\\/MicroBiotech.dz\",\"https:\\\/\\\/x.com\\\/MicrobiotechD\",\"https:\\\/\\\/www.linkedin.com\\\/in\\\/microbiotech\\\/\",\"https:\\\/\\\/www.youtube.com\\\/channel\\\/UCTxc3VIiX7LXD2LQYfZEcDg\"]}]}<\/script>\n<!-- \/ Yoast SEO plugin. -->","yoast_head_json":{"title":"Pipette Pasteur en verre \u00e0 bout ferm\u00e9 (250 unit\u00e9s) OLAB","description":"La Pipette Pasteur en verre sodocalcique \u00e0 bout ferm\u00e9 (250 unit\u00e9s) OLAB est de tr\u00e8s bonne qualit\u00e9 et \u00e0 bon prix chez Microbiotech.dz","robots":{"index":"index","follow":"follow","max-snippet":"max-snippet:-1","max-image-preview":"max-image-preview:large","max-video-preview":"max-video-preview:-1"},"canonical":"https:\/\/store.microbiotech.dz\/index.php\/produit\/pipette-pasteur-en-verre-a-bout-ferme-250-unites-olab\/","og_locale":"fr_FR","og_type":"article","og_title":"Pipette Pasteur en verre \u00e0 bout ferm\u00e9 (250 unit\u00e9s) OLAB","og_description":"La Pipette Pasteur en verre sodocalcique \u00e0 bout ferm\u00e9 (250 unit\u00e9s) OLAB est de tr\u00e8s bonne qualit\u00e9 et \u00e0 bon prix chez Microbiotech.dz","og_url":"https:\/\/store.microbiotech.dz\/index.php\/produit\/pipette-pasteur-en-verre-a-bout-ferme-250-unites-olab\/","og_site_name":"La Boutique en ligne","article_publisher":"https:\/\/www.facebook.com\/MicroBiotech.dz","article_modified_time":"2025-12-21T11:47:53+00:00","og_image":[{"width":600,"height":600,"url":"https:\/\/store.microbiotech.dz\/wp-content\/uploads\/2023\/03\/Pipette-Pasteur-en-verre-230mm-a-bout-ferme-250-unites-600x.png","type":"image\/png"}],"twitter_card":"summary_large_image","twitter_site":"@MicrobiotechD","twitter_misc":{"Dur\u00e9e de lecture estim\u00e9e":"1 minute"},"schema":{"@context":"https:\/\/schema.org","@graph":[{"@type":"WebPage","@id":"https:\/\/store.microbiotech.dz\/index.php\/produit\/pipette-pasteur-en-verre-a-bout-ferme-250-unites-olab\/","url":"https:\/\/store.microbiotech.dz\/index.php\/produit\/pipette-pasteur-en-verre-a-bout-ferme-250-unites-olab\/","name":"Pipette Pasteur en verre \u00e0 bout ferm\u00e9 (250 unit\u00e9s) OLAB","isPartOf":{"@id":"https:\/\/store.microbiotech.dz\/#website"},"primaryImageOfPage":{"@id":"https:\/\/store.microbiotech.dz\/index.php\/produit\/pipette-pasteur-en-verre-a-bout-ferme-250-unites-olab\/#primaryimage"},"image":{"@id":"https:\/\/store.microbiotech.dz\/index.php\/produit\/pipette-pasteur-en-verre-a-bout-ferme-250-unites-olab\/#primaryimage"},"thumbnailUrl":"https:\/\/store.microbiotech.dz\/wp-content\/uploads\/2023\/03\/Pipette-Pasteur-en-verre-230mm-a-bout-ferme-250-unites-600x.png","datePublished":"2025-11-17T19:51:59+00:00","dateModified":"2025-12-21T11:47:53+00:00","description":"La Pipette Pasteur en verre sodocalcique \u00e0 bout ferm\u00e9 (250 unit\u00e9s) OLAB est de tr\u00e8s bonne qualit\u00e9 et \u00e0 bon prix chez Microbiotech.dz","breadcrumb":{"@id":"https:\/\/store.microbiotech.dz\/index.php\/produit\/pipette-pasteur-en-verre-a-bout-ferme-250-unites-olab\/#breadcrumb"},"inLanguage":"fr-FR","potentialAction":[{"@type":"ReadAction","target":["https:\/\/store.microbiotech.dz\/index.php\/produit\/pipette-pasteur-en-verre-a-bout-ferme-250-unites-olab\/"]}]},{"@type":"ImageObject","inLanguage":"fr-FR","@id":"https:\/\/store.microbiotech.dz\/index.php\/produit\/pipette-pasteur-en-verre-a-bout-ferme-250-unites-olab\/#primaryimage","url":"https:\/\/store.microbiotech.dz\/wp-content\/uploads\/2023\/03\/Pipette-Pasteur-en-verre-230mm-a-bout-ferme-250-unites-600x.png","contentUrl":"https:\/\/store.microbiotech.dz\/wp-content\/uploads\/2023\/03\/Pipette-Pasteur-en-verre-230mm-a-bout-ferme-250-unites-600x.png","width":600,"height":600,"caption":"Pipette Pasteur en verre 230mm \u00e0 bout ferm\u00e9 (250 unit\u00e9s) OLAB"},{"@type":"BreadcrumbList","@id":"https:\/\/store.microbiotech.dz\/index.php\/produit\/pipette-pasteur-en-verre-a-bout-ferme-250-unites-olab\/#breadcrumb","itemListElement":[{"@type":"ListItem","position":1,"name":"Accueil","item":"https:\/\/store.microbiotech.dz\/"},{"@type":"ListItem","position":2,"name":"Nos Produits","item":"https:\/\/store.microbiotech.dz\/index.php\/nos-produits\/"},{"@type":"ListItem","position":3,"name":"Pipette Pasteur en verre \u00e0 bout ferm\u00e9 (250 unit\u00e9s) OLAB"}]},{"@type":"WebSite","@id":"https:\/\/store.microbiotech.dz\/#website","url":"https:\/\/store.microbiotech.dz\/","name":"La Boutique en ligne","description":"Qualit\u00e9 - Rapidit\u00e9 - Tranquillit\u00e9","publisher":{"@id":"https:\/\/store.microbiotech.dz\/#organization"},"potentialAction":[{"@type":"SearchAction","target":{"@type":"EntryPoint","urlTemplate":"https:\/\/store.microbiotech.dz\/?s={search_term_string}"},"query-input":{"@type":"PropertyValueSpecification","valueRequired":true,"valueName":"search_term_string"}}],"inLanguage":"fr-FR"},{"@type":"Organization","@id":"https:\/\/store.microbiotech.dz\/#organization","name":"Microbiotech EURL","url":"https:\/\/store.microbiotech.dz\/","logo":{"@type":"ImageObject","inLanguage":"fr-FR","@id":"https:\/\/store.microbiotech.dz\/#\/schema\/logo\/image\/","url":"https:\/\/store.microbiotech.dz\/wp-content\/uploads\/2021\/09\/cropped-logo-microbiotech-2.jpg","contentUrl":"https:\/\/store.microbiotech.dz\/wp-content\/uploads\/2021\/09\/cropped-logo-microbiotech-2.jpg","width":815,"height":586,"caption":"Microbiotech EURL"},"image":{"@id":"https:\/\/store.microbiotech.dz\/#\/schema\/logo\/image\/"},"sameAs":["https:\/\/www.facebook.com\/MicroBiotech.dz","https:\/\/x.com\/MicrobiotechD","https:\/\/www.linkedin.com\/in\/microbiotech\/","https:\/\/www.youtube.com\/channel\/UCTxc3VIiX7LXD2LQYfZEcDg"]}]}},"jetpack_sharing_enabled":true,"_links":{"self":[{"href":"https:\/\/store.microbiotech.dz\/index.php\/wp-json\/wp\/v2\/product\/17777","targetHints":{"allow":["GET"]}}],"collection":[{"href":"https:\/\/store.microbiotech.dz\/index.php\/wp-json\/wp\/v2\/product"}],"about":[{"href":"https:\/\/store.microbiotech.dz\/index.php\/wp-json\/wp\/v2\/types\/product"}],"replies":[{"embeddable":true,"href":"https:\/\/store.microbiotech.dz\/index.php\/wp-json\/wp\/v2\/comments?post=17777"}],"wp:featuredmedia":[{"embeddable":true,"href":"https:\/\/store.microbiotech.dz\/index.php\/wp-json\/wp\/v2\/media\/3141"}],"wp:attachment":[{"href":"https:\/\/store.microbiotech.dz\/index.php\/wp-json\/wp\/v2\/media?parent=17777"}],"wp:term":[{"taxonomy":"product_brand","embeddable":true,"href":"https:\/\/store.microbiotech.dz\/index.php\/wp-json\/wp\/v2\/product_brand?post=17777"},{"taxonomy":"product_cat","embeddable":true,"href":"https:\/\/store.microbiotech.dz\/index.php\/wp-json\/wp\/v2\/product_cat?post=17777"},{"taxonomy":"product_tag","embeddable":true,"href":"https:\/\/store.microbiotech.dz\/index.php\/wp-json\/wp\/v2\/product_tag?post=17777"}],"curies":[{"name":"wp","href":"https:\/\/api.w.org\/{rel}","templated":true}]}}