{"id":17578,"date":"2025-11-10T19:34:11","date_gmt":"2025-11-10T18:34:11","guid":{"rendered":"https:\/\/store.microbiotech.dz\/?post_type=product&#038;p=17578"},"modified":"2025-11-10T19:54:47","modified_gmt":"2025-11-10T18:54:47","slug":"hotte-a-flux-laminaire-faithful","status":"publish","type":"product","link":"https:\/\/store.microbiotech.dz\/index.php\/produit\/hotte-a-flux-laminaire-faithful\/","title":{"rendered":"Hotte \u00e0 flux laminaire FAITHFUL"},"content":{"rendered":"<p>La <a href=\"https:\/\/store.microbiotech.dz\/?s=hotte\" target=\"_blank\" rel=\"noopener\">Hotte<\/a> \u00e0 flux laminaire <a href=\"https:\/\/www.faithful.cc\/\" target=\"_blank\" rel=\"noopener\">FAITHFUL<\/a> offre un environnement de travail propre et s\u00fbr pour les applications de laboratoire exigeant une haute pr\u00e9cision. Sa conception verticale avec surface de table en acier inoxydable quasi-ferm\u00e9e emp\u00eache efficacement la p\u00e9n\u00e9tration de l\u2019air ext\u00e9rieur dans la zone de travail. \u00c9quip\u00e9e d\u2019un ventilateur centrifuge \u00e0 vitesse stable et \u00e0 faible bruit, elle permet un contr\u00f4le pr\u00e9cis du d\u00e9bit d\u2019air gr\u00e2ce \u00e0 un syst\u00e8me tactile \u00e0 cinq niveaux (de 0,2 \u00e0 0,6 m\/s). Son filtre \u00e0 air haute qualit\u00e9 garantit une purification optimale. L\u2019\u00e9cran LCD de La <a href=\"https:\/\/store.microbiotech.dz\/?s=hotte\" target=\"_blank\" rel=\"noopener\">Hotte<\/a> \u00e0 flux laminaire FAITHFUL int\u00e8gre un minuteur de st\u00e9rilisation, une prise de courant contr\u00f4lable, un affichage de l\u2019\u00e9tat de la vitre frontale, un compteur d\u2019heures de fonctionnement et une t\u00e9l\u00e9commande. Enfin, pour plus de s\u00e9curit\u00e9, la lampe UV s\u2019\u00e9teint automatiquement \u00e0 l\u2019ouverture de la vitre en verre.<\/p>\n","protected":false},"excerpt":{"rendered":"<p>&nbsp;<\/p>\n<p>Marque :\u00a0<strong>Faithful <img loading=\"lazy\" decoding=\"async\" class=\"alignnone wp-image-1795\" src=\"https:\/\/store.microbiotech.dz\/wp-content\/uploads\/2022\/04\/China-Flag.png\" sizes=\"auto, (max-width: 45px) 100vw, 45px\" srcset=\"https:\/\/store.microbiotech.dz\/wp-content\/uploads\/2022\/04\/China-Flag.png 224w, https:\/\/store.microbiotech.dz\/wp-content\/uploads\/2022\/04\/China-Flag-150x150.png 150w, https:\/\/store.microbiotech.dz\/wp-content\/uploads\/2022\/04\/China-Flag-100x100.png 100w\" alt=\"\" width=\"45\" height=\"45\" \/><\/strong><br \/>\nPoste de travail applicable\u00a0: <strong>un op\u00e9rateur, deux c\u00f4t\u00e9s<\/strong><br \/>\nDirection du flux d&rsquo;air\u00a0: <strong>verticale<\/strong><br \/>\nNiveau sonore : <strong>&lt;=62db<\/strong><br \/>\nChambre int\u00e9rieure\u00a0: <strong>Plaque en acier inoxydable SUS304<\/strong><br \/>\nCoque ext\u00e9rieure\u00a0: <strong>Acier lamin\u00e9 \u00e0 froid avec rev\u00eatement \u00e9lectrostatique<\/strong><br \/>\nIntensit\u00e9 d&rsquo;\u00e9clairage : <strong>&gt;=500 lx<\/strong><br \/>\nT\u00e9l\u00e9chargement : <a href=\"https:\/\/store.microbiotech.dz\/wp-content\/uploads\/2025\/11\/CJ-DII-laminar-flow-cabinet.pdf\">Fiche technique<\/a><\/p>\n","protected":false},"featured_media":17579,"comment_status":"open","ping_status":"closed","template":"","meta":{"site-sidebar-layout":"default","site-content-layout":"default","ast-site-content-layout":"default","site-content-style":"default","site-sidebar-style":"default","ast-global-header-display":"","ast-banner-title-visibility":"","ast-main-header-display":"","ast-hfb-above-header-display":"","ast-hfb-below-header-display":"","ast-hfb-mobile-header-display":"","site-post-title":"","ast-breadcrumbs-content":"","ast-featured-img":"","footer-sml-layout":"","ast-disable-related-posts":"","theme-transparent-header-meta":"default","adv-header-id-meta":"","stick-header-meta":"","header-above-stick-meta":"","header-main-stick-meta":"","header-below-stick-meta":"","astra-migrate-meta-layouts":"set","ast-page-background-enabled":"default","ast-page-background-meta":{"desktop":{"background-color":"var(--ast-global-color-4)","background-image":"","background-repeat":"repeat","background-position":"center center","background-size":"auto","background-attachment":"scroll","background-type":"","background-media":"","overlay-type":"","overlay-color":"","overlay-opacity":"","overlay-gradient":""},"tablet":{"background-color":"","background-image":"","background-repeat":"repeat","background-position":"center center","background-size":"auto","background-attachment":"scroll","background-type":"","background-media":"","overlay-type":"","overlay-color":"","overlay-opacity":"","overlay-gradient":""},"mobile":{"background-color":"","background-image":"","background-repeat":"repeat","background-position":"center center","background-size":"auto","background-attachment":"scroll","background-type":"","background-media":"","overlay-type":"","overlay-color":"","overlay-opacity":"","overlay-gradient":""}},"ast-content-background-meta":{"desktop":{"background-color":"var(--ast-global-color-5)","background-image":"","background-repeat":"repeat","background-position":"center center","background-size":"auto","background-attachment":"scroll","background-type":"","background-media":"","overlay-type":"","overlay-color":"","overlay-opacity":"","overlay-gradient":""},"tablet":{"background-color":"var(--ast-global-color-5)","background-image":"","background-repeat":"repeat","background-position":"center center","background-size":"auto","background-attachment":"scroll","background-type":"","background-media":"","overlay-type":"","overlay-color":"","overlay-opacity":"","overlay-gradient":""},"mobile":{"background-color":"var(--ast-global-color-5)","background-image":"","background-repeat":"repeat","background-position":"center center","background-size":"auto","background-attachment":"scroll","background-type":"","background-media":"","overlay-type":"","overlay-color":"","overlay-opacity":"","overlay-gradient":""}},"jetpack_post_was_ever_published":false},"product_brand":[],"product_cat":[238,2135],"product_tag":[930,997,954,953],"class_list":{"0":"post-17578","1":"product","2":"type-product","3":"status-publish","4":"has-post-thumbnail","6":"product_cat-equipements","7":"product_cat-mobilier-de-labo","8":"product_tag-f90","9":"product_tag-faithful","10":"product_tag-hotte-a-flux-laminaire","11":"product_tag-hottes","12":"product_shipping_class-temperature-ambiante","13":"desktop-align-center","14":"tablet-align-left","15":"mobile-align-left","17":"first","18":"onbackorder","19":"taxable","20":"shipping-taxable","21":"purchasable","22":"product-type-simple"},"yoast_head":"<!-- This site is optimized with the Yoast SEO plugin v27.5 - https:\/\/yoast.com\/product\/yoast-seo-wordpress\/ -->\n<title>Hotte \u00e0 flux laminaire FAITHFUL - La Boutique en ligne<\/title>\n<meta name=\"description\" content=\"Microbiotech vous propose la Hotte \u00e0 flux laminaire FAITHFUL pour travailler dans un environnement aseptique au meilleur prix.\" \/>\n<meta name=\"robots\" content=\"index, follow, max-snippet:-1, max-image-preview:large, max-video-preview:-1\" \/>\n<link rel=\"canonical\" href=\"https:\/\/store.microbiotech.dz\/index.php\/produit\/hotte-a-flux-laminaire-faithful\/\" \/>\n<meta property=\"og:locale\" content=\"fr_FR\" \/>\n<meta property=\"og:type\" content=\"article\" \/>\n<meta property=\"og:title\" content=\"Hotte \u00e0 flux laminaire FAITHFUL - La Boutique en ligne\" \/>\n<meta property=\"og:description\" content=\"Microbiotech vous propose la Hotte \u00e0 flux laminaire FAITHFUL pour travailler dans un environnement aseptique au meilleur prix.\" \/>\n<meta property=\"og:url\" content=\"https:\/\/store.microbiotech.dz\/index.php\/produit\/hotte-a-flux-laminaire-faithful\/\" \/>\n<meta property=\"og:site_name\" content=\"La Boutique en ligne\" \/>\n<meta property=\"article:publisher\" content=\"https:\/\/www.facebook.com\/MicroBiotech.dz\" \/>\n<meta property=\"article:modified_time\" content=\"2025-11-10T18:54:47+00:00\" \/>\n<meta property=\"og:image\" content=\"https:\/\/store.microbiotech.dz\/wp-content\/uploads\/2025\/11\/Untitled-design-3-1-1.webp\" \/>\n\t<meta property=\"og:image:width\" content=\"600\" \/>\n\t<meta property=\"og:image:height\" content=\"600\" \/>\n\t<meta property=\"og:image:type\" content=\"image\/webp\" \/>\n<meta name=\"twitter:card\" content=\"summary_large_image\" \/>\n<meta name=\"twitter:site\" content=\"@MicrobiotechD\" \/>\n<meta name=\"twitter:label1\" content=\"Dur\u00e9e de lecture estim\u00e9e\" \/>\n\t<meta name=\"twitter:data1\" content=\"1 minute\" \/>\n<script type=\"application\/ld+json\" class=\"yoast-schema-graph\">{\"@context\":\"https:\\\/\\\/schema.org\",\"@graph\":[{\"@type\":\"WebPage\",\"@id\":\"https:\\\/\\\/store.microbiotech.dz\\\/index.php\\\/produit\\\/hotte-a-flux-laminaire-faithful\\\/\",\"url\":\"https:\\\/\\\/store.microbiotech.dz\\\/index.php\\\/produit\\\/hotte-a-flux-laminaire-faithful\\\/\",\"name\":\"Hotte \u00e0 flux laminaire FAITHFUL - La Boutique en ligne\",\"isPartOf\":{\"@id\":\"https:\\\/\\\/store.microbiotech.dz\\\/#website\"},\"primaryImageOfPage\":{\"@id\":\"https:\\\/\\\/store.microbiotech.dz\\\/index.php\\\/produit\\\/hotte-a-flux-laminaire-faithful\\\/#primaryimage\"},\"image\":{\"@id\":\"https:\\\/\\\/store.microbiotech.dz\\\/index.php\\\/produit\\\/hotte-a-flux-laminaire-faithful\\\/#primaryimage\"},\"thumbnailUrl\":\"https:\\\/\\\/store.microbiotech.dz\\\/wp-content\\\/uploads\\\/2025\\\/11\\\/Untitled-design-3-1-1.webp\",\"datePublished\":\"2025-11-10T18:34:11+00:00\",\"dateModified\":\"2025-11-10T18:54:47+00:00\",\"description\":\"Microbiotech vous propose la Hotte \u00e0 flux laminaire FAITHFUL pour travailler dans un environnement aseptique au meilleur prix.\",\"breadcrumb\":{\"@id\":\"https:\\\/\\\/store.microbiotech.dz\\\/index.php\\\/produit\\\/hotte-a-flux-laminaire-faithful\\\/#breadcrumb\"},\"inLanguage\":\"fr-FR\",\"potentialAction\":[{\"@type\":\"ReadAction\",\"target\":[\"https:\\\/\\\/store.microbiotech.dz\\\/index.php\\\/produit\\\/hotte-a-flux-laminaire-faithful\\\/\"]}]},{\"@type\":\"ImageObject\",\"inLanguage\":\"fr-FR\",\"@id\":\"https:\\\/\\\/store.microbiotech.dz\\\/index.php\\\/produit\\\/hotte-a-flux-laminaire-faithful\\\/#primaryimage\",\"url\":\"https:\\\/\\\/store.microbiotech.dz\\\/wp-content\\\/uploads\\\/2025\\\/11\\\/Untitled-design-3-1-1.webp\",\"contentUrl\":\"https:\\\/\\\/store.microbiotech.dz\\\/wp-content\\\/uploads\\\/2025\\\/11\\\/Untitled-design-3-1-1.webp\",\"width\":600,\"height\":600,\"caption\":\"Hotte \u00e0 flux laminaire FAITHFUL\"},{\"@type\":\"BreadcrumbList\",\"@id\":\"https:\\\/\\\/store.microbiotech.dz\\\/index.php\\\/produit\\\/hotte-a-flux-laminaire-faithful\\\/#breadcrumb\",\"itemListElement\":[{\"@type\":\"ListItem\",\"position\":1,\"name\":\"Accueil\",\"item\":\"https:\\\/\\\/store.microbiotech.dz\\\/\"},{\"@type\":\"ListItem\",\"position\":2,\"name\":\"Nos Produits\",\"item\":\"https:\\\/\\\/store.microbiotech.dz\\\/index.php\\\/nos-produits\\\/\"},{\"@type\":\"ListItem\",\"position\":3,\"name\":\"Hotte \u00e0 flux laminaire FAITHFUL\"}]},{\"@type\":\"WebSite\",\"@id\":\"https:\\\/\\\/store.microbiotech.dz\\\/#website\",\"url\":\"https:\\\/\\\/store.microbiotech.dz\\\/\",\"name\":\"La Boutique en ligne\",\"description\":\"Qualit\u00e9 - Rapidit\u00e9 - Tranquillit\u00e9\",\"publisher\":{\"@id\":\"https:\\\/\\\/store.microbiotech.dz\\\/#organization\"},\"potentialAction\":[{\"@type\":\"SearchAction\",\"target\":{\"@type\":\"EntryPoint\",\"urlTemplate\":\"https:\\\/\\\/store.microbiotech.dz\\\/?s={search_term_string}\"},\"query-input\":{\"@type\":\"PropertyValueSpecification\",\"valueRequired\":true,\"valueName\":\"search_term_string\"}}],\"inLanguage\":\"fr-FR\"},{\"@type\":\"Organization\",\"@id\":\"https:\\\/\\\/store.microbiotech.dz\\\/#organization\",\"name\":\"Microbiotech EURL\",\"url\":\"https:\\\/\\\/store.microbiotech.dz\\\/\",\"logo\":{\"@type\":\"ImageObject\",\"inLanguage\":\"fr-FR\",\"@id\":\"https:\\\/\\\/store.microbiotech.dz\\\/#\\\/schema\\\/logo\\\/image\\\/\",\"url\":\"https:\\\/\\\/store.microbiotech.dz\\\/wp-content\\\/uploads\\\/2021\\\/09\\\/cropped-logo-microbiotech-2.jpg\",\"contentUrl\":\"https:\\\/\\\/store.microbiotech.dz\\\/wp-content\\\/uploads\\\/2021\\\/09\\\/cropped-logo-microbiotech-2.jpg\",\"width\":815,\"height\":586,\"caption\":\"Microbiotech EURL\"},\"image\":{\"@id\":\"https:\\\/\\\/store.microbiotech.dz\\\/#\\\/schema\\\/logo\\\/image\\\/\"},\"sameAs\":[\"https:\\\/\\\/www.facebook.com\\\/MicroBiotech.dz\",\"https:\\\/\\\/x.com\\\/MicrobiotechD\",\"https:\\\/\\\/www.linkedin.com\\\/in\\\/microbiotech\\\/\",\"https:\\\/\\\/www.youtube.com\\\/channel\\\/UCTxc3VIiX7LXD2LQYfZEcDg\"]}]}<\/script>\n<!-- \/ Yoast SEO plugin. -->","yoast_head_json":{"title":"Hotte \u00e0 flux laminaire FAITHFUL - La Boutique en ligne","description":"Microbiotech vous propose la Hotte \u00e0 flux laminaire FAITHFUL pour travailler dans un environnement aseptique au meilleur prix.","robots":{"index":"index","follow":"follow","max-snippet":"max-snippet:-1","max-image-preview":"max-image-preview:large","max-video-preview":"max-video-preview:-1"},"canonical":"https:\/\/store.microbiotech.dz\/index.php\/produit\/hotte-a-flux-laminaire-faithful\/","og_locale":"fr_FR","og_type":"article","og_title":"Hotte \u00e0 flux laminaire FAITHFUL - La Boutique en ligne","og_description":"Microbiotech vous propose la Hotte \u00e0 flux laminaire FAITHFUL pour travailler dans un environnement aseptique au meilleur prix.","og_url":"https:\/\/store.microbiotech.dz\/index.php\/produit\/hotte-a-flux-laminaire-faithful\/","og_site_name":"La Boutique en ligne","article_publisher":"https:\/\/www.facebook.com\/MicroBiotech.dz","article_modified_time":"2025-11-10T18:54:47+00:00","og_image":[{"width":600,"height":600,"url":"https:\/\/store.microbiotech.dz\/wp-content\/uploads\/2025\/11\/Untitled-design-3-1-1.webp","type":"image\/webp"}],"twitter_card":"summary_large_image","twitter_site":"@MicrobiotechD","twitter_misc":{"Dur\u00e9e de lecture estim\u00e9e":"1 minute"},"schema":{"@context":"https:\/\/schema.org","@graph":[{"@type":"WebPage","@id":"https:\/\/store.microbiotech.dz\/index.php\/produit\/hotte-a-flux-laminaire-faithful\/","url":"https:\/\/store.microbiotech.dz\/index.php\/produit\/hotte-a-flux-laminaire-faithful\/","name":"Hotte \u00e0 flux laminaire FAITHFUL - La Boutique en ligne","isPartOf":{"@id":"https:\/\/store.microbiotech.dz\/#website"},"primaryImageOfPage":{"@id":"https:\/\/store.microbiotech.dz\/index.php\/produit\/hotte-a-flux-laminaire-faithful\/#primaryimage"},"image":{"@id":"https:\/\/store.microbiotech.dz\/index.php\/produit\/hotte-a-flux-laminaire-faithful\/#primaryimage"},"thumbnailUrl":"https:\/\/store.microbiotech.dz\/wp-content\/uploads\/2025\/11\/Untitled-design-3-1-1.webp","datePublished":"2025-11-10T18:34:11+00:00","dateModified":"2025-11-10T18:54:47+00:00","description":"Microbiotech vous propose la Hotte \u00e0 flux laminaire FAITHFUL pour travailler dans un environnement aseptique au meilleur prix.","breadcrumb":{"@id":"https:\/\/store.microbiotech.dz\/index.php\/produit\/hotte-a-flux-laminaire-faithful\/#breadcrumb"},"inLanguage":"fr-FR","potentialAction":[{"@type":"ReadAction","target":["https:\/\/store.microbiotech.dz\/index.php\/produit\/hotte-a-flux-laminaire-faithful\/"]}]},{"@type":"ImageObject","inLanguage":"fr-FR","@id":"https:\/\/store.microbiotech.dz\/index.php\/produit\/hotte-a-flux-laminaire-faithful\/#primaryimage","url":"https:\/\/store.microbiotech.dz\/wp-content\/uploads\/2025\/11\/Untitled-design-3-1-1.webp","contentUrl":"https:\/\/store.microbiotech.dz\/wp-content\/uploads\/2025\/11\/Untitled-design-3-1-1.webp","width":600,"height":600,"caption":"Hotte \u00e0 flux laminaire FAITHFUL"},{"@type":"BreadcrumbList","@id":"https:\/\/store.microbiotech.dz\/index.php\/produit\/hotte-a-flux-laminaire-faithful\/#breadcrumb","itemListElement":[{"@type":"ListItem","position":1,"name":"Accueil","item":"https:\/\/store.microbiotech.dz\/"},{"@type":"ListItem","position":2,"name":"Nos Produits","item":"https:\/\/store.microbiotech.dz\/index.php\/nos-produits\/"},{"@type":"ListItem","position":3,"name":"Hotte \u00e0 flux laminaire FAITHFUL"}]},{"@type":"WebSite","@id":"https:\/\/store.microbiotech.dz\/#website","url":"https:\/\/store.microbiotech.dz\/","name":"La Boutique en ligne","description":"Qualit\u00e9 - Rapidit\u00e9 - Tranquillit\u00e9","publisher":{"@id":"https:\/\/store.microbiotech.dz\/#organization"},"potentialAction":[{"@type":"SearchAction","target":{"@type":"EntryPoint","urlTemplate":"https:\/\/store.microbiotech.dz\/?s={search_term_string}"},"query-input":{"@type":"PropertyValueSpecification","valueRequired":true,"valueName":"search_term_string"}}],"inLanguage":"fr-FR"},{"@type":"Organization","@id":"https:\/\/store.microbiotech.dz\/#organization","name":"Microbiotech EURL","url":"https:\/\/store.microbiotech.dz\/","logo":{"@type":"ImageObject","inLanguage":"fr-FR","@id":"https:\/\/store.microbiotech.dz\/#\/schema\/logo\/image\/","url":"https:\/\/store.microbiotech.dz\/wp-content\/uploads\/2021\/09\/cropped-logo-microbiotech-2.jpg","contentUrl":"https:\/\/store.microbiotech.dz\/wp-content\/uploads\/2021\/09\/cropped-logo-microbiotech-2.jpg","width":815,"height":586,"caption":"Microbiotech EURL"},"image":{"@id":"https:\/\/store.microbiotech.dz\/#\/schema\/logo\/image\/"},"sameAs":["https:\/\/www.facebook.com\/MicroBiotech.dz","https:\/\/x.com\/MicrobiotechD","https:\/\/www.linkedin.com\/in\/microbiotech\/","https:\/\/www.youtube.com\/channel\/UCTxc3VIiX7LXD2LQYfZEcDg"]}]}},"jetpack_sharing_enabled":true,"_links":{"self":[{"href":"https:\/\/store.microbiotech.dz\/index.php\/wp-json\/wp\/v2\/product\/17578","targetHints":{"allow":["GET"]}}],"collection":[{"href":"https:\/\/store.microbiotech.dz\/index.php\/wp-json\/wp\/v2\/product"}],"about":[{"href":"https:\/\/store.microbiotech.dz\/index.php\/wp-json\/wp\/v2\/types\/product"}],"replies":[{"embeddable":true,"href":"https:\/\/store.microbiotech.dz\/index.php\/wp-json\/wp\/v2\/comments?post=17578"}],"wp:featuredmedia":[{"embeddable":true,"href":"https:\/\/store.microbiotech.dz\/index.php\/wp-json\/wp\/v2\/media\/17579"}],"wp:attachment":[{"href":"https:\/\/store.microbiotech.dz\/index.php\/wp-json\/wp\/v2\/media?parent=17578"}],"wp:term":[{"taxonomy":"product_brand","embeddable":true,"href":"https:\/\/store.microbiotech.dz\/index.php\/wp-json\/wp\/v2\/product_brand?post=17578"},{"taxonomy":"product_cat","embeddable":true,"href":"https:\/\/store.microbiotech.dz\/index.php\/wp-json\/wp\/v2\/product_cat?post=17578"},{"taxonomy":"product_tag","embeddable":true,"href":"https:\/\/store.microbiotech.dz\/index.php\/wp-json\/wp\/v2\/product_tag?post=17578"}],"curies":[{"name":"wp","href":"https:\/\/api.w.org\/{rel}","templated":true}]}}