{"id":1747,"date":"2022-04-13T16:19:49","date_gmt":"2022-04-13T15:19:49","guid":{"rendered":"https:\/\/store.microbiotech.dz\/?post_type=product&#038;p=1747"},"modified":"2026-01-14T11:53:27","modified_gmt":"2026-01-14T10:53:27","slug":"centrifugeuse-pour-8-butyrometres-funke-gerber","status":"publish","type":"product","link":"https:\/\/store.microbiotech.dz\/index.php\/produit\/centrifugeuse-pour-8-butyrometres-funke-gerber\/","title":{"rendered":"Centrifugeuse pour 8 Butyrom\u00e8tres FUNKE GERBER"},"content":{"rendered":"<p>La Centrifugeuse FUNKE GERBER Nova Safety est robuste et fiable, utilis\u00e9e pour la d\u00e9termination de lipides selon la m\u00e9thode de N. Gerber ou pour la d\u00e9termination de la solubilit\u00e9 du lait en poudre.<\/p>\n<div class=\"ast-oembed-container \" style=\"height: 100%;\"><iframe loading=\"lazy\" title=\"Total Fat Analysis in Milk using the Gerber Method\" width=\"500\" height=\"281\" src=\"https:\/\/www.youtube.com\/embed\/nWVZEr8p0yU?feature=oembed\" frameborder=\"0\" allow=\"accelerometer; autoplay; clipboard-write; encrypted-media; gyroscope; picture-in-picture; web-share\" referrerpolicy=\"strict-origin-when-cross-origin\" allowfullscreen><\/iframe><\/div>\n","protected":false},"excerpt":{"rendered":"<p>Marque: <strong>Funke Gerber<\/strong> <img loading=\"lazy\" decoding=\"async\" class=\"alignnone wp-image-1649\" src=\"https:\/\/store.microbiotech.dz\/wp-content\/uploads\/2022\/04\/51968274-le-drapeau-allemand-icone-matte-ronde-isole-sur-fond-blanc--300x300.webp\" alt=\"\" width=\"54\" height=\"54\" srcset=\"https:\/\/store.microbiotech.dz\/wp-content\/uploads\/2022\/04\/51968274-le-drapeau-allemand-icone-matte-ronde-isole-sur-fond-blanc--300x300.webp 300w, https:\/\/store.microbiotech.dz\/wp-content\/uploads\/2022\/04\/51968274-le-drapeau-allemand-icone-matte-ronde-isole-sur-fond-blanc--150x150.webp 150w, https:\/\/store.microbiotech.dz\/wp-content\/uploads\/2022\/04\/51968274-le-drapeau-allemand-icone-matte-ronde-isole-sur-fond-blanc--100x100.webp 100w, https:\/\/store.microbiotech.dz\/wp-content\/uploads\/2022\/04\/51968274-le-drapeau-allemand-icone-matte-ronde-isole-sur-fond-blanc-.webp 450w\" sizes=\"auto, (max-width: 54px) 100vw, 54px\" \/><\/p>\n<p>Pour le dosage des mati\u00e8res grasses dans les produits laitiers (butyrom\u00e8tres), elle est munie de chauffage ind\u00e9pendant commutable et Accepte jusqu&rsquo;\u00e0 8 butyrom\u00e8tres. Le verrouillage du couvercle est conforme \u00e0 la r\u00e9glementation en vigueur.<\/p>\n<div class=\"titreCaracteristiques\"><strong>Caract\u00e9ristiques :<\/strong><\/div>\n<ul>\n<li>Vitesse de rotation 1350 tours\/min pour obtenir 350 g \u00b1 50 g.<\/li>\n<li>Temps d&rsquo;acc\u00e9l\u00e9ration environ 20 secondes.<\/li>\n<li>Minuterie \u00e9lectronique : 1 \u00e0 99 min<\/li>\n<li>Chauffage de la cuve \u00e0 65\u00b0C<\/li>\n<li>Puissance : 450 W\/230 V<\/li>\n<li>Dimensions H x l x L : 230 x 380 x 470 mm<\/li>\n<li>Poids \u00e0 vide : 26 kg<\/li>\n<\/ul>\n<p><a href=\"https:\/\/www.grosseron.com\/Assets\/Client\/images\/GROSSERON\/Schema\/C038720.pdf\"><strong>Fiche Technique\u00a0 \u00a0 \u00a0 \u00a0 \u00a0 \u00a0 <\/strong><\/a><strong><img loading=\"lazy\" decoding=\"async\" class=\"alignnone wp-image-1753\" src=\"https:\/\/store.microbiotech.dz\/wp-content\/uploads\/2022\/04\/Funke-Gerber-1-300x212.jpg\" alt=\"\" width=\"74\" height=\"52\" srcset=\"https:\/\/store.microbiotech.dz\/wp-content\/uploads\/2022\/04\/Funke-Gerber-1-300x212.jpg 300w, https:\/\/store.microbiotech.dz\/wp-content\/uploads\/2022\/04\/Funke-Gerber-1-768x543.jpg 768w, https:\/\/store.microbiotech.dz\/wp-content\/uploads\/2022\/04\/Funke-Gerber-1-600x424.jpg 600w, https:\/\/store.microbiotech.dz\/wp-content\/uploads\/2022\/04\/Funke-Gerber-1.jpg 842w\" sizes=\"auto, (max-width: 74px) 100vw, 74px\" \/><\/strong><\/p>\n","protected":false},"featured_media":1750,"comment_status":"open","ping_status":"closed","template":"","meta":{"site-sidebar-layout":"default","site-content-layout":"default","ast-site-content-layout":"default","site-content-style":"default","site-sidebar-style":"default","ast-global-header-display":"","ast-banner-title-visibility":"","ast-main-header-display":"","ast-hfb-above-header-display":"","ast-hfb-below-header-display":"","ast-hfb-mobile-header-display":"","site-post-title":"","ast-breadcrumbs-content":"","ast-featured-img":"","footer-sml-layout":"","ast-disable-related-posts":"","theme-transparent-header-meta":"default","adv-header-id-meta":"","stick-header-meta":"","header-above-stick-meta":"","header-main-stick-meta":"","header-below-stick-meta":"","astra-migrate-meta-layouts":"set","ast-page-background-enabled":"default","ast-page-background-meta":{"desktop":{"background-color":"var(--ast-global-color-4)","background-image":"","background-repeat":"repeat","background-position":"center center","background-size":"auto","background-attachment":"scroll","background-type":"","background-media":"","overlay-type":"","overlay-color":"","overlay-opacity":"","overlay-gradient":""},"tablet":{"background-color":"","background-image":"","background-repeat":"repeat","background-position":"center center","background-size":"auto","background-attachment":"scroll","background-type":"","background-media":"","overlay-type":"","overlay-color":"","overlay-opacity":"","overlay-gradient":""},"mobile":{"background-color":"","background-image":"","background-repeat":"repeat","background-position":"center center","background-size":"auto","background-attachment":"scroll","background-type":"","background-media":"","overlay-type":"","overlay-color":"","overlay-opacity":"","overlay-gradient":""}},"ast-content-background-meta":{"desktop":{"background-color":"var(--ast-global-color-5)","background-image":"","background-repeat":"repeat","background-position":"center center","background-size":"auto","background-attachment":"scroll","background-type":"","background-media":"","overlay-type":"","overlay-color":"","overlay-opacity":"","overlay-gradient":""},"tablet":{"background-color":"var(--ast-global-color-5)","background-image":"","background-repeat":"repeat","background-position":"center center","background-size":"auto","background-attachment":"scroll","background-type":"","background-media":"","overlay-type":"","overlay-color":"","overlay-opacity":"","overlay-gradient":""},"mobile":{"background-color":"var(--ast-global-color-5)","background-image":"","background-repeat":"repeat","background-position":"center center","background-size":"auto","background-attachment":"scroll","background-type":"","background-media":"","overlay-type":"","overlay-color":"","overlay-opacity":"","overlay-gradient":""}},"jetpack_post_was_ever_published":false},"product_brand":[],"product_cat":[238],"product_tag":[633,503,581,549,623,628,630,629,632,624,631],"class_list":{"0":"post-1747","1":"product","2":"type-product","3":"status-publish","4":"has-post-thumbnail","6":"product_cat-equipements","7":"product_tag-butyrometre","8":"product_tag-centrifugeuse","9":"product_tag-f06","10":"product_tag-f21","11":"product_tag-funke-gerber","12":"product_tag-lait","13":"product_tag-lipides","14":"product_tag-matiere-grasse","15":"product_tag-methode-gerber","16":"product_tag-nova-safety","17":"product_tag-produits-laitiers","18":"product_shipping_class-temperature-ambiante","19":"desktop-align-center","20":"tablet-align-left","21":"mobile-align-left","23":"first","24":"instock","25":"taxable","26":"shipping-taxable","27":"purchasable","28":"product-type-simple"},"yoast_head":"<!-- This site is optimized with the Yoast SEO plugin v27.5 - https:\/\/yoast.com\/product\/yoast-seo-wordpress\/ -->\n<title>Centrifugeuse pour 8 Butyrom\u00e8tres FUNKE GERBER - La Boutique en ligne<\/title>\n<meta name=\"description\" content=\"La Centrifugeuse FUNKE GERBER Nova Safety est robuste et fiable, utilis\u00e9e pour la d\u00e9termination de lipides selon la m\u00e9thode de N. Gerber ou pour la d\u00e9termination de la solubilit\u00e9 du lait en poudre.\" \/>\n<meta name=\"robots\" content=\"index, follow, max-snippet:-1, max-image-preview:large, max-video-preview:-1\" \/>\n<link rel=\"canonical\" href=\"https:\/\/store.microbiotech.dz\/index.php\/produit\/centrifugeuse-pour-8-butyrometres-funke-gerber\/\" \/>\n<meta property=\"og:locale\" content=\"fr_FR\" \/>\n<meta property=\"og:type\" content=\"article\" \/>\n<meta property=\"og:title\" content=\"Centrifugeuse pour 8 Butyrom\u00e8tres FUNKE GERBER - La Boutique en ligne\" \/>\n<meta property=\"og:description\" content=\"La Centrifugeuse FUNKE GERBER Nova Safety est robuste et fiable, utilis\u00e9e pour la d\u00e9termination de lipides selon la m\u00e9thode de N. Gerber ou pour la d\u00e9termination de la solubilit\u00e9 du lait en poudre.\" \/>\n<meta property=\"og:url\" content=\"https:\/\/store.microbiotech.dz\/index.php\/produit\/centrifugeuse-pour-8-butyrometres-funke-gerber\/\" \/>\n<meta property=\"og:site_name\" content=\"La Boutique en ligne\" \/>\n<meta property=\"article:publisher\" content=\"https:\/\/www.facebook.com\/MicroBiotech.dz\" \/>\n<meta property=\"article:modified_time\" content=\"2026-01-14T10:53:27+00:00\" \/>\n<meta property=\"og:image\" content=\"https:\/\/store.microbiotech.dz\/wp-content\/uploads\/2022\/04\/c038720.jpg\" \/>\n\t<meta property=\"og:image:width\" content=\"835\" \/>\n\t<meta property=\"og:image:height\" content=\"1000\" \/>\n\t<meta property=\"og:image:type\" content=\"image\/jpeg\" \/>\n<meta name=\"twitter:card\" content=\"summary_large_image\" \/>\n<meta name=\"twitter:site\" content=\"@MicrobiotechD\" \/>\n<script type=\"application\/ld+json\" class=\"yoast-schema-graph\">{\"@context\":\"https:\\\/\\\/schema.org\",\"@graph\":[{\"@type\":\"WebPage\",\"@id\":\"https:\\\/\\\/store.microbiotech.dz\\\/index.php\\\/produit\\\/centrifugeuse-pour-8-butyrometres-funke-gerber\\\/\",\"url\":\"https:\\\/\\\/store.microbiotech.dz\\\/index.php\\\/produit\\\/centrifugeuse-pour-8-butyrometres-funke-gerber\\\/\",\"name\":\"Centrifugeuse pour 8 Butyrom\u00e8tres FUNKE GERBER - La Boutique en ligne\",\"isPartOf\":{\"@id\":\"https:\\\/\\\/store.microbiotech.dz\\\/#website\"},\"primaryImageOfPage\":{\"@id\":\"https:\\\/\\\/store.microbiotech.dz\\\/index.php\\\/produit\\\/centrifugeuse-pour-8-butyrometres-funke-gerber\\\/#primaryimage\"},\"image\":{\"@id\":\"https:\\\/\\\/store.microbiotech.dz\\\/index.php\\\/produit\\\/centrifugeuse-pour-8-butyrometres-funke-gerber\\\/#primaryimage\"},\"thumbnailUrl\":\"https:\\\/\\\/store.microbiotech.dz\\\/wp-content\\\/uploads\\\/2022\\\/04\\\/c038720.jpg\",\"datePublished\":\"2022-04-13T15:19:49+00:00\",\"dateModified\":\"2026-01-14T10:53:27+00:00\",\"description\":\"La Centrifugeuse FUNKE GERBER Nova Safety est robuste et fiable, utilis\u00e9e pour la d\u00e9termination de lipides selon la m\u00e9thode de N. Gerber ou pour la d\u00e9termination de la solubilit\u00e9 du lait en poudre.\",\"breadcrumb\":{\"@id\":\"https:\\\/\\\/store.microbiotech.dz\\\/index.php\\\/produit\\\/centrifugeuse-pour-8-butyrometres-funke-gerber\\\/#breadcrumb\"},\"inLanguage\":\"fr-FR\",\"potentialAction\":[{\"@type\":\"ReadAction\",\"target\":[\"https:\\\/\\\/store.microbiotech.dz\\\/index.php\\\/produit\\\/centrifugeuse-pour-8-butyrometres-funke-gerber\\\/\"]}]},{\"@type\":\"ImageObject\",\"inLanguage\":\"fr-FR\",\"@id\":\"https:\\\/\\\/store.microbiotech.dz\\\/index.php\\\/produit\\\/centrifugeuse-pour-8-butyrometres-funke-gerber\\\/#primaryimage\",\"url\":\"https:\\\/\\\/store.microbiotech.dz\\\/wp-content\\\/uploads\\\/2022\\\/04\\\/c038720.jpg\",\"contentUrl\":\"https:\\\/\\\/store.microbiotech.dz\\\/wp-content\\\/uploads\\\/2022\\\/04\\\/c038720.jpg\",\"width\":835,\"height\":1000},{\"@type\":\"BreadcrumbList\",\"@id\":\"https:\\\/\\\/store.microbiotech.dz\\\/index.php\\\/produit\\\/centrifugeuse-pour-8-butyrometres-funke-gerber\\\/#breadcrumb\",\"itemListElement\":[{\"@type\":\"ListItem\",\"position\":1,\"name\":\"Accueil\",\"item\":\"https:\\\/\\\/store.microbiotech.dz\\\/\"},{\"@type\":\"ListItem\",\"position\":2,\"name\":\"Nos Produits\",\"item\":\"https:\\\/\\\/store.microbiotech.dz\\\/index.php\\\/nos-produits\\\/\"},{\"@type\":\"ListItem\",\"position\":3,\"name\":\"Centrifugeuse pour 8 Butyrom\u00e8tres FUNKE GERBER\"}]},{\"@type\":\"WebSite\",\"@id\":\"https:\\\/\\\/store.microbiotech.dz\\\/#website\",\"url\":\"https:\\\/\\\/store.microbiotech.dz\\\/\",\"name\":\"La Boutique en ligne\",\"description\":\"Qualit\u00e9 - Rapidit\u00e9 - Tranquillit\u00e9\",\"publisher\":{\"@id\":\"https:\\\/\\\/store.microbiotech.dz\\\/#organization\"},\"potentialAction\":[{\"@type\":\"SearchAction\",\"target\":{\"@type\":\"EntryPoint\",\"urlTemplate\":\"https:\\\/\\\/store.microbiotech.dz\\\/?s={search_term_string}\"},\"query-input\":{\"@type\":\"PropertyValueSpecification\",\"valueRequired\":true,\"valueName\":\"search_term_string\"}}],\"inLanguage\":\"fr-FR\"},{\"@type\":\"Organization\",\"@id\":\"https:\\\/\\\/store.microbiotech.dz\\\/#organization\",\"name\":\"Microbiotech EURL\",\"url\":\"https:\\\/\\\/store.microbiotech.dz\\\/\",\"logo\":{\"@type\":\"ImageObject\",\"inLanguage\":\"fr-FR\",\"@id\":\"https:\\\/\\\/store.microbiotech.dz\\\/#\\\/schema\\\/logo\\\/image\\\/\",\"url\":\"https:\\\/\\\/store.microbiotech.dz\\\/wp-content\\\/uploads\\\/2021\\\/09\\\/cropped-logo-microbiotech-2.jpg\",\"contentUrl\":\"https:\\\/\\\/store.microbiotech.dz\\\/wp-content\\\/uploads\\\/2021\\\/09\\\/cropped-logo-microbiotech-2.jpg\",\"width\":815,\"height\":586,\"caption\":\"Microbiotech EURL\"},\"image\":{\"@id\":\"https:\\\/\\\/store.microbiotech.dz\\\/#\\\/schema\\\/logo\\\/image\\\/\"},\"sameAs\":[\"https:\\\/\\\/www.facebook.com\\\/MicroBiotech.dz\",\"https:\\\/\\\/x.com\\\/MicrobiotechD\",\"https:\\\/\\\/www.linkedin.com\\\/in\\\/microbiotech\\\/\",\"https:\\\/\\\/www.youtube.com\\\/channel\\\/UCTxc3VIiX7LXD2LQYfZEcDg\"]}]}<\/script>\n<!-- \/ Yoast SEO plugin. -->","yoast_head_json":{"title":"Centrifugeuse pour 8 Butyrom\u00e8tres FUNKE GERBER - La Boutique en ligne","description":"La Centrifugeuse FUNKE GERBER Nova Safety est robuste et fiable, utilis\u00e9e pour la d\u00e9termination de lipides selon la m\u00e9thode de N. Gerber ou pour la d\u00e9termination de la solubilit\u00e9 du lait en poudre.","robots":{"index":"index","follow":"follow","max-snippet":"max-snippet:-1","max-image-preview":"max-image-preview:large","max-video-preview":"max-video-preview:-1"},"canonical":"https:\/\/store.microbiotech.dz\/index.php\/produit\/centrifugeuse-pour-8-butyrometres-funke-gerber\/","og_locale":"fr_FR","og_type":"article","og_title":"Centrifugeuse pour 8 Butyrom\u00e8tres FUNKE GERBER - La Boutique en ligne","og_description":"La Centrifugeuse FUNKE GERBER Nova Safety est robuste et fiable, utilis\u00e9e pour la d\u00e9termination de lipides selon la m\u00e9thode de N. Gerber ou pour la d\u00e9termination de la solubilit\u00e9 du lait en poudre.","og_url":"https:\/\/store.microbiotech.dz\/index.php\/produit\/centrifugeuse-pour-8-butyrometres-funke-gerber\/","og_site_name":"La Boutique en ligne","article_publisher":"https:\/\/www.facebook.com\/MicroBiotech.dz","article_modified_time":"2026-01-14T10:53:27+00:00","og_image":[{"width":835,"height":1000,"url":"https:\/\/store.microbiotech.dz\/wp-content\/uploads\/2022\/04\/c038720.jpg","type":"image\/jpeg"}],"twitter_card":"summary_large_image","twitter_site":"@MicrobiotechD","schema":{"@context":"https:\/\/schema.org","@graph":[{"@type":"WebPage","@id":"https:\/\/store.microbiotech.dz\/index.php\/produit\/centrifugeuse-pour-8-butyrometres-funke-gerber\/","url":"https:\/\/store.microbiotech.dz\/index.php\/produit\/centrifugeuse-pour-8-butyrometres-funke-gerber\/","name":"Centrifugeuse pour 8 Butyrom\u00e8tres FUNKE GERBER - La Boutique en ligne","isPartOf":{"@id":"https:\/\/store.microbiotech.dz\/#website"},"primaryImageOfPage":{"@id":"https:\/\/store.microbiotech.dz\/index.php\/produit\/centrifugeuse-pour-8-butyrometres-funke-gerber\/#primaryimage"},"image":{"@id":"https:\/\/store.microbiotech.dz\/index.php\/produit\/centrifugeuse-pour-8-butyrometres-funke-gerber\/#primaryimage"},"thumbnailUrl":"https:\/\/store.microbiotech.dz\/wp-content\/uploads\/2022\/04\/c038720.jpg","datePublished":"2022-04-13T15:19:49+00:00","dateModified":"2026-01-14T10:53:27+00:00","description":"La Centrifugeuse FUNKE GERBER Nova Safety est robuste et fiable, utilis\u00e9e pour la d\u00e9termination de lipides selon la m\u00e9thode de N. Gerber ou pour la d\u00e9termination de la solubilit\u00e9 du lait en poudre.","breadcrumb":{"@id":"https:\/\/store.microbiotech.dz\/index.php\/produit\/centrifugeuse-pour-8-butyrometres-funke-gerber\/#breadcrumb"},"inLanguage":"fr-FR","potentialAction":[{"@type":"ReadAction","target":["https:\/\/store.microbiotech.dz\/index.php\/produit\/centrifugeuse-pour-8-butyrometres-funke-gerber\/"]}]},{"@type":"ImageObject","inLanguage":"fr-FR","@id":"https:\/\/store.microbiotech.dz\/index.php\/produit\/centrifugeuse-pour-8-butyrometres-funke-gerber\/#primaryimage","url":"https:\/\/store.microbiotech.dz\/wp-content\/uploads\/2022\/04\/c038720.jpg","contentUrl":"https:\/\/store.microbiotech.dz\/wp-content\/uploads\/2022\/04\/c038720.jpg","width":835,"height":1000},{"@type":"BreadcrumbList","@id":"https:\/\/store.microbiotech.dz\/index.php\/produit\/centrifugeuse-pour-8-butyrometres-funke-gerber\/#breadcrumb","itemListElement":[{"@type":"ListItem","position":1,"name":"Accueil","item":"https:\/\/store.microbiotech.dz\/"},{"@type":"ListItem","position":2,"name":"Nos Produits","item":"https:\/\/store.microbiotech.dz\/index.php\/nos-produits\/"},{"@type":"ListItem","position":3,"name":"Centrifugeuse pour 8 Butyrom\u00e8tres FUNKE GERBER"}]},{"@type":"WebSite","@id":"https:\/\/store.microbiotech.dz\/#website","url":"https:\/\/store.microbiotech.dz\/","name":"La Boutique en ligne","description":"Qualit\u00e9 - Rapidit\u00e9 - Tranquillit\u00e9","publisher":{"@id":"https:\/\/store.microbiotech.dz\/#organization"},"potentialAction":[{"@type":"SearchAction","target":{"@type":"EntryPoint","urlTemplate":"https:\/\/store.microbiotech.dz\/?s={search_term_string}"},"query-input":{"@type":"PropertyValueSpecification","valueRequired":true,"valueName":"search_term_string"}}],"inLanguage":"fr-FR"},{"@type":"Organization","@id":"https:\/\/store.microbiotech.dz\/#organization","name":"Microbiotech EURL","url":"https:\/\/store.microbiotech.dz\/","logo":{"@type":"ImageObject","inLanguage":"fr-FR","@id":"https:\/\/store.microbiotech.dz\/#\/schema\/logo\/image\/","url":"https:\/\/store.microbiotech.dz\/wp-content\/uploads\/2021\/09\/cropped-logo-microbiotech-2.jpg","contentUrl":"https:\/\/store.microbiotech.dz\/wp-content\/uploads\/2021\/09\/cropped-logo-microbiotech-2.jpg","width":815,"height":586,"caption":"Microbiotech EURL"},"image":{"@id":"https:\/\/store.microbiotech.dz\/#\/schema\/logo\/image\/"},"sameAs":["https:\/\/www.facebook.com\/MicroBiotech.dz","https:\/\/x.com\/MicrobiotechD","https:\/\/www.linkedin.com\/in\/microbiotech\/","https:\/\/www.youtube.com\/channel\/UCTxc3VIiX7LXD2LQYfZEcDg"]}]}},"jetpack_sharing_enabled":true,"_links":{"self":[{"href":"https:\/\/store.microbiotech.dz\/index.php\/wp-json\/wp\/v2\/product\/1747","targetHints":{"allow":["GET"]}}],"collection":[{"href":"https:\/\/store.microbiotech.dz\/index.php\/wp-json\/wp\/v2\/product"}],"about":[{"href":"https:\/\/store.microbiotech.dz\/index.php\/wp-json\/wp\/v2\/types\/product"}],"replies":[{"embeddable":true,"href":"https:\/\/store.microbiotech.dz\/index.php\/wp-json\/wp\/v2\/comments?post=1747"}],"wp:featuredmedia":[{"embeddable":true,"href":"https:\/\/store.microbiotech.dz\/index.php\/wp-json\/wp\/v2\/media\/1750"}],"wp:attachment":[{"href":"https:\/\/store.microbiotech.dz\/index.php\/wp-json\/wp\/v2\/media?parent=1747"}],"wp:term":[{"taxonomy":"product_brand","embeddable":true,"href":"https:\/\/store.microbiotech.dz\/index.php\/wp-json\/wp\/v2\/product_brand?post=1747"},{"taxonomy":"product_cat","embeddable":true,"href":"https:\/\/store.microbiotech.dz\/index.php\/wp-json\/wp\/v2\/product_cat?post=1747"},{"taxonomy":"product_tag","embeddable":true,"href":"https:\/\/store.microbiotech.dz\/index.php\/wp-json\/wp\/v2\/product_tag?post=1747"}],"curies":[{"name":"wp","href":"https:\/\/api.w.org\/{rel}","templated":true}]}}