{"id":1697,"date":"2022-04-13T13:59:45","date_gmt":"2022-04-13T12:59:45","guid":{"rendered":"https:\/\/store.microbiotech.dz\/?post_type=product&#038;p=1697"},"modified":"2023-03-22T09:27:46","modified_gmt":"2023-03-22T08:27:46","slug":"gelose-slanetz-et-bartley-500g-biokar","status":"publish","type":"product","link":"https:\/\/store.microbiotech.dz\/index.php\/produit\/gelose-slanetz-et-bartley-500g-biokar\/","title":{"rendered":"G\u00e9lose Slanetz et Bartley 500G BIOKAR"},"content":{"rendered":"<p>La g\u00e9lose de Slanetz et Bartley est un milieu s\u00e9lectif utilis\u00e9 pour le d\u00e9nombrement des ent\u00e9rocoques intestinaux dans les eaux d\u2019alimentation, les boissons, les eaux us\u00e9es, les eaux de piscine et divers produits biologiques d\u2019origine animale, par la technique de filtration sur membrane.<\/p>\n","protected":false},"excerpt":{"rendered":"<p>Marque:\u00a0<strong>BIOKAR\u00a0<img loading=\"lazy\" decoding=\"async\" class=\"alignnone wp-image-1676\" src=\"https:\/\/store.microbiotech.dz\/wp-content\/uploads\/2022\/04\/s-l300.jpg\" alt=\"\" width=\"31\" height=\"31\" srcset=\"https:\/\/store.microbiotech.dz\/wp-content\/uploads\/2022\/04\/s-l300.jpg 300w, https:\/\/store.microbiotech.dz\/wp-content\/uploads\/2022\/04\/s-l300-150x150.jpg 150w, https:\/\/store.microbiotech.dz\/wp-content\/uploads\/2022\/04\/s-l300-100x100.jpg 100w\" sizes=\"auto, (max-width: 31px) 100vw, 31px\" \/><\/strong><\/p>\n<p>Date de p\u00e9remption:<strong>\u00a010.03.2026<\/strong><\/p>\n<p><strong><a href=\"https:\/\/store.microbiotech.dz\/wp-content\/uploads\/2022\/04\/FT_SLANETZ-AGAR_BK037_129_BM094_146_BS027_v10.pdf\">Fiche Technique<\/a><\/strong> \u00a0 \u00a0 <img loading=\"lazy\" decoding=\"async\" class=\"wp-image-1677 alignnone\" src=\"https:\/\/store.microbiotech.dz\/wp-content\/uploads\/2022\/04\/telechargement-1.jpg\" alt=\"\" width=\"83\" height=\"50\" \/><\/p>\n","protected":false},"featured_media":1736,"comment_status":"open","ping_status":"closed","template":"","meta":{"site-sidebar-layout":"default","site-content-layout":"default","ast-site-content-layout":"default","site-content-style":"default","site-sidebar-style":"default","ast-global-header-display":"","ast-banner-title-visibility":"","ast-main-header-display":"","ast-hfb-above-header-display":"","ast-hfb-below-header-display":"","ast-hfb-mobile-header-display":"","site-post-title":"","ast-breadcrumbs-content":"","ast-featured-img":"","footer-sml-layout":"","ast-disable-related-posts":"","theme-transparent-header-meta":"default","adv-header-id-meta":"","stick-header-meta":"","header-above-stick-meta":"","header-main-stick-meta":"","header-below-stick-meta":"","astra-migrate-meta-layouts":"default","ast-page-background-enabled":"default","ast-page-background-meta":{"desktop":{"background-color":"var(--ast-global-color-4)","background-image":"","background-repeat":"repeat","background-position":"center center","background-size":"auto","background-attachment":"scroll","background-type":"","background-media":"","overlay-type":"","overlay-color":"","overlay-opacity":"","overlay-gradient":""},"tablet":{"background-color":"","background-image":"","background-repeat":"repeat","background-position":"center center","background-size":"auto","background-attachment":"scroll","background-type":"","background-media":"","overlay-type":"","overlay-color":"","overlay-opacity":"","overlay-gradient":""},"mobile":{"background-color":"","background-image":"","background-repeat":"repeat","background-position":"center center","background-size":"auto","background-attachment":"scroll","background-type":"","background-media":"","overlay-type":"","overlay-color":"","overlay-opacity":"","overlay-gradient":""}},"ast-content-background-meta":{"desktop":{"background-color":"var(--ast-global-color-5)","background-image":"","background-repeat":"repeat","background-position":"center center","background-size":"auto","background-attachment":"scroll","background-type":"","background-media":"","overlay-type":"","overlay-color":"","overlay-opacity":"","overlay-gradient":""},"tablet":{"background-color":"var(--ast-global-color-5)","background-image":"","background-repeat":"repeat","background-position":"center center","background-size":"auto","background-attachment":"scroll","background-type":"","background-media":"","overlay-type":"","overlay-color":"","overlay-opacity":"","overlay-gradient":""},"mobile":{"background-color":"var(--ast-global-color-5)","background-image":"","background-repeat":"repeat","background-position":"center center","background-size":"auto","background-attachment":"scroll","background-type":"","background-media":"","overlay-type":"","overlay-color":"","overlay-opacity":"","overlay-gradient":""}},"jetpack_post_was_ever_published":false},"product_brand":[],"product_cat":[28,79,26],"product_tag":[779,599,581,602,696,118],"class_list":{"0":"post-1697","1":"product","2":"type-product","3":"status-publish","4":"has-post-thumbnail","6":"product_cat-geloses","7":"product_cat-deshydrate","8":"product_cat-milieux-de-cultures","9":"product_tag-779","10":"product_tag-biokar","11":"product_tag-f06","12":"product_tag-gelose-slanetz-et-bartley","13":"product_tag-milieux-deshydrates","14":"product_tag-slanetz-et-bartley","15":"product_shipping_class-temperature-ambiante","16":"desktop-align-center","17":"tablet-align-left","18":"mobile-align-left","20":"first","21":"outofstock","22":"taxable","23":"shipping-taxable","24":"product-type-variable"},"yoast_head":"<!-- This site is optimized with the Yoast SEO plugin v27.4 - https:\/\/yoast.com\/product\/yoast-seo-wordpress\/ -->\n<title>G\u00e9lose Slanetz et Bartley 500G BIOKAR - La Boutique en ligne<\/title>\n<meta name=\"description\" content=\"La g\u00e9lose de Slanetz et Bartley est un milieu s\u00e9lectif utilis\u00e9 pour le d\u00e9nombrement des ent\u00e9rocoques intestinaux dans les eaux d\u2019alimentation, les boissons, les eaux us\u00e9es, les eaux de piscine et divers produits biologiques d\u2019origine animale, par la technique de filtration sur membrane.\" \/>\n<meta name=\"robots\" content=\"index, follow, max-snippet:-1, max-image-preview:large, max-video-preview:-1\" \/>\n<link rel=\"canonical\" href=\"https:\/\/store.microbiotech.dz\/index.php\/produit\/gelose-slanetz-et-bartley-500g-biokar\/\" \/>\n<meta property=\"og:locale\" content=\"fr_FR\" \/>\n<meta property=\"og:type\" content=\"article\" \/>\n<meta property=\"og:title\" content=\"G\u00e9lose Slanetz et Bartley 500G BIOKAR - La Boutique en ligne\" \/>\n<meta property=\"og:description\" content=\"La g\u00e9lose de Slanetz et Bartley est un milieu s\u00e9lectif utilis\u00e9 pour le d\u00e9nombrement des ent\u00e9rocoques intestinaux dans les eaux d\u2019alimentation, les boissons, les eaux us\u00e9es, les eaux de piscine et divers produits biologiques d\u2019origine animale, par la technique de filtration sur membrane.\" \/>\n<meta property=\"og:url\" content=\"https:\/\/store.microbiotech.dz\/index.php\/produit\/gelose-slanetz-et-bartley-500g-biokar\/\" \/>\n<meta property=\"og:site_name\" content=\"La Boutique en ligne\" \/>\n<meta property=\"article:publisher\" content=\"https:\/\/www.facebook.com\/MicroBiotech.dz\" \/>\n<meta property=\"article:modified_time\" content=\"2023-03-22T08:27:46+00:00\" \/>\n<meta property=\"og:image\" content=\"https:\/\/store.microbiotech.dz\/wp-content\/uploads\/2022\/04\/Biokar-bottle..png\" \/>\n\t<meta property=\"og:image:width\" content=\"600\" \/>\n\t<meta property=\"og:image:height\" content=\"600\" \/>\n\t<meta property=\"og:image:type\" content=\"image\/png\" \/>\n<meta name=\"twitter:card\" content=\"summary_large_image\" \/>\n<meta name=\"twitter:site\" content=\"@MicrobiotechD\" \/>\n<script type=\"application\/ld+json\" class=\"yoast-schema-graph\">{\"@context\":\"https:\\\/\\\/schema.org\",\"@graph\":[{\"@type\":\"WebPage\",\"@id\":\"https:\\\/\\\/store.microbiotech.dz\\\/index.php\\\/produit\\\/gelose-slanetz-et-bartley-500g-biokar\\\/\",\"url\":\"https:\\\/\\\/store.microbiotech.dz\\\/index.php\\\/produit\\\/gelose-slanetz-et-bartley-500g-biokar\\\/\",\"name\":\"G\u00e9lose Slanetz et Bartley 500G BIOKAR - La Boutique en ligne\",\"isPartOf\":{\"@id\":\"https:\\\/\\\/store.microbiotech.dz\\\/#website\"},\"primaryImageOfPage\":{\"@id\":\"https:\\\/\\\/store.microbiotech.dz\\\/index.php\\\/produit\\\/gelose-slanetz-et-bartley-500g-biokar\\\/#primaryimage\"},\"image\":{\"@id\":\"https:\\\/\\\/store.microbiotech.dz\\\/index.php\\\/produit\\\/gelose-slanetz-et-bartley-500g-biokar\\\/#primaryimage\"},\"thumbnailUrl\":\"https:\\\/\\\/store.microbiotech.dz\\\/wp-content\\\/uploads\\\/2022\\\/04\\\/Biokar-bottle..png\",\"datePublished\":\"2022-04-13T12:59:45+00:00\",\"dateModified\":\"2023-03-22T08:27:46+00:00\",\"description\":\"La g\u00e9lose de Slanetz et Bartley est un milieu s\u00e9lectif utilis\u00e9 pour le d\u00e9nombrement des ent\u00e9rocoques intestinaux dans les eaux d\u2019alimentation, les boissons, les eaux us\u00e9es, les eaux de piscine et divers produits biologiques d\u2019origine animale, par la technique de filtration sur membrane.\",\"breadcrumb\":{\"@id\":\"https:\\\/\\\/store.microbiotech.dz\\\/index.php\\\/produit\\\/gelose-slanetz-et-bartley-500g-biokar\\\/#breadcrumb\"},\"inLanguage\":\"fr-FR\",\"potentialAction\":[{\"@type\":\"ReadAction\",\"target\":[\"https:\\\/\\\/store.microbiotech.dz\\\/index.php\\\/produit\\\/gelose-slanetz-et-bartley-500g-biokar\\\/\"]}]},{\"@type\":\"ImageObject\",\"inLanguage\":\"fr-FR\",\"@id\":\"https:\\\/\\\/store.microbiotech.dz\\\/index.php\\\/produit\\\/gelose-slanetz-et-bartley-500g-biokar\\\/#primaryimage\",\"url\":\"https:\\\/\\\/store.microbiotech.dz\\\/wp-content\\\/uploads\\\/2022\\\/04\\\/Biokar-bottle..png\",\"contentUrl\":\"https:\\\/\\\/store.microbiotech.dz\\\/wp-content\\\/uploads\\\/2022\\\/04\\\/Biokar-bottle..png\",\"width\":600,\"height\":600,\"caption\":\"G\u00e9lose Sabouraud 500G BIOKAR\"},{\"@type\":\"BreadcrumbList\",\"@id\":\"https:\\\/\\\/store.microbiotech.dz\\\/index.php\\\/produit\\\/gelose-slanetz-et-bartley-500g-biokar\\\/#breadcrumb\",\"itemListElement\":[{\"@type\":\"ListItem\",\"position\":1,\"name\":\"Accueil\",\"item\":\"https:\\\/\\\/store.microbiotech.dz\\\/\"},{\"@type\":\"ListItem\",\"position\":2,\"name\":\"Nos Produits\",\"item\":\"https:\\\/\\\/store.microbiotech.dz\\\/index.php\\\/nos-produits\\\/\"},{\"@type\":\"ListItem\",\"position\":3,\"name\":\"G\u00e9lose Slanetz et Bartley 500G BIOKAR\"}]},{\"@type\":\"WebSite\",\"@id\":\"https:\\\/\\\/store.microbiotech.dz\\\/#website\",\"url\":\"https:\\\/\\\/store.microbiotech.dz\\\/\",\"name\":\"La Boutique en ligne\",\"description\":\"Qualit\u00e9 - Rapidit\u00e9 - Tranquillit\u00e9\",\"publisher\":{\"@id\":\"https:\\\/\\\/store.microbiotech.dz\\\/#organization\"},\"potentialAction\":[{\"@type\":\"SearchAction\",\"target\":{\"@type\":\"EntryPoint\",\"urlTemplate\":\"https:\\\/\\\/store.microbiotech.dz\\\/?s={search_term_string}\"},\"query-input\":{\"@type\":\"PropertyValueSpecification\",\"valueRequired\":true,\"valueName\":\"search_term_string\"}}],\"inLanguage\":\"fr-FR\"},{\"@type\":\"Organization\",\"@id\":\"https:\\\/\\\/store.microbiotech.dz\\\/#organization\",\"name\":\"Microbiotech EURL\",\"url\":\"https:\\\/\\\/store.microbiotech.dz\\\/\",\"logo\":{\"@type\":\"ImageObject\",\"inLanguage\":\"fr-FR\",\"@id\":\"https:\\\/\\\/store.microbiotech.dz\\\/#\\\/schema\\\/logo\\\/image\\\/\",\"url\":\"https:\\\/\\\/store.microbiotech.dz\\\/wp-content\\\/uploads\\\/2021\\\/09\\\/cropped-logo-microbiotech-2.jpg\",\"contentUrl\":\"https:\\\/\\\/store.microbiotech.dz\\\/wp-content\\\/uploads\\\/2021\\\/09\\\/cropped-logo-microbiotech-2.jpg\",\"width\":815,\"height\":586,\"caption\":\"Microbiotech EURL\"},\"image\":{\"@id\":\"https:\\\/\\\/store.microbiotech.dz\\\/#\\\/schema\\\/logo\\\/image\\\/\"},\"sameAs\":[\"https:\\\/\\\/www.facebook.com\\\/MicroBiotech.dz\",\"https:\\\/\\\/x.com\\\/MicrobiotechD\",\"https:\\\/\\\/www.linkedin.com\\\/in\\\/microbiotech\\\/\",\"https:\\\/\\\/www.youtube.com\\\/channel\\\/UCTxc3VIiX7LXD2LQYfZEcDg\"]}]}<\/script>\n<!-- \/ Yoast SEO plugin. -->","yoast_head_json":{"title":"G\u00e9lose Slanetz et Bartley 500G BIOKAR - La Boutique en ligne","description":"La g\u00e9lose de Slanetz et Bartley est un milieu s\u00e9lectif utilis\u00e9 pour le d\u00e9nombrement des ent\u00e9rocoques intestinaux dans les eaux d\u2019alimentation, les boissons, les eaux us\u00e9es, les eaux de piscine et divers produits biologiques d\u2019origine animale, par la technique de filtration sur membrane.","robots":{"index":"index","follow":"follow","max-snippet":"max-snippet:-1","max-image-preview":"max-image-preview:large","max-video-preview":"max-video-preview:-1"},"canonical":"https:\/\/store.microbiotech.dz\/index.php\/produit\/gelose-slanetz-et-bartley-500g-biokar\/","og_locale":"fr_FR","og_type":"article","og_title":"G\u00e9lose Slanetz et Bartley 500G BIOKAR - La Boutique en ligne","og_description":"La g\u00e9lose de Slanetz et Bartley est un milieu s\u00e9lectif utilis\u00e9 pour le d\u00e9nombrement des ent\u00e9rocoques intestinaux dans les eaux d\u2019alimentation, les boissons, les eaux us\u00e9es, les eaux de piscine et divers produits biologiques d\u2019origine animale, par la technique de filtration sur membrane.","og_url":"https:\/\/store.microbiotech.dz\/index.php\/produit\/gelose-slanetz-et-bartley-500g-biokar\/","og_site_name":"La Boutique en ligne","article_publisher":"https:\/\/www.facebook.com\/MicroBiotech.dz","article_modified_time":"2023-03-22T08:27:46+00:00","og_image":[{"width":600,"height":600,"url":"https:\/\/store.microbiotech.dz\/wp-content\/uploads\/2022\/04\/Biokar-bottle..png","type":"image\/png"}],"twitter_card":"summary_large_image","twitter_site":"@MicrobiotechD","schema":{"@context":"https:\/\/schema.org","@graph":[{"@type":"WebPage","@id":"https:\/\/store.microbiotech.dz\/index.php\/produit\/gelose-slanetz-et-bartley-500g-biokar\/","url":"https:\/\/store.microbiotech.dz\/index.php\/produit\/gelose-slanetz-et-bartley-500g-biokar\/","name":"G\u00e9lose Slanetz et Bartley 500G BIOKAR - La Boutique en ligne","isPartOf":{"@id":"https:\/\/store.microbiotech.dz\/#website"},"primaryImageOfPage":{"@id":"https:\/\/store.microbiotech.dz\/index.php\/produit\/gelose-slanetz-et-bartley-500g-biokar\/#primaryimage"},"image":{"@id":"https:\/\/store.microbiotech.dz\/index.php\/produit\/gelose-slanetz-et-bartley-500g-biokar\/#primaryimage"},"thumbnailUrl":"https:\/\/store.microbiotech.dz\/wp-content\/uploads\/2022\/04\/Biokar-bottle..png","datePublished":"2022-04-13T12:59:45+00:00","dateModified":"2023-03-22T08:27:46+00:00","description":"La g\u00e9lose de Slanetz et Bartley est un milieu s\u00e9lectif utilis\u00e9 pour le d\u00e9nombrement des ent\u00e9rocoques intestinaux dans les eaux d\u2019alimentation, les boissons, les eaux us\u00e9es, les eaux de piscine et divers produits biologiques d\u2019origine animale, par la technique de filtration sur membrane.","breadcrumb":{"@id":"https:\/\/store.microbiotech.dz\/index.php\/produit\/gelose-slanetz-et-bartley-500g-biokar\/#breadcrumb"},"inLanguage":"fr-FR","potentialAction":[{"@type":"ReadAction","target":["https:\/\/store.microbiotech.dz\/index.php\/produit\/gelose-slanetz-et-bartley-500g-biokar\/"]}]},{"@type":"ImageObject","inLanguage":"fr-FR","@id":"https:\/\/store.microbiotech.dz\/index.php\/produit\/gelose-slanetz-et-bartley-500g-biokar\/#primaryimage","url":"https:\/\/store.microbiotech.dz\/wp-content\/uploads\/2022\/04\/Biokar-bottle..png","contentUrl":"https:\/\/store.microbiotech.dz\/wp-content\/uploads\/2022\/04\/Biokar-bottle..png","width":600,"height":600,"caption":"G\u00e9lose Sabouraud 500G BIOKAR"},{"@type":"BreadcrumbList","@id":"https:\/\/store.microbiotech.dz\/index.php\/produit\/gelose-slanetz-et-bartley-500g-biokar\/#breadcrumb","itemListElement":[{"@type":"ListItem","position":1,"name":"Accueil","item":"https:\/\/store.microbiotech.dz\/"},{"@type":"ListItem","position":2,"name":"Nos Produits","item":"https:\/\/store.microbiotech.dz\/index.php\/nos-produits\/"},{"@type":"ListItem","position":3,"name":"G\u00e9lose Slanetz et Bartley 500G BIOKAR"}]},{"@type":"WebSite","@id":"https:\/\/store.microbiotech.dz\/#website","url":"https:\/\/store.microbiotech.dz\/","name":"La Boutique en ligne","description":"Qualit\u00e9 - Rapidit\u00e9 - Tranquillit\u00e9","publisher":{"@id":"https:\/\/store.microbiotech.dz\/#organization"},"potentialAction":[{"@type":"SearchAction","target":{"@type":"EntryPoint","urlTemplate":"https:\/\/store.microbiotech.dz\/?s={search_term_string}"},"query-input":{"@type":"PropertyValueSpecification","valueRequired":true,"valueName":"search_term_string"}}],"inLanguage":"fr-FR"},{"@type":"Organization","@id":"https:\/\/store.microbiotech.dz\/#organization","name":"Microbiotech EURL","url":"https:\/\/store.microbiotech.dz\/","logo":{"@type":"ImageObject","inLanguage":"fr-FR","@id":"https:\/\/store.microbiotech.dz\/#\/schema\/logo\/image\/","url":"https:\/\/store.microbiotech.dz\/wp-content\/uploads\/2021\/09\/cropped-logo-microbiotech-2.jpg","contentUrl":"https:\/\/store.microbiotech.dz\/wp-content\/uploads\/2021\/09\/cropped-logo-microbiotech-2.jpg","width":815,"height":586,"caption":"Microbiotech EURL"},"image":{"@id":"https:\/\/store.microbiotech.dz\/#\/schema\/logo\/image\/"},"sameAs":["https:\/\/www.facebook.com\/MicroBiotech.dz","https:\/\/x.com\/MicrobiotechD","https:\/\/www.linkedin.com\/in\/microbiotech\/","https:\/\/www.youtube.com\/channel\/UCTxc3VIiX7LXD2LQYfZEcDg"]}]}},"jetpack_sharing_enabled":true,"_links":{"self":[{"href":"https:\/\/store.microbiotech.dz\/index.php\/wp-json\/wp\/v2\/product\/1697","targetHints":{"allow":["GET"]}}],"collection":[{"href":"https:\/\/store.microbiotech.dz\/index.php\/wp-json\/wp\/v2\/product"}],"about":[{"href":"https:\/\/store.microbiotech.dz\/index.php\/wp-json\/wp\/v2\/types\/product"}],"replies":[{"embeddable":true,"href":"https:\/\/store.microbiotech.dz\/index.php\/wp-json\/wp\/v2\/comments?post=1697"}],"wp:featuredmedia":[{"embeddable":true,"href":"https:\/\/store.microbiotech.dz\/index.php\/wp-json\/wp\/v2\/media\/1736"}],"wp:attachment":[{"href":"https:\/\/store.microbiotech.dz\/index.php\/wp-json\/wp\/v2\/media?parent=1697"}],"wp:term":[{"taxonomy":"product_brand","embeddable":true,"href":"https:\/\/store.microbiotech.dz\/index.php\/wp-json\/wp\/v2\/product_brand?post=1697"},{"taxonomy":"product_cat","embeddable":true,"href":"https:\/\/store.microbiotech.dz\/index.php\/wp-json\/wp\/v2\/product_cat?post=1697"},{"taxonomy":"product_tag","embeddable":true,"href":"https:\/\/store.microbiotech.dz\/index.php\/wp-json\/wp\/v2\/product_tag?post=1697"}],"curies":[{"name":"wp","href":"https:\/\/api.w.org\/{rel}","templated":true}]}}