{"id":16664,"date":"2025-09-07T13:36:55","date_gmt":"2025-09-07T12:36:55","guid":{"rendered":"https:\/\/store.microbiotech.dz\/?post_type=product&#038;p=16664"},"modified":"2025-11-23T09:03:21","modified_gmt":"2025-11-23T08:03:21","slug":"thermometre-avec-sonde-fixe-milwaukee","status":"publish","type":"product","link":"https:\/\/store.microbiotech.dz\/index.php\/produit\/thermometre-avec-sonde-fixe-milwaukee\/","title":{"rendered":"Thermometre avec sonde fixe MILWAUKEE"},"content":{"rendered":"<p><a href=\"https:\/\/store.microbiotech.dz\/index.php\/etiquette-produit\/thermometre\/\" target=\"_blank\" rel=\"noopener\">Thermometre<\/a> avec sonde fixe <a href=\"https:\/\/milwaukeeinstruments.eu\/\" target=\"_blank\" rel=\"noopener\">MILWAUKEE<\/a> TH310 est un thermom\u00e8tre de poche fiable, \u00e9quip\u00e9 d&rsquo;une sonde en acier inoxydable, adapt\u00e9e \u00e0 toutes les applications, ce qui rend les mesures \u00e0 distance plus simples, dispose d&rsquo;un affichage facile \u00e0 lire qui garantit que la temp\u00e9rature est affich\u00e9e sous diff\u00e9rents angles.<\/p>\n<p data-start=\"91\" data-end=\"554\"><strong data-start=\"91\" data-end=\"143\">Le Thermometre avec sonde fixe MILWAUKEE est un thermom\u00e8tre num\u00e9rique compact <\/strong>con\u00e7u pour aider les professionnels et les particuliers \u00e0 r\u00e9guler leurs processus de fabrication de lait ou de fromage, d\u2019exp\u00e9riences en classe ou de travaux de laboratoire. En maintenant une temp\u00e9rature optimale, il am\u00e9liore la qualit\u00e9 du lait et du fromage. Il permet \u00e9galement d\u2019analyser plus pr\u00e9cis\u00e9ment les donn\u00e9es de laboratoire. Gardez la temp\u00e9rature dans la plage cible pour des r\u00e9sultats optimaux.<\/p>\n<p data-start=\"556\" data-end=\"886\"><strong data-start=\"556\" data-end=\"590\">CE QUE DISENT LES UTILISATEURS<\/strong><br data-start=\"590\" data-end=\"593\" \/>\u00ab\u00a0R\u00e9sultats pr\u00e9cis et calibr\u00e9 d\u00e8s la sortie de la bo\u00eete.\u00a0\u00bb<br data-start=\"649\" data-end=\"652\" \/>\u00ab\u00a0Un indispensable pour tout propri\u00e9taire d&rsquo;aquarium.\u00a0\u00bb<br data-start=\"705\" data-end=\"708\" \/>\u00ab\u00a0Bon rapport qualit\u00e9\/prix. Facile \u00e0 utiliser. Fiable.\u00a0\u00bb<br data-start=\"762\" data-end=\"765\" data-is-only-node=\"\" \/>\u00ab\u00a0Pas de produits chimiques dangereux.\u00a0\u00bb<br data-start=\"803\" data-end=\"806\" \/>\u00ab\u00a0Utilis\u00e9 sur le terrain pour v\u00e9rifier les fruits \u00e0 r\u00e9colter, parfait pour cela.\u00a0\u00bb<\/p>\n","protected":false},"excerpt":{"rendered":"<p>Marque:\u00a0<strong>Milwaukee<\/strong><strong><img loading=\"lazy\" decoding=\"async\" class=\"wp-image-1507 alignnone lazyloaded\" src=\"https:\/\/store.microbiotech.dz\/wp-content\/uploads\/2022\/02\/Sans-titre-1.png\" alt=\"\" width=\"29\" height=\"27\" data-src=\"https:\/\/store.microbiotech.dz\/wp-content\/uploads\/2022\/02\/Sans-titre-1.png\" \/><\/strong><\/p>\n<p>Plage de temp\u00e9rature\u00a0: <strong>-50 \u00e0 150\u00a0\u00b0C (-58 \u00e0 302\u00a0\u00b0F)<\/strong><br \/>\nR\u00e9solution\u00a0: <strong>0,1\u00a0\u00b0C<\/strong><br \/>\nPr\u00e9cision\u00a0: <strong>\u00b1\u00a00,5\u00a0\u00b0C (-20 \u00e0 90\u00a0\u00b0C)<\/strong><br \/>\n\u00c9cart CEM typique\u00a0: <strong>\u00b1\u00a00,3\u00a0\u00b0C<\/strong><br \/>\nSonde\u00a0: <strong>Acier inoxydable<\/strong><br \/>\nEnvironnement\u00a0: <strong>0 \u00e0 50 \u00b0C, 95 % HR<\/strong><br \/>\nAutonomie de la batterie\u00a0: <strong>Environ 3\u00a0000\u00a0heures en continu<\/strong><br \/>\nType de batterie\u00a0: <strong>1\u00a0x\u00a01,5\u00a0V (incluse)<\/strong><\/p>\n","protected":false},"featured_media":16689,"comment_status":"open","ping_status":"closed","template":"","meta":{"site-sidebar-layout":"default","site-content-layout":"","ast-site-content-layout":"default","site-content-style":"default","site-sidebar-style":"default","ast-global-header-display":"","ast-banner-title-visibility":"","ast-main-header-display":"","ast-hfb-above-header-display":"","ast-hfb-below-header-display":"","ast-hfb-mobile-header-display":"","site-post-title":"","ast-breadcrumbs-content":"","ast-featured-img":"","footer-sml-layout":"","ast-disable-related-posts":"","theme-transparent-header-meta":"default","adv-header-id-meta":"","stick-header-meta":"","header-above-stick-meta":"","header-main-stick-meta":"","header-below-stick-meta":"","astra-migrate-meta-layouts":"set","ast-page-background-enabled":"default","ast-page-background-meta":{"desktop":{"background-color":"var(--ast-global-color-4)","background-image":"","background-repeat":"repeat","background-position":"center center","background-size":"auto","background-attachment":"scroll","background-type":"","background-media":"","overlay-type":"","overlay-color":"","overlay-opacity":"","overlay-gradient":""},"tablet":{"background-color":"","background-image":"","background-repeat":"repeat","background-position":"center center","background-size":"auto","background-attachment":"scroll","background-type":"","background-media":"","overlay-type":"","overlay-color":"","overlay-opacity":"","overlay-gradient":""},"mobile":{"background-color":"","background-image":"","background-repeat":"repeat","background-position":"center center","background-size":"auto","background-attachment":"scroll","background-type":"","background-media":"","overlay-type":"","overlay-color":"","overlay-opacity":"","overlay-gradient":""}},"ast-content-background-meta":{"desktop":{"background-color":"var(--ast-global-color-5)","background-image":"","background-repeat":"repeat","background-position":"center center","background-size":"auto","background-attachment":"scroll","background-type":"","background-media":"","overlay-type":"","overlay-color":"","overlay-opacity":"","overlay-gradient":""},"tablet":{"background-color":"var(--ast-global-color-5)","background-image":"","background-repeat":"repeat","background-position":"center center","background-size":"auto","background-attachment":"scroll","background-type":"","background-media":"","overlay-type":"","overlay-color":"","overlay-opacity":"","overlay-gradient":""},"mobile":{"background-color":"var(--ast-global-color-5)","background-image":"","background-repeat":"repeat","background-position":"center center","background-size":"auto","background-attachment":"scroll","background-type":"","background-media":"","overlay-type":"","overlay-color":"","overlay-opacity":"","overlay-gradient":""}},"jetpack_post_was_ever_published":false},"product_brand":[],"product_cat":[238],"product_tag":[541,550,1338],"class_list":{"0":"post-16664","1":"product","2":"type-product","3":"status-publish","4":"has-post-thumbnail","6":"product_cat-equipements","7":"product_tag-f10","8":"product_tag-milwaukee","9":"product_tag-thermometre","10":"desktop-align-center","11":"tablet-align-left","12":"mobile-align-left","14":"first","15":"outofstock","16":"taxable","17":"shipping-taxable","18":"purchasable","19":"product-type-simple"},"yoast_head":"<!-- This site is optimized with the Yoast SEO plugin v27.4 - https:\/\/yoast.com\/product\/yoast-seo-wordpress\/ -->\n<title>Thermometre avec sonde fixe MILWAUKEE - La Boutique en ligne<\/title>\n<meta name=\"description\" content=\"Le Thermometre avec sonde fixe MILWAUKEE est un thermom\u00e8tre de poche fiable,\u00e9quip\u00e9 d&#039;une sonde en acier inoxydable adapt\u00e9e \u00e0 toutes les applications.\" \/>\n<meta name=\"robots\" content=\"index, follow, max-snippet:-1, max-image-preview:large, max-video-preview:-1\" \/>\n<link rel=\"canonical\" href=\"https:\/\/store.microbiotech.dz\/index.php\/produit\/thermometre-avec-sonde-fixe-milwaukee\/\" \/>\n<meta property=\"og:locale\" content=\"fr_FR\" \/>\n<meta property=\"og:type\" content=\"article\" \/>\n<meta property=\"og:title\" content=\"Thermometre avec sonde fixe MILWAUKEE - La Boutique en ligne\" \/>\n<meta property=\"og:description\" content=\"Le Thermometre avec sonde fixe MILWAUKEE est un thermom\u00e8tre de poche fiable,\u00e9quip\u00e9 d&#039;une sonde en acier inoxydable adapt\u00e9e \u00e0 toutes les applications.\" \/>\n<meta property=\"og:url\" content=\"https:\/\/store.microbiotech.dz\/index.php\/produit\/thermometre-avec-sonde-fixe-milwaukee\/\" \/>\n<meta property=\"og:site_name\" content=\"La Boutique en ligne\" \/>\n<meta property=\"article:publisher\" content=\"https:\/\/www.facebook.com\/MicroBiotech.dz\" \/>\n<meta property=\"article:modified_time\" content=\"2025-11-23T08:03:21+00:00\" \/>\n<meta property=\"og:image\" content=\"https:\/\/store.microbiotech.dz\/wp-content\/uploads\/2025\/09\/Thermometre-avec-sonde-fixe-MILWAUKEE.webp\" \/>\n\t<meta property=\"og:image:width\" content=\"600\" \/>\n\t<meta property=\"og:image:height\" content=\"600\" \/>\n\t<meta property=\"og:image:type\" content=\"image\/webp\" \/>\n<meta name=\"twitter:card\" content=\"summary_large_image\" \/>\n<meta name=\"twitter:site\" content=\"@MicrobiotechD\" \/>\n<meta name=\"twitter:label1\" content=\"Dur\u00e9e de lecture estim\u00e9e\" \/>\n\t<meta name=\"twitter:data1\" content=\"1 minute\" \/>\n<script type=\"application\/ld+json\" class=\"yoast-schema-graph\">{\"@context\":\"https:\\\/\\\/schema.org\",\"@graph\":[{\"@type\":\"WebPage\",\"@id\":\"https:\\\/\\\/store.microbiotech.dz\\\/index.php\\\/produit\\\/thermometre-avec-sonde-fixe-milwaukee\\\/\",\"url\":\"https:\\\/\\\/store.microbiotech.dz\\\/index.php\\\/produit\\\/thermometre-avec-sonde-fixe-milwaukee\\\/\",\"name\":\"Thermometre avec sonde fixe MILWAUKEE - La Boutique en ligne\",\"isPartOf\":{\"@id\":\"https:\\\/\\\/store.microbiotech.dz\\\/#website\"},\"primaryImageOfPage\":{\"@id\":\"https:\\\/\\\/store.microbiotech.dz\\\/index.php\\\/produit\\\/thermometre-avec-sonde-fixe-milwaukee\\\/#primaryimage\"},\"image\":{\"@id\":\"https:\\\/\\\/store.microbiotech.dz\\\/index.php\\\/produit\\\/thermometre-avec-sonde-fixe-milwaukee\\\/#primaryimage\"},\"thumbnailUrl\":\"https:\\\/\\\/store.microbiotech.dz\\\/wp-content\\\/uploads\\\/2025\\\/09\\\/Thermometre-avec-sonde-fixe-MILWAUKEE.webp\",\"datePublished\":\"2025-09-07T12:36:55+00:00\",\"dateModified\":\"2025-11-23T08:03:21+00:00\",\"description\":\"Le Thermometre avec sonde fixe MILWAUKEE est un thermom\u00e8tre de poche fiable,\u00e9quip\u00e9 d'une sonde en acier inoxydable adapt\u00e9e \u00e0 toutes les applications.\",\"breadcrumb\":{\"@id\":\"https:\\\/\\\/store.microbiotech.dz\\\/index.php\\\/produit\\\/thermometre-avec-sonde-fixe-milwaukee\\\/#breadcrumb\"},\"inLanguage\":\"fr-FR\",\"potentialAction\":[{\"@type\":\"ReadAction\",\"target\":[\"https:\\\/\\\/store.microbiotech.dz\\\/index.php\\\/produit\\\/thermometre-avec-sonde-fixe-milwaukee\\\/\"]}]},{\"@type\":\"ImageObject\",\"inLanguage\":\"fr-FR\",\"@id\":\"https:\\\/\\\/store.microbiotech.dz\\\/index.php\\\/produit\\\/thermometre-avec-sonde-fixe-milwaukee\\\/#primaryimage\",\"url\":\"https:\\\/\\\/store.microbiotech.dz\\\/wp-content\\\/uploads\\\/2025\\\/09\\\/Thermometre-avec-sonde-fixe-MILWAUKEE.webp\",\"contentUrl\":\"https:\\\/\\\/store.microbiotech.dz\\\/wp-content\\\/uploads\\\/2025\\\/09\\\/Thermometre-avec-sonde-fixe-MILWAUKEE.webp\",\"width\":600,\"height\":600},{\"@type\":\"BreadcrumbList\",\"@id\":\"https:\\\/\\\/store.microbiotech.dz\\\/index.php\\\/produit\\\/thermometre-avec-sonde-fixe-milwaukee\\\/#breadcrumb\",\"itemListElement\":[{\"@type\":\"ListItem\",\"position\":1,\"name\":\"Accueil\",\"item\":\"https:\\\/\\\/store.microbiotech.dz\\\/\"},{\"@type\":\"ListItem\",\"position\":2,\"name\":\"Nos Produits\",\"item\":\"https:\\\/\\\/store.microbiotech.dz\\\/index.php\\\/nos-produits\\\/\"},{\"@type\":\"ListItem\",\"position\":3,\"name\":\"Thermometre avec sonde fixe MILWAUKEE\"}]},{\"@type\":\"WebSite\",\"@id\":\"https:\\\/\\\/store.microbiotech.dz\\\/#website\",\"url\":\"https:\\\/\\\/store.microbiotech.dz\\\/\",\"name\":\"La Boutique en ligne\",\"description\":\"Qualit\u00e9 - Rapidit\u00e9 - Tranquillit\u00e9\",\"publisher\":{\"@id\":\"https:\\\/\\\/store.microbiotech.dz\\\/#organization\"},\"potentialAction\":[{\"@type\":\"SearchAction\",\"target\":{\"@type\":\"EntryPoint\",\"urlTemplate\":\"https:\\\/\\\/store.microbiotech.dz\\\/?s={search_term_string}\"},\"query-input\":{\"@type\":\"PropertyValueSpecification\",\"valueRequired\":true,\"valueName\":\"search_term_string\"}}],\"inLanguage\":\"fr-FR\"},{\"@type\":\"Organization\",\"@id\":\"https:\\\/\\\/store.microbiotech.dz\\\/#organization\",\"name\":\"Microbiotech EURL\",\"url\":\"https:\\\/\\\/store.microbiotech.dz\\\/\",\"logo\":{\"@type\":\"ImageObject\",\"inLanguage\":\"fr-FR\",\"@id\":\"https:\\\/\\\/store.microbiotech.dz\\\/#\\\/schema\\\/logo\\\/image\\\/\",\"url\":\"https:\\\/\\\/store.microbiotech.dz\\\/wp-content\\\/uploads\\\/2021\\\/09\\\/cropped-logo-microbiotech-2.jpg\",\"contentUrl\":\"https:\\\/\\\/store.microbiotech.dz\\\/wp-content\\\/uploads\\\/2021\\\/09\\\/cropped-logo-microbiotech-2.jpg\",\"width\":815,\"height\":586,\"caption\":\"Microbiotech EURL\"},\"image\":{\"@id\":\"https:\\\/\\\/store.microbiotech.dz\\\/#\\\/schema\\\/logo\\\/image\\\/\"},\"sameAs\":[\"https:\\\/\\\/www.facebook.com\\\/MicroBiotech.dz\",\"https:\\\/\\\/x.com\\\/MicrobiotechD\",\"https:\\\/\\\/www.linkedin.com\\\/in\\\/microbiotech\\\/\",\"https:\\\/\\\/www.youtube.com\\\/channel\\\/UCTxc3VIiX7LXD2LQYfZEcDg\"]}]}<\/script>\n<!-- \/ Yoast SEO plugin. -->","yoast_head_json":{"title":"Thermometre avec sonde fixe MILWAUKEE - La Boutique en ligne","description":"Le Thermometre avec sonde fixe MILWAUKEE est un thermom\u00e8tre de poche fiable,\u00e9quip\u00e9 d'une sonde en acier inoxydable adapt\u00e9e \u00e0 toutes les applications.","robots":{"index":"index","follow":"follow","max-snippet":"max-snippet:-1","max-image-preview":"max-image-preview:large","max-video-preview":"max-video-preview:-1"},"canonical":"https:\/\/store.microbiotech.dz\/index.php\/produit\/thermometre-avec-sonde-fixe-milwaukee\/","og_locale":"fr_FR","og_type":"article","og_title":"Thermometre avec sonde fixe MILWAUKEE - La Boutique en ligne","og_description":"Le Thermometre avec sonde fixe MILWAUKEE est un thermom\u00e8tre de poche fiable,\u00e9quip\u00e9 d'une sonde en acier inoxydable adapt\u00e9e \u00e0 toutes les applications.","og_url":"https:\/\/store.microbiotech.dz\/index.php\/produit\/thermometre-avec-sonde-fixe-milwaukee\/","og_site_name":"La Boutique en ligne","article_publisher":"https:\/\/www.facebook.com\/MicroBiotech.dz","article_modified_time":"2025-11-23T08:03:21+00:00","og_image":[{"width":600,"height":600,"url":"https:\/\/store.microbiotech.dz\/wp-content\/uploads\/2025\/09\/Thermometre-avec-sonde-fixe-MILWAUKEE.webp","type":"image\/webp"}],"twitter_card":"summary_large_image","twitter_site":"@MicrobiotechD","twitter_misc":{"Dur\u00e9e de lecture estim\u00e9e":"1 minute"},"schema":{"@context":"https:\/\/schema.org","@graph":[{"@type":"WebPage","@id":"https:\/\/store.microbiotech.dz\/index.php\/produit\/thermometre-avec-sonde-fixe-milwaukee\/","url":"https:\/\/store.microbiotech.dz\/index.php\/produit\/thermometre-avec-sonde-fixe-milwaukee\/","name":"Thermometre avec sonde fixe MILWAUKEE - La Boutique en ligne","isPartOf":{"@id":"https:\/\/store.microbiotech.dz\/#website"},"primaryImageOfPage":{"@id":"https:\/\/store.microbiotech.dz\/index.php\/produit\/thermometre-avec-sonde-fixe-milwaukee\/#primaryimage"},"image":{"@id":"https:\/\/store.microbiotech.dz\/index.php\/produit\/thermometre-avec-sonde-fixe-milwaukee\/#primaryimage"},"thumbnailUrl":"https:\/\/store.microbiotech.dz\/wp-content\/uploads\/2025\/09\/Thermometre-avec-sonde-fixe-MILWAUKEE.webp","datePublished":"2025-09-07T12:36:55+00:00","dateModified":"2025-11-23T08:03:21+00:00","description":"Le Thermometre avec sonde fixe MILWAUKEE est un thermom\u00e8tre de poche fiable,\u00e9quip\u00e9 d'une sonde en acier inoxydable adapt\u00e9e \u00e0 toutes les applications.","breadcrumb":{"@id":"https:\/\/store.microbiotech.dz\/index.php\/produit\/thermometre-avec-sonde-fixe-milwaukee\/#breadcrumb"},"inLanguage":"fr-FR","potentialAction":[{"@type":"ReadAction","target":["https:\/\/store.microbiotech.dz\/index.php\/produit\/thermometre-avec-sonde-fixe-milwaukee\/"]}]},{"@type":"ImageObject","inLanguage":"fr-FR","@id":"https:\/\/store.microbiotech.dz\/index.php\/produit\/thermometre-avec-sonde-fixe-milwaukee\/#primaryimage","url":"https:\/\/store.microbiotech.dz\/wp-content\/uploads\/2025\/09\/Thermometre-avec-sonde-fixe-MILWAUKEE.webp","contentUrl":"https:\/\/store.microbiotech.dz\/wp-content\/uploads\/2025\/09\/Thermometre-avec-sonde-fixe-MILWAUKEE.webp","width":600,"height":600},{"@type":"BreadcrumbList","@id":"https:\/\/store.microbiotech.dz\/index.php\/produit\/thermometre-avec-sonde-fixe-milwaukee\/#breadcrumb","itemListElement":[{"@type":"ListItem","position":1,"name":"Accueil","item":"https:\/\/store.microbiotech.dz\/"},{"@type":"ListItem","position":2,"name":"Nos Produits","item":"https:\/\/store.microbiotech.dz\/index.php\/nos-produits\/"},{"@type":"ListItem","position":3,"name":"Thermometre avec sonde fixe MILWAUKEE"}]},{"@type":"WebSite","@id":"https:\/\/store.microbiotech.dz\/#website","url":"https:\/\/store.microbiotech.dz\/","name":"La Boutique en ligne","description":"Qualit\u00e9 - Rapidit\u00e9 - Tranquillit\u00e9","publisher":{"@id":"https:\/\/store.microbiotech.dz\/#organization"},"potentialAction":[{"@type":"SearchAction","target":{"@type":"EntryPoint","urlTemplate":"https:\/\/store.microbiotech.dz\/?s={search_term_string}"},"query-input":{"@type":"PropertyValueSpecification","valueRequired":true,"valueName":"search_term_string"}}],"inLanguage":"fr-FR"},{"@type":"Organization","@id":"https:\/\/store.microbiotech.dz\/#organization","name":"Microbiotech EURL","url":"https:\/\/store.microbiotech.dz\/","logo":{"@type":"ImageObject","inLanguage":"fr-FR","@id":"https:\/\/store.microbiotech.dz\/#\/schema\/logo\/image\/","url":"https:\/\/store.microbiotech.dz\/wp-content\/uploads\/2021\/09\/cropped-logo-microbiotech-2.jpg","contentUrl":"https:\/\/store.microbiotech.dz\/wp-content\/uploads\/2021\/09\/cropped-logo-microbiotech-2.jpg","width":815,"height":586,"caption":"Microbiotech EURL"},"image":{"@id":"https:\/\/store.microbiotech.dz\/#\/schema\/logo\/image\/"},"sameAs":["https:\/\/www.facebook.com\/MicroBiotech.dz","https:\/\/x.com\/MicrobiotechD","https:\/\/www.linkedin.com\/in\/microbiotech\/","https:\/\/www.youtube.com\/channel\/UCTxc3VIiX7LXD2LQYfZEcDg"]}]}},"jetpack_sharing_enabled":true,"_links":{"self":[{"href":"https:\/\/store.microbiotech.dz\/index.php\/wp-json\/wp\/v2\/product\/16664","targetHints":{"allow":["GET"]}}],"collection":[{"href":"https:\/\/store.microbiotech.dz\/index.php\/wp-json\/wp\/v2\/product"}],"about":[{"href":"https:\/\/store.microbiotech.dz\/index.php\/wp-json\/wp\/v2\/types\/product"}],"replies":[{"embeddable":true,"href":"https:\/\/store.microbiotech.dz\/index.php\/wp-json\/wp\/v2\/comments?post=16664"}],"wp:featuredmedia":[{"embeddable":true,"href":"https:\/\/store.microbiotech.dz\/index.php\/wp-json\/wp\/v2\/media\/16689"}],"wp:attachment":[{"href":"https:\/\/store.microbiotech.dz\/index.php\/wp-json\/wp\/v2\/media?parent=16664"}],"wp:term":[{"taxonomy":"product_brand","embeddable":true,"href":"https:\/\/store.microbiotech.dz\/index.php\/wp-json\/wp\/v2\/product_brand?post=16664"},{"taxonomy":"product_cat","embeddable":true,"href":"https:\/\/store.microbiotech.dz\/index.php\/wp-json\/wp\/v2\/product_cat?post=16664"},{"taxonomy":"product_tag","embeddable":true,"href":"https:\/\/store.microbiotech.dz\/index.php\/wp-json\/wp\/v2\/product_tag?post=16664"}],"curies":[{"name":"wp","href":"https:\/\/api.w.org\/{rel}","templated":true}]}}