{"id":16638,"date":"2025-09-08T11:29:49","date_gmt":"2025-09-08T10:29:49","guid":{"rendered":"https:\/\/store.microbiotech.dz\/?post_type=product&#038;p=16638"},"modified":"2026-05-11T13:29:00","modified_gmt":"2026-05-11T12:29:00","slug":"multiparametre-de-paillasse-5-en-1-milwaukee","status":"publish","type":"product","link":"https:\/\/store.microbiotech.dz\/index.php\/produit\/multiparametre-de-paillasse-5-en-1-milwaukee\/","title":{"rendered":"Multiparametre de paillasse 5 en 1 pH\/mV\/EC\/TDS\/NaCl\/Temp Milwaukee"},"content":{"rendered":"<p data-start=\"105\" data-end=\"258\"><strong data-start=\"105\" data-end=\"258\"><a href=\"https:\/\/store.microbiotech.dz\/index.php\/etiquette-produit\/multiparametre\/\" target=\"_blank\" rel=\"noopener\">Multiparametre<\/a> de paillasse 5 en 1 pH\/mV\/EC\/TDS\/NaCl\/Temp <a href=\"https:\/\/milwaukeeinstruments.eu\/\" target=\"_blank\" rel=\"noopener\">Milwaukee<\/a> \u2013<\/strong><strong data-start=\"125\" data-end=\"278\">Appareil de Banc pour pH\/mV\/EC\/TDS\/NaCl\/Temp\u00e9rature avec Enregistrement de Donn\u00e9es \u2013 Pr\u00e9cision Multi-Param\u00e8tres Professionnelle<\/strong><\/p>\n<p data-start=\"280\" data-end=\"346\"><strong data-start=\"280\" data-end=\"346\">Une solution compl\u00e8te pour l\u2019analyse multi-param\u00e8tres de l\u2019eau<\/strong><\/p>\n<p data-start=\"348\" data-end=\"677\">Dans les environnements professionnels, la qualit\u00e9 de l\u2019eau n\u00e9cessite plus qu\u2019une simple mesure de pH. Les professionnels ont besoin d&rsquo;un appareil pr\u00e9cis pour analyser plusieurs param\u00e8tres. Que ce soit en laboratoire, en industrie, pour la surveillance environnementale ou la production alimentaire, la pr\u00e9cision est essentielle.<\/p>\n<p data-start=\"679\" data-end=\"975\">Le Milwaukee MW180 MAX r\u00e9pond \u00e0 ce besoin. Il mesure le pH, l\u2019ORP (mV), la conductivit\u00e9 (EC), les TDS, la salinit\u00e9 (NaCl) et la temp\u00e9rature. Il permet d\u2019enregistrer les donn\u00e9es pour garantir la tra\u00e7abilit\u00e9 et la conformit\u00e9 aux normes. Cet appareil compact assure une utilisation facile et fiable.<\/p>\n<p data-start=\"977\" data-end=\"1162\">Avec une calibration avanc\u00e9e et des sondes robustes, le MW180 MAX est con\u00e7u pour les professionnels exigeants. Il simplifie les tests quotidiens tout en offrant confiance et pr\u00e9cision.<\/p>\n","protected":false},"excerpt":{"rendered":"<p>Marque:\u00a0<strong>Milwaukee<\/strong><strong><img loading=\"lazy\" decoding=\"async\" class=\"wp-image-1507 alignnone lazyloaded\" src=\"https:\/\/store.microbiotech.dz\/wp-content\/uploads\/2022\/02\/Sans-titre-1.png\" alt=\"\" width=\"29\" height=\"27\" data-src=\"https:\/\/store.microbiotech.dz\/wp-content\/uploads\/2022\/02\/Sans-titre-1.png\" \/><\/strong><br \/>\nPlage de pH : <strong>-2.00 to 20.00 pH \/ -2.000 to 20.000 pH<\/strong><br \/>\nPlage EC : <strong>0.00 to 29.99 uS\/cm \/ 30.0 to 299.9 uS\/cm | 300 to 2999 uS\/cm | 3.00 to 29.99 mS\/cm | 30.0 to 200.0 mS\/cm, up to 500.0 mS\/cm<\/strong><br \/>\nGamme TDS :<strong> 0.00 to 14.99 ppm (mg\/L) | 15.0 to 149.9 ppm (mg\/L) | 150 to 1499 ppm (mg\/L) | 1.50 to 14.99 g\/L (ppt) | 15.0 to 100.0 g\/L (ppt)| up to 400 g\/L<\/strong><br \/>\nGamme de salinit\u00e9 :<strong> \u00b10.20 pH\u00a0<\/strong><br \/>\nR\u00e9solution EC : <strong>0.01 \u00b5S\/cm; 0.1 \u00b5S\/cm; 1 \u00b5S\/cm; 0.01 mS\/cm; 0.1 mS\/cm<\/strong><br \/>\nR\u00e9solution TDS : <strong>0.01 ppm (mg\/L); 0.1 ppm (mg\/L); 1 ppm (mg\/L); 0.01 ppt (g\/L); 0.1 ppt ( g\/L)<\/strong><br \/>\nPr\u00e9cision du pH : <strong>0.01 pH \/ 0.001 pH<\/strong><br \/>\nEnvironnement : <strong>0 \u00e0 50\u00a0\u00b0C \/ 32 \u00e0 122\u00a0\u00b0F\u00a0;\u00a0HR max 95%<\/strong><br \/>\nDimensions : <strong>230 x 160 x 95 mm\u00a0<\/strong><\/p>\n","protected":false},"featured_media":16709,"comment_status":"open","ping_status":"closed","template":"","meta":{"site-sidebar-layout":"default","site-content-layout":"","ast-site-content-layout":"default","site-content-style":"default","site-sidebar-style":"default","ast-global-header-display":"","ast-banner-title-visibility":"","ast-main-header-display":"","ast-hfb-above-header-display":"","ast-hfb-below-header-display":"","ast-hfb-mobile-header-display":"","site-post-title":"","ast-breadcrumbs-content":"","ast-featured-img":"","footer-sml-layout":"","ast-disable-related-posts":"","theme-transparent-header-meta":"default","adv-header-id-meta":"","stick-header-meta":"","header-above-stick-meta":"","header-main-stick-meta":"","header-below-stick-meta":"","astra-migrate-meta-layouts":"set","ast-page-background-enabled":"default","ast-page-background-meta":{"desktop":{"background-color":"var(--ast-global-color-4)","background-image":"","background-repeat":"repeat","background-position":"center center","background-size":"auto","background-attachment":"scroll","background-type":"","background-media":"","overlay-type":"","overlay-color":"","overlay-opacity":"","overlay-gradient":""},"tablet":{"background-color":"","background-image":"","background-repeat":"repeat","background-position":"center center","background-size":"auto","background-attachment":"scroll","background-type":"","background-media":"","overlay-type":"","overlay-color":"","overlay-opacity":"","overlay-gradient":""},"mobile":{"background-color":"","background-image":"","background-repeat":"repeat","background-position":"center center","background-size":"auto","background-attachment":"scroll","background-type":"","background-media":"","overlay-type":"","overlay-color":"","overlay-opacity":"","overlay-gradient":""}},"ast-content-background-meta":{"desktop":{"background-color":"var(--ast-global-color-5)","background-image":"","background-repeat":"repeat","background-position":"center center","background-size":"auto","background-attachment":"scroll","background-type":"","background-media":"","overlay-type":"","overlay-color":"","overlay-opacity":"","overlay-gradient":""},"tablet":{"background-color":"var(--ast-global-color-5)","background-image":"","background-repeat":"repeat","background-position":"center center","background-size":"auto","background-attachment":"scroll","background-type":"","background-media":"","overlay-type":"","overlay-color":"","overlay-opacity":"","overlay-gradient":""},"mobile":{"background-color":"var(--ast-global-color-5)","background-image":"","background-repeat":"repeat","background-position":"center center","background-size":"auto","background-attachment":"scroll","background-type":"","background-media":"","overlay-type":"","overlay-color":"","overlay-opacity":"","overlay-gradient":""}}},"product_brand":[],"product_cat":[238],"product_tag":[278,541,1228,549,550,1231,157,546,1155],"class_list":{"0":"post-16638","1":"product","2":"type-product","3":"status-publish","4":"has-post-thumbnail","6":"product_cat-equipements","7":"product_tag-ampoule-a-decanter","8":"product_tag-f10","9":"product_tag-f104","10":"product_tag-f21","11":"product_tag-milwaukee","12":"product_tag-multiparametre","13":"product_tag-nacl","14":"product_tag-ph","15":"product_tag-tds","16":"desktop-align-center","17":"tablet-align-left","18":"mobile-align-left","20":"first","21":"instock","22":"taxable","23":"shipping-taxable","24":"purchasable","25":"product-type-simple"},"yoast_head":"<!-- This site is optimized with the Yoast SEO plugin v27.5 - https:\/\/yoast.com\/product\/yoast-seo-wordpress\/ -->\n<title>Multiparametre de paillasse 5 en 1 pH\/mV\/EC\/TDS\/NaCl\/Temp Milwaukee - La Boutique en ligne<\/title>\n<meta name=\"description\" content=\"Multiparametre de paillasse 5 en 1 Milwaukee \u2013Appareil de Banc pour pH\/mV\/EC\/TDS\/NaCl\/Temp\u00e9rature avec Enregistrement de Donn\u00e9es \u2013 Pr\u00e9cision MultiParam\u00e8tres\" \/>\n<meta name=\"robots\" content=\"index, follow, max-snippet:-1, max-image-preview:large, max-video-preview:-1\" \/>\n<link rel=\"canonical\" href=\"https:\/\/store.microbiotech.dz\/index.php\/produit\/multiparametre-de-paillasse-5-en-1-milwaukee\/\" \/>\n<meta property=\"og:locale\" content=\"fr_FR\" \/>\n<meta property=\"og:type\" content=\"article\" \/>\n<meta property=\"og:title\" content=\"Multiparametre de paillasse 5 en 1 pH\/mV\/EC\/TDS\/NaCl\/Temp Milwaukee - La Boutique en ligne\" \/>\n<meta property=\"og:description\" content=\"Multiparametre de paillasse 5 en 1 Milwaukee \u2013Appareil de Banc pour pH\/mV\/EC\/TDS\/NaCl\/Temp\u00e9rature avec Enregistrement de Donn\u00e9es \u2013 Pr\u00e9cision MultiParam\u00e8tres\" \/>\n<meta property=\"og:url\" content=\"https:\/\/store.microbiotech.dz\/index.php\/produit\/multiparametre-de-paillasse-5-en-1-milwaukee\/\" \/>\n<meta property=\"og:site_name\" content=\"La Boutique en ligne\" \/>\n<meta property=\"article:publisher\" content=\"https:\/\/www.facebook.com\/MicroBiotech.dz\" \/>\n<meta property=\"article:modified_time\" content=\"2026-05-11T12:29:00+00:00\" \/>\n<meta property=\"og:image\" content=\"https:\/\/store.microbiotech.dz\/wp-content\/uploads\/2025\/09\/MW180-MAX-Top__40596-1.jpg\" \/>\n\t<meta property=\"og:image:width\" content=\"600\" \/>\n\t<meta property=\"og:image:height\" content=\"600\" \/>\n\t<meta property=\"og:image:type\" content=\"image\/jpeg\" \/>\n<meta name=\"twitter:card\" content=\"summary_large_image\" \/>\n<meta name=\"twitter:site\" content=\"@MicrobiotechD\" \/>\n<meta name=\"twitter:label1\" content=\"Dur\u00e9e de lecture estim\u00e9e\" \/>\n\t<meta name=\"twitter:data1\" content=\"1 minute\" \/>\n<script type=\"application\/ld+json\" class=\"yoast-schema-graph\">{\"@context\":\"https:\\\/\\\/schema.org\",\"@graph\":[{\"@type\":\"WebPage\",\"@id\":\"https:\\\/\\\/store.microbiotech.dz\\\/index.php\\\/produit\\\/multiparametre-de-paillasse-5-en-1-milwaukee\\\/\",\"url\":\"https:\\\/\\\/store.microbiotech.dz\\\/index.php\\\/produit\\\/multiparametre-de-paillasse-5-en-1-milwaukee\\\/\",\"name\":\"Multiparametre de paillasse 5 en 1 pH\\\/mV\\\/EC\\\/TDS\\\/NaCl\\\/Temp Milwaukee - La Boutique en ligne\",\"isPartOf\":{\"@id\":\"https:\\\/\\\/store.microbiotech.dz\\\/#website\"},\"primaryImageOfPage\":{\"@id\":\"https:\\\/\\\/store.microbiotech.dz\\\/index.php\\\/produit\\\/multiparametre-de-paillasse-5-en-1-milwaukee\\\/#primaryimage\"},\"image\":{\"@id\":\"https:\\\/\\\/store.microbiotech.dz\\\/index.php\\\/produit\\\/multiparametre-de-paillasse-5-en-1-milwaukee\\\/#primaryimage\"},\"thumbnailUrl\":\"https:\\\/\\\/store.microbiotech.dz\\\/wp-content\\\/uploads\\\/2025\\\/09\\\/MW180-MAX-Top__40596-1.jpg\",\"datePublished\":\"2025-09-08T10:29:49+00:00\",\"dateModified\":\"2026-05-11T12:29:00+00:00\",\"description\":\"Multiparametre de paillasse 5 en 1 Milwaukee \u2013Appareil de Banc pour pH\\\/mV\\\/EC\\\/TDS\\\/NaCl\\\/Temp\u00e9rature avec Enregistrement de Donn\u00e9es \u2013 Pr\u00e9cision MultiParam\u00e8tres\",\"breadcrumb\":{\"@id\":\"https:\\\/\\\/store.microbiotech.dz\\\/index.php\\\/produit\\\/multiparametre-de-paillasse-5-en-1-milwaukee\\\/#breadcrumb\"},\"inLanguage\":\"fr-FR\",\"potentialAction\":[{\"@type\":\"ReadAction\",\"target\":[\"https:\\\/\\\/store.microbiotech.dz\\\/index.php\\\/produit\\\/multiparametre-de-paillasse-5-en-1-milwaukee\\\/\"]}]},{\"@type\":\"ImageObject\",\"inLanguage\":\"fr-FR\",\"@id\":\"https:\\\/\\\/store.microbiotech.dz\\\/index.php\\\/produit\\\/multiparametre-de-paillasse-5-en-1-milwaukee\\\/#primaryimage\",\"url\":\"https:\\\/\\\/store.microbiotech.dz\\\/wp-content\\\/uploads\\\/2025\\\/09\\\/MW180-MAX-Top__40596-1.jpg\",\"contentUrl\":\"https:\\\/\\\/store.microbiotech.dz\\\/wp-content\\\/uploads\\\/2025\\\/09\\\/MW180-MAX-Top__40596-1.jpg\",\"width\":600,\"height\":600},{\"@type\":\"BreadcrumbList\",\"@id\":\"https:\\\/\\\/store.microbiotech.dz\\\/index.php\\\/produit\\\/multiparametre-de-paillasse-5-en-1-milwaukee\\\/#breadcrumb\",\"itemListElement\":[{\"@type\":\"ListItem\",\"position\":1,\"name\":\"Accueil\",\"item\":\"https:\\\/\\\/store.microbiotech.dz\\\/\"},{\"@type\":\"ListItem\",\"position\":2,\"name\":\"Nos Produits\",\"item\":\"https:\\\/\\\/store.microbiotech.dz\\\/index.php\\\/nos-produits\\\/\"},{\"@type\":\"ListItem\",\"position\":3,\"name\":\"Multiparametre de paillasse 5 en 1 pH\\\/mV\\\/EC\\\/TDS\\\/NaCl\\\/Temp Milwaukee\"}]},{\"@type\":\"WebSite\",\"@id\":\"https:\\\/\\\/store.microbiotech.dz\\\/#website\",\"url\":\"https:\\\/\\\/store.microbiotech.dz\\\/\",\"name\":\"La Boutique en ligne\",\"description\":\"Qualit\u00e9 - Rapidit\u00e9 - Tranquillit\u00e9\",\"publisher\":{\"@id\":\"https:\\\/\\\/store.microbiotech.dz\\\/#organization\"},\"potentialAction\":[{\"@type\":\"SearchAction\",\"target\":{\"@type\":\"EntryPoint\",\"urlTemplate\":\"https:\\\/\\\/store.microbiotech.dz\\\/?s={search_term_string}\"},\"query-input\":{\"@type\":\"PropertyValueSpecification\",\"valueRequired\":true,\"valueName\":\"search_term_string\"}}],\"inLanguage\":\"fr-FR\"},{\"@type\":\"Organization\",\"@id\":\"https:\\\/\\\/store.microbiotech.dz\\\/#organization\",\"name\":\"Microbiotech EURL\",\"url\":\"https:\\\/\\\/store.microbiotech.dz\\\/\",\"logo\":{\"@type\":\"ImageObject\",\"inLanguage\":\"fr-FR\",\"@id\":\"https:\\\/\\\/store.microbiotech.dz\\\/#\\\/schema\\\/logo\\\/image\\\/\",\"url\":\"https:\\\/\\\/store.microbiotech.dz\\\/wp-content\\\/uploads\\\/2021\\\/09\\\/cropped-logo-microbiotech-2.jpg\",\"contentUrl\":\"https:\\\/\\\/store.microbiotech.dz\\\/wp-content\\\/uploads\\\/2021\\\/09\\\/cropped-logo-microbiotech-2.jpg\",\"width\":815,\"height\":586,\"caption\":\"Microbiotech EURL\"},\"image\":{\"@id\":\"https:\\\/\\\/store.microbiotech.dz\\\/#\\\/schema\\\/logo\\\/image\\\/\"},\"sameAs\":[\"https:\\\/\\\/www.facebook.com\\\/MicroBiotech.dz\",\"https:\\\/\\\/x.com\\\/MicrobiotechD\",\"https:\\\/\\\/www.linkedin.com\\\/in\\\/microbiotech\\\/\",\"https:\\\/\\\/www.youtube.com\\\/channel\\\/UCTxc3VIiX7LXD2LQYfZEcDg\"]}]}<\/script>\n<!-- \/ Yoast SEO plugin. -->","yoast_head_json":{"title":"Multiparametre de paillasse 5 en 1 pH\/mV\/EC\/TDS\/NaCl\/Temp Milwaukee - La Boutique en ligne","description":"Multiparametre de paillasse 5 en 1 Milwaukee \u2013Appareil de Banc pour pH\/mV\/EC\/TDS\/NaCl\/Temp\u00e9rature avec Enregistrement de Donn\u00e9es \u2013 Pr\u00e9cision MultiParam\u00e8tres","robots":{"index":"index","follow":"follow","max-snippet":"max-snippet:-1","max-image-preview":"max-image-preview:large","max-video-preview":"max-video-preview:-1"},"canonical":"https:\/\/store.microbiotech.dz\/index.php\/produit\/multiparametre-de-paillasse-5-en-1-milwaukee\/","og_locale":"fr_FR","og_type":"article","og_title":"Multiparametre de paillasse 5 en 1 pH\/mV\/EC\/TDS\/NaCl\/Temp Milwaukee - La Boutique en ligne","og_description":"Multiparametre de paillasse 5 en 1 Milwaukee \u2013Appareil de Banc pour pH\/mV\/EC\/TDS\/NaCl\/Temp\u00e9rature avec Enregistrement de Donn\u00e9es \u2013 Pr\u00e9cision MultiParam\u00e8tres","og_url":"https:\/\/store.microbiotech.dz\/index.php\/produit\/multiparametre-de-paillasse-5-en-1-milwaukee\/","og_site_name":"La Boutique en ligne","article_publisher":"https:\/\/www.facebook.com\/MicroBiotech.dz","article_modified_time":"2026-05-11T12:29:00+00:00","og_image":[{"width":600,"height":600,"url":"https:\/\/store.microbiotech.dz\/wp-content\/uploads\/2025\/09\/MW180-MAX-Top__40596-1.jpg","type":"image\/jpeg"}],"twitter_card":"summary_large_image","twitter_site":"@MicrobiotechD","twitter_misc":{"Dur\u00e9e de lecture estim\u00e9e":"1 minute"},"schema":{"@context":"https:\/\/schema.org","@graph":[{"@type":"WebPage","@id":"https:\/\/store.microbiotech.dz\/index.php\/produit\/multiparametre-de-paillasse-5-en-1-milwaukee\/","url":"https:\/\/store.microbiotech.dz\/index.php\/produit\/multiparametre-de-paillasse-5-en-1-milwaukee\/","name":"Multiparametre de paillasse 5 en 1 pH\/mV\/EC\/TDS\/NaCl\/Temp Milwaukee - La Boutique en ligne","isPartOf":{"@id":"https:\/\/store.microbiotech.dz\/#website"},"primaryImageOfPage":{"@id":"https:\/\/store.microbiotech.dz\/index.php\/produit\/multiparametre-de-paillasse-5-en-1-milwaukee\/#primaryimage"},"image":{"@id":"https:\/\/store.microbiotech.dz\/index.php\/produit\/multiparametre-de-paillasse-5-en-1-milwaukee\/#primaryimage"},"thumbnailUrl":"https:\/\/store.microbiotech.dz\/wp-content\/uploads\/2025\/09\/MW180-MAX-Top__40596-1.jpg","datePublished":"2025-09-08T10:29:49+00:00","dateModified":"2026-05-11T12:29:00+00:00","description":"Multiparametre de paillasse 5 en 1 Milwaukee \u2013Appareil de Banc pour pH\/mV\/EC\/TDS\/NaCl\/Temp\u00e9rature avec Enregistrement de Donn\u00e9es \u2013 Pr\u00e9cision MultiParam\u00e8tres","breadcrumb":{"@id":"https:\/\/store.microbiotech.dz\/index.php\/produit\/multiparametre-de-paillasse-5-en-1-milwaukee\/#breadcrumb"},"inLanguage":"fr-FR","potentialAction":[{"@type":"ReadAction","target":["https:\/\/store.microbiotech.dz\/index.php\/produit\/multiparametre-de-paillasse-5-en-1-milwaukee\/"]}]},{"@type":"ImageObject","inLanguage":"fr-FR","@id":"https:\/\/store.microbiotech.dz\/index.php\/produit\/multiparametre-de-paillasse-5-en-1-milwaukee\/#primaryimage","url":"https:\/\/store.microbiotech.dz\/wp-content\/uploads\/2025\/09\/MW180-MAX-Top__40596-1.jpg","contentUrl":"https:\/\/store.microbiotech.dz\/wp-content\/uploads\/2025\/09\/MW180-MAX-Top__40596-1.jpg","width":600,"height":600},{"@type":"BreadcrumbList","@id":"https:\/\/store.microbiotech.dz\/index.php\/produit\/multiparametre-de-paillasse-5-en-1-milwaukee\/#breadcrumb","itemListElement":[{"@type":"ListItem","position":1,"name":"Accueil","item":"https:\/\/store.microbiotech.dz\/"},{"@type":"ListItem","position":2,"name":"Nos Produits","item":"https:\/\/store.microbiotech.dz\/index.php\/nos-produits\/"},{"@type":"ListItem","position":3,"name":"Multiparametre de paillasse 5 en 1 pH\/mV\/EC\/TDS\/NaCl\/Temp Milwaukee"}]},{"@type":"WebSite","@id":"https:\/\/store.microbiotech.dz\/#website","url":"https:\/\/store.microbiotech.dz\/","name":"La Boutique en ligne","description":"Qualit\u00e9 - Rapidit\u00e9 - Tranquillit\u00e9","publisher":{"@id":"https:\/\/store.microbiotech.dz\/#organization"},"potentialAction":[{"@type":"SearchAction","target":{"@type":"EntryPoint","urlTemplate":"https:\/\/store.microbiotech.dz\/?s={search_term_string}"},"query-input":{"@type":"PropertyValueSpecification","valueRequired":true,"valueName":"search_term_string"}}],"inLanguage":"fr-FR"},{"@type":"Organization","@id":"https:\/\/store.microbiotech.dz\/#organization","name":"Microbiotech EURL","url":"https:\/\/store.microbiotech.dz\/","logo":{"@type":"ImageObject","inLanguage":"fr-FR","@id":"https:\/\/store.microbiotech.dz\/#\/schema\/logo\/image\/","url":"https:\/\/store.microbiotech.dz\/wp-content\/uploads\/2021\/09\/cropped-logo-microbiotech-2.jpg","contentUrl":"https:\/\/store.microbiotech.dz\/wp-content\/uploads\/2021\/09\/cropped-logo-microbiotech-2.jpg","width":815,"height":586,"caption":"Microbiotech EURL"},"image":{"@id":"https:\/\/store.microbiotech.dz\/#\/schema\/logo\/image\/"},"sameAs":["https:\/\/www.facebook.com\/MicroBiotech.dz","https:\/\/x.com\/MicrobiotechD","https:\/\/www.linkedin.com\/in\/microbiotech\/","https:\/\/www.youtube.com\/channel\/UCTxc3VIiX7LXD2LQYfZEcDg"]}]}},"jetpack_sharing_enabled":true,"_links":{"self":[{"href":"https:\/\/store.microbiotech.dz\/index.php\/wp-json\/wp\/v2\/product\/16638","targetHints":{"allow":["GET"]}}],"collection":[{"href":"https:\/\/store.microbiotech.dz\/index.php\/wp-json\/wp\/v2\/product"}],"about":[{"href":"https:\/\/store.microbiotech.dz\/index.php\/wp-json\/wp\/v2\/types\/product"}],"replies":[{"embeddable":true,"href":"https:\/\/store.microbiotech.dz\/index.php\/wp-json\/wp\/v2\/comments?post=16638"}],"wp:featuredmedia":[{"embeddable":true,"href":"https:\/\/store.microbiotech.dz\/index.php\/wp-json\/wp\/v2\/media\/16709"}],"wp:attachment":[{"href":"https:\/\/store.microbiotech.dz\/index.php\/wp-json\/wp\/v2\/media?parent=16638"}],"wp:term":[{"taxonomy":"product_brand","embeddable":true,"href":"https:\/\/store.microbiotech.dz\/index.php\/wp-json\/wp\/v2\/product_brand?post=16638"},{"taxonomy":"product_cat","embeddable":true,"href":"https:\/\/store.microbiotech.dz\/index.php\/wp-json\/wp\/v2\/product_cat?post=16638"},{"taxonomy":"product_tag","embeddable":true,"href":"https:\/\/store.microbiotech.dz\/index.php\/wp-json\/wp\/v2\/product_tag?post=16638"}],"curies":[{"name":"wp","href":"https:\/\/api.w.org\/{rel}","templated":true}]}}