{"id":16451,"date":"2025-08-11T15:56:36","date_gmt":"2025-08-11T14:56:36","guid":{"rendered":"https:\/\/store.microbiotech.dz\/?post_type=product&#038;p=16451"},"modified":"2025-12-28T11:55:04","modified_gmt":"2025-12-28T10:55:04","slug":"thermometre-portatif-pour-applications-haccp-hanna","status":"publish","type":"product","link":"https:\/\/store.microbiotech.dz\/index.php\/produit\/thermometre-portatif-pour-applications-haccp-hanna\/","title":{"rendered":"Thermom\u00e8tre Portatif ( Pour Applications HACCP ) HANNA"},"content":{"rendered":"<p data-start=\"149\" data-end=\"244\"><strong data-start=\"149\" data-end=\"242\">Thermom\u00e8tre Portatif ( Pour Applications HACCP ) <a href=\"https:\/\/store.microbiotech.dz\/index.php\/etiquette-produit\/hanna\/\" target=\"_blank\" rel=\"noopener\">HANNA<\/a> \u00a0\u2013 Pr\u00e9cision et Hygi\u00e8ne Professionnelle<\/strong><\/p>\n<p data-start=\"246\" data-end=\"527\">Assurez la s\u00e9curit\u00e9 alimentaire et la conformit\u00e9 <a href=\"https:\/\/fr.wikipedia.org\/wiki\/Syst%C3%A8me_d%27analyse_des_risques_et_de_ma%C3%AEtrise_des_points_critiques\" target=\"_blank\" rel=\"noopener\">HACCP<\/a> avec notre <strong data-start=\"312\" data-end=\"342\">thermom\u00e8tre \u00e0 thermistance<\/strong> haute pr\u00e9cision. Con\u00e7u pour les diff\u00e9rents types de laboratoires, pour les professionnels de la restauration, de l\u2019agroalimentaire et du contr\u00f4le qualit\u00e9 en g\u00e9n\u00e9ral, cet appareil garantit des mesures rapides et fiables.<\/p>\n<p data-start=\"529\" data-end=\"822\">Dot\u00e9 d\u2019une <strong data-start=\"540\" data-end=\"568\">sonde robuste et \u00e9tanche<\/strong>, il r\u00e9siste aux conditions exigeantes des environnements professionnels. Sa pr\u00e9cision de mesure est id\u00e9ale pour contr\u00f4ler les denr\u00e9es semi-solides, les liquides, les chambres froides et les zones de cuisson, tout en respectant les protocoles de s\u00e9curit\u00e9 sanitaire.<\/p>\n<p><span style=\"font-size: 16px;\"><strong data-start=\"149\" data-end=\"242\">Le Thermom\u00e8tre Portatif ( Pour Applications HACCP ) <a href=\"https:\/\/store.microbiotech.dz\/index.php\/etiquette-produit\/hanna\/\" target=\"_blank\" rel=\"noopener\">HANNA<\/a><\/strong>\u00a0est dot\u00e9 d\u2019un bo\u00eetier ergonomique, au design compact, offrant une excellente prise en main. Son bo\u00eetier blanc sanitaire, enti\u00e8rement \u00e9tanche, r\u00e9siste aux fortes humidit\u00e9s ainsi qu\u2019aux projections de liquides, tout en garantissant un nettoyage simple et rapide. Le mod\u00e8le HI93501 est conforme \u00e0 la norme EN 13485.<\/span><\/p>\n","protected":false},"excerpt":{"rendered":"<p>Marque :\u00a0<strong>HANNA instruments\u00a0<img loading=\"lazy\" decoding=\"async\" class=\"alignnone wp-image-5529\" src=\"https:\/\/store.microbiotech.dz\/wp-content\/uploads\/2023\/09\/15943523-le-drapeau-italien-sous-la-forme-d-une-icone-de-papier-glace-removebg-preview-300x300.png\" alt=\"\" width=\"42\" height=\"42\" srcset=\"https:\/\/store.microbiotech.dz\/wp-content\/uploads\/2023\/09\/15943523-le-drapeau-italien-sous-la-forme-d-une-icone-de-papier-glace-removebg-preview-300x300.png 300w, https:\/\/store.microbiotech.dz\/wp-content\/uploads\/2023\/09\/15943523-le-drapeau-italien-sous-la-forme-d-une-icone-de-papier-glace-removebg-preview-150x150.png 150w, https:\/\/store.microbiotech.dz\/wp-content\/uploads\/2023\/09\/15943523-le-drapeau-italien-sous-la-forme-d-une-icone-de-papier-glace-removebg-preview-100x100.png 100w, https:\/\/store.microbiotech.dz\/wp-content\/uploads\/2023\/09\/15943523-le-drapeau-italien-sous-la-forme-d-une-icone-de-papier-glace-removebg-preview.png 450w\" sizes=\"auto, (max-width: 42px) 100vw, 42px\" \/><\/strong><\/p>\n<ul>\n<li>Exactitude \u00b1 0,4 \u00b0C de -10 \u00e0 80 \u00b0C<\/li>\n<li>Conforme \u00e0 la norme EN 13485<\/li>\n<li>Bo\u00eetier ergonomique \u00e9tanche, ne craignant ni mesures sur site, ni environnements difficiles<\/li>\n<li>Fonction CAL CHECK \u00e0 l&rsquo;allumage : autocontr\u00f4le de l&rsquo;\u00e9tat de l&rsquo;\u00e9lectronique et de l&rsquo;exactitude de mesure de l&rsquo;instrument<\/li>\n<li>Indicateur de stabilit\u00e9 : indicateur visualisant l&rsquo;avancement de la stabilisation de la mesure et garantissant \u00e0 l&rsquo;utilisateur une lecture s\u00fbre<\/li>\n<li>Remplacement des piles simple et rapide<\/li>\n<li>Connexion de la sonde au bas de l&rsquo;instrument pour un meilleur maniement<\/li>\n<li>Sonde \u00e0 thermistance \u00e0 piquer, \u00e9talonn\u00e9e, en acier inoxydable, avec c\u00e2ble 1 m, pour produits semi-solides ou en d\u00e9cong\u00e9lation<\/li>\n<li>Excellent rapport qualit\u00e9\/prix<\/li>\n<\/ul>\n<p>T\u00e9l\u00e9chargement : <a href=\"https:\/\/store.microbiotech.dz\/wp-content\/uploads\/2025\/08\/Thermometre-a-thermistance-pour-application-HACCP.pdf\" target=\"_blank\" rel=\"noopener\">Fiche technique<\/a><\/p>\n","protected":false},"featured_media":16452,"comment_status":"open","ping_status":"closed","template":"","meta":{"site-sidebar-layout":"default","site-content-layout":"","ast-site-content-layout":"default","site-content-style":"default","site-sidebar-style":"default","ast-global-header-display":"","ast-banner-title-visibility":"","ast-main-header-display":"","ast-hfb-above-header-display":"","ast-hfb-below-header-display":"","ast-hfb-mobile-header-display":"","site-post-title":"","ast-breadcrumbs-content":"","ast-featured-img":"","footer-sml-layout":"","ast-disable-related-posts":"","theme-transparent-header-meta":"default","adv-header-id-meta":"","stick-header-meta":"","header-above-stick-meta":"","header-main-stick-meta":"","header-below-stick-meta":"","astra-migrate-meta-layouts":"set","ast-page-background-enabled":"default","ast-page-background-meta":{"desktop":{"background-color":"var(--ast-global-color-4)","background-image":"","background-repeat":"repeat","background-position":"center center","background-size":"auto","background-attachment":"scroll","background-type":"","background-media":"","overlay-type":"","overlay-color":"","overlay-opacity":"","overlay-gradient":""},"tablet":{"background-color":"","background-image":"","background-repeat":"repeat","background-position":"center center","background-size":"auto","background-attachment":"scroll","background-type":"","background-media":"","overlay-type":"","overlay-color":"","overlay-opacity":"","overlay-gradient":""},"mobile":{"background-color":"","background-image":"","background-repeat":"repeat","background-position":"center center","background-size":"auto","background-attachment":"scroll","background-type":"","background-media":"","overlay-type":"","overlay-color":"","overlay-opacity":"","overlay-gradient":""}},"ast-content-background-meta":{"desktop":{"background-color":"var(--ast-global-color-5)","background-image":"","background-repeat":"repeat","background-position":"center center","background-size":"auto","background-attachment":"scroll","background-type":"","background-media":"","overlay-type":"","overlay-color":"","overlay-opacity":"","overlay-gradient":""},"tablet":{"background-color":"var(--ast-global-color-5)","background-image":"","background-repeat":"repeat","background-position":"center center","background-size":"auto","background-attachment":"scroll","background-type":"","background-media":"","overlay-type":"","overlay-color":"","overlay-opacity":"","overlay-gradient":""},"mobile":{"background-color":"var(--ast-global-color-5)","background-image":"","background-repeat":"repeat","background-position":"center center","background-size":"auto","background-attachment":"scroll","background-type":"","background-media":"","overlay-type":"","overlay-color":"","overlay-opacity":"","overlay-gradient":""}},"jetpack_post_was_ever_published":false},"product_brand":[],"product_cat":[238],"product_tag":[2975,2014,3197,1942,1775,1338],"class_list":{"0":"post-16451","1":"product","2":"type-product","3":"status-publish","4":"has-post-thumbnail","6":"product_cat-equipements","7":"product_tag-agroalimentaire","8":"product_tag-f130","9":"product_tag-haccp","10":"product_tag-hanna","11":"product_tag-sonde-a-fromage","12":"product_tag-thermometre","13":"desktop-align-center","14":"tablet-align-left","15":"mobile-align-left","17":"first","18":"onbackorder","19":"taxable","20":"shipping-taxable","21":"purchasable","22":"product-type-simple"},"yoast_head":"<!-- This site is optimized with the Yoast SEO plugin v27.4 - https:\/\/yoast.com\/product\/yoast-seo-wordpress\/ -->\n<title>Thermom\u00e8tre Portatif ( Pour Applications HACCP ) HANNA<\/title>\n<meta name=\"description\" content=\"Assurez la s\u00e9curit\u00e9 alimentaire et la conformit\u00e9 HACCP avec notre Thermom\u00e8tre Portatif ( Pour Applications HACCP ) HANNA.\" \/>\n<meta name=\"robots\" content=\"index, follow, max-snippet:-1, max-image-preview:large, max-video-preview:-1\" \/>\n<link rel=\"canonical\" href=\"https:\/\/store.microbiotech.dz\/index.php\/produit\/thermometre-portatif-pour-applications-haccp-hanna\/\" \/>\n<meta property=\"og:locale\" content=\"fr_FR\" \/>\n<meta property=\"og:type\" content=\"article\" \/>\n<meta property=\"og:title\" content=\"Thermom\u00e8tre Portatif ( Pour Applications HACCP ) HANNA\" \/>\n<meta property=\"og:description\" content=\"Assurez la s\u00e9curit\u00e9 alimentaire et la conformit\u00e9 HACCP avec notre Thermom\u00e8tre Portatif ( Pour Applications HACCP ) HANNA.\" \/>\n<meta property=\"og:url\" content=\"https:\/\/store.microbiotech.dz\/index.php\/produit\/thermometre-portatif-pour-applications-haccp-hanna\/\" \/>\n<meta property=\"og:site_name\" content=\"La Boutique en ligne\" \/>\n<meta property=\"article:publisher\" content=\"https:\/\/www.facebook.com\/MicroBiotech.dz\" \/>\n<meta property=\"article:modified_time\" content=\"2025-12-28T10:55:04+00:00\" \/>\n<meta property=\"og:image\" content=\"https:\/\/store.microbiotech.dz\/wp-content\/uploads\/2025\/08\/hi93501-Hanna-logo.webp\" \/>\n\t<meta property=\"og:image:width\" content=\"600\" \/>\n\t<meta property=\"og:image:height\" content=\"600\" \/>\n\t<meta property=\"og:image:type\" content=\"image\/webp\" \/>\n<meta name=\"twitter:card\" content=\"summary_large_image\" \/>\n<meta name=\"twitter:site\" content=\"@MicrobiotechD\" \/>\n<meta name=\"twitter:label1\" content=\"Dur\u00e9e de lecture estim\u00e9e\" \/>\n\t<meta name=\"twitter:data1\" content=\"1 minute\" \/>\n<script type=\"application\/ld+json\" class=\"yoast-schema-graph\">{\"@context\":\"https:\\\/\\\/schema.org\",\"@graph\":[{\"@type\":\"WebPage\",\"@id\":\"https:\\\/\\\/store.microbiotech.dz\\\/index.php\\\/produit\\\/thermometre-portatif-pour-applications-haccp-hanna\\\/\",\"url\":\"https:\\\/\\\/store.microbiotech.dz\\\/index.php\\\/produit\\\/thermometre-portatif-pour-applications-haccp-hanna\\\/\",\"name\":\"Thermom\u00e8tre Portatif ( Pour Applications HACCP ) HANNA\",\"isPartOf\":{\"@id\":\"https:\\\/\\\/store.microbiotech.dz\\\/#website\"},\"primaryImageOfPage\":{\"@id\":\"https:\\\/\\\/store.microbiotech.dz\\\/index.php\\\/produit\\\/thermometre-portatif-pour-applications-haccp-hanna\\\/#primaryimage\"},\"image\":{\"@id\":\"https:\\\/\\\/store.microbiotech.dz\\\/index.php\\\/produit\\\/thermometre-portatif-pour-applications-haccp-hanna\\\/#primaryimage\"},\"thumbnailUrl\":\"https:\\\/\\\/store.microbiotech.dz\\\/wp-content\\\/uploads\\\/2025\\\/08\\\/hi93501-Hanna-logo.webp\",\"datePublished\":\"2025-08-11T14:56:36+00:00\",\"dateModified\":\"2025-12-28T10:55:04+00:00\",\"description\":\"Assurez la s\u00e9curit\u00e9 alimentaire et la conformit\u00e9 HACCP avec notre Thermom\u00e8tre Portatif ( Pour Applications HACCP ) HANNA.\",\"breadcrumb\":{\"@id\":\"https:\\\/\\\/store.microbiotech.dz\\\/index.php\\\/produit\\\/thermometre-portatif-pour-applications-haccp-hanna\\\/#breadcrumb\"},\"inLanguage\":\"fr-FR\",\"potentialAction\":[{\"@type\":\"ReadAction\",\"target\":[\"https:\\\/\\\/store.microbiotech.dz\\\/index.php\\\/produit\\\/thermometre-portatif-pour-applications-haccp-hanna\\\/\"]}]},{\"@type\":\"ImageObject\",\"inLanguage\":\"fr-FR\",\"@id\":\"https:\\\/\\\/store.microbiotech.dz\\\/index.php\\\/produit\\\/thermometre-portatif-pour-applications-haccp-hanna\\\/#primaryimage\",\"url\":\"https:\\\/\\\/store.microbiotech.dz\\\/wp-content\\\/uploads\\\/2025\\\/08\\\/hi93501-Hanna-logo.webp\",\"contentUrl\":\"https:\\\/\\\/store.microbiotech.dz\\\/wp-content\\\/uploads\\\/2025\\\/08\\\/hi93501-Hanna-logo.webp\",\"width\":600,\"height\":600},{\"@type\":\"BreadcrumbList\",\"@id\":\"https:\\\/\\\/store.microbiotech.dz\\\/index.php\\\/produit\\\/thermometre-portatif-pour-applications-haccp-hanna\\\/#breadcrumb\",\"itemListElement\":[{\"@type\":\"ListItem\",\"position\":1,\"name\":\"Accueil\",\"item\":\"https:\\\/\\\/store.microbiotech.dz\\\/\"},{\"@type\":\"ListItem\",\"position\":2,\"name\":\"Nos Produits\",\"item\":\"https:\\\/\\\/store.microbiotech.dz\\\/index.php\\\/nos-produits\\\/\"},{\"@type\":\"ListItem\",\"position\":3,\"name\":\"Thermom\u00e8tre Portatif ( Pour Applications HACCP ) HANNA\"}]},{\"@type\":\"WebSite\",\"@id\":\"https:\\\/\\\/store.microbiotech.dz\\\/#website\",\"url\":\"https:\\\/\\\/store.microbiotech.dz\\\/\",\"name\":\"La Boutique en ligne\",\"description\":\"Qualit\u00e9 - Rapidit\u00e9 - Tranquillit\u00e9\",\"publisher\":{\"@id\":\"https:\\\/\\\/store.microbiotech.dz\\\/#organization\"},\"potentialAction\":[{\"@type\":\"SearchAction\",\"target\":{\"@type\":\"EntryPoint\",\"urlTemplate\":\"https:\\\/\\\/store.microbiotech.dz\\\/?s={search_term_string}\"},\"query-input\":{\"@type\":\"PropertyValueSpecification\",\"valueRequired\":true,\"valueName\":\"search_term_string\"}}],\"inLanguage\":\"fr-FR\"},{\"@type\":\"Organization\",\"@id\":\"https:\\\/\\\/store.microbiotech.dz\\\/#organization\",\"name\":\"Microbiotech EURL\",\"url\":\"https:\\\/\\\/store.microbiotech.dz\\\/\",\"logo\":{\"@type\":\"ImageObject\",\"inLanguage\":\"fr-FR\",\"@id\":\"https:\\\/\\\/store.microbiotech.dz\\\/#\\\/schema\\\/logo\\\/image\\\/\",\"url\":\"https:\\\/\\\/store.microbiotech.dz\\\/wp-content\\\/uploads\\\/2021\\\/09\\\/cropped-logo-microbiotech-2.jpg\",\"contentUrl\":\"https:\\\/\\\/store.microbiotech.dz\\\/wp-content\\\/uploads\\\/2021\\\/09\\\/cropped-logo-microbiotech-2.jpg\",\"width\":815,\"height\":586,\"caption\":\"Microbiotech EURL\"},\"image\":{\"@id\":\"https:\\\/\\\/store.microbiotech.dz\\\/#\\\/schema\\\/logo\\\/image\\\/\"},\"sameAs\":[\"https:\\\/\\\/www.facebook.com\\\/MicroBiotech.dz\",\"https:\\\/\\\/x.com\\\/MicrobiotechD\",\"https:\\\/\\\/www.linkedin.com\\\/in\\\/microbiotech\\\/\",\"https:\\\/\\\/www.youtube.com\\\/channel\\\/UCTxc3VIiX7LXD2LQYfZEcDg\"]}]}<\/script>\n<!-- \/ Yoast SEO plugin. -->","yoast_head_json":{"title":"Thermom\u00e8tre Portatif ( Pour Applications HACCP ) HANNA","description":"Assurez la s\u00e9curit\u00e9 alimentaire et la conformit\u00e9 HACCP avec notre Thermom\u00e8tre Portatif ( Pour Applications HACCP ) HANNA.","robots":{"index":"index","follow":"follow","max-snippet":"max-snippet:-1","max-image-preview":"max-image-preview:large","max-video-preview":"max-video-preview:-1"},"canonical":"https:\/\/store.microbiotech.dz\/index.php\/produit\/thermometre-portatif-pour-applications-haccp-hanna\/","og_locale":"fr_FR","og_type":"article","og_title":"Thermom\u00e8tre Portatif ( Pour Applications HACCP ) HANNA","og_description":"Assurez la s\u00e9curit\u00e9 alimentaire et la conformit\u00e9 HACCP avec notre Thermom\u00e8tre Portatif ( Pour Applications HACCP ) HANNA.","og_url":"https:\/\/store.microbiotech.dz\/index.php\/produit\/thermometre-portatif-pour-applications-haccp-hanna\/","og_site_name":"La Boutique en ligne","article_publisher":"https:\/\/www.facebook.com\/MicroBiotech.dz","article_modified_time":"2025-12-28T10:55:04+00:00","og_image":[{"width":600,"height":600,"url":"https:\/\/store.microbiotech.dz\/wp-content\/uploads\/2025\/08\/hi93501-Hanna-logo.webp","type":"image\/webp"}],"twitter_card":"summary_large_image","twitter_site":"@MicrobiotechD","twitter_misc":{"Dur\u00e9e de lecture estim\u00e9e":"1 minute"},"schema":{"@context":"https:\/\/schema.org","@graph":[{"@type":"WebPage","@id":"https:\/\/store.microbiotech.dz\/index.php\/produit\/thermometre-portatif-pour-applications-haccp-hanna\/","url":"https:\/\/store.microbiotech.dz\/index.php\/produit\/thermometre-portatif-pour-applications-haccp-hanna\/","name":"Thermom\u00e8tre Portatif ( Pour Applications HACCP ) HANNA","isPartOf":{"@id":"https:\/\/store.microbiotech.dz\/#website"},"primaryImageOfPage":{"@id":"https:\/\/store.microbiotech.dz\/index.php\/produit\/thermometre-portatif-pour-applications-haccp-hanna\/#primaryimage"},"image":{"@id":"https:\/\/store.microbiotech.dz\/index.php\/produit\/thermometre-portatif-pour-applications-haccp-hanna\/#primaryimage"},"thumbnailUrl":"https:\/\/store.microbiotech.dz\/wp-content\/uploads\/2025\/08\/hi93501-Hanna-logo.webp","datePublished":"2025-08-11T14:56:36+00:00","dateModified":"2025-12-28T10:55:04+00:00","description":"Assurez la s\u00e9curit\u00e9 alimentaire et la conformit\u00e9 HACCP avec notre Thermom\u00e8tre Portatif ( Pour Applications HACCP ) HANNA.","breadcrumb":{"@id":"https:\/\/store.microbiotech.dz\/index.php\/produit\/thermometre-portatif-pour-applications-haccp-hanna\/#breadcrumb"},"inLanguage":"fr-FR","potentialAction":[{"@type":"ReadAction","target":["https:\/\/store.microbiotech.dz\/index.php\/produit\/thermometre-portatif-pour-applications-haccp-hanna\/"]}]},{"@type":"ImageObject","inLanguage":"fr-FR","@id":"https:\/\/store.microbiotech.dz\/index.php\/produit\/thermometre-portatif-pour-applications-haccp-hanna\/#primaryimage","url":"https:\/\/store.microbiotech.dz\/wp-content\/uploads\/2025\/08\/hi93501-Hanna-logo.webp","contentUrl":"https:\/\/store.microbiotech.dz\/wp-content\/uploads\/2025\/08\/hi93501-Hanna-logo.webp","width":600,"height":600},{"@type":"BreadcrumbList","@id":"https:\/\/store.microbiotech.dz\/index.php\/produit\/thermometre-portatif-pour-applications-haccp-hanna\/#breadcrumb","itemListElement":[{"@type":"ListItem","position":1,"name":"Accueil","item":"https:\/\/store.microbiotech.dz\/"},{"@type":"ListItem","position":2,"name":"Nos Produits","item":"https:\/\/store.microbiotech.dz\/index.php\/nos-produits\/"},{"@type":"ListItem","position":3,"name":"Thermom\u00e8tre Portatif ( Pour Applications HACCP ) HANNA"}]},{"@type":"WebSite","@id":"https:\/\/store.microbiotech.dz\/#website","url":"https:\/\/store.microbiotech.dz\/","name":"La Boutique en ligne","description":"Qualit\u00e9 - Rapidit\u00e9 - Tranquillit\u00e9","publisher":{"@id":"https:\/\/store.microbiotech.dz\/#organization"},"potentialAction":[{"@type":"SearchAction","target":{"@type":"EntryPoint","urlTemplate":"https:\/\/store.microbiotech.dz\/?s={search_term_string}"},"query-input":{"@type":"PropertyValueSpecification","valueRequired":true,"valueName":"search_term_string"}}],"inLanguage":"fr-FR"},{"@type":"Organization","@id":"https:\/\/store.microbiotech.dz\/#organization","name":"Microbiotech EURL","url":"https:\/\/store.microbiotech.dz\/","logo":{"@type":"ImageObject","inLanguage":"fr-FR","@id":"https:\/\/store.microbiotech.dz\/#\/schema\/logo\/image\/","url":"https:\/\/store.microbiotech.dz\/wp-content\/uploads\/2021\/09\/cropped-logo-microbiotech-2.jpg","contentUrl":"https:\/\/store.microbiotech.dz\/wp-content\/uploads\/2021\/09\/cropped-logo-microbiotech-2.jpg","width":815,"height":586,"caption":"Microbiotech EURL"},"image":{"@id":"https:\/\/store.microbiotech.dz\/#\/schema\/logo\/image\/"},"sameAs":["https:\/\/www.facebook.com\/MicroBiotech.dz","https:\/\/x.com\/MicrobiotechD","https:\/\/www.linkedin.com\/in\/microbiotech\/","https:\/\/www.youtube.com\/channel\/UCTxc3VIiX7LXD2LQYfZEcDg"]}]}},"jetpack_sharing_enabled":true,"_links":{"self":[{"href":"https:\/\/store.microbiotech.dz\/index.php\/wp-json\/wp\/v2\/product\/16451","targetHints":{"allow":["GET"]}}],"collection":[{"href":"https:\/\/store.microbiotech.dz\/index.php\/wp-json\/wp\/v2\/product"}],"about":[{"href":"https:\/\/store.microbiotech.dz\/index.php\/wp-json\/wp\/v2\/types\/product"}],"replies":[{"embeddable":true,"href":"https:\/\/store.microbiotech.dz\/index.php\/wp-json\/wp\/v2\/comments?post=16451"}],"wp:featuredmedia":[{"embeddable":true,"href":"https:\/\/store.microbiotech.dz\/index.php\/wp-json\/wp\/v2\/media\/16452"}],"wp:attachment":[{"href":"https:\/\/store.microbiotech.dz\/index.php\/wp-json\/wp\/v2\/media?parent=16451"}],"wp:term":[{"taxonomy":"product_brand","embeddable":true,"href":"https:\/\/store.microbiotech.dz\/index.php\/wp-json\/wp\/v2\/product_brand?post=16451"},{"taxonomy":"product_cat","embeddable":true,"href":"https:\/\/store.microbiotech.dz\/index.php\/wp-json\/wp\/v2\/product_cat?post=16451"},{"taxonomy":"product_tag","embeddable":true,"href":"https:\/\/store.microbiotech.dz\/index.php\/wp-json\/wp\/v2\/product_tag?post=16451"}],"curies":[{"name":"wp","href":"https:\/\/api.w.org\/{rel}","templated":true}]}}