{"id":16325,"date":"2025-07-29T15:05:14","date_gmt":"2025-07-29T14:05:14","guid":{"rendered":"https:\/\/store.microbiotech.dz\/?post_type=product&#038;p=16325"},"modified":"2025-07-30T09:32:07","modified_gmt":"2025-07-30T08:32:07","slug":"filtre-a-charbon-actif-pour-osmoseur-aquascan","status":"publish","type":"product","link":"https:\/\/store.microbiotech.dz\/index.php\/produit\/filtre-a-charbon-actif-pour-osmoseur-aquascan\/","title":{"rendered":"Filtre \u00e0 charbon actif pour osmoseur AQUASCAN"},"content":{"rendered":"<p>Le <a href=\"https:\/\/store.microbiotech.dz\/index.php\/etiquette-produit\/filtre\/\" target=\"_blank\" rel=\"noopener\">Filtre<\/a> \u00e0 charbon actif pour <a href=\"https:\/\/store.microbiotech.dz\/?s=osmoseur\" target=\"_blank\" rel=\"noopener\">osmoseur<\/a> AQUASCAN T33 est con\u00e7u pour am\u00e9liorer la qualit\u00e9 de l\u2019eau en \u00e9liminant les go\u00fbts, les odeurs et les r\u00e9sidus chimiques. Il s\u2019utilise principalement en post-filtration dans les syst\u00e8mes d\u2019osmose inverse. Gr\u00e2ce \u00e0 son charbon actif de haute qualit\u00e9, il purifie l\u2019eau efficacement et assure un meilleur go\u00fbt. Compact et facile \u00e0 installer, il convient aussi bien aux purificateurs domestiques qu\u2019aux applications de laboratoire.<\/p>\n","protected":false},"excerpt":{"rendered":"<p><span style=\"color: #ff0000;\"><strong>Prix affich\u00e9 en Hors Taxes<\/strong><\/span><\/p>\n<p>Origine\u00a0 : <b>Vietnam <strong><img loading=\"lazy\" decoding=\"async\" class=\"alignnone wp-image-7647\" src=\"https:\/\/store.microbiotech.dz\/wp-content\/uploads\/2024\/02\/vietnam.png\" sizes=\"auto, (max-width: 33px) 100vw, 33px\" srcset=\"https:\/\/store.microbiotech.dz\/wp-content\/uploads\/2024\/02\/vietnam.png 225w, https:\/\/store.microbiotech.dz\/wp-content\/uploads\/2024\/02\/vietnam-150x150.png 150w, https:\/\/store.microbiotech.dz\/wp-content\/uploads\/2024\/02\/vietnam-100x100.png 100w\" alt=\"\" width=\"33\" height=\"33\" \/><\/strong><\/b><br \/>\nPression de travail : <strong>125 psi<\/strong><br \/>\nTemp\u00e9rature de travail :<strong> 4-38\u00b0C<\/strong><br \/>\nD\u00e9bit maximal : <strong>0.75 gpm<\/strong><\/p>\n","protected":false},"featured_media":16330,"comment_status":"open","ping_status":"closed","template":"","meta":{"site-sidebar-layout":"default","site-content-layout":"","ast-site-content-layout":"default","site-content-style":"default","site-sidebar-style":"default","ast-global-header-display":"","ast-banner-title-visibility":"","ast-main-header-display":"","ast-hfb-above-header-display":"","ast-hfb-below-header-display":"","ast-hfb-mobile-header-display":"","site-post-title":"","ast-breadcrumbs-content":"","ast-featured-img":"","footer-sml-layout":"","ast-disable-related-posts":"","theme-transparent-header-meta":"default","adv-header-id-meta":"","stick-header-meta":"","header-above-stick-meta":"","header-main-stick-meta":"","header-below-stick-meta":"","astra-migrate-meta-layouts":"set","ast-page-background-enabled":"default","ast-page-background-meta":{"desktop":{"background-color":"var(--ast-global-color-4)","background-image":"","background-repeat":"repeat","background-position":"center center","background-size":"auto","background-attachment":"scroll","background-type":"","background-media":"","overlay-type":"","overlay-color":"","overlay-opacity":"","overlay-gradient":""},"tablet":{"background-color":"","background-image":"","background-repeat":"repeat","background-position":"center center","background-size":"auto","background-attachment":"scroll","background-type":"","background-media":"","overlay-type":"","overlay-color":"","overlay-opacity":"","overlay-gradient":""},"mobile":{"background-color":"","background-image":"","background-repeat":"repeat","background-position":"center center","background-size":"auto","background-attachment":"scroll","background-type":"","background-media":"","overlay-type":"","overlay-color":"","overlay-opacity":"","overlay-gradient":""}},"ast-content-background-meta":{"desktop":{"background-color":"var(--ast-global-color-5)","background-image":"","background-repeat":"repeat","background-position":"center center","background-size":"auto","background-attachment":"scroll","background-type":"","background-media":"","overlay-type":"","overlay-color":"","overlay-opacity":"","overlay-gradient":""},"tablet":{"background-color":"var(--ast-global-color-5)","background-image":"","background-repeat":"repeat","background-position":"center center","background-size":"auto","background-attachment":"scroll","background-type":"","background-media":"","overlay-type":"","overlay-color":"","overlay-opacity":"","overlay-gradient":""},"mobile":{"background-color":"var(--ast-global-color-5)","background-image":"","background-repeat":"repeat","background-position":"center center","background-size":"auto","background-attachment":"scroll","background-type":"","background-media":"","overlay-type":"","overlay-color":"","overlay-opacity":"","overlay-gradient":""}},"jetpack_post_was_ever_published":true},"product_brand":[],"product_cat":[238,358],"product_tag":[35,1907,360,382,465,1789,1902],"class_list":{"0":"post-16325","1":"product","2":"type-product","3":"status-publish","4":"has-post-thumbnail","6":"product_cat-equipements","7":"product_cat-filtration-millipore","8":"product_tag-eau-purifiee","9":"product_tag-f125","10":"product_tag-filtre","11":"product_tag-osmoseur","12":"product_tag-purificateur-deau","13":"product_tag-purification","14":"product_tag-systeme-dosmose","15":"desktop-align-center","16":"tablet-align-left","17":"mobile-align-left","19":"first","20":"instock","21":"taxable","22":"shipping-taxable","23":"purchasable","24":"product-type-simple"},"yoast_head":"<!-- This site is optimized with the Yoast SEO plugin v27.4 - https:\/\/yoast.com\/product\/yoast-seo-wordpress\/ -->\n<title>Filtre \u00e0 charbon actif pour osmoseur AQUASCAN - La Boutique en ligne<\/title>\n<meta name=\"description\" content=\"Filtre \u00e0 charbon actif pour osmoseur AQUASCAN, commandez sur la boutique en ligne et recevez le rapidement et au meilleur prix !\" \/>\n<meta name=\"robots\" content=\"index, follow, max-snippet:-1, max-image-preview:large, max-video-preview:-1\" \/>\n<link rel=\"canonical\" href=\"https:\/\/store.microbiotech.dz\/index.php\/produit\/filtre-a-charbon-actif-pour-osmoseur-aquascan\/\" \/>\n<meta property=\"og:locale\" content=\"fr_FR\" \/>\n<meta property=\"og:type\" content=\"article\" \/>\n<meta property=\"og:title\" content=\"Filtre \u00e0 charbon actif pour osmoseur AQUASCAN - La Boutique en ligne\" \/>\n<meta property=\"og:description\" content=\"Filtre \u00e0 charbon actif pour osmoseur AQUASCAN, commandez sur la boutique en ligne et recevez le rapidement et au meilleur prix !\" \/>\n<meta property=\"og:url\" content=\"https:\/\/store.microbiotech.dz\/index.php\/produit\/filtre-a-charbon-actif-pour-osmoseur-aquascan\/\" \/>\n<meta property=\"og:site_name\" content=\"La Boutique en ligne\" \/>\n<meta property=\"article:publisher\" content=\"https:\/\/www.facebook.com\/MicroBiotech.dz\" \/>\n<meta property=\"article:modified_time\" content=\"2025-07-30T08:32:07+00:00\" \/>\n<meta property=\"og:image\" content=\"https:\/\/store.microbiotech.dz\/wp-content\/uploads\/2025\/07\/filtre-t-33-charbon.webp\" \/>\n\t<meta property=\"og:image:width\" content=\"600\" \/>\n\t<meta property=\"og:image:height\" content=\"600\" \/>\n\t<meta property=\"og:image:type\" content=\"image\/webp\" \/>\n<meta name=\"twitter:card\" content=\"summary_large_image\" \/>\n<meta name=\"twitter:site\" content=\"@MicrobiotechD\" \/>\n<script type=\"application\/ld+json\" class=\"yoast-schema-graph\">{\"@context\":\"https:\\\/\\\/schema.org\",\"@graph\":[{\"@type\":\"WebPage\",\"@id\":\"https:\\\/\\\/store.microbiotech.dz\\\/index.php\\\/produit\\\/filtre-a-charbon-actif-pour-osmoseur-aquascan\\\/\",\"url\":\"https:\\\/\\\/store.microbiotech.dz\\\/index.php\\\/produit\\\/filtre-a-charbon-actif-pour-osmoseur-aquascan\\\/\",\"name\":\"Filtre \u00e0 charbon actif pour osmoseur AQUASCAN - La Boutique en ligne\",\"isPartOf\":{\"@id\":\"https:\\\/\\\/store.microbiotech.dz\\\/#website\"},\"primaryImageOfPage\":{\"@id\":\"https:\\\/\\\/store.microbiotech.dz\\\/index.php\\\/produit\\\/filtre-a-charbon-actif-pour-osmoseur-aquascan\\\/#primaryimage\"},\"image\":{\"@id\":\"https:\\\/\\\/store.microbiotech.dz\\\/index.php\\\/produit\\\/filtre-a-charbon-actif-pour-osmoseur-aquascan\\\/#primaryimage\"},\"thumbnailUrl\":\"https:\\\/\\\/store.microbiotech.dz\\\/wp-content\\\/uploads\\\/2025\\\/07\\\/filtre-t-33-charbon.webp\",\"datePublished\":\"2025-07-29T14:05:14+00:00\",\"dateModified\":\"2025-07-30T08:32:07+00:00\",\"description\":\"Filtre \u00e0 charbon actif pour osmoseur AQUASCAN, commandez sur la boutique en ligne et recevez le rapidement et au meilleur prix !\",\"breadcrumb\":{\"@id\":\"https:\\\/\\\/store.microbiotech.dz\\\/index.php\\\/produit\\\/filtre-a-charbon-actif-pour-osmoseur-aquascan\\\/#breadcrumb\"},\"inLanguage\":\"fr-FR\",\"potentialAction\":[{\"@type\":\"ReadAction\",\"target\":[\"https:\\\/\\\/store.microbiotech.dz\\\/index.php\\\/produit\\\/filtre-a-charbon-actif-pour-osmoseur-aquascan\\\/\"]}]},{\"@type\":\"ImageObject\",\"inLanguage\":\"fr-FR\",\"@id\":\"https:\\\/\\\/store.microbiotech.dz\\\/index.php\\\/produit\\\/filtre-a-charbon-actif-pour-osmoseur-aquascan\\\/#primaryimage\",\"url\":\"https:\\\/\\\/store.microbiotech.dz\\\/wp-content\\\/uploads\\\/2025\\\/07\\\/filtre-t-33-charbon.webp\",\"contentUrl\":\"https:\\\/\\\/store.microbiotech.dz\\\/wp-content\\\/uploads\\\/2025\\\/07\\\/filtre-t-33-charbon.webp\",\"width\":600,\"height\":600,\"caption\":\"Filtre \u00e0 charbon actif pour osmoseur AQUASCAN\"},{\"@type\":\"BreadcrumbList\",\"@id\":\"https:\\\/\\\/store.microbiotech.dz\\\/index.php\\\/produit\\\/filtre-a-charbon-actif-pour-osmoseur-aquascan\\\/#breadcrumb\",\"itemListElement\":[{\"@type\":\"ListItem\",\"position\":1,\"name\":\"Accueil\",\"item\":\"https:\\\/\\\/store.microbiotech.dz\\\/\"},{\"@type\":\"ListItem\",\"position\":2,\"name\":\"Nos Produits\",\"item\":\"https:\\\/\\\/store.microbiotech.dz\\\/index.php\\\/nos-produits\\\/\"},{\"@type\":\"ListItem\",\"position\":3,\"name\":\"Filtre \u00e0 charbon actif pour osmoseur AQUASCAN\"}]},{\"@type\":\"WebSite\",\"@id\":\"https:\\\/\\\/store.microbiotech.dz\\\/#website\",\"url\":\"https:\\\/\\\/store.microbiotech.dz\\\/\",\"name\":\"La Boutique en ligne\",\"description\":\"Qualit\u00e9 - Rapidit\u00e9 - Tranquillit\u00e9\",\"publisher\":{\"@id\":\"https:\\\/\\\/store.microbiotech.dz\\\/#organization\"},\"potentialAction\":[{\"@type\":\"SearchAction\",\"target\":{\"@type\":\"EntryPoint\",\"urlTemplate\":\"https:\\\/\\\/store.microbiotech.dz\\\/?s={search_term_string}\"},\"query-input\":{\"@type\":\"PropertyValueSpecification\",\"valueRequired\":true,\"valueName\":\"search_term_string\"}}],\"inLanguage\":\"fr-FR\"},{\"@type\":\"Organization\",\"@id\":\"https:\\\/\\\/store.microbiotech.dz\\\/#organization\",\"name\":\"Microbiotech EURL\",\"url\":\"https:\\\/\\\/store.microbiotech.dz\\\/\",\"logo\":{\"@type\":\"ImageObject\",\"inLanguage\":\"fr-FR\",\"@id\":\"https:\\\/\\\/store.microbiotech.dz\\\/#\\\/schema\\\/logo\\\/image\\\/\",\"url\":\"https:\\\/\\\/store.microbiotech.dz\\\/wp-content\\\/uploads\\\/2021\\\/09\\\/cropped-logo-microbiotech-2.jpg\",\"contentUrl\":\"https:\\\/\\\/store.microbiotech.dz\\\/wp-content\\\/uploads\\\/2021\\\/09\\\/cropped-logo-microbiotech-2.jpg\",\"width\":815,\"height\":586,\"caption\":\"Microbiotech EURL\"},\"image\":{\"@id\":\"https:\\\/\\\/store.microbiotech.dz\\\/#\\\/schema\\\/logo\\\/image\\\/\"},\"sameAs\":[\"https:\\\/\\\/www.facebook.com\\\/MicroBiotech.dz\",\"https:\\\/\\\/x.com\\\/MicrobiotechD\",\"https:\\\/\\\/www.linkedin.com\\\/in\\\/microbiotech\\\/\",\"https:\\\/\\\/www.youtube.com\\\/channel\\\/UCTxc3VIiX7LXD2LQYfZEcDg\"]}]}<\/script>\n<!-- \/ Yoast SEO plugin. -->","yoast_head_json":{"title":"Filtre \u00e0 charbon actif pour osmoseur AQUASCAN - La Boutique en ligne","description":"Filtre \u00e0 charbon actif pour osmoseur AQUASCAN, commandez sur la boutique en ligne et recevez le rapidement et au meilleur prix !","robots":{"index":"index","follow":"follow","max-snippet":"max-snippet:-1","max-image-preview":"max-image-preview:large","max-video-preview":"max-video-preview:-1"},"canonical":"https:\/\/store.microbiotech.dz\/index.php\/produit\/filtre-a-charbon-actif-pour-osmoseur-aquascan\/","og_locale":"fr_FR","og_type":"article","og_title":"Filtre \u00e0 charbon actif pour osmoseur AQUASCAN - La Boutique en ligne","og_description":"Filtre \u00e0 charbon actif pour osmoseur AQUASCAN, commandez sur la boutique en ligne et recevez le rapidement et au meilleur prix !","og_url":"https:\/\/store.microbiotech.dz\/index.php\/produit\/filtre-a-charbon-actif-pour-osmoseur-aquascan\/","og_site_name":"La Boutique en ligne","article_publisher":"https:\/\/www.facebook.com\/MicroBiotech.dz","article_modified_time":"2025-07-30T08:32:07+00:00","og_image":[{"width":600,"height":600,"url":"https:\/\/store.microbiotech.dz\/wp-content\/uploads\/2025\/07\/filtre-t-33-charbon.webp","type":"image\/webp"}],"twitter_card":"summary_large_image","twitter_site":"@MicrobiotechD","schema":{"@context":"https:\/\/schema.org","@graph":[{"@type":"WebPage","@id":"https:\/\/store.microbiotech.dz\/index.php\/produit\/filtre-a-charbon-actif-pour-osmoseur-aquascan\/","url":"https:\/\/store.microbiotech.dz\/index.php\/produit\/filtre-a-charbon-actif-pour-osmoseur-aquascan\/","name":"Filtre \u00e0 charbon actif pour osmoseur AQUASCAN - La Boutique en ligne","isPartOf":{"@id":"https:\/\/store.microbiotech.dz\/#website"},"primaryImageOfPage":{"@id":"https:\/\/store.microbiotech.dz\/index.php\/produit\/filtre-a-charbon-actif-pour-osmoseur-aquascan\/#primaryimage"},"image":{"@id":"https:\/\/store.microbiotech.dz\/index.php\/produit\/filtre-a-charbon-actif-pour-osmoseur-aquascan\/#primaryimage"},"thumbnailUrl":"https:\/\/store.microbiotech.dz\/wp-content\/uploads\/2025\/07\/filtre-t-33-charbon.webp","datePublished":"2025-07-29T14:05:14+00:00","dateModified":"2025-07-30T08:32:07+00:00","description":"Filtre \u00e0 charbon actif pour osmoseur AQUASCAN, commandez sur la boutique en ligne et recevez le rapidement et au meilleur prix !","breadcrumb":{"@id":"https:\/\/store.microbiotech.dz\/index.php\/produit\/filtre-a-charbon-actif-pour-osmoseur-aquascan\/#breadcrumb"},"inLanguage":"fr-FR","potentialAction":[{"@type":"ReadAction","target":["https:\/\/store.microbiotech.dz\/index.php\/produit\/filtre-a-charbon-actif-pour-osmoseur-aquascan\/"]}]},{"@type":"ImageObject","inLanguage":"fr-FR","@id":"https:\/\/store.microbiotech.dz\/index.php\/produit\/filtre-a-charbon-actif-pour-osmoseur-aquascan\/#primaryimage","url":"https:\/\/store.microbiotech.dz\/wp-content\/uploads\/2025\/07\/filtre-t-33-charbon.webp","contentUrl":"https:\/\/store.microbiotech.dz\/wp-content\/uploads\/2025\/07\/filtre-t-33-charbon.webp","width":600,"height":600,"caption":"Filtre \u00e0 charbon actif pour osmoseur AQUASCAN"},{"@type":"BreadcrumbList","@id":"https:\/\/store.microbiotech.dz\/index.php\/produit\/filtre-a-charbon-actif-pour-osmoseur-aquascan\/#breadcrumb","itemListElement":[{"@type":"ListItem","position":1,"name":"Accueil","item":"https:\/\/store.microbiotech.dz\/"},{"@type":"ListItem","position":2,"name":"Nos Produits","item":"https:\/\/store.microbiotech.dz\/index.php\/nos-produits\/"},{"@type":"ListItem","position":3,"name":"Filtre \u00e0 charbon actif pour osmoseur AQUASCAN"}]},{"@type":"WebSite","@id":"https:\/\/store.microbiotech.dz\/#website","url":"https:\/\/store.microbiotech.dz\/","name":"La Boutique en ligne","description":"Qualit\u00e9 - Rapidit\u00e9 - Tranquillit\u00e9","publisher":{"@id":"https:\/\/store.microbiotech.dz\/#organization"},"potentialAction":[{"@type":"SearchAction","target":{"@type":"EntryPoint","urlTemplate":"https:\/\/store.microbiotech.dz\/?s={search_term_string}"},"query-input":{"@type":"PropertyValueSpecification","valueRequired":true,"valueName":"search_term_string"}}],"inLanguage":"fr-FR"},{"@type":"Organization","@id":"https:\/\/store.microbiotech.dz\/#organization","name":"Microbiotech EURL","url":"https:\/\/store.microbiotech.dz\/","logo":{"@type":"ImageObject","inLanguage":"fr-FR","@id":"https:\/\/store.microbiotech.dz\/#\/schema\/logo\/image\/","url":"https:\/\/store.microbiotech.dz\/wp-content\/uploads\/2021\/09\/cropped-logo-microbiotech-2.jpg","contentUrl":"https:\/\/store.microbiotech.dz\/wp-content\/uploads\/2021\/09\/cropped-logo-microbiotech-2.jpg","width":815,"height":586,"caption":"Microbiotech EURL"},"image":{"@id":"https:\/\/store.microbiotech.dz\/#\/schema\/logo\/image\/"},"sameAs":["https:\/\/www.facebook.com\/MicroBiotech.dz","https:\/\/x.com\/MicrobiotechD","https:\/\/www.linkedin.com\/in\/microbiotech\/","https:\/\/www.youtube.com\/channel\/UCTxc3VIiX7LXD2LQYfZEcDg"]}]}},"jetpack_sharing_enabled":true,"_links":{"self":[{"href":"https:\/\/store.microbiotech.dz\/index.php\/wp-json\/wp\/v2\/product\/16325","targetHints":{"allow":["GET"]}}],"collection":[{"href":"https:\/\/store.microbiotech.dz\/index.php\/wp-json\/wp\/v2\/product"}],"about":[{"href":"https:\/\/store.microbiotech.dz\/index.php\/wp-json\/wp\/v2\/types\/product"}],"replies":[{"embeddable":true,"href":"https:\/\/store.microbiotech.dz\/index.php\/wp-json\/wp\/v2\/comments?post=16325"}],"wp:featuredmedia":[{"embeddable":true,"href":"https:\/\/store.microbiotech.dz\/index.php\/wp-json\/wp\/v2\/media\/16330"}],"wp:attachment":[{"href":"https:\/\/store.microbiotech.dz\/index.php\/wp-json\/wp\/v2\/media?parent=16325"}],"wp:term":[{"taxonomy":"product_brand","embeddable":true,"href":"https:\/\/store.microbiotech.dz\/index.php\/wp-json\/wp\/v2\/product_brand?post=16325"},{"taxonomy":"product_cat","embeddable":true,"href":"https:\/\/store.microbiotech.dz\/index.php\/wp-json\/wp\/v2\/product_cat?post=16325"},{"taxonomy":"product_tag","embeddable":true,"href":"https:\/\/store.microbiotech.dz\/index.php\/wp-json\/wp\/v2\/product_tag?post=16325"}],"curies":[{"name":"wp","href":"https:\/\/api.w.org\/{rel}","templated":true}]}}