{"id":16246,"date":"2025-07-24T13:25:43","date_gmt":"2025-07-24T12:25:43","guid":{"rendered":"https:\/\/store.microbiotech.dz\/?post_type=product&#038;p=16246"},"modified":"2025-11-02T15:21:16","modified_gmt":"2025-11-02T14:21:16","slug":"testeur-de-durete-de-leau","status":"publish","type":"product","link":"https:\/\/store.microbiotech.dz\/index.php\/produit\/testeur-de-durete-de-leau\/","title":{"rendered":"Testeur de duret\u00e9 de l&rsquo;eau"},"content":{"rendered":"<p>Le testeur de duret\u00e9 de <a href=\"https:\/\/store.microbiotech.dz\/?s=eau\" target=\"_blank\" rel=\"noopener\">l\u2019eau<\/a>\u00a0est un kit d\u2019analyse chimique con\u00e7u pour mesurer la <a href=\"https:\/\/fr.wikipedia.org\/wiki\/Duret%C3%A9_de_l%27eau\" target=\"_blank\" rel=\"noopener\">duret\u00e9 totale de l\u2019eau<\/a>, exprim\u00e9e en degr\u00e9s allemands (\u00b0GH ou \u00b0DH), en d\u00e9terminant la concentration en ions calcium et magn\u00e9sium. Il est id\u00e9al pour les aquariums, les laboratoires, ou toute application n\u00e9cessitant un suivi pr\u00e9cis de la qualit\u00e9 de l\u2019eau.<\/p>\n<p>Le TH (Titre Hydrotim\u00e9trique) mesure la duret\u00e9 de l&rsquo;eau en France, tandis que le GH (Gesamth\u00e4rte) est le terme allemand pour la m\u00eame mesure. Les deux indiquent la concentration en min\u00e9raux comme le calcium et le magn\u00e9sium, mais utilisent des \u00e9chelles de mesure l\u00e9g\u00e8rement diff\u00e9rentes. Pour les comparer, il faut utiliser un facteur de conversion (1 \\(GH\\) est environ \u00e9gal \u00e0 1,78 \\(TH\\)).<\/p>\n<p><strong>Proc\u00e9dure de mesure :<\/strong><\/p>\n<ol>\n<li>Rincer le flacon de test trois fois avec l\u2019\u00e9chantillon d\u2019eau \u00e0 analyser.<\/li>\n<li>Pr\u00e9lever 5 ml d\u2019eau \u00e0 tester dans le flacon.<\/li>\n<li>Ajouter 15 gouttes du r\u00e9actif n\u00b01, puis agiter l\u00e9g\u00e8rement.<\/li>\n<li>Ajouter une dose (1 cuill\u00e8re) de poudre r\u00e9active, puis agiter jusqu\u2019\u00e0 dissolution homog\u00e8ne.<\/li>\n<li>Ajouter goutte \u00e0 goutte le r\u00e9actif n\u00b02, en agitant entre chaque goutte jusqu\u2019\u00e0 ce que la couleur de l\u2019eau vire au bleu. Compter le nombre de gouttes n\u00e9cessaires.<\/li>\n<li>R\u00e9sultat : Le nombre de gouttes du r\u00e9actif n\u00b02 utilis\u00e9 correspond directement \u00e0 la duret\u00e9 totale de l\u2019eau en \u00b0DH.<\/li>\n<\/ol>\n<p><strong>Conversion des r\u00e9sultats<\/strong> :<\/p>\n<ul>\n<li>1 \u00b0DH = 17,857 mg\/L CaCO\u2083<\/li>\n<li>1 \u00b0DH = 10 ppm (parties par million)<\/li>\n<li>1 \u00b0DH = 0,178 mmol\/L CaCO\u2083<\/li>\n<\/ul>\n<p>Ce test est simple \u00e0 utiliser, rapide et fiable. Il permet de contr\u00f4ler efficacement la qualit\u00e9 de l\u2019eau pour garantir un environnement stable, notamment en aquariophilie, en recherche ou en industrie.<\/p>\n","protected":false},"excerpt":{"rendered":"<p><span style=\"color: #ff0000;\"><strong>Prix affich\u00e9 en Hors Taxes<\/strong><\/span><\/p>\n<p>Origine :\u00a0<strong>Chine\u00a0<img loading=\"lazy\" decoding=\"async\" class=\"alignnone wp-image-1795 ls-is-cached lazyloaded\" src=\"https:\/\/store.microbiotech.dz\/wp-content\/uploads\/2022\/04\/China-Flag.png\" alt=\"\" width=\"39\" height=\"39\" data-src=\"https:\/\/store.microbiotech.dz\/wp-content\/uploads\/2022\/04\/China-Flag.png\" srcset=\"https:\/\/store.microbiotech.dz\/wp-content\/uploads\/2022\/04\/China-Flag.png 224w, https:\/\/store.microbiotech.dz\/wp-content\/uploads\/2022\/04\/China-Flag-150x150.png 150w, https:\/\/store.microbiotech.dz\/wp-content\/uploads\/2022\/04\/China-Flag-100x100.png 100w\" sizes=\"auto, (max-width: 39px) 100vw, 39px\" \/><\/strong><\/p>\n<p><strong>Contenu du kit<\/strong> :<br \/>\n&#8211; 2 flacons de r\u00e9actifs liquides<br \/>\n&#8211; 1 tube de test<br \/>\n&#8211; 1 cuill\u00e8re doseuse + poudre r\u00e9actif<\/p>\n","protected":false},"featured_media":16248,"comment_status":"open","ping_status":"closed","template":"","meta":{"site-sidebar-layout":"default","site-content-layout":"","ast-site-content-layout":"default","site-content-style":"default","site-sidebar-style":"default","ast-global-header-display":"","ast-banner-title-visibility":"","ast-main-header-display":"","ast-hfb-above-header-display":"","ast-hfb-below-header-display":"","ast-hfb-mobile-header-display":"","site-post-title":"","ast-breadcrumbs-content":"","ast-featured-img":"","footer-sml-layout":"","ast-disable-related-posts":"","theme-transparent-header-meta":"default","adv-header-id-meta":"","stick-header-meta":"","header-above-stick-meta":"","header-main-stick-meta":"","header-below-stick-meta":"","astra-migrate-meta-layouts":"set","ast-page-background-enabled":"default","ast-page-background-meta":{"desktop":{"background-color":"var(--ast-global-color-4)","background-image":"","background-repeat":"repeat","background-position":"center center","background-size":"auto","background-attachment":"scroll","background-type":"","background-media":"","overlay-type":"","overlay-color":"","overlay-opacity":"","overlay-gradient":""},"tablet":{"background-color":"","background-image":"","background-repeat":"repeat","background-position":"center center","background-size":"auto","background-attachment":"scroll","background-type":"","background-media":"","overlay-type":"","overlay-color":"","overlay-opacity":"","overlay-gradient":""},"mobile":{"background-color":"","background-image":"","background-repeat":"repeat","background-position":"center center","background-size":"auto","background-attachment":"scroll","background-type":"","background-media":"","overlay-type":"","overlay-color":"","overlay-opacity":"","overlay-gradient":""}},"ast-content-background-meta":{"desktop":{"background-color":"var(--ast-global-color-5)","background-image":"","background-repeat":"repeat","background-position":"center center","background-size":"auto","background-attachment":"scroll","background-type":"","background-media":"","overlay-type":"","overlay-color":"","overlay-opacity":"","overlay-gradient":""},"tablet":{"background-color":"var(--ast-global-color-5)","background-image":"","background-repeat":"repeat","background-position":"center center","background-size":"auto","background-attachment":"scroll","background-type":"","background-media":"","overlay-type":"","overlay-color":"","overlay-opacity":"","overlay-gradient":""},"mobile":{"background-color":"var(--ast-global-color-5)","background-image":"","background-repeat":"repeat","background-position":"center center","background-size":"auto","background-attachment":"scroll","background-type":"","background-media":"","overlay-type":"","overlay-color":"","overlay-opacity":"","overlay-gradient":""}},"jetpack_post_was_ever_published":false},"product_brand":[],"product_cat":[94],"product_tag":[237,3189,152,1907,3190,1313],"class_list":{"0":"post-16246","1":"product","2":"type-product","3":"status-publish","4":"has-post-thumbnail","6":"product_cat-additifs-et-autres","7":"product_tag-analyse-eau","8":"product_tag-durete-de-leau","9":"product_tag-eau","10":"product_tag-f125","11":"product_tag-gh-test","12":"product_tag-testeur","13":"desktop-align-center","14":"tablet-align-left","15":"mobile-align-left","17":"first","18":"instock","19":"taxable","20":"shipping-taxable","21":"purchasable","22":"product-type-simple"},"yoast_head":"<!-- This site is optimized with the Yoast SEO plugin v27.5 - https:\/\/yoast.com\/product\/yoast-seo-wordpress\/ -->\n<title>Testeur de duret\u00e9 de l&#039;eau - La Boutique en ligne<\/title>\n<meta name=\"description\" content=\"Un Testeur de duret\u00e9 de l&#039;eau est une solution chimique utilis\u00e9e dans les tests d&#039;eau d&#039;aquarium pour d\u00e9terminer la duret\u00e9 g\u00e9n\u00e9rale (GH) de l&#039;eau.\" \/>\n<meta name=\"robots\" content=\"index, follow, max-snippet:-1, max-image-preview:large, max-video-preview:-1\" \/>\n<link rel=\"canonical\" href=\"https:\/\/store.microbiotech.dz\/index.php\/produit\/testeur-de-durete-de-leau\/\" \/>\n<meta property=\"og:locale\" content=\"fr_FR\" \/>\n<meta property=\"og:type\" content=\"article\" \/>\n<meta property=\"og:title\" content=\"Testeur de duret\u00e9 de l&#039;eau - La Boutique en ligne\" \/>\n<meta property=\"og:description\" content=\"Un Testeur de duret\u00e9 de l&#039;eau est une solution chimique utilis\u00e9e dans les tests d&#039;eau d&#039;aquarium pour d\u00e9terminer la duret\u00e9 g\u00e9n\u00e9rale (GH) de l&#039;eau.\" \/>\n<meta property=\"og:url\" content=\"https:\/\/store.microbiotech.dz\/index.php\/produit\/testeur-de-durete-de-leau\/\" \/>\n<meta property=\"og:site_name\" content=\"La Boutique en ligne\" \/>\n<meta property=\"article:publisher\" content=\"https:\/\/www.facebook.com\/MicroBiotech.dz\" \/>\n<meta property=\"article:modified_time\" content=\"2025-11-02T14:21:16+00:00\" \/>\n<meta property=\"og:image\" content=\"https:\/\/store.microbiotech.dz\/wp-content\/uploads\/2025\/07\/gh-reag.webp\" \/>\n\t<meta property=\"og:image:width\" content=\"600\" \/>\n\t<meta property=\"og:image:height\" content=\"600\" \/>\n\t<meta property=\"og:image:type\" content=\"image\/webp\" \/>\n<meta name=\"twitter:card\" content=\"summary_large_image\" \/>\n<meta name=\"twitter:site\" content=\"@MicrobiotechD\" \/>\n<meta name=\"twitter:label1\" content=\"Dur\u00e9e de lecture estim\u00e9e\" \/>\n\t<meta name=\"twitter:data1\" content=\"1 minute\" \/>\n<script type=\"application\/ld+json\" class=\"yoast-schema-graph\">{\"@context\":\"https:\\\/\\\/schema.org\",\"@graph\":[{\"@type\":\"WebPage\",\"@id\":\"https:\\\/\\\/store.microbiotech.dz\\\/index.php\\\/produit\\\/testeur-de-durete-de-leau\\\/\",\"url\":\"https:\\\/\\\/store.microbiotech.dz\\\/index.php\\\/produit\\\/testeur-de-durete-de-leau\\\/\",\"name\":\"Testeur de duret\u00e9 de l'eau - La Boutique en ligne\",\"isPartOf\":{\"@id\":\"https:\\\/\\\/store.microbiotech.dz\\\/#website\"},\"primaryImageOfPage\":{\"@id\":\"https:\\\/\\\/store.microbiotech.dz\\\/index.php\\\/produit\\\/testeur-de-durete-de-leau\\\/#primaryimage\"},\"image\":{\"@id\":\"https:\\\/\\\/store.microbiotech.dz\\\/index.php\\\/produit\\\/testeur-de-durete-de-leau\\\/#primaryimage\"},\"thumbnailUrl\":\"https:\\\/\\\/store.microbiotech.dz\\\/wp-content\\\/uploads\\\/2025\\\/07\\\/gh-reag.webp\",\"datePublished\":\"2025-07-24T12:25:43+00:00\",\"dateModified\":\"2025-11-02T14:21:16+00:00\",\"description\":\"Un Testeur de duret\u00e9 de l'eau est une solution chimique utilis\u00e9e dans les tests d'eau d'aquarium pour d\u00e9terminer la duret\u00e9 g\u00e9n\u00e9rale (GH) de l'eau.\",\"breadcrumb\":{\"@id\":\"https:\\\/\\\/store.microbiotech.dz\\\/index.php\\\/produit\\\/testeur-de-durete-de-leau\\\/#breadcrumb\"},\"inLanguage\":\"fr-FR\",\"potentialAction\":[{\"@type\":\"ReadAction\",\"target\":[\"https:\\\/\\\/store.microbiotech.dz\\\/index.php\\\/produit\\\/testeur-de-durete-de-leau\\\/\"]}]},{\"@type\":\"ImageObject\",\"inLanguage\":\"fr-FR\",\"@id\":\"https:\\\/\\\/store.microbiotech.dz\\\/index.php\\\/produit\\\/testeur-de-durete-de-leau\\\/#primaryimage\",\"url\":\"https:\\\/\\\/store.microbiotech.dz\\\/wp-content\\\/uploads\\\/2025\\\/07\\\/gh-reag.webp\",\"contentUrl\":\"https:\\\/\\\/store.microbiotech.dz\\\/wp-content\\\/uploads\\\/2025\\\/07\\\/gh-reag.webp\",\"width\":600,\"height\":600,\"caption\":\"Testeur de duret\u00e9 de l'eau\"},{\"@type\":\"BreadcrumbList\",\"@id\":\"https:\\\/\\\/store.microbiotech.dz\\\/index.php\\\/produit\\\/testeur-de-durete-de-leau\\\/#breadcrumb\",\"itemListElement\":[{\"@type\":\"ListItem\",\"position\":1,\"name\":\"Accueil\",\"item\":\"https:\\\/\\\/store.microbiotech.dz\\\/\"},{\"@type\":\"ListItem\",\"position\":2,\"name\":\"Nos Produits\",\"item\":\"https:\\\/\\\/store.microbiotech.dz\\\/index.php\\\/nos-produits\\\/\"},{\"@type\":\"ListItem\",\"position\":3,\"name\":\"Testeur de duret\u00e9 de l&rsquo;eau\"}]},{\"@type\":\"WebSite\",\"@id\":\"https:\\\/\\\/store.microbiotech.dz\\\/#website\",\"url\":\"https:\\\/\\\/store.microbiotech.dz\\\/\",\"name\":\"La Boutique en ligne\",\"description\":\"Qualit\u00e9 - Rapidit\u00e9 - Tranquillit\u00e9\",\"publisher\":{\"@id\":\"https:\\\/\\\/store.microbiotech.dz\\\/#organization\"},\"potentialAction\":[{\"@type\":\"SearchAction\",\"target\":{\"@type\":\"EntryPoint\",\"urlTemplate\":\"https:\\\/\\\/store.microbiotech.dz\\\/?s={search_term_string}\"},\"query-input\":{\"@type\":\"PropertyValueSpecification\",\"valueRequired\":true,\"valueName\":\"search_term_string\"}}],\"inLanguage\":\"fr-FR\"},{\"@type\":\"Organization\",\"@id\":\"https:\\\/\\\/store.microbiotech.dz\\\/#organization\",\"name\":\"Microbiotech EURL\",\"url\":\"https:\\\/\\\/store.microbiotech.dz\\\/\",\"logo\":{\"@type\":\"ImageObject\",\"inLanguage\":\"fr-FR\",\"@id\":\"https:\\\/\\\/store.microbiotech.dz\\\/#\\\/schema\\\/logo\\\/image\\\/\",\"url\":\"https:\\\/\\\/store.microbiotech.dz\\\/wp-content\\\/uploads\\\/2021\\\/09\\\/cropped-logo-microbiotech-2.jpg\",\"contentUrl\":\"https:\\\/\\\/store.microbiotech.dz\\\/wp-content\\\/uploads\\\/2021\\\/09\\\/cropped-logo-microbiotech-2.jpg\",\"width\":815,\"height\":586,\"caption\":\"Microbiotech EURL\"},\"image\":{\"@id\":\"https:\\\/\\\/store.microbiotech.dz\\\/#\\\/schema\\\/logo\\\/image\\\/\"},\"sameAs\":[\"https:\\\/\\\/www.facebook.com\\\/MicroBiotech.dz\",\"https:\\\/\\\/x.com\\\/MicrobiotechD\",\"https:\\\/\\\/www.linkedin.com\\\/in\\\/microbiotech\\\/\",\"https:\\\/\\\/www.youtube.com\\\/channel\\\/UCTxc3VIiX7LXD2LQYfZEcDg\"]}]}<\/script>\n<!-- \/ Yoast SEO plugin. -->","yoast_head_json":{"title":"Testeur de duret\u00e9 de l'eau - La Boutique en ligne","description":"Un Testeur de duret\u00e9 de l'eau est une solution chimique utilis\u00e9e dans les tests d'eau d'aquarium pour d\u00e9terminer la duret\u00e9 g\u00e9n\u00e9rale (GH) de l'eau.","robots":{"index":"index","follow":"follow","max-snippet":"max-snippet:-1","max-image-preview":"max-image-preview:large","max-video-preview":"max-video-preview:-1"},"canonical":"https:\/\/store.microbiotech.dz\/index.php\/produit\/testeur-de-durete-de-leau\/","og_locale":"fr_FR","og_type":"article","og_title":"Testeur de duret\u00e9 de l'eau - La Boutique en ligne","og_description":"Un Testeur de duret\u00e9 de l'eau est une solution chimique utilis\u00e9e dans les tests d'eau d'aquarium pour d\u00e9terminer la duret\u00e9 g\u00e9n\u00e9rale (GH) de l'eau.","og_url":"https:\/\/store.microbiotech.dz\/index.php\/produit\/testeur-de-durete-de-leau\/","og_site_name":"La Boutique en ligne","article_publisher":"https:\/\/www.facebook.com\/MicroBiotech.dz","article_modified_time":"2025-11-02T14:21:16+00:00","og_image":[{"width":600,"height":600,"url":"https:\/\/store.microbiotech.dz\/wp-content\/uploads\/2025\/07\/gh-reag.webp","type":"image\/webp"}],"twitter_card":"summary_large_image","twitter_site":"@MicrobiotechD","twitter_misc":{"Dur\u00e9e de lecture estim\u00e9e":"1 minute"},"schema":{"@context":"https:\/\/schema.org","@graph":[{"@type":"WebPage","@id":"https:\/\/store.microbiotech.dz\/index.php\/produit\/testeur-de-durete-de-leau\/","url":"https:\/\/store.microbiotech.dz\/index.php\/produit\/testeur-de-durete-de-leau\/","name":"Testeur de duret\u00e9 de l'eau - La Boutique en ligne","isPartOf":{"@id":"https:\/\/store.microbiotech.dz\/#website"},"primaryImageOfPage":{"@id":"https:\/\/store.microbiotech.dz\/index.php\/produit\/testeur-de-durete-de-leau\/#primaryimage"},"image":{"@id":"https:\/\/store.microbiotech.dz\/index.php\/produit\/testeur-de-durete-de-leau\/#primaryimage"},"thumbnailUrl":"https:\/\/store.microbiotech.dz\/wp-content\/uploads\/2025\/07\/gh-reag.webp","datePublished":"2025-07-24T12:25:43+00:00","dateModified":"2025-11-02T14:21:16+00:00","description":"Un Testeur de duret\u00e9 de l'eau est une solution chimique utilis\u00e9e dans les tests d'eau d'aquarium pour d\u00e9terminer la duret\u00e9 g\u00e9n\u00e9rale (GH) de l'eau.","breadcrumb":{"@id":"https:\/\/store.microbiotech.dz\/index.php\/produit\/testeur-de-durete-de-leau\/#breadcrumb"},"inLanguage":"fr-FR","potentialAction":[{"@type":"ReadAction","target":["https:\/\/store.microbiotech.dz\/index.php\/produit\/testeur-de-durete-de-leau\/"]}]},{"@type":"ImageObject","inLanguage":"fr-FR","@id":"https:\/\/store.microbiotech.dz\/index.php\/produit\/testeur-de-durete-de-leau\/#primaryimage","url":"https:\/\/store.microbiotech.dz\/wp-content\/uploads\/2025\/07\/gh-reag.webp","contentUrl":"https:\/\/store.microbiotech.dz\/wp-content\/uploads\/2025\/07\/gh-reag.webp","width":600,"height":600,"caption":"Testeur de duret\u00e9 de l'eau"},{"@type":"BreadcrumbList","@id":"https:\/\/store.microbiotech.dz\/index.php\/produit\/testeur-de-durete-de-leau\/#breadcrumb","itemListElement":[{"@type":"ListItem","position":1,"name":"Accueil","item":"https:\/\/store.microbiotech.dz\/"},{"@type":"ListItem","position":2,"name":"Nos Produits","item":"https:\/\/store.microbiotech.dz\/index.php\/nos-produits\/"},{"@type":"ListItem","position":3,"name":"Testeur de duret\u00e9 de l&rsquo;eau"}]},{"@type":"WebSite","@id":"https:\/\/store.microbiotech.dz\/#website","url":"https:\/\/store.microbiotech.dz\/","name":"La Boutique en ligne","description":"Qualit\u00e9 - Rapidit\u00e9 - Tranquillit\u00e9","publisher":{"@id":"https:\/\/store.microbiotech.dz\/#organization"},"potentialAction":[{"@type":"SearchAction","target":{"@type":"EntryPoint","urlTemplate":"https:\/\/store.microbiotech.dz\/?s={search_term_string}"},"query-input":{"@type":"PropertyValueSpecification","valueRequired":true,"valueName":"search_term_string"}}],"inLanguage":"fr-FR"},{"@type":"Organization","@id":"https:\/\/store.microbiotech.dz\/#organization","name":"Microbiotech EURL","url":"https:\/\/store.microbiotech.dz\/","logo":{"@type":"ImageObject","inLanguage":"fr-FR","@id":"https:\/\/store.microbiotech.dz\/#\/schema\/logo\/image\/","url":"https:\/\/store.microbiotech.dz\/wp-content\/uploads\/2021\/09\/cropped-logo-microbiotech-2.jpg","contentUrl":"https:\/\/store.microbiotech.dz\/wp-content\/uploads\/2021\/09\/cropped-logo-microbiotech-2.jpg","width":815,"height":586,"caption":"Microbiotech EURL"},"image":{"@id":"https:\/\/store.microbiotech.dz\/#\/schema\/logo\/image\/"},"sameAs":["https:\/\/www.facebook.com\/MicroBiotech.dz","https:\/\/x.com\/MicrobiotechD","https:\/\/www.linkedin.com\/in\/microbiotech\/","https:\/\/www.youtube.com\/channel\/UCTxc3VIiX7LXD2LQYfZEcDg"]}]}},"jetpack_sharing_enabled":true,"_links":{"self":[{"href":"https:\/\/store.microbiotech.dz\/index.php\/wp-json\/wp\/v2\/product\/16246","targetHints":{"allow":["GET"]}}],"collection":[{"href":"https:\/\/store.microbiotech.dz\/index.php\/wp-json\/wp\/v2\/product"}],"about":[{"href":"https:\/\/store.microbiotech.dz\/index.php\/wp-json\/wp\/v2\/types\/product"}],"replies":[{"embeddable":true,"href":"https:\/\/store.microbiotech.dz\/index.php\/wp-json\/wp\/v2\/comments?post=16246"}],"wp:featuredmedia":[{"embeddable":true,"href":"https:\/\/store.microbiotech.dz\/index.php\/wp-json\/wp\/v2\/media\/16248"}],"wp:attachment":[{"href":"https:\/\/store.microbiotech.dz\/index.php\/wp-json\/wp\/v2\/media?parent=16246"}],"wp:term":[{"taxonomy":"product_brand","embeddable":true,"href":"https:\/\/store.microbiotech.dz\/index.php\/wp-json\/wp\/v2\/product_brand?post=16246"},{"taxonomy":"product_cat","embeddable":true,"href":"https:\/\/store.microbiotech.dz\/index.php\/wp-json\/wp\/v2\/product_cat?post=16246"},{"taxonomy":"product_tag","embeddable":true,"href":"https:\/\/store.microbiotech.dz\/index.php\/wp-json\/wp\/v2\/product_tag?post=16246"}],"curies":[{"name":"wp","href":"https:\/\/api.w.org\/{rel}","templated":true}]}}