{"id":15974,"date":"2025-07-10T13:39:40","date_gmt":"2025-07-10T12:39:40","guid":{"rendered":"https:\/\/store.microbiotech.dz\/?post_type=product&#038;p=15974"},"modified":"2025-11-25T15:49:47","modified_gmt":"2025-11-25T14:49:47","slug":"multiparametre-professionnel-hanna","status":"publish","type":"product","link":"https:\/\/store.microbiotech.dz\/index.php\/produit\/multiparametre-professionnel-hanna\/","title":{"rendered":"Multiparam\u00e8tre professionnel HANNA"},"content":{"rendered":"<p>Le Multiparam\u00e8tre professionnel <a href=\"https:\/\/www.hannainstruments.be\/en\/\" target=\"_blank\" rel=\"noopener\">HANNA <\/a> affiche simultan\u00e9ment le <a href=\"https:\/\/store.microbiotech.dz\/?s=ph+metre\" target=\"_blank\" rel=\"noopener\">pH<\/a> ou la conductivit\u00e9 (ou les TDS) et la temp\u00e9rature. Il combine quatre fonctions de mesure dans un bo\u00eetier compact, \u00e9tanche et facile \u00e0 nettoyer. L\u2019\u00e9talonnage se fait rapidement via une touche d&rsquo;acc\u00e8s direct aux valeurs tampons pr\u00e9-enregistr\u00e9es. La sonde multiparam\u00e8tre robuste garantit des mesures fiables sans probl\u00e8mes de polarisation ou d\u2019oxydation. Gr\u00e2ce \u00e0 la compensation automatique de temp\u00e9rature, les r\u00e9sultats restent pr\u00e9cis dans toutes les conditions. L&rsquo;utilisateur peut ajuster le coefficient de temp\u00e9rature et le ratio TDS selon ses besoins. Ce Multiparam\u00e8tre professionnel HANNA est livr\u00e9 pr\u00eat \u00e0 l\u2019emploi dans une mallette de transport solide, avec un affichage clair et un indicateur de niveau de batterie.<\/p>\n<div class=\"ast-oembed-container \" style=\"height: 100%;\"><iframe loading=\"lazy\" title=\"Multiparam\u00e8tre HI991300, HANNA\u00ae\" width=\"500\" height=\"281\" src=\"https:\/\/www.youtube.com\/embed\/28v6NfBQ_a0?feature=oembed\" frameborder=\"0\" allow=\"accelerometer; autoplay; clipboard-write; encrypted-media; gyroscope; picture-in-picture; web-share\" referrerpolicy=\"strict-origin-when-cross-origin\" allowfullscreen><\/iframe><\/div>\n","protected":false},"excerpt":{"rendered":"<p>Marque :\u00a0<strong>HANNA instruments\u00a0<img loading=\"lazy\" decoding=\"async\" class=\"alignnone wp-image-5529\" src=\"https:\/\/store.microbiotech.dz\/wp-content\/uploads\/2023\/09\/15943523-le-drapeau-italien-sous-la-forme-d-une-icone-de-papier-glace-removebg-preview-300x300.png\" sizes=\"auto, (max-width: 42px) 100vw, 42px\" srcset=\"https:\/\/store.microbiotech.dz\/wp-content\/uploads\/2023\/09\/15943523-le-drapeau-italien-sous-la-forme-d-une-icone-de-papier-glace-removebg-preview-300x300.png 300w, https:\/\/store.microbiotech.dz\/wp-content\/uploads\/2023\/09\/15943523-le-drapeau-italien-sous-la-forme-d-une-icone-de-papier-glace-removebg-preview-150x150.png 150w, https:\/\/store.microbiotech.dz\/wp-content\/uploads\/2023\/09\/15943523-le-drapeau-italien-sous-la-forme-d-une-icone-de-papier-glace-removebg-preview-100x100.png 100w, https:\/\/store.microbiotech.dz\/wp-content\/uploads\/2023\/09\/15943523-le-drapeau-italien-sous-la-forme-d-une-icone-de-papier-glace-removebg-preview.png 450w\" alt=\"\" width=\"42\" height=\"42\" \/><\/strong><br \/>\nGamme<br \/>\npH <strong>-2,00 \u00e0 16,00 pH \/ -2,0 \u00e0 16,0 pH<\/strong><br \/>\npH en mV <strong>\u00b1825 mV<\/strong><br \/>\nEC <strong>0 \u00e0 3999 \u00b5S\/cm<\/strong><br \/>\nTDS <strong>0 \u00e0 2000 mg\/L (ppm)<\/strong><br \/>\nTemp\u00e9rature <strong>-5,0 \u00e0 105,0 \u00b0C<\/strong><br \/>\n\u00c9talonnage pH : <strong>Automatique, en 1 ou 2 points avec 2 s\u00e9ries de tampons standards m\u00e9moris\u00e9es<\/strong><br \/>\n<strong>(standard pH 4,01, 7,01, 10,01 ou NIST pH 4,01, 6,86, 9,18)<\/strong><br \/>\n\u00c9talonnage EC\/TDS : <strong>Automatique,en 1 point \u00e0 1413 \u00b5S\/cm ou \u00e0 <\/strong><strong>1382 mg\/L (ppm) (CONV 0,5) ou 1500 mg\/L (ppm) (CONV 0,7)<\/strong><br \/>\nCompensation de temp\u00e9rature pH : <strong>Automatique<\/strong><br \/>\nCorrection de temp\u00e9rature EC\/TDS : <strong>Automatique, avec \u03b2 ajustable de 0,0 \u00e0 2,4%\/ \u00b0C en pas de 0,1%<\/strong><br \/>\nFacteur de conversion TDS : <strong>Ajustable, de 0,45 \u00e0 1,00 en pas de 0,01<\/strong><br \/>\nSonde :<strong> HI12883, EC\/TDS\/\u00b0C, avec connecteur Quick DIN et c\u00e2ble 1 m<\/strong><br \/>\nAlimentation \/ Dur\u00e9e de vie :<strong> 3 piles 1,5 V AAA \/ Environ 600 heures d\u2019utilisation continue<\/strong><br \/>\nAuto -extinction : <strong>apr\u00e8s 8, 60 minutes ou d\u00e9sactiv\u00e9e<\/strong><br \/>\nT\u00e9l\u00e9chargements : <a href=\"https:\/\/store.microbiotech.dz\/wp-content\/uploads\/2025\/07\/hi991300-version-2018.pdf\">hi991300-version-2018<\/a><\/p>\n","protected":false},"featured_media":15976,"comment_status":"open","ping_status":"closed","template":"","meta":{"site-sidebar-layout":"default","site-content-layout":"","ast-site-content-layout":"default","site-content-style":"default","site-sidebar-style":"default","ast-global-header-display":"","ast-banner-title-visibility":"","ast-main-header-display":"","ast-hfb-above-header-display":"","ast-hfb-below-header-display":"","ast-hfb-mobile-header-display":"","site-post-title":"","ast-breadcrumbs-content":"","ast-featured-img":"","footer-sml-layout":"","ast-disable-related-posts":"","theme-transparent-header-meta":"default","adv-header-id-meta":"","stick-header-meta":"","header-above-stick-meta":"","header-main-stick-meta":"","header-below-stick-meta":"","astra-migrate-meta-layouts":"set","ast-page-background-enabled":"default","ast-page-background-meta":{"desktop":{"background-color":"var(--ast-global-color-4)","background-image":"","background-repeat":"repeat","background-position":"center center","background-size":"auto","background-attachment":"scroll","background-type":"","background-media":"","overlay-type":"","overlay-color":"","overlay-opacity":"","overlay-gradient":""},"tablet":{"background-color":"","background-image":"","background-repeat":"repeat","background-position":"center center","background-size":"auto","background-attachment":"scroll","background-type":"","background-media":"","overlay-type":"","overlay-color":"","overlay-opacity":"","overlay-gradient":""},"mobile":{"background-color":"","background-image":"","background-repeat":"repeat","background-position":"center center","background-size":"auto","background-attachment":"scroll","background-type":"","background-media":"","overlay-type":"","overlay-color":"","overlay-opacity":"","overlay-gradient":""}},"ast-content-background-meta":{"desktop":{"background-color":"var(--ast-global-color-5)","background-image":"","background-repeat":"repeat","background-position":"center center","background-size":"auto","background-attachment":"scroll","background-type":"","background-media":"","overlay-type":"","overlay-color":"","overlay-opacity":"","overlay-gradient":""},"tablet":{"background-color":"var(--ast-global-color-5)","background-image":"","background-repeat":"repeat","background-position":"center center","background-size":"auto","background-attachment":"scroll","background-type":"","background-media":"","overlay-type":"","overlay-color":"","overlay-opacity":"","overlay-gradient":""},"mobile":{"background-color":"var(--ast-global-color-5)","background-image":"","background-repeat":"repeat","background-position":"center center","background-size":"auto","background-attachment":"scroll","background-type":"","background-media":"","overlay-type":"","overlay-color":"","overlay-opacity":"","overlay-gradient":""}},"jetpack_post_was_ever_published":false},"product_brand":[],"product_cat":[238],"product_tag":[202,1036,1107,2014,1942,546,547,1155,1262,548],"class_list":{"0":"post-15974","1":"product","2":"type-product","3":"status-publish","4":"has-post-thumbnail","6":"product_cat-equipements","7":"product_tag-alimentaire","8":"product_tag-alimentation","9":"product_tag-conductivite","10":"product_tag-f130","11":"product_tag-hanna","12":"product_tag-ph","13":"product_tag-ph-metre","14":"product_tag-tds","15":"product_tag-temperature","16":"product_tag-temperature-meter","17":"desktop-align-center","18":"tablet-align-left","19":"mobile-align-left","21":"first","22":"onbackorder","23":"taxable","24":"shipping-taxable","25":"purchasable","26":"product-type-simple"},"yoast_head":"<!-- This site is optimized with the Yoast SEO plugin v27.4 - https:\/\/yoast.com\/product\/yoast-seo-wordpress\/ -->\n<title>Multiparam\u00e8tre professionnel HANNA - La Boutique en ligne<\/title>\n<meta name=\"description\" content=\"Multiparam\u00e8tre professionnel HANNA l\u00e9ger, compact et \u00e9tanche, id\u00e9al pour les contr\u00f4les de routine sur le terrain. Disponible sur votre boutique en ligne !\" \/>\n<meta name=\"robots\" content=\"index, follow, max-snippet:-1, max-image-preview:large, max-video-preview:-1\" \/>\n<link rel=\"canonical\" href=\"https:\/\/store.microbiotech.dz\/index.php\/produit\/multiparametre-professionnel-hanna\/\" \/>\n<meta property=\"og:locale\" content=\"fr_FR\" \/>\n<meta property=\"og:type\" content=\"article\" \/>\n<meta property=\"og:title\" content=\"Multiparam\u00e8tre professionnel HANNA - La Boutique en ligne\" \/>\n<meta property=\"og:description\" content=\"Multiparam\u00e8tre professionnel HANNA l\u00e9ger, compact et \u00e9tanche, id\u00e9al pour les contr\u00f4les de routine sur le terrain. Disponible sur votre boutique en ligne !\" \/>\n<meta property=\"og:url\" content=\"https:\/\/store.microbiotech.dz\/index.php\/produit\/multiparametre-professionnel-hanna\/\" \/>\n<meta property=\"og:site_name\" content=\"La Boutique en ligne\" \/>\n<meta property=\"article:publisher\" content=\"https:\/\/www.facebook.com\/MicroBiotech.dz\" \/>\n<meta property=\"article:modified_time\" content=\"2025-11-25T14:49:47+00:00\" \/>\n<meta property=\"og:image\" content=\"https:\/\/store.microbiotech.dz\/wp-content\/uploads\/2025\/07\/hi991300.webp\" \/>\n\t<meta property=\"og:image:width\" content=\"600\" \/>\n\t<meta property=\"og:image:height\" content=\"600\" \/>\n\t<meta property=\"og:image:type\" content=\"image\/webp\" \/>\n<meta name=\"twitter:card\" content=\"summary_large_image\" \/>\n<meta name=\"twitter:site\" content=\"@MicrobiotechD\" \/>\n<meta name=\"twitter:label1\" content=\"Dur\u00e9e de lecture estim\u00e9e\" \/>\n\t<meta name=\"twitter:data1\" content=\"1 minute\" \/>\n<script type=\"application\/ld+json\" class=\"yoast-schema-graph\">{\"@context\":\"https:\\\/\\\/schema.org\",\"@graph\":[{\"@type\":\"WebPage\",\"@id\":\"https:\\\/\\\/store.microbiotech.dz\\\/index.php\\\/produit\\\/multiparametre-professionnel-hanna\\\/\",\"url\":\"https:\\\/\\\/store.microbiotech.dz\\\/index.php\\\/produit\\\/multiparametre-professionnel-hanna\\\/\",\"name\":\"Multiparam\u00e8tre professionnel HANNA - La Boutique en ligne\",\"isPartOf\":{\"@id\":\"https:\\\/\\\/store.microbiotech.dz\\\/#website\"},\"primaryImageOfPage\":{\"@id\":\"https:\\\/\\\/store.microbiotech.dz\\\/index.php\\\/produit\\\/multiparametre-professionnel-hanna\\\/#primaryimage\"},\"image\":{\"@id\":\"https:\\\/\\\/store.microbiotech.dz\\\/index.php\\\/produit\\\/multiparametre-professionnel-hanna\\\/#primaryimage\"},\"thumbnailUrl\":\"https:\\\/\\\/store.microbiotech.dz\\\/wp-content\\\/uploads\\\/2025\\\/07\\\/hi991300.webp\",\"datePublished\":\"2025-07-10T12:39:40+00:00\",\"dateModified\":\"2025-11-25T14:49:47+00:00\",\"description\":\"Multiparam\u00e8tre professionnel HANNA l\u00e9ger, compact et \u00e9tanche, id\u00e9al pour les contr\u00f4les de routine sur le terrain. Disponible sur votre boutique en ligne !\",\"breadcrumb\":{\"@id\":\"https:\\\/\\\/store.microbiotech.dz\\\/index.php\\\/produit\\\/multiparametre-professionnel-hanna\\\/#breadcrumb\"},\"inLanguage\":\"fr-FR\",\"potentialAction\":[{\"@type\":\"ReadAction\",\"target\":[\"https:\\\/\\\/store.microbiotech.dz\\\/index.php\\\/produit\\\/multiparametre-professionnel-hanna\\\/\"]}]},{\"@type\":\"ImageObject\",\"inLanguage\":\"fr-FR\",\"@id\":\"https:\\\/\\\/store.microbiotech.dz\\\/index.php\\\/produit\\\/multiparametre-professionnel-hanna\\\/#primaryimage\",\"url\":\"https:\\\/\\\/store.microbiotech.dz\\\/wp-content\\\/uploads\\\/2025\\\/07\\\/hi991300.webp\",\"contentUrl\":\"https:\\\/\\\/store.microbiotech.dz\\\/wp-content\\\/uploads\\\/2025\\\/07\\\/hi991300.webp\",\"width\":600,\"height\":600,\"caption\":\"Multiparam\u00e8tre professionnel HANNA\"},{\"@type\":\"BreadcrumbList\",\"@id\":\"https:\\\/\\\/store.microbiotech.dz\\\/index.php\\\/produit\\\/multiparametre-professionnel-hanna\\\/#breadcrumb\",\"itemListElement\":[{\"@type\":\"ListItem\",\"position\":1,\"name\":\"Accueil\",\"item\":\"https:\\\/\\\/store.microbiotech.dz\\\/\"},{\"@type\":\"ListItem\",\"position\":2,\"name\":\"Nos Produits\",\"item\":\"https:\\\/\\\/store.microbiotech.dz\\\/index.php\\\/nos-produits\\\/\"},{\"@type\":\"ListItem\",\"position\":3,\"name\":\"Multiparam\u00e8tre professionnel HANNA\"}]},{\"@type\":\"WebSite\",\"@id\":\"https:\\\/\\\/store.microbiotech.dz\\\/#website\",\"url\":\"https:\\\/\\\/store.microbiotech.dz\\\/\",\"name\":\"La Boutique en ligne\",\"description\":\"Qualit\u00e9 - Rapidit\u00e9 - Tranquillit\u00e9\",\"publisher\":{\"@id\":\"https:\\\/\\\/store.microbiotech.dz\\\/#organization\"},\"potentialAction\":[{\"@type\":\"SearchAction\",\"target\":{\"@type\":\"EntryPoint\",\"urlTemplate\":\"https:\\\/\\\/store.microbiotech.dz\\\/?s={search_term_string}\"},\"query-input\":{\"@type\":\"PropertyValueSpecification\",\"valueRequired\":true,\"valueName\":\"search_term_string\"}}],\"inLanguage\":\"fr-FR\"},{\"@type\":\"Organization\",\"@id\":\"https:\\\/\\\/store.microbiotech.dz\\\/#organization\",\"name\":\"Microbiotech EURL\",\"url\":\"https:\\\/\\\/store.microbiotech.dz\\\/\",\"logo\":{\"@type\":\"ImageObject\",\"inLanguage\":\"fr-FR\",\"@id\":\"https:\\\/\\\/store.microbiotech.dz\\\/#\\\/schema\\\/logo\\\/image\\\/\",\"url\":\"https:\\\/\\\/store.microbiotech.dz\\\/wp-content\\\/uploads\\\/2021\\\/09\\\/cropped-logo-microbiotech-2.jpg\",\"contentUrl\":\"https:\\\/\\\/store.microbiotech.dz\\\/wp-content\\\/uploads\\\/2021\\\/09\\\/cropped-logo-microbiotech-2.jpg\",\"width\":815,\"height\":586,\"caption\":\"Microbiotech EURL\"},\"image\":{\"@id\":\"https:\\\/\\\/store.microbiotech.dz\\\/#\\\/schema\\\/logo\\\/image\\\/\"},\"sameAs\":[\"https:\\\/\\\/www.facebook.com\\\/MicroBiotech.dz\",\"https:\\\/\\\/x.com\\\/MicrobiotechD\",\"https:\\\/\\\/www.linkedin.com\\\/in\\\/microbiotech\\\/\",\"https:\\\/\\\/www.youtube.com\\\/channel\\\/UCTxc3VIiX7LXD2LQYfZEcDg\"]}]}<\/script>\n<!-- \/ Yoast SEO plugin. -->","yoast_head_json":{"title":"Multiparam\u00e8tre professionnel HANNA - La Boutique en ligne","description":"Multiparam\u00e8tre professionnel HANNA l\u00e9ger, compact et \u00e9tanche, id\u00e9al pour les contr\u00f4les de routine sur le terrain. Disponible sur votre boutique en ligne !","robots":{"index":"index","follow":"follow","max-snippet":"max-snippet:-1","max-image-preview":"max-image-preview:large","max-video-preview":"max-video-preview:-1"},"canonical":"https:\/\/store.microbiotech.dz\/index.php\/produit\/multiparametre-professionnel-hanna\/","og_locale":"fr_FR","og_type":"article","og_title":"Multiparam\u00e8tre professionnel HANNA - La Boutique en ligne","og_description":"Multiparam\u00e8tre professionnel HANNA l\u00e9ger, compact et \u00e9tanche, id\u00e9al pour les contr\u00f4les de routine sur le terrain. Disponible sur votre boutique en ligne !","og_url":"https:\/\/store.microbiotech.dz\/index.php\/produit\/multiparametre-professionnel-hanna\/","og_site_name":"La Boutique en ligne","article_publisher":"https:\/\/www.facebook.com\/MicroBiotech.dz","article_modified_time":"2025-11-25T14:49:47+00:00","og_image":[{"width":600,"height":600,"url":"https:\/\/store.microbiotech.dz\/wp-content\/uploads\/2025\/07\/hi991300.webp","type":"image\/webp"}],"twitter_card":"summary_large_image","twitter_site":"@MicrobiotechD","twitter_misc":{"Dur\u00e9e de lecture estim\u00e9e":"1 minute"},"schema":{"@context":"https:\/\/schema.org","@graph":[{"@type":"WebPage","@id":"https:\/\/store.microbiotech.dz\/index.php\/produit\/multiparametre-professionnel-hanna\/","url":"https:\/\/store.microbiotech.dz\/index.php\/produit\/multiparametre-professionnel-hanna\/","name":"Multiparam\u00e8tre professionnel HANNA - La Boutique en ligne","isPartOf":{"@id":"https:\/\/store.microbiotech.dz\/#website"},"primaryImageOfPage":{"@id":"https:\/\/store.microbiotech.dz\/index.php\/produit\/multiparametre-professionnel-hanna\/#primaryimage"},"image":{"@id":"https:\/\/store.microbiotech.dz\/index.php\/produit\/multiparametre-professionnel-hanna\/#primaryimage"},"thumbnailUrl":"https:\/\/store.microbiotech.dz\/wp-content\/uploads\/2025\/07\/hi991300.webp","datePublished":"2025-07-10T12:39:40+00:00","dateModified":"2025-11-25T14:49:47+00:00","description":"Multiparam\u00e8tre professionnel HANNA l\u00e9ger, compact et \u00e9tanche, id\u00e9al pour les contr\u00f4les de routine sur le terrain. Disponible sur votre boutique en ligne !","breadcrumb":{"@id":"https:\/\/store.microbiotech.dz\/index.php\/produit\/multiparametre-professionnel-hanna\/#breadcrumb"},"inLanguage":"fr-FR","potentialAction":[{"@type":"ReadAction","target":["https:\/\/store.microbiotech.dz\/index.php\/produit\/multiparametre-professionnel-hanna\/"]}]},{"@type":"ImageObject","inLanguage":"fr-FR","@id":"https:\/\/store.microbiotech.dz\/index.php\/produit\/multiparametre-professionnel-hanna\/#primaryimage","url":"https:\/\/store.microbiotech.dz\/wp-content\/uploads\/2025\/07\/hi991300.webp","contentUrl":"https:\/\/store.microbiotech.dz\/wp-content\/uploads\/2025\/07\/hi991300.webp","width":600,"height":600,"caption":"Multiparam\u00e8tre professionnel HANNA"},{"@type":"BreadcrumbList","@id":"https:\/\/store.microbiotech.dz\/index.php\/produit\/multiparametre-professionnel-hanna\/#breadcrumb","itemListElement":[{"@type":"ListItem","position":1,"name":"Accueil","item":"https:\/\/store.microbiotech.dz\/"},{"@type":"ListItem","position":2,"name":"Nos Produits","item":"https:\/\/store.microbiotech.dz\/index.php\/nos-produits\/"},{"@type":"ListItem","position":3,"name":"Multiparam\u00e8tre professionnel HANNA"}]},{"@type":"WebSite","@id":"https:\/\/store.microbiotech.dz\/#website","url":"https:\/\/store.microbiotech.dz\/","name":"La Boutique en ligne","description":"Qualit\u00e9 - Rapidit\u00e9 - Tranquillit\u00e9","publisher":{"@id":"https:\/\/store.microbiotech.dz\/#organization"},"potentialAction":[{"@type":"SearchAction","target":{"@type":"EntryPoint","urlTemplate":"https:\/\/store.microbiotech.dz\/?s={search_term_string}"},"query-input":{"@type":"PropertyValueSpecification","valueRequired":true,"valueName":"search_term_string"}}],"inLanguage":"fr-FR"},{"@type":"Organization","@id":"https:\/\/store.microbiotech.dz\/#organization","name":"Microbiotech EURL","url":"https:\/\/store.microbiotech.dz\/","logo":{"@type":"ImageObject","inLanguage":"fr-FR","@id":"https:\/\/store.microbiotech.dz\/#\/schema\/logo\/image\/","url":"https:\/\/store.microbiotech.dz\/wp-content\/uploads\/2021\/09\/cropped-logo-microbiotech-2.jpg","contentUrl":"https:\/\/store.microbiotech.dz\/wp-content\/uploads\/2021\/09\/cropped-logo-microbiotech-2.jpg","width":815,"height":586,"caption":"Microbiotech EURL"},"image":{"@id":"https:\/\/store.microbiotech.dz\/#\/schema\/logo\/image\/"},"sameAs":["https:\/\/www.facebook.com\/MicroBiotech.dz","https:\/\/x.com\/MicrobiotechD","https:\/\/www.linkedin.com\/in\/microbiotech\/","https:\/\/www.youtube.com\/channel\/UCTxc3VIiX7LXD2LQYfZEcDg"]}]}},"jetpack_sharing_enabled":true,"_links":{"self":[{"href":"https:\/\/store.microbiotech.dz\/index.php\/wp-json\/wp\/v2\/product\/15974","targetHints":{"allow":["GET"]}}],"collection":[{"href":"https:\/\/store.microbiotech.dz\/index.php\/wp-json\/wp\/v2\/product"}],"about":[{"href":"https:\/\/store.microbiotech.dz\/index.php\/wp-json\/wp\/v2\/types\/product"}],"replies":[{"embeddable":true,"href":"https:\/\/store.microbiotech.dz\/index.php\/wp-json\/wp\/v2\/comments?post=15974"}],"wp:featuredmedia":[{"embeddable":true,"href":"https:\/\/store.microbiotech.dz\/index.php\/wp-json\/wp\/v2\/media\/15976"}],"wp:attachment":[{"href":"https:\/\/store.microbiotech.dz\/index.php\/wp-json\/wp\/v2\/media?parent=15974"}],"wp:term":[{"taxonomy":"product_brand","embeddable":true,"href":"https:\/\/store.microbiotech.dz\/index.php\/wp-json\/wp\/v2\/product_brand?post=15974"},{"taxonomy":"product_cat","embeddable":true,"href":"https:\/\/store.microbiotech.dz\/index.php\/wp-json\/wp\/v2\/product_cat?post=15974"},{"taxonomy":"product_tag","embeddable":true,"href":"https:\/\/store.microbiotech.dz\/index.php\/wp-json\/wp\/v2\/product_tag?post=15974"}],"curies":[{"name":"wp","href":"https:\/\/api.w.org\/{rel}","templated":true}]}}