{"id":15716,"date":"2025-06-19T14:02:25","date_gmt":"2025-06-19T13:02:25","guid":{"rendered":"https:\/\/store.microbiotech.dz\/?post_type=product&#038;p=15716"},"modified":"2025-12-18T18:29:50","modified_gmt":"2025-12-18T17:29:50","slug":"analyseur-delectrolyte-automatique-be-biotechnology","status":"publish","type":"product","link":"https:\/\/store.microbiotech.dz\/index.php\/produit\/analyseur-delectrolyte-automatique-be-biotechnology\/","title":{"rendered":"Analyseur d\u2019\u00e9lectrolyte automatique B&#038;E BIOTECHNOLOGY"},"content":{"rendered":"<p>L&rsquo;Analyseur d\u2019\u00e9lectrolyte automatique B&amp;E BIOTECHNOLOGY est <a href=\"https:\/\/store.microbiotech.dz\/?s=automate\" target=\"_blank\" rel=\"noopener\">un outil<\/a> performant et intuitif, id\u00e9al pour les besoins des laboratoires modernes. Son \u00e9cran tactile facilite la navigation et rend l\u2019utilisation plus confortable au quotidien. Il int\u00e8gre la technologie avanc\u00e9e MBT, qui permet d\u2019utiliser une \u00e9lectrode sans entretien, r\u00e9duisant ainsi les interventions techniques. Le remplacement du pack de r\u00e9actifs est simple et rapide gr\u00e2ce \u00e0 son syst\u00e8me ferm\u00e9. Pour garantir la fiabilit\u00e9 des r\u00e9sultats, cet<a href=\"https:\/\/onlinelibrary.wiley.com\/doi\/10.1002\/9781119288190.ch132#:~:text=The%20electrolyte%20analyser%20is%20a,blood%2C%20serum%2C%20or%20plasma.\" target=\"_blank\" rel=\"noopener\"> Analyseur d\u2019\u00e9lectrolyte<\/a> automatique B&amp;E BIOTECHNOLOGY utilise des calibrateurs et des contr\u00f4les \u00e0 plusieurs niveaux. Son d\u00e9bit \u00e9lev\u00e9 permet d\u2019obtenir un r\u00e9sultat en seulement 30 secondes, ce qui optimise le flux de travail. Enfin, il peut stocker plus de 1000 r\u00e9sultats, facilement consultables \u00e0 tout moment pour un meilleur suivi des analyses.<\/p>\n","protected":false},"excerpt":{"rendered":"<p>&nbsp;<\/p>\n<p>Marque : <strong>B&amp;E BIOTECHNOLOGY <img loading=\"lazy\" decoding=\"async\" class=\"alignnone wp-image-1795\" src=\"https:\/\/store.microbiotech.dz\/wp-content\/uploads\/2022\/04\/China-Flag.png\" sizes=\"auto, (max-width: 32px) 100vw, 32px\" srcset=\"https:\/\/store.microbiotech.dz\/wp-content\/uploads\/2022\/04\/China-Flag.png 224w, https:\/\/store.microbiotech.dz\/wp-content\/uploads\/2022\/04\/China-Flag-150x150.png 150w, https:\/\/store.microbiotech.dz\/wp-content\/uploads\/2022\/04\/China-Flag-100x100.png 100w\" alt=\"\" width=\"32\" height=\"32\" \/><\/strong><br \/>\nType de patient : <strong>Humain<\/strong><br \/>\nType de configuration :<strong> de paillasse<\/strong><\/p>\n","protected":false},"featured_media":15719,"comment_status":"open","ping_status":"closed","template":"","meta":{"site-sidebar-layout":"default","site-content-layout":"","ast-site-content-layout":"default","site-content-style":"default","site-sidebar-style":"default","ast-global-header-display":"","ast-banner-title-visibility":"","ast-main-header-display":"","ast-hfb-above-header-display":"","ast-hfb-below-header-display":"","ast-hfb-mobile-header-display":"","site-post-title":"","ast-breadcrumbs-content":"","ast-featured-img":"","footer-sml-layout":"","ast-disable-related-posts":"","theme-transparent-header-meta":"default","adv-header-id-meta":"","stick-header-meta":"","header-above-stick-meta":"","header-main-stick-meta":"","header-below-stick-meta":"","astra-migrate-meta-layouts":"set","ast-page-background-enabled":"default","ast-page-background-meta":{"desktop":{"background-color":"var(--ast-global-color-4)","background-image":"","background-repeat":"repeat","background-position":"center center","background-size":"auto","background-attachment":"scroll","background-type":"","background-media":"","overlay-type":"","overlay-color":"","overlay-opacity":"","overlay-gradient":""},"tablet":{"background-color":"","background-image":"","background-repeat":"repeat","background-position":"center center","background-size":"auto","background-attachment":"scroll","background-type":"","background-media":"","overlay-type":"","overlay-color":"","overlay-opacity":"","overlay-gradient":""},"mobile":{"background-color":"","background-image":"","background-repeat":"repeat","background-position":"center center","background-size":"auto","background-attachment":"scroll","background-type":"","background-media":"","overlay-type":"","overlay-color":"","overlay-opacity":"","overlay-gradient":""}},"ast-content-background-meta":{"desktop":{"background-color":"var(--ast-global-color-5)","background-image":"","background-repeat":"repeat","background-position":"center center","background-size":"auto","background-attachment":"scroll","background-type":"","background-media":"","overlay-type":"","overlay-color":"","overlay-opacity":"","overlay-gradient":""},"tablet":{"background-color":"var(--ast-global-color-5)","background-image":"","background-repeat":"repeat","background-position":"center center","background-size":"auto","background-attachment":"scroll","background-type":"","background-media":"","overlay-type":"","overlay-color":"","overlay-opacity":"","overlay-gradient":""},"mobile":{"background-color":"var(--ast-global-color-5)","background-image":"","background-repeat":"repeat","background-position":"center center","background-size":"auto","background-attachment":"scroll","background-type":"","background-media":"","overlay-type":"","overlay-color":"","overlay-opacity":"","overlay-gradient":""}},"jetpack_post_was_ever_published":false},"product_brand":[],"product_cat":[238],"product_tag":[3120,1851,3119,3121,2591,3122],"class_list":{"0":"post-15716","1":"product","2":"type-product","3":"status-publish","4":"has-post-thumbnail","6":"product_cat-equipements","7":"product_tag-analyseur-delectrolyte","8":"product_tag-automate","9":"product_tag-be-biotechnology","10":"product_tag-electrolyte","11":"product_tag-f149","12":"product_tag-ions","13":"desktop-align-center","14":"tablet-align-left","15":"mobile-align-left","17":"first","18":"instock","19":"taxable","20":"shipping-taxable","21":"purchasable","22":"product-type-variable"},"yoast_head":"<!-- This site is optimized with the Yoast SEO plugin v27.5 - https:\/\/yoast.com\/product\/yoast-seo-wordpress\/ -->\n<title>Analyseur d\u2019\u00e9lectrolyte automatique B&amp;E BIOTECHNOLOGY - La Boutique en ligne<\/title>\n<meta name=\"description\" content=\"L&#039;Analyseur d\u2019\u00e9lectrolyte automatique B&amp;E BIOTECHNOLOGY est un outil performant et intuitif, id\u00e9al pour les besoins des laboratoires modernes.\" \/>\n<meta name=\"robots\" content=\"index, follow, max-snippet:-1, max-image-preview:large, max-video-preview:-1\" \/>\n<link rel=\"canonical\" href=\"https:\/\/store.microbiotech.dz\/index.php\/produit\/analyseur-delectrolyte-automatique-be-biotechnology\/\" \/>\n<meta property=\"og:locale\" content=\"fr_FR\" \/>\n<meta property=\"og:type\" content=\"article\" \/>\n<meta property=\"og:title\" content=\"Analyseur d\u2019\u00e9lectrolyte automatique B&amp;E BIOTECHNOLOGY - La Boutique en ligne\" \/>\n<meta property=\"og:description\" content=\"L&#039;Analyseur d\u2019\u00e9lectrolyte automatique B&amp;E BIOTECHNOLOGY est un outil performant et intuitif, id\u00e9al pour les besoins des laboratoires modernes.\" \/>\n<meta property=\"og:url\" content=\"https:\/\/store.microbiotech.dz\/index.php\/produit\/analyseur-delectrolyte-automatique-be-biotechnology\/\" \/>\n<meta property=\"og:site_name\" content=\"La Boutique en ligne\" \/>\n<meta property=\"article:publisher\" content=\"https:\/\/www.facebook.com\/MicroBiotech.dz\" \/>\n<meta property=\"article:modified_time\" content=\"2025-12-18T17:29:50+00:00\" \/>\n<meta property=\"og:image\" content=\"https:\/\/store.microbiotech.dz\/wp-content\/uploads\/2025\/06\/CBS-30.webp\" \/>\n\t<meta property=\"og:image:width\" content=\"600\" \/>\n\t<meta property=\"og:image:height\" content=\"600\" \/>\n\t<meta property=\"og:image:type\" content=\"image\/webp\" \/>\n<meta name=\"twitter:card\" content=\"summary_large_image\" \/>\n<meta name=\"twitter:site\" content=\"@MicrobiotechD\" \/>\n<meta name=\"twitter:label1\" content=\"Dur\u00e9e de lecture estim\u00e9e\" \/>\n\t<meta name=\"twitter:data1\" content=\"1 minute\" \/>\n<script type=\"application\/ld+json\" class=\"yoast-schema-graph\">{\"@context\":\"https:\\\/\\\/schema.org\",\"@graph\":[{\"@type\":\"WebPage\",\"@id\":\"https:\\\/\\\/store.microbiotech.dz\\\/index.php\\\/produit\\\/analyseur-delectrolyte-automatique-be-biotechnology\\\/\",\"url\":\"https:\\\/\\\/store.microbiotech.dz\\\/index.php\\\/produit\\\/analyseur-delectrolyte-automatique-be-biotechnology\\\/\",\"name\":\"Analyseur d\u2019\u00e9lectrolyte automatique B&E BIOTECHNOLOGY - La Boutique en ligne\",\"isPartOf\":{\"@id\":\"https:\\\/\\\/store.microbiotech.dz\\\/#website\"},\"primaryImageOfPage\":{\"@id\":\"https:\\\/\\\/store.microbiotech.dz\\\/index.php\\\/produit\\\/analyseur-delectrolyte-automatique-be-biotechnology\\\/#primaryimage\"},\"image\":{\"@id\":\"https:\\\/\\\/store.microbiotech.dz\\\/index.php\\\/produit\\\/analyseur-delectrolyte-automatique-be-biotechnology\\\/#primaryimage\"},\"thumbnailUrl\":\"https:\\\/\\\/store.microbiotech.dz\\\/wp-content\\\/uploads\\\/2025\\\/06\\\/CBS-30.webp\",\"datePublished\":\"2025-06-19T13:02:25+00:00\",\"dateModified\":\"2025-12-18T17:29:50+00:00\",\"description\":\"L'Analyseur d\u2019\u00e9lectrolyte automatique B&E BIOTECHNOLOGY est un outil performant et intuitif, id\u00e9al pour les besoins des laboratoires modernes.\",\"breadcrumb\":{\"@id\":\"https:\\\/\\\/store.microbiotech.dz\\\/index.php\\\/produit\\\/analyseur-delectrolyte-automatique-be-biotechnology\\\/#breadcrumb\"},\"inLanguage\":\"fr-FR\",\"potentialAction\":[{\"@type\":\"ReadAction\",\"target\":[\"https:\\\/\\\/store.microbiotech.dz\\\/index.php\\\/produit\\\/analyseur-delectrolyte-automatique-be-biotechnology\\\/\"]}]},{\"@type\":\"ImageObject\",\"inLanguage\":\"fr-FR\",\"@id\":\"https:\\\/\\\/store.microbiotech.dz\\\/index.php\\\/produit\\\/analyseur-delectrolyte-automatique-be-biotechnology\\\/#primaryimage\",\"url\":\"https:\\\/\\\/store.microbiotech.dz\\\/wp-content\\\/uploads\\\/2025\\\/06\\\/CBS-30.webp\",\"contentUrl\":\"https:\\\/\\\/store.microbiotech.dz\\\/wp-content\\\/uploads\\\/2025\\\/06\\\/CBS-30.webp\",\"width\":600,\"height\":600,\"caption\":\"Analyseur d\u2019\u00e9lectrolyte automatique B&E BIOTECHNOLOGY\"},{\"@type\":\"BreadcrumbList\",\"@id\":\"https:\\\/\\\/store.microbiotech.dz\\\/index.php\\\/produit\\\/analyseur-delectrolyte-automatique-be-biotechnology\\\/#breadcrumb\",\"itemListElement\":[{\"@type\":\"ListItem\",\"position\":1,\"name\":\"Accueil\",\"item\":\"https:\\\/\\\/store.microbiotech.dz\\\/\"},{\"@type\":\"ListItem\",\"position\":2,\"name\":\"Nos Produits\",\"item\":\"https:\\\/\\\/store.microbiotech.dz\\\/index.php\\\/nos-produits\\\/\"},{\"@type\":\"ListItem\",\"position\":3,\"name\":\"Analyseur d\u2019\u00e9lectrolyte automatique B&#038;E BIOTECHNOLOGY\"}]},{\"@type\":\"WebSite\",\"@id\":\"https:\\\/\\\/store.microbiotech.dz\\\/#website\",\"url\":\"https:\\\/\\\/store.microbiotech.dz\\\/\",\"name\":\"La Boutique en ligne\",\"description\":\"Qualit\u00e9 - Rapidit\u00e9 - Tranquillit\u00e9\",\"publisher\":{\"@id\":\"https:\\\/\\\/store.microbiotech.dz\\\/#organization\"},\"potentialAction\":[{\"@type\":\"SearchAction\",\"target\":{\"@type\":\"EntryPoint\",\"urlTemplate\":\"https:\\\/\\\/store.microbiotech.dz\\\/?s={search_term_string}\"},\"query-input\":{\"@type\":\"PropertyValueSpecification\",\"valueRequired\":true,\"valueName\":\"search_term_string\"}}],\"inLanguage\":\"fr-FR\"},{\"@type\":\"Organization\",\"@id\":\"https:\\\/\\\/store.microbiotech.dz\\\/#organization\",\"name\":\"Microbiotech EURL\",\"url\":\"https:\\\/\\\/store.microbiotech.dz\\\/\",\"logo\":{\"@type\":\"ImageObject\",\"inLanguage\":\"fr-FR\",\"@id\":\"https:\\\/\\\/store.microbiotech.dz\\\/#\\\/schema\\\/logo\\\/image\\\/\",\"url\":\"https:\\\/\\\/store.microbiotech.dz\\\/wp-content\\\/uploads\\\/2021\\\/09\\\/cropped-logo-microbiotech-2.jpg\",\"contentUrl\":\"https:\\\/\\\/store.microbiotech.dz\\\/wp-content\\\/uploads\\\/2021\\\/09\\\/cropped-logo-microbiotech-2.jpg\",\"width\":815,\"height\":586,\"caption\":\"Microbiotech EURL\"},\"image\":{\"@id\":\"https:\\\/\\\/store.microbiotech.dz\\\/#\\\/schema\\\/logo\\\/image\\\/\"},\"sameAs\":[\"https:\\\/\\\/www.facebook.com\\\/MicroBiotech.dz\",\"https:\\\/\\\/x.com\\\/MicrobiotechD\",\"https:\\\/\\\/www.linkedin.com\\\/in\\\/microbiotech\\\/\",\"https:\\\/\\\/www.youtube.com\\\/channel\\\/UCTxc3VIiX7LXD2LQYfZEcDg\"]}]}<\/script>\n<!-- \/ Yoast SEO plugin. -->","yoast_head_json":{"title":"Analyseur d\u2019\u00e9lectrolyte automatique B&E BIOTECHNOLOGY - La Boutique en ligne","description":"L'Analyseur d\u2019\u00e9lectrolyte automatique B&E BIOTECHNOLOGY est un outil performant et intuitif, id\u00e9al pour les besoins des laboratoires modernes.","robots":{"index":"index","follow":"follow","max-snippet":"max-snippet:-1","max-image-preview":"max-image-preview:large","max-video-preview":"max-video-preview:-1"},"canonical":"https:\/\/store.microbiotech.dz\/index.php\/produit\/analyseur-delectrolyte-automatique-be-biotechnology\/","og_locale":"fr_FR","og_type":"article","og_title":"Analyseur d\u2019\u00e9lectrolyte automatique B&E BIOTECHNOLOGY - La Boutique en ligne","og_description":"L'Analyseur d\u2019\u00e9lectrolyte automatique B&E BIOTECHNOLOGY est un outil performant et intuitif, id\u00e9al pour les besoins des laboratoires modernes.","og_url":"https:\/\/store.microbiotech.dz\/index.php\/produit\/analyseur-delectrolyte-automatique-be-biotechnology\/","og_site_name":"La Boutique en ligne","article_publisher":"https:\/\/www.facebook.com\/MicroBiotech.dz","article_modified_time":"2025-12-18T17:29:50+00:00","og_image":[{"width":600,"height":600,"url":"https:\/\/store.microbiotech.dz\/wp-content\/uploads\/2025\/06\/CBS-30.webp","type":"image\/webp"}],"twitter_card":"summary_large_image","twitter_site":"@MicrobiotechD","twitter_misc":{"Dur\u00e9e de lecture estim\u00e9e":"1 minute"},"schema":{"@context":"https:\/\/schema.org","@graph":[{"@type":"WebPage","@id":"https:\/\/store.microbiotech.dz\/index.php\/produit\/analyseur-delectrolyte-automatique-be-biotechnology\/","url":"https:\/\/store.microbiotech.dz\/index.php\/produit\/analyseur-delectrolyte-automatique-be-biotechnology\/","name":"Analyseur d\u2019\u00e9lectrolyte automatique B&E BIOTECHNOLOGY - La Boutique en ligne","isPartOf":{"@id":"https:\/\/store.microbiotech.dz\/#website"},"primaryImageOfPage":{"@id":"https:\/\/store.microbiotech.dz\/index.php\/produit\/analyseur-delectrolyte-automatique-be-biotechnology\/#primaryimage"},"image":{"@id":"https:\/\/store.microbiotech.dz\/index.php\/produit\/analyseur-delectrolyte-automatique-be-biotechnology\/#primaryimage"},"thumbnailUrl":"https:\/\/store.microbiotech.dz\/wp-content\/uploads\/2025\/06\/CBS-30.webp","datePublished":"2025-06-19T13:02:25+00:00","dateModified":"2025-12-18T17:29:50+00:00","description":"L'Analyseur d\u2019\u00e9lectrolyte automatique B&E BIOTECHNOLOGY est un outil performant et intuitif, id\u00e9al pour les besoins des laboratoires modernes.","breadcrumb":{"@id":"https:\/\/store.microbiotech.dz\/index.php\/produit\/analyseur-delectrolyte-automatique-be-biotechnology\/#breadcrumb"},"inLanguage":"fr-FR","potentialAction":[{"@type":"ReadAction","target":["https:\/\/store.microbiotech.dz\/index.php\/produit\/analyseur-delectrolyte-automatique-be-biotechnology\/"]}]},{"@type":"ImageObject","inLanguage":"fr-FR","@id":"https:\/\/store.microbiotech.dz\/index.php\/produit\/analyseur-delectrolyte-automatique-be-biotechnology\/#primaryimage","url":"https:\/\/store.microbiotech.dz\/wp-content\/uploads\/2025\/06\/CBS-30.webp","contentUrl":"https:\/\/store.microbiotech.dz\/wp-content\/uploads\/2025\/06\/CBS-30.webp","width":600,"height":600,"caption":"Analyseur d\u2019\u00e9lectrolyte automatique B&E BIOTECHNOLOGY"},{"@type":"BreadcrumbList","@id":"https:\/\/store.microbiotech.dz\/index.php\/produit\/analyseur-delectrolyte-automatique-be-biotechnology\/#breadcrumb","itemListElement":[{"@type":"ListItem","position":1,"name":"Accueil","item":"https:\/\/store.microbiotech.dz\/"},{"@type":"ListItem","position":2,"name":"Nos Produits","item":"https:\/\/store.microbiotech.dz\/index.php\/nos-produits\/"},{"@type":"ListItem","position":3,"name":"Analyseur d\u2019\u00e9lectrolyte automatique B&#038;E BIOTECHNOLOGY"}]},{"@type":"WebSite","@id":"https:\/\/store.microbiotech.dz\/#website","url":"https:\/\/store.microbiotech.dz\/","name":"La Boutique en ligne","description":"Qualit\u00e9 - Rapidit\u00e9 - Tranquillit\u00e9","publisher":{"@id":"https:\/\/store.microbiotech.dz\/#organization"},"potentialAction":[{"@type":"SearchAction","target":{"@type":"EntryPoint","urlTemplate":"https:\/\/store.microbiotech.dz\/?s={search_term_string}"},"query-input":{"@type":"PropertyValueSpecification","valueRequired":true,"valueName":"search_term_string"}}],"inLanguage":"fr-FR"},{"@type":"Organization","@id":"https:\/\/store.microbiotech.dz\/#organization","name":"Microbiotech EURL","url":"https:\/\/store.microbiotech.dz\/","logo":{"@type":"ImageObject","inLanguage":"fr-FR","@id":"https:\/\/store.microbiotech.dz\/#\/schema\/logo\/image\/","url":"https:\/\/store.microbiotech.dz\/wp-content\/uploads\/2021\/09\/cropped-logo-microbiotech-2.jpg","contentUrl":"https:\/\/store.microbiotech.dz\/wp-content\/uploads\/2021\/09\/cropped-logo-microbiotech-2.jpg","width":815,"height":586,"caption":"Microbiotech EURL"},"image":{"@id":"https:\/\/store.microbiotech.dz\/#\/schema\/logo\/image\/"},"sameAs":["https:\/\/www.facebook.com\/MicroBiotech.dz","https:\/\/x.com\/MicrobiotechD","https:\/\/www.linkedin.com\/in\/microbiotech\/","https:\/\/www.youtube.com\/channel\/UCTxc3VIiX7LXD2LQYfZEcDg"]}]}},"jetpack_sharing_enabled":true,"_links":{"self":[{"href":"https:\/\/store.microbiotech.dz\/index.php\/wp-json\/wp\/v2\/product\/15716","targetHints":{"allow":["GET"]}}],"collection":[{"href":"https:\/\/store.microbiotech.dz\/index.php\/wp-json\/wp\/v2\/product"}],"about":[{"href":"https:\/\/store.microbiotech.dz\/index.php\/wp-json\/wp\/v2\/types\/product"}],"replies":[{"embeddable":true,"href":"https:\/\/store.microbiotech.dz\/index.php\/wp-json\/wp\/v2\/comments?post=15716"}],"wp:featuredmedia":[{"embeddable":true,"href":"https:\/\/store.microbiotech.dz\/index.php\/wp-json\/wp\/v2\/media\/15719"}],"wp:attachment":[{"href":"https:\/\/store.microbiotech.dz\/index.php\/wp-json\/wp\/v2\/media?parent=15716"}],"wp:term":[{"taxonomy":"product_brand","embeddable":true,"href":"https:\/\/store.microbiotech.dz\/index.php\/wp-json\/wp\/v2\/product_brand?post=15716"},{"taxonomy":"product_cat","embeddable":true,"href":"https:\/\/store.microbiotech.dz\/index.php\/wp-json\/wp\/v2\/product_cat?post=15716"},{"taxonomy":"product_tag","embeddable":true,"href":"https:\/\/store.microbiotech.dz\/index.php\/wp-json\/wp\/v2\/product_tag?post=15716"}],"curies":[{"name":"wp","href":"https:\/\/api.w.org\/{rel}","templated":true}]}}