{"id":15562,"date":"2025-06-12T12:14:00","date_gmt":"2025-06-12T11:14:00","guid":{"rendered":"https:\/\/store.microbiotech.dz\/?post_type=product&#038;p=15562"},"modified":"2025-06-12T12:14:48","modified_gmt":"2025-06-12T11:14:48","slug":"automate-dhematologie-acon-mission","status":"publish","type":"product","link":"https:\/\/store.microbiotech.dz\/index.php\/produit\/automate-dhematologie-acon-mission\/","title":{"rendered":"Automate d\u2018h\u00e9matologie ACON Mission"},"content":{"rendered":"<p>L\u2019automate d\u2019h\u00e9matologie ACON Mission AH360 est con\u00e7u pour r\u00e9pondre aux exigences des laboratoires modernes. Il int\u00e8gre une technologie innovante, avec une m\u00e9thode d\u2019imp\u00e9dance de flux de gaine pour le comptage des globules rouges et des plaquettes, et un syst\u00e8me LED-tube r\u00e9cepteur garantissant une stabilit\u00e9 optimale de l\u2019HGB. L&rsquo;appareil fournit 21 param\u00e8tres avec une grande pr\u00e9cision gr\u00e2ce \u00e0 une technologie \u00e9prouv\u00e9e, assurant des r\u00e9sultats fiables pour le diagnostic clinique et le suivi des patients.<\/p>\n<p><a href=\"https:\/\/store.microbiotech.dz\/?s=automate\" target=\"_blank\" rel=\"noopener\">L\u2019Automate<\/a> d\u2018h\u00e9matologie <a href=\"https:\/\/www.aconlabs.com\/\" target=\"_blank\" rel=\"noopener\">ACON<\/a> Mission se distingue aussi par sa facilit\u00e9 d\u2019utilisation : contr\u00f4le qualit\u00e9 complet, gestion des r\u00e9actifs via code-barres, d\u00e9pannage en un clic, et rappel automatique pour l\u2019entretien quotidien. Il utilise seulement deux r\u00e9actifs non toxiques et biod\u00e9gradables, pour un fonctionnement \u00e0 la fois efficace et respectueux de l\u2019environnement.<\/p>\n<p>Polyvalent, pr\u00e9cis et simple \u00e0 entretenir, l\u2019Acon AH360 est un choix s\u00fbr pour les laboratoires \u00e0 la recherche de fiabilit\u00e9 et de performance.<\/p>\n<div class=\"ast-oembed-container \" style=\"height: 100%;\"><iframe loading=\"lazy\" title=\"ACON Mission HA-360 3-diff Automatic Hematology Analyzer | #C111-9011 | Medical Analyzer |\" width=\"500\" height=\"281\" src=\"https:\/\/www.youtube.com\/embed\/Mj9h1QLgPB8?feature=oembed\" frameborder=\"0\" allow=\"accelerometer; autoplay; clipboard-write; encrypted-media; gyroscope; picture-in-picture; web-share\" referrerpolicy=\"strict-origin-when-cross-origin\" allowfullscreen><\/iframe><\/div>\n","protected":false},"excerpt":{"rendered":"<p>&nbsp;<\/p>\n<p>Marque :\u00a0<strong>ACON\u00a0<img loading=\"lazy\" decoding=\"async\" class=\"wp-image-1507 alignnone lazyloaded\" src=\"https:\/\/store.microbiotech.dz\/wp-content\/uploads\/2022\/02\/Sans-titre-1.png\" alt=\"\" width=\"29\" height=\"27\" data-src=\"https:\/\/store.microbiotech.dz\/wp-content\/uploads\/2022\/02\/Sans-titre-1.png\" \/><\/strong><br \/>\nPrincipes et technologies :<br \/>\n<strong>WBC : m\u00e9thode d&rsquo;imp\u00e9dance<\/strong><br \/>\n<strong>RBC, PLT : m\u00e9thode d&rsquo;imp\u00e9dance de flux de gaine<\/strong><br \/>\n<strong>HGB : M\u00e9thode colorim\u00e9trique<\/strong><br \/>\nParam\u00e8tres :\u00a0<strong>Mode sang total (WB) et pr\u00e9-dilu\u00e9 (PD) ; 21 param\u00e8tres<\/strong><br \/>\n<strong>WBC; LYM#; MXD#;\u00a0NEUT#; LYM%; MXD%; NEUT%; RBC; HGB; HCT; MCV; MCH; MCHC; RDW-CV; RDW-SD; PLT; MPV; PDW; PCT; P-LCR; P-LCC<\/strong><br \/>\nHistogramme :\u00a0<strong>WBC (diff\u00e9rentiel en 3 parties), RBC, PIT<\/strong><br \/>\nStockage de donn\u00e9es : <strong>50 000 r\u00e9sultats d&rsquo;\u00e9chantillons complets avec histogrammes<\/strong><br \/>\nSource d&rsquo;\u00e9nergie : <strong>(100-240 V) CA ; 50 Hz\/60 Hz ; 300 VA<\/strong><br \/>\nSyst\u00e8me : <strong>ouvert avec deux r\u00e9actifs (Diluant et lyseur)<\/strong><br \/>\nT\u00e9l\u00e9chargement : <a href=\"https:\/\/store.microbiotech.dz\/wp-content\/uploads\/2025\/06\/HA-360-Hematology-lab_non-CE-sell-sheet.pdf\">HA-360-Hematology-lab_non-CE-sell-sheet<\/a><\/p>\n","protected":false},"featured_media":15564,"comment_status":"open","ping_status":"closed","template":"","meta":{"site-sidebar-layout":"default","site-content-layout":"","ast-site-content-layout":"default","site-content-style":"default","site-sidebar-style":"default","ast-global-header-display":"","ast-banner-title-visibility":"","ast-main-header-display":"","ast-hfb-above-header-display":"","ast-hfb-below-header-display":"","ast-hfb-mobile-header-display":"","site-post-title":"","ast-breadcrumbs-content":"","ast-featured-img":"","footer-sml-layout":"","ast-disable-related-posts":"","theme-transparent-header-meta":"default","adv-header-id-meta":"","stick-header-meta":"","header-above-stick-meta":"","header-main-stick-meta":"","header-below-stick-meta":"","astra-migrate-meta-layouts":"set","ast-page-background-enabled":"default","ast-page-background-meta":{"desktop":{"background-color":"var(--ast-global-color-4)","background-image":"","background-repeat":"repeat","background-position":"center center","background-size":"auto","background-attachment":"scroll","background-type":"","background-media":"","overlay-type":"","overlay-color":"","overlay-opacity":"","overlay-gradient":""},"tablet":{"background-color":"","background-image":"","background-repeat":"repeat","background-position":"center center","background-size":"auto","background-attachment":"scroll","background-type":"","background-media":"","overlay-type":"","overlay-color":"","overlay-opacity":"","overlay-gradient":""},"mobile":{"background-color":"","background-image":"","background-repeat":"repeat","background-position":"center center","background-size":"auto","background-attachment":"scroll","background-type":"","background-media":"","overlay-type":"","overlay-color":"","overlay-opacity":"","overlay-gradient":""}},"ast-content-background-meta":{"desktop":{"background-color":"var(--ast-global-color-5)","background-image":"","background-repeat":"repeat","background-position":"center center","background-size":"auto","background-attachment":"scroll","background-type":"","background-media":"","overlay-type":"","overlay-color":"","overlay-opacity":"","overlay-gradient":""},"tablet":{"background-color":"var(--ast-global-color-5)","background-image":"","background-repeat":"repeat","background-position":"center center","background-size":"auto","background-attachment":"scroll","background-type":"","background-media":"","overlay-type":"","overlay-color":"","overlay-opacity":"","overlay-gradient":""},"mobile":{"background-color":"var(--ast-global-color-5)","background-image":"","background-repeat":"repeat","background-position":"center center","background-size":"auto","background-attachment":"scroll","background-type":"","background-media":"","overlay-type":"","overlay-color":"","overlay-opacity":"","overlay-gradient":""}},"jetpack_post_was_ever_published":false},"product_brand":[],"product_cat":[238],"product_tag":[3096,1850,1851,2558,2377,770,3097],"class_list":{"0":"post-15562","1":"product","2":"type-product","3":"status-publish","4":"has-post-thumbnail","6":"product_cat-equipements","7":"product_tag-acon-mission","8":"product_tag-analyseur","9":"product_tag-automate","10":"product_tag-f147","11":"product_tag-globules-rouges","12":"product_tag-hematologie","13":"product_tag-systeme-ouvert","14":"desktop-align-center","15":"tablet-align-left","16":"mobile-align-left","18":"first","19":"instock","20":"taxable","21":"shipping-taxable","22":"purchasable","23":"product-type-simple"},"yoast_head":"<!-- This site is optimized with the Yoast SEO plugin v27.4 - https:\/\/yoast.com\/product\/yoast-seo-wordpress\/ -->\n<title>Automate d\u2018h\u00e9matologie ACON Mission<\/title>\n<meta name=\"description\" content=\"Automate d\u2018h\u00e9matologie ACON Mission, con\u00e7u sp\u00e9cifiquement pour r\u00e9pondre aux besoins des professionnels de la sant\u00e9 au point de service.\" \/>\n<meta name=\"robots\" content=\"index, follow, max-snippet:-1, max-image-preview:large, max-video-preview:-1\" \/>\n<link rel=\"canonical\" href=\"https:\/\/store.microbiotech.dz\/index.php\/produit\/automate-dhematologie-acon-mission\/\" \/>\n<meta property=\"og:locale\" content=\"fr_FR\" \/>\n<meta property=\"og:type\" content=\"article\" \/>\n<meta property=\"og:title\" content=\"Automate d\u2018h\u00e9matologie ACON Mission\" \/>\n<meta property=\"og:description\" content=\"Automate d\u2018h\u00e9matologie ACON Mission, con\u00e7u sp\u00e9cifiquement pour r\u00e9pondre aux besoins des professionnels de la sant\u00e9 au point de service.\" \/>\n<meta property=\"og:url\" content=\"https:\/\/store.microbiotech.dz\/index.php\/produit\/automate-dhematologie-acon-mission\/\" \/>\n<meta property=\"og:site_name\" content=\"La Boutique en ligne\" \/>\n<meta property=\"article:publisher\" content=\"https:\/\/www.facebook.com\/MicroBiotech.dz\" \/>\n<meta property=\"article:modified_time\" content=\"2025-06-12T11:14:48+00:00\" \/>\n<meta property=\"og:image\" content=\"https:\/\/store.microbiotech.dz\/wp-content\/uploads\/2025\/06\/mission-HA-360.webp\" \/>\n\t<meta property=\"og:image:width\" content=\"600\" \/>\n\t<meta property=\"og:image:height\" content=\"600\" \/>\n\t<meta property=\"og:image:type\" content=\"image\/webp\" \/>\n<meta name=\"twitter:card\" content=\"summary_large_image\" \/>\n<meta name=\"twitter:site\" content=\"@MicrobiotechD\" \/>\n<meta name=\"twitter:label1\" content=\"Dur\u00e9e de lecture estim\u00e9e\" \/>\n\t<meta name=\"twitter:data1\" content=\"1 minute\" \/>\n<script type=\"application\/ld+json\" class=\"yoast-schema-graph\">{\"@context\":\"https:\\\/\\\/schema.org\",\"@graph\":[{\"@type\":\"WebPage\",\"@id\":\"https:\\\/\\\/store.microbiotech.dz\\\/index.php\\\/produit\\\/automate-dhematologie-acon-mission\\\/\",\"url\":\"https:\\\/\\\/store.microbiotech.dz\\\/index.php\\\/produit\\\/automate-dhematologie-acon-mission\\\/\",\"name\":\"Automate d\u2018h\u00e9matologie ACON Mission\",\"isPartOf\":{\"@id\":\"https:\\\/\\\/store.microbiotech.dz\\\/#website\"},\"primaryImageOfPage\":{\"@id\":\"https:\\\/\\\/store.microbiotech.dz\\\/index.php\\\/produit\\\/automate-dhematologie-acon-mission\\\/#primaryimage\"},\"image\":{\"@id\":\"https:\\\/\\\/store.microbiotech.dz\\\/index.php\\\/produit\\\/automate-dhematologie-acon-mission\\\/#primaryimage\"},\"thumbnailUrl\":\"https:\\\/\\\/store.microbiotech.dz\\\/wp-content\\\/uploads\\\/2025\\\/06\\\/mission-HA-360.webp\",\"datePublished\":\"2025-06-12T11:14:00+00:00\",\"dateModified\":\"2025-06-12T11:14:48+00:00\",\"description\":\"Automate d\u2018h\u00e9matologie ACON Mission, con\u00e7u sp\u00e9cifiquement pour r\u00e9pondre aux besoins des professionnels de la sant\u00e9 au point de service.\",\"breadcrumb\":{\"@id\":\"https:\\\/\\\/store.microbiotech.dz\\\/index.php\\\/produit\\\/automate-dhematologie-acon-mission\\\/#breadcrumb\"},\"inLanguage\":\"fr-FR\",\"potentialAction\":[{\"@type\":\"ReadAction\",\"target\":[\"https:\\\/\\\/store.microbiotech.dz\\\/index.php\\\/produit\\\/automate-dhematologie-acon-mission\\\/\"]}]},{\"@type\":\"ImageObject\",\"inLanguage\":\"fr-FR\",\"@id\":\"https:\\\/\\\/store.microbiotech.dz\\\/index.php\\\/produit\\\/automate-dhematologie-acon-mission\\\/#primaryimage\",\"url\":\"https:\\\/\\\/store.microbiotech.dz\\\/wp-content\\\/uploads\\\/2025\\\/06\\\/mission-HA-360.webp\",\"contentUrl\":\"https:\\\/\\\/store.microbiotech.dz\\\/wp-content\\\/uploads\\\/2025\\\/06\\\/mission-HA-360.webp\",\"width\":600,\"height\":600,\"caption\":\"Automate d\u2018h\u00e9matologie ACON Mission\"},{\"@type\":\"BreadcrumbList\",\"@id\":\"https:\\\/\\\/store.microbiotech.dz\\\/index.php\\\/produit\\\/automate-dhematologie-acon-mission\\\/#breadcrumb\",\"itemListElement\":[{\"@type\":\"ListItem\",\"position\":1,\"name\":\"Accueil\",\"item\":\"https:\\\/\\\/store.microbiotech.dz\\\/\"},{\"@type\":\"ListItem\",\"position\":2,\"name\":\"Nos Produits\",\"item\":\"https:\\\/\\\/store.microbiotech.dz\\\/index.php\\\/nos-produits\\\/\"},{\"@type\":\"ListItem\",\"position\":3,\"name\":\"Automate d\u2018h\u00e9matologie ACON Mission\"}]},{\"@type\":\"WebSite\",\"@id\":\"https:\\\/\\\/store.microbiotech.dz\\\/#website\",\"url\":\"https:\\\/\\\/store.microbiotech.dz\\\/\",\"name\":\"La Boutique en ligne\",\"description\":\"Qualit\u00e9 - Rapidit\u00e9 - Tranquillit\u00e9\",\"publisher\":{\"@id\":\"https:\\\/\\\/store.microbiotech.dz\\\/#organization\"},\"potentialAction\":[{\"@type\":\"SearchAction\",\"target\":{\"@type\":\"EntryPoint\",\"urlTemplate\":\"https:\\\/\\\/store.microbiotech.dz\\\/?s={search_term_string}\"},\"query-input\":{\"@type\":\"PropertyValueSpecification\",\"valueRequired\":true,\"valueName\":\"search_term_string\"}}],\"inLanguage\":\"fr-FR\"},{\"@type\":\"Organization\",\"@id\":\"https:\\\/\\\/store.microbiotech.dz\\\/#organization\",\"name\":\"Microbiotech EURL\",\"url\":\"https:\\\/\\\/store.microbiotech.dz\\\/\",\"logo\":{\"@type\":\"ImageObject\",\"inLanguage\":\"fr-FR\",\"@id\":\"https:\\\/\\\/store.microbiotech.dz\\\/#\\\/schema\\\/logo\\\/image\\\/\",\"url\":\"https:\\\/\\\/store.microbiotech.dz\\\/wp-content\\\/uploads\\\/2021\\\/09\\\/cropped-logo-microbiotech-2.jpg\",\"contentUrl\":\"https:\\\/\\\/store.microbiotech.dz\\\/wp-content\\\/uploads\\\/2021\\\/09\\\/cropped-logo-microbiotech-2.jpg\",\"width\":815,\"height\":586,\"caption\":\"Microbiotech EURL\"},\"image\":{\"@id\":\"https:\\\/\\\/store.microbiotech.dz\\\/#\\\/schema\\\/logo\\\/image\\\/\"},\"sameAs\":[\"https:\\\/\\\/www.facebook.com\\\/MicroBiotech.dz\",\"https:\\\/\\\/x.com\\\/MicrobiotechD\",\"https:\\\/\\\/www.linkedin.com\\\/in\\\/microbiotech\\\/\",\"https:\\\/\\\/www.youtube.com\\\/channel\\\/UCTxc3VIiX7LXD2LQYfZEcDg\"]}]}<\/script>\n<!-- \/ Yoast SEO plugin. -->","yoast_head_json":{"title":"Automate d\u2018h\u00e9matologie ACON Mission","description":"Automate d\u2018h\u00e9matologie ACON Mission, con\u00e7u sp\u00e9cifiquement pour r\u00e9pondre aux besoins des professionnels de la sant\u00e9 au point de service.","robots":{"index":"index","follow":"follow","max-snippet":"max-snippet:-1","max-image-preview":"max-image-preview:large","max-video-preview":"max-video-preview:-1"},"canonical":"https:\/\/store.microbiotech.dz\/index.php\/produit\/automate-dhematologie-acon-mission\/","og_locale":"fr_FR","og_type":"article","og_title":"Automate d\u2018h\u00e9matologie ACON Mission","og_description":"Automate d\u2018h\u00e9matologie ACON Mission, con\u00e7u sp\u00e9cifiquement pour r\u00e9pondre aux besoins des professionnels de la sant\u00e9 au point de service.","og_url":"https:\/\/store.microbiotech.dz\/index.php\/produit\/automate-dhematologie-acon-mission\/","og_site_name":"La Boutique en ligne","article_publisher":"https:\/\/www.facebook.com\/MicroBiotech.dz","article_modified_time":"2025-06-12T11:14:48+00:00","og_image":[{"width":600,"height":600,"url":"https:\/\/store.microbiotech.dz\/wp-content\/uploads\/2025\/06\/mission-HA-360.webp","type":"image\/webp"}],"twitter_card":"summary_large_image","twitter_site":"@MicrobiotechD","twitter_misc":{"Dur\u00e9e de lecture estim\u00e9e":"1 minute"},"schema":{"@context":"https:\/\/schema.org","@graph":[{"@type":"WebPage","@id":"https:\/\/store.microbiotech.dz\/index.php\/produit\/automate-dhematologie-acon-mission\/","url":"https:\/\/store.microbiotech.dz\/index.php\/produit\/automate-dhematologie-acon-mission\/","name":"Automate d\u2018h\u00e9matologie ACON Mission","isPartOf":{"@id":"https:\/\/store.microbiotech.dz\/#website"},"primaryImageOfPage":{"@id":"https:\/\/store.microbiotech.dz\/index.php\/produit\/automate-dhematologie-acon-mission\/#primaryimage"},"image":{"@id":"https:\/\/store.microbiotech.dz\/index.php\/produit\/automate-dhematologie-acon-mission\/#primaryimage"},"thumbnailUrl":"https:\/\/store.microbiotech.dz\/wp-content\/uploads\/2025\/06\/mission-HA-360.webp","datePublished":"2025-06-12T11:14:00+00:00","dateModified":"2025-06-12T11:14:48+00:00","description":"Automate d\u2018h\u00e9matologie ACON Mission, con\u00e7u sp\u00e9cifiquement pour r\u00e9pondre aux besoins des professionnels de la sant\u00e9 au point de service.","breadcrumb":{"@id":"https:\/\/store.microbiotech.dz\/index.php\/produit\/automate-dhematologie-acon-mission\/#breadcrumb"},"inLanguage":"fr-FR","potentialAction":[{"@type":"ReadAction","target":["https:\/\/store.microbiotech.dz\/index.php\/produit\/automate-dhematologie-acon-mission\/"]}]},{"@type":"ImageObject","inLanguage":"fr-FR","@id":"https:\/\/store.microbiotech.dz\/index.php\/produit\/automate-dhematologie-acon-mission\/#primaryimage","url":"https:\/\/store.microbiotech.dz\/wp-content\/uploads\/2025\/06\/mission-HA-360.webp","contentUrl":"https:\/\/store.microbiotech.dz\/wp-content\/uploads\/2025\/06\/mission-HA-360.webp","width":600,"height":600,"caption":"Automate d\u2018h\u00e9matologie ACON Mission"},{"@type":"BreadcrumbList","@id":"https:\/\/store.microbiotech.dz\/index.php\/produit\/automate-dhematologie-acon-mission\/#breadcrumb","itemListElement":[{"@type":"ListItem","position":1,"name":"Accueil","item":"https:\/\/store.microbiotech.dz\/"},{"@type":"ListItem","position":2,"name":"Nos Produits","item":"https:\/\/store.microbiotech.dz\/index.php\/nos-produits\/"},{"@type":"ListItem","position":3,"name":"Automate d\u2018h\u00e9matologie ACON Mission"}]},{"@type":"WebSite","@id":"https:\/\/store.microbiotech.dz\/#website","url":"https:\/\/store.microbiotech.dz\/","name":"La Boutique en ligne","description":"Qualit\u00e9 - Rapidit\u00e9 - Tranquillit\u00e9","publisher":{"@id":"https:\/\/store.microbiotech.dz\/#organization"},"potentialAction":[{"@type":"SearchAction","target":{"@type":"EntryPoint","urlTemplate":"https:\/\/store.microbiotech.dz\/?s={search_term_string}"},"query-input":{"@type":"PropertyValueSpecification","valueRequired":true,"valueName":"search_term_string"}}],"inLanguage":"fr-FR"},{"@type":"Organization","@id":"https:\/\/store.microbiotech.dz\/#organization","name":"Microbiotech EURL","url":"https:\/\/store.microbiotech.dz\/","logo":{"@type":"ImageObject","inLanguage":"fr-FR","@id":"https:\/\/store.microbiotech.dz\/#\/schema\/logo\/image\/","url":"https:\/\/store.microbiotech.dz\/wp-content\/uploads\/2021\/09\/cropped-logo-microbiotech-2.jpg","contentUrl":"https:\/\/store.microbiotech.dz\/wp-content\/uploads\/2021\/09\/cropped-logo-microbiotech-2.jpg","width":815,"height":586,"caption":"Microbiotech EURL"},"image":{"@id":"https:\/\/store.microbiotech.dz\/#\/schema\/logo\/image\/"},"sameAs":["https:\/\/www.facebook.com\/MicroBiotech.dz","https:\/\/x.com\/MicrobiotechD","https:\/\/www.linkedin.com\/in\/microbiotech\/","https:\/\/www.youtube.com\/channel\/UCTxc3VIiX7LXD2LQYfZEcDg"]}]}},"jetpack_sharing_enabled":true,"_links":{"self":[{"href":"https:\/\/store.microbiotech.dz\/index.php\/wp-json\/wp\/v2\/product\/15562","targetHints":{"allow":["GET"]}}],"collection":[{"href":"https:\/\/store.microbiotech.dz\/index.php\/wp-json\/wp\/v2\/product"}],"about":[{"href":"https:\/\/store.microbiotech.dz\/index.php\/wp-json\/wp\/v2\/types\/product"}],"replies":[{"embeddable":true,"href":"https:\/\/store.microbiotech.dz\/index.php\/wp-json\/wp\/v2\/comments?post=15562"}],"wp:featuredmedia":[{"embeddable":true,"href":"https:\/\/store.microbiotech.dz\/index.php\/wp-json\/wp\/v2\/media\/15564"}],"wp:attachment":[{"href":"https:\/\/store.microbiotech.dz\/index.php\/wp-json\/wp\/v2\/media?parent=15562"}],"wp:term":[{"taxonomy":"product_brand","embeddable":true,"href":"https:\/\/store.microbiotech.dz\/index.php\/wp-json\/wp\/v2\/product_brand?post=15562"},{"taxonomy":"product_cat","embeddable":true,"href":"https:\/\/store.microbiotech.dz\/index.php\/wp-json\/wp\/v2\/product_cat?post=15562"},{"taxonomy":"product_tag","embeddable":true,"href":"https:\/\/store.microbiotech.dz\/index.php\/wp-json\/wp\/v2\/product_tag?post=15562"}],"curies":[{"name":"wp","href":"https:\/\/api.w.org\/{rel}","templated":true}]}}