{"id":15535,"date":"2025-06-11T11:33:07","date_gmt":"2025-06-11T10:33:07","guid":{"rendered":"https:\/\/store.microbiotech.dz\/?post_type=product&#038;p=15535"},"modified":"2025-06-12T11:20:16","modified_gmt":"2025-06-12T10:20:16","slug":"analyseur-dhemoglobine-glyquee-de-paillasse-a1cchek-pro-biohermes","status":"publish","type":"product","link":"https:\/\/store.microbiotech.dz\/index.php\/produit\/analyseur-dhemoglobine-glyquee-de-paillasse-a1cchek-pro-biohermes\/","title":{"rendered":"Analyseur d\u2018h\u00e9moglobine glyqu\u00e9e de paillasse A1cChek Pro BIOHERMES"},"content":{"rendered":"<p>L&rsquo;Analyseur <a href=\"https:\/\/store.microbiotech.dz\/?s=h%C3%A9moglo\" target=\"_blank\" rel=\"noopener\">d&rsquo;h\u00e9moglobine<\/a> glyqu\u00e9e de paillasse A1cChek Pro <a href=\"https:\/\/fr.biohermesglobal.com\/\" target=\"_blank\" rel=\"noopener\">BIOHERMES<\/a> permet une mesure rapide et pr\u00e9cise du taux d\u2019HbA1c dans le sang capillaire ou veineux. Il utilise la chromatographie d\u2019affinit\u00e9 au boronate, une m\u00e9thode fiable conforme aux normes IFCC et DCCT. Gr\u00e2ce \u00e0 son \u00e9cran tactile intuitif, son imprimante thermique int\u00e9gr\u00e9e et ses multiples options de connectivit\u00e9 (Wi-Fi, USB, LAN, RS-232, RJ-45), cet appareil offre une grande flexibilit\u00e9 d\u2019utilisation. Compact et efficace, il s\u2019adresse aux professionnels de sant\u00e9 dans les h\u00f4pitaux, laboratoires et centres m\u00e9dicaux pour un d\u00e9pistage et un suivi du diab\u00e8te en quelques minutes.<\/p>\n<div class=\"ast-oembed-container \" style=\"height: 100%;\"><iframe loading=\"lazy\" title=\"Use Instruction of A1cChek Pro\" width=\"500\" height=\"281\" src=\"https:\/\/www.youtube.com\/embed\/Y7TACWLSflI?feature=oembed\" frameborder=\"0\" allow=\"accelerometer; autoplay; clipboard-write; encrypted-media; gyroscope; picture-in-picture; web-share\" referrerpolicy=\"strict-origin-when-cross-origin\" allowfullscreen><\/iframe><\/div>\n","protected":false},"excerpt":{"rendered":"<p>&nbsp;<\/p>\n<p>Marque : <strong>BIOHERMES <\/strong><img loading=\"lazy\" decoding=\"async\" class=\"alignnone wp-image-1795\" src=\"https:\/\/store.microbiotech.dz\/wp-content\/uploads\/2022\/04\/China-Flag.png\" sizes=\"auto, (max-width: 49px) 100vw, 49px\" srcset=\"https:\/\/store.microbiotech.dz\/wp-content\/uploads\/2022\/04\/China-Flag.png 224w, https:\/\/store.microbiotech.dz\/wp-content\/uploads\/2022\/04\/China-Flag-150x150.png 150w, https:\/\/store.microbiotech.dz\/wp-content\/uploads\/2022\/04\/China-Flag-100x100.png 100w\" alt=\"\" width=\"39\" height=\"39\" \/><br \/>\nCanaux : <strong>4<\/strong><br \/>\nType d&rsquo;\u00e9chantillon : <strong>sang capillaire\/veineux<\/strong><br \/>\nVolume de l&rsquo;\u00e9chantillon : <strong>environ 3\u00b5l<\/strong><br \/>\nTemps de test : <strong>5min jusqu&rsquo;au premier r\u00e9sultat, puis 1 r\u00e9sultat chaque minute<\/strong><br \/>\nM\u00e9trique : <strong>NGSP (%) \/ FCC (mmol\/mol) \/ eAG (mg\/dl ou mmol\/l)<\/strong><br \/>\nPlage d&rsquo;essai :<strong> 4.0% &#8211; 14.0%<\/strong><br \/>\nT\u00e9l\u00e9chargement : <a href=\"https:\/\/store.microbiotech.dz\/wp-content\/uploads\/2025\/06\/A1ChekProbrochure.pdf\">A1ChekProbrochure<\/a><\/p>\n","protected":false},"featured_media":15541,"comment_status":"open","ping_status":"closed","template":"","meta":{"site-sidebar-layout":"default","site-content-layout":"","ast-site-content-layout":"default","site-content-style":"default","site-sidebar-style":"default","ast-global-header-display":"","ast-banner-title-visibility":"","ast-main-header-display":"","ast-hfb-above-header-display":"","ast-hfb-below-header-display":"","ast-hfb-mobile-header-display":"","site-post-title":"","ast-breadcrumbs-content":"","ast-featured-img":"","footer-sml-layout":"","ast-disable-related-posts":"","theme-transparent-header-meta":"default","adv-header-id-meta":"","stick-header-meta":"","header-above-stick-meta":"","header-main-stick-meta":"","header-below-stick-meta":"","astra-migrate-meta-layouts":"set","ast-page-background-enabled":"default","ast-page-background-meta":{"desktop":{"background-color":"var(--ast-global-color-4)","background-image":"","background-repeat":"repeat","background-position":"center center","background-size":"auto","background-attachment":"scroll","background-type":"","background-media":"","overlay-type":"","overlay-color":"","overlay-opacity":"","overlay-gradient":""},"tablet":{"background-color":"","background-image":"","background-repeat":"repeat","background-position":"center center","background-size":"auto","background-attachment":"scroll","background-type":"","background-media":"","overlay-type":"","overlay-color":"","overlay-opacity":"","overlay-gradient":""},"mobile":{"background-color":"","background-image":"","background-repeat":"repeat","background-position":"center center","background-size":"auto","background-attachment":"scroll","background-type":"","background-media":"","overlay-type":"","overlay-color":"","overlay-opacity":"","overlay-gradient":""}},"ast-content-background-meta":{"desktop":{"background-color":"var(--ast-global-color-5)","background-image":"","background-repeat":"repeat","background-position":"center center","background-size":"auto","background-attachment":"scroll","background-type":"","background-media":"","overlay-type":"","overlay-color":"","overlay-opacity":"","overlay-gradient":""},"tablet":{"background-color":"var(--ast-global-color-5)","background-image":"","background-repeat":"repeat","background-position":"center center","background-size":"auto","background-attachment":"scroll","background-type":"","background-media":"","overlay-type":"","overlay-color":"","overlay-opacity":"","overlay-gradient":""},"mobile":{"background-color":"var(--ast-global-color-5)","background-image":"","background-repeat":"repeat","background-position":"center center","background-size":"auto","background-attachment":"scroll","background-type":"","background-media":"","overlay-type":"","overlay-color":"","overlay-opacity":"","overlay-gradient":""}},"jetpack_post_was_ever_published":false},"product_brand":[],"product_cat":[238],"product_tag":[3094,3029,2558,1557,3032,3093,3030,3031,1748],"class_list":{"0":"post-15535","1":"product","2":"type-product","3":"status-publish","4":"has-post-thumbnail","6":"product_cat-equipements","7":"product_tag-a1cchek-pro","8":"product_tag-biohermes","9":"product_tag-f147","10":"product_tag-glucose","11":"product_tag-glycemie","12":"product_tag-glycohemoglobine","13":"product_tag-hba1c","14":"product_tag-hemoglobine-glyquee","15":"product_tag-paillasse","16":"desktop-align-center","17":"tablet-align-left","18":"mobile-align-left","20":"first","21":"instock","22":"taxable","23":"shipping-taxable","24":"purchasable","25":"product-type-simple"},"yoast_head":"<!-- This site is optimized with the Yoast SEO plugin v27.4 - https:\/\/yoast.com\/product\/yoast-seo-wordpress\/ -->\n<title>Analyseur d\u2018h\u00e9moglobine glyqu\u00e9e de paillasse A1cChek Pro BIOHERMES<\/title>\n<meta name=\"description\" content=\"Analyseur d\u2018h\u00e9moglobine glyqu\u00e9e de paillasse A1cChek Pro BIOHERMES, pr\u00e9cis et fiable pour une meilleure surveillance de votre diab\u00e8te.\" \/>\n<meta name=\"robots\" content=\"index, follow, max-snippet:-1, max-image-preview:large, max-video-preview:-1\" \/>\n<link rel=\"canonical\" href=\"https:\/\/store.microbiotech.dz\/index.php\/produit\/analyseur-dhemoglobine-glyquee-de-paillasse-a1cchek-pro-biohermes\/\" \/>\n<meta property=\"og:locale\" content=\"fr_FR\" \/>\n<meta property=\"og:type\" content=\"article\" \/>\n<meta property=\"og:title\" content=\"Analyseur d\u2018h\u00e9moglobine glyqu\u00e9e de paillasse A1cChek Pro BIOHERMES\" \/>\n<meta property=\"og:description\" content=\"Analyseur d\u2018h\u00e9moglobine glyqu\u00e9e de paillasse A1cChek Pro BIOHERMES, pr\u00e9cis et fiable pour une meilleure surveillance de votre diab\u00e8te.\" \/>\n<meta property=\"og:url\" content=\"https:\/\/store.microbiotech.dz\/index.php\/produit\/analyseur-dhemoglobine-glyquee-de-paillasse-a1cchek-pro-biohermes\/\" \/>\n<meta property=\"og:site_name\" content=\"La Boutique en ligne\" \/>\n<meta property=\"article:publisher\" content=\"https:\/\/www.facebook.com\/MicroBiotech.dz\" \/>\n<meta property=\"article:modified_time\" content=\"2025-06-12T10:20:16+00:00\" \/>\n<meta property=\"og:image\" content=\"https:\/\/store.microbiotech.dz\/wp-content\/uploads\/2025\/06\/hba1c-testeur-7.webp\" \/>\n\t<meta property=\"og:image:width\" content=\"600\" \/>\n\t<meta property=\"og:image:height\" content=\"600\" \/>\n\t<meta property=\"og:image:type\" content=\"image\/webp\" \/>\n<meta name=\"twitter:card\" content=\"summary_large_image\" \/>\n<meta name=\"twitter:site\" content=\"@MicrobiotechD\" \/>\n<meta name=\"twitter:label1\" content=\"Dur\u00e9e de lecture estim\u00e9e\" \/>\n\t<meta name=\"twitter:data1\" content=\"1 minute\" \/>\n<script type=\"application\/ld+json\" class=\"yoast-schema-graph\">{\"@context\":\"https:\\\/\\\/schema.org\",\"@graph\":[{\"@type\":\"WebPage\",\"@id\":\"https:\\\/\\\/store.microbiotech.dz\\\/index.php\\\/produit\\\/analyseur-dhemoglobine-glyquee-de-paillasse-a1cchek-pro-biohermes\\\/\",\"url\":\"https:\\\/\\\/store.microbiotech.dz\\\/index.php\\\/produit\\\/analyseur-dhemoglobine-glyquee-de-paillasse-a1cchek-pro-biohermes\\\/\",\"name\":\"Analyseur d\u2018h\u00e9moglobine glyqu\u00e9e de paillasse A1cChek Pro BIOHERMES\",\"isPartOf\":{\"@id\":\"https:\\\/\\\/store.microbiotech.dz\\\/#website\"},\"primaryImageOfPage\":{\"@id\":\"https:\\\/\\\/store.microbiotech.dz\\\/index.php\\\/produit\\\/analyseur-dhemoglobine-glyquee-de-paillasse-a1cchek-pro-biohermes\\\/#primaryimage\"},\"image\":{\"@id\":\"https:\\\/\\\/store.microbiotech.dz\\\/index.php\\\/produit\\\/analyseur-dhemoglobine-glyquee-de-paillasse-a1cchek-pro-biohermes\\\/#primaryimage\"},\"thumbnailUrl\":\"https:\\\/\\\/store.microbiotech.dz\\\/wp-content\\\/uploads\\\/2025\\\/06\\\/hba1c-testeur-7.webp\",\"datePublished\":\"2025-06-11T10:33:07+00:00\",\"dateModified\":\"2025-06-12T10:20:16+00:00\",\"description\":\"Analyseur d\u2018h\u00e9moglobine glyqu\u00e9e de paillasse A1cChek Pro BIOHERMES, pr\u00e9cis et fiable pour une meilleure surveillance de votre diab\u00e8te.\",\"breadcrumb\":{\"@id\":\"https:\\\/\\\/store.microbiotech.dz\\\/index.php\\\/produit\\\/analyseur-dhemoglobine-glyquee-de-paillasse-a1cchek-pro-biohermes\\\/#breadcrumb\"},\"inLanguage\":\"fr-FR\",\"potentialAction\":[{\"@type\":\"ReadAction\",\"target\":[\"https:\\\/\\\/store.microbiotech.dz\\\/index.php\\\/produit\\\/analyseur-dhemoglobine-glyquee-de-paillasse-a1cchek-pro-biohermes\\\/\"]}]},{\"@type\":\"ImageObject\",\"inLanguage\":\"fr-FR\",\"@id\":\"https:\\\/\\\/store.microbiotech.dz\\\/index.php\\\/produit\\\/analyseur-dhemoglobine-glyquee-de-paillasse-a1cchek-pro-biohermes\\\/#primaryimage\",\"url\":\"https:\\\/\\\/store.microbiotech.dz\\\/wp-content\\\/uploads\\\/2025\\\/06\\\/hba1c-testeur-7.webp\",\"contentUrl\":\"https:\\\/\\\/store.microbiotech.dz\\\/wp-content\\\/uploads\\\/2025\\\/06\\\/hba1c-testeur-7.webp\",\"width\":600,\"height\":600,\"caption\":\"Analyseur d\u2018h\u00e9moglobine glyqu\u00e9e de paillasse A1cChek Pro BIOHERMES\"},{\"@type\":\"BreadcrumbList\",\"@id\":\"https:\\\/\\\/store.microbiotech.dz\\\/index.php\\\/produit\\\/analyseur-dhemoglobine-glyquee-de-paillasse-a1cchek-pro-biohermes\\\/#breadcrumb\",\"itemListElement\":[{\"@type\":\"ListItem\",\"position\":1,\"name\":\"Accueil\",\"item\":\"https:\\\/\\\/store.microbiotech.dz\\\/\"},{\"@type\":\"ListItem\",\"position\":2,\"name\":\"Nos Produits\",\"item\":\"https:\\\/\\\/store.microbiotech.dz\\\/index.php\\\/nos-produits\\\/\"},{\"@type\":\"ListItem\",\"position\":3,\"name\":\"Analyseur d\u2018h\u00e9moglobine glyqu\u00e9e de paillasse A1cChek Pro BIOHERMES\"}]},{\"@type\":\"WebSite\",\"@id\":\"https:\\\/\\\/store.microbiotech.dz\\\/#website\",\"url\":\"https:\\\/\\\/store.microbiotech.dz\\\/\",\"name\":\"La Boutique en ligne\",\"description\":\"Qualit\u00e9 - Rapidit\u00e9 - Tranquillit\u00e9\",\"publisher\":{\"@id\":\"https:\\\/\\\/store.microbiotech.dz\\\/#organization\"},\"potentialAction\":[{\"@type\":\"SearchAction\",\"target\":{\"@type\":\"EntryPoint\",\"urlTemplate\":\"https:\\\/\\\/store.microbiotech.dz\\\/?s={search_term_string}\"},\"query-input\":{\"@type\":\"PropertyValueSpecification\",\"valueRequired\":true,\"valueName\":\"search_term_string\"}}],\"inLanguage\":\"fr-FR\"},{\"@type\":\"Organization\",\"@id\":\"https:\\\/\\\/store.microbiotech.dz\\\/#organization\",\"name\":\"Microbiotech EURL\",\"url\":\"https:\\\/\\\/store.microbiotech.dz\\\/\",\"logo\":{\"@type\":\"ImageObject\",\"inLanguage\":\"fr-FR\",\"@id\":\"https:\\\/\\\/store.microbiotech.dz\\\/#\\\/schema\\\/logo\\\/image\\\/\",\"url\":\"https:\\\/\\\/store.microbiotech.dz\\\/wp-content\\\/uploads\\\/2021\\\/09\\\/cropped-logo-microbiotech-2.jpg\",\"contentUrl\":\"https:\\\/\\\/store.microbiotech.dz\\\/wp-content\\\/uploads\\\/2021\\\/09\\\/cropped-logo-microbiotech-2.jpg\",\"width\":815,\"height\":586,\"caption\":\"Microbiotech EURL\"},\"image\":{\"@id\":\"https:\\\/\\\/store.microbiotech.dz\\\/#\\\/schema\\\/logo\\\/image\\\/\"},\"sameAs\":[\"https:\\\/\\\/www.facebook.com\\\/MicroBiotech.dz\",\"https:\\\/\\\/x.com\\\/MicrobiotechD\",\"https:\\\/\\\/www.linkedin.com\\\/in\\\/microbiotech\\\/\",\"https:\\\/\\\/www.youtube.com\\\/channel\\\/UCTxc3VIiX7LXD2LQYfZEcDg\"]}]}<\/script>\n<!-- \/ Yoast SEO plugin. -->","yoast_head_json":{"title":"Analyseur d\u2018h\u00e9moglobine glyqu\u00e9e de paillasse A1cChek Pro BIOHERMES","description":"Analyseur d\u2018h\u00e9moglobine glyqu\u00e9e de paillasse A1cChek Pro BIOHERMES, pr\u00e9cis et fiable pour une meilleure surveillance de votre diab\u00e8te.","robots":{"index":"index","follow":"follow","max-snippet":"max-snippet:-1","max-image-preview":"max-image-preview:large","max-video-preview":"max-video-preview:-1"},"canonical":"https:\/\/store.microbiotech.dz\/index.php\/produit\/analyseur-dhemoglobine-glyquee-de-paillasse-a1cchek-pro-biohermes\/","og_locale":"fr_FR","og_type":"article","og_title":"Analyseur d\u2018h\u00e9moglobine glyqu\u00e9e de paillasse A1cChek Pro BIOHERMES","og_description":"Analyseur d\u2018h\u00e9moglobine glyqu\u00e9e de paillasse A1cChek Pro BIOHERMES, pr\u00e9cis et fiable pour une meilleure surveillance de votre diab\u00e8te.","og_url":"https:\/\/store.microbiotech.dz\/index.php\/produit\/analyseur-dhemoglobine-glyquee-de-paillasse-a1cchek-pro-biohermes\/","og_site_name":"La Boutique en ligne","article_publisher":"https:\/\/www.facebook.com\/MicroBiotech.dz","article_modified_time":"2025-06-12T10:20:16+00:00","og_image":[{"width":600,"height":600,"url":"https:\/\/store.microbiotech.dz\/wp-content\/uploads\/2025\/06\/hba1c-testeur-7.webp","type":"image\/webp"}],"twitter_card":"summary_large_image","twitter_site":"@MicrobiotechD","twitter_misc":{"Dur\u00e9e de lecture estim\u00e9e":"1 minute"},"schema":{"@context":"https:\/\/schema.org","@graph":[{"@type":"WebPage","@id":"https:\/\/store.microbiotech.dz\/index.php\/produit\/analyseur-dhemoglobine-glyquee-de-paillasse-a1cchek-pro-biohermes\/","url":"https:\/\/store.microbiotech.dz\/index.php\/produit\/analyseur-dhemoglobine-glyquee-de-paillasse-a1cchek-pro-biohermes\/","name":"Analyseur d\u2018h\u00e9moglobine glyqu\u00e9e de paillasse A1cChek Pro BIOHERMES","isPartOf":{"@id":"https:\/\/store.microbiotech.dz\/#website"},"primaryImageOfPage":{"@id":"https:\/\/store.microbiotech.dz\/index.php\/produit\/analyseur-dhemoglobine-glyquee-de-paillasse-a1cchek-pro-biohermes\/#primaryimage"},"image":{"@id":"https:\/\/store.microbiotech.dz\/index.php\/produit\/analyseur-dhemoglobine-glyquee-de-paillasse-a1cchek-pro-biohermes\/#primaryimage"},"thumbnailUrl":"https:\/\/store.microbiotech.dz\/wp-content\/uploads\/2025\/06\/hba1c-testeur-7.webp","datePublished":"2025-06-11T10:33:07+00:00","dateModified":"2025-06-12T10:20:16+00:00","description":"Analyseur d\u2018h\u00e9moglobine glyqu\u00e9e de paillasse A1cChek Pro BIOHERMES, pr\u00e9cis et fiable pour une meilleure surveillance de votre diab\u00e8te.","breadcrumb":{"@id":"https:\/\/store.microbiotech.dz\/index.php\/produit\/analyseur-dhemoglobine-glyquee-de-paillasse-a1cchek-pro-biohermes\/#breadcrumb"},"inLanguage":"fr-FR","potentialAction":[{"@type":"ReadAction","target":["https:\/\/store.microbiotech.dz\/index.php\/produit\/analyseur-dhemoglobine-glyquee-de-paillasse-a1cchek-pro-biohermes\/"]}]},{"@type":"ImageObject","inLanguage":"fr-FR","@id":"https:\/\/store.microbiotech.dz\/index.php\/produit\/analyseur-dhemoglobine-glyquee-de-paillasse-a1cchek-pro-biohermes\/#primaryimage","url":"https:\/\/store.microbiotech.dz\/wp-content\/uploads\/2025\/06\/hba1c-testeur-7.webp","contentUrl":"https:\/\/store.microbiotech.dz\/wp-content\/uploads\/2025\/06\/hba1c-testeur-7.webp","width":600,"height":600,"caption":"Analyseur d\u2018h\u00e9moglobine glyqu\u00e9e de paillasse A1cChek Pro BIOHERMES"},{"@type":"BreadcrumbList","@id":"https:\/\/store.microbiotech.dz\/index.php\/produit\/analyseur-dhemoglobine-glyquee-de-paillasse-a1cchek-pro-biohermes\/#breadcrumb","itemListElement":[{"@type":"ListItem","position":1,"name":"Accueil","item":"https:\/\/store.microbiotech.dz\/"},{"@type":"ListItem","position":2,"name":"Nos Produits","item":"https:\/\/store.microbiotech.dz\/index.php\/nos-produits\/"},{"@type":"ListItem","position":3,"name":"Analyseur d\u2018h\u00e9moglobine glyqu\u00e9e de paillasse A1cChek Pro BIOHERMES"}]},{"@type":"WebSite","@id":"https:\/\/store.microbiotech.dz\/#website","url":"https:\/\/store.microbiotech.dz\/","name":"La Boutique en ligne","description":"Qualit\u00e9 - Rapidit\u00e9 - Tranquillit\u00e9","publisher":{"@id":"https:\/\/store.microbiotech.dz\/#organization"},"potentialAction":[{"@type":"SearchAction","target":{"@type":"EntryPoint","urlTemplate":"https:\/\/store.microbiotech.dz\/?s={search_term_string}"},"query-input":{"@type":"PropertyValueSpecification","valueRequired":true,"valueName":"search_term_string"}}],"inLanguage":"fr-FR"},{"@type":"Organization","@id":"https:\/\/store.microbiotech.dz\/#organization","name":"Microbiotech EURL","url":"https:\/\/store.microbiotech.dz\/","logo":{"@type":"ImageObject","inLanguage":"fr-FR","@id":"https:\/\/store.microbiotech.dz\/#\/schema\/logo\/image\/","url":"https:\/\/store.microbiotech.dz\/wp-content\/uploads\/2021\/09\/cropped-logo-microbiotech-2.jpg","contentUrl":"https:\/\/store.microbiotech.dz\/wp-content\/uploads\/2021\/09\/cropped-logo-microbiotech-2.jpg","width":815,"height":586,"caption":"Microbiotech EURL"},"image":{"@id":"https:\/\/store.microbiotech.dz\/#\/schema\/logo\/image\/"},"sameAs":["https:\/\/www.facebook.com\/MicroBiotech.dz","https:\/\/x.com\/MicrobiotechD","https:\/\/www.linkedin.com\/in\/microbiotech\/","https:\/\/www.youtube.com\/channel\/UCTxc3VIiX7LXD2LQYfZEcDg"]}]}},"jetpack_sharing_enabled":true,"_links":{"self":[{"href":"https:\/\/store.microbiotech.dz\/index.php\/wp-json\/wp\/v2\/product\/15535","targetHints":{"allow":["GET"]}}],"collection":[{"href":"https:\/\/store.microbiotech.dz\/index.php\/wp-json\/wp\/v2\/product"}],"about":[{"href":"https:\/\/store.microbiotech.dz\/index.php\/wp-json\/wp\/v2\/types\/product"}],"replies":[{"embeddable":true,"href":"https:\/\/store.microbiotech.dz\/index.php\/wp-json\/wp\/v2\/comments?post=15535"}],"wp:featuredmedia":[{"embeddable":true,"href":"https:\/\/store.microbiotech.dz\/index.php\/wp-json\/wp\/v2\/media\/15541"}],"wp:attachment":[{"href":"https:\/\/store.microbiotech.dz\/index.php\/wp-json\/wp\/v2\/media?parent=15535"}],"wp:term":[{"taxonomy":"product_brand","embeddable":true,"href":"https:\/\/store.microbiotech.dz\/index.php\/wp-json\/wp\/v2\/product_brand?post=15535"},{"taxonomy":"product_cat","embeddable":true,"href":"https:\/\/store.microbiotech.dz\/index.php\/wp-json\/wp\/v2\/product_cat?post=15535"},{"taxonomy":"product_tag","embeddable":true,"href":"https:\/\/store.microbiotech.dz\/index.php\/wp-json\/wp\/v2\/product_tag?post=15535"}],"curies":[{"name":"wp","href":"https:\/\/api.w.org\/{rel}","templated":true}]}}