{"id":15308,"date":"2025-05-28T15:30:59","date_gmt":"2025-05-28T14:30:59","guid":{"rendered":"https:\/\/store.microbiotech.dz\/?post_type=product&#038;p=15308"},"modified":"2025-11-24T10:57:10","modified_gmt":"2025-11-24T09:57:10","slug":"kit-de-test-pour-analyseur-dhemoglobine-glyquee-hba1c-biohermes","status":"publish","type":"product","link":"https:\/\/store.microbiotech.dz\/index.php\/produit\/kit-de-test-pour-analyseur-dhemoglobine-glyquee-hba1c-biohermes\/","title":{"rendered":"Kit de test pour analyseur d\u2018h\u00e9moglobine glyqu\u00e9e HbA1c BIOHERMES"},"content":{"rendered":"<p>Le Kit de test pour analyseur d\u2018h\u00e9moglobine glyqu\u00e9e \u00a0<a href=\"https:\/\/fr.wikipedia.org\/wiki\/H%C3%A9moglobine_glyqu%C3%A9e\" target=\"_blank\" rel=\"noopener\">HbA1c<\/a> BIOHERMES permet une mesure rapide et pr\u00e9cise du taux de <a href=\"https:\/\/store.microbiotech.dz\/?s=glucose\" target=\"_blank\" rel=\"noopener\">glucose<\/a> \u00e0 long terme. Con\u00e7u pour fonctionner avec les analyseurs HbA1c de la marque, il assure des r\u00e9sultats fiables et constants, adapt\u00e9s au suivi du diab\u00e8te. Chaque kit contient tous les \u00e9l\u00e9ments n\u00e9cessaires pour effectuer les tests simplement, sans mat\u00e9riel suppl\u00e9mentaire. Id\u00e9al pour les laboratoires, les h\u00f4pitaux ou les cabinets m\u00e9dicaux, il contribue \u00e0 une prise en charge efficace et professionnelle du patient diab\u00e9tique.<\/p>\n","protected":false},"excerpt":{"rendered":"<h5><\/h5>\n<p>Marque : <strong>BIOHERMES <\/strong><img loading=\"lazy\" decoding=\"async\" class=\"alignnone wp-image-1795\" src=\"https:\/\/store.microbiotech.dz\/wp-content\/uploads\/2022\/04\/China-Flag.png\" alt=\"\" width=\"39\" height=\"39\" srcset=\"https:\/\/store.microbiotech.dz\/wp-content\/uploads\/2022\/04\/China-Flag.png 224w, https:\/\/store.microbiotech.dz\/wp-content\/uploads\/2022\/04\/China-Flag-150x150.png 150w, https:\/\/store.microbiotech.dz\/wp-content\/uploads\/2022\/04\/China-Flag-100x100.png 100w\" sizes=\"auto, (max-width: 39px) 100vw, 39px\" \/><br \/>\nConditionnement : <strong>25 tests<br \/>\n<\/strong>Contenu du kit de test :<br \/>\n<strong style=\"font-size: 1em\">25 bandelettes de test<br \/>\n<\/strong><strong style=\"font-size: 1em\">Tampon A<br \/>\n<\/strong><strong style=\"font-size: 1em\">Tampon B<br \/>\n<\/strong><strong style=\"font-size: 1em\">25 \u00c9chantillonneur de sang<br \/>\n<\/strong><strong style=\"font-size: 1em\">Puce de code (pour faire correspondre l&rsquo;analyseur avec les bandelettes de test)<\/strong><br \/>\nDate de p\u00e9remption :\u00a0<strong>11-2026<\/strong><\/p>\n","protected":false},"featured_media":15309,"comment_status":"open","ping_status":"closed","template":"","meta":{"site-sidebar-layout":"default","site-content-layout":"","ast-site-content-layout":"default","site-content-style":"default","site-sidebar-style":"default","ast-global-header-display":"","ast-banner-title-visibility":"","ast-main-header-display":"","ast-hfb-above-header-display":"","ast-hfb-below-header-display":"","ast-hfb-mobile-header-display":"","site-post-title":"","ast-breadcrumbs-content":"","ast-featured-img":"","footer-sml-layout":"","ast-disable-related-posts":"","theme-transparent-header-meta":"default","adv-header-id-meta":"","stick-header-meta":"","header-above-stick-meta":"","header-main-stick-meta":"","header-below-stick-meta":"","astra-migrate-meta-layouts":"set","ast-page-background-enabled":"default","ast-page-background-meta":{"desktop":{"background-color":"var(--ast-global-color-4)","background-image":"","background-repeat":"repeat","background-position":"center center","background-size":"auto","background-attachment":"scroll","background-type":"","background-media":"","overlay-type":"","overlay-color":"","overlay-opacity":"","overlay-gradient":""},"tablet":{"background-color":"","background-image":"","background-repeat":"repeat","background-position":"center center","background-size":"auto","background-attachment":"scroll","background-type":"","background-media":"","overlay-type":"","overlay-color":"","overlay-opacity":"","overlay-gradient":""},"mobile":{"background-color":"","background-image":"","background-repeat":"repeat","background-position":"center center","background-size":"auto","background-attachment":"scroll","background-type":"","background-media":"","overlay-type":"","overlay-color":"","overlay-opacity":"","overlay-gradient":""}},"ast-content-background-meta":{"desktop":{"background-color":"var(--ast-global-color-5)","background-image":"","background-repeat":"repeat","background-position":"center center","background-size":"auto","background-attachment":"scroll","background-type":"","background-media":"","overlay-type":"","overlay-color":"","overlay-opacity":"","overlay-gradient":""},"tablet":{"background-color":"var(--ast-global-color-5)","background-image":"","background-repeat":"repeat","background-position":"center center","background-size":"auto","background-attachment":"scroll","background-type":"","background-media":"","overlay-type":"","overlay-color":"","overlay-opacity":"","overlay-gradient":""},"mobile":{"background-color":"var(--ast-global-color-5)","background-image":"","background-repeat":"repeat","background-position":"center center","background-size":"auto","background-attachment":"scroll","background-type":"","background-media":"","overlay-type":"","overlay-color":"","overlay-opacity":"","overlay-gradient":""}},"jetpack_post_was_ever_published":false},"product_brand":[],"product_cat":[238],"product_tag":[3029,2558,1557,3032,3093,3030,3031,753],"class_list":{"0":"post-15308","1":"product","2":"type-product","3":"status-publish","4":"has-post-thumbnail","6":"product_cat-equipements","7":"product_tag-biohermes","8":"product_tag-f147","9":"product_tag-glucose","10":"product_tag-glycemie","11":"product_tag-glycohemoglobine","12":"product_tag-hba1c","13":"product_tag-hemoglobine-glyquee","14":"product_tag-kit","15":"desktop-align-center","16":"tablet-align-left","17":"mobile-align-left","19":"first","20":"instock","21":"taxable","22":"shipping-taxable","23":"purchasable","24":"product-type-simple"},"yoast_head":"<!-- This site is optimized with the Yoast SEO plugin v27.4 - https:\/\/yoast.com\/product\/yoast-seo-wordpress\/ -->\n<title>Kit de test pour analyseur d\u2018h\u00e9moglobine glyqu\u00e9e HbA1c BIOHERMES<\/title>\n<meta name=\"description\" content=\"Kit de test pour analyseur d\u2018h\u00e9moglobine glyqu\u00e9e HbA1c BIOHERMES facile \u00e0 utiliser et tr\u00e8s pr\u00e9cis pour une meilleure surveillance de votre diab\u00e8te.\" \/>\n<meta name=\"robots\" content=\"index, follow, max-snippet:-1, max-image-preview:large, max-video-preview:-1\" \/>\n<link rel=\"canonical\" href=\"https:\/\/store.microbiotech.dz\/index.php\/produit\/kit-de-test-pour-analyseur-dhemoglobine-glyquee-hba1c-biohermes\/\" \/>\n<meta property=\"og:locale\" content=\"fr_FR\" \/>\n<meta property=\"og:type\" content=\"article\" \/>\n<meta property=\"og:title\" content=\"Kit de test pour analyseur d\u2018h\u00e9moglobine glyqu\u00e9e HbA1c BIOHERMES\" \/>\n<meta property=\"og:description\" content=\"Kit de test pour analyseur d\u2018h\u00e9moglobine glyqu\u00e9e HbA1c BIOHERMES facile \u00e0 utiliser et tr\u00e8s pr\u00e9cis pour une meilleure surveillance de votre diab\u00e8te.\" \/>\n<meta property=\"og:url\" content=\"https:\/\/store.microbiotech.dz\/index.php\/produit\/kit-de-test-pour-analyseur-dhemoglobine-glyquee-hba1c-biohermes\/\" \/>\n<meta property=\"og:site_name\" content=\"La Boutique en ligne\" \/>\n<meta property=\"article:publisher\" content=\"https:\/\/www.facebook.com\/MicroBiotech.dz\" \/>\n<meta property=\"article:modified_time\" content=\"2025-11-24T09:57:10+00:00\" \/>\n<meta property=\"og:image\" content=\"https:\/\/store.microbiotech.dz\/wp-content\/uploads\/2025\/05\/kit-hba1c.webp\" \/>\n\t<meta property=\"og:image:width\" content=\"600\" \/>\n\t<meta property=\"og:image:height\" content=\"600\" \/>\n\t<meta property=\"og:image:type\" content=\"image\/webp\" \/>\n<meta name=\"twitter:card\" content=\"summary_large_image\" \/>\n<meta name=\"twitter:site\" content=\"@MicrobiotechD\" \/>\n<script type=\"application\/ld+json\" class=\"yoast-schema-graph\">{\"@context\":\"https:\\\/\\\/schema.org\",\"@graph\":[{\"@type\":\"WebPage\",\"@id\":\"https:\\\/\\\/store.microbiotech.dz\\\/index.php\\\/produit\\\/kit-de-test-pour-analyseur-dhemoglobine-glyquee-hba1c-biohermes\\\/\",\"url\":\"https:\\\/\\\/store.microbiotech.dz\\\/index.php\\\/produit\\\/kit-de-test-pour-analyseur-dhemoglobine-glyquee-hba1c-biohermes\\\/\",\"name\":\"Kit de test pour analyseur d\u2018h\u00e9moglobine glyqu\u00e9e HbA1c BIOHERMES\",\"isPartOf\":{\"@id\":\"https:\\\/\\\/store.microbiotech.dz\\\/#website\"},\"primaryImageOfPage\":{\"@id\":\"https:\\\/\\\/store.microbiotech.dz\\\/index.php\\\/produit\\\/kit-de-test-pour-analyseur-dhemoglobine-glyquee-hba1c-biohermes\\\/#primaryimage\"},\"image\":{\"@id\":\"https:\\\/\\\/store.microbiotech.dz\\\/index.php\\\/produit\\\/kit-de-test-pour-analyseur-dhemoglobine-glyquee-hba1c-biohermes\\\/#primaryimage\"},\"thumbnailUrl\":\"https:\\\/\\\/store.microbiotech.dz\\\/wp-content\\\/uploads\\\/2025\\\/05\\\/kit-hba1c.webp\",\"datePublished\":\"2025-05-28T14:30:59+00:00\",\"dateModified\":\"2025-11-24T09:57:10+00:00\",\"description\":\"Kit de test pour analyseur d\u2018h\u00e9moglobine glyqu\u00e9e HbA1c BIOHERMES facile \u00e0 utiliser et tr\u00e8s pr\u00e9cis pour une meilleure surveillance de votre diab\u00e8te.\",\"breadcrumb\":{\"@id\":\"https:\\\/\\\/store.microbiotech.dz\\\/index.php\\\/produit\\\/kit-de-test-pour-analyseur-dhemoglobine-glyquee-hba1c-biohermes\\\/#breadcrumb\"},\"inLanguage\":\"fr-FR\",\"potentialAction\":[{\"@type\":\"ReadAction\",\"target\":[\"https:\\\/\\\/store.microbiotech.dz\\\/index.php\\\/produit\\\/kit-de-test-pour-analyseur-dhemoglobine-glyquee-hba1c-biohermes\\\/\"]}]},{\"@type\":\"ImageObject\",\"inLanguage\":\"fr-FR\",\"@id\":\"https:\\\/\\\/store.microbiotech.dz\\\/index.php\\\/produit\\\/kit-de-test-pour-analyseur-dhemoglobine-glyquee-hba1c-biohermes\\\/#primaryimage\",\"url\":\"https:\\\/\\\/store.microbiotech.dz\\\/wp-content\\\/uploads\\\/2025\\\/05\\\/kit-hba1c.webp\",\"contentUrl\":\"https:\\\/\\\/store.microbiotech.dz\\\/wp-content\\\/uploads\\\/2025\\\/05\\\/kit-hba1c.webp\",\"width\":600,\"height\":600,\"caption\":\"Kit de test pour analyseur d\u2018h\u00e9moglobine glyqu\u00e9e HbA1c BIOHERMES\"},{\"@type\":\"BreadcrumbList\",\"@id\":\"https:\\\/\\\/store.microbiotech.dz\\\/index.php\\\/produit\\\/kit-de-test-pour-analyseur-dhemoglobine-glyquee-hba1c-biohermes\\\/#breadcrumb\",\"itemListElement\":[{\"@type\":\"ListItem\",\"position\":1,\"name\":\"Accueil\",\"item\":\"https:\\\/\\\/store.microbiotech.dz\\\/\"},{\"@type\":\"ListItem\",\"position\":2,\"name\":\"Nos Produits\",\"item\":\"https:\\\/\\\/store.microbiotech.dz\\\/index.php\\\/nos-produits\\\/\"},{\"@type\":\"ListItem\",\"position\":3,\"name\":\"Kit de test pour analyseur d\u2018h\u00e9moglobine glyqu\u00e9e HbA1c BIOHERMES\"}]},{\"@type\":\"WebSite\",\"@id\":\"https:\\\/\\\/store.microbiotech.dz\\\/#website\",\"url\":\"https:\\\/\\\/store.microbiotech.dz\\\/\",\"name\":\"La Boutique en ligne\",\"description\":\"Qualit\u00e9 - Rapidit\u00e9 - Tranquillit\u00e9\",\"publisher\":{\"@id\":\"https:\\\/\\\/store.microbiotech.dz\\\/#organization\"},\"potentialAction\":[{\"@type\":\"SearchAction\",\"target\":{\"@type\":\"EntryPoint\",\"urlTemplate\":\"https:\\\/\\\/store.microbiotech.dz\\\/?s={search_term_string}\"},\"query-input\":{\"@type\":\"PropertyValueSpecification\",\"valueRequired\":true,\"valueName\":\"search_term_string\"}}],\"inLanguage\":\"fr-FR\"},{\"@type\":\"Organization\",\"@id\":\"https:\\\/\\\/store.microbiotech.dz\\\/#organization\",\"name\":\"Microbiotech EURL\",\"url\":\"https:\\\/\\\/store.microbiotech.dz\\\/\",\"logo\":{\"@type\":\"ImageObject\",\"inLanguage\":\"fr-FR\",\"@id\":\"https:\\\/\\\/store.microbiotech.dz\\\/#\\\/schema\\\/logo\\\/image\\\/\",\"url\":\"https:\\\/\\\/store.microbiotech.dz\\\/wp-content\\\/uploads\\\/2021\\\/09\\\/cropped-logo-microbiotech-2.jpg\",\"contentUrl\":\"https:\\\/\\\/store.microbiotech.dz\\\/wp-content\\\/uploads\\\/2021\\\/09\\\/cropped-logo-microbiotech-2.jpg\",\"width\":815,\"height\":586,\"caption\":\"Microbiotech EURL\"},\"image\":{\"@id\":\"https:\\\/\\\/store.microbiotech.dz\\\/#\\\/schema\\\/logo\\\/image\\\/\"},\"sameAs\":[\"https:\\\/\\\/www.facebook.com\\\/MicroBiotech.dz\",\"https:\\\/\\\/x.com\\\/MicrobiotechD\",\"https:\\\/\\\/www.linkedin.com\\\/in\\\/microbiotech\\\/\",\"https:\\\/\\\/www.youtube.com\\\/channel\\\/UCTxc3VIiX7LXD2LQYfZEcDg\"]}]}<\/script>\n<!-- \/ Yoast SEO plugin. -->","yoast_head_json":{"title":"Kit de test pour analyseur d\u2018h\u00e9moglobine glyqu\u00e9e HbA1c BIOHERMES","description":"Kit de test pour analyseur d\u2018h\u00e9moglobine glyqu\u00e9e HbA1c BIOHERMES facile \u00e0 utiliser et tr\u00e8s pr\u00e9cis pour une meilleure surveillance de votre diab\u00e8te.","robots":{"index":"index","follow":"follow","max-snippet":"max-snippet:-1","max-image-preview":"max-image-preview:large","max-video-preview":"max-video-preview:-1"},"canonical":"https:\/\/store.microbiotech.dz\/index.php\/produit\/kit-de-test-pour-analyseur-dhemoglobine-glyquee-hba1c-biohermes\/","og_locale":"fr_FR","og_type":"article","og_title":"Kit de test pour analyseur d\u2018h\u00e9moglobine glyqu\u00e9e HbA1c BIOHERMES","og_description":"Kit de test pour analyseur d\u2018h\u00e9moglobine glyqu\u00e9e HbA1c BIOHERMES facile \u00e0 utiliser et tr\u00e8s pr\u00e9cis pour une meilleure surveillance de votre diab\u00e8te.","og_url":"https:\/\/store.microbiotech.dz\/index.php\/produit\/kit-de-test-pour-analyseur-dhemoglobine-glyquee-hba1c-biohermes\/","og_site_name":"La Boutique en ligne","article_publisher":"https:\/\/www.facebook.com\/MicroBiotech.dz","article_modified_time":"2025-11-24T09:57:10+00:00","og_image":[{"width":600,"height":600,"url":"https:\/\/store.microbiotech.dz\/wp-content\/uploads\/2025\/05\/kit-hba1c.webp","type":"image\/webp"}],"twitter_card":"summary_large_image","twitter_site":"@MicrobiotechD","schema":{"@context":"https:\/\/schema.org","@graph":[{"@type":"WebPage","@id":"https:\/\/store.microbiotech.dz\/index.php\/produit\/kit-de-test-pour-analyseur-dhemoglobine-glyquee-hba1c-biohermes\/","url":"https:\/\/store.microbiotech.dz\/index.php\/produit\/kit-de-test-pour-analyseur-dhemoglobine-glyquee-hba1c-biohermes\/","name":"Kit de test pour analyseur d\u2018h\u00e9moglobine glyqu\u00e9e HbA1c BIOHERMES","isPartOf":{"@id":"https:\/\/store.microbiotech.dz\/#website"},"primaryImageOfPage":{"@id":"https:\/\/store.microbiotech.dz\/index.php\/produit\/kit-de-test-pour-analyseur-dhemoglobine-glyquee-hba1c-biohermes\/#primaryimage"},"image":{"@id":"https:\/\/store.microbiotech.dz\/index.php\/produit\/kit-de-test-pour-analyseur-dhemoglobine-glyquee-hba1c-biohermes\/#primaryimage"},"thumbnailUrl":"https:\/\/store.microbiotech.dz\/wp-content\/uploads\/2025\/05\/kit-hba1c.webp","datePublished":"2025-05-28T14:30:59+00:00","dateModified":"2025-11-24T09:57:10+00:00","description":"Kit de test pour analyseur d\u2018h\u00e9moglobine glyqu\u00e9e HbA1c BIOHERMES facile \u00e0 utiliser et tr\u00e8s pr\u00e9cis pour une meilleure surveillance de votre diab\u00e8te.","breadcrumb":{"@id":"https:\/\/store.microbiotech.dz\/index.php\/produit\/kit-de-test-pour-analyseur-dhemoglobine-glyquee-hba1c-biohermes\/#breadcrumb"},"inLanguage":"fr-FR","potentialAction":[{"@type":"ReadAction","target":["https:\/\/store.microbiotech.dz\/index.php\/produit\/kit-de-test-pour-analyseur-dhemoglobine-glyquee-hba1c-biohermes\/"]}]},{"@type":"ImageObject","inLanguage":"fr-FR","@id":"https:\/\/store.microbiotech.dz\/index.php\/produit\/kit-de-test-pour-analyseur-dhemoglobine-glyquee-hba1c-biohermes\/#primaryimage","url":"https:\/\/store.microbiotech.dz\/wp-content\/uploads\/2025\/05\/kit-hba1c.webp","contentUrl":"https:\/\/store.microbiotech.dz\/wp-content\/uploads\/2025\/05\/kit-hba1c.webp","width":600,"height":600,"caption":"Kit de test pour analyseur d\u2018h\u00e9moglobine glyqu\u00e9e HbA1c BIOHERMES"},{"@type":"BreadcrumbList","@id":"https:\/\/store.microbiotech.dz\/index.php\/produit\/kit-de-test-pour-analyseur-dhemoglobine-glyquee-hba1c-biohermes\/#breadcrumb","itemListElement":[{"@type":"ListItem","position":1,"name":"Accueil","item":"https:\/\/store.microbiotech.dz\/"},{"@type":"ListItem","position":2,"name":"Nos Produits","item":"https:\/\/store.microbiotech.dz\/index.php\/nos-produits\/"},{"@type":"ListItem","position":3,"name":"Kit de test pour analyseur d\u2018h\u00e9moglobine glyqu\u00e9e HbA1c BIOHERMES"}]},{"@type":"WebSite","@id":"https:\/\/store.microbiotech.dz\/#website","url":"https:\/\/store.microbiotech.dz\/","name":"La Boutique en ligne","description":"Qualit\u00e9 - Rapidit\u00e9 - Tranquillit\u00e9","publisher":{"@id":"https:\/\/store.microbiotech.dz\/#organization"},"potentialAction":[{"@type":"SearchAction","target":{"@type":"EntryPoint","urlTemplate":"https:\/\/store.microbiotech.dz\/?s={search_term_string}"},"query-input":{"@type":"PropertyValueSpecification","valueRequired":true,"valueName":"search_term_string"}}],"inLanguage":"fr-FR"},{"@type":"Organization","@id":"https:\/\/store.microbiotech.dz\/#organization","name":"Microbiotech EURL","url":"https:\/\/store.microbiotech.dz\/","logo":{"@type":"ImageObject","inLanguage":"fr-FR","@id":"https:\/\/store.microbiotech.dz\/#\/schema\/logo\/image\/","url":"https:\/\/store.microbiotech.dz\/wp-content\/uploads\/2021\/09\/cropped-logo-microbiotech-2.jpg","contentUrl":"https:\/\/store.microbiotech.dz\/wp-content\/uploads\/2021\/09\/cropped-logo-microbiotech-2.jpg","width":815,"height":586,"caption":"Microbiotech EURL"},"image":{"@id":"https:\/\/store.microbiotech.dz\/#\/schema\/logo\/image\/"},"sameAs":["https:\/\/www.facebook.com\/MicroBiotech.dz","https:\/\/x.com\/MicrobiotechD","https:\/\/www.linkedin.com\/in\/microbiotech\/","https:\/\/www.youtube.com\/channel\/UCTxc3VIiX7LXD2LQYfZEcDg"]}]}},"jetpack_sharing_enabled":true,"_links":{"self":[{"href":"https:\/\/store.microbiotech.dz\/index.php\/wp-json\/wp\/v2\/product\/15308","targetHints":{"allow":["GET"]}}],"collection":[{"href":"https:\/\/store.microbiotech.dz\/index.php\/wp-json\/wp\/v2\/product"}],"about":[{"href":"https:\/\/store.microbiotech.dz\/index.php\/wp-json\/wp\/v2\/types\/product"}],"replies":[{"embeddable":true,"href":"https:\/\/store.microbiotech.dz\/index.php\/wp-json\/wp\/v2\/comments?post=15308"}],"wp:featuredmedia":[{"embeddable":true,"href":"https:\/\/store.microbiotech.dz\/index.php\/wp-json\/wp\/v2\/media\/15309"}],"wp:attachment":[{"href":"https:\/\/store.microbiotech.dz\/index.php\/wp-json\/wp\/v2\/media?parent=15308"}],"wp:term":[{"taxonomy":"product_brand","embeddable":true,"href":"https:\/\/store.microbiotech.dz\/index.php\/wp-json\/wp\/v2\/product_brand?post=15308"},{"taxonomy":"product_cat","embeddable":true,"href":"https:\/\/store.microbiotech.dz\/index.php\/wp-json\/wp\/v2\/product_cat?post=15308"},{"taxonomy":"product_tag","embeddable":true,"href":"https:\/\/store.microbiotech.dz\/index.php\/wp-json\/wp\/v2\/product_tag?post=15308"}],"curies":[{"name":"wp","href":"https:\/\/api.w.org\/{rel}","templated":true}]}}