{"id":15267,"date":"2025-05-27T13:38:15","date_gmt":"2025-05-27T12:38:15","guid":{"rendered":"https:\/\/store.microbiotech.dz\/?post_type=product&#038;p=15267"},"modified":"2025-05-31T15:39:20","modified_gmt":"2025-05-31T14:39:20","slug":"test-rapide-hcv-acon-mission","status":"publish","type":"product","link":"https:\/\/store.microbiotech.dz\/index.php\/produit\/test-rapide-hcv-acon-mission\/","title":{"rendered":"Test rapide HCV ACON Mission"},"content":{"rendered":"<p><span style=\"font-size: 16px; font-style: normal; font-weight: 400;\">Le <a href=\"https:\/\/store.microbiotech.dz\/?s=test\" target=\"_blank\" rel=\"noopener\">Test<\/a> rapide HCV <\/span><span style=\"font-size: 16px; font-style: normal; font-weight: 400;\"><a href=\"https:\/\/www.aconlabs.com\/\" target=\"_blank\" rel=\"noopener\">ACON<\/a> Mission offre une solution efficace pour le d\u00e9pistage du virus de l\u2019h\u00e9patite C en laboratoire. Il se distingue par sa haute sensibilit\u00e9, sa grande sp\u00e9cificit\u00e9 et la rapidit\u00e9 de ses r\u00e9sultats. Facile \u00e0 utiliser, il ne n\u00e9cessite aucun \u00e9quipement suppl\u00e9mentaire. Les r\u00e9actifs sont pr\u00eats \u00e0 l\u2019emploi, ce qui simplifie les manipulations. Ce test se conserve \u00e0 temp\u00e9rature ambiante et poss\u00e8de une longue dur\u00e9e de conservation, ce qui le rend pratique et \u00e9conomique au quotidien.<br \/>\n<\/span><\/p>\n","protected":false},"excerpt":{"rendered":"<p>&nbsp;<\/p>\n<p>Marque : <strong>ACON <img loading=\"lazy\" decoding=\"async\" class=\"wp-image-1507 alignnone lazyloaded\" src=\"https:\/\/store.microbiotech.dz\/wp-content\/uploads\/2022\/02\/Sans-titre-1.png\" alt=\"\" width=\"29\" height=\"27\" data-src=\"https:\/\/store.microbiotech.dz\/wp-content\/uploads\/2022\/02\/Sans-titre-1.png\" \/><\/strong><br \/>\nD\u00e9tection : <strong>IgG et IgM (par HCV Core recombinant, NS3, NS4 et NS5 Ag)<\/strong><br \/>\nSp\u00e9cimen : <strong>S\u00e9rum\/Plasma\/Sang total<\/strong><br \/>\nSensibilit\u00e9 : <strong>&gt;99%<\/strong><br \/>\nSp\u00e9cificit\u00e9 : <strong>&gt;99%<\/strong><br \/>\nTemps de test : <strong>10 minutes<\/strong><br \/>\nDur\u00e9e de conservation et temp\u00e9rature de stockage : <strong>24 mois \u00e0 2-30\u2103<\/strong><br \/>\nT\u00e9l\u00e9chargement : <a href=\"https:\/\/store.microbiotech.dz\/wp-content\/uploads\/2025\/05\/HCV-Rapid-Test-Package-Insert.pdf\">HCV Rapid Test Package Insert<\/a><br \/>\nNombre de tests par kit: <strong>50 bandelettes\/ kit<\/strong><br \/>\n<strong>40 cassettes \/kit<\/strong><\/p>\n<p><img loading=\"lazy\" decoding=\"async\" class=\"alignnone wp-image-11233\" src=\"https:\/\/store.microbiotech.dz\/wp-content\/uploads\/2024\/09\/acon-300x62.png\" alt=\"\" width=\"97\" height=\"20\" srcset=\"https:\/\/store.microbiotech.dz\/wp-content\/uploads\/2024\/09\/acon-300x62.png 300w, https:\/\/store.microbiotech.dz\/wp-content\/uploads\/2024\/09\/acon-1024x212.png 1024w, https:\/\/store.microbiotech.dz\/wp-content\/uploads\/2024\/09\/acon-768x159.png 768w, https:\/\/store.microbiotech.dz\/wp-content\/uploads\/2024\/09\/acon-600x124.png 600w, https:\/\/store.microbiotech.dz\/wp-content\/uploads\/2024\/09\/acon.png 1238w\" sizes=\"auto, (max-width: 97px) 100vw, 97px\" \/><\/p>\n","protected":false},"featured_media":15260,"comment_status":"open","ping_status":"closed","template":"","meta":{"site-sidebar-layout":"default","site-content-layout":"","ast-site-content-layout":"default","site-content-style":"default","site-sidebar-style":"default","ast-global-header-display":"","ast-banner-title-visibility":"","ast-main-header-display":"","ast-hfb-above-header-display":"","ast-hfb-below-header-display":"","ast-hfb-mobile-header-display":"","site-post-title":"","ast-breadcrumbs-content":"","ast-featured-img":"","footer-sml-layout":"","ast-disable-related-posts":"","theme-transparent-header-meta":"default","adv-header-id-meta":"","stick-header-meta":"","header-above-stick-meta":"","header-main-stick-meta":"","header-below-stick-meta":"","astra-migrate-meta-layouts":"set","ast-page-background-enabled":"default","ast-page-background-meta":{"desktop":{"background-color":"var(--ast-global-color-4)","background-image":"","background-repeat":"repeat","background-position":"center center","background-size":"auto","background-attachment":"scroll","background-type":"","background-media":"","overlay-type":"","overlay-color":"","overlay-opacity":"","overlay-gradient":""},"tablet":{"background-color":"","background-image":"","background-repeat":"repeat","background-position":"center center","background-size":"auto","background-attachment":"scroll","background-type":"","background-media":"","overlay-type":"","overlay-color":"","overlay-opacity":"","overlay-gradient":""},"mobile":{"background-color":"","background-image":"","background-repeat":"repeat","background-position":"center center","background-size":"auto","background-attachment":"scroll","background-type":"","background-media":"","overlay-type":"","overlay-color":"","overlay-opacity":"","overlay-gradient":""}},"ast-content-background-meta":{"desktop":{"background-color":"var(--ast-global-color-5)","background-image":"","background-repeat":"repeat","background-position":"center center","background-size":"auto","background-attachment":"scroll","background-type":"","background-media":"","overlay-type":"","overlay-color":"","overlay-opacity":"","overlay-gradient":""},"tablet":{"background-color":"var(--ast-global-color-5)","background-image":"","background-repeat":"repeat","background-position":"center center","background-size":"auto","background-attachment":"scroll","background-type":"","background-media":"","overlay-type":"","overlay-color":"","overlay-opacity":"","overlay-gradient":""},"mobile":{"background-color":"var(--ast-global-color-5)","background-image":"","background-repeat":"repeat","background-position":"center center","background-size":"auto","background-attachment":"scroll","background-type":"","background-media":"","overlay-type":"","overlay-color":"","overlay-opacity":"","overlay-gradient":""}},"jetpack_post_was_ever_published":false},"product_brand":[],"product_cat":[94],"product_tag":[2563,1077,2558,3022,3020,3023,2564,3018],"class_list":{"0":"post-15267","1":"product","2":"type-product","3":"status-publish","4":"has-post-thumbnail","6":"product_cat-additifs-et-autres","7":"product_tag-acon","8":"product_tag-bandelettes","9":"product_tag-f147","10":"product_tag-hcv","11":"product_tag-hepatite","12":"product_tag-hepatite-c","13":"product_tag-mission","14":"product_tag-test-rapide","15":"desktop-align-center","16":"tablet-align-left","17":"mobile-align-left","19":"first","20":"instock","21":"taxable","22":"shipping-taxable","23":"purchasable","24":"product-type-simple"},"yoast_head":"<!-- This site is optimized with the Yoast SEO plugin v27.4 - https:\/\/yoast.com\/product\/yoast-seo-wordpress\/ -->\n<title>Test rapide HCV ACON Mission - La Boutique en ligne<\/title>\n<meta name=\"description\" content=\"Le Test rapide HCV ACON Mission est rentable et fiable. Disponible au meilleur prix sur microbiotech.dz Commandez avant rupture !\" \/>\n<meta name=\"robots\" content=\"index, follow, max-snippet:-1, max-image-preview:large, max-video-preview:-1\" \/>\n<link rel=\"canonical\" href=\"https:\/\/store.microbiotech.dz\/index.php\/produit\/test-rapide-hcv-acon-mission\/\" \/>\n<meta property=\"og:locale\" content=\"fr_FR\" \/>\n<meta property=\"og:type\" content=\"article\" \/>\n<meta property=\"og:title\" content=\"Test rapide HCV ACON Mission - La Boutique en ligne\" \/>\n<meta property=\"og:description\" content=\"Le Test rapide HCV ACON Mission est rentable et fiable. Disponible au meilleur prix sur microbiotech.dz Commandez avant rupture !\" \/>\n<meta property=\"og:url\" content=\"https:\/\/store.microbiotech.dz\/index.php\/produit\/test-rapide-hcv-acon-mission\/\" \/>\n<meta property=\"og:site_name\" content=\"La Boutique en ligne\" \/>\n<meta property=\"article:publisher\" content=\"https:\/\/www.facebook.com\/MicroBiotech.dz\" \/>\n<meta property=\"article:modified_time\" content=\"2025-05-31T14:39:20+00:00\" \/>\n<meta property=\"og:image\" content=\"https:\/\/store.microbiotech.dz\/wp-content\/uploads\/2025\/05\/hiv.webp\" \/>\n\t<meta property=\"og:image:width\" content=\"600\" \/>\n\t<meta property=\"og:image:height\" content=\"600\" \/>\n\t<meta property=\"og:image:type\" content=\"image\/webp\" \/>\n<meta name=\"twitter:card\" content=\"summary_large_image\" \/>\n<meta name=\"twitter:site\" content=\"@MicrobiotechD\" \/>\n<script type=\"application\/ld+json\" class=\"yoast-schema-graph\">{\"@context\":\"https:\\\/\\\/schema.org\",\"@graph\":[{\"@type\":\"WebPage\",\"@id\":\"https:\\\/\\\/store.microbiotech.dz\\\/index.php\\\/produit\\\/test-rapide-hcv-acon-mission\\\/\",\"url\":\"https:\\\/\\\/store.microbiotech.dz\\\/index.php\\\/produit\\\/test-rapide-hcv-acon-mission\\\/\",\"name\":\"Test rapide HCV ACON Mission - La Boutique en ligne\",\"isPartOf\":{\"@id\":\"https:\\\/\\\/store.microbiotech.dz\\\/#website\"},\"primaryImageOfPage\":{\"@id\":\"https:\\\/\\\/store.microbiotech.dz\\\/index.php\\\/produit\\\/test-rapide-hcv-acon-mission\\\/#primaryimage\"},\"image\":{\"@id\":\"https:\\\/\\\/store.microbiotech.dz\\\/index.php\\\/produit\\\/test-rapide-hcv-acon-mission\\\/#primaryimage\"},\"thumbnailUrl\":\"https:\\\/\\\/store.microbiotech.dz\\\/wp-content\\\/uploads\\\/2025\\\/05\\\/hiv.webp\",\"datePublished\":\"2025-05-27T12:38:15+00:00\",\"dateModified\":\"2025-05-31T14:39:20+00:00\",\"description\":\"Le Test rapide HCV ACON Mission est rentable et fiable. Disponible au meilleur prix sur microbiotech.dz Commandez avant rupture !\",\"breadcrumb\":{\"@id\":\"https:\\\/\\\/store.microbiotech.dz\\\/index.php\\\/produit\\\/test-rapide-hcv-acon-mission\\\/#breadcrumb\"},\"inLanguage\":\"fr-FR\",\"potentialAction\":[{\"@type\":\"ReadAction\",\"target\":[\"https:\\\/\\\/store.microbiotech.dz\\\/index.php\\\/produit\\\/test-rapide-hcv-acon-mission\\\/\"]}]},{\"@type\":\"ImageObject\",\"inLanguage\":\"fr-FR\",\"@id\":\"https:\\\/\\\/store.microbiotech.dz\\\/index.php\\\/produit\\\/test-rapide-hcv-acon-mission\\\/#primaryimage\",\"url\":\"https:\\\/\\\/store.microbiotech.dz\\\/wp-content\\\/uploads\\\/2025\\\/05\\\/hiv.webp\",\"contentUrl\":\"https:\\\/\\\/store.microbiotech.dz\\\/wp-content\\\/uploads\\\/2025\\\/05\\\/hiv.webp\",\"width\":600,\"height\":600,\"caption\":\"Test rapide VIH 1\\\/2\\\/0 ACON Mission\"},{\"@type\":\"BreadcrumbList\",\"@id\":\"https:\\\/\\\/store.microbiotech.dz\\\/index.php\\\/produit\\\/test-rapide-hcv-acon-mission\\\/#breadcrumb\",\"itemListElement\":[{\"@type\":\"ListItem\",\"position\":1,\"name\":\"Accueil\",\"item\":\"https:\\\/\\\/store.microbiotech.dz\\\/\"},{\"@type\":\"ListItem\",\"position\":2,\"name\":\"Nos Produits\",\"item\":\"https:\\\/\\\/store.microbiotech.dz\\\/index.php\\\/nos-produits\\\/\"},{\"@type\":\"ListItem\",\"position\":3,\"name\":\"Test rapide HCV ACON Mission\"}]},{\"@type\":\"WebSite\",\"@id\":\"https:\\\/\\\/store.microbiotech.dz\\\/#website\",\"url\":\"https:\\\/\\\/store.microbiotech.dz\\\/\",\"name\":\"La Boutique en ligne\",\"description\":\"Qualit\u00e9 - Rapidit\u00e9 - Tranquillit\u00e9\",\"publisher\":{\"@id\":\"https:\\\/\\\/store.microbiotech.dz\\\/#organization\"},\"potentialAction\":[{\"@type\":\"SearchAction\",\"target\":{\"@type\":\"EntryPoint\",\"urlTemplate\":\"https:\\\/\\\/store.microbiotech.dz\\\/?s={search_term_string}\"},\"query-input\":{\"@type\":\"PropertyValueSpecification\",\"valueRequired\":true,\"valueName\":\"search_term_string\"}}],\"inLanguage\":\"fr-FR\"},{\"@type\":\"Organization\",\"@id\":\"https:\\\/\\\/store.microbiotech.dz\\\/#organization\",\"name\":\"Microbiotech EURL\",\"url\":\"https:\\\/\\\/store.microbiotech.dz\\\/\",\"logo\":{\"@type\":\"ImageObject\",\"inLanguage\":\"fr-FR\",\"@id\":\"https:\\\/\\\/store.microbiotech.dz\\\/#\\\/schema\\\/logo\\\/image\\\/\",\"url\":\"https:\\\/\\\/store.microbiotech.dz\\\/wp-content\\\/uploads\\\/2021\\\/09\\\/cropped-logo-microbiotech-2.jpg\",\"contentUrl\":\"https:\\\/\\\/store.microbiotech.dz\\\/wp-content\\\/uploads\\\/2021\\\/09\\\/cropped-logo-microbiotech-2.jpg\",\"width\":815,\"height\":586,\"caption\":\"Microbiotech EURL\"},\"image\":{\"@id\":\"https:\\\/\\\/store.microbiotech.dz\\\/#\\\/schema\\\/logo\\\/image\\\/\"},\"sameAs\":[\"https:\\\/\\\/www.facebook.com\\\/MicroBiotech.dz\",\"https:\\\/\\\/x.com\\\/MicrobiotechD\",\"https:\\\/\\\/www.linkedin.com\\\/in\\\/microbiotech\\\/\",\"https:\\\/\\\/www.youtube.com\\\/channel\\\/UCTxc3VIiX7LXD2LQYfZEcDg\"]}]}<\/script>\n<!-- \/ Yoast SEO plugin. -->","yoast_head_json":{"title":"Test rapide HCV ACON Mission - La Boutique en ligne","description":"Le Test rapide HCV ACON Mission est rentable et fiable. Disponible au meilleur prix sur microbiotech.dz Commandez avant rupture !","robots":{"index":"index","follow":"follow","max-snippet":"max-snippet:-1","max-image-preview":"max-image-preview:large","max-video-preview":"max-video-preview:-1"},"canonical":"https:\/\/store.microbiotech.dz\/index.php\/produit\/test-rapide-hcv-acon-mission\/","og_locale":"fr_FR","og_type":"article","og_title":"Test rapide HCV ACON Mission - La Boutique en ligne","og_description":"Le Test rapide HCV ACON Mission est rentable et fiable. Disponible au meilleur prix sur microbiotech.dz Commandez avant rupture !","og_url":"https:\/\/store.microbiotech.dz\/index.php\/produit\/test-rapide-hcv-acon-mission\/","og_site_name":"La Boutique en ligne","article_publisher":"https:\/\/www.facebook.com\/MicroBiotech.dz","article_modified_time":"2025-05-31T14:39:20+00:00","og_image":[{"width":600,"height":600,"url":"https:\/\/store.microbiotech.dz\/wp-content\/uploads\/2025\/05\/hiv.webp","type":"image\/webp"}],"twitter_card":"summary_large_image","twitter_site":"@MicrobiotechD","schema":{"@context":"https:\/\/schema.org","@graph":[{"@type":"WebPage","@id":"https:\/\/store.microbiotech.dz\/index.php\/produit\/test-rapide-hcv-acon-mission\/","url":"https:\/\/store.microbiotech.dz\/index.php\/produit\/test-rapide-hcv-acon-mission\/","name":"Test rapide HCV ACON Mission - La Boutique en ligne","isPartOf":{"@id":"https:\/\/store.microbiotech.dz\/#website"},"primaryImageOfPage":{"@id":"https:\/\/store.microbiotech.dz\/index.php\/produit\/test-rapide-hcv-acon-mission\/#primaryimage"},"image":{"@id":"https:\/\/store.microbiotech.dz\/index.php\/produit\/test-rapide-hcv-acon-mission\/#primaryimage"},"thumbnailUrl":"https:\/\/store.microbiotech.dz\/wp-content\/uploads\/2025\/05\/hiv.webp","datePublished":"2025-05-27T12:38:15+00:00","dateModified":"2025-05-31T14:39:20+00:00","description":"Le Test rapide HCV ACON Mission est rentable et fiable. Disponible au meilleur prix sur microbiotech.dz Commandez avant rupture !","breadcrumb":{"@id":"https:\/\/store.microbiotech.dz\/index.php\/produit\/test-rapide-hcv-acon-mission\/#breadcrumb"},"inLanguage":"fr-FR","potentialAction":[{"@type":"ReadAction","target":["https:\/\/store.microbiotech.dz\/index.php\/produit\/test-rapide-hcv-acon-mission\/"]}]},{"@type":"ImageObject","inLanguage":"fr-FR","@id":"https:\/\/store.microbiotech.dz\/index.php\/produit\/test-rapide-hcv-acon-mission\/#primaryimage","url":"https:\/\/store.microbiotech.dz\/wp-content\/uploads\/2025\/05\/hiv.webp","contentUrl":"https:\/\/store.microbiotech.dz\/wp-content\/uploads\/2025\/05\/hiv.webp","width":600,"height":600,"caption":"Test rapide VIH 1\/2\/0 ACON Mission"},{"@type":"BreadcrumbList","@id":"https:\/\/store.microbiotech.dz\/index.php\/produit\/test-rapide-hcv-acon-mission\/#breadcrumb","itemListElement":[{"@type":"ListItem","position":1,"name":"Accueil","item":"https:\/\/store.microbiotech.dz\/"},{"@type":"ListItem","position":2,"name":"Nos Produits","item":"https:\/\/store.microbiotech.dz\/index.php\/nos-produits\/"},{"@type":"ListItem","position":3,"name":"Test rapide HCV ACON Mission"}]},{"@type":"WebSite","@id":"https:\/\/store.microbiotech.dz\/#website","url":"https:\/\/store.microbiotech.dz\/","name":"La Boutique en ligne","description":"Qualit\u00e9 - Rapidit\u00e9 - Tranquillit\u00e9","publisher":{"@id":"https:\/\/store.microbiotech.dz\/#organization"},"potentialAction":[{"@type":"SearchAction","target":{"@type":"EntryPoint","urlTemplate":"https:\/\/store.microbiotech.dz\/?s={search_term_string}"},"query-input":{"@type":"PropertyValueSpecification","valueRequired":true,"valueName":"search_term_string"}}],"inLanguage":"fr-FR"},{"@type":"Organization","@id":"https:\/\/store.microbiotech.dz\/#organization","name":"Microbiotech EURL","url":"https:\/\/store.microbiotech.dz\/","logo":{"@type":"ImageObject","inLanguage":"fr-FR","@id":"https:\/\/store.microbiotech.dz\/#\/schema\/logo\/image\/","url":"https:\/\/store.microbiotech.dz\/wp-content\/uploads\/2021\/09\/cropped-logo-microbiotech-2.jpg","contentUrl":"https:\/\/store.microbiotech.dz\/wp-content\/uploads\/2021\/09\/cropped-logo-microbiotech-2.jpg","width":815,"height":586,"caption":"Microbiotech EURL"},"image":{"@id":"https:\/\/store.microbiotech.dz\/#\/schema\/logo\/image\/"},"sameAs":["https:\/\/www.facebook.com\/MicroBiotech.dz","https:\/\/x.com\/MicrobiotechD","https:\/\/www.linkedin.com\/in\/microbiotech\/","https:\/\/www.youtube.com\/channel\/UCTxc3VIiX7LXD2LQYfZEcDg"]}]}},"jetpack_sharing_enabled":true,"_links":{"self":[{"href":"https:\/\/store.microbiotech.dz\/index.php\/wp-json\/wp\/v2\/product\/15267","targetHints":{"allow":["GET"]}}],"collection":[{"href":"https:\/\/store.microbiotech.dz\/index.php\/wp-json\/wp\/v2\/product"}],"about":[{"href":"https:\/\/store.microbiotech.dz\/index.php\/wp-json\/wp\/v2\/types\/product"}],"replies":[{"embeddable":true,"href":"https:\/\/store.microbiotech.dz\/index.php\/wp-json\/wp\/v2\/comments?post=15267"}],"wp:featuredmedia":[{"embeddable":true,"href":"https:\/\/store.microbiotech.dz\/index.php\/wp-json\/wp\/v2\/media\/15260"}],"wp:attachment":[{"href":"https:\/\/store.microbiotech.dz\/index.php\/wp-json\/wp\/v2\/media?parent=15267"}],"wp:term":[{"taxonomy":"product_brand","embeddable":true,"href":"https:\/\/store.microbiotech.dz\/index.php\/wp-json\/wp\/v2\/product_brand?post=15267"},{"taxonomy":"product_cat","embeddable":true,"href":"https:\/\/store.microbiotech.dz\/index.php\/wp-json\/wp\/v2\/product_cat?post=15267"},{"taxonomy":"product_tag","embeddable":true,"href":"https:\/\/store.microbiotech.dz\/index.php\/wp-json\/wp\/v2\/product_tag?post=15267"}],"curies":[{"name":"wp","href":"https:\/\/api.w.org\/{rel}","templated":true}]}}