{"id":1516,"date":"2022-03-03T17:26:28","date_gmt":"2022-03-03T16:26:28","guid":{"rendered":"https:\/\/store.microbiotech.dz\/?post_type=product&#038;p=1516"},"modified":"2025-03-03T11:48:25","modified_gmt":"2025-03-03T10:48:25","slug":"refractometre-numerique-de-sodium-chlorure-dans-les-produits-alimentaires","status":"publish","type":"product","link":"https:\/\/store.microbiotech.dz\/index.php\/produit\/refractometre-numerique-de-sodium-chlorure-dans-les-produits-alimentaires\/","title":{"rendered":"R\u00c9FRACTOM\u00c8TRE NUM\u00c9RIQUE NaCl"},"content":{"rendered":"<p>Le r\u00e9fractom\u00e8tre num\u00e9rique de chlorure de sodium est un appareil portable, en version \u00e9tanche, qui d\u00e9termine la teneur en sel de solutions aqueuses en % et \u2030. Le refractometres numeriques de chlorure de sodium dispose en outre de plages de mesure pour la densit\u00e9 sp\u00e9cifique, la teneur en chlorure et l&rsquo;indice de r\u00e9fraction. Le r\u00e9fractom\u00e8tre num\u00e9rique de chlorure de sodium fonctionne avec des piles, et son \u00e9cran indique la valeur de mesure ainsi que la temp\u00e9rature du milieu. Le principal champ d&rsquo;application du r\u00e9fractom\u00e8tre num\u00e9rique de chlorure de sodium est le secteur alimentaire, pour contr\u00f4ler les saumures, les conserves de l\u00e9gumes, les soupes, les jus et de nombreux autres produits. Il s&rsquo;utilise aussi pour v\u00e9rifier les antigels dans les centres d&rsquo;entretien des routes. La plage de mesure indique la teneur en chlorure d&rsquo;une solution saline.<\/p>\n","protected":false},"excerpt":{"rendered":"<p>Marque:\u00a0<strong>Milwaukee<\/strong><strong><img loading=\"lazy\" decoding=\"async\" class=\"wp-image-1507 alignnone\" src=\"https:\/\/store.microbiotech.dz\/wp-content\/uploads\/2022\/02\/Sans-titre-1.png\" alt=\"\" width=\"29\" height=\"27\" \/>\u00a0<\/strong><\/p>\n<ul>\n<li>Plage : 0 \u00e0 28 g\/100 g | 0 \u00e0 34 g\/100 ml | 1.000 \u00e0 1.216<\/li>\n<li>Densit\u00e9 relative de 0 \u00e0 26\u00b0<\/li>\n<li>Baum\u00e9\u00a0 de 0\u00b0C-80\u00b0C<\/li>\n<li>Compensation de temp\u00e9rature. :Automatique entre 10 et 40\u00b0C<\/li>\n<\/ul>\n<p><a href=\"https:\/\/milwaukeeinstruments.com\/content\/manuals\/MANMA886_09_20.pdf\" target=\"_blank\" rel=\"noopener\">Manuel<\/a><\/p>\n","protected":false},"featured_media":1517,"comment_status":"open","ping_status":"closed","template":"","meta":{"site-sidebar-layout":"default","site-content-layout":"default","ast-site-content-layout":"default","site-content-style":"default","site-sidebar-style":"default","ast-global-header-display":"","ast-banner-title-visibility":"","ast-main-header-display":"","ast-hfb-above-header-display":"","ast-hfb-below-header-display":"","ast-hfb-mobile-header-display":"","site-post-title":"","ast-breadcrumbs-content":"","ast-featured-img":"","footer-sml-layout":"","ast-disable-related-posts":"","theme-transparent-header-meta":"default","adv-header-id-meta":"","stick-header-meta":"","header-above-stick-meta":"","header-main-stick-meta":"","header-below-stick-meta":"","astra-migrate-meta-layouts":"default","ast-page-background-enabled":"default","ast-page-background-meta":{"desktop":{"background-color":"var(--ast-global-color-4)","background-image":"","background-repeat":"repeat","background-position":"center center","background-size":"auto","background-attachment":"scroll","background-type":"","background-media":"","overlay-type":"","overlay-color":"","overlay-opacity":"","overlay-gradient":""},"tablet":{"background-color":"","background-image":"","background-repeat":"repeat","background-position":"center center","background-size":"auto","background-attachment":"scroll","background-type":"","background-media":"","overlay-type":"","overlay-color":"","overlay-opacity":"","overlay-gradient":""},"mobile":{"background-color":"","background-image":"","background-repeat":"repeat","background-position":"center center","background-size":"auto","background-attachment":"scroll","background-type":"","background-media":"","overlay-type":"","overlay-color":"","overlay-opacity":"","overlay-gradient":""}},"ast-content-background-meta":{"desktop":{"background-color":"var(--ast-global-color-5)","background-image":"","background-repeat":"repeat","background-position":"center center","background-size":"auto","background-attachment":"scroll","background-type":"","background-media":"","overlay-type":"","overlay-color":"","overlay-opacity":"","overlay-gradient":""},"tablet":{"background-color":"var(--ast-global-color-5)","background-image":"","background-repeat":"repeat","background-position":"center center","background-size":"auto","background-attachment":"scroll","background-type":"","background-media":"","overlay-type":"","overlay-color":"","overlay-opacity":"","overlay-gradient":""},"mobile":{"background-color":"var(--ast-global-color-5)","background-image":"","background-repeat":"repeat","background-position":"center center","background-size":"auto","background-attachment":"scroll","background-type":"","background-media":"","overlay-type":"","overlay-color":"","overlay-opacity":"","overlay-gradient":""}},"jetpack_post_was_ever_published":false},"product_brand":[],"product_cat":[238],"product_tag":[549,550,552,553],"class_list":{"0":"post-1516","1":"product","2":"type-product","3":"status-publish","4":"has-post-thumbnail","6":"product_cat-equipements","7":"product_tag-f21","8":"product_tag-milwaukee","9":"product_tag-refractometre","10":"product_tag-refractometre-numerique","11":"product_shipping_class-temperature-ambiante","12":"desktop-align-center","13":"tablet-align-left","14":"mobile-align-left","16":"first","17":"instock","18":"taxable","19":"shipping-taxable","20":"purchasable","21":"product-type-simple"},"yoast_head":"<!-- This site is optimized with the Yoast SEO plugin v27.4 - https:\/\/yoast.com\/product\/yoast-seo-wordpress\/ -->\n<title>R\u00c9FRACTOM\u00c8TRE NUM\u00c9RIQUE NaCl - La Boutique en ligne<\/title>\n<meta name=\"description\" content=\"Le r\u00e9fractom\u00e8tre num\u00e9rique de chlorure de sodium est un appareil portable, en version \u00e9tanche, qui d\u00e9termine la teneur en sel de solutions aqueuses en % et \u2030. Le refractometres numeriques de chlorure de sodium dispose en outre de plages de mesure pour la densit\u00e9 sp\u00e9cifique, la teneur en chlorure et l&#039;indice de r\u00e9fraction. Le r\u00e9fractom\u00e8tre num\u00e9rique de chlorure de sodium fonctionne avec des piles, et son \u00e9cran indique la valeur de mesure ainsi que la temp\u00e9rature du milieu. Le principal champ d&#039;application du r\u00e9fractom\u00e8tre num\u00e9rique de chlorure de sodium est le secteur alimentaire, pour contr\u00f4ler les saumures, les conserves de l\u00e9gumes, les soupes, les jus et de nombreux autres produits. Il s&#039;utilise aussi pour v\u00e9rifier les antigels dans les centres d&#039;entretien des routes. La plage de mesure indique la teneur en chlorure d&#039;une solution saline.\" \/>\n<meta name=\"robots\" content=\"index, follow, max-snippet:-1, max-image-preview:large, max-video-preview:-1\" \/>\n<link rel=\"canonical\" href=\"https:\/\/store.microbiotech.dz\/index.php\/produit\/refractometre-numerique-de-sodium-chlorure-dans-les-produits-alimentaires\/\" \/>\n<meta property=\"og:locale\" content=\"fr_FR\" \/>\n<meta property=\"og:type\" content=\"article\" \/>\n<meta property=\"og:title\" content=\"R\u00c9FRACTOM\u00c8TRE NUM\u00c9RIQUE NaCl - La Boutique en ligne\" \/>\n<meta property=\"og:description\" content=\"Le r\u00e9fractom\u00e8tre num\u00e9rique de chlorure de sodium est un appareil portable, en version \u00e9tanche, qui d\u00e9termine la teneur en sel de solutions aqueuses en % et \u2030. Le refractometres numeriques de chlorure de sodium dispose en outre de plages de mesure pour la densit\u00e9 sp\u00e9cifique, la teneur en chlorure et l&#039;indice de r\u00e9fraction. Le r\u00e9fractom\u00e8tre num\u00e9rique de chlorure de sodium fonctionne avec des piles, et son \u00e9cran indique la valeur de mesure ainsi que la temp\u00e9rature du milieu. Le principal champ d&#039;application du r\u00e9fractom\u00e8tre num\u00e9rique de chlorure de sodium est le secteur alimentaire, pour contr\u00f4ler les saumures, les conserves de l\u00e9gumes, les soupes, les jus et de nombreux autres produits. Il s&#039;utilise aussi pour v\u00e9rifier les antigels dans les centres d&#039;entretien des routes. La plage de mesure indique la teneur en chlorure d&#039;une solution saline.\" \/>\n<meta property=\"og:url\" content=\"https:\/\/store.microbiotech.dz\/index.php\/produit\/refractometre-numerique-de-sodium-chlorure-dans-les-produits-alimentaires\/\" \/>\n<meta property=\"og:site_name\" content=\"La Boutique en ligne\" \/>\n<meta property=\"article:publisher\" content=\"https:\/\/www.facebook.com\/MicroBiotech.dz\" \/>\n<meta property=\"article:modified_time\" content=\"2025-03-03T10:48:25+00:00\" \/>\n<meta property=\"og:image\" content=\"https:\/\/store.microbiotech.dz\/wp-content\/uploads\/2022\/03\/MA886-above-__75628.1609436054.jpg\" \/>\n\t<meta property=\"og:image:width\" content=\"1000\" \/>\n\t<meta property=\"og:image:height\" content=\"1000\" \/>\n\t<meta property=\"og:image:type\" content=\"image\/jpeg\" \/>\n<meta name=\"twitter:card\" content=\"summary_large_image\" \/>\n<meta name=\"twitter:site\" content=\"@MicrobiotechD\" \/>\n<meta name=\"twitter:label1\" content=\"Dur\u00e9e de lecture estim\u00e9e\" \/>\n\t<meta name=\"twitter:data1\" content=\"1 minute\" \/>\n<script type=\"application\/ld+json\" class=\"yoast-schema-graph\">{\"@context\":\"https:\\\/\\\/schema.org\",\"@graph\":[{\"@type\":\"WebPage\",\"@id\":\"https:\\\/\\\/store.microbiotech.dz\\\/index.php\\\/produit\\\/refractometre-numerique-de-sodium-chlorure-dans-les-produits-alimentaires\\\/\",\"url\":\"https:\\\/\\\/store.microbiotech.dz\\\/index.php\\\/produit\\\/refractometre-numerique-de-sodium-chlorure-dans-les-produits-alimentaires\\\/\",\"name\":\"R\u00c9FRACTOM\u00c8TRE NUM\u00c9RIQUE NaCl - La Boutique en ligne\",\"isPartOf\":{\"@id\":\"https:\\\/\\\/store.microbiotech.dz\\\/#website\"},\"primaryImageOfPage\":{\"@id\":\"https:\\\/\\\/store.microbiotech.dz\\\/index.php\\\/produit\\\/refractometre-numerique-de-sodium-chlorure-dans-les-produits-alimentaires\\\/#primaryimage\"},\"image\":{\"@id\":\"https:\\\/\\\/store.microbiotech.dz\\\/index.php\\\/produit\\\/refractometre-numerique-de-sodium-chlorure-dans-les-produits-alimentaires\\\/#primaryimage\"},\"thumbnailUrl\":\"https:\\\/\\\/store.microbiotech.dz\\\/wp-content\\\/uploads\\\/2022\\\/03\\\/MA886-above-__75628.1609436054.jpg\",\"datePublished\":\"2022-03-03T16:26:28+00:00\",\"dateModified\":\"2025-03-03T10:48:25+00:00\",\"description\":\"Le r\u00e9fractom\u00e8tre num\u00e9rique de chlorure de sodium est un appareil portable, en version \u00e9tanche, qui d\u00e9termine la teneur en sel de solutions aqueuses en % et \u2030. Le refractometres numeriques de chlorure de sodium dispose en outre de plages de mesure pour la densit\u00e9 sp\u00e9cifique, la teneur en chlorure et l'indice de r\u00e9fraction. Le r\u00e9fractom\u00e8tre num\u00e9rique de chlorure de sodium fonctionne avec des piles, et son \u00e9cran indique la valeur de mesure ainsi que la temp\u00e9rature du milieu. Le principal champ d'application du r\u00e9fractom\u00e8tre num\u00e9rique de chlorure de sodium est le secteur alimentaire, pour contr\u00f4ler les saumures, les conserves de l\u00e9gumes, les soupes, les jus et de nombreux autres produits. Il s'utilise aussi pour v\u00e9rifier les antigels dans les centres d'entretien des routes. La plage de mesure indique la teneur en chlorure d'une solution saline.\",\"breadcrumb\":{\"@id\":\"https:\\\/\\\/store.microbiotech.dz\\\/index.php\\\/produit\\\/refractometre-numerique-de-sodium-chlorure-dans-les-produits-alimentaires\\\/#breadcrumb\"},\"inLanguage\":\"fr-FR\",\"potentialAction\":[{\"@type\":\"ReadAction\",\"target\":[\"https:\\\/\\\/store.microbiotech.dz\\\/index.php\\\/produit\\\/refractometre-numerique-de-sodium-chlorure-dans-les-produits-alimentaires\\\/\"]}]},{\"@type\":\"ImageObject\",\"inLanguage\":\"fr-FR\",\"@id\":\"https:\\\/\\\/store.microbiotech.dz\\\/index.php\\\/produit\\\/refractometre-numerique-de-sodium-chlorure-dans-les-produits-alimentaires\\\/#primaryimage\",\"url\":\"https:\\\/\\\/store.microbiotech.dz\\\/wp-content\\\/uploads\\\/2022\\\/03\\\/MA886-above-__75628.1609436054.jpg\",\"contentUrl\":\"https:\\\/\\\/store.microbiotech.dz\\\/wp-content\\\/uploads\\\/2022\\\/03\\\/MA886-above-__75628.1609436054.jpg\",\"width\":1000,\"height\":1000},{\"@type\":\"BreadcrumbList\",\"@id\":\"https:\\\/\\\/store.microbiotech.dz\\\/index.php\\\/produit\\\/refractometre-numerique-de-sodium-chlorure-dans-les-produits-alimentaires\\\/#breadcrumb\",\"itemListElement\":[{\"@type\":\"ListItem\",\"position\":1,\"name\":\"Accueil\",\"item\":\"https:\\\/\\\/store.microbiotech.dz\\\/\"},{\"@type\":\"ListItem\",\"position\":2,\"name\":\"Nos Produits\",\"item\":\"https:\\\/\\\/store.microbiotech.dz\\\/index.php\\\/nos-produits\\\/\"},{\"@type\":\"ListItem\",\"position\":3,\"name\":\"R\u00c9FRACTOM\u00c8TRE NUM\u00c9RIQUE NaCl\"}]},{\"@type\":\"WebSite\",\"@id\":\"https:\\\/\\\/store.microbiotech.dz\\\/#website\",\"url\":\"https:\\\/\\\/store.microbiotech.dz\\\/\",\"name\":\"La Boutique en ligne\",\"description\":\"Qualit\u00e9 - Rapidit\u00e9 - Tranquillit\u00e9\",\"publisher\":{\"@id\":\"https:\\\/\\\/store.microbiotech.dz\\\/#organization\"},\"potentialAction\":[{\"@type\":\"SearchAction\",\"target\":{\"@type\":\"EntryPoint\",\"urlTemplate\":\"https:\\\/\\\/store.microbiotech.dz\\\/?s={search_term_string}\"},\"query-input\":{\"@type\":\"PropertyValueSpecification\",\"valueRequired\":true,\"valueName\":\"search_term_string\"}}],\"inLanguage\":\"fr-FR\"},{\"@type\":\"Organization\",\"@id\":\"https:\\\/\\\/store.microbiotech.dz\\\/#organization\",\"name\":\"Microbiotech EURL\",\"url\":\"https:\\\/\\\/store.microbiotech.dz\\\/\",\"logo\":{\"@type\":\"ImageObject\",\"inLanguage\":\"fr-FR\",\"@id\":\"https:\\\/\\\/store.microbiotech.dz\\\/#\\\/schema\\\/logo\\\/image\\\/\",\"url\":\"https:\\\/\\\/store.microbiotech.dz\\\/wp-content\\\/uploads\\\/2021\\\/09\\\/cropped-logo-microbiotech-2.jpg\",\"contentUrl\":\"https:\\\/\\\/store.microbiotech.dz\\\/wp-content\\\/uploads\\\/2021\\\/09\\\/cropped-logo-microbiotech-2.jpg\",\"width\":815,\"height\":586,\"caption\":\"Microbiotech EURL\"},\"image\":{\"@id\":\"https:\\\/\\\/store.microbiotech.dz\\\/#\\\/schema\\\/logo\\\/image\\\/\"},\"sameAs\":[\"https:\\\/\\\/www.facebook.com\\\/MicroBiotech.dz\",\"https:\\\/\\\/x.com\\\/MicrobiotechD\",\"https:\\\/\\\/www.linkedin.com\\\/in\\\/microbiotech\\\/\",\"https:\\\/\\\/www.youtube.com\\\/channel\\\/UCTxc3VIiX7LXD2LQYfZEcDg\"]}]}<\/script>\n<!-- \/ Yoast SEO plugin. -->","yoast_head_json":{"title":"R\u00c9FRACTOM\u00c8TRE NUM\u00c9RIQUE NaCl - La Boutique en ligne","description":"Le r\u00e9fractom\u00e8tre num\u00e9rique de chlorure de sodium est un appareil portable, en version \u00e9tanche, qui d\u00e9termine la teneur en sel de solutions aqueuses en % et \u2030. Le refractometres numeriques de chlorure de sodium dispose en outre de plages de mesure pour la densit\u00e9 sp\u00e9cifique, la teneur en chlorure et l'indice de r\u00e9fraction. Le r\u00e9fractom\u00e8tre num\u00e9rique de chlorure de sodium fonctionne avec des piles, et son \u00e9cran indique la valeur de mesure ainsi que la temp\u00e9rature du milieu. Le principal champ d'application du r\u00e9fractom\u00e8tre num\u00e9rique de chlorure de sodium est le secteur alimentaire, pour contr\u00f4ler les saumures, les conserves de l\u00e9gumes, les soupes, les jus et de nombreux autres produits. Il s'utilise aussi pour v\u00e9rifier les antigels dans les centres d'entretien des routes. La plage de mesure indique la teneur en chlorure d'une solution saline.","robots":{"index":"index","follow":"follow","max-snippet":"max-snippet:-1","max-image-preview":"max-image-preview:large","max-video-preview":"max-video-preview:-1"},"canonical":"https:\/\/store.microbiotech.dz\/index.php\/produit\/refractometre-numerique-de-sodium-chlorure-dans-les-produits-alimentaires\/","og_locale":"fr_FR","og_type":"article","og_title":"R\u00c9FRACTOM\u00c8TRE NUM\u00c9RIQUE NaCl - La Boutique en ligne","og_description":"Le r\u00e9fractom\u00e8tre num\u00e9rique de chlorure de sodium est un appareil portable, en version \u00e9tanche, qui d\u00e9termine la teneur en sel de solutions aqueuses en % et \u2030. Le refractometres numeriques de chlorure de sodium dispose en outre de plages de mesure pour la densit\u00e9 sp\u00e9cifique, la teneur en chlorure et l'indice de r\u00e9fraction. Le r\u00e9fractom\u00e8tre num\u00e9rique de chlorure de sodium fonctionne avec des piles, et son \u00e9cran indique la valeur de mesure ainsi que la temp\u00e9rature du milieu. Le principal champ d'application du r\u00e9fractom\u00e8tre num\u00e9rique de chlorure de sodium est le secteur alimentaire, pour contr\u00f4ler les saumures, les conserves de l\u00e9gumes, les soupes, les jus et de nombreux autres produits. Il s'utilise aussi pour v\u00e9rifier les antigels dans les centres d'entretien des routes. La plage de mesure indique la teneur en chlorure d'une solution saline.","og_url":"https:\/\/store.microbiotech.dz\/index.php\/produit\/refractometre-numerique-de-sodium-chlorure-dans-les-produits-alimentaires\/","og_site_name":"La Boutique en ligne","article_publisher":"https:\/\/www.facebook.com\/MicroBiotech.dz","article_modified_time":"2025-03-03T10:48:25+00:00","og_image":[{"width":1000,"height":1000,"url":"https:\/\/store.microbiotech.dz\/wp-content\/uploads\/2022\/03\/MA886-above-__75628.1609436054.jpg","type":"image\/jpeg"}],"twitter_card":"summary_large_image","twitter_site":"@MicrobiotechD","twitter_misc":{"Dur\u00e9e de lecture estim\u00e9e":"1 minute"},"schema":{"@context":"https:\/\/schema.org","@graph":[{"@type":"WebPage","@id":"https:\/\/store.microbiotech.dz\/index.php\/produit\/refractometre-numerique-de-sodium-chlorure-dans-les-produits-alimentaires\/","url":"https:\/\/store.microbiotech.dz\/index.php\/produit\/refractometre-numerique-de-sodium-chlorure-dans-les-produits-alimentaires\/","name":"R\u00c9FRACTOM\u00c8TRE NUM\u00c9RIQUE NaCl - La Boutique en ligne","isPartOf":{"@id":"https:\/\/store.microbiotech.dz\/#website"},"primaryImageOfPage":{"@id":"https:\/\/store.microbiotech.dz\/index.php\/produit\/refractometre-numerique-de-sodium-chlorure-dans-les-produits-alimentaires\/#primaryimage"},"image":{"@id":"https:\/\/store.microbiotech.dz\/index.php\/produit\/refractometre-numerique-de-sodium-chlorure-dans-les-produits-alimentaires\/#primaryimage"},"thumbnailUrl":"https:\/\/store.microbiotech.dz\/wp-content\/uploads\/2022\/03\/MA886-above-__75628.1609436054.jpg","datePublished":"2022-03-03T16:26:28+00:00","dateModified":"2025-03-03T10:48:25+00:00","description":"Le r\u00e9fractom\u00e8tre num\u00e9rique de chlorure de sodium est un appareil portable, en version \u00e9tanche, qui d\u00e9termine la teneur en sel de solutions aqueuses en % et \u2030. Le refractometres numeriques de chlorure de sodium dispose en outre de plages de mesure pour la densit\u00e9 sp\u00e9cifique, la teneur en chlorure et l'indice de r\u00e9fraction. Le r\u00e9fractom\u00e8tre num\u00e9rique de chlorure de sodium fonctionne avec des piles, et son \u00e9cran indique la valeur de mesure ainsi que la temp\u00e9rature du milieu. Le principal champ d'application du r\u00e9fractom\u00e8tre num\u00e9rique de chlorure de sodium est le secteur alimentaire, pour contr\u00f4ler les saumures, les conserves de l\u00e9gumes, les soupes, les jus et de nombreux autres produits. Il s'utilise aussi pour v\u00e9rifier les antigels dans les centres d'entretien des routes. La plage de mesure indique la teneur en chlorure d'une solution saline.","breadcrumb":{"@id":"https:\/\/store.microbiotech.dz\/index.php\/produit\/refractometre-numerique-de-sodium-chlorure-dans-les-produits-alimentaires\/#breadcrumb"},"inLanguage":"fr-FR","potentialAction":[{"@type":"ReadAction","target":["https:\/\/store.microbiotech.dz\/index.php\/produit\/refractometre-numerique-de-sodium-chlorure-dans-les-produits-alimentaires\/"]}]},{"@type":"ImageObject","inLanguage":"fr-FR","@id":"https:\/\/store.microbiotech.dz\/index.php\/produit\/refractometre-numerique-de-sodium-chlorure-dans-les-produits-alimentaires\/#primaryimage","url":"https:\/\/store.microbiotech.dz\/wp-content\/uploads\/2022\/03\/MA886-above-__75628.1609436054.jpg","contentUrl":"https:\/\/store.microbiotech.dz\/wp-content\/uploads\/2022\/03\/MA886-above-__75628.1609436054.jpg","width":1000,"height":1000},{"@type":"BreadcrumbList","@id":"https:\/\/store.microbiotech.dz\/index.php\/produit\/refractometre-numerique-de-sodium-chlorure-dans-les-produits-alimentaires\/#breadcrumb","itemListElement":[{"@type":"ListItem","position":1,"name":"Accueil","item":"https:\/\/store.microbiotech.dz\/"},{"@type":"ListItem","position":2,"name":"Nos Produits","item":"https:\/\/store.microbiotech.dz\/index.php\/nos-produits\/"},{"@type":"ListItem","position":3,"name":"R\u00c9FRACTOM\u00c8TRE NUM\u00c9RIQUE NaCl"}]},{"@type":"WebSite","@id":"https:\/\/store.microbiotech.dz\/#website","url":"https:\/\/store.microbiotech.dz\/","name":"La Boutique en ligne","description":"Qualit\u00e9 - Rapidit\u00e9 - Tranquillit\u00e9","publisher":{"@id":"https:\/\/store.microbiotech.dz\/#organization"},"potentialAction":[{"@type":"SearchAction","target":{"@type":"EntryPoint","urlTemplate":"https:\/\/store.microbiotech.dz\/?s={search_term_string}"},"query-input":{"@type":"PropertyValueSpecification","valueRequired":true,"valueName":"search_term_string"}}],"inLanguage":"fr-FR"},{"@type":"Organization","@id":"https:\/\/store.microbiotech.dz\/#organization","name":"Microbiotech EURL","url":"https:\/\/store.microbiotech.dz\/","logo":{"@type":"ImageObject","inLanguage":"fr-FR","@id":"https:\/\/store.microbiotech.dz\/#\/schema\/logo\/image\/","url":"https:\/\/store.microbiotech.dz\/wp-content\/uploads\/2021\/09\/cropped-logo-microbiotech-2.jpg","contentUrl":"https:\/\/store.microbiotech.dz\/wp-content\/uploads\/2021\/09\/cropped-logo-microbiotech-2.jpg","width":815,"height":586,"caption":"Microbiotech EURL"},"image":{"@id":"https:\/\/store.microbiotech.dz\/#\/schema\/logo\/image\/"},"sameAs":["https:\/\/www.facebook.com\/MicroBiotech.dz","https:\/\/x.com\/MicrobiotechD","https:\/\/www.linkedin.com\/in\/microbiotech\/","https:\/\/www.youtube.com\/channel\/UCTxc3VIiX7LXD2LQYfZEcDg"]}]}},"jetpack_sharing_enabled":true,"_links":{"self":[{"href":"https:\/\/store.microbiotech.dz\/index.php\/wp-json\/wp\/v2\/product\/1516","targetHints":{"allow":["GET"]}}],"collection":[{"href":"https:\/\/store.microbiotech.dz\/index.php\/wp-json\/wp\/v2\/product"}],"about":[{"href":"https:\/\/store.microbiotech.dz\/index.php\/wp-json\/wp\/v2\/types\/product"}],"replies":[{"embeddable":true,"href":"https:\/\/store.microbiotech.dz\/index.php\/wp-json\/wp\/v2\/comments?post=1516"}],"wp:featuredmedia":[{"embeddable":true,"href":"https:\/\/store.microbiotech.dz\/index.php\/wp-json\/wp\/v2\/media\/1517"}],"wp:attachment":[{"href":"https:\/\/store.microbiotech.dz\/index.php\/wp-json\/wp\/v2\/media?parent=1516"}],"wp:term":[{"taxonomy":"product_brand","embeddable":true,"href":"https:\/\/store.microbiotech.dz\/index.php\/wp-json\/wp\/v2\/product_brand?post=1516"},{"taxonomy":"product_cat","embeddable":true,"href":"https:\/\/store.microbiotech.dz\/index.php\/wp-json\/wp\/v2\/product_cat?post=1516"},{"taxonomy":"product_tag","embeddable":true,"href":"https:\/\/store.microbiotech.dz\/index.php\/wp-json\/wp\/v2\/product_tag?post=1516"}],"curies":[{"name":"wp","href":"https:\/\/api.w.org\/{rel}","templated":true}]}}