{"id":1499,"date":"2022-02-28T10:14:09","date_gmt":"2022-02-28T09:14:09","guid":{"rendered":"https:\/\/store.microbiotech.dz\/?post_type=product&#038;p=1499"},"modified":"2023-10-18T15:07:17","modified_gmt":"2023-10-18T14:07:17","slug":"jaune-doeuf-en-emulsion-sterile-50-10-flacons-de-100ml","status":"publish","type":"product","link":"https:\/\/store.microbiotech.dz\/index.php\/produit\/jaune-doeuf-en-emulsion-sterile-50-10-flacons-de-100ml\/","title":{"rendered":"Jaune d&rsquo;oeuf en \u00e9mulsion st\u00e9rile, 50 % (10 flacons de 100ml)"},"content":{"rendered":"<p>Jaune d\u2019\u0153uf en \u00e9mulsion st\u00e9rile, 50 % (10 flacons de 100ml) utilis\u00e9 comme suppl\u00e9ment dans plusieurs milieux de culture pour l\u2019isolement ou l\u2019identification de <em>Bacillus<\/em>, <em>Clostridium<\/em> et <em>Staphylococcus<\/em>.<\/p>\n","protected":false},"excerpt":{"rendered":"<h3 style=\"font-style: normal;\"><strong style=\"font-size: 24px;\">REMISE\u00a0<\/strong><\/h3>\n<p><img loading=\"lazy\" decoding=\"async\" class=\"wp-image-1363 size-thumbnail alignnone\" src=\"https:\/\/store.microbiotech.dz\/wp-content\/uploads\/2022\/02\/Super-promo-150x150.jpg\" alt=\"\" width=\"150\" height=\"150\" srcset=\"https:\/\/store.microbiotech.dz\/wp-content\/uploads\/2022\/02\/Super-promo-150x150.jpg 150w, https:\/\/store.microbiotech.dz\/wp-content\/uploads\/2022\/02\/Super-promo-300x300.jpg 300w, https:\/\/store.microbiotech.dz\/wp-content\/uploads\/2022\/02\/Super-promo-100x100.jpg 100w\" sizes=\"auto, (max-width: 150px) 100vw, 150px\" \/><\/p>\n<p>Marque:\u00a0<strong>MERCK <img loading=\"lazy\" decoding=\"async\" class=\"alignnone wp-image-1649\" src=\"https:\/\/store.microbiotech.dz\/wp-content\/uploads\/2022\/04\/51968274-le-drapeau-allemand-icone-matte-ronde-isole-sur-fond-blanc--300x300.webp\" alt=\"\" width=\"58\" height=\"58\" srcset=\"https:\/\/store.microbiotech.dz\/wp-content\/uploads\/2022\/04\/51968274-le-drapeau-allemand-icone-matte-ronde-isole-sur-fond-blanc--300x300.webp 300w, https:\/\/store.microbiotech.dz\/wp-content\/uploads\/2022\/04\/51968274-le-drapeau-allemand-icone-matte-ronde-isole-sur-fond-blanc--150x150.webp 150w, https:\/\/store.microbiotech.dz\/wp-content\/uploads\/2022\/04\/51968274-le-drapeau-allemand-icone-matte-ronde-isole-sur-fond-blanc--100x100.webp 100w, https:\/\/store.microbiotech.dz\/wp-content\/uploads\/2022\/04\/51968274-le-drapeau-allemand-icone-matte-ronde-isole-sur-fond-blanc-.webp 450w\" sizes=\"auto, (max-width: 58px) 100vw, 58px\" \/><\/strong><\/p>\n<p>Date de p\u00e9remption: 31-07-2022<\/p>\n<p><a href=\"https:\/\/www.merckmillipore.com\/Web-INTL-Site\/fr_FR\/-\/USD\/ShowDocument-File?ProductSKU=MDA_CHEM-103784&amp;DocumentId=\/deepweb\/assets\/sigmaaldrich\/product\/documents\/774\/847\/tn103784en-mk.pdf&amp;DocumentUID=357961776&amp;DocumentType=DS&amp;Language=EN&amp;Country=NF&amp;Origin=PDP\" target=\"_blank\" rel=\"noopener\">Fiche technique\u00a0<\/a><\/p>\n<p><a href=\"https:\/\/www.merckmillipore.com\/INTL\/fr\/product\/Egg-yolk-emulsion,MDA_CHEM-103784#anchor_COA\" target=\"_blank\" rel=\"noopener\">Certificat d\u2019analyses<\/a><\/p>\n","protected":false},"featured_media":1502,"comment_status":"open","ping_status":"closed","template":"","meta":{"site-sidebar-layout":"default","site-content-layout":"default","ast-site-content-layout":"default","site-content-style":"default","site-sidebar-style":"default","ast-global-header-display":"","ast-banner-title-visibility":"","ast-main-header-display":"","ast-hfb-above-header-display":"","ast-hfb-below-header-display":"","ast-hfb-mobile-header-display":"","site-post-title":"","ast-breadcrumbs-content":"","ast-featured-img":"","footer-sml-layout":"","ast-disable-related-posts":"","theme-transparent-header-meta":"default","adv-header-id-meta":"","stick-header-meta":"","header-above-stick-meta":"","header-main-stick-meta":"","header-below-stick-meta":"","astra-migrate-meta-layouts":"set","ast-page-background-enabled":"default","ast-page-background-meta":{"desktop":{"background-color":"var(--ast-global-color-4)","background-image":"","background-repeat":"repeat","background-position":"center center","background-size":"auto","background-attachment":"scroll","background-type":"","background-media":"","overlay-type":"","overlay-color":"","overlay-opacity":"","overlay-gradient":""},"tablet":{"background-color":"","background-image":"","background-repeat":"repeat","background-position":"center center","background-size":"auto","background-attachment":"scroll","background-type":"","background-media":"","overlay-type":"","overlay-color":"","overlay-opacity":"","overlay-gradient":""},"mobile":{"background-color":"","background-image":"","background-repeat":"repeat","background-position":"center center","background-size":"auto","background-attachment":"scroll","background-type":"","background-media":"","overlay-type":"","overlay-color":"","overlay-opacity":"","overlay-gradient":""}},"ast-content-background-meta":{"desktop":{"background-color":"var(--ast-global-color-5)","background-image":"","background-repeat":"repeat","background-position":"center center","background-size":"auto","background-attachment":"scroll","background-type":"","background-media":"","overlay-type":"","overlay-color":"","overlay-opacity":"","overlay-gradient":""},"tablet":{"background-color":"var(--ast-global-color-5)","background-image":"","background-repeat":"repeat","background-position":"center center","background-size":"auto","background-attachment":"scroll","background-type":"","background-media":"","overlay-type":"","overlay-color":"","overlay-opacity":"","overlay-gradient":""},"mobile":{"background-color":"var(--ast-global-color-5)","background-image":"","background-repeat":"repeat","background-position":"center center","background-size":"auto","background-attachment":"scroll","background-type":"","background-media":"","overlay-type":"","overlay-color":"","overlay-opacity":"","overlay-gradient":""}},"jetpack_post_was_ever_published":false},"product_brand":[],"product_cat":[94,26],"product_tag":[545,139,536,543,544,125,193],"class_list":{"0":"post-1499","1":"product","2":"type-product","3":"status-publish","4":"has-post-thumbnail","6":"product_cat-additifs-et-autres","7":"product_cat-milieux-de-cultures","8":"product_tag-bacillus","9":"product_tag-clostridium","10":"product_tag-f17","11":"product_tag-gelose-myp","12":"product_tag-jaune-doeuf","13":"product_tag-merck","14":"product_tag-merck-millipore","15":"desktop-align-center","16":"tablet-align-left","17":"mobile-align-left","19":"first","20":"outofstock","21":"taxable","22":"shipping-taxable","23":"purchasable","24":"product-type-simple"},"yoast_head":"<!-- This site is optimized with the Yoast SEO plugin v27.5 - https:\/\/yoast.com\/product\/yoast-seo-wordpress\/ -->\n<title>Jaune d&#039;oeuf en \u00e9mulsion st\u00e9rile, 50 % (10 flacons de 100ml)<\/title>\n<meta name=\"description\" content=\"Jaune d\u2019\u0153uf en \u00e9mulsion st\u00e9rile, 50 % (10 flacons de 100ml) de tr\u00e8s bonne qualit\u00e9 utilis\u00e9 comme suppl\u00e9ment dans plusieurs milieux de culture.\" \/>\n<meta name=\"robots\" content=\"index, follow, max-snippet:-1, max-image-preview:large, max-video-preview:-1\" \/>\n<link rel=\"canonical\" href=\"https:\/\/store.microbiotech.dz\/index.php\/produit\/jaune-doeuf-en-emulsion-sterile-50-10-flacons-de-100ml\/\" \/>\n<meta property=\"og:locale\" content=\"fr_FR\" \/>\n<meta property=\"og:type\" content=\"article\" \/>\n<meta property=\"og:title\" content=\"Jaune d&#039;oeuf en \u00e9mulsion st\u00e9rile, 50 % (10 flacons de 100ml)\" \/>\n<meta property=\"og:description\" content=\"Jaune d\u2019\u0153uf en \u00e9mulsion st\u00e9rile, 50 % (10 flacons de 100ml) de tr\u00e8s bonne qualit\u00e9 utilis\u00e9 comme suppl\u00e9ment dans plusieurs milieux de culture.\" \/>\n<meta property=\"og:url\" content=\"https:\/\/store.microbiotech.dz\/index.php\/produit\/jaune-doeuf-en-emulsion-sterile-50-10-flacons-de-100ml\/\" \/>\n<meta property=\"og:site_name\" content=\"La Boutique en ligne\" \/>\n<meta property=\"article:publisher\" content=\"https:\/\/www.facebook.com\/MicroBiotech.dz\" \/>\n<meta property=\"article:modified_time\" content=\"2023-10-18T14:07:17+00:00\" \/>\n<meta property=\"og:image\" content=\"https:\/\/store.microbiotech.dz\/wp-content\/uploads\/2022\/02\/25aadb35-3021-489c-8061-2b80b32d027e-removebg-preview.png\" \/>\n\t<meta property=\"og:image:width\" content=\"532\" \/>\n\t<meta property=\"og:image:height\" content=\"469\" \/>\n\t<meta property=\"og:image:type\" content=\"image\/png\" \/>\n<meta name=\"twitter:card\" content=\"summary_large_image\" \/>\n<meta name=\"twitter:site\" content=\"@MicrobiotechD\" \/>\n<script type=\"application\/ld+json\" class=\"yoast-schema-graph\">{\"@context\":\"https:\\\/\\\/schema.org\",\"@graph\":[{\"@type\":\"WebPage\",\"@id\":\"https:\\\/\\\/store.microbiotech.dz\\\/index.php\\\/produit\\\/jaune-doeuf-en-emulsion-sterile-50-10-flacons-de-100ml\\\/\",\"url\":\"https:\\\/\\\/store.microbiotech.dz\\\/index.php\\\/produit\\\/jaune-doeuf-en-emulsion-sterile-50-10-flacons-de-100ml\\\/\",\"name\":\"Jaune d'oeuf en \u00e9mulsion st\u00e9rile, 50 % (10 flacons de 100ml)\",\"isPartOf\":{\"@id\":\"https:\\\/\\\/store.microbiotech.dz\\\/#website\"},\"primaryImageOfPage\":{\"@id\":\"https:\\\/\\\/store.microbiotech.dz\\\/index.php\\\/produit\\\/jaune-doeuf-en-emulsion-sterile-50-10-flacons-de-100ml\\\/#primaryimage\"},\"image\":{\"@id\":\"https:\\\/\\\/store.microbiotech.dz\\\/index.php\\\/produit\\\/jaune-doeuf-en-emulsion-sterile-50-10-flacons-de-100ml\\\/#primaryimage\"},\"thumbnailUrl\":\"https:\\\/\\\/store.microbiotech.dz\\\/wp-content\\\/uploads\\\/2022\\\/02\\\/25aadb35-3021-489c-8061-2b80b32d027e-removebg-preview.png\",\"datePublished\":\"2022-02-28T09:14:09+00:00\",\"dateModified\":\"2023-10-18T14:07:17+00:00\",\"description\":\"Jaune d\u2019\u0153uf en \u00e9mulsion st\u00e9rile, 50 % (10 flacons de 100ml) de tr\u00e8s bonne qualit\u00e9 utilis\u00e9 comme suppl\u00e9ment dans plusieurs milieux de culture.\",\"breadcrumb\":{\"@id\":\"https:\\\/\\\/store.microbiotech.dz\\\/index.php\\\/produit\\\/jaune-doeuf-en-emulsion-sterile-50-10-flacons-de-100ml\\\/#breadcrumb\"},\"inLanguage\":\"fr-FR\",\"potentialAction\":[{\"@type\":\"ReadAction\",\"target\":[\"https:\\\/\\\/store.microbiotech.dz\\\/index.php\\\/produit\\\/jaune-doeuf-en-emulsion-sterile-50-10-flacons-de-100ml\\\/\"]}]},{\"@type\":\"ImageObject\",\"inLanguage\":\"fr-FR\",\"@id\":\"https:\\\/\\\/store.microbiotech.dz\\\/index.php\\\/produit\\\/jaune-doeuf-en-emulsion-sterile-50-10-flacons-de-100ml\\\/#primaryimage\",\"url\":\"https:\\\/\\\/store.microbiotech.dz\\\/wp-content\\\/uploads\\\/2022\\\/02\\\/25aadb35-3021-489c-8061-2b80b32d027e-removebg-preview.png\",\"contentUrl\":\"https:\\\/\\\/store.microbiotech.dz\\\/wp-content\\\/uploads\\\/2022\\\/02\\\/25aadb35-3021-489c-8061-2b80b32d027e-removebg-preview.png\",\"width\":532,\"height\":469,\"caption\":\"Jaune d'oeuf en \u00e9mulsion st\u00e9rile, 50 % (10 flacons de 100ml)\"},{\"@type\":\"BreadcrumbList\",\"@id\":\"https:\\\/\\\/store.microbiotech.dz\\\/index.php\\\/produit\\\/jaune-doeuf-en-emulsion-sterile-50-10-flacons-de-100ml\\\/#breadcrumb\",\"itemListElement\":[{\"@type\":\"ListItem\",\"position\":1,\"name\":\"Accueil\",\"item\":\"https:\\\/\\\/store.microbiotech.dz\\\/\"},{\"@type\":\"ListItem\",\"position\":2,\"name\":\"Nos Produits\",\"item\":\"https:\\\/\\\/store.microbiotech.dz\\\/index.php\\\/nos-produits\\\/\"},{\"@type\":\"ListItem\",\"position\":3,\"name\":\"Jaune d&rsquo;oeuf en \u00e9mulsion st\u00e9rile, 50 % (10 flacons de 100ml)\"}]},{\"@type\":\"WebSite\",\"@id\":\"https:\\\/\\\/store.microbiotech.dz\\\/#website\",\"url\":\"https:\\\/\\\/store.microbiotech.dz\\\/\",\"name\":\"La Boutique en ligne\",\"description\":\"Qualit\u00e9 - Rapidit\u00e9 - Tranquillit\u00e9\",\"publisher\":{\"@id\":\"https:\\\/\\\/store.microbiotech.dz\\\/#organization\"},\"potentialAction\":[{\"@type\":\"SearchAction\",\"target\":{\"@type\":\"EntryPoint\",\"urlTemplate\":\"https:\\\/\\\/store.microbiotech.dz\\\/?s={search_term_string}\"},\"query-input\":{\"@type\":\"PropertyValueSpecification\",\"valueRequired\":true,\"valueName\":\"search_term_string\"}}],\"inLanguage\":\"fr-FR\"},{\"@type\":\"Organization\",\"@id\":\"https:\\\/\\\/store.microbiotech.dz\\\/#organization\",\"name\":\"Microbiotech EURL\",\"url\":\"https:\\\/\\\/store.microbiotech.dz\\\/\",\"logo\":{\"@type\":\"ImageObject\",\"inLanguage\":\"fr-FR\",\"@id\":\"https:\\\/\\\/store.microbiotech.dz\\\/#\\\/schema\\\/logo\\\/image\\\/\",\"url\":\"https:\\\/\\\/store.microbiotech.dz\\\/wp-content\\\/uploads\\\/2021\\\/09\\\/cropped-logo-microbiotech-2.jpg\",\"contentUrl\":\"https:\\\/\\\/store.microbiotech.dz\\\/wp-content\\\/uploads\\\/2021\\\/09\\\/cropped-logo-microbiotech-2.jpg\",\"width\":815,\"height\":586,\"caption\":\"Microbiotech EURL\"},\"image\":{\"@id\":\"https:\\\/\\\/store.microbiotech.dz\\\/#\\\/schema\\\/logo\\\/image\\\/\"},\"sameAs\":[\"https:\\\/\\\/www.facebook.com\\\/MicroBiotech.dz\",\"https:\\\/\\\/x.com\\\/MicrobiotechD\",\"https:\\\/\\\/www.linkedin.com\\\/in\\\/microbiotech\\\/\",\"https:\\\/\\\/www.youtube.com\\\/channel\\\/UCTxc3VIiX7LXD2LQYfZEcDg\"]}]}<\/script>\n<!-- \/ Yoast SEO plugin. -->","yoast_head_json":{"title":"Jaune d'oeuf en \u00e9mulsion st\u00e9rile, 50 % (10 flacons de 100ml)","description":"Jaune d\u2019\u0153uf en \u00e9mulsion st\u00e9rile, 50 % (10 flacons de 100ml) de tr\u00e8s bonne qualit\u00e9 utilis\u00e9 comme suppl\u00e9ment dans plusieurs milieux de culture.","robots":{"index":"index","follow":"follow","max-snippet":"max-snippet:-1","max-image-preview":"max-image-preview:large","max-video-preview":"max-video-preview:-1"},"canonical":"https:\/\/store.microbiotech.dz\/index.php\/produit\/jaune-doeuf-en-emulsion-sterile-50-10-flacons-de-100ml\/","og_locale":"fr_FR","og_type":"article","og_title":"Jaune d'oeuf en \u00e9mulsion st\u00e9rile, 50 % (10 flacons de 100ml)","og_description":"Jaune d\u2019\u0153uf en \u00e9mulsion st\u00e9rile, 50 % (10 flacons de 100ml) de tr\u00e8s bonne qualit\u00e9 utilis\u00e9 comme suppl\u00e9ment dans plusieurs milieux de culture.","og_url":"https:\/\/store.microbiotech.dz\/index.php\/produit\/jaune-doeuf-en-emulsion-sterile-50-10-flacons-de-100ml\/","og_site_name":"La Boutique en ligne","article_publisher":"https:\/\/www.facebook.com\/MicroBiotech.dz","article_modified_time":"2023-10-18T14:07:17+00:00","og_image":[{"width":532,"height":469,"url":"https:\/\/store.microbiotech.dz\/wp-content\/uploads\/2022\/02\/25aadb35-3021-489c-8061-2b80b32d027e-removebg-preview.png","type":"image\/png"}],"twitter_card":"summary_large_image","twitter_site":"@MicrobiotechD","schema":{"@context":"https:\/\/schema.org","@graph":[{"@type":"WebPage","@id":"https:\/\/store.microbiotech.dz\/index.php\/produit\/jaune-doeuf-en-emulsion-sterile-50-10-flacons-de-100ml\/","url":"https:\/\/store.microbiotech.dz\/index.php\/produit\/jaune-doeuf-en-emulsion-sterile-50-10-flacons-de-100ml\/","name":"Jaune d'oeuf en \u00e9mulsion st\u00e9rile, 50 % (10 flacons de 100ml)","isPartOf":{"@id":"https:\/\/store.microbiotech.dz\/#website"},"primaryImageOfPage":{"@id":"https:\/\/store.microbiotech.dz\/index.php\/produit\/jaune-doeuf-en-emulsion-sterile-50-10-flacons-de-100ml\/#primaryimage"},"image":{"@id":"https:\/\/store.microbiotech.dz\/index.php\/produit\/jaune-doeuf-en-emulsion-sterile-50-10-flacons-de-100ml\/#primaryimage"},"thumbnailUrl":"https:\/\/store.microbiotech.dz\/wp-content\/uploads\/2022\/02\/25aadb35-3021-489c-8061-2b80b32d027e-removebg-preview.png","datePublished":"2022-02-28T09:14:09+00:00","dateModified":"2023-10-18T14:07:17+00:00","description":"Jaune d\u2019\u0153uf en \u00e9mulsion st\u00e9rile, 50 % (10 flacons de 100ml) de tr\u00e8s bonne qualit\u00e9 utilis\u00e9 comme suppl\u00e9ment dans plusieurs milieux de culture.","breadcrumb":{"@id":"https:\/\/store.microbiotech.dz\/index.php\/produit\/jaune-doeuf-en-emulsion-sterile-50-10-flacons-de-100ml\/#breadcrumb"},"inLanguage":"fr-FR","potentialAction":[{"@type":"ReadAction","target":["https:\/\/store.microbiotech.dz\/index.php\/produit\/jaune-doeuf-en-emulsion-sterile-50-10-flacons-de-100ml\/"]}]},{"@type":"ImageObject","inLanguage":"fr-FR","@id":"https:\/\/store.microbiotech.dz\/index.php\/produit\/jaune-doeuf-en-emulsion-sterile-50-10-flacons-de-100ml\/#primaryimage","url":"https:\/\/store.microbiotech.dz\/wp-content\/uploads\/2022\/02\/25aadb35-3021-489c-8061-2b80b32d027e-removebg-preview.png","contentUrl":"https:\/\/store.microbiotech.dz\/wp-content\/uploads\/2022\/02\/25aadb35-3021-489c-8061-2b80b32d027e-removebg-preview.png","width":532,"height":469,"caption":"Jaune d'oeuf en \u00e9mulsion st\u00e9rile, 50 % (10 flacons de 100ml)"},{"@type":"BreadcrumbList","@id":"https:\/\/store.microbiotech.dz\/index.php\/produit\/jaune-doeuf-en-emulsion-sterile-50-10-flacons-de-100ml\/#breadcrumb","itemListElement":[{"@type":"ListItem","position":1,"name":"Accueil","item":"https:\/\/store.microbiotech.dz\/"},{"@type":"ListItem","position":2,"name":"Nos Produits","item":"https:\/\/store.microbiotech.dz\/index.php\/nos-produits\/"},{"@type":"ListItem","position":3,"name":"Jaune d&rsquo;oeuf en \u00e9mulsion st\u00e9rile, 50 % (10 flacons de 100ml)"}]},{"@type":"WebSite","@id":"https:\/\/store.microbiotech.dz\/#website","url":"https:\/\/store.microbiotech.dz\/","name":"La Boutique en ligne","description":"Qualit\u00e9 - Rapidit\u00e9 - Tranquillit\u00e9","publisher":{"@id":"https:\/\/store.microbiotech.dz\/#organization"},"potentialAction":[{"@type":"SearchAction","target":{"@type":"EntryPoint","urlTemplate":"https:\/\/store.microbiotech.dz\/?s={search_term_string}"},"query-input":{"@type":"PropertyValueSpecification","valueRequired":true,"valueName":"search_term_string"}}],"inLanguage":"fr-FR"},{"@type":"Organization","@id":"https:\/\/store.microbiotech.dz\/#organization","name":"Microbiotech EURL","url":"https:\/\/store.microbiotech.dz\/","logo":{"@type":"ImageObject","inLanguage":"fr-FR","@id":"https:\/\/store.microbiotech.dz\/#\/schema\/logo\/image\/","url":"https:\/\/store.microbiotech.dz\/wp-content\/uploads\/2021\/09\/cropped-logo-microbiotech-2.jpg","contentUrl":"https:\/\/store.microbiotech.dz\/wp-content\/uploads\/2021\/09\/cropped-logo-microbiotech-2.jpg","width":815,"height":586,"caption":"Microbiotech EURL"},"image":{"@id":"https:\/\/store.microbiotech.dz\/#\/schema\/logo\/image\/"},"sameAs":["https:\/\/www.facebook.com\/MicroBiotech.dz","https:\/\/x.com\/MicrobiotechD","https:\/\/www.linkedin.com\/in\/microbiotech\/","https:\/\/www.youtube.com\/channel\/UCTxc3VIiX7LXD2LQYfZEcDg"]}]}},"jetpack_sharing_enabled":true,"_links":{"self":[{"href":"https:\/\/store.microbiotech.dz\/index.php\/wp-json\/wp\/v2\/product\/1499","targetHints":{"allow":["GET"]}}],"collection":[{"href":"https:\/\/store.microbiotech.dz\/index.php\/wp-json\/wp\/v2\/product"}],"about":[{"href":"https:\/\/store.microbiotech.dz\/index.php\/wp-json\/wp\/v2\/types\/product"}],"replies":[{"embeddable":true,"href":"https:\/\/store.microbiotech.dz\/index.php\/wp-json\/wp\/v2\/comments?post=1499"}],"wp:featuredmedia":[{"embeddable":true,"href":"https:\/\/store.microbiotech.dz\/index.php\/wp-json\/wp\/v2\/media\/1502"}],"wp:attachment":[{"href":"https:\/\/store.microbiotech.dz\/index.php\/wp-json\/wp\/v2\/media?parent=1499"}],"wp:term":[{"taxonomy":"product_brand","embeddable":true,"href":"https:\/\/store.microbiotech.dz\/index.php\/wp-json\/wp\/v2\/product_brand?post=1499"},{"taxonomy":"product_cat","embeddable":true,"href":"https:\/\/store.microbiotech.dz\/index.php\/wp-json\/wp\/v2\/product_cat?post=1499"},{"taxonomy":"product_tag","embeddable":true,"href":"https:\/\/store.microbiotech.dz\/index.php\/wp-json\/wp\/v2\/product_tag?post=1499"}],"curies":[{"name":"wp","href":"https:\/\/api.w.org\/{rel}","templated":true}]}}