{"id":14970,"date":"2025-05-11T11:51:54","date_gmt":"2025-05-11T10:51:54","guid":{"rendered":"https:\/\/store.microbiotech.dz\/?post_type=product&#038;p=14970"},"modified":"2025-05-11T11:51:07","modified_gmt":"2025-05-11T10:51:07","slug":"balance-etiqueteuse-qias","status":"publish","type":"product","link":"https:\/\/store.microbiotech.dz\/index.php\/produit\/balance-etiqueteuse-qias\/","title":{"rendered":"Balance \u00e9tiqueteuse Qias"},"content":{"rendered":"<p>La <a href=\"https:\/\/store.microbiotech.dz\/?s=balance\" target=\"_blank\" rel=\"noopener\">Balance<\/a> \u00e9tiqueteuse Qias <span class=\"_fadeIn_m1hgl_8\">est <\/span><span class=\"_fadeIn_m1hgl_8\">un <\/span><span class=\"_fadeIn_m1hgl_8\">outil <\/span><span class=\"_fadeIn_m1hgl_8\">professionnel <\/span><span class=\"_fadeIn_m1hgl_8\">con\u00e7u <\/span><span class=\"_fadeIn_m1hgl_8\">pour <\/span><span class=\"_fadeIn_m1hgl_8\">les <\/span><span class=\"_fadeIn_m1hgl_8\">environnements <\/span><span class=\"_fadeIn_m1hgl_8\">exigeants <\/span><span class=\"_fadeIn_m1hgl_8\">comme <\/span><span class=\"_fadeIn_m1hgl_8\">les <\/span><span class=\"_fadeIn_m1hgl_8\">laboratoires <\/span><span class=\"_fadeIn_m1hgl_8\">ou <\/span><span class=\"_fadeIn_m1hgl_8\">les <\/span><span class=\"_fadeIn_m1hgl_8\">grandes <\/span><span class=\"_fadeIn_m1hgl_8\">surfaces. <\/span><span class=\"_fadeIn_m1hgl_8\">Elle <\/span><span class=\"_fadeIn_m1hgl_8\">associe <\/span><span class=\"_fadeIn_m1hgl_8\">pr\u00e9cision <\/span><span class=\"_fadeIn_m1hgl_8\">et <\/span><span class=\"_fadeIn_m1hgl_8\">rapidit\u00e9 <\/span><span class=\"_fadeIn_m1hgl_8\">gr\u00e2ce <\/span><span class=\"_fadeIn_m1hgl_8\">\u00e0 <\/span><span class=\"_fadeIn_m1hgl_8\">son <\/span><span class=\"_fadeIn_m1hgl_8\">\u00e9cran <\/span><span class=\"_fadeIn_m1hgl_8\">LED <\/span><span class=\"_fadeIn_m1hgl_8\">rouge <\/span><span class=\"_fadeIn_m1hgl_8\">\u00e0 <\/span><span class=\"_fadeIn_m1hgl_8\">7 <\/span><span class=\"_fadeIn_m1hgl_8\">segments <\/span><span class=\"_fadeIn_m1hgl_8\">et <\/span><span class=\"_fadeIn_m1hgl_8\">sa <\/span><span class=\"_fadeIn_m1hgl_8\">vitesse <\/span><span class=\"_fadeIn_m1hgl_8\">d&rsquo;impression <\/span><span class=\"_fadeIn_m1hgl_8\">de <\/span><span class=\"_fadeIn_m1hgl_8\">75 <\/span><span class=\"_fadeIn_m1hgl_8\">mm\/<\/span><span class=\"_fadeIn_m1hgl_8\">s. <\/span><span class=\"_fadeIn_m1hgl_8\">Elle <\/span><span class=\"_fadeIn_m1hgl_8\">permet <\/span><span class=\"_fadeIn_m1hgl_8\">l\u2019\u00e9tiquetage <\/span><span class=\"_fadeIn_m1hgl_8\">manuel <\/span><span class=\"_fadeIn_m1hgl_8\">ou <\/span><span class=\"_fadeIn_m1hgl_8\">automatique <\/span><span class=\"_fadeIn_m1hgl_8\">avec <\/span><span class=\"_fadeIn_m1hgl_8\">une <\/span><span class=\"_fadeIn_m1hgl_8\">largeur <\/span><span class=\"_fadeIn_m1hgl_8\">d\u2019impression <\/span><span class=\"_fadeIn_m1hgl_8\">maximale <\/span><span class=\"_fadeIn_m1hgl_8\">de <\/span><span class=\"_fadeIn_m1hgl_8\">58 <\/span><span class=\"_fadeIn_m1hgl_8\">mm. <\/span><span class=\"_fadeIn_m1hgl_8\">Dot\u00e9e <\/span><span class=\"_fadeIn_m1hgl_8\">de <\/span><span class=\"_fadeIn_m1hgl_8\">31 <\/span><span class=\"_fadeIn_m1hgl_8\">ou <\/span><span class=\"_fadeIn_m1hgl_8\">71 <\/span><span class=\"_fadeIn_m1hgl_8\">touches <\/span><span class=\"_fadeIn_m1hgl_8\">pr\u00e9d\u00e9finies <\/span><span class=\"_fadeIn_m1hgl_8\">selon <\/span><span class=\"_fadeIn_m1hgl_8\">le <\/span><span class=\"_fadeIn_m1hgl_8\">mod\u00e8le, <\/span><span class=\"_fadeIn_m1hgl_8\">elle <\/span><span class=\"_fadeIn_m1hgl_8\">g\u00e8re <\/span><span class=\"_fadeIn_m1hgl_8\">jusqu\u2019\u00e0 <\/span><span class=\"_fadeIn_m1hgl_8\">4000 <\/span><span class=\"_fadeIn_m1hgl_8\">PLU <\/span><span class=\"_fadeIn_m1hgl_8\">et <\/span><span class=\"_fadeIn_m1hgl_8\">affiche <\/span><span class=\"_fadeIn_m1hgl_8\">clairement <\/span><span class=\"_fadeIn_m1hgl_8\">le <\/span><span class=\"_fadeIn_m1hgl_8\">poids, <\/span><span class=\"_fadeIn_m1hgl_8\">le <\/span><span class=\"_fadeIn_m1hgl_8\">prix <\/span><span class=\"_fadeIn_m1hgl_8\">unitaire <\/span><span class=\"_fadeIn_m1hgl_8\">et <\/span><span class=\"_fadeIn_m1hgl_8\">le <\/span><span class=\"_fadeIn_m1hgl_8\">total <\/span><span class=\"_fadeIn_m1hgl_8\">sur <\/span><span class=\"_fadeIn_m1hgl_8\">5 <\/span><span class=\"_fadeIn_m1hgl_8\">\u00e0 <\/span><span class=\"_fadeIn_m1hgl_8\">6 <\/span><span class=\"_fadeIn_m1hgl_8\">chiffres. <\/span><span class=\"_fadeIn_m1hgl_8\">C\u2019est <\/span><span class=\"_fadeIn_m1hgl_8\">une <\/span><span class=\"_fadeIn_m1hgl_8\">solution <\/span><span class=\"_fadeIn_m1hgl_8\">fiable <\/span><span class=\"_fadeIn_m1hgl_8\">et <\/span><span class=\"_fadeIn_m1hgl_8\">performante <\/span><span class=\"_fadeIn_m1hgl_8\">pour <\/span><span class=\"_fadeIn_m1hgl_8\">optimiser <\/span><span class=\"_fadeIn_m1hgl_8\">le <\/span><span class=\"_fadeIn_m1hgl_8\">pesage <\/span><span class=\"_fadeIn_m1hgl_8\">et <\/span><span class=\"_fadeIn_m1hgl_8\">l\u2019\u00e9tiquetage.<\/span><\/p>\n","protected":false},"excerpt":{"rendered":"<p>&nbsp;<\/p>\n<p>Marque : <strong>Qias <img loading=\"lazy\" decoding=\"async\" class=\"alignnone wp-image-2080\" src=\"https:\/\/store.microbiotech.dz\/wp-content\/uploads\/2022\/06\/algeria-flag-300x225.png\" sizes=\"auto, (max-width: 45px) 100vw, 45px\" srcset=\"https:\/\/store.microbiotech.dz\/wp-content\/uploads\/2022\/06\/algeria-flag-300x225.png 300w, https:\/\/store.microbiotech.dz\/wp-content\/uploads\/2022\/06\/algeria-flag-600x450.png 600w, https:\/\/store.microbiotech.dz\/wp-content\/uploads\/2022\/06\/algeria-flag.png 640w\" alt=\"\" width=\"45\" height=\"34\" \/><\/strong><br \/>\nCapacit\u00e9 : <strong>30 kg<\/strong><br \/>\nR\u00e9solution : <strong>5 g<\/strong><br \/>\nUnit\u00e9s de pesage : <strong>kg, lb<\/strong><br \/>\nMat\u00e9riel de la structure : <strong>ABS<\/strong><br \/>\nTemp\u00e9rature d\u2019utilisation : <strong>0 \u00b0 C \u00e0 40 \u00b0 C<\/strong><br \/>\nClavier :<strong> 96 touches<\/strong><br \/>\nAlimentation : <strong>C\u00e2ble alimentation secteur (sans retro\u00e9clairage)<\/strong><br \/>\nM\u00e9moire : <strong>4000 Prix pr\u00e9programm\u00e9s<\/strong><br \/>\nAutonomie de Batterie :<strong> 72 heures<\/strong><br \/>\nT\u00e9l\u00e9chargement : <a href=\"https:\/\/store.microbiotech.dz\/wp-content\/uploads\/2025\/05\/FT-gauss-5000.pdf\">FT gauss 5000<\/a><\/p>\n","protected":false},"featured_media":14980,"comment_status":"open","ping_status":"closed","template":"","meta":{"site-sidebar-layout":"default","site-content-layout":"","ast-site-content-layout":"default","site-content-style":"default","site-sidebar-style":"default","ast-global-header-display":"","ast-banner-title-visibility":"","ast-main-header-display":"","ast-hfb-above-header-display":"","ast-hfb-below-header-display":"","ast-hfb-mobile-header-display":"","site-post-title":"","ast-breadcrumbs-content":"","ast-featured-img":"","footer-sml-layout":"","ast-disable-related-posts":"","theme-transparent-header-meta":"default","adv-header-id-meta":"","stick-header-meta":"","header-above-stick-meta":"","header-main-stick-meta":"","header-below-stick-meta":"","astra-migrate-meta-layouts":"set","ast-page-background-enabled":"default","ast-page-background-meta":{"desktop":{"background-color":"var(--ast-global-color-4)","background-image":"","background-repeat":"repeat","background-position":"center center","background-size":"auto","background-attachment":"scroll","background-type":"","background-media":"","overlay-type":"","overlay-color":"","overlay-opacity":"","overlay-gradient":""},"tablet":{"background-color":"","background-image":"","background-repeat":"repeat","background-position":"center center","background-size":"auto","background-attachment":"scroll","background-type":"","background-media":"","overlay-type":"","overlay-color":"","overlay-opacity":"","overlay-gradient":""},"mobile":{"background-color":"","background-image":"","background-repeat":"repeat","background-position":"center center","background-size":"auto","background-attachment":"scroll","background-type":"","background-media":"","overlay-type":"","overlay-color":"","overlay-opacity":"","overlay-gradient":""}},"ast-content-background-meta":{"desktop":{"background-color":"var(--ast-global-color-5)","background-image":"","background-repeat":"repeat","background-position":"center center","background-size":"auto","background-attachment":"scroll","background-type":"","background-media":"","overlay-type":"","overlay-color":"","overlay-opacity":"","overlay-gradient":""},"tablet":{"background-color":"var(--ast-global-color-5)","background-image":"","background-repeat":"repeat","background-position":"center center","background-size":"auto","background-attachment":"scroll","background-type":"","background-media":"","overlay-type":"","overlay-color":"","overlay-opacity":"","overlay-gradient":""},"mobile":{"background-color":"var(--ast-global-color-5)","background-image":"","background-repeat":"repeat","background-position":"center center","background-size":"auto","background-attachment":"scroll","background-type":"","background-media":"","overlay-type":"","overlay-color":"","overlay-opacity":"","overlay-gradient":""}},"jetpack_post_was_ever_published":false},"product_brand":[],"product_cat":[238],"product_tag":[590,2986,2173,2174],"class_list":{"0":"post-14970","1":"product","2":"type-product","3":"status-publish","4":"has-post-thumbnail","6":"product_cat-equipements","7":"product_tag-balance","8":"product_tag-balance-etiqueteuse","9":"product_tag-f136","10":"product_tag-qias","11":"product_shipping_class-temperature-ambiante","12":"desktop-align-center","13":"tablet-align-left","14":"mobile-align-left","16":"first","17":"instock","18":"taxable","19":"shipping-taxable","20":"purchasable","21":"product-type-simple"},"yoast_head":"<!-- This site is optimized with the Yoast SEO plugin v27.5 - https:\/\/yoast.com\/product\/yoast-seo-wordpress\/ -->\n<title>Balance \u00e9tiqueteuse Qias - La Boutique en ligne<\/title>\n<meta name=\"description\" content=\"La Balance \u00e9tiqueteuse Qias est une solution fiable et performante pour optimiser le pesage et l\u2019\u00e9tiquetage. Commandez d\u00e8s maintenant sur microbiotech.dz\" \/>\n<meta name=\"robots\" content=\"index, follow, max-snippet:-1, max-image-preview:large, max-video-preview:-1\" \/>\n<link rel=\"canonical\" href=\"https:\/\/store.microbiotech.dz\/index.php\/produit\/balance-etiqueteuse-qias\/\" \/>\n<meta property=\"og:locale\" content=\"fr_FR\" \/>\n<meta property=\"og:type\" content=\"article\" \/>\n<meta property=\"og:title\" content=\"Balance \u00e9tiqueteuse Qias - La Boutique en ligne\" \/>\n<meta property=\"og:description\" content=\"La Balance \u00e9tiqueteuse Qias est une solution fiable et performante pour optimiser le pesage et l\u2019\u00e9tiquetage. Commandez d\u00e8s maintenant sur microbiotech.dz\" \/>\n<meta property=\"og:url\" content=\"https:\/\/store.microbiotech.dz\/index.php\/produit\/balance-etiqueteuse-qias\/\" \/>\n<meta property=\"og:site_name\" content=\"La Boutique en ligne\" \/>\n<meta property=\"article:publisher\" content=\"https:\/\/www.facebook.com\/MicroBiotech.dz\" \/>\n<meta property=\"og:image\" content=\"https:\/\/store.microbiotech.dz\/wp-content\/uploads\/2025\/05\/gauss5000pole.webp\" \/>\n\t<meta property=\"og:image:width\" content=\"600\" \/>\n\t<meta property=\"og:image:height\" content=\"600\" \/>\n\t<meta property=\"og:image:type\" content=\"image\/webp\" \/>\n<meta name=\"twitter:card\" content=\"summary_large_image\" \/>\n<meta name=\"twitter:site\" content=\"@MicrobiotechD\" \/>\n<meta name=\"twitter:label1\" content=\"Dur\u00e9e de lecture estim\u00e9e\" \/>\n\t<meta name=\"twitter:data1\" content=\"1 minute\" \/>\n<script type=\"application\/ld+json\" class=\"yoast-schema-graph\">{\"@context\":\"https:\\\/\\\/schema.org\",\"@graph\":[{\"@type\":\"WebPage\",\"@id\":\"https:\\\/\\\/store.microbiotech.dz\\\/index.php\\\/produit\\\/balance-etiqueteuse-qias\\\/\",\"url\":\"https:\\\/\\\/store.microbiotech.dz\\\/index.php\\\/produit\\\/balance-etiqueteuse-qias\\\/\",\"name\":\"Balance \u00e9tiqueteuse Qias - La Boutique en ligne\",\"isPartOf\":{\"@id\":\"https:\\\/\\\/store.microbiotech.dz\\\/#website\"},\"primaryImageOfPage\":{\"@id\":\"https:\\\/\\\/store.microbiotech.dz\\\/index.php\\\/produit\\\/balance-etiqueteuse-qias\\\/#primaryimage\"},\"image\":{\"@id\":\"https:\\\/\\\/store.microbiotech.dz\\\/index.php\\\/produit\\\/balance-etiqueteuse-qias\\\/#primaryimage\"},\"thumbnailUrl\":\"https:\\\/\\\/store.microbiotech.dz\\\/wp-content\\\/uploads\\\/2025\\\/05\\\/gauss5000pole.webp\",\"datePublished\":\"2025-05-11T10:51:54+00:00\",\"description\":\"La Balance \u00e9tiqueteuse Qias est une solution fiable et performante pour optimiser le pesage et l\u2019\u00e9tiquetage. Commandez d\u00e8s maintenant sur microbiotech.dz\",\"breadcrumb\":{\"@id\":\"https:\\\/\\\/store.microbiotech.dz\\\/index.php\\\/produit\\\/balance-etiqueteuse-qias\\\/#breadcrumb\"},\"inLanguage\":\"fr-FR\",\"potentialAction\":[{\"@type\":\"ReadAction\",\"target\":[\"https:\\\/\\\/store.microbiotech.dz\\\/index.php\\\/produit\\\/balance-etiqueteuse-qias\\\/\"]}]},{\"@type\":\"ImageObject\",\"inLanguage\":\"fr-FR\",\"@id\":\"https:\\\/\\\/store.microbiotech.dz\\\/index.php\\\/produit\\\/balance-etiqueteuse-qias\\\/#primaryimage\",\"url\":\"https:\\\/\\\/store.microbiotech.dz\\\/wp-content\\\/uploads\\\/2025\\\/05\\\/gauss5000pole.webp\",\"contentUrl\":\"https:\\\/\\\/store.microbiotech.dz\\\/wp-content\\\/uploads\\\/2025\\\/05\\\/gauss5000pole.webp\",\"width\":600,\"height\":600,\"caption\":\"Balance \u00e9tiqueteuse Qias\"},{\"@type\":\"BreadcrumbList\",\"@id\":\"https:\\\/\\\/store.microbiotech.dz\\\/index.php\\\/produit\\\/balance-etiqueteuse-qias\\\/#breadcrumb\",\"itemListElement\":[{\"@type\":\"ListItem\",\"position\":1,\"name\":\"Accueil\",\"item\":\"https:\\\/\\\/store.microbiotech.dz\\\/\"},{\"@type\":\"ListItem\",\"position\":2,\"name\":\"Nos Produits\",\"item\":\"https:\\\/\\\/store.microbiotech.dz\\\/index.php\\\/nos-produits\\\/\"},{\"@type\":\"ListItem\",\"position\":3,\"name\":\"Balance \u00e9tiqueteuse Qias\"}]},{\"@type\":\"WebSite\",\"@id\":\"https:\\\/\\\/store.microbiotech.dz\\\/#website\",\"url\":\"https:\\\/\\\/store.microbiotech.dz\\\/\",\"name\":\"La Boutique en ligne\",\"description\":\"Qualit\u00e9 - Rapidit\u00e9 - Tranquillit\u00e9\",\"publisher\":{\"@id\":\"https:\\\/\\\/store.microbiotech.dz\\\/#organization\"},\"potentialAction\":[{\"@type\":\"SearchAction\",\"target\":{\"@type\":\"EntryPoint\",\"urlTemplate\":\"https:\\\/\\\/store.microbiotech.dz\\\/?s={search_term_string}\"},\"query-input\":{\"@type\":\"PropertyValueSpecification\",\"valueRequired\":true,\"valueName\":\"search_term_string\"}}],\"inLanguage\":\"fr-FR\"},{\"@type\":\"Organization\",\"@id\":\"https:\\\/\\\/store.microbiotech.dz\\\/#organization\",\"name\":\"Microbiotech EURL\",\"url\":\"https:\\\/\\\/store.microbiotech.dz\\\/\",\"logo\":{\"@type\":\"ImageObject\",\"inLanguage\":\"fr-FR\",\"@id\":\"https:\\\/\\\/store.microbiotech.dz\\\/#\\\/schema\\\/logo\\\/image\\\/\",\"url\":\"https:\\\/\\\/store.microbiotech.dz\\\/wp-content\\\/uploads\\\/2021\\\/09\\\/cropped-logo-microbiotech-2.jpg\",\"contentUrl\":\"https:\\\/\\\/store.microbiotech.dz\\\/wp-content\\\/uploads\\\/2021\\\/09\\\/cropped-logo-microbiotech-2.jpg\",\"width\":815,\"height\":586,\"caption\":\"Microbiotech EURL\"},\"image\":{\"@id\":\"https:\\\/\\\/store.microbiotech.dz\\\/#\\\/schema\\\/logo\\\/image\\\/\"},\"sameAs\":[\"https:\\\/\\\/www.facebook.com\\\/MicroBiotech.dz\",\"https:\\\/\\\/x.com\\\/MicrobiotechD\",\"https:\\\/\\\/www.linkedin.com\\\/in\\\/microbiotech\\\/\",\"https:\\\/\\\/www.youtube.com\\\/channel\\\/UCTxc3VIiX7LXD2LQYfZEcDg\"]}]}<\/script>\n<!-- \/ Yoast SEO plugin. -->","yoast_head_json":{"title":"Balance \u00e9tiqueteuse Qias - La Boutique en ligne","description":"La Balance \u00e9tiqueteuse Qias est une solution fiable et performante pour optimiser le pesage et l\u2019\u00e9tiquetage. Commandez d\u00e8s maintenant sur microbiotech.dz","robots":{"index":"index","follow":"follow","max-snippet":"max-snippet:-1","max-image-preview":"max-image-preview:large","max-video-preview":"max-video-preview:-1"},"canonical":"https:\/\/store.microbiotech.dz\/index.php\/produit\/balance-etiqueteuse-qias\/","og_locale":"fr_FR","og_type":"article","og_title":"Balance \u00e9tiqueteuse Qias - La Boutique en ligne","og_description":"La Balance \u00e9tiqueteuse Qias est une solution fiable et performante pour optimiser le pesage et l\u2019\u00e9tiquetage. Commandez d\u00e8s maintenant sur microbiotech.dz","og_url":"https:\/\/store.microbiotech.dz\/index.php\/produit\/balance-etiqueteuse-qias\/","og_site_name":"La Boutique en ligne","article_publisher":"https:\/\/www.facebook.com\/MicroBiotech.dz","og_image":[{"width":600,"height":600,"url":"https:\/\/store.microbiotech.dz\/wp-content\/uploads\/2025\/05\/gauss5000pole.webp","type":"image\/webp"}],"twitter_card":"summary_large_image","twitter_site":"@MicrobiotechD","twitter_misc":{"Dur\u00e9e de lecture estim\u00e9e":"1 minute"},"schema":{"@context":"https:\/\/schema.org","@graph":[{"@type":"WebPage","@id":"https:\/\/store.microbiotech.dz\/index.php\/produit\/balance-etiqueteuse-qias\/","url":"https:\/\/store.microbiotech.dz\/index.php\/produit\/balance-etiqueteuse-qias\/","name":"Balance \u00e9tiqueteuse Qias - La Boutique en ligne","isPartOf":{"@id":"https:\/\/store.microbiotech.dz\/#website"},"primaryImageOfPage":{"@id":"https:\/\/store.microbiotech.dz\/index.php\/produit\/balance-etiqueteuse-qias\/#primaryimage"},"image":{"@id":"https:\/\/store.microbiotech.dz\/index.php\/produit\/balance-etiqueteuse-qias\/#primaryimage"},"thumbnailUrl":"https:\/\/store.microbiotech.dz\/wp-content\/uploads\/2025\/05\/gauss5000pole.webp","datePublished":"2025-05-11T10:51:54+00:00","description":"La Balance \u00e9tiqueteuse Qias est une solution fiable et performante pour optimiser le pesage et l\u2019\u00e9tiquetage. Commandez d\u00e8s maintenant sur microbiotech.dz","breadcrumb":{"@id":"https:\/\/store.microbiotech.dz\/index.php\/produit\/balance-etiqueteuse-qias\/#breadcrumb"},"inLanguage":"fr-FR","potentialAction":[{"@type":"ReadAction","target":["https:\/\/store.microbiotech.dz\/index.php\/produit\/balance-etiqueteuse-qias\/"]}]},{"@type":"ImageObject","inLanguage":"fr-FR","@id":"https:\/\/store.microbiotech.dz\/index.php\/produit\/balance-etiqueteuse-qias\/#primaryimage","url":"https:\/\/store.microbiotech.dz\/wp-content\/uploads\/2025\/05\/gauss5000pole.webp","contentUrl":"https:\/\/store.microbiotech.dz\/wp-content\/uploads\/2025\/05\/gauss5000pole.webp","width":600,"height":600,"caption":"Balance \u00e9tiqueteuse Qias"},{"@type":"BreadcrumbList","@id":"https:\/\/store.microbiotech.dz\/index.php\/produit\/balance-etiqueteuse-qias\/#breadcrumb","itemListElement":[{"@type":"ListItem","position":1,"name":"Accueil","item":"https:\/\/store.microbiotech.dz\/"},{"@type":"ListItem","position":2,"name":"Nos Produits","item":"https:\/\/store.microbiotech.dz\/index.php\/nos-produits\/"},{"@type":"ListItem","position":3,"name":"Balance \u00e9tiqueteuse Qias"}]},{"@type":"WebSite","@id":"https:\/\/store.microbiotech.dz\/#website","url":"https:\/\/store.microbiotech.dz\/","name":"La Boutique en ligne","description":"Qualit\u00e9 - Rapidit\u00e9 - Tranquillit\u00e9","publisher":{"@id":"https:\/\/store.microbiotech.dz\/#organization"},"potentialAction":[{"@type":"SearchAction","target":{"@type":"EntryPoint","urlTemplate":"https:\/\/store.microbiotech.dz\/?s={search_term_string}"},"query-input":{"@type":"PropertyValueSpecification","valueRequired":true,"valueName":"search_term_string"}}],"inLanguage":"fr-FR"},{"@type":"Organization","@id":"https:\/\/store.microbiotech.dz\/#organization","name":"Microbiotech EURL","url":"https:\/\/store.microbiotech.dz\/","logo":{"@type":"ImageObject","inLanguage":"fr-FR","@id":"https:\/\/store.microbiotech.dz\/#\/schema\/logo\/image\/","url":"https:\/\/store.microbiotech.dz\/wp-content\/uploads\/2021\/09\/cropped-logo-microbiotech-2.jpg","contentUrl":"https:\/\/store.microbiotech.dz\/wp-content\/uploads\/2021\/09\/cropped-logo-microbiotech-2.jpg","width":815,"height":586,"caption":"Microbiotech EURL"},"image":{"@id":"https:\/\/store.microbiotech.dz\/#\/schema\/logo\/image\/"},"sameAs":["https:\/\/www.facebook.com\/MicroBiotech.dz","https:\/\/x.com\/MicrobiotechD","https:\/\/www.linkedin.com\/in\/microbiotech\/","https:\/\/www.youtube.com\/channel\/UCTxc3VIiX7LXD2LQYfZEcDg"]}]}},"jetpack_sharing_enabled":true,"_links":{"self":[{"href":"https:\/\/store.microbiotech.dz\/index.php\/wp-json\/wp\/v2\/product\/14970","targetHints":{"allow":["GET"]}}],"collection":[{"href":"https:\/\/store.microbiotech.dz\/index.php\/wp-json\/wp\/v2\/product"}],"about":[{"href":"https:\/\/store.microbiotech.dz\/index.php\/wp-json\/wp\/v2\/types\/product"}],"replies":[{"embeddable":true,"href":"https:\/\/store.microbiotech.dz\/index.php\/wp-json\/wp\/v2\/comments?post=14970"}],"wp:featuredmedia":[{"embeddable":true,"href":"https:\/\/store.microbiotech.dz\/index.php\/wp-json\/wp\/v2\/media\/14980"}],"wp:attachment":[{"href":"https:\/\/store.microbiotech.dz\/index.php\/wp-json\/wp\/v2\/media?parent=14970"}],"wp:term":[{"taxonomy":"product_brand","embeddable":true,"href":"https:\/\/store.microbiotech.dz\/index.php\/wp-json\/wp\/v2\/product_brand?post=14970"},{"taxonomy":"product_cat","embeddable":true,"href":"https:\/\/store.microbiotech.dz\/index.php\/wp-json\/wp\/v2\/product_cat?post=14970"},{"taxonomy":"product_tag","embeddable":true,"href":"https:\/\/store.microbiotech.dz\/index.php\/wp-json\/wp\/v2\/product_tag?post=14970"}],"curies":[{"name":"wp","href":"https:\/\/api.w.org\/{rel}","templated":true}]}}