{"id":14964,"date":"2025-05-11T14:04:42","date_gmt":"2025-05-11T13:04:42","guid":{"rendered":"https:\/\/store.microbiotech.dz\/?post_type=product&#038;p=14964"},"modified":"2025-06-26T11:02:58","modified_gmt":"2025-06-26T10:02:58","slug":"etuve-universelle-daihan","status":"publish","type":"product","link":"https:\/\/store.microbiotech.dz\/index.php\/produit\/etuve-universelle-daihan\/","title":{"rendered":"Etuve universelle DAIHAN"},"content":{"rendered":"<p><a href=\"https:\/\/store.microbiotech.dz\/?s=etuve\" target=\"_blank\" rel=\"noopener\">Etuve<\/a> universelle DAIHAN <span class=\"_fadeIn_m1hgl_8\">con\u00e7ue <\/span><span class=\"_fadeIn_m1hgl_8\">pour <\/span><span class=\"_fadeIn_m1hgl_8\">le <\/span><span class=\"_fadeIn_m1hgl_8\">s\u00e9chage,<\/span><span class=\"_fadeIn_m1hgl_8\">\u00a0<\/span><span class=\"_fadeIn_m1hgl_8\">la <\/span><span class=\"_fadeIn_m1hgl_8\">polym\u00e9risation <\/span><span class=\"_fadeIn_m1hgl_8\">et <\/span><span class=\"_fadeIn_m1hgl_8\">les <\/span><span class=\"_fadeIn_m1hgl_8\">essais <\/span><span class=\"_fadeIn_m1hgl_8\">thermiques <\/span><span class=\"_fadeIn_m1hgl_8\">jusqu\u2019\u00e0 <\/span><span class=\"_fadeIn_m1hgl_8\">230\u202f\u00b0<\/span><span class=\"_fadeIn_m1hgl_8\">C. <\/span><span class=\"_fadeIn_m1hgl_8\">Elle <\/span><span class=\"_fadeIn_m1hgl_8\">offre <\/span><span class=\"_fadeIn_m1hgl_8\">un <\/span><span class=\"_fadeIn_m1hgl_8\">contr\u00f4le <\/span><span class=\"_fadeIn_m1hgl_8\">pr\u00e9cis <\/span><span class=\"_fadeIn_m1hgl_8\">gr\u00e2ce <\/span><span class=\"_fadeIn_m1hgl_8\">au <\/span><span class=\"_fadeIn_m1hgl_8\">syst\u00e8me <\/span><span class=\"_fadeIn_m1hgl_8\">brevet\u00e9 <\/span><span class=\"_fadeIn_m1hgl_8\">Jog-<\/span><span class=\"_fadeIn_m1hgl_8\">Shuttle <\/span><span class=\"_fadeIn_m1hgl_8\">et <\/span><span class=\"_fadeIn_m1hgl_8\">\u00e0 <\/span><span class=\"_fadeIn_m1hgl_8\">un <\/span><span class=\"_fadeIn_m1hgl_8\">r\u00e9gulateur <\/span><span class=\"_fadeIn_m1hgl_8\">num\u00e9rique <\/span><span class=\"_fadeIn_m1hgl_8\">\u00e0 <\/span><span class=\"_fadeIn_m1hgl_8\">logique <\/span><span class=\"_fadeIn_m1hgl_8\">floue <\/span><span class=\"_fadeIn_m1hgl_8\">avec <\/span><span class=\"_fadeIn_m1hgl_8\">\u00e9cran <\/span><span class=\"_fadeIn_m1hgl_8\">LCD <\/span><span class=\"_fadeIn_m1hgl_8\">r\u00e9tro\u00e9clair\u00e9. <\/span><span class=\"_fadeIn_m1hgl_8\">L\u2019air <\/span><span class=\"_fadeIn_m1hgl_8\">chaud <\/span><span class=\"_fadeIn_m1hgl_8\">circule <\/span><span class=\"_fadeIn_m1hgl_8\">par <\/span><span class=\"_fadeIn_m1hgl_8\">gravit\u00e9, <\/span><span class=\"_fadeIn_m1hgl_8\">assurant <\/span><span class=\"_fadeIn_m1hgl_8\">une <\/span><span class=\"_fadeIn_m1hgl_8\">r\u00e9partition <\/span><span class=\"_fadeIn_m1hgl_8\">homog\u00e8ne <\/span><span class=\"_fadeIn_m1hgl_8\">de <\/span><span class=\"_fadeIn_m1hgl_8\">la <\/span><span class=\"_fadeIn_m1hgl_8\">temp\u00e9rature. <\/span><span class=\"_fadeIn_m1hgl_8\">Ce <\/span><span class=\"_fadeIn_m1hgl_8\">mod\u00e8le poss\u00e8de<\/span><span class=\"_fadeIn_m1hgl_8\">\u00a0<\/span><span class=\"_fadeIn_m1hgl_8\">deux <\/span><span class=\"_fadeIn_m1hgl_8\">\u00e9tag\u00e8res <\/span><span class=\"_fadeIn_m1hgl_8\">en <\/span><span class=\"_fadeIn_m1hgl_8\">acier <\/span><span class=\"_fadeIn_m1hgl_8\">inoxydable <\/span><span class=\"_fadeIn_m1hgl_8\">et <\/span><span class=\"_fadeIn_m1hgl_8\">une <\/span><span class=\"_fadeIn_m1hgl_8\">isolation <\/span><span class=\"_fadeIn_m1hgl_8\">thermique <\/span><span class=\"_fadeIn_m1hgl_8\">efficace <\/span><span class=\"_fadeIn_m1hgl_8\">par <\/span><span class=\"_fadeIn_m1hgl_8\">joints <\/span><span class=\"_fadeIn_m1hgl_8\">en <\/span><span class=\"_fadeIn_m1hgl_8\">caoutchouc <\/span><span class=\"_fadeIn_m1hgl_8\">et <\/span><span class=\"_fadeIn_m1hgl_8\">couche <\/span><span class=\"_fadeIn_m1hgl_8\">d\u2019air. <\/span><\/p>\n<p><span class=\"_fadeIn_m1hgl_8\">La <\/span><span class=\"_fadeIn_m1hgl_8\">s\u00e9curit\u00e9 de l&rsquo;Etuve universelle <a href=\"https:\/\/www.daihanindonesia.com\/\" target=\"_blank\" rel=\"noopener\">DAIHAN<\/a> <\/span><span class=\"_fadeIn_m1hgl_8\">renforc\u00e9e <\/span><span class=\"_fadeIn_m1hgl_8\">par <\/span><span class=\"_fadeIn_m1hgl_8\">des <\/span><span class=\"_fadeIn_m1hgl_8\">protections <\/span><span class=\"_fadeIn_m1hgl_8\">contre <\/span><span class=\"_fadeIn_m1hgl_8\">la <\/span><span class=\"_fadeIn_m1hgl_8\">surchauffe, <\/span><span class=\"_fadeIn_m1hgl_8\">les <\/span><span class=\"_fadeIn_m1hgl_8\">erreurs <\/span><span class=\"_fadeIn_m1hgl_8\">de <\/span><span class=\"_fadeIn_m1hgl_8\">capteurs <\/span><span class=\"_fadeIn_m1hgl_8\">et <\/span><span class=\"_fadeIn_m1hgl_8\">les <\/span><span class=\"_fadeIn_m1hgl_8\">surtensions la rend<\/span><span class=\"_fadeIn_m1hgl_8\">\u00a0<\/span><span class=\"_fadeIn_m1hgl_8\">robuste et c<\/span><span class=\"_fadeIn_m1hgl_8\">ompacte.\u00a0<\/span><\/p>\n","protected":false},"excerpt":{"rendered":"<p>&nbsp;<\/p>\n<p>Marque : <strong>DAIHAN<\/strong> <img loading=\"lazy\" decoding=\"async\" class=\"alignnone wp-image-8632\" src=\"https:\/\/store.microbiotech.dz\/wp-content\/uploads\/2024\/04\/coree-sud-300x300.png\" alt=\"\" width=\"42\" height=\"42\" srcset=\"https:\/\/store.microbiotech.dz\/wp-content\/uploads\/2024\/04\/coree-sud-300x300.png 300w, https:\/\/store.microbiotech.dz\/wp-content\/uploads\/2024\/04\/coree-sud-150x150.png 150w, https:\/\/store.microbiotech.dz\/wp-content\/uploads\/2024\/04\/coree-sud-100x100.png 100w, https:\/\/store.microbiotech.dz\/wp-content\/uploads\/2024\/04\/coree-sud.png 512w\" sizes=\"auto, (max-width: 42px) 100vw, 42px\" \/><br \/>\nType de circulation d\u2019air : <strong>Par gravit\u00e9<\/strong><br \/>\nPlage de temp\u00e9rature : <strong>Temp\u00e9rature ambiante +5\u202f\u00b0C \u00e0 230\u202f\u00b0C<\/strong><br \/>\nPr\u00e9cision de temp\u00e9rature : <strong>\u00b10,5\u202f\u00b0C \u00e0 100\u202f\u00b0C (avec capteur PT100)<\/strong><br \/>\nUniformit\u00e9 de temp\u00e9rature : <strong>\u00b12,0\u202f\u00b0C \u00e0 100\u202f\u00b0C<\/strong><br \/>\nMinuterie &amp; Alarme : <strong>Jusqu\u2019\u00e0 99 h 59 min (avec affichage du code d\u2019erreur et signal sonore)<\/strong><br \/>\n\u00c9cran : <strong>LCD r\u00e9tro\u00e9clair\u00e9<\/strong><br \/>\nContr\u00f4leur :<strong> Digital Fuzzy avec bouton Jog-Shuttle (tourner &amp; appuyer)<\/strong><br \/>\n\u00c9tag\u00e8res :<strong> 2 \u00e9tag\u00e8res en acier inoxydable incluses (maximum 6 positions)<\/strong><br \/>\nCharge totale autoris\u00e9e :<strong> Jusqu\u2019\u00e0 32\u202fkg (16\u202fkg \u00d7 2 niveaux)<\/strong><br \/>\nTrou de ventilation :<strong> 2 trous (diam\u00e8tre 40 mm)<\/strong><br \/>\nS\u00e9curit\u00e9 : <strong>Protection contre surchauffe, surtension, erreur de capteur<\/strong><br \/>\nMat\u00e9riaux Int\u00e9rieur : <strong>acier inoxydable<\/strong><br \/>\nExt\u00e9rieur :<strong> t\u00f4le rev\u00eatue<\/strong><br \/>\nT\u00e9l\u00e9chargement :<br \/>\n<a href=\"https:\/\/store.microbiotech.dz\/wp-content\/uploads\/2025\/05\/WON05155.pdf\">Fiche technique WON05155<\/a><br \/>\n<a href=\"https:\/\/store.microbiotech.dz\/wp-content\/uploads\/2025\/05\/ETUVE-UNIVERSELLE-DAIHAN-SCIENTIFIC-SERIE-WON-1.pdf\">Fiche technique WON01032<\/a><\/p>\n","protected":false},"featured_media":14965,"comment_status":"open","ping_status":"closed","template":"","meta":{"site-sidebar-layout":"default","site-content-layout":"","ast-site-content-layout":"default","site-content-style":"default","site-sidebar-style":"default","ast-global-header-display":"","ast-banner-title-visibility":"","ast-main-header-display":"","ast-hfb-above-header-display":"","ast-hfb-below-header-display":"","ast-hfb-mobile-header-display":"","site-post-title":"","ast-breadcrumbs-content":"","ast-featured-img":"","footer-sml-layout":"","ast-disable-related-posts":"","theme-transparent-header-meta":"default","adv-header-id-meta":"","stick-header-meta":"","header-above-stick-meta":"","header-main-stick-meta":"","header-below-stick-meta":"","astra-migrate-meta-layouts":"set","ast-page-background-enabled":"default","ast-page-background-meta":{"desktop":{"background-color":"var(--ast-global-color-4)","background-image":"","background-repeat":"repeat","background-position":"center center","background-size":"auto","background-attachment":"scroll","background-type":"","background-media":"","overlay-type":"","overlay-color":"","overlay-opacity":"","overlay-gradient":""},"tablet":{"background-color":"","background-image":"","background-repeat":"repeat","background-position":"center center","background-size":"auto","background-attachment":"scroll","background-type":"","background-media":"","overlay-type":"","overlay-color":"","overlay-opacity":"","overlay-gradient":""},"mobile":{"background-color":"","background-image":"","background-repeat":"repeat","background-position":"center center","background-size":"auto","background-attachment":"scroll","background-type":"","background-media":"","overlay-type":"","overlay-color":"","overlay-opacity":"","overlay-gradient":""}},"ast-content-background-meta":{"desktop":{"background-color":"var(--ast-global-color-5)","background-image":"","background-repeat":"repeat","background-position":"center center","background-size":"auto","background-attachment":"scroll","background-type":"","background-media":"","overlay-type":"","overlay-color":"","overlay-opacity":"","overlay-gradient":""},"tablet":{"background-color":"var(--ast-global-color-5)","background-image":"","background-repeat":"repeat","background-position":"center center","background-size":"auto","background-attachment":"scroll","background-type":"","background-media":"","overlay-type":"","overlay-color":"","overlay-opacity":"","overlay-gradient":""},"mobile":{"background-color":"var(--ast-global-color-5)","background-image":"","background-repeat":"repeat","background-position":"center center","background-size":"auto","background-attachment":"scroll","background-type":"","background-media":"","overlay-type":"","overlay-color":"","overlay-opacity":"","overlay-gradient":""}},"jetpack_post_was_ever_published":false},"product_brand":[],"product_cat":[238],"product_tag":[2038,514,2983,2039,516,1364],"class_list":{"0":"post-14964","1":"product","2":"type-product","3":"status-publish","4":"has-post-thumbnail","6":"product_cat-equipements","7":"product_tag-daihan","8":"product_tag-etuve","9":"product_tag-etuve-universelle","10":"product_tag-f05","11":"product_tag-incubateur","12":"product_tag-incubation","13":"desktop-align-center","14":"tablet-align-left","15":"mobile-align-left","17":"first","18":"instock","19":"taxable","20":"shipping-taxable","21":"purchasable","22":"product-type-variable"},"yoast_head":"<!-- This site is optimized with the Yoast SEO plugin v27.4 - https:\/\/yoast.com\/product\/yoast-seo-wordpress\/ -->\n<title>Etuve universelle DAIHAN - La Boutique en ligne<\/title>\n<meta name=\"description\" content=\"L&#039;Etuve universelle DAIHAN repr\u00e9sente une solution fiable et performante pour tous les laboratoires. Commandez sur microbiotech.dz\" \/>\n<meta name=\"robots\" content=\"index, follow, max-snippet:-1, max-image-preview:large, max-video-preview:-1\" \/>\n<link rel=\"canonical\" href=\"https:\/\/store.microbiotech.dz\/index.php\/produit\/etuve-universelle-daihan\/\" \/>\n<meta property=\"og:locale\" content=\"fr_FR\" \/>\n<meta property=\"og:type\" content=\"article\" \/>\n<meta property=\"og:title\" content=\"Etuve universelle DAIHAN - La Boutique en ligne\" \/>\n<meta property=\"og:description\" content=\"L&#039;Etuve universelle DAIHAN repr\u00e9sente une solution fiable et performante pour tous les laboratoires. Commandez sur microbiotech.dz\" \/>\n<meta property=\"og:url\" content=\"https:\/\/store.microbiotech.dz\/index.php\/produit\/etuve-universelle-daihan\/\" \/>\n<meta property=\"og:site_name\" content=\"La Boutique en ligne\" \/>\n<meta property=\"article:publisher\" content=\"https:\/\/www.facebook.com\/MicroBiotech.dz\" \/>\n<meta property=\"article:modified_time\" content=\"2025-06-26T10:02:58+00:00\" \/>\n<meta property=\"og:image\" content=\"https:\/\/store.microbiotech.dz\/wp-content\/uploads\/2025\/05\/WON05155.webp\" \/>\n\t<meta property=\"og:image:width\" content=\"600\" \/>\n\t<meta property=\"og:image:height\" content=\"600\" \/>\n\t<meta property=\"og:image:type\" content=\"image\/webp\" \/>\n<meta name=\"twitter:card\" content=\"summary_large_image\" \/>\n<meta name=\"twitter:site\" content=\"@MicrobiotechD\" \/>\n<meta name=\"twitter:label1\" content=\"Dur\u00e9e de lecture estim\u00e9e\" \/>\n\t<meta name=\"twitter:data1\" content=\"1 minute\" \/>\n<script type=\"application\/ld+json\" class=\"yoast-schema-graph\">{\"@context\":\"https:\\\/\\\/schema.org\",\"@graph\":[{\"@type\":\"WebPage\",\"@id\":\"https:\\\/\\\/store.microbiotech.dz\\\/index.php\\\/produit\\\/etuve-universelle-daihan\\\/\",\"url\":\"https:\\\/\\\/store.microbiotech.dz\\\/index.php\\\/produit\\\/etuve-universelle-daihan\\\/\",\"name\":\"Etuve universelle DAIHAN - La Boutique en ligne\",\"isPartOf\":{\"@id\":\"https:\\\/\\\/store.microbiotech.dz\\\/#website\"},\"primaryImageOfPage\":{\"@id\":\"https:\\\/\\\/store.microbiotech.dz\\\/index.php\\\/produit\\\/etuve-universelle-daihan\\\/#primaryimage\"},\"image\":{\"@id\":\"https:\\\/\\\/store.microbiotech.dz\\\/index.php\\\/produit\\\/etuve-universelle-daihan\\\/#primaryimage\"},\"thumbnailUrl\":\"https:\\\/\\\/store.microbiotech.dz\\\/wp-content\\\/uploads\\\/2025\\\/05\\\/WON05155.webp\",\"datePublished\":\"2025-05-11T13:04:42+00:00\",\"dateModified\":\"2025-06-26T10:02:58+00:00\",\"description\":\"L'Etuve universelle DAIHAN repr\u00e9sente une solution fiable et performante pour tous les laboratoires. Commandez sur microbiotech.dz\",\"breadcrumb\":{\"@id\":\"https:\\\/\\\/store.microbiotech.dz\\\/index.php\\\/produit\\\/etuve-universelle-daihan\\\/#breadcrumb\"},\"inLanguage\":\"fr-FR\",\"potentialAction\":[{\"@type\":\"ReadAction\",\"target\":[\"https:\\\/\\\/store.microbiotech.dz\\\/index.php\\\/produit\\\/etuve-universelle-daihan\\\/\"]}]},{\"@type\":\"ImageObject\",\"inLanguage\":\"fr-FR\",\"@id\":\"https:\\\/\\\/store.microbiotech.dz\\\/index.php\\\/produit\\\/etuve-universelle-daihan\\\/#primaryimage\",\"url\":\"https:\\\/\\\/store.microbiotech.dz\\\/wp-content\\\/uploads\\\/2025\\\/05\\\/WON05155.webp\",\"contentUrl\":\"https:\\\/\\\/store.microbiotech.dz\\\/wp-content\\\/uploads\\\/2025\\\/05\\\/WON05155.webp\",\"width\":600,\"height\":600,\"caption\":\"Etuve universelle DAIHAN\"},{\"@type\":\"BreadcrumbList\",\"@id\":\"https:\\\/\\\/store.microbiotech.dz\\\/index.php\\\/produit\\\/etuve-universelle-daihan\\\/#breadcrumb\",\"itemListElement\":[{\"@type\":\"ListItem\",\"position\":1,\"name\":\"Accueil\",\"item\":\"https:\\\/\\\/store.microbiotech.dz\\\/\"},{\"@type\":\"ListItem\",\"position\":2,\"name\":\"Nos Produits\",\"item\":\"https:\\\/\\\/store.microbiotech.dz\\\/index.php\\\/nos-produits\\\/\"},{\"@type\":\"ListItem\",\"position\":3,\"name\":\"Etuve universelle DAIHAN\"}]},{\"@type\":\"WebSite\",\"@id\":\"https:\\\/\\\/store.microbiotech.dz\\\/#website\",\"url\":\"https:\\\/\\\/store.microbiotech.dz\\\/\",\"name\":\"La Boutique en ligne\",\"description\":\"Qualit\u00e9 - Rapidit\u00e9 - Tranquillit\u00e9\",\"publisher\":{\"@id\":\"https:\\\/\\\/store.microbiotech.dz\\\/#organization\"},\"potentialAction\":[{\"@type\":\"SearchAction\",\"target\":{\"@type\":\"EntryPoint\",\"urlTemplate\":\"https:\\\/\\\/store.microbiotech.dz\\\/?s={search_term_string}\"},\"query-input\":{\"@type\":\"PropertyValueSpecification\",\"valueRequired\":true,\"valueName\":\"search_term_string\"}}],\"inLanguage\":\"fr-FR\"},{\"@type\":\"Organization\",\"@id\":\"https:\\\/\\\/store.microbiotech.dz\\\/#organization\",\"name\":\"Microbiotech EURL\",\"url\":\"https:\\\/\\\/store.microbiotech.dz\\\/\",\"logo\":{\"@type\":\"ImageObject\",\"inLanguage\":\"fr-FR\",\"@id\":\"https:\\\/\\\/store.microbiotech.dz\\\/#\\\/schema\\\/logo\\\/image\\\/\",\"url\":\"https:\\\/\\\/store.microbiotech.dz\\\/wp-content\\\/uploads\\\/2021\\\/09\\\/cropped-logo-microbiotech-2.jpg\",\"contentUrl\":\"https:\\\/\\\/store.microbiotech.dz\\\/wp-content\\\/uploads\\\/2021\\\/09\\\/cropped-logo-microbiotech-2.jpg\",\"width\":815,\"height\":586,\"caption\":\"Microbiotech EURL\"},\"image\":{\"@id\":\"https:\\\/\\\/store.microbiotech.dz\\\/#\\\/schema\\\/logo\\\/image\\\/\"},\"sameAs\":[\"https:\\\/\\\/www.facebook.com\\\/MicroBiotech.dz\",\"https:\\\/\\\/x.com\\\/MicrobiotechD\",\"https:\\\/\\\/www.linkedin.com\\\/in\\\/microbiotech\\\/\",\"https:\\\/\\\/www.youtube.com\\\/channel\\\/UCTxc3VIiX7LXD2LQYfZEcDg\"]}]}<\/script>\n<!-- \/ Yoast SEO plugin. -->","yoast_head_json":{"title":"Etuve universelle DAIHAN - La Boutique en ligne","description":"L'Etuve universelle DAIHAN repr\u00e9sente une solution fiable et performante pour tous les laboratoires. Commandez sur microbiotech.dz","robots":{"index":"index","follow":"follow","max-snippet":"max-snippet:-1","max-image-preview":"max-image-preview:large","max-video-preview":"max-video-preview:-1"},"canonical":"https:\/\/store.microbiotech.dz\/index.php\/produit\/etuve-universelle-daihan\/","og_locale":"fr_FR","og_type":"article","og_title":"Etuve universelle DAIHAN - La Boutique en ligne","og_description":"L'Etuve universelle DAIHAN repr\u00e9sente une solution fiable et performante pour tous les laboratoires. Commandez sur microbiotech.dz","og_url":"https:\/\/store.microbiotech.dz\/index.php\/produit\/etuve-universelle-daihan\/","og_site_name":"La Boutique en ligne","article_publisher":"https:\/\/www.facebook.com\/MicroBiotech.dz","article_modified_time":"2025-06-26T10:02:58+00:00","og_image":[{"width":600,"height":600,"url":"https:\/\/store.microbiotech.dz\/wp-content\/uploads\/2025\/05\/WON05155.webp","type":"image\/webp"}],"twitter_card":"summary_large_image","twitter_site":"@MicrobiotechD","twitter_misc":{"Dur\u00e9e de lecture estim\u00e9e":"1 minute"},"schema":{"@context":"https:\/\/schema.org","@graph":[{"@type":"WebPage","@id":"https:\/\/store.microbiotech.dz\/index.php\/produit\/etuve-universelle-daihan\/","url":"https:\/\/store.microbiotech.dz\/index.php\/produit\/etuve-universelle-daihan\/","name":"Etuve universelle DAIHAN - La Boutique en ligne","isPartOf":{"@id":"https:\/\/store.microbiotech.dz\/#website"},"primaryImageOfPage":{"@id":"https:\/\/store.microbiotech.dz\/index.php\/produit\/etuve-universelle-daihan\/#primaryimage"},"image":{"@id":"https:\/\/store.microbiotech.dz\/index.php\/produit\/etuve-universelle-daihan\/#primaryimage"},"thumbnailUrl":"https:\/\/store.microbiotech.dz\/wp-content\/uploads\/2025\/05\/WON05155.webp","datePublished":"2025-05-11T13:04:42+00:00","dateModified":"2025-06-26T10:02:58+00:00","description":"L'Etuve universelle DAIHAN repr\u00e9sente une solution fiable et performante pour tous les laboratoires. Commandez sur microbiotech.dz","breadcrumb":{"@id":"https:\/\/store.microbiotech.dz\/index.php\/produit\/etuve-universelle-daihan\/#breadcrumb"},"inLanguage":"fr-FR","potentialAction":[{"@type":"ReadAction","target":["https:\/\/store.microbiotech.dz\/index.php\/produit\/etuve-universelle-daihan\/"]}]},{"@type":"ImageObject","inLanguage":"fr-FR","@id":"https:\/\/store.microbiotech.dz\/index.php\/produit\/etuve-universelle-daihan\/#primaryimage","url":"https:\/\/store.microbiotech.dz\/wp-content\/uploads\/2025\/05\/WON05155.webp","contentUrl":"https:\/\/store.microbiotech.dz\/wp-content\/uploads\/2025\/05\/WON05155.webp","width":600,"height":600,"caption":"Etuve universelle DAIHAN"},{"@type":"BreadcrumbList","@id":"https:\/\/store.microbiotech.dz\/index.php\/produit\/etuve-universelle-daihan\/#breadcrumb","itemListElement":[{"@type":"ListItem","position":1,"name":"Accueil","item":"https:\/\/store.microbiotech.dz\/"},{"@type":"ListItem","position":2,"name":"Nos Produits","item":"https:\/\/store.microbiotech.dz\/index.php\/nos-produits\/"},{"@type":"ListItem","position":3,"name":"Etuve universelle DAIHAN"}]},{"@type":"WebSite","@id":"https:\/\/store.microbiotech.dz\/#website","url":"https:\/\/store.microbiotech.dz\/","name":"La Boutique en ligne","description":"Qualit\u00e9 - Rapidit\u00e9 - Tranquillit\u00e9","publisher":{"@id":"https:\/\/store.microbiotech.dz\/#organization"},"potentialAction":[{"@type":"SearchAction","target":{"@type":"EntryPoint","urlTemplate":"https:\/\/store.microbiotech.dz\/?s={search_term_string}"},"query-input":{"@type":"PropertyValueSpecification","valueRequired":true,"valueName":"search_term_string"}}],"inLanguage":"fr-FR"},{"@type":"Organization","@id":"https:\/\/store.microbiotech.dz\/#organization","name":"Microbiotech EURL","url":"https:\/\/store.microbiotech.dz\/","logo":{"@type":"ImageObject","inLanguage":"fr-FR","@id":"https:\/\/store.microbiotech.dz\/#\/schema\/logo\/image\/","url":"https:\/\/store.microbiotech.dz\/wp-content\/uploads\/2021\/09\/cropped-logo-microbiotech-2.jpg","contentUrl":"https:\/\/store.microbiotech.dz\/wp-content\/uploads\/2021\/09\/cropped-logo-microbiotech-2.jpg","width":815,"height":586,"caption":"Microbiotech EURL"},"image":{"@id":"https:\/\/store.microbiotech.dz\/#\/schema\/logo\/image\/"},"sameAs":["https:\/\/www.facebook.com\/MicroBiotech.dz","https:\/\/x.com\/MicrobiotechD","https:\/\/www.linkedin.com\/in\/microbiotech\/","https:\/\/www.youtube.com\/channel\/UCTxc3VIiX7LXD2LQYfZEcDg"]}]}},"jetpack_sharing_enabled":true,"_links":{"self":[{"href":"https:\/\/store.microbiotech.dz\/index.php\/wp-json\/wp\/v2\/product\/14964","targetHints":{"allow":["GET"]}}],"collection":[{"href":"https:\/\/store.microbiotech.dz\/index.php\/wp-json\/wp\/v2\/product"}],"about":[{"href":"https:\/\/store.microbiotech.dz\/index.php\/wp-json\/wp\/v2\/types\/product"}],"replies":[{"embeddable":true,"href":"https:\/\/store.microbiotech.dz\/index.php\/wp-json\/wp\/v2\/comments?post=14964"}],"wp:featuredmedia":[{"embeddable":true,"href":"https:\/\/store.microbiotech.dz\/index.php\/wp-json\/wp\/v2\/media\/14965"}],"wp:attachment":[{"href":"https:\/\/store.microbiotech.dz\/index.php\/wp-json\/wp\/v2\/media?parent=14964"}],"wp:term":[{"taxonomy":"product_brand","embeddable":true,"href":"https:\/\/store.microbiotech.dz\/index.php\/wp-json\/wp\/v2\/product_brand?post=14964"},{"taxonomy":"product_cat","embeddable":true,"href":"https:\/\/store.microbiotech.dz\/index.php\/wp-json\/wp\/v2\/product_cat?post=14964"},{"taxonomy":"product_tag","embeddable":true,"href":"https:\/\/store.microbiotech.dz\/index.php\/wp-json\/wp\/v2\/product_tag?post=14964"}],"curies":[{"name":"wp","href":"https:\/\/api.w.org\/{rel}","templated":true}]}}