{"id":14880,"date":"2025-05-06T13:22:47","date_gmt":"2025-05-06T12:22:47","guid":{"rendered":"https:\/\/store.microbiotech.dz\/?post_type=product&#038;p=14880"},"modified":"2025-05-08T13:25:01","modified_gmt":"2025-05-08T12:25:01","slug":"ph-metre-multiparametre-de-paillasse-biobase","status":"publish","type":"product","link":"https:\/\/store.microbiotech.dz\/index.php\/produit\/ph-metre-multiparametre-de-paillasse-biobase\/","title":{"rendered":"pH m\u00e8tre multiparam\u00e8tre de paillasse BIOBASE"},"content":{"rendered":"<p>Le <a href=\"https:\/\/store.microbiotech.dz\/?s=ph+metre\" target=\"_blank\" rel=\"noopener\">pH m\u00e8tre<\/a> multiparam\u00e8tre de paillasse BIOBASE, assure une analyse compl\u00e8te et pr\u00e9cise de la qualit\u00e9 de l\u2019eau dans les laboratoires, les centres de recherche et les environnements industriels. Son grand \u00e9cran LCD de 6,5 pouces r\u00e9tro\u00e9clair\u00e9 affiche clairement les donn\u00e9es. L\u2019appareil mesure le pH, l\u2019ORP, la concentration ionique, la conductivit\u00e9, la salinit\u00e9, la r\u00e9sistivit\u00e9, les TDS et l\u2019oxyg\u00e8ne dissous.<\/p>\n<p>Le pH m\u00e8tre multiparam\u00e8tre de paillasse <a href=\"https:\/\/www.biobase.cc\/\" target=\"_blank\" rel=\"noopener\">BIOBASE<\/a> propose un \u00e9talonnage flexible, une compensation automatique de la temp\u00e9rature, des unit\u00e9s personnalisables et une m\u00e9moire capable d\u2019enregistrer jusqu\u2019\u00e0 500 jeux de donn\u00e9es. L\u2019interface USB facilite le transfert et le suivi des mesures. Ce mod\u00e8le allie pr\u00e9cision, polyvalence et confort d\u2019utilisation pour un contr\u00f4le rigoureux de l\u2019eau.<\/p>\n","protected":false},"excerpt":{"rendered":"<p>&nbsp;<\/p>\n<p>Marque :\u00a0<strong>Biobase<\/strong>\u00a0<img loading=\"lazy\" decoding=\"async\" class=\"alignnone wp-image-1795\" src=\"https:\/\/store.microbiotech.dz\/wp-content\/uploads\/2022\/04\/China-Flag.png\" sizes=\"auto, (max-width: 32px) 100vw, 32px\" srcset=\"https:\/\/store.microbiotech.dz\/wp-content\/uploads\/2022\/04\/China-Flag.png 224w, https:\/\/store.microbiotech.dz\/wp-content\/uploads\/2022\/04\/China-Flag-150x150.png 150w, https:\/\/store.microbiotech.dz\/wp-content\/uploads\/2022\/04\/China-Flag-100x100.png 100w\" alt=\"\" width=\"32\" height=\"32\" \/><br \/>\npH Gamme : <strong>-2.000~20.000pH<\/strong><br \/>\nR\u00e9solution : <strong>0,001, 0,01, 0,1pH, s\u00e9lectionnable<\/strong><br \/>\nPr\u00e9cision : <strong>\u00b1 0,002 pH<\/strong><br \/>\nORP (facultatif) Gamme : <strong>\u00b11999,9 mV<\/strong><br \/>\nlon (facultatif) Gamme : <strong>0,001-19999 (selon la plage d&rsquo;ISE)<\/strong><br \/>\nConductivit\u00e9 Gamme : <strong>0,1 \u00e0 2 \u03bcS\/cm (CON-0,1, en option) ; 2 \u00e0 20 mS\/cm (CON-1, standard) ; 20 \u00e0 200 mS\/cm (CON-10, en option)<\/strong><br \/>\nTDS Gamme : <strong>0~10,00, 100,0, 1000 ppm, 10,00, 200,0 ppt<\/strong><br \/>\nSalinit\u00e9 Gamme : <strong>0,00 \u00e0 42,00 psu, 0,00 \u00e0 80,00 ppt<\/strong><br \/>\nR\u00e9sistivit\u00e9 Gamme : <strong>0,00 \u00e0 20,00 M\u03a9<\/strong><br \/>\nT\u00e9l\u00e9chargement : <a href=\"https:\/\/store.microbiotech.dz\/wp-content\/uploads\/2025\/05\/FT-PH-900.pdf\">FT PH-900<\/a><\/p>\n","protected":false},"featured_media":14944,"comment_status":"open","ping_status":"closed","template":"","meta":{"site-sidebar-layout":"default","site-content-layout":"default","ast-site-content-layout":"default","site-content-style":"default","site-sidebar-style":"default","ast-global-header-display":"","ast-banner-title-visibility":"","ast-main-header-display":"","ast-hfb-above-header-display":"","ast-hfb-below-header-display":"","ast-hfb-mobile-header-display":"","site-post-title":"","ast-breadcrumbs-content":"","ast-featured-img":"","footer-sml-layout":"","ast-disable-related-posts":"","theme-transparent-header-meta":"default","adv-header-id-meta":"","stick-header-meta":"","header-above-stick-meta":"","header-main-stick-meta":"","header-below-stick-meta":"","astra-migrate-meta-layouts":"set","ast-page-background-enabled":"default","ast-page-background-meta":{"desktop":{"background-color":"var(--ast-global-color-4)","background-image":"","background-repeat":"repeat","background-position":"center center","background-size":"auto","background-attachment":"scroll","background-type":"","background-media":"","overlay-type":"","overlay-color":"","overlay-opacity":"","overlay-gradient":""},"tablet":{"background-color":"","background-image":"","background-repeat":"repeat","background-position":"center center","background-size":"auto","background-attachment":"scroll","background-type":"","background-media":"","overlay-type":"","overlay-color":"","overlay-opacity":"","overlay-gradient":""},"mobile":{"background-color":"","background-image":"","background-repeat":"repeat","background-position":"center center","background-size":"auto","background-attachment":"scroll","background-type":"","background-media":"","overlay-type":"","overlay-color":"","overlay-opacity":"","overlay-gradient":""}},"ast-content-background-meta":{"desktop":{"background-color":"var(--ast-global-color-5)","background-image":"","background-repeat":"repeat","background-position":"center center","background-size":"auto","background-attachment":"scroll","background-type":"","background-media":"","overlay-type":"","overlay-color":"","overlay-opacity":"","overlay-gradient":""},"tablet":{"background-color":"var(--ast-global-color-5)","background-image":"","background-repeat":"repeat","background-position":"center center","background-size":"auto","background-attachment":"scroll","background-type":"","background-media":"","overlay-type":"","overlay-color":"","overlay-opacity":"","overlay-gradient":""},"mobile":{"background-color":"var(--ast-global-color-5)","background-image":"","background-repeat":"repeat","background-position":"center center","background-size":"auto","background-attachment":"scroll","background-type":"","background-media":"","overlay-type":"","overlay-color":"","overlay-opacity":"","overlay-gradient":""}},"jetpack_post_was_ever_published":false},"product_brand":[],"product_cat":[238],"product_tag":[1919,930,1231,546,1327,547],"class_list":{"0":"post-14880","1":"product","2":"type-product","3":"status-publish","4":"has-post-thumbnail","6":"product_cat-equipements","7":"product_tag-biobase","8":"product_tag-f90","9":"product_tag-multiparametre","10":"product_tag-ph","11":"product_tag-ph-metre-de-paillasse","12":"product_tag-ph-metre","13":"product_shipping_class-temperature-ambiante","14":"desktop-align-center","15":"tablet-align-left","16":"mobile-align-left","18":"first","19":"instock","20":"taxable","21":"shipping-taxable","22":"purchasable","23":"product-type-simple"},"yoast_head":"<!-- This site is optimized with the Yoast SEO plugin v27.5 - https:\/\/yoast.com\/product\/yoast-seo-wordpress\/ -->\n<title>pH m\u00e8tre multiparam\u00e8tre de paillasse BIOBASE - La Boutique en ligne<\/title>\n<meta name=\"description\" content=\"pH m\u00e8tre multiparam\u00e8tre de paillasse BIOBASE fiable pour la mesure du pH avec une haute qualit\u00e9 et bon prix. Commandez avant rupture de stock !\" \/>\n<meta name=\"robots\" content=\"index, follow, max-snippet:-1, max-image-preview:large, max-video-preview:-1\" \/>\n<link rel=\"canonical\" href=\"https:\/\/store.microbiotech.dz\/index.php\/produit\/ph-metre-multiparametre-de-paillasse-biobase\/\" \/>\n<meta property=\"og:locale\" content=\"fr_FR\" \/>\n<meta property=\"og:type\" content=\"article\" \/>\n<meta property=\"og:title\" content=\"pH m\u00e8tre multiparam\u00e8tre de paillasse BIOBASE - La Boutique en ligne\" \/>\n<meta property=\"og:description\" content=\"pH m\u00e8tre multiparam\u00e8tre de paillasse BIOBASE fiable pour la mesure du pH avec une haute qualit\u00e9 et bon prix. Commandez avant rupture de stock !\" \/>\n<meta property=\"og:url\" content=\"https:\/\/store.microbiotech.dz\/index.php\/produit\/ph-metre-multiparametre-de-paillasse-biobase\/\" \/>\n<meta property=\"og:site_name\" content=\"La Boutique en ligne\" \/>\n<meta property=\"article:publisher\" content=\"https:\/\/www.facebook.com\/MicroBiotech.dz\" \/>\n<meta property=\"article:modified_time\" content=\"2025-05-08T12:25:01+00:00\" \/>\n<meta property=\"og:image\" content=\"https:\/\/store.microbiotech.dz\/wp-content\/uploads\/2025\/05\/ph-600-2.webp\" \/>\n\t<meta property=\"og:image:width\" content=\"600\" \/>\n\t<meta property=\"og:image:height\" content=\"600\" \/>\n\t<meta property=\"og:image:type\" content=\"image\/webp\" \/>\n<meta name=\"twitter:card\" content=\"summary_large_image\" \/>\n<meta name=\"twitter:site\" content=\"@MicrobiotechD\" \/>\n<meta name=\"twitter:label1\" content=\"Dur\u00e9e de lecture estim\u00e9e\" \/>\n\t<meta name=\"twitter:data1\" content=\"1 minute\" \/>\n<script type=\"application\/ld+json\" class=\"yoast-schema-graph\">{\"@context\":\"https:\\\/\\\/schema.org\",\"@graph\":[{\"@type\":\"WebPage\",\"@id\":\"https:\\\/\\\/store.microbiotech.dz\\\/index.php\\\/produit\\\/ph-metre-multiparametre-de-paillasse-biobase\\\/\",\"url\":\"https:\\\/\\\/store.microbiotech.dz\\\/index.php\\\/produit\\\/ph-metre-multiparametre-de-paillasse-biobase\\\/\",\"name\":\"pH m\u00e8tre multiparam\u00e8tre de paillasse BIOBASE - La Boutique en ligne\",\"isPartOf\":{\"@id\":\"https:\\\/\\\/store.microbiotech.dz\\\/#website\"},\"primaryImageOfPage\":{\"@id\":\"https:\\\/\\\/store.microbiotech.dz\\\/index.php\\\/produit\\\/ph-metre-multiparametre-de-paillasse-biobase\\\/#primaryimage\"},\"image\":{\"@id\":\"https:\\\/\\\/store.microbiotech.dz\\\/index.php\\\/produit\\\/ph-metre-multiparametre-de-paillasse-biobase\\\/#primaryimage\"},\"thumbnailUrl\":\"https:\\\/\\\/store.microbiotech.dz\\\/wp-content\\\/uploads\\\/2025\\\/05\\\/ph-600-2.webp\",\"datePublished\":\"2025-05-06T12:22:47+00:00\",\"dateModified\":\"2025-05-08T12:25:01+00:00\",\"description\":\"pH m\u00e8tre multiparam\u00e8tre de paillasse BIOBASE fiable pour la mesure du pH avec une haute qualit\u00e9 et bon prix. Commandez avant rupture de stock !\",\"breadcrumb\":{\"@id\":\"https:\\\/\\\/store.microbiotech.dz\\\/index.php\\\/produit\\\/ph-metre-multiparametre-de-paillasse-biobase\\\/#breadcrumb\"},\"inLanguage\":\"fr-FR\",\"potentialAction\":[{\"@type\":\"ReadAction\",\"target\":[\"https:\\\/\\\/store.microbiotech.dz\\\/index.php\\\/produit\\\/ph-metre-multiparametre-de-paillasse-biobase\\\/\"]}]},{\"@type\":\"ImageObject\",\"inLanguage\":\"fr-FR\",\"@id\":\"https:\\\/\\\/store.microbiotech.dz\\\/index.php\\\/produit\\\/ph-metre-multiparametre-de-paillasse-biobase\\\/#primaryimage\",\"url\":\"https:\\\/\\\/store.microbiotech.dz\\\/wp-content\\\/uploads\\\/2025\\\/05\\\/ph-600-2.webp\",\"contentUrl\":\"https:\\\/\\\/store.microbiotech.dz\\\/wp-content\\\/uploads\\\/2025\\\/05\\\/ph-600-2.webp\",\"width\":600,\"height\":600,\"caption\":\"pH m\u00e8tre multiparam\u00e8tre de paillasse BIOBASE\"},{\"@type\":\"BreadcrumbList\",\"@id\":\"https:\\\/\\\/store.microbiotech.dz\\\/index.php\\\/produit\\\/ph-metre-multiparametre-de-paillasse-biobase\\\/#breadcrumb\",\"itemListElement\":[{\"@type\":\"ListItem\",\"position\":1,\"name\":\"Accueil\",\"item\":\"https:\\\/\\\/store.microbiotech.dz\\\/\"},{\"@type\":\"ListItem\",\"position\":2,\"name\":\"Nos Produits\",\"item\":\"https:\\\/\\\/store.microbiotech.dz\\\/index.php\\\/nos-produits\\\/\"},{\"@type\":\"ListItem\",\"position\":3,\"name\":\"pH m\u00e8tre multiparam\u00e8tre de paillasse BIOBASE\"}]},{\"@type\":\"WebSite\",\"@id\":\"https:\\\/\\\/store.microbiotech.dz\\\/#website\",\"url\":\"https:\\\/\\\/store.microbiotech.dz\\\/\",\"name\":\"La Boutique en ligne\",\"description\":\"Qualit\u00e9 - Rapidit\u00e9 - Tranquillit\u00e9\",\"publisher\":{\"@id\":\"https:\\\/\\\/store.microbiotech.dz\\\/#organization\"},\"potentialAction\":[{\"@type\":\"SearchAction\",\"target\":{\"@type\":\"EntryPoint\",\"urlTemplate\":\"https:\\\/\\\/store.microbiotech.dz\\\/?s={search_term_string}\"},\"query-input\":{\"@type\":\"PropertyValueSpecification\",\"valueRequired\":true,\"valueName\":\"search_term_string\"}}],\"inLanguage\":\"fr-FR\"},{\"@type\":\"Organization\",\"@id\":\"https:\\\/\\\/store.microbiotech.dz\\\/#organization\",\"name\":\"Microbiotech EURL\",\"url\":\"https:\\\/\\\/store.microbiotech.dz\\\/\",\"logo\":{\"@type\":\"ImageObject\",\"inLanguage\":\"fr-FR\",\"@id\":\"https:\\\/\\\/store.microbiotech.dz\\\/#\\\/schema\\\/logo\\\/image\\\/\",\"url\":\"https:\\\/\\\/store.microbiotech.dz\\\/wp-content\\\/uploads\\\/2021\\\/09\\\/cropped-logo-microbiotech-2.jpg\",\"contentUrl\":\"https:\\\/\\\/store.microbiotech.dz\\\/wp-content\\\/uploads\\\/2021\\\/09\\\/cropped-logo-microbiotech-2.jpg\",\"width\":815,\"height\":586,\"caption\":\"Microbiotech EURL\"},\"image\":{\"@id\":\"https:\\\/\\\/store.microbiotech.dz\\\/#\\\/schema\\\/logo\\\/image\\\/\"},\"sameAs\":[\"https:\\\/\\\/www.facebook.com\\\/MicroBiotech.dz\",\"https:\\\/\\\/x.com\\\/MicrobiotechD\",\"https:\\\/\\\/www.linkedin.com\\\/in\\\/microbiotech\\\/\",\"https:\\\/\\\/www.youtube.com\\\/channel\\\/UCTxc3VIiX7LXD2LQYfZEcDg\"]}]}<\/script>\n<!-- \/ Yoast SEO plugin. -->","yoast_head_json":{"title":"pH m\u00e8tre multiparam\u00e8tre de paillasse BIOBASE - La Boutique en ligne","description":"pH m\u00e8tre multiparam\u00e8tre de paillasse BIOBASE fiable pour la mesure du pH avec une haute qualit\u00e9 et bon prix. Commandez avant rupture de stock !","robots":{"index":"index","follow":"follow","max-snippet":"max-snippet:-1","max-image-preview":"max-image-preview:large","max-video-preview":"max-video-preview:-1"},"canonical":"https:\/\/store.microbiotech.dz\/index.php\/produit\/ph-metre-multiparametre-de-paillasse-biobase\/","og_locale":"fr_FR","og_type":"article","og_title":"pH m\u00e8tre multiparam\u00e8tre de paillasse BIOBASE - La Boutique en ligne","og_description":"pH m\u00e8tre multiparam\u00e8tre de paillasse BIOBASE fiable pour la mesure du pH avec une haute qualit\u00e9 et bon prix. Commandez avant rupture de stock !","og_url":"https:\/\/store.microbiotech.dz\/index.php\/produit\/ph-metre-multiparametre-de-paillasse-biobase\/","og_site_name":"La Boutique en ligne","article_publisher":"https:\/\/www.facebook.com\/MicroBiotech.dz","article_modified_time":"2025-05-08T12:25:01+00:00","og_image":[{"width":600,"height":600,"url":"https:\/\/store.microbiotech.dz\/wp-content\/uploads\/2025\/05\/ph-600-2.webp","type":"image\/webp"}],"twitter_card":"summary_large_image","twitter_site":"@MicrobiotechD","twitter_misc":{"Dur\u00e9e de lecture estim\u00e9e":"1 minute"},"schema":{"@context":"https:\/\/schema.org","@graph":[{"@type":"WebPage","@id":"https:\/\/store.microbiotech.dz\/index.php\/produit\/ph-metre-multiparametre-de-paillasse-biobase\/","url":"https:\/\/store.microbiotech.dz\/index.php\/produit\/ph-metre-multiparametre-de-paillasse-biobase\/","name":"pH m\u00e8tre multiparam\u00e8tre de paillasse BIOBASE - La Boutique en ligne","isPartOf":{"@id":"https:\/\/store.microbiotech.dz\/#website"},"primaryImageOfPage":{"@id":"https:\/\/store.microbiotech.dz\/index.php\/produit\/ph-metre-multiparametre-de-paillasse-biobase\/#primaryimage"},"image":{"@id":"https:\/\/store.microbiotech.dz\/index.php\/produit\/ph-metre-multiparametre-de-paillasse-biobase\/#primaryimage"},"thumbnailUrl":"https:\/\/store.microbiotech.dz\/wp-content\/uploads\/2025\/05\/ph-600-2.webp","datePublished":"2025-05-06T12:22:47+00:00","dateModified":"2025-05-08T12:25:01+00:00","description":"pH m\u00e8tre multiparam\u00e8tre de paillasse BIOBASE fiable pour la mesure du pH avec une haute qualit\u00e9 et bon prix. Commandez avant rupture de stock !","breadcrumb":{"@id":"https:\/\/store.microbiotech.dz\/index.php\/produit\/ph-metre-multiparametre-de-paillasse-biobase\/#breadcrumb"},"inLanguage":"fr-FR","potentialAction":[{"@type":"ReadAction","target":["https:\/\/store.microbiotech.dz\/index.php\/produit\/ph-metre-multiparametre-de-paillasse-biobase\/"]}]},{"@type":"ImageObject","inLanguage":"fr-FR","@id":"https:\/\/store.microbiotech.dz\/index.php\/produit\/ph-metre-multiparametre-de-paillasse-biobase\/#primaryimage","url":"https:\/\/store.microbiotech.dz\/wp-content\/uploads\/2025\/05\/ph-600-2.webp","contentUrl":"https:\/\/store.microbiotech.dz\/wp-content\/uploads\/2025\/05\/ph-600-2.webp","width":600,"height":600,"caption":"pH m\u00e8tre multiparam\u00e8tre de paillasse BIOBASE"},{"@type":"BreadcrumbList","@id":"https:\/\/store.microbiotech.dz\/index.php\/produit\/ph-metre-multiparametre-de-paillasse-biobase\/#breadcrumb","itemListElement":[{"@type":"ListItem","position":1,"name":"Accueil","item":"https:\/\/store.microbiotech.dz\/"},{"@type":"ListItem","position":2,"name":"Nos Produits","item":"https:\/\/store.microbiotech.dz\/index.php\/nos-produits\/"},{"@type":"ListItem","position":3,"name":"pH m\u00e8tre multiparam\u00e8tre de paillasse BIOBASE"}]},{"@type":"WebSite","@id":"https:\/\/store.microbiotech.dz\/#website","url":"https:\/\/store.microbiotech.dz\/","name":"La Boutique en ligne","description":"Qualit\u00e9 - Rapidit\u00e9 - Tranquillit\u00e9","publisher":{"@id":"https:\/\/store.microbiotech.dz\/#organization"},"potentialAction":[{"@type":"SearchAction","target":{"@type":"EntryPoint","urlTemplate":"https:\/\/store.microbiotech.dz\/?s={search_term_string}"},"query-input":{"@type":"PropertyValueSpecification","valueRequired":true,"valueName":"search_term_string"}}],"inLanguage":"fr-FR"},{"@type":"Organization","@id":"https:\/\/store.microbiotech.dz\/#organization","name":"Microbiotech EURL","url":"https:\/\/store.microbiotech.dz\/","logo":{"@type":"ImageObject","inLanguage":"fr-FR","@id":"https:\/\/store.microbiotech.dz\/#\/schema\/logo\/image\/","url":"https:\/\/store.microbiotech.dz\/wp-content\/uploads\/2021\/09\/cropped-logo-microbiotech-2.jpg","contentUrl":"https:\/\/store.microbiotech.dz\/wp-content\/uploads\/2021\/09\/cropped-logo-microbiotech-2.jpg","width":815,"height":586,"caption":"Microbiotech EURL"},"image":{"@id":"https:\/\/store.microbiotech.dz\/#\/schema\/logo\/image\/"},"sameAs":["https:\/\/www.facebook.com\/MicroBiotech.dz","https:\/\/x.com\/MicrobiotechD","https:\/\/www.linkedin.com\/in\/microbiotech\/","https:\/\/www.youtube.com\/channel\/UCTxc3VIiX7LXD2LQYfZEcDg"]}]}},"jetpack_sharing_enabled":true,"_links":{"self":[{"href":"https:\/\/store.microbiotech.dz\/index.php\/wp-json\/wp\/v2\/product\/14880","targetHints":{"allow":["GET"]}}],"collection":[{"href":"https:\/\/store.microbiotech.dz\/index.php\/wp-json\/wp\/v2\/product"}],"about":[{"href":"https:\/\/store.microbiotech.dz\/index.php\/wp-json\/wp\/v2\/types\/product"}],"replies":[{"embeddable":true,"href":"https:\/\/store.microbiotech.dz\/index.php\/wp-json\/wp\/v2\/comments?post=14880"}],"wp:featuredmedia":[{"embeddable":true,"href":"https:\/\/store.microbiotech.dz\/index.php\/wp-json\/wp\/v2\/media\/14944"}],"wp:attachment":[{"href":"https:\/\/store.microbiotech.dz\/index.php\/wp-json\/wp\/v2\/media?parent=14880"}],"wp:term":[{"taxonomy":"product_brand","embeddable":true,"href":"https:\/\/store.microbiotech.dz\/index.php\/wp-json\/wp\/v2\/product_brand?post=14880"},{"taxonomy":"product_cat","embeddable":true,"href":"https:\/\/store.microbiotech.dz\/index.php\/wp-json\/wp\/v2\/product_cat?post=14880"},{"taxonomy":"product_tag","embeddable":true,"href":"https:\/\/store.microbiotech.dz\/index.php\/wp-json\/wp\/v2\/product_tag?post=14880"}],"curies":[{"name":"wp","href":"https:\/\/api.w.org\/{rel}","templated":true}]}}