{"id":14710,"date":"2025-04-24T11:55:04","date_gmt":"2025-04-24T10:55:04","guid":{"rendered":"https:\/\/store.microbiotech.dz\/?post_type=product&#038;p=14710"},"modified":"2025-05-06T15:29:11","modified_gmt":"2025-05-06T14:29:11","slug":"thermocycleur-pcr-en-temps-reel-zybio","status":"publish","type":"product","link":"https:\/\/store.microbiotech.dz\/index.php\/produit\/thermocycleur-pcr-en-temps-reel-zybio\/","title":{"rendered":"Thermocycleur PCR en temps r\u00e9el ZYBIO"},"content":{"rendered":"<p>Le Thermocycleur <a href=\"https:\/\/store.microbiotech.dz\/?s=pcr\" target=\"_blank\" rel=\"noopener\">PCR<\/a> en temps r\u00e9el <a href=\"https:\/\/www.zybio.com\/\" target=\"_blank\" rel=\"noopener\">ZYBIO<\/a> permet d\u2019effectuer des analyses rapides et pr\u00e9cises des acides nucl\u00e9iques en seulement 35 minutes avec le kit de d\u00e9tection rapide Zybio. Il comprend deux modules thermiques ind\u00e9pendants de 8 puits, permettant d\u2019ex\u00e9cuter deux programmes simultan\u00e9ment pour s\u2019adapter \u00e0 plusieurs types d\u2019analyses : d\u00e9tection d\u2019agents pathog\u00e8nes, g\u00e9notypage, th\u00e9rapie g\u00e9nique ou expression g\u00e9nique. Ce syst\u00e8me int\u00e8gre quatre canaux fluorescents (FAM, VIC\/HEX, ROX, CY5) pour une d\u00e9tection multiparam\u00e9trique. Son fonctionnement repose sur la technologie qPCR de nouvelle g\u00e9n\u00e9ration avec amplification<em> in vitro<\/em> et d\u00e9tection en temps r\u00e9el par fluorescence. Le Thermocycleur PCR en temps r\u00e9el ZYBIO offre ainsi une solution performante, rapide et flexible pour les laboratoires de biologie mol\u00e9culaire.<\/p>\n","protected":false},"excerpt":{"rendered":"<p>&nbsp;<\/p>\n<p>Marque : <strong>Zybio<\/strong> <img loading=\"lazy\" decoding=\"async\" class=\"alignnone wp-image-1795 ls-is-cached lazyloaded\" src=\"https:\/\/store.microbiotech.dz\/wp-content\/uploads\/2022\/04\/China-Flag.png\" sizes=\"auto, (max-width: 35px) 100vw, 35px\" srcset=\"https:\/\/store.microbiotech.dz\/wp-content\/uploads\/2022\/04\/China-Flag.png 224w, https:\/\/store.microbiotech.dz\/wp-content\/uploads\/2022\/04\/China-Flag-150x150.png 150w, https:\/\/store.microbiotech.dz\/wp-content\/uploads\/2022\/04\/China-Flag-100x100.png 100w\" alt=\"\" width=\"35\" height=\"35\" data-srcset=\"https:\/\/store.microbiotech.dz\/wp-content\/uploads\/2022\/04\/China-Flag.png 224w, https:\/\/store.microbiotech.dz\/wp-content\/uploads\/2022\/04\/China-Flag-150x150.png 150w, https:\/\/store.microbiotech.dz\/wp-content\/uploads\/2022\/04\/China-Flag-100x100.png 100w\" data-src=\"https:\/\/store.microbiotech.dz\/wp-content\/uploads\/2022\/04\/China-Flag.png\" data-sizes=\"(max-width: 35px) 100vw, 35px\" \/><br \/>\nD\u00e9bit : <strong>16 tests par s\u00e9rie (2 \u00d7 8 puits)<\/strong><br \/>\nVolume de r\u00e9action : <strong>15-100 \u03bcL<\/strong><br \/>\nCanal fluorescent : <strong>FAM\/SYBR Vert I ; VIC\/HEX\/JOE\/TET ; ROX\/ Texas Rouge ; CY5<\/strong><br \/>\nTaux de chauffage maximal : <strong>\u2265 5,8 \u00b0C\/s<\/strong><br \/>\nTaux de refroidissement maximal : <strong>\u2265 4,5 \u00b0C\/s<\/strong><br \/>\nPr\u00e9cision de la temp\u00e9rature : <strong>\u2264 0,5\u00b0 C<\/strong><br \/>\nPr\u00e9cision de la temp\u00e9rature : <strong>\u2264 0,3\u2103<\/strong><br \/>\nUniformit\u00e9 de la temp\u00e9rature : <strong>\u00b11\u00b0 C<\/strong><br \/>\nLin\u00e9arit\u00e9 de la fluorescence : <strong>r \u2265 0,990<\/strong><br \/>\nR\u00e9p\u00e9tabilit\u00e9 de la d\u00e9tection de l&rsquo;intensit\u00e9 de fluorescence : <strong>CV \u2264 1%<\/strong><br \/>\nPlage dynamique : <strong>1 &#8211; 1010 exemplaires<\/strong><br \/>\nR\u00e9p\u00e9tabilit\u00e9 des \u00e9chantillons : <strong>CV \u2264 3%<\/strong><br \/>\nT\u00e9l\u00e9chargement : <a href=\"https:\/\/store.microbiotech.dz\/wp-content\/uploads\/2025\/04\/Brochure-EXP160.pdf\">Brochure EXP160<\/a><\/p>\n","protected":false},"featured_media":14713,"comment_status":"open","ping_status":"closed","template":"","meta":{"site-sidebar-layout":"default","site-content-layout":"","ast-site-content-layout":"default","site-content-style":"default","site-sidebar-style":"default","ast-global-header-display":"","ast-banner-title-visibility":"","ast-main-header-display":"","ast-hfb-above-header-display":"","ast-hfb-below-header-display":"","ast-hfb-mobile-header-display":"","site-post-title":"","ast-breadcrumbs-content":"","ast-featured-img":"","footer-sml-layout":"","ast-disable-related-posts":"","theme-transparent-header-meta":"default","adv-header-id-meta":"","stick-header-meta":"","header-above-stick-meta":"","header-main-stick-meta":"","header-below-stick-meta":"","astra-migrate-meta-layouts":"set","ast-page-background-enabled":"default","ast-page-background-meta":{"desktop":{"background-color":"var(--ast-global-color-4)","background-image":"","background-repeat":"repeat","background-position":"center center","background-size":"auto","background-attachment":"scroll","background-type":"","background-media":"","overlay-type":"","overlay-color":"","overlay-opacity":"","overlay-gradient":""},"tablet":{"background-color":"","background-image":"","background-repeat":"repeat","background-position":"center center","background-size":"auto","background-attachment":"scroll","background-type":"","background-media":"","overlay-type":"","overlay-color":"","overlay-opacity":"","overlay-gradient":""},"mobile":{"background-color":"","background-image":"","background-repeat":"repeat","background-position":"center center","background-size":"auto","background-attachment":"scroll","background-type":"","background-media":"","overlay-type":"","overlay-color":"","overlay-opacity":"","overlay-gradient":""}},"ast-content-background-meta":{"desktop":{"background-color":"var(--ast-global-color-5)","background-image":"","background-repeat":"repeat","background-position":"center center","background-size":"auto","background-attachment":"scroll","background-type":"","background-media":"","overlay-type":"","overlay-color":"","overlay-opacity":"","overlay-gradient":""},"tablet":{"background-color":"var(--ast-global-color-5)","background-image":"","background-repeat":"repeat","background-position":"center center","background-size":"auto","background-attachment":"scroll","background-type":"","background-media":"","overlay-type":"","overlay-color":"","overlay-opacity":"","overlay-gradient":""},"mobile":{"background-color":"var(--ast-global-color-5)","background-image":"","background-repeat":"repeat","background-position":"center center","background-size":"auto","background-attachment":"scroll","background-type":"","background-media":"","overlay-type":"","overlay-color":"","overlay-opacity":"","overlay-gradient":""}},"jetpack_post_was_ever_published":false},"product_brand":[],"product_cat":[87,238],"product_tag":[2968,2965,85,2966,335,92,1810,2967],"class_list":{"0":"post-14710","1":"product","2":"type-product","3":"status-publish","4":"has-post-thumbnail","6":"product_cat-biomol","7":"product_cat-equipements","8":"product_tag-amplification","9":"product_tag-f162","10":"product_tag-pcr","11":"product_tag-pcr-en-temps-reel","12":"product_tag-rt-pcr","13":"product_tag-rtpcr","14":"product_tag-thermocycleur","15":"product_tag-zybio","16":"desktop-align-center","17":"tablet-align-left","18":"mobile-align-left","20":"first","21":"instock","22":"sale","23":"taxable","24":"shipping-taxable","25":"purchasable","26":"product-type-simple"},"yoast_head":"<!-- This site is optimized with the Yoast SEO plugin v27.5 - https:\/\/yoast.com\/product\/yoast-seo-wordpress\/ -->\n<title>Thermocycleur PCR en temps r\u00e9el ZYBIO - La Boutique en ligne<\/title>\n<meta name=\"description\" content=\"Le Thermocycleur PCR en temps r\u00e9el ZYBIO offre ainsi une solution performante, rapide et flexible pour les laboratoires de biologie mol\u00e9culaire.\" \/>\n<meta name=\"robots\" content=\"index, follow, max-snippet:-1, max-image-preview:large, max-video-preview:-1\" \/>\n<link rel=\"canonical\" href=\"https:\/\/store.microbiotech.dz\/index.php\/produit\/thermocycleur-pcr-en-temps-reel-zybio\/\" \/>\n<meta property=\"og:locale\" content=\"fr_FR\" \/>\n<meta property=\"og:type\" content=\"article\" \/>\n<meta property=\"og:title\" content=\"Thermocycleur PCR en temps r\u00e9el ZYBIO - La Boutique en ligne\" \/>\n<meta property=\"og:description\" content=\"Le Thermocycleur PCR en temps r\u00e9el ZYBIO offre ainsi une solution performante, rapide et flexible pour les laboratoires de biologie mol\u00e9culaire.\" \/>\n<meta property=\"og:url\" content=\"https:\/\/store.microbiotech.dz\/index.php\/produit\/thermocycleur-pcr-en-temps-reel-zybio\/\" \/>\n<meta property=\"og:site_name\" content=\"La Boutique en ligne\" \/>\n<meta property=\"article:publisher\" content=\"https:\/\/www.facebook.com\/MicroBiotech.dz\" \/>\n<meta property=\"article:modified_time\" content=\"2025-05-06T14:29:11+00:00\" \/>\n<meta property=\"og:image\" content=\"https:\/\/store.microbiotech.dz\/wp-content\/uploads\/2025\/04\/EXP-160.webp\" \/>\n\t<meta property=\"og:image:width\" content=\"600\" \/>\n\t<meta property=\"og:image:height\" content=\"600\" \/>\n\t<meta property=\"og:image:type\" content=\"image\/webp\" \/>\n<meta name=\"twitter:card\" content=\"summary_large_image\" \/>\n<meta name=\"twitter:site\" content=\"@MicrobiotechD\" \/>\n<meta name=\"twitter:label1\" content=\"Dur\u00e9e de lecture estim\u00e9e\" \/>\n\t<meta name=\"twitter:data1\" content=\"1 minute\" \/>\n<script type=\"application\/ld+json\" class=\"yoast-schema-graph\">{\"@context\":\"https:\\\/\\\/schema.org\",\"@graph\":[{\"@type\":\"WebPage\",\"@id\":\"https:\\\/\\\/store.microbiotech.dz\\\/index.php\\\/produit\\\/thermocycleur-pcr-en-temps-reel-zybio\\\/\",\"url\":\"https:\\\/\\\/store.microbiotech.dz\\\/index.php\\\/produit\\\/thermocycleur-pcr-en-temps-reel-zybio\\\/\",\"name\":\"Thermocycleur PCR en temps r\u00e9el ZYBIO - La Boutique en ligne\",\"isPartOf\":{\"@id\":\"https:\\\/\\\/store.microbiotech.dz\\\/#website\"},\"primaryImageOfPage\":{\"@id\":\"https:\\\/\\\/store.microbiotech.dz\\\/index.php\\\/produit\\\/thermocycleur-pcr-en-temps-reel-zybio\\\/#primaryimage\"},\"image\":{\"@id\":\"https:\\\/\\\/store.microbiotech.dz\\\/index.php\\\/produit\\\/thermocycleur-pcr-en-temps-reel-zybio\\\/#primaryimage\"},\"thumbnailUrl\":\"https:\\\/\\\/store.microbiotech.dz\\\/wp-content\\\/uploads\\\/2025\\\/04\\\/EXP-160.webp\",\"datePublished\":\"2025-04-24T10:55:04+00:00\",\"dateModified\":\"2025-05-06T14:29:11+00:00\",\"description\":\"Le Thermocycleur PCR en temps r\u00e9el ZYBIO offre ainsi une solution performante, rapide et flexible pour les laboratoires de biologie mol\u00e9culaire.\",\"breadcrumb\":{\"@id\":\"https:\\\/\\\/store.microbiotech.dz\\\/index.php\\\/produit\\\/thermocycleur-pcr-en-temps-reel-zybio\\\/#breadcrumb\"},\"inLanguage\":\"fr-FR\",\"potentialAction\":[{\"@type\":\"ReadAction\",\"target\":[\"https:\\\/\\\/store.microbiotech.dz\\\/index.php\\\/produit\\\/thermocycleur-pcr-en-temps-reel-zybio\\\/\"]}]},{\"@type\":\"ImageObject\",\"inLanguage\":\"fr-FR\",\"@id\":\"https:\\\/\\\/store.microbiotech.dz\\\/index.php\\\/produit\\\/thermocycleur-pcr-en-temps-reel-zybio\\\/#primaryimage\",\"url\":\"https:\\\/\\\/store.microbiotech.dz\\\/wp-content\\\/uploads\\\/2025\\\/04\\\/EXP-160.webp\",\"contentUrl\":\"https:\\\/\\\/store.microbiotech.dz\\\/wp-content\\\/uploads\\\/2025\\\/04\\\/EXP-160.webp\",\"width\":600,\"height\":600,\"caption\":\"Thermocycleur PCR en temps r\u00e9el ZYBIO\"},{\"@type\":\"BreadcrumbList\",\"@id\":\"https:\\\/\\\/store.microbiotech.dz\\\/index.php\\\/produit\\\/thermocycleur-pcr-en-temps-reel-zybio\\\/#breadcrumb\",\"itemListElement\":[{\"@type\":\"ListItem\",\"position\":1,\"name\":\"Accueil\",\"item\":\"https:\\\/\\\/store.microbiotech.dz\\\/\"},{\"@type\":\"ListItem\",\"position\":2,\"name\":\"Nos Produits\",\"item\":\"https:\\\/\\\/store.microbiotech.dz\\\/index.php\\\/nos-produits\\\/\"},{\"@type\":\"ListItem\",\"position\":3,\"name\":\"Thermocycleur PCR en temps r\u00e9el ZYBIO\"}]},{\"@type\":\"WebSite\",\"@id\":\"https:\\\/\\\/store.microbiotech.dz\\\/#website\",\"url\":\"https:\\\/\\\/store.microbiotech.dz\\\/\",\"name\":\"La Boutique en ligne\",\"description\":\"Qualit\u00e9 - Rapidit\u00e9 - Tranquillit\u00e9\",\"publisher\":{\"@id\":\"https:\\\/\\\/store.microbiotech.dz\\\/#organization\"},\"potentialAction\":[{\"@type\":\"SearchAction\",\"target\":{\"@type\":\"EntryPoint\",\"urlTemplate\":\"https:\\\/\\\/store.microbiotech.dz\\\/?s={search_term_string}\"},\"query-input\":{\"@type\":\"PropertyValueSpecification\",\"valueRequired\":true,\"valueName\":\"search_term_string\"}}],\"inLanguage\":\"fr-FR\"},{\"@type\":\"Organization\",\"@id\":\"https:\\\/\\\/store.microbiotech.dz\\\/#organization\",\"name\":\"Microbiotech EURL\",\"url\":\"https:\\\/\\\/store.microbiotech.dz\\\/\",\"logo\":{\"@type\":\"ImageObject\",\"inLanguage\":\"fr-FR\",\"@id\":\"https:\\\/\\\/store.microbiotech.dz\\\/#\\\/schema\\\/logo\\\/image\\\/\",\"url\":\"https:\\\/\\\/store.microbiotech.dz\\\/wp-content\\\/uploads\\\/2021\\\/09\\\/cropped-logo-microbiotech-2.jpg\",\"contentUrl\":\"https:\\\/\\\/store.microbiotech.dz\\\/wp-content\\\/uploads\\\/2021\\\/09\\\/cropped-logo-microbiotech-2.jpg\",\"width\":815,\"height\":586,\"caption\":\"Microbiotech EURL\"},\"image\":{\"@id\":\"https:\\\/\\\/store.microbiotech.dz\\\/#\\\/schema\\\/logo\\\/image\\\/\"},\"sameAs\":[\"https:\\\/\\\/www.facebook.com\\\/MicroBiotech.dz\",\"https:\\\/\\\/x.com\\\/MicrobiotechD\",\"https:\\\/\\\/www.linkedin.com\\\/in\\\/microbiotech\\\/\",\"https:\\\/\\\/www.youtube.com\\\/channel\\\/UCTxc3VIiX7LXD2LQYfZEcDg\"]}]}<\/script>\n<!-- \/ Yoast SEO plugin. -->","yoast_head_json":{"title":"Thermocycleur PCR en temps r\u00e9el ZYBIO - La Boutique en ligne","description":"Le Thermocycleur PCR en temps r\u00e9el ZYBIO offre ainsi une solution performante, rapide et flexible pour les laboratoires de biologie mol\u00e9culaire.","robots":{"index":"index","follow":"follow","max-snippet":"max-snippet:-1","max-image-preview":"max-image-preview:large","max-video-preview":"max-video-preview:-1"},"canonical":"https:\/\/store.microbiotech.dz\/index.php\/produit\/thermocycleur-pcr-en-temps-reel-zybio\/","og_locale":"fr_FR","og_type":"article","og_title":"Thermocycleur PCR en temps r\u00e9el ZYBIO - La Boutique en ligne","og_description":"Le Thermocycleur PCR en temps r\u00e9el ZYBIO offre ainsi une solution performante, rapide et flexible pour les laboratoires de biologie mol\u00e9culaire.","og_url":"https:\/\/store.microbiotech.dz\/index.php\/produit\/thermocycleur-pcr-en-temps-reel-zybio\/","og_site_name":"La Boutique en ligne","article_publisher":"https:\/\/www.facebook.com\/MicroBiotech.dz","article_modified_time":"2025-05-06T14:29:11+00:00","og_image":[{"width":600,"height":600,"url":"https:\/\/store.microbiotech.dz\/wp-content\/uploads\/2025\/04\/EXP-160.webp","type":"image\/webp"}],"twitter_card":"summary_large_image","twitter_site":"@MicrobiotechD","twitter_misc":{"Dur\u00e9e de lecture estim\u00e9e":"1 minute"},"schema":{"@context":"https:\/\/schema.org","@graph":[{"@type":"WebPage","@id":"https:\/\/store.microbiotech.dz\/index.php\/produit\/thermocycleur-pcr-en-temps-reel-zybio\/","url":"https:\/\/store.microbiotech.dz\/index.php\/produit\/thermocycleur-pcr-en-temps-reel-zybio\/","name":"Thermocycleur PCR en temps r\u00e9el ZYBIO - La Boutique en ligne","isPartOf":{"@id":"https:\/\/store.microbiotech.dz\/#website"},"primaryImageOfPage":{"@id":"https:\/\/store.microbiotech.dz\/index.php\/produit\/thermocycleur-pcr-en-temps-reel-zybio\/#primaryimage"},"image":{"@id":"https:\/\/store.microbiotech.dz\/index.php\/produit\/thermocycleur-pcr-en-temps-reel-zybio\/#primaryimage"},"thumbnailUrl":"https:\/\/store.microbiotech.dz\/wp-content\/uploads\/2025\/04\/EXP-160.webp","datePublished":"2025-04-24T10:55:04+00:00","dateModified":"2025-05-06T14:29:11+00:00","description":"Le Thermocycleur PCR en temps r\u00e9el ZYBIO offre ainsi une solution performante, rapide et flexible pour les laboratoires de biologie mol\u00e9culaire.","breadcrumb":{"@id":"https:\/\/store.microbiotech.dz\/index.php\/produit\/thermocycleur-pcr-en-temps-reel-zybio\/#breadcrumb"},"inLanguage":"fr-FR","potentialAction":[{"@type":"ReadAction","target":["https:\/\/store.microbiotech.dz\/index.php\/produit\/thermocycleur-pcr-en-temps-reel-zybio\/"]}]},{"@type":"ImageObject","inLanguage":"fr-FR","@id":"https:\/\/store.microbiotech.dz\/index.php\/produit\/thermocycleur-pcr-en-temps-reel-zybio\/#primaryimage","url":"https:\/\/store.microbiotech.dz\/wp-content\/uploads\/2025\/04\/EXP-160.webp","contentUrl":"https:\/\/store.microbiotech.dz\/wp-content\/uploads\/2025\/04\/EXP-160.webp","width":600,"height":600,"caption":"Thermocycleur PCR en temps r\u00e9el ZYBIO"},{"@type":"BreadcrumbList","@id":"https:\/\/store.microbiotech.dz\/index.php\/produit\/thermocycleur-pcr-en-temps-reel-zybio\/#breadcrumb","itemListElement":[{"@type":"ListItem","position":1,"name":"Accueil","item":"https:\/\/store.microbiotech.dz\/"},{"@type":"ListItem","position":2,"name":"Nos Produits","item":"https:\/\/store.microbiotech.dz\/index.php\/nos-produits\/"},{"@type":"ListItem","position":3,"name":"Thermocycleur PCR en temps r\u00e9el ZYBIO"}]},{"@type":"WebSite","@id":"https:\/\/store.microbiotech.dz\/#website","url":"https:\/\/store.microbiotech.dz\/","name":"La Boutique en ligne","description":"Qualit\u00e9 - Rapidit\u00e9 - Tranquillit\u00e9","publisher":{"@id":"https:\/\/store.microbiotech.dz\/#organization"},"potentialAction":[{"@type":"SearchAction","target":{"@type":"EntryPoint","urlTemplate":"https:\/\/store.microbiotech.dz\/?s={search_term_string}"},"query-input":{"@type":"PropertyValueSpecification","valueRequired":true,"valueName":"search_term_string"}}],"inLanguage":"fr-FR"},{"@type":"Organization","@id":"https:\/\/store.microbiotech.dz\/#organization","name":"Microbiotech EURL","url":"https:\/\/store.microbiotech.dz\/","logo":{"@type":"ImageObject","inLanguage":"fr-FR","@id":"https:\/\/store.microbiotech.dz\/#\/schema\/logo\/image\/","url":"https:\/\/store.microbiotech.dz\/wp-content\/uploads\/2021\/09\/cropped-logo-microbiotech-2.jpg","contentUrl":"https:\/\/store.microbiotech.dz\/wp-content\/uploads\/2021\/09\/cropped-logo-microbiotech-2.jpg","width":815,"height":586,"caption":"Microbiotech EURL"},"image":{"@id":"https:\/\/store.microbiotech.dz\/#\/schema\/logo\/image\/"},"sameAs":["https:\/\/www.facebook.com\/MicroBiotech.dz","https:\/\/x.com\/MicrobiotechD","https:\/\/www.linkedin.com\/in\/microbiotech\/","https:\/\/www.youtube.com\/channel\/UCTxc3VIiX7LXD2LQYfZEcDg"]}]}},"jetpack_sharing_enabled":true,"_links":{"self":[{"href":"https:\/\/store.microbiotech.dz\/index.php\/wp-json\/wp\/v2\/product\/14710","targetHints":{"allow":["GET"]}}],"collection":[{"href":"https:\/\/store.microbiotech.dz\/index.php\/wp-json\/wp\/v2\/product"}],"about":[{"href":"https:\/\/store.microbiotech.dz\/index.php\/wp-json\/wp\/v2\/types\/product"}],"replies":[{"embeddable":true,"href":"https:\/\/store.microbiotech.dz\/index.php\/wp-json\/wp\/v2\/comments?post=14710"}],"wp:featuredmedia":[{"embeddable":true,"href":"https:\/\/store.microbiotech.dz\/index.php\/wp-json\/wp\/v2\/media\/14713"}],"wp:attachment":[{"href":"https:\/\/store.microbiotech.dz\/index.php\/wp-json\/wp\/v2\/media?parent=14710"}],"wp:term":[{"taxonomy":"product_brand","embeddable":true,"href":"https:\/\/store.microbiotech.dz\/index.php\/wp-json\/wp\/v2\/product_brand?post=14710"},{"taxonomy":"product_cat","embeddable":true,"href":"https:\/\/store.microbiotech.dz\/index.php\/wp-json\/wp\/v2\/product_cat?post=14710"},{"taxonomy":"product_tag","embeddable":true,"href":"https:\/\/store.microbiotech.dz\/index.php\/wp-json\/wp\/v2\/product_tag?post=14710"}],"curies":[{"name":"wp","href":"https:\/\/api.w.org\/{rel}","templated":true}]}}