{"id":1463,"date":"2022-02-21T14:51:02","date_gmt":"2022-02-21T13:51:02","guid":{"rendered":"https:\/\/store.microbiotech.dz\/?post_type=product&#038;p=1463"},"modified":"2023-11-16T09:41:53","modified_gmt":"2023-11-16T08:41:53","slug":"photometre-nova-60-a-spectroquant-merck","status":"publish","type":"product","link":"https:\/\/store.microbiotech.dz\/index.php\/produit\/photometre-nova-60-a-spectroquant-merck\/","title":{"rendered":"Photom\u00e8tre &#8211; NOVA 60 A Spectroquant Merck"},"content":{"rendered":"<p><span style=\"font-size: 16px; font-style: normal; font-weight: 400;\">Photom\u00e8tre &#8211; NOVA 60 A Spectroquant <a href=\"https:\/\/www.merckmillipore.com\/INTL\/en\" target=\"_blank\" rel=\"noopener\">Merck<\/a> a<\/span>vec une batterie int\u00e9gr\u00e9e (rechargeable) et sa conception robuste, ce photom\u00e8tre \u00e0 filtre compact vous suit partout o\u00f9 vous en avez besoin.<\/p>\n<p><strong>Utilisations:<\/strong><\/p>\n<p>1- <strong>Eaux us\u00e9es : <\/strong>Les kits sont couramment utilis\u00e9s dans l&rsquo;analyse des eaux us\u00e9es.<br \/>\nLe Spectroquant\u00ae <span style=\"font-size: 16px; font-style: normal; font-weight: 400;\">offre un <\/span><span style=\"font-size: 16px;\">portefeuille d&rsquo;une large s\u00e9lection <\/span>de tests DCO. Choisissez simplement la\u00a0<span style=\"font-size: 16px; font-style: normal; font-weight: 400;\">gamme de <\/span><span style=\"font-size: 16px;\">mesure <\/span><span style=\"font-size: 16px;\">qui correspond le mieux \u00e0 vos besoins, et <\/span>profitez de r\u00e9sultats pr\u00e9cis.<\/p>\n<p>2- <strong>Eau potable et boissons: <\/strong>L&rsquo;analyse de l&rsquo;eau potable et des boissons implique g\u00e9n\u00e9ralement des tests d\u2019\u00e9l\u00e9ments chimiques induisant des limites de d\u00e9tection comme le mangan\u00e8se et le sulfate. Le Spectroquant est id\u00e9al pour ce genre d&rsquo;applications, il est programm\u00e9 avec des applications sp\u00e9cifiques et gratuites.<\/p>\n<p>3- <b>Eaux industrielles: <\/b>M\u00eame de faibles niveaux d&rsquo;impuret\u00e9s dans l&rsquo;eau de process peut entra\u00eener des dommages, des temps d&rsquo;arr\u00eat de production et des r\u00e9parations co\u00fbteuses. Le Photom\u00e8tre &#8211; NOVA 60 A Spectroquant Merck vous aider \u00e0 anticiper et \u00e0 \u00e9viter ce genre de d\u00e9sagr\u00e9ments avec des tests sensibles au silicate et au chlorure avec les plages de mesure les plus basses.<\/p>\n<div class=\"ast-oembed-container \" style=\"height: 100%;\"><iframe loading=\"lazy\" title=\"Merck\u00b4s range of Spectroquant\u00ae photometers\" width=\"500\" height=\"281\" src=\"https:\/\/www.youtube.com\/embed\/ljTjd2Zxt3I?start=226&#038;feature=oembed\" frameborder=\"0\" allow=\"accelerometer; autoplay; clipboard-write; encrypted-media; gyroscope; picture-in-picture; web-share\" referrerpolicy=\"strict-origin-when-cross-origin\" allowfullscreen><\/iframe><\/div>\n","protected":false},"excerpt":{"rendered":"<p>Marque :\u00a0<strong>MERCK\u00a0<img loading=\"lazy\" decoding=\"async\" class=\"alignnone wp-image-1649\" src=\"https:\/\/store.microbiotech.dz\/wp-content\/uploads\/2022\/04\/51968274-le-drapeau-allemand-icone-matte-ronde-isole-sur-fond-blanc--300x300.webp\" sizes=\"auto, (max-width: 66px) 100vw, 66px\" srcset=\"https:\/\/store.microbiotech.dz\/wp-content\/uploads\/2022\/04\/51968274-le-drapeau-allemand-icone-matte-ronde-isole-sur-fond-blanc--300x300.webp 300w, https:\/\/store.microbiotech.dz\/wp-content\/uploads\/2022\/04\/51968274-le-drapeau-allemand-icone-matte-ronde-isole-sur-fond-blanc--150x150.webp 150w, https:\/\/store.microbiotech.dz\/wp-content\/uploads\/2022\/04\/51968274-le-drapeau-allemand-icone-matte-ronde-isole-sur-fond-blanc--100x100.webp 100w, https:\/\/store.microbiotech.dz\/wp-content\/uploads\/2022\/04\/51968274-le-drapeau-allemand-icone-matte-ronde-isole-sur-fond-blanc-.webp 450w\" alt=\"\" width=\"66\" height=\"66\" \/><\/strong><br \/>\nAffichage : <strong>128\u00d764 P<\/strong><br \/>\nNbre de m\u00e9thodes : <strong>50, librement programmables<\/strong><br \/>\nDesign optique : <strong>Simple faisceau avec 12 filtres en bataille<\/strong><br \/>\nPlage d&rsquo;absorbance : <strong>\u22120,3 &#8211; 3,2 A<\/strong><br \/>\nLongueur d&rsquo;onde : <strong>340 ; 410 ; 445 ; 500 ; 525 ; 550 ; 565 ; 605 ; 620 ; 665 ; 690 ; 820 nm<\/strong><br \/>\nPr\u00e9cision de la longueur d&rsquo;onde : <strong>\u00b12 nm<\/strong><br \/>\nCuves :<strong> \u00d8 16 mm (ronde) et 10, 20, 50 mm (rectangulaires)<\/strong><br \/>\nSource de lumi\u00e8re : <strong>Preset tungsten halogen (no warm-up time)<\/strong><br \/>\nM\u00e9moire : <strong>1000 valeurs<\/strong><br \/>\nT\u00e9l\u00e9chargements :<\/p>\n<ul>\n<li><a href=\"https:\/\/store.microbiotech.dz\/wp-content\/uploads\/2022\/02\/wfa-catalog-2017-de-mk-1.pdf\">Brochure<\/a><\/li>\n<li><a href=\"https:\/\/www.merckmillipore.com\/INTL\/en\/product\/Photometer,MDA_CHEM-109752#anchor_Product%20Information\" target=\"_blank\" rel=\"noopener\">Informations Techniques<\/a><\/li>\n<li><a href=\"https:\/\/store.microbiotech.dz\/wp-content\/uploads\/2022\/02\/manual-nova-60a-en-12-2020.pdf\">Manuel<\/a><\/li>\n<\/ul>\n","protected":false},"featured_media":1464,"comment_status":"open","ping_status":"closed","template":"","meta":{"site-sidebar-layout":"default","site-content-layout":"default","ast-site-content-layout":"default","site-content-style":"default","site-sidebar-style":"default","ast-global-header-display":"","ast-banner-title-visibility":"","ast-main-header-display":"","ast-hfb-above-header-display":"","ast-hfb-below-header-display":"","ast-hfb-mobile-header-display":"","site-post-title":"","ast-breadcrumbs-content":"","ast-featured-img":"","footer-sml-layout":"","ast-disable-related-posts":"","theme-transparent-header-meta":"default","adv-header-id-meta":"","stick-header-meta":"","header-above-stick-meta":"","header-main-stick-meta":"","header-below-stick-meta":"","astra-migrate-meta-layouts":"set","ast-page-background-enabled":"default","ast-page-background-meta":{"desktop":{"background-color":"var(--ast-global-color-4)","background-image":"","background-repeat":"repeat","background-position":"center center","background-size":"auto","background-attachment":"scroll","background-type":"","background-media":"","overlay-type":"","overlay-color":"","overlay-opacity":"","overlay-gradient":""},"tablet":{"background-color":"","background-image":"","background-repeat":"repeat","background-position":"center center","background-size":"auto","background-attachment":"scroll","background-type":"","background-media":"","overlay-type":"","overlay-color":"","overlay-opacity":"","overlay-gradient":""},"mobile":{"background-color":"","background-image":"","background-repeat":"repeat","background-position":"center center","background-size":"auto","background-attachment":"scroll","background-type":"","background-media":"","overlay-type":"","overlay-color":"","overlay-opacity":"","overlay-gradient":""}},"ast-content-background-meta":{"desktop":{"background-color":"var(--ast-global-color-5)","background-image":"","background-repeat":"repeat","background-position":"center center","background-size":"auto","background-attachment":"scroll","background-type":"","background-media":"","overlay-type":"","overlay-color":"","overlay-opacity":"","overlay-gradient":""},"tablet":{"background-color":"var(--ast-global-color-5)","background-image":"","background-repeat":"repeat","background-position":"center center","background-size":"auto","background-attachment":"scroll","background-type":"","background-media":"","overlay-type":"","overlay-color":"","overlay-opacity":"","overlay-gradient":""},"mobile":{"background-color":"var(--ast-global-color-5)","background-image":"","background-repeat":"repeat","background-position":"center center","background-size":"auto","background-attachment":"scroll","background-type":"","background-media":"","overlay-type":"","overlay-color":"","overlay-opacity":"","overlay-gradient":""}},"jetpack_post_was_ever_published":false},"product_brand":[],"product_cat":[238],"product_tag":[536,193,522,520,521,523],"class_list":{"0":"post-1463","1":"product","2":"type-product","3":"status-publish","4":"has-post-thumbnail","6":"product_cat-equipements","7":"product_tag-f17","8":"product_tag-merck-millipore","9":"product_tag-nova-60a","10":"product_tag-photometre","11":"product_tag-spectrophotometre","12":"product_tag-spectroquant","13":"product_shipping_class-temperature-ambiante","14":"desktop-align-center","15":"tablet-align-left","16":"mobile-align-left","18":"first","19":"outofstock","20":"taxable","21":"shipping-taxable","22":"purchasable","23":"product-type-simple"},"yoast_head":"<!-- This site is optimized with the Yoast SEO plugin v27.5 - https:\/\/yoast.com\/product\/yoast-seo-wordpress\/ -->\n<title>Photom\u00e8tre - NOVA 60 A Spectroquant Merck - La Boutique en ligne<\/title>\n<meta name=\"description\" content=\"Le Photom\u00e8tre - NOVA 60 A Spectroquant Merck utilise 12 filtres en r\u00e9seau pour couvrir la longueur d&#039;onde analytique la plus importante.\" \/>\n<meta name=\"robots\" content=\"index, follow, max-snippet:-1, max-image-preview:large, max-video-preview:-1\" \/>\n<link rel=\"canonical\" href=\"https:\/\/store.microbiotech.dz\/index.php\/produit\/photometre-nova-60-a-spectroquant-merck\/\" \/>\n<meta property=\"og:locale\" content=\"fr_FR\" \/>\n<meta property=\"og:type\" content=\"article\" \/>\n<meta property=\"og:title\" content=\"Photom\u00e8tre - NOVA 60 A Spectroquant Merck - La Boutique en ligne\" \/>\n<meta property=\"og:description\" content=\"Le Photom\u00e8tre - NOVA 60 A Spectroquant Merck utilise 12 filtres en r\u00e9seau pour couvrir la longueur d&#039;onde analytique la plus importante.\" \/>\n<meta property=\"og:url\" content=\"https:\/\/store.microbiotech.dz\/index.php\/produit\/photometre-nova-60-a-spectroquant-merck\/\" \/>\n<meta property=\"og:site_name\" content=\"La Boutique en ligne\" \/>\n<meta property=\"article:publisher\" content=\"https:\/\/www.facebook.com\/MicroBiotech.dz\" \/>\n<meta property=\"article:modified_time\" content=\"2023-11-16T08:41:53+00:00\" \/>\n<meta property=\"og:image\" content=\"https:\/\/store.microbiotech.dz\/wp-content\/uploads\/2022\/02\/sq_nova_60sq_nova_60-ALL.jpg\" \/>\n\t<meta property=\"og:image:width\" content=\"600\" \/>\n\t<meta property=\"og:image:height\" content=\"483\" \/>\n\t<meta property=\"og:image:type\" content=\"image\/jpeg\" \/>\n<meta name=\"twitter:card\" content=\"summary_large_image\" \/>\n<meta name=\"twitter:site\" content=\"@MicrobiotechD\" \/>\n<meta name=\"twitter:label1\" content=\"Dur\u00e9e de lecture estim\u00e9e\" \/>\n\t<meta name=\"twitter:data1\" content=\"1 minute\" \/>\n<script type=\"application\/ld+json\" class=\"yoast-schema-graph\">{\"@context\":\"https:\\\/\\\/schema.org\",\"@graph\":[{\"@type\":\"WebPage\",\"@id\":\"https:\\\/\\\/store.microbiotech.dz\\\/index.php\\\/produit\\\/photometre-nova-60-a-spectroquant-merck\\\/\",\"url\":\"https:\\\/\\\/store.microbiotech.dz\\\/index.php\\\/produit\\\/photometre-nova-60-a-spectroquant-merck\\\/\",\"name\":\"Photom\u00e8tre - NOVA 60 A Spectroquant Merck - La Boutique en ligne\",\"isPartOf\":{\"@id\":\"https:\\\/\\\/store.microbiotech.dz\\\/#website\"},\"primaryImageOfPage\":{\"@id\":\"https:\\\/\\\/store.microbiotech.dz\\\/index.php\\\/produit\\\/photometre-nova-60-a-spectroquant-merck\\\/#primaryimage\"},\"image\":{\"@id\":\"https:\\\/\\\/store.microbiotech.dz\\\/index.php\\\/produit\\\/photometre-nova-60-a-spectroquant-merck\\\/#primaryimage\"},\"thumbnailUrl\":\"https:\\\/\\\/store.microbiotech.dz\\\/wp-content\\\/uploads\\\/2022\\\/02\\\/sq_nova_60sq_nova_60-ALL.jpg\",\"datePublished\":\"2022-02-21T13:51:02+00:00\",\"dateModified\":\"2023-11-16T08:41:53+00:00\",\"description\":\"Le Photom\u00e8tre - NOVA 60 A Spectroquant Merck utilise 12 filtres en r\u00e9seau pour couvrir la longueur d'onde analytique la plus importante.\",\"breadcrumb\":{\"@id\":\"https:\\\/\\\/store.microbiotech.dz\\\/index.php\\\/produit\\\/photometre-nova-60-a-spectroquant-merck\\\/#breadcrumb\"},\"inLanguage\":\"fr-FR\",\"potentialAction\":[{\"@type\":\"ReadAction\",\"target\":[\"https:\\\/\\\/store.microbiotech.dz\\\/index.php\\\/produit\\\/photometre-nova-60-a-spectroquant-merck\\\/\"]}]},{\"@type\":\"ImageObject\",\"inLanguage\":\"fr-FR\",\"@id\":\"https:\\\/\\\/store.microbiotech.dz\\\/index.php\\\/produit\\\/photometre-nova-60-a-spectroquant-merck\\\/#primaryimage\",\"url\":\"https:\\\/\\\/store.microbiotech.dz\\\/wp-content\\\/uploads\\\/2022\\\/02\\\/sq_nova_60sq_nova_60-ALL.jpg\",\"contentUrl\":\"https:\\\/\\\/store.microbiotech.dz\\\/wp-content\\\/uploads\\\/2022\\\/02\\\/sq_nova_60sq_nova_60-ALL.jpg\",\"width\":600,\"height\":483,\"caption\":\"Photom\u00e8tre - NOVA 60 A Spectroquant Merck\"},{\"@type\":\"BreadcrumbList\",\"@id\":\"https:\\\/\\\/store.microbiotech.dz\\\/index.php\\\/produit\\\/photometre-nova-60-a-spectroquant-merck\\\/#breadcrumb\",\"itemListElement\":[{\"@type\":\"ListItem\",\"position\":1,\"name\":\"Accueil\",\"item\":\"https:\\\/\\\/store.microbiotech.dz\\\/\"},{\"@type\":\"ListItem\",\"position\":2,\"name\":\"Nos Produits\",\"item\":\"https:\\\/\\\/store.microbiotech.dz\\\/index.php\\\/nos-produits\\\/\"},{\"@type\":\"ListItem\",\"position\":3,\"name\":\"Photom\u00e8tre &#8211; NOVA 60 A Spectroquant Merck\"}]},{\"@type\":\"WebSite\",\"@id\":\"https:\\\/\\\/store.microbiotech.dz\\\/#website\",\"url\":\"https:\\\/\\\/store.microbiotech.dz\\\/\",\"name\":\"La Boutique en ligne\",\"description\":\"Qualit\u00e9 - Rapidit\u00e9 - Tranquillit\u00e9\",\"publisher\":{\"@id\":\"https:\\\/\\\/store.microbiotech.dz\\\/#organization\"},\"potentialAction\":[{\"@type\":\"SearchAction\",\"target\":{\"@type\":\"EntryPoint\",\"urlTemplate\":\"https:\\\/\\\/store.microbiotech.dz\\\/?s={search_term_string}\"},\"query-input\":{\"@type\":\"PropertyValueSpecification\",\"valueRequired\":true,\"valueName\":\"search_term_string\"}}],\"inLanguage\":\"fr-FR\"},{\"@type\":\"Organization\",\"@id\":\"https:\\\/\\\/store.microbiotech.dz\\\/#organization\",\"name\":\"Microbiotech EURL\",\"url\":\"https:\\\/\\\/store.microbiotech.dz\\\/\",\"logo\":{\"@type\":\"ImageObject\",\"inLanguage\":\"fr-FR\",\"@id\":\"https:\\\/\\\/store.microbiotech.dz\\\/#\\\/schema\\\/logo\\\/image\\\/\",\"url\":\"https:\\\/\\\/store.microbiotech.dz\\\/wp-content\\\/uploads\\\/2021\\\/09\\\/cropped-logo-microbiotech-2.jpg\",\"contentUrl\":\"https:\\\/\\\/store.microbiotech.dz\\\/wp-content\\\/uploads\\\/2021\\\/09\\\/cropped-logo-microbiotech-2.jpg\",\"width\":815,\"height\":586,\"caption\":\"Microbiotech EURL\"},\"image\":{\"@id\":\"https:\\\/\\\/store.microbiotech.dz\\\/#\\\/schema\\\/logo\\\/image\\\/\"},\"sameAs\":[\"https:\\\/\\\/www.facebook.com\\\/MicroBiotech.dz\",\"https:\\\/\\\/x.com\\\/MicrobiotechD\",\"https:\\\/\\\/www.linkedin.com\\\/in\\\/microbiotech\\\/\",\"https:\\\/\\\/www.youtube.com\\\/channel\\\/UCTxc3VIiX7LXD2LQYfZEcDg\"]}]}<\/script>\n<!-- \/ Yoast SEO plugin. -->","yoast_head_json":{"title":"Photom\u00e8tre - NOVA 60 A Spectroquant Merck - La Boutique en ligne","description":"Le Photom\u00e8tre - NOVA 60 A Spectroquant Merck utilise 12 filtres en r\u00e9seau pour couvrir la longueur d'onde analytique la plus importante.","robots":{"index":"index","follow":"follow","max-snippet":"max-snippet:-1","max-image-preview":"max-image-preview:large","max-video-preview":"max-video-preview:-1"},"canonical":"https:\/\/store.microbiotech.dz\/index.php\/produit\/photometre-nova-60-a-spectroquant-merck\/","og_locale":"fr_FR","og_type":"article","og_title":"Photom\u00e8tre - NOVA 60 A Spectroquant Merck - La Boutique en ligne","og_description":"Le Photom\u00e8tre - NOVA 60 A Spectroquant Merck utilise 12 filtres en r\u00e9seau pour couvrir la longueur d'onde analytique la plus importante.","og_url":"https:\/\/store.microbiotech.dz\/index.php\/produit\/photometre-nova-60-a-spectroquant-merck\/","og_site_name":"La Boutique en ligne","article_publisher":"https:\/\/www.facebook.com\/MicroBiotech.dz","article_modified_time":"2023-11-16T08:41:53+00:00","og_image":[{"width":600,"height":483,"url":"https:\/\/store.microbiotech.dz\/wp-content\/uploads\/2022\/02\/sq_nova_60sq_nova_60-ALL.jpg","type":"image\/jpeg"}],"twitter_card":"summary_large_image","twitter_site":"@MicrobiotechD","twitter_misc":{"Dur\u00e9e de lecture estim\u00e9e":"1 minute"},"schema":{"@context":"https:\/\/schema.org","@graph":[{"@type":"WebPage","@id":"https:\/\/store.microbiotech.dz\/index.php\/produit\/photometre-nova-60-a-spectroquant-merck\/","url":"https:\/\/store.microbiotech.dz\/index.php\/produit\/photometre-nova-60-a-spectroquant-merck\/","name":"Photom\u00e8tre - NOVA 60 A Spectroquant Merck - La Boutique en ligne","isPartOf":{"@id":"https:\/\/store.microbiotech.dz\/#website"},"primaryImageOfPage":{"@id":"https:\/\/store.microbiotech.dz\/index.php\/produit\/photometre-nova-60-a-spectroquant-merck\/#primaryimage"},"image":{"@id":"https:\/\/store.microbiotech.dz\/index.php\/produit\/photometre-nova-60-a-spectroquant-merck\/#primaryimage"},"thumbnailUrl":"https:\/\/store.microbiotech.dz\/wp-content\/uploads\/2022\/02\/sq_nova_60sq_nova_60-ALL.jpg","datePublished":"2022-02-21T13:51:02+00:00","dateModified":"2023-11-16T08:41:53+00:00","description":"Le Photom\u00e8tre - NOVA 60 A Spectroquant Merck utilise 12 filtres en r\u00e9seau pour couvrir la longueur d'onde analytique la plus importante.","breadcrumb":{"@id":"https:\/\/store.microbiotech.dz\/index.php\/produit\/photometre-nova-60-a-spectroquant-merck\/#breadcrumb"},"inLanguage":"fr-FR","potentialAction":[{"@type":"ReadAction","target":["https:\/\/store.microbiotech.dz\/index.php\/produit\/photometre-nova-60-a-spectroquant-merck\/"]}]},{"@type":"ImageObject","inLanguage":"fr-FR","@id":"https:\/\/store.microbiotech.dz\/index.php\/produit\/photometre-nova-60-a-spectroquant-merck\/#primaryimage","url":"https:\/\/store.microbiotech.dz\/wp-content\/uploads\/2022\/02\/sq_nova_60sq_nova_60-ALL.jpg","contentUrl":"https:\/\/store.microbiotech.dz\/wp-content\/uploads\/2022\/02\/sq_nova_60sq_nova_60-ALL.jpg","width":600,"height":483,"caption":"Photom\u00e8tre - NOVA 60 A Spectroquant Merck"},{"@type":"BreadcrumbList","@id":"https:\/\/store.microbiotech.dz\/index.php\/produit\/photometre-nova-60-a-spectroquant-merck\/#breadcrumb","itemListElement":[{"@type":"ListItem","position":1,"name":"Accueil","item":"https:\/\/store.microbiotech.dz\/"},{"@type":"ListItem","position":2,"name":"Nos Produits","item":"https:\/\/store.microbiotech.dz\/index.php\/nos-produits\/"},{"@type":"ListItem","position":3,"name":"Photom\u00e8tre &#8211; NOVA 60 A Spectroquant Merck"}]},{"@type":"WebSite","@id":"https:\/\/store.microbiotech.dz\/#website","url":"https:\/\/store.microbiotech.dz\/","name":"La Boutique en ligne","description":"Qualit\u00e9 - Rapidit\u00e9 - Tranquillit\u00e9","publisher":{"@id":"https:\/\/store.microbiotech.dz\/#organization"},"potentialAction":[{"@type":"SearchAction","target":{"@type":"EntryPoint","urlTemplate":"https:\/\/store.microbiotech.dz\/?s={search_term_string}"},"query-input":{"@type":"PropertyValueSpecification","valueRequired":true,"valueName":"search_term_string"}}],"inLanguage":"fr-FR"},{"@type":"Organization","@id":"https:\/\/store.microbiotech.dz\/#organization","name":"Microbiotech EURL","url":"https:\/\/store.microbiotech.dz\/","logo":{"@type":"ImageObject","inLanguage":"fr-FR","@id":"https:\/\/store.microbiotech.dz\/#\/schema\/logo\/image\/","url":"https:\/\/store.microbiotech.dz\/wp-content\/uploads\/2021\/09\/cropped-logo-microbiotech-2.jpg","contentUrl":"https:\/\/store.microbiotech.dz\/wp-content\/uploads\/2021\/09\/cropped-logo-microbiotech-2.jpg","width":815,"height":586,"caption":"Microbiotech EURL"},"image":{"@id":"https:\/\/store.microbiotech.dz\/#\/schema\/logo\/image\/"},"sameAs":["https:\/\/www.facebook.com\/MicroBiotech.dz","https:\/\/x.com\/MicrobiotechD","https:\/\/www.linkedin.com\/in\/microbiotech\/","https:\/\/www.youtube.com\/channel\/UCTxc3VIiX7LXD2LQYfZEcDg"]}]}},"jetpack_sharing_enabled":true,"_links":{"self":[{"href":"https:\/\/store.microbiotech.dz\/index.php\/wp-json\/wp\/v2\/product\/1463","targetHints":{"allow":["GET"]}}],"collection":[{"href":"https:\/\/store.microbiotech.dz\/index.php\/wp-json\/wp\/v2\/product"}],"about":[{"href":"https:\/\/store.microbiotech.dz\/index.php\/wp-json\/wp\/v2\/types\/product"}],"replies":[{"embeddable":true,"href":"https:\/\/store.microbiotech.dz\/index.php\/wp-json\/wp\/v2\/comments?post=1463"}],"wp:featuredmedia":[{"embeddable":true,"href":"https:\/\/store.microbiotech.dz\/index.php\/wp-json\/wp\/v2\/media\/1464"}],"wp:attachment":[{"href":"https:\/\/store.microbiotech.dz\/index.php\/wp-json\/wp\/v2\/media?parent=1463"}],"wp:term":[{"taxonomy":"product_brand","embeddable":true,"href":"https:\/\/store.microbiotech.dz\/index.php\/wp-json\/wp\/v2\/product_brand?post=1463"},{"taxonomy":"product_cat","embeddable":true,"href":"https:\/\/store.microbiotech.dz\/index.php\/wp-json\/wp\/v2\/product_cat?post=1463"},{"taxonomy":"product_tag","embeddable":true,"href":"https:\/\/store.microbiotech.dz\/index.php\/wp-json\/wp\/v2\/product_tag?post=1463"}],"curies":[{"name":"wp","href":"https:\/\/api.w.org\/{rel}","templated":true}]}}