{"id":1459,"date":"2022-02-21T11:56:25","date_gmt":"2022-02-21T10:56:25","guid":{"rendered":"https:\/\/store.microbiotech.dz\/?post_type=product&#038;p=1459"},"modified":"2026-02-18T11:54:14","modified_gmt":"2026-02-18T10:54:14","slug":"chaine-hplc-chromaster","status":"publish","type":"product","link":"https:\/\/store.microbiotech.dz\/index.php\/produit\/chaine-hplc-chromaster\/","title":{"rendered":"Chaine HPLC Chromaster"},"content":{"rendered":"<p>Le syst\u00e8me Chromaster HPLC a \u00e9tabli de nouvelles limites en termes de performances, de facilit\u00e9 d\u2019utilisation et de robustesse. Sa conception int\u00e8gre un volume de repos extr\u00eamement faible et un tr\u00e8s faible taux de surplus. Associ\u00e9 \u00e0 une technologie de d\u00e9tection tr\u00e8s sensible, notamment le d\u00e9tecteur de fluorescence, le syst\u00e8me Chromaster HPLC est l\u2019un des syst\u00e8mes LC les plus puissants du march\u00e9. Une \u00e9norme quantit\u00e9 d\u2019accessoires et une configuration modulaire permettent une adaptation facile \u00e0 tous les besoins du client, que ce soit pour une application industrielle agressive ou pour une application hautement sensible dans le domaine pharmaceutique. La coop\u00e9ration de VWR avec Hitachi a d\u00e9marr\u00e9 il y a 30\u00a0ans, par le biais de la coop\u00e9ration Merck Hitachi. Au cours des ann\u00e9es, la robustesse et la fiabilit\u00e9 des instruments HPLC d\u2019Hitachi ont permis de cr\u00e9er et de d\u00e9velopper un partenariat solide.<\/p>\n<div class=\"ast-oembed-container \" style=\"height: 100%;\"><iframe loading=\"lazy\" title=\"Hitachi&#039;s NEW HPLC: The Chromaster High Performance Liquid Chromatograph\" width=\"500\" height=\"281\" src=\"https:\/\/www.youtube.com\/embed\/k7jlAU1-ah8?start=162&#038;feature=oembed\" frameborder=\"0\" allow=\"accelerometer; autoplay; clipboard-write; encrypted-media; gyroscope; picture-in-picture; web-share\" referrerpolicy=\"strict-origin-when-cross-origin\" allowfullscreen><\/iframe><\/div>\n","protected":false},"excerpt":{"rendered":"<p><span style=\"color: #ff0000;\"><strong>Prix affich\u00e9 en Hors Taxes<\/strong><\/span><\/p>\n<p>Marque: <strong>HITACHI\u00a0 <img loading=\"lazy\" decoding=\"async\" class=\"alignnone  wp-image-4679\" src=\"https:\/\/store.microbiotech.dz\/wp-content\/uploads\/2023\/06\/japon.png\" alt=\"\" width=\"47\" height=\"31\" \/><\/strong><\/p>\n<ul>\n<li>Pompe puissante 600 bar (60 MPa)<\/li>\n<li>Excellente reproductibilit\u00e9 de gradient<\/li>\n<li>\u00c9chantillonneurs automatiques \u00e0 taux de surplus tr\u00e8s faible Injection en boucle et injection directe disponibles avec des portoirs d\u2019\u00e9chantillons \u00e0 thermostat Peltier<\/li>\n<li>D\u00e9tecteur de fluorescence extr\u00eamement sensible (fente de 30 nm optimis\u00e9e)<\/li>\n<li>D\u00e9tecteur barrette de diodes \u00e0 tr\u00e8s faible d\u00e9rive (1,0\u00d710-4 AU hr-1)<\/li>\n<li>V\u00e9rification automatique de la longueur d\u2019onde \u00e0 l\u2019aide d\u2019une lampe au mercure pour les d\u00e9tecteurs UV, DAD et de fluorescence<\/li>\n<li>Pilotes disponibles pour OpenLab\u00ae CDS, Chromeleon\u00ae 6.8 et 7.X, Empower2\u00ae et Empower3\u00ae et Clarity<\/li>\n<\/ul>\n<p><a href=\"https:\/\/fr.vwr.com\/assetsvc\/asset\/fr_FR\/id\/18762556\/contents\/chromaster.pdf\" target=\"_blank\" rel=\"noopener\">Brochure<\/a><\/p>\n<p><a href=\"https:\/\/fr.vwr.com\/assetsvc\/asset\/fr_FR\/id\/25381029\/contents\/chromaster-hplc-system.pdf\" target=\"_blank\" rel=\"noopener\">Fiche technique<\/a><\/p>\n<p><strong>Equipements inclus:<\/strong><\/p>\n<p><strong>903-0537<\/strong> \u2013 Organiseur pour cha\u00eene Chromaster. Stockage des bouteilles \u00e0 solvants Jusqu\u2019\u00e0 6 x 1L et 3 x 500ml. Centralise l\u2019alimentation \u00e9lectrique de la cha\u00eene<\/p>\n<p><strong>903-0545<\/strong> \u2013 Interface USB pour Chromaster. Carte de communication USB entre l\u2019HPLC et le PC<\/p>\n<p><strong>HITA892-0124E<\/strong> \u2013 [EN]CHROMASTER 5160 PUMP<\/p>\n<p><strong>903-0562<\/strong> \u2013 Kit gradient basse pression pour syst\u00e8me HPLC Chromaster. Il inclut un syst\u00e8me de quatre \u00e9lectrovannes, une chambre de m\u00e9lange standard et des capillaires pour pompes Chromaster 5110 et 5160 (int\u00e9gr\u00e9e \u00e0 la pompe lors de l\u2019installation en laboratoire)<\/p>\n<p><strong>903-0364<\/strong> \u2013 CHROMASTER 6CH DEGASSER (H) CM5110\/5160<\/p>\n<p><strong>903-0540<\/strong> \u2013 Clavier de pilotage pour pompes Chromaster. \u00c9l\u00e9ments de montage inclus pour pompes 5110 et 5160 HPLC Chromaster<\/p>\n<p><strong>HITA892-0784E<\/strong> \u2013 CHROMASTER 5280 AS WITH COOLING UNIT<\/p>\n<p><strong>HITA892-0304E<\/strong> \u2013 CHROMASTER 5310 COLUMN OVEN<\/p>\n<p><strong>HITA892-0424E<\/strong> \u2013 CHROMASTER 5420 UV-VIS DETECTOR<\/p>\n<p><strong>906-0192<\/strong> \u2013 CLARITY VA BUNDLE W\/O PDA CONTROL<\/p>\n","protected":false},"featured_media":1462,"comment_status":"open","ping_status":"closed","template":"","meta":{"site-sidebar-layout":"default","site-content-layout":"default","ast-site-content-layout":"default","site-content-style":"default","site-sidebar-style":"default","ast-global-header-display":"","ast-banner-title-visibility":"","ast-main-header-display":"","ast-hfb-above-header-display":"","ast-hfb-below-header-display":"","ast-hfb-mobile-header-display":"","site-post-title":"","ast-breadcrumbs-content":"","ast-featured-img":"","footer-sml-layout":"","ast-disable-related-posts":"","theme-transparent-header-meta":"default","adv-header-id-meta":"","stick-header-meta":"","header-above-stick-meta":"","header-main-stick-meta":"","header-below-stick-meta":"","astra-migrate-meta-layouts":"set","ast-page-background-enabled":"default","ast-page-background-meta":{"desktop":{"background-color":"var(--ast-global-color-4)","background-image":"","background-repeat":"repeat","background-position":"center center","background-size":"auto","background-attachment":"scroll","background-type":"","background-media":"","overlay-type":"","overlay-color":"","overlay-opacity":"","overlay-gradient":""},"tablet":{"background-color":"","background-image":"","background-repeat":"repeat","background-position":"center center","background-size":"auto","background-attachment":"scroll","background-type":"","background-media":"","overlay-type":"","overlay-color":"","overlay-opacity":"","overlay-gradient":""},"mobile":{"background-color":"","background-image":"","background-repeat":"repeat","background-position":"center center","background-size":"auto","background-attachment":"scroll","background-type":"","background-media":"","overlay-type":"","overlay-color":"","overlay-opacity":"","overlay-gradient":""}},"ast-content-background-meta":{"desktop":{"background-color":"var(--ast-global-color-5)","background-image":"","background-repeat":"repeat","background-position":"center center","background-size":"auto","background-attachment":"scroll","background-type":"","background-media":"","overlay-type":"","overlay-color":"","overlay-opacity":"","overlay-gradient":""},"tablet":{"background-color":"var(--ast-global-color-5)","background-image":"","background-repeat":"repeat","background-position":"center center","background-size":"auto","background-attachment":"scroll","background-type":"","background-media":"","overlay-type":"","overlay-color":"","overlay-opacity":"","overlay-gradient":""},"mobile":{"background-color":"var(--ast-global-color-5)","background-image":"","background-repeat":"repeat","background-position":"center center","background-size":"auto","background-attachment":"scroll","background-type":"","background-media":"","overlay-type":"","overlay-color":"","overlay-opacity":"","overlay-gradient":""}}},"product_brand":[],"product_cat":[238],"product_tag":[536,518,454,517,519],"class_list":{"0":"post-1459","1":"product","2":"type-product","3":"status-publish","4":"has-post-thumbnail","6":"product_cat-equipements","7":"product_tag-f17","8":"product_tag-hitachi","9":"product_tag-hplc","10":"product_tag-systeme-hplc","11":"product_tag-vwr-hitachi","12":"product_shipping_class-temperature-ambiante","13":"desktop-align-center","14":"tablet-align-left","15":"mobile-align-left","17":"first","18":"outofstock","19":"taxable","20":"shipping-taxable","21":"purchasable","22":"product-type-simple"},"yoast_head":"<!-- This site is optimized with the Yoast SEO plugin v27.6 - https:\/\/yoast.com\/product\/yoast-seo-wordpress\/ -->\n<title>Chaine HPLC Chromaster - La Boutique en ligne<\/title>\n<meta name=\"description\" content=\"Chromaster HPLC a des performances \u00e9lev\u00e9es et est facile \u00e0 utiliser gr\u00e2ce \u00e0 une faible capacit\u00e9 r\u00e9siduelle et des accessoires modulables. La technologie de d\u00e9tection de fluorescence est tr\u00e8s sensible.\" \/>\n<meta name=\"robots\" content=\"index, follow, max-snippet:-1, max-image-preview:large, max-video-preview:-1\" \/>\n<link rel=\"canonical\" href=\"https:\/\/store.microbiotech.dz\/index.php\/produit\/chaine-hplc-chromaster\/\" \/>\n<meta property=\"og:locale\" content=\"fr_FR\" \/>\n<meta property=\"og:type\" content=\"article\" \/>\n<meta property=\"og:title\" content=\"Chaine HPLC Chromaster - La Boutique en ligne\" \/>\n<meta property=\"og:description\" content=\"Chromaster HPLC a des performances \u00e9lev\u00e9es et est facile \u00e0 utiliser gr\u00e2ce \u00e0 une faible capacit\u00e9 r\u00e9siduelle et des accessoires modulables. La technologie de d\u00e9tection de fluorescence est tr\u00e8s sensible.\" \/>\n<meta property=\"og:url\" content=\"https:\/\/store.microbiotech.dz\/index.php\/produit\/chaine-hplc-chromaster\/\" \/>\n<meta property=\"og:site_name\" content=\"La Boutique en ligne\" \/>\n<meta property=\"article:publisher\" content=\"https:\/\/www.facebook.com\/MicroBiotech.dz\" \/>\n<meta property=\"article:modified_time\" content=\"2026-02-18T10:54:14+00:00\" \/>\n<meta property=\"og:image\" content=\"https:\/\/store.microbiotech.dz\/wp-content\/uploads\/2022\/02\/HPLC-sys-HITACHI.png\" \/>\n\t<meta property=\"og:image:width\" content=\"600\" \/>\n\t<meta property=\"og:image:height\" content=\"600\" \/>\n\t<meta property=\"og:image:type\" content=\"image\/png\" \/>\n<meta name=\"twitter:card\" content=\"summary_large_image\" \/>\n<meta name=\"twitter:site\" content=\"@MicrobiotechD\" \/>\n<meta name=\"twitter:label1\" content=\"Dur\u00e9e de lecture estim\u00e9e\" \/>\n\t<meta name=\"twitter:data1\" content=\"1 minute\" \/>\n<script type=\"application\/ld+json\" class=\"yoast-schema-graph\">{\"@context\":\"https:\\\/\\\/schema.org\",\"@graph\":[{\"@type\":\"WebPage\",\"@id\":\"https:\\\/\\\/store.microbiotech.dz\\\/index.php\\\/produit\\\/chaine-hplc-chromaster\\\/\",\"url\":\"https:\\\/\\\/store.microbiotech.dz\\\/index.php\\\/produit\\\/chaine-hplc-chromaster\\\/\",\"name\":\"Chaine HPLC Chromaster - La Boutique en ligne\",\"isPartOf\":{\"@id\":\"https:\\\/\\\/store.microbiotech.dz\\\/#website\"},\"primaryImageOfPage\":{\"@id\":\"https:\\\/\\\/store.microbiotech.dz\\\/index.php\\\/produit\\\/chaine-hplc-chromaster\\\/#primaryimage\"},\"image\":{\"@id\":\"https:\\\/\\\/store.microbiotech.dz\\\/index.php\\\/produit\\\/chaine-hplc-chromaster\\\/#primaryimage\"},\"thumbnailUrl\":\"https:\\\/\\\/store.microbiotech.dz\\\/wp-content\\\/uploads\\\/2022\\\/02\\\/HPLC-sys-HITACHI.png\",\"datePublished\":\"2022-02-21T10:56:25+00:00\",\"dateModified\":\"2026-02-18T10:54:14+00:00\",\"description\":\"Chromaster HPLC a des performances \u00e9lev\u00e9es et est facile \u00e0 utiliser gr\u00e2ce \u00e0 une faible capacit\u00e9 r\u00e9siduelle et des accessoires modulables. La technologie de d\u00e9tection de fluorescence est tr\u00e8s sensible.\",\"breadcrumb\":{\"@id\":\"https:\\\/\\\/store.microbiotech.dz\\\/index.php\\\/produit\\\/chaine-hplc-chromaster\\\/#breadcrumb\"},\"inLanguage\":\"fr-FR\",\"potentialAction\":[{\"@type\":\"ReadAction\",\"target\":[\"https:\\\/\\\/store.microbiotech.dz\\\/index.php\\\/produit\\\/chaine-hplc-chromaster\\\/\"]}]},{\"@type\":\"ImageObject\",\"inLanguage\":\"fr-FR\",\"@id\":\"https:\\\/\\\/store.microbiotech.dz\\\/index.php\\\/produit\\\/chaine-hplc-chromaster\\\/#primaryimage\",\"url\":\"https:\\\/\\\/store.microbiotech.dz\\\/wp-content\\\/uploads\\\/2022\\\/02\\\/HPLC-sys-HITACHI.png\",\"contentUrl\":\"https:\\\/\\\/store.microbiotech.dz\\\/wp-content\\\/uploads\\\/2022\\\/02\\\/HPLC-sys-HITACHI.png\",\"width\":600,\"height\":600},{\"@type\":\"BreadcrumbList\",\"@id\":\"https:\\\/\\\/store.microbiotech.dz\\\/index.php\\\/produit\\\/chaine-hplc-chromaster\\\/#breadcrumb\",\"itemListElement\":[{\"@type\":\"ListItem\",\"position\":1,\"name\":\"Accueil\",\"item\":\"https:\\\/\\\/store.microbiotech.dz\\\/\"},{\"@type\":\"ListItem\",\"position\":2,\"name\":\"Nos Produits\",\"item\":\"https:\\\/\\\/store.microbiotech.dz\\\/index.php\\\/nos-produits\\\/\"},{\"@type\":\"ListItem\",\"position\":3,\"name\":\"Chaine HPLC Chromaster\"}]},{\"@type\":\"WebSite\",\"@id\":\"https:\\\/\\\/store.microbiotech.dz\\\/#website\",\"url\":\"https:\\\/\\\/store.microbiotech.dz\\\/\",\"name\":\"La Boutique en ligne\",\"description\":\"Qualit\u00e9 - Rapidit\u00e9 - Tranquillit\u00e9\",\"publisher\":{\"@id\":\"https:\\\/\\\/store.microbiotech.dz\\\/#organization\"},\"potentialAction\":[{\"@type\":\"SearchAction\",\"target\":{\"@type\":\"EntryPoint\",\"urlTemplate\":\"https:\\\/\\\/store.microbiotech.dz\\\/?s={search_term_string}\"},\"query-input\":{\"@type\":\"PropertyValueSpecification\",\"valueRequired\":true,\"valueName\":\"search_term_string\"}}],\"inLanguage\":\"fr-FR\"},{\"@type\":\"Organization\",\"@id\":\"https:\\\/\\\/store.microbiotech.dz\\\/#organization\",\"name\":\"Microbiotech EURL\",\"url\":\"https:\\\/\\\/store.microbiotech.dz\\\/\",\"logo\":{\"@type\":\"ImageObject\",\"inLanguage\":\"fr-FR\",\"@id\":\"https:\\\/\\\/store.microbiotech.dz\\\/#\\\/schema\\\/logo\\\/image\\\/\",\"url\":\"https:\\\/\\\/store.microbiotech.dz\\\/wp-content\\\/uploads\\\/2021\\\/09\\\/cropped-logo-microbiotech-2.jpg\",\"contentUrl\":\"https:\\\/\\\/store.microbiotech.dz\\\/wp-content\\\/uploads\\\/2021\\\/09\\\/cropped-logo-microbiotech-2.jpg\",\"width\":815,\"height\":586,\"caption\":\"Microbiotech EURL\"},\"image\":{\"@id\":\"https:\\\/\\\/store.microbiotech.dz\\\/#\\\/schema\\\/logo\\\/image\\\/\"},\"sameAs\":[\"https:\\\/\\\/www.facebook.com\\\/MicroBiotech.dz\",\"https:\\\/\\\/x.com\\\/MicrobiotechD\",\"https:\\\/\\\/www.linkedin.com\\\/in\\\/microbiotech\\\/\",\"https:\\\/\\\/www.youtube.com\\\/channel\\\/UCTxc3VIiX7LXD2LQYfZEcDg\"]}]}<\/script>\n<!-- \/ Yoast SEO plugin. -->","yoast_head_json":{"title":"Chaine HPLC Chromaster - La Boutique en ligne","description":"Chromaster HPLC a des performances \u00e9lev\u00e9es et est facile \u00e0 utiliser gr\u00e2ce \u00e0 une faible capacit\u00e9 r\u00e9siduelle et des accessoires modulables. La technologie de d\u00e9tection de fluorescence est tr\u00e8s sensible.","robots":{"index":"index","follow":"follow","max-snippet":"max-snippet:-1","max-image-preview":"max-image-preview:large","max-video-preview":"max-video-preview:-1"},"canonical":"https:\/\/store.microbiotech.dz\/index.php\/produit\/chaine-hplc-chromaster\/","og_locale":"fr_FR","og_type":"article","og_title":"Chaine HPLC Chromaster - La Boutique en ligne","og_description":"Chromaster HPLC a des performances \u00e9lev\u00e9es et est facile \u00e0 utiliser gr\u00e2ce \u00e0 une faible capacit\u00e9 r\u00e9siduelle et des accessoires modulables. La technologie de d\u00e9tection de fluorescence est tr\u00e8s sensible.","og_url":"https:\/\/store.microbiotech.dz\/index.php\/produit\/chaine-hplc-chromaster\/","og_site_name":"La Boutique en ligne","article_publisher":"https:\/\/www.facebook.com\/MicroBiotech.dz","article_modified_time":"2026-02-18T10:54:14+00:00","og_image":[{"width":600,"height":600,"url":"https:\/\/store.microbiotech.dz\/wp-content\/uploads\/2022\/02\/HPLC-sys-HITACHI.png","type":"image\/png"}],"twitter_card":"summary_large_image","twitter_site":"@MicrobiotechD","twitter_misc":{"Dur\u00e9e de lecture estim\u00e9e":"1 minute"},"schema":{"@context":"https:\/\/schema.org","@graph":[{"@type":"WebPage","@id":"https:\/\/store.microbiotech.dz\/index.php\/produit\/chaine-hplc-chromaster\/","url":"https:\/\/store.microbiotech.dz\/index.php\/produit\/chaine-hplc-chromaster\/","name":"Chaine HPLC Chromaster - La Boutique en ligne","isPartOf":{"@id":"https:\/\/store.microbiotech.dz\/#website"},"primaryImageOfPage":{"@id":"https:\/\/store.microbiotech.dz\/index.php\/produit\/chaine-hplc-chromaster\/#primaryimage"},"image":{"@id":"https:\/\/store.microbiotech.dz\/index.php\/produit\/chaine-hplc-chromaster\/#primaryimage"},"thumbnailUrl":"https:\/\/store.microbiotech.dz\/wp-content\/uploads\/2022\/02\/HPLC-sys-HITACHI.png","datePublished":"2022-02-21T10:56:25+00:00","dateModified":"2026-02-18T10:54:14+00:00","description":"Chromaster HPLC a des performances \u00e9lev\u00e9es et est facile \u00e0 utiliser gr\u00e2ce \u00e0 une faible capacit\u00e9 r\u00e9siduelle et des accessoires modulables. La technologie de d\u00e9tection de fluorescence est tr\u00e8s sensible.","breadcrumb":{"@id":"https:\/\/store.microbiotech.dz\/index.php\/produit\/chaine-hplc-chromaster\/#breadcrumb"},"inLanguage":"fr-FR","potentialAction":[{"@type":"ReadAction","target":["https:\/\/store.microbiotech.dz\/index.php\/produit\/chaine-hplc-chromaster\/"]}]},{"@type":"ImageObject","inLanguage":"fr-FR","@id":"https:\/\/store.microbiotech.dz\/index.php\/produit\/chaine-hplc-chromaster\/#primaryimage","url":"https:\/\/store.microbiotech.dz\/wp-content\/uploads\/2022\/02\/HPLC-sys-HITACHI.png","contentUrl":"https:\/\/store.microbiotech.dz\/wp-content\/uploads\/2022\/02\/HPLC-sys-HITACHI.png","width":600,"height":600},{"@type":"BreadcrumbList","@id":"https:\/\/store.microbiotech.dz\/index.php\/produit\/chaine-hplc-chromaster\/#breadcrumb","itemListElement":[{"@type":"ListItem","position":1,"name":"Accueil","item":"https:\/\/store.microbiotech.dz\/"},{"@type":"ListItem","position":2,"name":"Nos Produits","item":"https:\/\/store.microbiotech.dz\/index.php\/nos-produits\/"},{"@type":"ListItem","position":3,"name":"Chaine HPLC Chromaster"}]},{"@type":"WebSite","@id":"https:\/\/store.microbiotech.dz\/#website","url":"https:\/\/store.microbiotech.dz\/","name":"La Boutique en ligne","description":"Qualit\u00e9 - Rapidit\u00e9 - Tranquillit\u00e9","publisher":{"@id":"https:\/\/store.microbiotech.dz\/#organization"},"potentialAction":[{"@type":"SearchAction","target":{"@type":"EntryPoint","urlTemplate":"https:\/\/store.microbiotech.dz\/?s={search_term_string}"},"query-input":{"@type":"PropertyValueSpecification","valueRequired":true,"valueName":"search_term_string"}}],"inLanguage":"fr-FR"},{"@type":"Organization","@id":"https:\/\/store.microbiotech.dz\/#organization","name":"Microbiotech EURL","url":"https:\/\/store.microbiotech.dz\/","logo":{"@type":"ImageObject","inLanguage":"fr-FR","@id":"https:\/\/store.microbiotech.dz\/#\/schema\/logo\/image\/","url":"https:\/\/store.microbiotech.dz\/wp-content\/uploads\/2021\/09\/cropped-logo-microbiotech-2.jpg","contentUrl":"https:\/\/store.microbiotech.dz\/wp-content\/uploads\/2021\/09\/cropped-logo-microbiotech-2.jpg","width":815,"height":586,"caption":"Microbiotech EURL"},"image":{"@id":"https:\/\/store.microbiotech.dz\/#\/schema\/logo\/image\/"},"sameAs":["https:\/\/www.facebook.com\/MicroBiotech.dz","https:\/\/x.com\/MicrobiotechD","https:\/\/www.linkedin.com\/in\/microbiotech\/","https:\/\/www.youtube.com\/channel\/UCTxc3VIiX7LXD2LQYfZEcDg"]}]}},"jetpack_sharing_enabled":true,"_links":{"self":[{"href":"https:\/\/store.microbiotech.dz\/index.php\/wp-json\/wp\/v2\/product\/1459","targetHints":{"allow":["GET"]}}],"collection":[{"href":"https:\/\/store.microbiotech.dz\/index.php\/wp-json\/wp\/v2\/product"}],"about":[{"href":"https:\/\/store.microbiotech.dz\/index.php\/wp-json\/wp\/v2\/types\/product"}],"replies":[{"embeddable":true,"href":"https:\/\/store.microbiotech.dz\/index.php\/wp-json\/wp\/v2\/comments?post=1459"}],"wp:featuredmedia":[{"embeddable":true,"href":"https:\/\/store.microbiotech.dz\/index.php\/wp-json\/wp\/v2\/media\/1462"}],"wp:attachment":[{"href":"https:\/\/store.microbiotech.dz\/index.php\/wp-json\/wp\/v2\/media?parent=1459"}],"wp:term":[{"taxonomy":"product_brand","embeddable":true,"href":"https:\/\/store.microbiotech.dz\/index.php\/wp-json\/wp\/v2\/product_brand?post=1459"},{"taxonomy":"product_cat","embeddable":true,"href":"https:\/\/store.microbiotech.dz\/index.php\/wp-json\/wp\/v2\/product_cat?post=1459"},{"taxonomy":"product_tag","embeddable":true,"href":"https:\/\/store.microbiotech.dz\/index.php\/wp-json\/wp\/v2\/product_tag?post=1459"}],"curies":[{"name":"wp","href":"https:\/\/api.w.org\/{rel}","templated":true}]}}