{"id":1445,"date":"2022-02-20T13:23:48","date_gmt":"2022-02-20T12:23:48","guid":{"rendered":"https:\/\/store.microbiotech.dz\/?post_type=product&#038;p=1445"},"modified":"2024-02-21T13:21:21","modified_gmt":"2024-02-21T12:21:21","slug":"etuve-incubateur-bacteriologique","status":"publish","type":"product","link":"https:\/\/store.microbiotech.dz\/index.php\/produit\/etuve-incubateur-bacteriologique\/","title":{"rendered":"Incubateur Bact\u00e9riologique MEMMERT"},"content":{"rendered":"<p><strong>Applications<\/strong> : L&rsquo;incubateur trouve parfaitement sa place dans les domaines de la recherche, de la m\u00e9decine, de la pharmacie, de l&rsquo;analyse alimentaire, ainsi que de la chimie alimentaire.<\/p>\n<p>&#8211; Gamme de temp\u00e9rature : Ambiante +5&#8230;+80\u00b0C<br \/>\n&#8211; Convexion forc\u00e9e<br \/>\n&#8211; Portes doubles : verre \u00e0 l&rsquo;int\u00e9rieur, acier inoxydable \u00e0 l&rsquo;ext\u00e9rieur<br \/>\n&#8211; Utilisation conviviale et intuitive<br \/>\n&#8211; R\u00e9glage \u00e9lectronique du taux de changement d&rsquo;air et de la position du clapet d&rsquo;air<br \/>\n&#8211; Pr\u00e9chauffage de l&rsquo;air frais pour emp\u00eacher les variations de temp\u00e9rature<br \/>\n&#8211; Caisson int\u00e9rieur et paroi ext\u00e9rieure fabriqu\u00e9s quasi-exclusivement \u00e0 partir d\u2019acier inoxydable de grande qualit\u00e9, r\u00e9sistant \u00e0 la corrosion et facile d&rsquo;entretien<br \/>\n&#8211; Concept de chauffage sp\u00e9cifiquement adapt\u00e9 au produit pour un contr\u00f4le thermique pr\u00e9cis et homog\u00e8ne<br \/>\n&#8211; 1 ou 2 grilles inox \u00e9lectropolie incluse selon le model<\/p>\n<p><strong>R\u00e9gulateur SingleDISPLAY<\/strong>\u00a0: r\u00e9gulateur PID num\u00e9rique \u00e0 microprocesseur multifonctions adaptatif avec \u00e9cran couleurs TFT \u00e0 r\u00e9solution \u00e9lev\u00e9e<br \/>\n&#8211; Affichage couleur de la temp\u00e9rature, du temps, de la vitesse du ventilateur et ouverture du clapet d&rsquo;air<br \/>\n&#8211; Fonction SetpointWAIT<br \/>\n&#8211; Sortie Ethernet<br \/>\n&#8211; Logiciel AtmoCONTROL pour collecte de donn\u00e9es en option<\/p>\n<div class=\"ast-oembed-container \" style=\"height: 100%;\"><iframe loading=\"lazy\" title=\"Operation Memmert Laboratory Ovens\" width=\"500\" height=\"281\" src=\"https:\/\/www.youtube.com\/embed\/t6fSLxrpdrw?feature=oembed\" frameborder=\"0\" allow=\"accelerometer; autoplay; clipboard-write; encrypted-media; gyroscope; picture-in-picture; web-share\" referrerpolicy=\"strict-origin-when-cross-origin\" allowfullscreen><\/iframe><\/div>\n","protected":false},"excerpt":{"rendered":"<p>Marque: <strong>MEMMERT <img loading=\"lazy\" decoding=\"async\" class=\"alignnone wp-image-1649\" src=\"https:\/\/store.microbiotech.dz\/wp-content\/uploads\/2022\/04\/51968274-le-drapeau-allemand-icone-matte-ronde-isole-sur-fond-blanc--300x300.webp\" alt=\"\" width=\"50\" height=\"50\" srcset=\"https:\/\/store.microbiotech.dz\/wp-content\/uploads\/2022\/04\/51968274-le-drapeau-allemand-icone-matte-ronde-isole-sur-fond-blanc--300x300.webp 300w, https:\/\/store.microbiotech.dz\/wp-content\/uploads\/2022\/04\/51968274-le-drapeau-allemand-icone-matte-ronde-isole-sur-fond-blanc--150x150.webp 150w, https:\/\/store.microbiotech.dz\/wp-content\/uploads\/2022\/04\/51968274-le-drapeau-allemand-icone-matte-ronde-isole-sur-fond-blanc--100x100.webp 100w, https:\/\/store.microbiotech.dz\/wp-content\/uploads\/2022\/04\/51968274-le-drapeau-allemand-icone-matte-ronde-isole-sur-fond-blanc-.webp 450w\" sizes=\"auto, (max-width: 50px) 100vw, 50px\" \/><\/strong><br \/>\nVolumes : 53, 108 et 160 litres\u00a0&#8211; Version\u00a0SingleDISPLAY<br \/>\nGamme de temp. :\u00a0Amb. +5&#8230;+80\u00b0C<br \/>\nSortie Ethernet &#8211;\u00a0Convection forc\u00e9e<\/p>\n<p><strong>Fiches techniques:\u00a0<\/strong><\/p>\n<p><a href=\"https:\/\/www.memmert.com\/fr\/produit\/incubateurs\/incubateur\/IF55\/pdf\/\" target=\"_blank\" rel=\"noopener\">-Etuve Bactriologique IF55, 53 litres<\/a><\/p>\n<p><a href=\"https:\/\/www.memmert.com\/fr\/produit\/incubateurs\/incubateur\/IN110\/pdf\/\" target=\"_blank\" rel=\"noopener\">-Etuve Bacteriologique IN110, 108 litres<\/a><\/p>\n<p><a href=\"https:\/\/www.memmert.com\/fr\/produit\/incubateurs\/incubateur\/IN160\/pdf\/\" target=\"_blank\" rel=\"noopener\">-Etuve Bacteriologique IN160, 160 litres<\/a><\/p>\n","protected":false},"featured_media":1454,"comment_status":"open","ping_status":"closed","template":"","meta":{"site-sidebar-layout":"default","site-content-layout":"default","ast-site-content-layout":"default","site-content-style":"default","site-sidebar-style":"default","ast-global-header-display":"","ast-banner-title-visibility":"","ast-main-header-display":"","ast-hfb-above-header-display":"","ast-hfb-below-header-display":"","ast-hfb-mobile-header-display":"","site-post-title":"","ast-breadcrumbs-content":"","ast-featured-img":"","footer-sml-layout":"","ast-disable-related-posts":"","theme-transparent-header-meta":"default","adv-header-id-meta":"","stick-header-meta":"","header-above-stick-meta":"","header-main-stick-meta":"","header-below-stick-meta":"","astra-migrate-meta-layouts":"set","ast-page-background-enabled":"default","ast-page-background-meta":{"desktop":{"background-color":"var(--ast-global-color-4)","background-image":"","background-repeat":"repeat","background-position":"center center","background-size":"auto","background-attachment":"scroll","background-type":"","background-media":"","overlay-type":"","overlay-color":"","overlay-opacity":"","overlay-gradient":""},"tablet":{"background-color":"","background-image":"","background-repeat":"repeat","background-position":"center center","background-size":"auto","background-attachment":"scroll","background-type":"","background-media":"","overlay-type":"","overlay-color":"","overlay-opacity":"","overlay-gradient":""},"mobile":{"background-color":"","background-image":"","background-repeat":"repeat","background-position":"center center","background-size":"auto","background-attachment":"scroll","background-type":"","background-media":"","overlay-type":"","overlay-color":"","overlay-opacity":"","overlay-gradient":""}},"ast-content-background-meta":{"desktop":{"background-color":"var(--ast-global-color-5)","background-image":"","background-repeat":"repeat","background-position":"center center","background-size":"auto","background-attachment":"scroll","background-type":"","background-media":"","overlay-type":"","overlay-color":"","overlay-opacity":"","overlay-gradient":""},"tablet":{"background-color":"var(--ast-global-color-5)","background-image":"","background-repeat":"repeat","background-position":"center center","background-size":"auto","background-attachment":"scroll","background-type":"","background-media":"","overlay-type":"","overlay-color":"","overlay-opacity":"","overlay-gradient":""},"mobile":{"background-color":"var(--ast-global-color-5)","background-image":"","background-repeat":"repeat","background-position":"center center","background-size":"auto","background-attachment":"scroll","background-type":"","background-media":"","overlay-type":"","overlay-color":"","overlay-opacity":"","overlay-gradient":""}},"jetpack_post_was_ever_published":false},"product_brand":[],"product_cat":[238],"product_tag":[515,514,541,516,501],"class_list":{"0":"post-1445","1":"product","2":"type-product","3":"status-publish","4":"has-post-thumbnail","6":"product_cat-equipements","7":"product_tag-bacteriologique","8":"product_tag-etuve","9":"product_tag-f10","10":"product_tag-incubateur","11":"product_tag-memmert","12":"product_shipping_class-temperature-ambiante","13":"desktop-align-center","14":"tablet-align-left","15":"mobile-align-left","17":"first","18":"outofstock","19":"taxable","20":"shipping-taxable","21":"product-type-variable"},"yoast_head":"<!-- This site is optimized with the Yoast SEO plugin v27.5 - https:\/\/yoast.com\/product\/yoast-seo-wordpress\/ -->\n<title>Incubateur Bact\u00e9riologique MEMMERT - La Boutique en ligne<\/title>\n<meta name=\"description\" content=\"L&#039;incubateur trouve parfaitement sa place dans les domaines de la recherche, de la m\u00e9decine, de la pharmacie, de l&#039;analyse alimentaire, ainsi que de la chimie alimentaire.\" \/>\n<meta name=\"robots\" content=\"index, follow, max-snippet:-1, max-image-preview:large, max-video-preview:-1\" \/>\n<link rel=\"canonical\" href=\"https:\/\/store.microbiotech.dz\/index.php\/produit\/etuve-incubateur-bacteriologique\/\" \/>\n<meta property=\"og:locale\" content=\"fr_FR\" \/>\n<meta property=\"og:type\" content=\"article\" \/>\n<meta property=\"og:title\" content=\"Incubateur Bact\u00e9riologique MEMMERT - La Boutique en ligne\" \/>\n<meta property=\"og:description\" content=\"L&#039;incubateur trouve parfaitement sa place dans les domaines de la recherche, de la m\u00e9decine, de la pharmacie, de l&#039;analyse alimentaire, ainsi que de la chimie alimentaire.\" \/>\n<meta property=\"og:url\" content=\"https:\/\/store.microbiotech.dz\/index.php\/produit\/etuve-incubateur-bacteriologique\/\" \/>\n<meta property=\"og:site_name\" content=\"La Boutique en ligne\" \/>\n<meta property=\"article:publisher\" content=\"https:\/\/www.facebook.com\/MicroBiotech.dz\" \/>\n<meta property=\"article:modified_time\" content=\"2024-02-21T12:21:21+00:00\" \/>\n<meta property=\"og:image\" content=\"https:\/\/store.microbiotech.dz\/wp-content\/uploads\/2022\/02\/incubateur-bacteriologique-in-160-convection-naturelle-memmert_800_800-158833.png\" \/>\n\t<meta property=\"og:image:width\" content=\"800\" \/>\n\t<meta property=\"og:image:height\" content=\"800\" \/>\n\t<meta property=\"og:image:type\" content=\"image\/png\" \/>\n<meta name=\"twitter:card\" content=\"summary_large_image\" \/>\n<meta name=\"twitter:site\" content=\"@MicrobiotechD\" \/>\n<meta name=\"twitter:label1\" content=\"Dur\u00e9e de lecture estim\u00e9e\" \/>\n\t<meta name=\"twitter:data1\" content=\"1 minute\" \/>\n<script type=\"application\/ld+json\" class=\"yoast-schema-graph\">{\"@context\":\"https:\\\/\\\/schema.org\",\"@graph\":[{\"@type\":\"WebPage\",\"@id\":\"https:\\\/\\\/store.microbiotech.dz\\\/index.php\\\/produit\\\/etuve-incubateur-bacteriologique\\\/\",\"url\":\"https:\\\/\\\/store.microbiotech.dz\\\/index.php\\\/produit\\\/etuve-incubateur-bacteriologique\\\/\",\"name\":\"Incubateur Bact\u00e9riologique MEMMERT - La Boutique en ligne\",\"isPartOf\":{\"@id\":\"https:\\\/\\\/store.microbiotech.dz\\\/#website\"},\"primaryImageOfPage\":{\"@id\":\"https:\\\/\\\/store.microbiotech.dz\\\/index.php\\\/produit\\\/etuve-incubateur-bacteriologique\\\/#primaryimage\"},\"image\":{\"@id\":\"https:\\\/\\\/store.microbiotech.dz\\\/index.php\\\/produit\\\/etuve-incubateur-bacteriologique\\\/#primaryimage\"},\"thumbnailUrl\":\"https:\\\/\\\/store.microbiotech.dz\\\/wp-content\\\/uploads\\\/2022\\\/02\\\/incubateur-bacteriologique-in-160-convection-naturelle-memmert_800_800-158833.png\",\"datePublished\":\"2022-02-20T12:23:48+00:00\",\"dateModified\":\"2024-02-21T12:21:21+00:00\",\"description\":\"L'incubateur trouve parfaitement sa place dans les domaines de la recherche, de la m\u00e9decine, de la pharmacie, de l'analyse alimentaire, ainsi que de la chimie alimentaire.\",\"breadcrumb\":{\"@id\":\"https:\\\/\\\/store.microbiotech.dz\\\/index.php\\\/produit\\\/etuve-incubateur-bacteriologique\\\/#breadcrumb\"},\"inLanguage\":\"fr-FR\",\"potentialAction\":[{\"@type\":\"ReadAction\",\"target\":[\"https:\\\/\\\/store.microbiotech.dz\\\/index.php\\\/produit\\\/etuve-incubateur-bacteriologique\\\/\"]}]},{\"@type\":\"ImageObject\",\"inLanguage\":\"fr-FR\",\"@id\":\"https:\\\/\\\/store.microbiotech.dz\\\/index.php\\\/produit\\\/etuve-incubateur-bacteriologique\\\/#primaryimage\",\"url\":\"https:\\\/\\\/store.microbiotech.dz\\\/wp-content\\\/uploads\\\/2022\\\/02\\\/incubateur-bacteriologique-in-160-convection-naturelle-memmert_800_800-158833.png\",\"contentUrl\":\"https:\\\/\\\/store.microbiotech.dz\\\/wp-content\\\/uploads\\\/2022\\\/02\\\/incubateur-bacteriologique-in-160-convection-naturelle-memmert_800_800-158833.png\",\"width\":800,\"height\":800},{\"@type\":\"BreadcrumbList\",\"@id\":\"https:\\\/\\\/store.microbiotech.dz\\\/index.php\\\/produit\\\/etuve-incubateur-bacteriologique\\\/#breadcrumb\",\"itemListElement\":[{\"@type\":\"ListItem\",\"position\":1,\"name\":\"Accueil\",\"item\":\"https:\\\/\\\/store.microbiotech.dz\\\/\"},{\"@type\":\"ListItem\",\"position\":2,\"name\":\"Nos Produits\",\"item\":\"https:\\\/\\\/store.microbiotech.dz\\\/index.php\\\/nos-produits\\\/\"},{\"@type\":\"ListItem\",\"position\":3,\"name\":\"Incubateur Bact\u00e9riologique MEMMERT\"}]},{\"@type\":\"WebSite\",\"@id\":\"https:\\\/\\\/store.microbiotech.dz\\\/#website\",\"url\":\"https:\\\/\\\/store.microbiotech.dz\\\/\",\"name\":\"La Boutique en ligne\",\"description\":\"Qualit\u00e9 - Rapidit\u00e9 - Tranquillit\u00e9\",\"publisher\":{\"@id\":\"https:\\\/\\\/store.microbiotech.dz\\\/#organization\"},\"potentialAction\":[{\"@type\":\"SearchAction\",\"target\":{\"@type\":\"EntryPoint\",\"urlTemplate\":\"https:\\\/\\\/store.microbiotech.dz\\\/?s={search_term_string}\"},\"query-input\":{\"@type\":\"PropertyValueSpecification\",\"valueRequired\":true,\"valueName\":\"search_term_string\"}}],\"inLanguage\":\"fr-FR\"},{\"@type\":\"Organization\",\"@id\":\"https:\\\/\\\/store.microbiotech.dz\\\/#organization\",\"name\":\"Microbiotech EURL\",\"url\":\"https:\\\/\\\/store.microbiotech.dz\\\/\",\"logo\":{\"@type\":\"ImageObject\",\"inLanguage\":\"fr-FR\",\"@id\":\"https:\\\/\\\/store.microbiotech.dz\\\/#\\\/schema\\\/logo\\\/image\\\/\",\"url\":\"https:\\\/\\\/store.microbiotech.dz\\\/wp-content\\\/uploads\\\/2021\\\/09\\\/cropped-logo-microbiotech-2.jpg\",\"contentUrl\":\"https:\\\/\\\/store.microbiotech.dz\\\/wp-content\\\/uploads\\\/2021\\\/09\\\/cropped-logo-microbiotech-2.jpg\",\"width\":815,\"height\":586,\"caption\":\"Microbiotech EURL\"},\"image\":{\"@id\":\"https:\\\/\\\/store.microbiotech.dz\\\/#\\\/schema\\\/logo\\\/image\\\/\"},\"sameAs\":[\"https:\\\/\\\/www.facebook.com\\\/MicroBiotech.dz\",\"https:\\\/\\\/x.com\\\/MicrobiotechD\",\"https:\\\/\\\/www.linkedin.com\\\/in\\\/microbiotech\\\/\",\"https:\\\/\\\/www.youtube.com\\\/channel\\\/UCTxc3VIiX7LXD2LQYfZEcDg\"]}]}<\/script>\n<!-- \/ Yoast SEO plugin. -->","yoast_head_json":{"title":"Incubateur Bact\u00e9riologique MEMMERT - La Boutique en ligne","description":"L'incubateur trouve parfaitement sa place dans les domaines de la recherche, de la m\u00e9decine, de la pharmacie, de l'analyse alimentaire, ainsi que de la chimie alimentaire.","robots":{"index":"index","follow":"follow","max-snippet":"max-snippet:-1","max-image-preview":"max-image-preview:large","max-video-preview":"max-video-preview:-1"},"canonical":"https:\/\/store.microbiotech.dz\/index.php\/produit\/etuve-incubateur-bacteriologique\/","og_locale":"fr_FR","og_type":"article","og_title":"Incubateur Bact\u00e9riologique MEMMERT - La Boutique en ligne","og_description":"L'incubateur trouve parfaitement sa place dans les domaines de la recherche, de la m\u00e9decine, de la pharmacie, de l'analyse alimentaire, ainsi que de la chimie alimentaire.","og_url":"https:\/\/store.microbiotech.dz\/index.php\/produit\/etuve-incubateur-bacteriologique\/","og_site_name":"La Boutique en ligne","article_publisher":"https:\/\/www.facebook.com\/MicroBiotech.dz","article_modified_time":"2024-02-21T12:21:21+00:00","og_image":[{"width":800,"height":800,"url":"https:\/\/store.microbiotech.dz\/wp-content\/uploads\/2022\/02\/incubateur-bacteriologique-in-160-convection-naturelle-memmert_800_800-158833.png","type":"image\/png"}],"twitter_card":"summary_large_image","twitter_site":"@MicrobiotechD","twitter_misc":{"Dur\u00e9e de lecture estim\u00e9e":"1 minute"},"schema":{"@context":"https:\/\/schema.org","@graph":[{"@type":"WebPage","@id":"https:\/\/store.microbiotech.dz\/index.php\/produit\/etuve-incubateur-bacteriologique\/","url":"https:\/\/store.microbiotech.dz\/index.php\/produit\/etuve-incubateur-bacteriologique\/","name":"Incubateur Bact\u00e9riologique MEMMERT - La Boutique en ligne","isPartOf":{"@id":"https:\/\/store.microbiotech.dz\/#website"},"primaryImageOfPage":{"@id":"https:\/\/store.microbiotech.dz\/index.php\/produit\/etuve-incubateur-bacteriologique\/#primaryimage"},"image":{"@id":"https:\/\/store.microbiotech.dz\/index.php\/produit\/etuve-incubateur-bacteriologique\/#primaryimage"},"thumbnailUrl":"https:\/\/store.microbiotech.dz\/wp-content\/uploads\/2022\/02\/incubateur-bacteriologique-in-160-convection-naturelle-memmert_800_800-158833.png","datePublished":"2022-02-20T12:23:48+00:00","dateModified":"2024-02-21T12:21:21+00:00","description":"L'incubateur trouve parfaitement sa place dans les domaines de la recherche, de la m\u00e9decine, de la pharmacie, de l'analyse alimentaire, ainsi que de la chimie alimentaire.","breadcrumb":{"@id":"https:\/\/store.microbiotech.dz\/index.php\/produit\/etuve-incubateur-bacteriologique\/#breadcrumb"},"inLanguage":"fr-FR","potentialAction":[{"@type":"ReadAction","target":["https:\/\/store.microbiotech.dz\/index.php\/produit\/etuve-incubateur-bacteriologique\/"]}]},{"@type":"ImageObject","inLanguage":"fr-FR","@id":"https:\/\/store.microbiotech.dz\/index.php\/produit\/etuve-incubateur-bacteriologique\/#primaryimage","url":"https:\/\/store.microbiotech.dz\/wp-content\/uploads\/2022\/02\/incubateur-bacteriologique-in-160-convection-naturelle-memmert_800_800-158833.png","contentUrl":"https:\/\/store.microbiotech.dz\/wp-content\/uploads\/2022\/02\/incubateur-bacteriologique-in-160-convection-naturelle-memmert_800_800-158833.png","width":800,"height":800},{"@type":"BreadcrumbList","@id":"https:\/\/store.microbiotech.dz\/index.php\/produit\/etuve-incubateur-bacteriologique\/#breadcrumb","itemListElement":[{"@type":"ListItem","position":1,"name":"Accueil","item":"https:\/\/store.microbiotech.dz\/"},{"@type":"ListItem","position":2,"name":"Nos Produits","item":"https:\/\/store.microbiotech.dz\/index.php\/nos-produits\/"},{"@type":"ListItem","position":3,"name":"Incubateur Bact\u00e9riologique MEMMERT"}]},{"@type":"WebSite","@id":"https:\/\/store.microbiotech.dz\/#website","url":"https:\/\/store.microbiotech.dz\/","name":"La Boutique en ligne","description":"Qualit\u00e9 - Rapidit\u00e9 - Tranquillit\u00e9","publisher":{"@id":"https:\/\/store.microbiotech.dz\/#organization"},"potentialAction":[{"@type":"SearchAction","target":{"@type":"EntryPoint","urlTemplate":"https:\/\/store.microbiotech.dz\/?s={search_term_string}"},"query-input":{"@type":"PropertyValueSpecification","valueRequired":true,"valueName":"search_term_string"}}],"inLanguage":"fr-FR"},{"@type":"Organization","@id":"https:\/\/store.microbiotech.dz\/#organization","name":"Microbiotech EURL","url":"https:\/\/store.microbiotech.dz\/","logo":{"@type":"ImageObject","inLanguage":"fr-FR","@id":"https:\/\/store.microbiotech.dz\/#\/schema\/logo\/image\/","url":"https:\/\/store.microbiotech.dz\/wp-content\/uploads\/2021\/09\/cropped-logo-microbiotech-2.jpg","contentUrl":"https:\/\/store.microbiotech.dz\/wp-content\/uploads\/2021\/09\/cropped-logo-microbiotech-2.jpg","width":815,"height":586,"caption":"Microbiotech EURL"},"image":{"@id":"https:\/\/store.microbiotech.dz\/#\/schema\/logo\/image\/"},"sameAs":["https:\/\/www.facebook.com\/MicroBiotech.dz","https:\/\/x.com\/MicrobiotechD","https:\/\/www.linkedin.com\/in\/microbiotech\/","https:\/\/www.youtube.com\/channel\/UCTxc3VIiX7LXD2LQYfZEcDg"]}]}},"jetpack_sharing_enabled":true,"_links":{"self":[{"href":"https:\/\/store.microbiotech.dz\/index.php\/wp-json\/wp\/v2\/product\/1445","targetHints":{"allow":["GET"]}}],"collection":[{"href":"https:\/\/store.microbiotech.dz\/index.php\/wp-json\/wp\/v2\/product"}],"about":[{"href":"https:\/\/store.microbiotech.dz\/index.php\/wp-json\/wp\/v2\/types\/product"}],"replies":[{"embeddable":true,"href":"https:\/\/store.microbiotech.dz\/index.php\/wp-json\/wp\/v2\/comments?post=1445"}],"wp:featuredmedia":[{"embeddable":true,"href":"https:\/\/store.microbiotech.dz\/index.php\/wp-json\/wp\/v2\/media\/1454"}],"wp:attachment":[{"href":"https:\/\/store.microbiotech.dz\/index.php\/wp-json\/wp\/v2\/media?parent=1445"}],"wp:term":[{"taxonomy":"product_brand","embeddable":true,"href":"https:\/\/store.microbiotech.dz\/index.php\/wp-json\/wp\/v2\/product_brand?post=1445"},{"taxonomy":"product_cat","embeddable":true,"href":"https:\/\/store.microbiotech.dz\/index.php\/wp-json\/wp\/v2\/product_cat?post=1445"},{"taxonomy":"product_tag","embeddable":true,"href":"https:\/\/store.microbiotech.dz\/index.php\/wp-json\/wp\/v2\/product_tag?post=1445"}],"curies":[{"name":"wp","href":"https:\/\/api.w.org\/{rel}","templated":true}]}}