{"id":14306,"date":"2025-04-09T11:22:25","date_gmt":"2025-04-09T10:22:25","guid":{"rendered":"https:\/\/store.microbiotech.dz\/?post_type=product&#038;p=14306"},"modified":"2025-11-08T14:35:25","modified_gmt":"2025-11-08T13:35:25","slug":"incubateur-etuve-de-sechage-a-temperature-constante-biobase","status":"publish","type":"product","link":"https:\/\/store.microbiotech.dz\/index.php\/produit\/incubateur-etuve-de-sechage-a-temperature-constante-biobase\/","title":{"rendered":"Incubateur &#8211; Etuve de s\u00e9chage \u00e0 temp\u00e9rature constante Biobase"},"content":{"rendered":"<p><a href=\"https:\/\/store.microbiotech.dz\/?s=incubateur\" target=\"_blank\" rel=\"noopener\">L&rsquo;Incubateur<\/a> &#8211; Etuve de s\u00e9chage \u00e0 temp\u00e9rature constante <a href=\"https:\/\/www.biobase.cc\/\" target=\"_blank\" rel=\"noopener\">Biobase<\/a> est l&rsquo;appareil id\u00e9al pour s\u00e9cher des \u00e9chantillons d\u00e9licats comme les poudres, insectes ou petites pi\u00e8ces sans risque de dispersion. Elle convient aux laboratoires, universit\u00e9s, entreprises agroalimentaires ou industrielles. Son affichage LCD clair permet un contr\u00f4le pr\u00e9cis de la temp\u00e9rature, avec une fonction d&rsquo;\u00e9talonnage int\u00e9gr\u00e9e. Le chauffage par le bas avec convection naturelle garantit une r\u00e9partition homog\u00e8ne de la chaleur.<\/p>\n<p>Cet Incubateur &#8211; Etuve de s\u00e9chage \u00e0 temp\u00e9rature constante Biobase int\u00e8gre une alarme de surchauffe, un syst\u00e8me de d\u00e9tection de d\u00e9fauts, ainsi qu\u2019un protecteur contre les fuites et surtensions. Sa structure en acier inoxydable \u00e0 rev\u00eatement pulv\u00e9ris\u00e9 assure robustesse et nettoyage facile. De plus, la fen\u00eatre d\u2019observation en verre double couche r\u00e9siste aux hautes temp\u00e9ratures et la fonction m\u00e9moire permet de retrouver automatiquement les r\u00e9glages apr\u00e8s chaque red\u00e9marrage.<\/p>\n","protected":false},"excerpt":{"rendered":"<p>&nbsp;<\/p>\n<p>Marque : <b>Biobase <\/b><img loading=\"lazy\" decoding=\"async\" class=\"alignnone wp-image-1795\" src=\"https:\/\/store.microbiotech.dz\/wp-content\/uploads\/2022\/04\/China-Flag.png\" sizes=\"auto, (max-width: 32px) 100vw, 32px\" srcset=\"https:\/\/store.microbiotech.dz\/wp-content\/uploads\/2022\/04\/China-Flag.png 224w, https:\/\/store.microbiotech.dz\/wp-content\/uploads\/2022\/04\/China-Flag-150x150.png 150w, https:\/\/store.microbiotech.dz\/wp-content\/uploads\/2022\/04\/China-Flag-100x100.png 100w\" alt=\"\" width=\"32\" height=\"32\" \/><br \/>\nPlage de temp\u00e9rature : <strong>RT+10\u2103~250\u2103<\/strong><br \/>\nR\u00e9solution :<strong> 0.1<\/strong><br \/>\nFluctuation de la temp\u00e9rature :<strong> \u00b11\u2103<\/strong><br \/>\nTemp. Uniformit\u00e9 : <strong>\u2264Temp\u00e9rature max.\u00b13\uff05<\/strong><br \/>\nIntervalle de temps : <strong>0~9999 min\/h<\/strong><br \/>\nAffichage : <strong>\u00e9cran LCD<\/strong><br \/>\nT\u00e9l\u00e9chargement : <a href=\"https:\/\/store.microbiotech.dz\/wp-content\/uploads\/2025\/04\/55-56-Constant-Temperature-Drying-Oven6.pdf\">Fiche technique<\/a><\/p>\n","protected":false},"featured_media":14310,"comment_status":"open","ping_status":"closed","template":"","meta":{"site-sidebar-layout":"default","site-content-layout":"","ast-site-content-layout":"default","site-content-style":"default","site-sidebar-style":"default","ast-global-header-display":"","ast-banner-title-visibility":"","ast-main-header-display":"","ast-hfb-above-header-display":"","ast-hfb-below-header-display":"","ast-hfb-mobile-header-display":"","site-post-title":"","ast-breadcrumbs-content":"","ast-featured-img":"","footer-sml-layout":"","ast-disable-related-posts":"","theme-transparent-header-meta":"default","adv-header-id-meta":"","stick-header-meta":"","header-above-stick-meta":"","header-main-stick-meta":"","header-below-stick-meta":"","astra-migrate-meta-layouts":"set","ast-page-background-enabled":"default","ast-page-background-meta":{"desktop":{"background-color":"var(--ast-global-color-4)","background-image":"","background-repeat":"repeat","background-position":"center center","background-size":"auto","background-attachment":"scroll","background-type":"","background-media":"","overlay-type":"","overlay-color":"","overlay-opacity":"","overlay-gradient":""},"tablet":{"background-color":"","background-image":"","background-repeat":"repeat","background-position":"center center","background-size":"auto","background-attachment":"scroll","background-type":"","background-media":"","overlay-type":"","overlay-color":"","overlay-opacity":"","overlay-gradient":""},"mobile":{"background-color":"","background-image":"","background-repeat":"repeat","background-position":"center center","background-size":"auto","background-attachment":"scroll","background-type":"","background-media":"","overlay-type":"","overlay-color":"","overlay-opacity":"","overlay-gradient":""}},"ast-content-background-meta":{"desktop":{"background-color":"var(--ast-global-color-5)","background-image":"","background-repeat":"repeat","background-position":"center center","background-size":"auto","background-attachment":"scroll","background-type":"","background-media":"","overlay-type":"","overlay-color":"","overlay-opacity":"","overlay-gradient":""},"tablet":{"background-color":"var(--ast-global-color-5)","background-image":"","background-repeat":"repeat","background-position":"center center","background-size":"auto","background-attachment":"scroll","background-type":"","background-media":"","overlay-type":"","overlay-color":"","overlay-opacity":"","overlay-gradient":""},"mobile":{"background-color":"var(--ast-global-color-5)","background-image":"","background-repeat":"repeat","background-position":"center center","background-size":"auto","background-attachment":"scroll","background-type":"","background-media":"","overlay-type":"","overlay-color":"","overlay-opacity":"","overlay-gradient":""}},"jetpack_post_was_ever_published":false},"product_brand":[],"product_cat":[238],"product_tag":[1919,514,930,2099,516,1364,2098],"class_list":{"0":"post-14306","1":"product","2":"type-product","3":"status-publish","4":"has-post-thumbnail","6":"product_cat-equipements","7":"product_tag-biobase","8":"product_tag-etuve","9":"product_tag-f90","10":"product_tag-four-de-sechage","11":"product_tag-incubateur","12":"product_tag-incubation","13":"product_tag-sechage","14":"desktop-align-center","15":"tablet-align-left","16":"mobile-align-left","18":"first","19":"onbackorder","20":"taxable","21":"shipping-taxable","22":"purchasable","23":"product-type-variable"},"yoast_head":"<!-- This site is optimized with the Yoast SEO plugin v27.4 - https:\/\/yoast.com\/product\/yoast-seo-wordpress\/ -->\n<title>Incubateur - Etuve de s\u00e9chage \u00e0 temp\u00e9rature constante Biobase - La Boutique en ligne<\/title>\n<meta name=\"description\" content=\"Incubateur - Etuve de s\u00e9chage \u00e0 temp\u00e9rature constante Biobase de haute qualit\u00e9 disponible sur votre boutique en ligne microbiotech.dz au meilleur prix !\" \/>\n<meta name=\"robots\" content=\"index, follow, max-snippet:-1, max-image-preview:large, max-video-preview:-1\" \/>\n<link rel=\"canonical\" href=\"https:\/\/store.microbiotech.dz\/index.php\/produit\/incubateur-etuve-de-sechage-a-temperature-constante-biobase\/\" \/>\n<meta property=\"og:locale\" content=\"fr_FR\" \/>\n<meta property=\"og:type\" content=\"article\" \/>\n<meta property=\"og:title\" content=\"Incubateur - Etuve de s\u00e9chage \u00e0 temp\u00e9rature constante Biobase - La Boutique en ligne\" \/>\n<meta property=\"og:description\" content=\"Incubateur - Etuve de s\u00e9chage \u00e0 temp\u00e9rature constante Biobase de haute qualit\u00e9 disponible sur votre boutique en ligne microbiotech.dz au meilleur prix !\" \/>\n<meta property=\"og:url\" content=\"https:\/\/store.microbiotech.dz\/index.php\/produit\/incubateur-etuve-de-sechage-a-temperature-constante-biobase\/\" \/>\n<meta property=\"og:site_name\" content=\"La Boutique en ligne\" \/>\n<meta property=\"article:publisher\" content=\"https:\/\/www.facebook.com\/MicroBiotech.dz\" \/>\n<meta property=\"article:modified_time\" content=\"2025-11-08T13:35:25+00:00\" \/>\n<meta property=\"og:image\" content=\"https:\/\/store.microbiotech.dz\/wp-content\/uploads\/2025\/04\/Constant-Temperature-Drying-Oven.webp\" \/>\n\t<meta property=\"og:image:width\" content=\"600\" \/>\n\t<meta property=\"og:image:height\" content=\"600\" \/>\n\t<meta property=\"og:image:type\" content=\"image\/webp\" \/>\n<meta name=\"twitter:card\" content=\"summary_large_image\" \/>\n<meta name=\"twitter:site\" content=\"@MicrobiotechD\" \/>\n<meta name=\"twitter:label1\" content=\"Dur\u00e9e de lecture estim\u00e9e\" \/>\n\t<meta name=\"twitter:data1\" content=\"1 minute\" \/>\n<script type=\"application\/ld+json\" class=\"yoast-schema-graph\">{\"@context\":\"https:\\\/\\\/schema.org\",\"@graph\":[{\"@type\":\"WebPage\",\"@id\":\"https:\\\/\\\/store.microbiotech.dz\\\/index.php\\\/produit\\\/incubateur-etuve-de-sechage-a-temperature-constante-biobase\\\/\",\"url\":\"https:\\\/\\\/store.microbiotech.dz\\\/index.php\\\/produit\\\/incubateur-etuve-de-sechage-a-temperature-constante-biobase\\\/\",\"name\":\"Incubateur - Etuve de s\u00e9chage \u00e0 temp\u00e9rature constante Biobase - La Boutique en ligne\",\"isPartOf\":{\"@id\":\"https:\\\/\\\/store.microbiotech.dz\\\/#website\"},\"primaryImageOfPage\":{\"@id\":\"https:\\\/\\\/store.microbiotech.dz\\\/index.php\\\/produit\\\/incubateur-etuve-de-sechage-a-temperature-constante-biobase\\\/#primaryimage\"},\"image\":{\"@id\":\"https:\\\/\\\/store.microbiotech.dz\\\/index.php\\\/produit\\\/incubateur-etuve-de-sechage-a-temperature-constante-biobase\\\/#primaryimage\"},\"thumbnailUrl\":\"https:\\\/\\\/store.microbiotech.dz\\\/wp-content\\\/uploads\\\/2025\\\/04\\\/Constant-Temperature-Drying-Oven.webp\",\"datePublished\":\"2025-04-09T10:22:25+00:00\",\"dateModified\":\"2025-11-08T13:35:25+00:00\",\"description\":\"Incubateur - Etuve de s\u00e9chage \u00e0 temp\u00e9rature constante Biobase de haute qualit\u00e9 disponible sur votre boutique en ligne microbiotech.dz au meilleur prix !\",\"breadcrumb\":{\"@id\":\"https:\\\/\\\/store.microbiotech.dz\\\/index.php\\\/produit\\\/incubateur-etuve-de-sechage-a-temperature-constante-biobase\\\/#breadcrumb\"},\"inLanguage\":\"fr-FR\",\"potentialAction\":[{\"@type\":\"ReadAction\",\"target\":[\"https:\\\/\\\/store.microbiotech.dz\\\/index.php\\\/produit\\\/incubateur-etuve-de-sechage-a-temperature-constante-biobase\\\/\"]}]},{\"@type\":\"ImageObject\",\"inLanguage\":\"fr-FR\",\"@id\":\"https:\\\/\\\/store.microbiotech.dz\\\/index.php\\\/produit\\\/incubateur-etuve-de-sechage-a-temperature-constante-biobase\\\/#primaryimage\",\"url\":\"https:\\\/\\\/store.microbiotech.dz\\\/wp-content\\\/uploads\\\/2025\\\/04\\\/Constant-Temperature-Drying-Oven.webp\",\"contentUrl\":\"https:\\\/\\\/store.microbiotech.dz\\\/wp-content\\\/uploads\\\/2025\\\/04\\\/Constant-Temperature-Drying-Oven.webp\",\"width\":600,\"height\":600,\"caption\":\"Incubateur - Etuve de s\u00e9chage \u00e0 temp\u00e9rature constante Biobase\"},{\"@type\":\"BreadcrumbList\",\"@id\":\"https:\\\/\\\/store.microbiotech.dz\\\/index.php\\\/produit\\\/incubateur-etuve-de-sechage-a-temperature-constante-biobase\\\/#breadcrumb\",\"itemListElement\":[{\"@type\":\"ListItem\",\"position\":1,\"name\":\"Accueil\",\"item\":\"https:\\\/\\\/store.microbiotech.dz\\\/\"},{\"@type\":\"ListItem\",\"position\":2,\"name\":\"Nos Produits\",\"item\":\"https:\\\/\\\/store.microbiotech.dz\\\/index.php\\\/nos-produits\\\/\"},{\"@type\":\"ListItem\",\"position\":3,\"name\":\"Incubateur &#8211; Etuve de s\u00e9chage \u00e0 temp\u00e9rature constante Biobase\"}]},{\"@type\":\"WebSite\",\"@id\":\"https:\\\/\\\/store.microbiotech.dz\\\/#website\",\"url\":\"https:\\\/\\\/store.microbiotech.dz\\\/\",\"name\":\"La Boutique en ligne\",\"description\":\"Qualit\u00e9 - Rapidit\u00e9 - Tranquillit\u00e9\",\"publisher\":{\"@id\":\"https:\\\/\\\/store.microbiotech.dz\\\/#organization\"},\"potentialAction\":[{\"@type\":\"SearchAction\",\"target\":{\"@type\":\"EntryPoint\",\"urlTemplate\":\"https:\\\/\\\/store.microbiotech.dz\\\/?s={search_term_string}\"},\"query-input\":{\"@type\":\"PropertyValueSpecification\",\"valueRequired\":true,\"valueName\":\"search_term_string\"}}],\"inLanguage\":\"fr-FR\"},{\"@type\":\"Organization\",\"@id\":\"https:\\\/\\\/store.microbiotech.dz\\\/#organization\",\"name\":\"Microbiotech EURL\",\"url\":\"https:\\\/\\\/store.microbiotech.dz\\\/\",\"logo\":{\"@type\":\"ImageObject\",\"inLanguage\":\"fr-FR\",\"@id\":\"https:\\\/\\\/store.microbiotech.dz\\\/#\\\/schema\\\/logo\\\/image\\\/\",\"url\":\"https:\\\/\\\/store.microbiotech.dz\\\/wp-content\\\/uploads\\\/2021\\\/09\\\/cropped-logo-microbiotech-2.jpg\",\"contentUrl\":\"https:\\\/\\\/store.microbiotech.dz\\\/wp-content\\\/uploads\\\/2021\\\/09\\\/cropped-logo-microbiotech-2.jpg\",\"width\":815,\"height\":586,\"caption\":\"Microbiotech EURL\"},\"image\":{\"@id\":\"https:\\\/\\\/store.microbiotech.dz\\\/#\\\/schema\\\/logo\\\/image\\\/\"},\"sameAs\":[\"https:\\\/\\\/www.facebook.com\\\/MicroBiotech.dz\",\"https:\\\/\\\/x.com\\\/MicrobiotechD\",\"https:\\\/\\\/www.linkedin.com\\\/in\\\/microbiotech\\\/\",\"https:\\\/\\\/www.youtube.com\\\/channel\\\/UCTxc3VIiX7LXD2LQYfZEcDg\"]}]}<\/script>\n<!-- \/ Yoast SEO plugin. -->","yoast_head_json":{"title":"Incubateur - Etuve de s\u00e9chage \u00e0 temp\u00e9rature constante Biobase - La Boutique en ligne","description":"Incubateur - Etuve de s\u00e9chage \u00e0 temp\u00e9rature constante Biobase de haute qualit\u00e9 disponible sur votre boutique en ligne microbiotech.dz au meilleur prix !","robots":{"index":"index","follow":"follow","max-snippet":"max-snippet:-1","max-image-preview":"max-image-preview:large","max-video-preview":"max-video-preview:-1"},"canonical":"https:\/\/store.microbiotech.dz\/index.php\/produit\/incubateur-etuve-de-sechage-a-temperature-constante-biobase\/","og_locale":"fr_FR","og_type":"article","og_title":"Incubateur - Etuve de s\u00e9chage \u00e0 temp\u00e9rature constante Biobase - La Boutique en ligne","og_description":"Incubateur - Etuve de s\u00e9chage \u00e0 temp\u00e9rature constante Biobase de haute qualit\u00e9 disponible sur votre boutique en ligne microbiotech.dz au meilleur prix !","og_url":"https:\/\/store.microbiotech.dz\/index.php\/produit\/incubateur-etuve-de-sechage-a-temperature-constante-biobase\/","og_site_name":"La Boutique en ligne","article_publisher":"https:\/\/www.facebook.com\/MicroBiotech.dz","article_modified_time":"2025-11-08T13:35:25+00:00","og_image":[{"width":600,"height":600,"url":"https:\/\/store.microbiotech.dz\/wp-content\/uploads\/2025\/04\/Constant-Temperature-Drying-Oven.webp","type":"image\/webp"}],"twitter_card":"summary_large_image","twitter_site":"@MicrobiotechD","twitter_misc":{"Dur\u00e9e de lecture estim\u00e9e":"1 minute"},"schema":{"@context":"https:\/\/schema.org","@graph":[{"@type":"WebPage","@id":"https:\/\/store.microbiotech.dz\/index.php\/produit\/incubateur-etuve-de-sechage-a-temperature-constante-biobase\/","url":"https:\/\/store.microbiotech.dz\/index.php\/produit\/incubateur-etuve-de-sechage-a-temperature-constante-biobase\/","name":"Incubateur - Etuve de s\u00e9chage \u00e0 temp\u00e9rature constante Biobase - La Boutique en ligne","isPartOf":{"@id":"https:\/\/store.microbiotech.dz\/#website"},"primaryImageOfPage":{"@id":"https:\/\/store.microbiotech.dz\/index.php\/produit\/incubateur-etuve-de-sechage-a-temperature-constante-biobase\/#primaryimage"},"image":{"@id":"https:\/\/store.microbiotech.dz\/index.php\/produit\/incubateur-etuve-de-sechage-a-temperature-constante-biobase\/#primaryimage"},"thumbnailUrl":"https:\/\/store.microbiotech.dz\/wp-content\/uploads\/2025\/04\/Constant-Temperature-Drying-Oven.webp","datePublished":"2025-04-09T10:22:25+00:00","dateModified":"2025-11-08T13:35:25+00:00","description":"Incubateur - Etuve de s\u00e9chage \u00e0 temp\u00e9rature constante Biobase de haute qualit\u00e9 disponible sur votre boutique en ligne microbiotech.dz au meilleur prix !","breadcrumb":{"@id":"https:\/\/store.microbiotech.dz\/index.php\/produit\/incubateur-etuve-de-sechage-a-temperature-constante-biobase\/#breadcrumb"},"inLanguage":"fr-FR","potentialAction":[{"@type":"ReadAction","target":["https:\/\/store.microbiotech.dz\/index.php\/produit\/incubateur-etuve-de-sechage-a-temperature-constante-biobase\/"]}]},{"@type":"ImageObject","inLanguage":"fr-FR","@id":"https:\/\/store.microbiotech.dz\/index.php\/produit\/incubateur-etuve-de-sechage-a-temperature-constante-biobase\/#primaryimage","url":"https:\/\/store.microbiotech.dz\/wp-content\/uploads\/2025\/04\/Constant-Temperature-Drying-Oven.webp","contentUrl":"https:\/\/store.microbiotech.dz\/wp-content\/uploads\/2025\/04\/Constant-Temperature-Drying-Oven.webp","width":600,"height":600,"caption":"Incubateur - Etuve de s\u00e9chage \u00e0 temp\u00e9rature constante Biobase"},{"@type":"BreadcrumbList","@id":"https:\/\/store.microbiotech.dz\/index.php\/produit\/incubateur-etuve-de-sechage-a-temperature-constante-biobase\/#breadcrumb","itemListElement":[{"@type":"ListItem","position":1,"name":"Accueil","item":"https:\/\/store.microbiotech.dz\/"},{"@type":"ListItem","position":2,"name":"Nos Produits","item":"https:\/\/store.microbiotech.dz\/index.php\/nos-produits\/"},{"@type":"ListItem","position":3,"name":"Incubateur &#8211; Etuve de s\u00e9chage \u00e0 temp\u00e9rature constante Biobase"}]},{"@type":"WebSite","@id":"https:\/\/store.microbiotech.dz\/#website","url":"https:\/\/store.microbiotech.dz\/","name":"La Boutique en ligne","description":"Qualit\u00e9 - Rapidit\u00e9 - Tranquillit\u00e9","publisher":{"@id":"https:\/\/store.microbiotech.dz\/#organization"},"potentialAction":[{"@type":"SearchAction","target":{"@type":"EntryPoint","urlTemplate":"https:\/\/store.microbiotech.dz\/?s={search_term_string}"},"query-input":{"@type":"PropertyValueSpecification","valueRequired":true,"valueName":"search_term_string"}}],"inLanguage":"fr-FR"},{"@type":"Organization","@id":"https:\/\/store.microbiotech.dz\/#organization","name":"Microbiotech EURL","url":"https:\/\/store.microbiotech.dz\/","logo":{"@type":"ImageObject","inLanguage":"fr-FR","@id":"https:\/\/store.microbiotech.dz\/#\/schema\/logo\/image\/","url":"https:\/\/store.microbiotech.dz\/wp-content\/uploads\/2021\/09\/cropped-logo-microbiotech-2.jpg","contentUrl":"https:\/\/store.microbiotech.dz\/wp-content\/uploads\/2021\/09\/cropped-logo-microbiotech-2.jpg","width":815,"height":586,"caption":"Microbiotech EURL"},"image":{"@id":"https:\/\/store.microbiotech.dz\/#\/schema\/logo\/image\/"},"sameAs":["https:\/\/www.facebook.com\/MicroBiotech.dz","https:\/\/x.com\/MicrobiotechD","https:\/\/www.linkedin.com\/in\/microbiotech\/","https:\/\/www.youtube.com\/channel\/UCTxc3VIiX7LXD2LQYfZEcDg"]}]}},"jetpack_sharing_enabled":true,"_links":{"self":[{"href":"https:\/\/store.microbiotech.dz\/index.php\/wp-json\/wp\/v2\/product\/14306","targetHints":{"allow":["GET"]}}],"collection":[{"href":"https:\/\/store.microbiotech.dz\/index.php\/wp-json\/wp\/v2\/product"}],"about":[{"href":"https:\/\/store.microbiotech.dz\/index.php\/wp-json\/wp\/v2\/types\/product"}],"replies":[{"embeddable":true,"href":"https:\/\/store.microbiotech.dz\/index.php\/wp-json\/wp\/v2\/comments?post=14306"}],"wp:featuredmedia":[{"embeddable":true,"href":"https:\/\/store.microbiotech.dz\/index.php\/wp-json\/wp\/v2\/media\/14310"}],"wp:attachment":[{"href":"https:\/\/store.microbiotech.dz\/index.php\/wp-json\/wp\/v2\/media?parent=14306"}],"wp:term":[{"taxonomy":"product_brand","embeddable":true,"href":"https:\/\/store.microbiotech.dz\/index.php\/wp-json\/wp\/v2\/product_brand?post=14306"},{"taxonomy":"product_cat","embeddable":true,"href":"https:\/\/store.microbiotech.dz\/index.php\/wp-json\/wp\/v2\/product_cat?post=14306"},{"taxonomy":"product_tag","embeddable":true,"href":"https:\/\/store.microbiotech.dz\/index.php\/wp-json\/wp\/v2\/product_tag?post=14306"}],"curies":[{"name":"wp","href":"https:\/\/api.w.org\/{rel}","templated":true}]}}