{"id":1409,"date":"2022-02-14T12:04:14","date_gmt":"2022-02-14T11:04:14","guid":{"rendered":"https:\/\/store.microbiotech.dz\/?post_type=product&#038;p=1409"},"modified":"2024-07-22T11:32:16","modified_gmt":"2024-07-22T10:32:16","slug":"preleveur-dair-mas-100-nt-pour-le-controle-de-laerocontamination","status":"publish","type":"product","link":"https:\/\/store.microbiotech.dz\/index.php\/produit\/preleveur-dair-mas-100-nt-pour-le-controle-de-laerocontamination\/","title":{"rendered":"Pr\u00e9leveur d&rsquo;air MAS-100 NT pour le contr\u00f4le de l&rsquo;a\u00e9rocontamination"},"content":{"rendered":"<p>Le syst\u00e8mes de surveillance microbienne de l&rsquo;air MAS-100\u00ae est un <span style=\"font-size: 16px; font-style: normal; font-weight: 400;\">instrument <\/span><span style=\"font-size: 16px;\">de haute performance<\/span><span style=\"font-size: 16px;\"> qui se base sur le principe de l&rsquo;<\/span><span style=\"font-size: 16px;\">\u00c9chantillonneur d&rsquo;air Andersen. L&rsquo;air ambiant est aspir\u00e9 par un <\/span><span style=\"font-size: 16px;\">couvercle perfor\u00e9, il est projet\u00e9 sur la surface d&rsquo;une g\u00e9lose sur <\/span>Bo\u00eetes de P\u00e9tri standard de 90-100mm ou une bo\u00eetes de contact de 55-60 mm. <span style=\"font-size: 16px;\">Les micro-organismes adh\u00e8rent aux milieux de culture et, apr\u00e8s une <\/span><span style=\"font-size: 16px;\">p\u00e9riode d&rsquo;incubation appropri\u00e9e, les colonies sont compt\u00e9es. le <\/span><span style=\"font-size: 16px;\">syst\u00e8me mesure le flux d&rsquo;air et le r\u00e9gule \u00e0 une valeur constante<\/span><span style=\"font-size: 16px;\">\u00a0de 100 litres\/min. Tous les \u00e9chantillonneurs d&rsquo;air MAS-100\u00ae sont conformes \u00e0 <\/span><span style=\"font-size: 16px;\">aux lignes directrices de la norme ISO 14698 parties 1 et 2 en utilisant des milieux de culture ICR <\/span><span style=\"font-size: 16px;\">et r\u00e9pondent pleinement aux exigences d50.<\/span><\/p>\n","protected":false},"excerpt":{"rendered":"<p>Marque: <strong>Merck Millipore\u00a0<\/strong><\/p>\n<p>MAS-100 NT\u00ae est un \u00c9chantillonneur d&rsquo;air microbien portable d<span style=\"font-size: 16px; font-style: normal; font-weight: 400;\">e pr\u00e9cision valid\u00e9 selon. <\/span><span style=\"font-size: 16px;\">ISO 14698. Il est compatible avec les bo\u00eetes de P\u00e9tri standard. Il se branche \u00e0 votre PC local via USB et RS232.<\/span><\/p>\n<p style=\"text-align: left;\"><a href=\"https:\/\/www.merckmillipore.com\/Web-INTL-Site\/fr_FR\/-\/USD\/ShowDocument-File?ProductSKU=MDA_CHEM-109191&amp;DocumentId=\/deepweb\/assets\/sigmaaldrich\/product\/documents\/134\/709\/ds5771en-mk.pdf&amp;DocumentUID=357962500&amp;DocumentType=BRO&amp;Language=EN&amp;Country=NF&amp;Origin=PDP\">Brochure<\/a><\/p>\n<p><a href=\"https:\/\/www.merckmillipore.com\/INTL\/fr\/product\/Air-sampler-System-MAS-100-NT,MDA_CHEM-109191?ReferrerURL=https%3A%2F%2Fwww.google.com%2F#anchor_TI\">Informations techniques et autres<\/a><\/p>\n<p><a href=\"https:\/\/store.microbiotech.dz\/index.php\/contact\/\">Pour la validation ou autres informations, Merci de nous contacter\u00a0<\/a><\/p>\n[embed]https:\/\/youtu.be\/kKVcSGwzFIA[\/embed]\n","protected":false},"featured_media":1414,"comment_status":"open","ping_status":"closed","template":"","meta":{"site-sidebar-layout":"default","site-content-layout":"default","ast-site-content-layout":"default","site-content-style":"default","site-sidebar-style":"default","ast-global-header-display":"","ast-banner-title-visibility":"","ast-main-header-display":"","ast-hfb-above-header-display":"","ast-hfb-below-header-display":"","ast-hfb-mobile-header-display":"","site-post-title":"","ast-breadcrumbs-content":"","ast-featured-img":"","footer-sml-layout":"","ast-disable-related-posts":"","theme-transparent-header-meta":"default","adv-header-id-meta":"","stick-header-meta":"","header-above-stick-meta":"","header-main-stick-meta":"","header-below-stick-meta":"","astra-migrate-meta-layouts":"set","ast-page-background-enabled":"default","ast-page-background-meta":{"desktop":{"background-color":"var(--ast-global-color-4)","background-image":"","background-repeat":"repeat","background-position":"center center","background-size":"auto","background-attachment":"scroll","background-type":"","background-media":"","overlay-type":"","overlay-color":"","overlay-opacity":"","overlay-gradient":""},"tablet":{"background-color":"","background-image":"","background-repeat":"repeat","background-position":"center center","background-size":"auto","background-attachment":"scroll","background-type":"","background-media":"","overlay-type":"","overlay-color":"","overlay-opacity":"","overlay-gradient":""},"mobile":{"background-color":"","background-image":"","background-repeat":"repeat","background-position":"center center","background-size":"auto","background-attachment":"scroll","background-type":"","background-media":"","overlay-type":"","overlay-color":"","overlay-opacity":"","overlay-gradient":""}},"ast-content-background-meta":{"desktop":{"background-color":"var(--ast-global-color-5)","background-image":"","background-repeat":"repeat","background-position":"center center","background-size":"auto","background-attachment":"scroll","background-type":"","background-media":"","overlay-type":"","overlay-color":"","overlay-opacity":"","overlay-gradient":""},"tablet":{"background-color":"var(--ast-global-color-5)","background-image":"","background-repeat":"repeat","background-position":"center center","background-size":"auto","background-attachment":"scroll","background-type":"","background-media":"","overlay-type":"","overlay-color":"","overlay-opacity":"","overlay-gradient":""},"mobile":{"background-color":"var(--ast-global-color-5)","background-image":"","background-repeat":"repeat","background-position":"center center","background-size":"auto","background-attachment":"scroll","background-type":"","background-media":"","overlay-type":"","overlay-color":"","overlay-opacity":"","overlay-gradient":""}},"jetpack_post_was_ever_published":false},"product_brand":[],"product_cat":[238],"product_tag":[495,494,536,193,493,496],"class_list":{"0":"post-1409","1":"product","2":"type-product","3":"status-publish","4":"has-post-thumbnail","6":"product_cat-equipements","7":"product_tag-aerocontamination","8":"product_tag-controle-air","9":"product_tag-f17","10":"product_tag-merck-millipore","11":"product_tag-preleveur-dair","12":"product_tag-qualite-de-lair","13":"product_shipping_class-temperature-ambiante","14":"desktop-align-center","15":"tablet-align-left","16":"mobile-align-left","18":"first","19":"outofstock","20":"taxable","21":"shipping-taxable","22":"purchasable","23":"product-type-simple"},"yoast_head":"<!-- This site is optimized with the Yoast SEO plugin v27.4 - https:\/\/yoast.com\/product\/yoast-seo-wordpress\/ -->\n<title>Pr\u00e9leveur d&#039;air MAS-100 NT pour le contr\u00f4le de l&#039;a\u00e9rocontamination - La Boutique en ligne<\/title>\n<meta name=\"description\" content=\"Le syst\u00e8mes de surveillance microbienne de l&#039;air MAS-100\u00ae est un instrument de haute performance qui se base sur le principe de l&#039;\u00c9chantillonneur d&#039;air Andersen. L&#039;air ambiant est aspir\u00e9 par un couvercle perfor\u00e9, il est projet\u00e9 sur la surface d&#039;une g\u00e9lose sur Bo\u00eetes de P\u00e9tri standard de 90-100mm ou une bo\u00eetes de contact de 55-60 mm. Les micro-organismes adh\u00e8rent aux milieux de culture et, apr\u00e8s une p\u00e9riode d&#039;incubation appropri\u00e9e, les colonies sont compt\u00e9es. le syst\u00e8me mesure le flux d&#039;air et le r\u00e9gule \u00e0 une valeur constante\u00a0de 100 litres\/min. Tous les \u00e9chantillonneurs d&#039;air MAS-100\u00ae sont conformes \u00e0 aux lignes directrices de la norme ISO 14698 parties 1 et 2 en utilisant des milieux de culture ICR et r\u00e9pondent pleinement aux exigences d50.\" \/>\n<meta name=\"robots\" content=\"index, follow, max-snippet:-1, max-image-preview:large, max-video-preview:-1\" \/>\n<link rel=\"canonical\" href=\"https:\/\/store.microbiotech.dz\/index.php\/produit\/preleveur-dair-mas-100-nt-pour-le-controle-de-laerocontamination\/\" \/>\n<meta property=\"og:locale\" content=\"fr_FR\" \/>\n<meta property=\"og:type\" content=\"article\" \/>\n<meta property=\"og:title\" content=\"Pr\u00e9leveur d&#039;air MAS-100 NT pour le contr\u00f4le de l&#039;a\u00e9rocontamination - La Boutique en ligne\" \/>\n<meta property=\"og:description\" content=\"Le syst\u00e8mes de surveillance microbienne de l&#039;air MAS-100\u00ae est un instrument de haute performance qui se base sur le principe de l&#039;\u00c9chantillonneur d&#039;air Andersen. L&#039;air ambiant est aspir\u00e9 par un couvercle perfor\u00e9, il est projet\u00e9 sur la surface d&#039;une g\u00e9lose sur Bo\u00eetes de P\u00e9tri standard de 90-100mm ou une bo\u00eetes de contact de 55-60 mm. Les micro-organismes adh\u00e8rent aux milieux de culture et, apr\u00e8s une p\u00e9riode d&#039;incubation appropri\u00e9e, les colonies sont compt\u00e9es. le syst\u00e8me mesure le flux d&#039;air et le r\u00e9gule \u00e0 une valeur constante\u00a0de 100 litres\/min. Tous les \u00e9chantillonneurs d&#039;air MAS-100\u00ae sont conformes \u00e0 aux lignes directrices de la norme ISO 14698 parties 1 et 2 en utilisant des milieux de culture ICR et r\u00e9pondent pleinement aux exigences d50.\" \/>\n<meta property=\"og:url\" content=\"https:\/\/store.microbiotech.dz\/index.php\/produit\/preleveur-dair-mas-100-nt-pour-le-controle-de-laerocontamination\/\" \/>\n<meta property=\"og:site_name\" content=\"La Boutique en ligne\" \/>\n<meta property=\"article:publisher\" content=\"https:\/\/www.facebook.com\/MicroBiotech.dz\" \/>\n<meta property=\"article:modified_time\" content=\"2024-07-22T10:32:16+00:00\" \/>\n<meta property=\"og:image\" content=\"https:\/\/store.microbiotech.dz\/wp-content\/uploads\/2022\/02\/Air-Sampler-2.png\" \/>\n\t<meta property=\"og:image:width\" content=\"600\" \/>\n\t<meta property=\"og:image:height\" content=\"600\" \/>\n\t<meta property=\"og:image:type\" content=\"image\/png\" \/>\n<meta name=\"twitter:card\" content=\"summary_large_image\" \/>\n<meta name=\"twitter:site\" content=\"@MicrobiotechD\" \/>\n<meta name=\"twitter:label1\" content=\"Dur\u00e9e de lecture estim\u00e9e\" \/>\n\t<meta name=\"twitter:data1\" content=\"1 minute\" \/>\n<script type=\"application\/ld+json\" class=\"yoast-schema-graph\">{\"@context\":\"https:\\\/\\\/schema.org\",\"@graph\":[{\"@type\":\"WebPage\",\"@id\":\"https:\\\/\\\/store.microbiotech.dz\\\/index.php\\\/produit\\\/preleveur-dair-mas-100-nt-pour-le-controle-de-laerocontamination\\\/\",\"url\":\"https:\\\/\\\/store.microbiotech.dz\\\/index.php\\\/produit\\\/preleveur-dair-mas-100-nt-pour-le-controle-de-laerocontamination\\\/\",\"name\":\"Pr\u00e9leveur d'air MAS-100 NT pour le contr\u00f4le de l'a\u00e9rocontamination - La Boutique en ligne\",\"isPartOf\":{\"@id\":\"https:\\\/\\\/store.microbiotech.dz\\\/#website\"},\"primaryImageOfPage\":{\"@id\":\"https:\\\/\\\/store.microbiotech.dz\\\/index.php\\\/produit\\\/preleveur-dair-mas-100-nt-pour-le-controle-de-laerocontamination\\\/#primaryimage\"},\"image\":{\"@id\":\"https:\\\/\\\/store.microbiotech.dz\\\/index.php\\\/produit\\\/preleveur-dair-mas-100-nt-pour-le-controle-de-laerocontamination\\\/#primaryimage\"},\"thumbnailUrl\":\"https:\\\/\\\/store.microbiotech.dz\\\/wp-content\\\/uploads\\\/2022\\\/02\\\/Air-Sampler-2.png\",\"datePublished\":\"2022-02-14T11:04:14+00:00\",\"dateModified\":\"2024-07-22T10:32:16+00:00\",\"description\":\"Le syst\u00e8mes de surveillance microbienne de l'air MAS-100\u00ae est un instrument de haute performance qui se base sur le principe de l'\u00c9chantillonneur d'air Andersen. L'air ambiant est aspir\u00e9 par un couvercle perfor\u00e9, il est projet\u00e9 sur la surface d'une g\u00e9lose sur Bo\u00eetes de P\u00e9tri standard de 90-100mm ou une bo\u00eetes de contact de 55-60 mm. Les micro-organismes adh\u00e8rent aux milieux de culture et, apr\u00e8s une p\u00e9riode d'incubation appropri\u00e9e, les colonies sont compt\u00e9es. le syst\u00e8me mesure le flux d'air et le r\u00e9gule \u00e0 une valeur constante\u00a0de 100 litres\\\/min. Tous les \u00e9chantillonneurs d'air MAS-100\u00ae sont conformes \u00e0 aux lignes directrices de la norme ISO 14698 parties 1 et 2 en utilisant des milieux de culture ICR et r\u00e9pondent pleinement aux exigences d50.\",\"breadcrumb\":{\"@id\":\"https:\\\/\\\/store.microbiotech.dz\\\/index.php\\\/produit\\\/preleveur-dair-mas-100-nt-pour-le-controle-de-laerocontamination\\\/#breadcrumb\"},\"inLanguage\":\"fr-FR\",\"potentialAction\":[{\"@type\":\"ReadAction\",\"target\":[\"https:\\\/\\\/store.microbiotech.dz\\\/index.php\\\/produit\\\/preleveur-dair-mas-100-nt-pour-le-controle-de-laerocontamination\\\/\"]}]},{\"@type\":\"ImageObject\",\"inLanguage\":\"fr-FR\",\"@id\":\"https:\\\/\\\/store.microbiotech.dz\\\/index.php\\\/produit\\\/preleveur-dair-mas-100-nt-pour-le-controle-de-laerocontamination\\\/#primaryimage\",\"url\":\"https:\\\/\\\/store.microbiotech.dz\\\/wp-content\\\/uploads\\\/2022\\\/02\\\/Air-Sampler-2.png\",\"contentUrl\":\"https:\\\/\\\/store.microbiotech.dz\\\/wp-content\\\/uploads\\\/2022\\\/02\\\/Air-Sampler-2.png\",\"width\":600,\"height\":600},{\"@type\":\"BreadcrumbList\",\"@id\":\"https:\\\/\\\/store.microbiotech.dz\\\/index.php\\\/produit\\\/preleveur-dair-mas-100-nt-pour-le-controle-de-laerocontamination\\\/#breadcrumb\",\"itemListElement\":[{\"@type\":\"ListItem\",\"position\":1,\"name\":\"Accueil\",\"item\":\"https:\\\/\\\/store.microbiotech.dz\\\/\"},{\"@type\":\"ListItem\",\"position\":2,\"name\":\"Nos Produits\",\"item\":\"https:\\\/\\\/store.microbiotech.dz\\\/index.php\\\/nos-produits\\\/\"},{\"@type\":\"ListItem\",\"position\":3,\"name\":\"Pr\u00e9leveur d&rsquo;air MAS-100 NT pour le contr\u00f4le de l&rsquo;a\u00e9rocontamination\"}]},{\"@type\":\"WebSite\",\"@id\":\"https:\\\/\\\/store.microbiotech.dz\\\/#website\",\"url\":\"https:\\\/\\\/store.microbiotech.dz\\\/\",\"name\":\"La Boutique en ligne\",\"description\":\"Qualit\u00e9 - Rapidit\u00e9 - Tranquillit\u00e9\",\"publisher\":{\"@id\":\"https:\\\/\\\/store.microbiotech.dz\\\/#organization\"},\"potentialAction\":[{\"@type\":\"SearchAction\",\"target\":{\"@type\":\"EntryPoint\",\"urlTemplate\":\"https:\\\/\\\/store.microbiotech.dz\\\/?s={search_term_string}\"},\"query-input\":{\"@type\":\"PropertyValueSpecification\",\"valueRequired\":true,\"valueName\":\"search_term_string\"}}],\"inLanguage\":\"fr-FR\"},{\"@type\":\"Organization\",\"@id\":\"https:\\\/\\\/store.microbiotech.dz\\\/#organization\",\"name\":\"Microbiotech EURL\",\"url\":\"https:\\\/\\\/store.microbiotech.dz\\\/\",\"logo\":{\"@type\":\"ImageObject\",\"inLanguage\":\"fr-FR\",\"@id\":\"https:\\\/\\\/store.microbiotech.dz\\\/#\\\/schema\\\/logo\\\/image\\\/\",\"url\":\"https:\\\/\\\/store.microbiotech.dz\\\/wp-content\\\/uploads\\\/2021\\\/09\\\/cropped-logo-microbiotech-2.jpg\",\"contentUrl\":\"https:\\\/\\\/store.microbiotech.dz\\\/wp-content\\\/uploads\\\/2021\\\/09\\\/cropped-logo-microbiotech-2.jpg\",\"width\":815,\"height\":586,\"caption\":\"Microbiotech EURL\"},\"image\":{\"@id\":\"https:\\\/\\\/store.microbiotech.dz\\\/#\\\/schema\\\/logo\\\/image\\\/\"},\"sameAs\":[\"https:\\\/\\\/www.facebook.com\\\/MicroBiotech.dz\",\"https:\\\/\\\/x.com\\\/MicrobiotechD\",\"https:\\\/\\\/www.linkedin.com\\\/in\\\/microbiotech\\\/\",\"https:\\\/\\\/www.youtube.com\\\/channel\\\/UCTxc3VIiX7LXD2LQYfZEcDg\"]}]}<\/script>\n<!-- \/ Yoast SEO plugin. -->","yoast_head_json":{"title":"Pr\u00e9leveur d'air MAS-100 NT pour le contr\u00f4le de l'a\u00e9rocontamination - La Boutique en ligne","description":"Le syst\u00e8mes de surveillance microbienne de l'air MAS-100\u00ae est un instrument de haute performance qui se base sur le principe de l'\u00c9chantillonneur d'air Andersen. L'air ambiant est aspir\u00e9 par un couvercle perfor\u00e9, il est projet\u00e9 sur la surface d'une g\u00e9lose sur Bo\u00eetes de P\u00e9tri standard de 90-100mm ou une bo\u00eetes de contact de 55-60 mm. Les micro-organismes adh\u00e8rent aux milieux de culture et, apr\u00e8s une p\u00e9riode d'incubation appropri\u00e9e, les colonies sont compt\u00e9es. le syst\u00e8me mesure le flux d'air et le r\u00e9gule \u00e0 une valeur constante\u00a0de 100 litres\/min. Tous les \u00e9chantillonneurs d'air MAS-100\u00ae sont conformes \u00e0 aux lignes directrices de la norme ISO 14698 parties 1 et 2 en utilisant des milieux de culture ICR et r\u00e9pondent pleinement aux exigences d50.","robots":{"index":"index","follow":"follow","max-snippet":"max-snippet:-1","max-image-preview":"max-image-preview:large","max-video-preview":"max-video-preview:-1"},"canonical":"https:\/\/store.microbiotech.dz\/index.php\/produit\/preleveur-dair-mas-100-nt-pour-le-controle-de-laerocontamination\/","og_locale":"fr_FR","og_type":"article","og_title":"Pr\u00e9leveur d'air MAS-100 NT pour le contr\u00f4le de l'a\u00e9rocontamination - La Boutique en ligne","og_description":"Le syst\u00e8mes de surveillance microbienne de l'air MAS-100\u00ae est un instrument de haute performance qui se base sur le principe de l'\u00c9chantillonneur d'air Andersen. L'air ambiant est aspir\u00e9 par un couvercle perfor\u00e9, il est projet\u00e9 sur la surface d'une g\u00e9lose sur Bo\u00eetes de P\u00e9tri standard de 90-100mm ou une bo\u00eetes de contact de 55-60 mm. Les micro-organismes adh\u00e8rent aux milieux de culture et, apr\u00e8s une p\u00e9riode d'incubation appropri\u00e9e, les colonies sont compt\u00e9es. le syst\u00e8me mesure le flux d'air et le r\u00e9gule \u00e0 une valeur constante\u00a0de 100 litres\/min. Tous les \u00e9chantillonneurs d'air MAS-100\u00ae sont conformes \u00e0 aux lignes directrices de la norme ISO 14698 parties 1 et 2 en utilisant des milieux de culture ICR et r\u00e9pondent pleinement aux exigences d50.","og_url":"https:\/\/store.microbiotech.dz\/index.php\/produit\/preleveur-dair-mas-100-nt-pour-le-controle-de-laerocontamination\/","og_site_name":"La Boutique en ligne","article_publisher":"https:\/\/www.facebook.com\/MicroBiotech.dz","article_modified_time":"2024-07-22T10:32:16+00:00","og_image":[{"width":600,"height":600,"url":"https:\/\/store.microbiotech.dz\/wp-content\/uploads\/2022\/02\/Air-Sampler-2.png","type":"image\/png"}],"twitter_card":"summary_large_image","twitter_site":"@MicrobiotechD","twitter_misc":{"Dur\u00e9e de lecture estim\u00e9e":"1 minute"},"schema":{"@context":"https:\/\/schema.org","@graph":[{"@type":"WebPage","@id":"https:\/\/store.microbiotech.dz\/index.php\/produit\/preleveur-dair-mas-100-nt-pour-le-controle-de-laerocontamination\/","url":"https:\/\/store.microbiotech.dz\/index.php\/produit\/preleveur-dair-mas-100-nt-pour-le-controle-de-laerocontamination\/","name":"Pr\u00e9leveur d'air MAS-100 NT pour le contr\u00f4le de l'a\u00e9rocontamination - La Boutique en ligne","isPartOf":{"@id":"https:\/\/store.microbiotech.dz\/#website"},"primaryImageOfPage":{"@id":"https:\/\/store.microbiotech.dz\/index.php\/produit\/preleveur-dair-mas-100-nt-pour-le-controle-de-laerocontamination\/#primaryimage"},"image":{"@id":"https:\/\/store.microbiotech.dz\/index.php\/produit\/preleveur-dair-mas-100-nt-pour-le-controle-de-laerocontamination\/#primaryimage"},"thumbnailUrl":"https:\/\/store.microbiotech.dz\/wp-content\/uploads\/2022\/02\/Air-Sampler-2.png","datePublished":"2022-02-14T11:04:14+00:00","dateModified":"2024-07-22T10:32:16+00:00","description":"Le syst\u00e8mes de surveillance microbienne de l'air MAS-100\u00ae est un instrument de haute performance qui se base sur le principe de l'\u00c9chantillonneur d'air Andersen. L'air ambiant est aspir\u00e9 par un couvercle perfor\u00e9, il est projet\u00e9 sur la surface d'une g\u00e9lose sur Bo\u00eetes de P\u00e9tri standard de 90-100mm ou une bo\u00eetes de contact de 55-60 mm. Les micro-organismes adh\u00e8rent aux milieux de culture et, apr\u00e8s une p\u00e9riode d'incubation appropri\u00e9e, les colonies sont compt\u00e9es. le syst\u00e8me mesure le flux d'air et le r\u00e9gule \u00e0 une valeur constante\u00a0de 100 litres\/min. Tous les \u00e9chantillonneurs d'air MAS-100\u00ae sont conformes \u00e0 aux lignes directrices de la norme ISO 14698 parties 1 et 2 en utilisant des milieux de culture ICR et r\u00e9pondent pleinement aux exigences d50.","breadcrumb":{"@id":"https:\/\/store.microbiotech.dz\/index.php\/produit\/preleveur-dair-mas-100-nt-pour-le-controle-de-laerocontamination\/#breadcrumb"},"inLanguage":"fr-FR","potentialAction":[{"@type":"ReadAction","target":["https:\/\/store.microbiotech.dz\/index.php\/produit\/preleveur-dair-mas-100-nt-pour-le-controle-de-laerocontamination\/"]}]},{"@type":"ImageObject","inLanguage":"fr-FR","@id":"https:\/\/store.microbiotech.dz\/index.php\/produit\/preleveur-dair-mas-100-nt-pour-le-controle-de-laerocontamination\/#primaryimage","url":"https:\/\/store.microbiotech.dz\/wp-content\/uploads\/2022\/02\/Air-Sampler-2.png","contentUrl":"https:\/\/store.microbiotech.dz\/wp-content\/uploads\/2022\/02\/Air-Sampler-2.png","width":600,"height":600},{"@type":"BreadcrumbList","@id":"https:\/\/store.microbiotech.dz\/index.php\/produit\/preleveur-dair-mas-100-nt-pour-le-controle-de-laerocontamination\/#breadcrumb","itemListElement":[{"@type":"ListItem","position":1,"name":"Accueil","item":"https:\/\/store.microbiotech.dz\/"},{"@type":"ListItem","position":2,"name":"Nos Produits","item":"https:\/\/store.microbiotech.dz\/index.php\/nos-produits\/"},{"@type":"ListItem","position":3,"name":"Pr\u00e9leveur d&rsquo;air MAS-100 NT pour le contr\u00f4le de l&rsquo;a\u00e9rocontamination"}]},{"@type":"WebSite","@id":"https:\/\/store.microbiotech.dz\/#website","url":"https:\/\/store.microbiotech.dz\/","name":"La Boutique en ligne","description":"Qualit\u00e9 - Rapidit\u00e9 - Tranquillit\u00e9","publisher":{"@id":"https:\/\/store.microbiotech.dz\/#organization"},"potentialAction":[{"@type":"SearchAction","target":{"@type":"EntryPoint","urlTemplate":"https:\/\/store.microbiotech.dz\/?s={search_term_string}"},"query-input":{"@type":"PropertyValueSpecification","valueRequired":true,"valueName":"search_term_string"}}],"inLanguage":"fr-FR"},{"@type":"Organization","@id":"https:\/\/store.microbiotech.dz\/#organization","name":"Microbiotech EURL","url":"https:\/\/store.microbiotech.dz\/","logo":{"@type":"ImageObject","inLanguage":"fr-FR","@id":"https:\/\/store.microbiotech.dz\/#\/schema\/logo\/image\/","url":"https:\/\/store.microbiotech.dz\/wp-content\/uploads\/2021\/09\/cropped-logo-microbiotech-2.jpg","contentUrl":"https:\/\/store.microbiotech.dz\/wp-content\/uploads\/2021\/09\/cropped-logo-microbiotech-2.jpg","width":815,"height":586,"caption":"Microbiotech EURL"},"image":{"@id":"https:\/\/store.microbiotech.dz\/#\/schema\/logo\/image\/"},"sameAs":["https:\/\/www.facebook.com\/MicroBiotech.dz","https:\/\/x.com\/MicrobiotechD","https:\/\/www.linkedin.com\/in\/microbiotech\/","https:\/\/www.youtube.com\/channel\/UCTxc3VIiX7LXD2LQYfZEcDg"]}]}},"jetpack_sharing_enabled":true,"_links":{"self":[{"href":"https:\/\/store.microbiotech.dz\/index.php\/wp-json\/wp\/v2\/product\/1409","targetHints":{"allow":["GET"]}}],"collection":[{"href":"https:\/\/store.microbiotech.dz\/index.php\/wp-json\/wp\/v2\/product"}],"about":[{"href":"https:\/\/store.microbiotech.dz\/index.php\/wp-json\/wp\/v2\/types\/product"}],"replies":[{"embeddable":true,"href":"https:\/\/store.microbiotech.dz\/index.php\/wp-json\/wp\/v2\/comments?post=1409"}],"wp:featuredmedia":[{"embeddable":true,"href":"https:\/\/store.microbiotech.dz\/index.php\/wp-json\/wp\/v2\/media\/1414"}],"wp:attachment":[{"href":"https:\/\/store.microbiotech.dz\/index.php\/wp-json\/wp\/v2\/media?parent=1409"}],"wp:term":[{"taxonomy":"product_brand","embeddable":true,"href":"https:\/\/store.microbiotech.dz\/index.php\/wp-json\/wp\/v2\/product_brand?post=1409"},{"taxonomy":"product_cat","embeddable":true,"href":"https:\/\/store.microbiotech.dz\/index.php\/wp-json\/wp\/v2\/product_cat?post=1409"},{"taxonomy":"product_tag","embeddable":true,"href":"https:\/\/store.microbiotech.dz\/index.php\/wp-json\/wp\/v2\/product_tag?post=1409"}],"curies":[{"name":"wp","href":"https:\/\/api.w.org\/{rel}","templated":true}]}}