{"id":13982,"date":"2025-03-23T11:48:38","date_gmt":"2025-03-23T10:48:38","guid":{"rendered":"https:\/\/store.microbiotech.dz\/?post_type=product&#038;p=13982"},"modified":"2025-11-20T12:20:54","modified_gmt":"2025-11-20T11:20:54","slug":"hygrometre-thermometre-numerique-kt-905","status":"publish","type":"product","link":"https:\/\/store.microbiotech.dz\/index.php\/produit\/hygrometre-thermometre-numerique-kt-905\/","title":{"rendered":"Hygrom\u00e8tre Thermom\u00e8tre num\u00e9rique KT-905"},"content":{"rendered":"<p>Cet <a href=\"https:\/\/fr.wikipedia.org\/wiki\/Hygrom%C3%A8tre\" target=\"_blank\" rel=\"noopener\">Hygrom\u00e8tre<\/a> <a href=\"https:\/\/store.microbiotech.dz\/index.php\/etiquette-produit\/thermometre\/\" target=\"_blank\" rel=\"noopener\">Thermom\u00e8tre<\/a> num\u00e9rique <a href=\"http:\/\/www.datronn.com\/en\/index.asp\" target=\"_blank\" rel=\"noopener\">KT-905<\/a> offre une mesure pr\u00e9cise de la temp\u00e9rature et de l&rsquo;humidit\u00e9, avec un affichage clair des donn\u00e9es essentielles. Polyvalent, il indique \u00e9galement l&rsquo;heure et dispose d&rsquo;une fonction alarme ainsi que d\u2019un calendrier int\u00e9gr\u00e9. Sa conception compacte et durable en plastique de haute qualit\u00e9 permet une utilisation facile en laboratoire. L\u2019appareil m\u00e9morise les valeurs maximales et minimales et propose un affichage de la temp\u00e9rature en \u2103 ou \u2109. Pratique et multifonctionnel, il assure un suivi optimal des conditions environnementales.<\/p>\n","protected":false},"excerpt":{"rendered":"<p>&nbsp;<\/p>\n<p>Origine :\u00a0<strong>Chine<\/strong>\u00a0<img loading=\"lazy\" decoding=\"async\" class=\"alignnone wp-image-1795 ls-is-cached lazyloaded\" src=\"https:\/\/store.microbiotech.dz\/wp-content\/uploads\/2022\/04\/China-Flag.png\" sizes=\"auto, (max-width: 35px) 100vw, 35px\" srcset=\"https:\/\/store.microbiotech.dz\/wp-content\/uploads\/2022\/04\/China-Flag.png 224w, https:\/\/store.microbiotech.dz\/wp-content\/uploads\/2022\/04\/China-Flag-150x150.png 150w, https:\/\/store.microbiotech.dz\/wp-content\/uploads\/2022\/04\/China-Flag-100x100.png 100w\" alt=\"\" width=\"35\" height=\"35\" data-srcset=\"https:\/\/store.microbiotech.dz\/wp-content\/uploads\/2022\/04\/China-Flag.png 224w, https:\/\/store.microbiotech.dz\/wp-content\/uploads\/2022\/04\/China-Flag-150x150.png 150w, https:\/\/store.microbiotech.dz\/wp-content\/uploads\/2022\/04\/China-Flag-100x100.png 100w\" data-src=\"https:\/\/store.microbiotech.dz\/wp-content\/uploads\/2022\/04\/China-Flag.png\" data-sizes=\"(max-width: 35px) 100vw, 35px\" \/><br \/>\nPlage d&rsquo;humidit\u00e9 :<strong> 20 % ~ 90 % RH<\/strong><br \/>\nPlage de temp\u00e9rature :<strong> int\u00e9rieur -10\u00b0C ~+50\u00b0C \/ ext\u00e9rieur -50\u00b0C ~ +70\u00b0C<\/strong><br \/>\nUnit\u00e9 de temp\u00e9rature : <strong>\u00b0C \/\u00b0F<\/strong><br \/>\nEcran LCD : ~<strong>66 x 92 mm<\/strong><br \/>\nAlimentation : <strong>1,5 V (taille AAA) x 1<\/strong><\/p>\n","protected":false},"featured_media":13990,"comment_status":"open","ping_status":"closed","template":"","meta":{"site-sidebar-layout":"default","site-content-layout":"default","ast-site-content-layout":"default","site-content-style":"default","site-sidebar-style":"default","ast-global-header-display":"","ast-banner-title-visibility":"","ast-main-header-display":"","ast-hfb-above-header-display":"","ast-hfb-below-header-display":"","ast-hfb-mobile-header-display":"","site-post-title":"","ast-breadcrumbs-content":"","ast-featured-img":"","footer-sml-layout":"","ast-disable-related-posts":"","theme-transparent-header-meta":"default","adv-header-id-meta":"","stick-header-meta":"","header-above-stick-meta":"","header-main-stick-meta":"","header-below-stick-meta":"","astra-migrate-meta-layouts":"set","ast-page-background-enabled":"default","ast-page-background-meta":{"desktop":{"background-color":"var(--ast-global-color-4)","background-image":"","background-repeat":"repeat","background-position":"center center","background-size":"auto","background-attachment":"scroll","background-type":"","background-media":"","overlay-type":"","overlay-color":"","overlay-opacity":"","overlay-gradient":""},"tablet":{"background-color":"","background-image":"","background-repeat":"repeat","background-position":"center center","background-size":"auto","background-attachment":"scroll","background-type":"","background-media":"","overlay-type":"","overlay-color":"","overlay-opacity":"","overlay-gradient":""},"mobile":{"background-color":"","background-image":"","background-repeat":"repeat","background-position":"center center","background-size":"auto","background-attachment":"scroll","background-type":"","background-media":"","overlay-type":"","overlay-color":"","overlay-opacity":"","overlay-gradient":""}},"ast-content-background-meta":{"desktop":{"background-color":"var(--ast-global-color-5)","background-image":"","background-repeat":"repeat","background-position":"center center","background-size":"auto","background-attachment":"scroll","background-type":"","background-media":"","overlay-type":"","overlay-color":"","overlay-opacity":"","overlay-gradient":""},"tablet":{"background-color":"var(--ast-global-color-5)","background-image":"","background-repeat":"repeat","background-position":"center center","background-size":"auto","background-attachment":"scroll","background-type":"","background-media":"","overlay-type":"","overlay-color":"","overlay-opacity":"","overlay-gradient":""},"mobile":{"background-color":"var(--ast-global-color-5)","background-image":"","background-repeat":"repeat","background-position":"center center","background-size":"auto","background-attachment":"scroll","background-type":"","background-media":"","overlay-type":"","overlay-color":"","overlay-opacity":"","overlay-gradient":""}},"jetpack_post_was_ever_published":true},"product_brand":[],"product_cat":[238],"product_tag":[2862,930,1232,1433,1259,1695,548,2832,1338],"class_list":{"0":"post-13982","1":"product","2":"type-product","3":"status-publish","4":"has-post-thumbnail","6":"product_cat-equipements","7":"product_tag-alarme","8":"product_tag-f90","9":"product_tag-humidimetre","10":"product_tag-humidite","11":"product_tag-hygrometre","12":"product_tag-numerique","13":"product_tag-temperature-meter","14":"product_tag-temps","15":"product_tag-thermometre","16":"product_shipping_class-temperature-ambiante","17":"desktop-align-center","18":"tablet-align-left","19":"mobile-align-left","21":"first","22":"instock","23":"taxable","24":"shipping-taxable","25":"purchasable","26":"product-type-simple"},"yoast_head":"<!-- This site is optimized with the Yoast SEO plugin v27.4 - https:\/\/yoast.com\/product\/yoast-seo-wordpress\/ -->\n<title>Hygrom\u00e8tre Thermom\u00e8tre num\u00e9rique KT-905 - La Boutique en ligne<\/title>\n<meta name=\"description\" content=\"Hygrom\u00e8tre Thermom\u00e8tre num\u00e9rique KT-905 avec affichage de temp\u00e9rature int\u00e9rieure et ext\u00e9rieure, humidit\u00e9, heure, date et alarme au meilleur prix !\" \/>\n<meta name=\"robots\" content=\"index, follow, max-snippet:-1, max-image-preview:large, max-video-preview:-1\" \/>\n<link rel=\"canonical\" href=\"https:\/\/store.microbiotech.dz\/index.php\/produit\/hygrometre-thermometre-numerique-kt-905\/\" \/>\n<meta property=\"og:locale\" content=\"fr_FR\" \/>\n<meta property=\"og:type\" content=\"article\" \/>\n<meta property=\"og:title\" content=\"Hygrom\u00e8tre Thermom\u00e8tre num\u00e9rique KT-905 - La Boutique en ligne\" \/>\n<meta property=\"og:description\" content=\"Hygrom\u00e8tre Thermom\u00e8tre num\u00e9rique KT-905 avec affichage de temp\u00e9rature int\u00e9rieure et ext\u00e9rieure, humidit\u00e9, heure, date et alarme au meilleur prix !\" \/>\n<meta property=\"og:url\" content=\"https:\/\/store.microbiotech.dz\/index.php\/produit\/hygrometre-thermometre-numerique-kt-905\/\" \/>\n<meta property=\"og:site_name\" content=\"La Boutique en ligne\" \/>\n<meta property=\"article:publisher\" content=\"https:\/\/www.facebook.com\/MicroBiotech.dz\" \/>\n<meta property=\"article:modified_time\" content=\"2025-11-20T11:20:54+00:00\" \/>\n<meta property=\"og:image\" content=\"https:\/\/store.microbiotech.dz\/wp-content\/uploads\/2025\/03\/kt9057.webp\" \/>\n\t<meta property=\"og:image:width\" content=\"600\" \/>\n\t<meta property=\"og:image:height\" content=\"600\" \/>\n\t<meta property=\"og:image:type\" content=\"image\/webp\" \/>\n<meta name=\"twitter:card\" content=\"summary_large_image\" \/>\n<meta name=\"twitter:site\" content=\"@MicrobiotechD\" \/>\n<script type=\"application\/ld+json\" class=\"yoast-schema-graph\">{\"@context\":\"https:\\\/\\\/schema.org\",\"@graph\":[{\"@type\":\"WebPage\",\"@id\":\"https:\\\/\\\/store.microbiotech.dz\\\/index.php\\\/produit\\\/hygrometre-thermometre-numerique-kt-905\\\/\",\"url\":\"https:\\\/\\\/store.microbiotech.dz\\\/index.php\\\/produit\\\/hygrometre-thermometre-numerique-kt-905\\\/\",\"name\":\"Hygrom\u00e8tre Thermom\u00e8tre num\u00e9rique KT-905 - La Boutique en ligne\",\"isPartOf\":{\"@id\":\"https:\\\/\\\/store.microbiotech.dz\\\/#website\"},\"primaryImageOfPage\":{\"@id\":\"https:\\\/\\\/store.microbiotech.dz\\\/index.php\\\/produit\\\/hygrometre-thermometre-numerique-kt-905\\\/#primaryimage\"},\"image\":{\"@id\":\"https:\\\/\\\/store.microbiotech.dz\\\/index.php\\\/produit\\\/hygrometre-thermometre-numerique-kt-905\\\/#primaryimage\"},\"thumbnailUrl\":\"https:\\\/\\\/store.microbiotech.dz\\\/wp-content\\\/uploads\\\/2025\\\/03\\\/kt9057.webp\",\"datePublished\":\"2025-03-23T10:48:38+00:00\",\"dateModified\":\"2025-11-20T11:20:54+00:00\",\"description\":\"Hygrom\u00e8tre Thermom\u00e8tre num\u00e9rique KT-905 avec affichage de temp\u00e9rature int\u00e9rieure et ext\u00e9rieure, humidit\u00e9, heure, date et alarme au meilleur prix !\",\"breadcrumb\":{\"@id\":\"https:\\\/\\\/store.microbiotech.dz\\\/index.php\\\/produit\\\/hygrometre-thermometre-numerique-kt-905\\\/#breadcrumb\"},\"inLanguage\":\"fr-FR\",\"potentialAction\":[{\"@type\":\"ReadAction\",\"target\":[\"https:\\\/\\\/store.microbiotech.dz\\\/index.php\\\/produit\\\/hygrometre-thermometre-numerique-kt-905\\\/\"]}]},{\"@type\":\"ImageObject\",\"inLanguage\":\"fr-FR\",\"@id\":\"https:\\\/\\\/store.microbiotech.dz\\\/index.php\\\/produit\\\/hygrometre-thermometre-numerique-kt-905\\\/#primaryimage\",\"url\":\"https:\\\/\\\/store.microbiotech.dz\\\/wp-content\\\/uploads\\\/2025\\\/03\\\/kt9057.webp\",\"contentUrl\":\"https:\\\/\\\/store.microbiotech.dz\\\/wp-content\\\/uploads\\\/2025\\\/03\\\/kt9057.webp\",\"width\":600,\"height\":600,\"caption\":\"Hygrom\u00e8tre Thermom\u00e8tre num\u00e9rique KT-905\"},{\"@type\":\"BreadcrumbList\",\"@id\":\"https:\\\/\\\/store.microbiotech.dz\\\/index.php\\\/produit\\\/hygrometre-thermometre-numerique-kt-905\\\/#breadcrumb\",\"itemListElement\":[{\"@type\":\"ListItem\",\"position\":1,\"name\":\"Accueil\",\"item\":\"https:\\\/\\\/store.microbiotech.dz\\\/\"},{\"@type\":\"ListItem\",\"position\":2,\"name\":\"Nos Produits\",\"item\":\"https:\\\/\\\/store.microbiotech.dz\\\/index.php\\\/nos-produits\\\/\"},{\"@type\":\"ListItem\",\"position\":3,\"name\":\"Hygrom\u00e8tre Thermom\u00e8tre num\u00e9rique KT-905\"}]},{\"@type\":\"WebSite\",\"@id\":\"https:\\\/\\\/store.microbiotech.dz\\\/#website\",\"url\":\"https:\\\/\\\/store.microbiotech.dz\\\/\",\"name\":\"La Boutique en ligne\",\"description\":\"Qualit\u00e9 - Rapidit\u00e9 - Tranquillit\u00e9\",\"publisher\":{\"@id\":\"https:\\\/\\\/store.microbiotech.dz\\\/#organization\"},\"potentialAction\":[{\"@type\":\"SearchAction\",\"target\":{\"@type\":\"EntryPoint\",\"urlTemplate\":\"https:\\\/\\\/store.microbiotech.dz\\\/?s={search_term_string}\"},\"query-input\":{\"@type\":\"PropertyValueSpecification\",\"valueRequired\":true,\"valueName\":\"search_term_string\"}}],\"inLanguage\":\"fr-FR\"},{\"@type\":\"Organization\",\"@id\":\"https:\\\/\\\/store.microbiotech.dz\\\/#organization\",\"name\":\"Microbiotech EURL\",\"url\":\"https:\\\/\\\/store.microbiotech.dz\\\/\",\"logo\":{\"@type\":\"ImageObject\",\"inLanguage\":\"fr-FR\",\"@id\":\"https:\\\/\\\/store.microbiotech.dz\\\/#\\\/schema\\\/logo\\\/image\\\/\",\"url\":\"https:\\\/\\\/store.microbiotech.dz\\\/wp-content\\\/uploads\\\/2021\\\/09\\\/cropped-logo-microbiotech-2.jpg\",\"contentUrl\":\"https:\\\/\\\/store.microbiotech.dz\\\/wp-content\\\/uploads\\\/2021\\\/09\\\/cropped-logo-microbiotech-2.jpg\",\"width\":815,\"height\":586,\"caption\":\"Microbiotech EURL\"},\"image\":{\"@id\":\"https:\\\/\\\/store.microbiotech.dz\\\/#\\\/schema\\\/logo\\\/image\\\/\"},\"sameAs\":[\"https:\\\/\\\/www.facebook.com\\\/MicroBiotech.dz\",\"https:\\\/\\\/x.com\\\/MicrobiotechD\",\"https:\\\/\\\/www.linkedin.com\\\/in\\\/microbiotech\\\/\",\"https:\\\/\\\/www.youtube.com\\\/channel\\\/UCTxc3VIiX7LXD2LQYfZEcDg\"]}]}<\/script>\n<!-- \/ Yoast SEO plugin. -->","yoast_head_json":{"title":"Hygrom\u00e8tre Thermom\u00e8tre num\u00e9rique KT-905 - La Boutique en ligne","description":"Hygrom\u00e8tre Thermom\u00e8tre num\u00e9rique KT-905 avec affichage de temp\u00e9rature int\u00e9rieure et ext\u00e9rieure, humidit\u00e9, heure, date et alarme au meilleur prix !","robots":{"index":"index","follow":"follow","max-snippet":"max-snippet:-1","max-image-preview":"max-image-preview:large","max-video-preview":"max-video-preview:-1"},"canonical":"https:\/\/store.microbiotech.dz\/index.php\/produit\/hygrometre-thermometre-numerique-kt-905\/","og_locale":"fr_FR","og_type":"article","og_title":"Hygrom\u00e8tre Thermom\u00e8tre num\u00e9rique KT-905 - La Boutique en ligne","og_description":"Hygrom\u00e8tre Thermom\u00e8tre num\u00e9rique KT-905 avec affichage de temp\u00e9rature int\u00e9rieure et ext\u00e9rieure, humidit\u00e9, heure, date et alarme au meilleur prix !","og_url":"https:\/\/store.microbiotech.dz\/index.php\/produit\/hygrometre-thermometre-numerique-kt-905\/","og_site_name":"La Boutique en ligne","article_publisher":"https:\/\/www.facebook.com\/MicroBiotech.dz","article_modified_time":"2025-11-20T11:20:54+00:00","og_image":[{"width":600,"height":600,"url":"https:\/\/store.microbiotech.dz\/wp-content\/uploads\/2025\/03\/kt9057.webp","type":"image\/webp"}],"twitter_card":"summary_large_image","twitter_site":"@MicrobiotechD","schema":{"@context":"https:\/\/schema.org","@graph":[{"@type":"WebPage","@id":"https:\/\/store.microbiotech.dz\/index.php\/produit\/hygrometre-thermometre-numerique-kt-905\/","url":"https:\/\/store.microbiotech.dz\/index.php\/produit\/hygrometre-thermometre-numerique-kt-905\/","name":"Hygrom\u00e8tre Thermom\u00e8tre num\u00e9rique KT-905 - La Boutique en ligne","isPartOf":{"@id":"https:\/\/store.microbiotech.dz\/#website"},"primaryImageOfPage":{"@id":"https:\/\/store.microbiotech.dz\/index.php\/produit\/hygrometre-thermometre-numerique-kt-905\/#primaryimage"},"image":{"@id":"https:\/\/store.microbiotech.dz\/index.php\/produit\/hygrometre-thermometre-numerique-kt-905\/#primaryimage"},"thumbnailUrl":"https:\/\/store.microbiotech.dz\/wp-content\/uploads\/2025\/03\/kt9057.webp","datePublished":"2025-03-23T10:48:38+00:00","dateModified":"2025-11-20T11:20:54+00:00","description":"Hygrom\u00e8tre Thermom\u00e8tre num\u00e9rique KT-905 avec affichage de temp\u00e9rature int\u00e9rieure et ext\u00e9rieure, humidit\u00e9, heure, date et alarme au meilleur prix !","breadcrumb":{"@id":"https:\/\/store.microbiotech.dz\/index.php\/produit\/hygrometre-thermometre-numerique-kt-905\/#breadcrumb"},"inLanguage":"fr-FR","potentialAction":[{"@type":"ReadAction","target":["https:\/\/store.microbiotech.dz\/index.php\/produit\/hygrometre-thermometre-numerique-kt-905\/"]}]},{"@type":"ImageObject","inLanguage":"fr-FR","@id":"https:\/\/store.microbiotech.dz\/index.php\/produit\/hygrometre-thermometre-numerique-kt-905\/#primaryimage","url":"https:\/\/store.microbiotech.dz\/wp-content\/uploads\/2025\/03\/kt9057.webp","contentUrl":"https:\/\/store.microbiotech.dz\/wp-content\/uploads\/2025\/03\/kt9057.webp","width":600,"height":600,"caption":"Hygrom\u00e8tre Thermom\u00e8tre num\u00e9rique KT-905"},{"@type":"BreadcrumbList","@id":"https:\/\/store.microbiotech.dz\/index.php\/produit\/hygrometre-thermometre-numerique-kt-905\/#breadcrumb","itemListElement":[{"@type":"ListItem","position":1,"name":"Accueil","item":"https:\/\/store.microbiotech.dz\/"},{"@type":"ListItem","position":2,"name":"Nos Produits","item":"https:\/\/store.microbiotech.dz\/index.php\/nos-produits\/"},{"@type":"ListItem","position":3,"name":"Hygrom\u00e8tre Thermom\u00e8tre num\u00e9rique KT-905"}]},{"@type":"WebSite","@id":"https:\/\/store.microbiotech.dz\/#website","url":"https:\/\/store.microbiotech.dz\/","name":"La Boutique en ligne","description":"Qualit\u00e9 - Rapidit\u00e9 - Tranquillit\u00e9","publisher":{"@id":"https:\/\/store.microbiotech.dz\/#organization"},"potentialAction":[{"@type":"SearchAction","target":{"@type":"EntryPoint","urlTemplate":"https:\/\/store.microbiotech.dz\/?s={search_term_string}"},"query-input":{"@type":"PropertyValueSpecification","valueRequired":true,"valueName":"search_term_string"}}],"inLanguage":"fr-FR"},{"@type":"Organization","@id":"https:\/\/store.microbiotech.dz\/#organization","name":"Microbiotech EURL","url":"https:\/\/store.microbiotech.dz\/","logo":{"@type":"ImageObject","inLanguage":"fr-FR","@id":"https:\/\/store.microbiotech.dz\/#\/schema\/logo\/image\/","url":"https:\/\/store.microbiotech.dz\/wp-content\/uploads\/2021\/09\/cropped-logo-microbiotech-2.jpg","contentUrl":"https:\/\/store.microbiotech.dz\/wp-content\/uploads\/2021\/09\/cropped-logo-microbiotech-2.jpg","width":815,"height":586,"caption":"Microbiotech EURL"},"image":{"@id":"https:\/\/store.microbiotech.dz\/#\/schema\/logo\/image\/"},"sameAs":["https:\/\/www.facebook.com\/MicroBiotech.dz","https:\/\/x.com\/MicrobiotechD","https:\/\/www.linkedin.com\/in\/microbiotech\/","https:\/\/www.youtube.com\/channel\/UCTxc3VIiX7LXD2LQYfZEcDg"]}]}},"jetpack_sharing_enabled":true,"_links":{"self":[{"href":"https:\/\/store.microbiotech.dz\/index.php\/wp-json\/wp\/v2\/product\/13982","targetHints":{"allow":["GET"]}}],"collection":[{"href":"https:\/\/store.microbiotech.dz\/index.php\/wp-json\/wp\/v2\/product"}],"about":[{"href":"https:\/\/store.microbiotech.dz\/index.php\/wp-json\/wp\/v2\/types\/product"}],"replies":[{"embeddable":true,"href":"https:\/\/store.microbiotech.dz\/index.php\/wp-json\/wp\/v2\/comments?post=13982"}],"wp:featuredmedia":[{"embeddable":true,"href":"https:\/\/store.microbiotech.dz\/index.php\/wp-json\/wp\/v2\/media\/13990"}],"wp:attachment":[{"href":"https:\/\/store.microbiotech.dz\/index.php\/wp-json\/wp\/v2\/media?parent=13982"}],"wp:term":[{"taxonomy":"product_brand","embeddable":true,"href":"https:\/\/store.microbiotech.dz\/index.php\/wp-json\/wp\/v2\/product_brand?post=13982"},{"taxonomy":"product_cat","embeddable":true,"href":"https:\/\/store.microbiotech.dz\/index.php\/wp-json\/wp\/v2\/product_cat?post=13982"},{"taxonomy":"product_tag","embeddable":true,"href":"https:\/\/store.microbiotech.dz\/index.php\/wp-json\/wp\/v2\/product_tag?post=13982"}],"curies":[{"name":"wp","href":"https:\/\/api.w.org\/{rel}","templated":true}]}}