{"id":13501,"date":"2025-02-27T11:52:48","date_gmt":"2025-02-27T10:52:48","guid":{"rendered":"https:\/\/store.microbiotech.dz\/?post_type=product&#038;p=13501"},"modified":"2026-02-05T13:33:00","modified_gmt":"2026-02-05T12:33:00","slug":"cloche-en-verre","status":"publish","type":"product","link":"https:\/\/store.microbiotech.dz\/index.php\/produit\/cloche-en-verre\/","title":{"rendered":"Cloche en verre"},"content":{"rendered":"<p>La Cloche en verre de laboratoire est un outil essentiel pour les exp\u00e9riences n\u00e9cessitant un environnement contr\u00f4l\u00e9. Fabriqu\u00e9e en verre borosilicat\u00e9, elle offre une r\u00e9sistance exceptionnelle aux chocs thermiques et \u00e0 la corrosion chimique, garantissant durabilit\u00e9 et fiabilit\u00e9. Son d\u00f4me transparent permet une observation claire des \u00e9chantillons tout en les prot\u00e9geant des contaminants ext\u00e9rieurs. Id\u00e9ale pour les applications scientifiques, Cette <a href=\"https:\/\/store.microbiotech.dz\/?s=cloche\" target=\"_blank\" rel=\"noopener\">cloche<\/a> en verre assure une isolation efficace et pr\u00e9serve l\u2019int\u00e9grit\u00e9 des exp\u00e9riences en laboratoire.<\/p>\n","protected":false},"excerpt":{"rendered":"<p>&nbsp;<\/p>\n<p>Origine :\u00a0<strong>Chine<\/strong>\u00a0<img loading=\"lazy\" decoding=\"async\" class=\"alignnone wp-image-1795 lazyloaded\" src=\"https:\/\/store.microbiotech.dz\/wp-content\/uploads\/2022\/04\/China-Flag.png\" sizes=\"auto, (max-width: 44px) 100vw, 44px\" srcset=\"https:\/\/store.microbiotech.dz\/wp-content\/uploads\/2022\/04\/China-Flag.png 224w, https:\/\/store.microbiotech.dz\/wp-content\/uploads\/2022\/04\/China-Flag-150x150.png 150w, https:\/\/store.microbiotech.dz\/wp-content\/uploads\/2022\/04\/China-Flag-100x100.png 100w\" alt=\"\" width=\"44\" height=\"44\" data-srcset=\"https:\/\/store.microbiotech.dz\/wp-content\/uploads\/2022\/04\/China-Flag.png 224w, https:\/\/store.microbiotech.dz\/wp-content\/uploads\/2022\/04\/China-Flag-150x150.png 150w, https:\/\/store.microbiotech.dz\/wp-content\/uploads\/2022\/04\/China-Flag-100x100.png 100w\" data-src=\"https:\/\/store.microbiotech.dz\/wp-content\/uploads\/2022\/04\/China-Flag.png\" data-sizes=\"(max-width: 44px) 100vw, 44px\" \/><br \/>\nMat\u00e9riau : <strong>Verre boro<\/strong><\/p>\n","protected":false},"featured_media":13504,"comment_status":"open","ping_status":"closed","template":"","meta":{"site-sidebar-layout":"default","site-content-layout":"","ast-site-content-layout":"default","site-content-style":"default","site-sidebar-style":"default","ast-global-header-display":"","ast-banner-title-visibility":"","ast-main-header-display":"","ast-hfb-above-header-display":"","ast-hfb-below-header-display":"","ast-hfb-mobile-header-display":"","site-post-title":"","ast-breadcrumbs-content":"","ast-featured-img":"","footer-sml-layout":"","ast-disable-related-posts":"","theme-transparent-header-meta":"default","adv-header-id-meta":"","stick-header-meta":"","header-above-stick-meta":"","header-main-stick-meta":"","header-below-stick-meta":"","astra-migrate-meta-layouts":"set","ast-page-background-enabled":"default","ast-page-background-meta":{"desktop":{"background-color":"var(--ast-global-color-4)","background-image":"","background-repeat":"repeat","background-position":"center center","background-size":"auto","background-attachment":"scroll","background-type":"","background-media":"","overlay-type":"","overlay-color":"","overlay-opacity":"","overlay-gradient":""},"tablet":{"background-color":"","background-image":"","background-repeat":"repeat","background-position":"center center","background-size":"auto","background-attachment":"scroll","background-type":"","background-media":"","overlay-type":"","overlay-color":"","overlay-opacity":"","overlay-gradient":""},"mobile":{"background-color":"","background-image":"","background-repeat":"repeat","background-position":"center center","background-size":"auto","background-attachment":"scroll","background-type":"","background-media":"","overlay-type":"","overlay-color":"","overlay-opacity":"","overlay-gradient":""}},"ast-content-background-meta":{"desktop":{"background-color":"var(--ast-global-color-5)","background-image":"","background-repeat":"repeat","background-position":"center center","background-size":"auto","background-attachment":"scroll","background-type":"","background-media":"","overlay-type":"","overlay-color":"","overlay-opacity":"","overlay-gradient":""},"tablet":{"background-color":"var(--ast-global-color-5)","background-image":"","background-repeat":"repeat","background-position":"center center","background-size":"auto","background-attachment":"scroll","background-type":"","background-media":"","overlay-type":"","overlay-color":"","overlay-opacity":"","overlay-gradient":""},"mobile":{"background-color":"var(--ast-global-color-5)","background-image":"","background-repeat":"repeat","background-position":"center center","background-size":"auto","background-attachment":"scroll","background-type":"","background-media":"","overlay-type":"","overlay-color":"","overlay-opacity":"","overlay-gradient":""}},"jetpack_post_was_ever_published":true},"product_brand":[],"product_cat":[238,239],"product_tag":[388,1523,930,1247],"class_list":{"0":"post-13501","1":"product","2":"type-product","3":"status-publish","4":"has-post-thumbnail","6":"product_cat-equipements","7":"product_cat-verrerie","8":"product_tag-cloche","9":"product_tag-en-verre","10":"product_tag-f90","11":"product_tag-verrerie","12":"desktop-align-center","13":"tablet-align-left","14":"mobile-align-left","16":"first","17":"instock","18":"taxable","19":"shipping-taxable","20":"purchasable","21":"product-type-variable"},"yoast_head":"<!-- This site is optimized with the Yoast SEO plugin v27.4 - https:\/\/yoast.com\/product\/yoast-seo-wordpress\/ -->\n<title>Cloche en verre - La Boutique en ligne<\/title>\n<meta name=\"description\" content=\"Cloche en verre id\u00e9ale pour les applications scientifiques, elle assure une isolation efficace et pr\u00e9serve l\u2019int\u00e9grit\u00e9 des exp\u00e9riences en laboratoire\" \/>\n<meta name=\"robots\" content=\"index, follow, max-snippet:-1, max-image-preview:large, max-video-preview:-1\" \/>\n<link rel=\"canonical\" href=\"https:\/\/store.microbiotech.dz\/index.php\/produit\/cloche-en-verre\/\" \/>\n<meta property=\"og:locale\" content=\"fr_FR\" \/>\n<meta property=\"og:type\" content=\"article\" \/>\n<meta property=\"og:title\" content=\"Cloche en verre - La Boutique en ligne\" \/>\n<meta property=\"og:description\" content=\"Cloche en verre id\u00e9ale pour les applications scientifiques, elle assure une isolation efficace et pr\u00e9serve l\u2019int\u00e9grit\u00e9 des exp\u00e9riences en laboratoire\" \/>\n<meta property=\"og:url\" content=\"https:\/\/store.microbiotech.dz\/index.php\/produit\/cloche-en-verre\/\" \/>\n<meta property=\"og:site_name\" content=\"La Boutique en ligne\" \/>\n<meta property=\"article:publisher\" content=\"https:\/\/www.facebook.com\/MicroBiotech.dz\" \/>\n<meta property=\"article:modified_time\" content=\"2026-02-05T12:33:00+00:00\" \/>\n<meta property=\"og:image\" content=\"https:\/\/store.microbiotech.dz\/wp-content\/uploads\/2025\/02\/cloche-en-verre-d-isolement-36673280.webp\" \/>\n\t<meta property=\"og:image:width\" content=\"600\" \/>\n\t<meta property=\"og:image:height\" content=\"600\" \/>\n\t<meta property=\"og:image:type\" content=\"image\/webp\" \/>\n<meta name=\"twitter:card\" content=\"summary_large_image\" \/>\n<meta name=\"twitter:site\" content=\"@MicrobiotechD\" \/>\n<script type=\"application\/ld+json\" class=\"yoast-schema-graph\">{\"@context\":\"https:\\\/\\\/schema.org\",\"@graph\":[{\"@type\":\"WebPage\",\"@id\":\"https:\\\/\\\/store.microbiotech.dz\\\/index.php\\\/produit\\\/cloche-en-verre\\\/\",\"url\":\"https:\\\/\\\/store.microbiotech.dz\\\/index.php\\\/produit\\\/cloche-en-verre\\\/\",\"name\":\"Cloche en verre - La Boutique en ligne\",\"isPartOf\":{\"@id\":\"https:\\\/\\\/store.microbiotech.dz\\\/#website\"},\"primaryImageOfPage\":{\"@id\":\"https:\\\/\\\/store.microbiotech.dz\\\/index.php\\\/produit\\\/cloche-en-verre\\\/#primaryimage\"},\"image\":{\"@id\":\"https:\\\/\\\/store.microbiotech.dz\\\/index.php\\\/produit\\\/cloche-en-verre\\\/#primaryimage\"},\"thumbnailUrl\":\"https:\\\/\\\/store.microbiotech.dz\\\/wp-content\\\/uploads\\\/2025\\\/02\\\/cloche-en-verre-d-isolement-36673280.webp\",\"datePublished\":\"2025-02-27T10:52:48+00:00\",\"dateModified\":\"2026-02-05T12:33:00+00:00\",\"description\":\"Cloche en verre id\u00e9ale pour les applications scientifiques, elle assure une isolation efficace et pr\u00e9serve l\u2019int\u00e9grit\u00e9 des exp\u00e9riences en laboratoire\",\"breadcrumb\":{\"@id\":\"https:\\\/\\\/store.microbiotech.dz\\\/index.php\\\/produit\\\/cloche-en-verre\\\/#breadcrumb\"},\"inLanguage\":\"fr-FR\",\"potentialAction\":[{\"@type\":\"ReadAction\",\"target\":[\"https:\\\/\\\/store.microbiotech.dz\\\/index.php\\\/produit\\\/cloche-en-verre\\\/\"]}]},{\"@type\":\"ImageObject\",\"inLanguage\":\"fr-FR\",\"@id\":\"https:\\\/\\\/store.microbiotech.dz\\\/index.php\\\/produit\\\/cloche-en-verre\\\/#primaryimage\",\"url\":\"https:\\\/\\\/store.microbiotech.dz\\\/wp-content\\\/uploads\\\/2025\\\/02\\\/cloche-en-verre-d-isolement-36673280.webp\",\"contentUrl\":\"https:\\\/\\\/store.microbiotech.dz\\\/wp-content\\\/uploads\\\/2025\\\/02\\\/cloche-en-verre-d-isolement-36673280.webp\",\"width\":600,\"height\":600,\"caption\":\"Cloche en verre\"},{\"@type\":\"BreadcrumbList\",\"@id\":\"https:\\\/\\\/store.microbiotech.dz\\\/index.php\\\/produit\\\/cloche-en-verre\\\/#breadcrumb\",\"itemListElement\":[{\"@type\":\"ListItem\",\"position\":1,\"name\":\"Accueil\",\"item\":\"https:\\\/\\\/store.microbiotech.dz\\\/\"},{\"@type\":\"ListItem\",\"position\":2,\"name\":\"Nos Produits\",\"item\":\"https:\\\/\\\/store.microbiotech.dz\\\/index.php\\\/nos-produits\\\/\"},{\"@type\":\"ListItem\",\"position\":3,\"name\":\"Cloche en verre\"}]},{\"@type\":\"WebSite\",\"@id\":\"https:\\\/\\\/store.microbiotech.dz\\\/#website\",\"url\":\"https:\\\/\\\/store.microbiotech.dz\\\/\",\"name\":\"La Boutique en ligne\",\"description\":\"Qualit\u00e9 - Rapidit\u00e9 - Tranquillit\u00e9\",\"publisher\":{\"@id\":\"https:\\\/\\\/store.microbiotech.dz\\\/#organization\"},\"potentialAction\":[{\"@type\":\"SearchAction\",\"target\":{\"@type\":\"EntryPoint\",\"urlTemplate\":\"https:\\\/\\\/store.microbiotech.dz\\\/?s={search_term_string}\"},\"query-input\":{\"@type\":\"PropertyValueSpecification\",\"valueRequired\":true,\"valueName\":\"search_term_string\"}}],\"inLanguage\":\"fr-FR\"},{\"@type\":\"Organization\",\"@id\":\"https:\\\/\\\/store.microbiotech.dz\\\/#organization\",\"name\":\"Microbiotech EURL\",\"url\":\"https:\\\/\\\/store.microbiotech.dz\\\/\",\"logo\":{\"@type\":\"ImageObject\",\"inLanguage\":\"fr-FR\",\"@id\":\"https:\\\/\\\/store.microbiotech.dz\\\/#\\\/schema\\\/logo\\\/image\\\/\",\"url\":\"https:\\\/\\\/store.microbiotech.dz\\\/wp-content\\\/uploads\\\/2021\\\/09\\\/cropped-logo-microbiotech-2.jpg\",\"contentUrl\":\"https:\\\/\\\/store.microbiotech.dz\\\/wp-content\\\/uploads\\\/2021\\\/09\\\/cropped-logo-microbiotech-2.jpg\",\"width\":815,\"height\":586,\"caption\":\"Microbiotech EURL\"},\"image\":{\"@id\":\"https:\\\/\\\/store.microbiotech.dz\\\/#\\\/schema\\\/logo\\\/image\\\/\"},\"sameAs\":[\"https:\\\/\\\/www.facebook.com\\\/MicroBiotech.dz\",\"https:\\\/\\\/x.com\\\/MicrobiotechD\",\"https:\\\/\\\/www.linkedin.com\\\/in\\\/microbiotech\\\/\",\"https:\\\/\\\/www.youtube.com\\\/channel\\\/UCTxc3VIiX7LXD2LQYfZEcDg\"]}]}<\/script>\n<!-- \/ Yoast SEO plugin. -->","yoast_head_json":{"title":"Cloche en verre - La Boutique en ligne","description":"Cloche en verre id\u00e9ale pour les applications scientifiques, elle assure une isolation efficace et pr\u00e9serve l\u2019int\u00e9grit\u00e9 des exp\u00e9riences en laboratoire","robots":{"index":"index","follow":"follow","max-snippet":"max-snippet:-1","max-image-preview":"max-image-preview:large","max-video-preview":"max-video-preview:-1"},"canonical":"https:\/\/store.microbiotech.dz\/index.php\/produit\/cloche-en-verre\/","og_locale":"fr_FR","og_type":"article","og_title":"Cloche en verre - La Boutique en ligne","og_description":"Cloche en verre id\u00e9ale pour les applications scientifiques, elle assure une isolation efficace et pr\u00e9serve l\u2019int\u00e9grit\u00e9 des exp\u00e9riences en laboratoire","og_url":"https:\/\/store.microbiotech.dz\/index.php\/produit\/cloche-en-verre\/","og_site_name":"La Boutique en ligne","article_publisher":"https:\/\/www.facebook.com\/MicroBiotech.dz","article_modified_time":"2026-02-05T12:33:00+00:00","og_image":[{"width":600,"height":600,"url":"https:\/\/store.microbiotech.dz\/wp-content\/uploads\/2025\/02\/cloche-en-verre-d-isolement-36673280.webp","type":"image\/webp"}],"twitter_card":"summary_large_image","twitter_site":"@MicrobiotechD","schema":{"@context":"https:\/\/schema.org","@graph":[{"@type":"WebPage","@id":"https:\/\/store.microbiotech.dz\/index.php\/produit\/cloche-en-verre\/","url":"https:\/\/store.microbiotech.dz\/index.php\/produit\/cloche-en-verre\/","name":"Cloche en verre - La Boutique en ligne","isPartOf":{"@id":"https:\/\/store.microbiotech.dz\/#website"},"primaryImageOfPage":{"@id":"https:\/\/store.microbiotech.dz\/index.php\/produit\/cloche-en-verre\/#primaryimage"},"image":{"@id":"https:\/\/store.microbiotech.dz\/index.php\/produit\/cloche-en-verre\/#primaryimage"},"thumbnailUrl":"https:\/\/store.microbiotech.dz\/wp-content\/uploads\/2025\/02\/cloche-en-verre-d-isolement-36673280.webp","datePublished":"2025-02-27T10:52:48+00:00","dateModified":"2026-02-05T12:33:00+00:00","description":"Cloche en verre id\u00e9ale pour les applications scientifiques, elle assure une isolation efficace et pr\u00e9serve l\u2019int\u00e9grit\u00e9 des exp\u00e9riences en laboratoire","breadcrumb":{"@id":"https:\/\/store.microbiotech.dz\/index.php\/produit\/cloche-en-verre\/#breadcrumb"},"inLanguage":"fr-FR","potentialAction":[{"@type":"ReadAction","target":["https:\/\/store.microbiotech.dz\/index.php\/produit\/cloche-en-verre\/"]}]},{"@type":"ImageObject","inLanguage":"fr-FR","@id":"https:\/\/store.microbiotech.dz\/index.php\/produit\/cloche-en-verre\/#primaryimage","url":"https:\/\/store.microbiotech.dz\/wp-content\/uploads\/2025\/02\/cloche-en-verre-d-isolement-36673280.webp","contentUrl":"https:\/\/store.microbiotech.dz\/wp-content\/uploads\/2025\/02\/cloche-en-verre-d-isolement-36673280.webp","width":600,"height":600,"caption":"Cloche en verre"},{"@type":"BreadcrumbList","@id":"https:\/\/store.microbiotech.dz\/index.php\/produit\/cloche-en-verre\/#breadcrumb","itemListElement":[{"@type":"ListItem","position":1,"name":"Accueil","item":"https:\/\/store.microbiotech.dz\/"},{"@type":"ListItem","position":2,"name":"Nos Produits","item":"https:\/\/store.microbiotech.dz\/index.php\/nos-produits\/"},{"@type":"ListItem","position":3,"name":"Cloche en verre"}]},{"@type":"WebSite","@id":"https:\/\/store.microbiotech.dz\/#website","url":"https:\/\/store.microbiotech.dz\/","name":"La Boutique en ligne","description":"Qualit\u00e9 - Rapidit\u00e9 - Tranquillit\u00e9","publisher":{"@id":"https:\/\/store.microbiotech.dz\/#organization"},"potentialAction":[{"@type":"SearchAction","target":{"@type":"EntryPoint","urlTemplate":"https:\/\/store.microbiotech.dz\/?s={search_term_string}"},"query-input":{"@type":"PropertyValueSpecification","valueRequired":true,"valueName":"search_term_string"}}],"inLanguage":"fr-FR"},{"@type":"Organization","@id":"https:\/\/store.microbiotech.dz\/#organization","name":"Microbiotech EURL","url":"https:\/\/store.microbiotech.dz\/","logo":{"@type":"ImageObject","inLanguage":"fr-FR","@id":"https:\/\/store.microbiotech.dz\/#\/schema\/logo\/image\/","url":"https:\/\/store.microbiotech.dz\/wp-content\/uploads\/2021\/09\/cropped-logo-microbiotech-2.jpg","contentUrl":"https:\/\/store.microbiotech.dz\/wp-content\/uploads\/2021\/09\/cropped-logo-microbiotech-2.jpg","width":815,"height":586,"caption":"Microbiotech EURL"},"image":{"@id":"https:\/\/store.microbiotech.dz\/#\/schema\/logo\/image\/"},"sameAs":["https:\/\/www.facebook.com\/MicroBiotech.dz","https:\/\/x.com\/MicrobiotechD","https:\/\/www.linkedin.com\/in\/microbiotech\/","https:\/\/www.youtube.com\/channel\/UCTxc3VIiX7LXD2LQYfZEcDg"]}]}},"jetpack_sharing_enabled":true,"_links":{"self":[{"href":"https:\/\/store.microbiotech.dz\/index.php\/wp-json\/wp\/v2\/product\/13501","targetHints":{"allow":["GET"]}}],"collection":[{"href":"https:\/\/store.microbiotech.dz\/index.php\/wp-json\/wp\/v2\/product"}],"about":[{"href":"https:\/\/store.microbiotech.dz\/index.php\/wp-json\/wp\/v2\/types\/product"}],"replies":[{"embeddable":true,"href":"https:\/\/store.microbiotech.dz\/index.php\/wp-json\/wp\/v2\/comments?post=13501"}],"wp:featuredmedia":[{"embeddable":true,"href":"https:\/\/store.microbiotech.dz\/index.php\/wp-json\/wp\/v2\/media\/13504"}],"wp:attachment":[{"href":"https:\/\/store.microbiotech.dz\/index.php\/wp-json\/wp\/v2\/media?parent=13501"}],"wp:term":[{"taxonomy":"product_brand","embeddable":true,"href":"https:\/\/store.microbiotech.dz\/index.php\/wp-json\/wp\/v2\/product_brand?post=13501"},{"taxonomy":"product_cat","embeddable":true,"href":"https:\/\/store.microbiotech.dz\/index.php\/wp-json\/wp\/v2\/product_cat?post=13501"},{"taxonomy":"product_tag","embeddable":true,"href":"https:\/\/store.microbiotech.dz\/index.php\/wp-json\/wp\/v2\/product_tag?post=13501"}],"curies":[{"name":"wp","href":"https:\/\/api.w.org\/{rel}","templated":true}]}}