{"id":1330,"date":"2022-02-07T11:03:52","date_gmt":"2022-02-07T10:03:52","guid":{"rendered":"https:\/\/store.microbiotech.dz\/?post_type=product&#038;p=1330"},"modified":"2025-07-02T10:43:32","modified_gmt":"2025-07-02T09:43:32","slug":"gelose-macconkey-500g","status":"publish","type":"product","link":"https:\/\/store.microbiotech.dz\/index.php\/produit\/gelose-macconkey-500g\/","title":{"rendered":"G\u00e9lose MacConkey 500G MERCK"},"content":{"rendered":"<p>La g\u00e9lose MacConkey<b>\u00a0<\/b>est un milieu de culture s\u00e9lectif et diff\u00e9rentiel employ\u00e9 en microbiologie pour l\u2019isolement et l\u2019identification des bacilles Gram n\u00e9gatifs (BGN). Ce milieu comporte un indicateur color\u00e9 qui d\u00e9tecte la consommation du lactose. D\u00e9velopp\u00e9 dans les ann\u00e9es 1900 par A.T. MacConkey pour faciliter l\u2019identification de Escherichia coli dans les eaux, les sols et les aliments, il est tr\u00e8s utilis\u00e9 pour isoler les BGN dans toutes sortes de pr\u00e9l\u00e8vements polymicrobiens.<\/p>\n","protected":false},"excerpt":{"rendered":"<p>Marque :\u00a0<strong>MERCK\u00a0<img loading=\"lazy\" decoding=\"async\" class=\"alignnone wp-image-1649\" src=\"https:\/\/store.microbiotech.dz\/wp-content\/uploads\/2022\/04\/51968274-le-drapeau-allemand-icone-matte-ronde-isole-sur-fond-blanc--300x300.webp\" alt=\"\" width=\"66\" height=\"66\" srcset=\"https:\/\/store.microbiotech.dz\/wp-content\/uploads\/2022\/04\/51968274-le-drapeau-allemand-icone-matte-ronde-isole-sur-fond-blanc--300x300.webp 300w, https:\/\/store.microbiotech.dz\/wp-content\/uploads\/2022\/04\/51968274-le-drapeau-allemand-icone-matte-ronde-isole-sur-fond-blanc--150x150.webp 150w, https:\/\/store.microbiotech.dz\/wp-content\/uploads\/2022\/04\/51968274-le-drapeau-allemand-icone-matte-ronde-isole-sur-fond-blanc--100x100.webp 100w, https:\/\/store.microbiotech.dz\/wp-content\/uploads\/2022\/04\/51968274-le-drapeau-allemand-icone-matte-ronde-isole-sur-fond-blanc-.webp 450w\" sizes=\"auto, (max-width: 66px) 100vw, 66px\" \/><\/strong><\/p>\n<p>Date de p\u00e9remption :\u00a0<strong>02-12-2025<\/strong><\/p>\n<p><a href=\"https:\/\/www.merckmillipore.com\/INTL\/en\/product\/MacCONKEY-MAC-agar,MDA_CHEM-100205?ReferrerURL=https%3A%2F%2Fwww.google.com%2F\" target=\"_blank\" rel=\"noopener\">Fiche Technique<\/a><\/p>\n","protected":false},"featured_media":257,"comment_status":"open","ping_status":"closed","template":"","meta":{"site-sidebar-layout":"default","site-content-layout":"default","ast-site-content-layout":"default","site-content-style":"default","site-sidebar-style":"default","ast-global-header-display":"","ast-banner-title-visibility":"","ast-main-header-display":"","ast-hfb-above-header-display":"","ast-hfb-below-header-display":"","ast-hfb-mobile-header-display":"","site-post-title":"","ast-breadcrumbs-content":"","ast-featured-img":"","footer-sml-layout":"","ast-disable-related-posts":"","theme-transparent-header-meta":"default","adv-header-id-meta":"","stick-header-meta":"","header-above-stick-meta":"","header-main-stick-meta":"","header-below-stick-meta":"","astra-migrate-meta-layouts":"set","ast-page-background-enabled":"default","ast-page-background-meta":{"desktop":{"background-color":"var(--ast-global-color-4)","background-image":"","background-repeat":"repeat","background-position":"center center","background-size":"auto","background-attachment":"scroll","background-type":"","background-media":"","overlay-type":"","overlay-color":"","overlay-opacity":"","overlay-gradient":""},"tablet":{"background-color":"","background-image":"","background-repeat":"repeat","background-position":"center center","background-size":"auto","background-attachment":"scroll","background-type":"","background-media":"","overlay-type":"","overlay-color":"","overlay-opacity":"","overlay-gradient":""},"mobile":{"background-color":"","background-image":"","background-repeat":"repeat","background-position":"center center","background-size":"auto","background-attachment":"scroll","background-type":"","background-media":"","overlay-type":"","overlay-color":"","overlay-opacity":"","overlay-gradient":""}},"ast-content-background-meta":{"desktop":{"background-color":"var(--ast-global-color-5)","background-image":"","background-repeat":"repeat","background-position":"center center","background-size":"auto","background-attachment":"scroll","background-type":"","background-media":"","overlay-type":"","overlay-color":"","overlay-opacity":"","overlay-gradient":""},"tablet":{"background-color":"var(--ast-global-color-5)","background-image":"","background-repeat":"repeat","background-position":"center center","background-size":"auto","background-attachment":"scroll","background-type":"","background-media":"","overlay-type":"","overlay-color":"","overlay-opacity":"","overlay-gradient":""},"mobile":{"background-color":"var(--ast-global-color-5)","background-image":"","background-repeat":"repeat","background-position":"center center","background-size":"auto","background-attachment":"scroll","background-type":"","background-media":"","overlay-type":"","overlay-color":"","overlay-opacity":"","overlay-gradient":""}},"jetpack_post_was_ever_published":false},"product_brand":[],"product_cat":[28,79,26],"product_tag":[176,219,536,411,149,125,696],"class_list":{"0":"post-1330","1":"product","2":"type-product","3":"status-publish","4":"has-post-thumbnail","6":"product_cat-geloses","7":"product_cat-deshydrate","8":"product_cat-milieux-de-cultures","9":"product_tag-deshydrate","10":"product_tag-escherichia-coli","11":"product_tag-f17","12":"product_tag-gelose-macconkey","13":"product_tag-macconkey","14":"product_tag-merck","15":"product_tag-milieux-deshydrates","16":"desktop-align-center","17":"tablet-align-left","18":"mobile-align-left","20":"first","21":"outofstock","22":"taxable","23":"shipping-taxable","24":"purchasable","25":"product-type-simple"},"yoast_head":"<!-- This site is optimized with the Yoast SEO plugin v27.4 - https:\/\/yoast.com\/product\/yoast-seo-wordpress\/ -->\n<title>G\u00e9lose MacConkey 500G MERCK - La Boutique en ligne<\/title>\n<meta name=\"description\" content=\"La g\u00e9lose MacConkey\u00a0est un milieu de culture s\u00e9lectif et diff\u00e9rentiel employ\u00e9 en microbiologie pour l\u2019isolement et l\u2019identification des bacilles Gram n\u00e9gatifs (BGN). Ce milieu comporte un indicateur color\u00e9 qui d\u00e9tecte la consommation du lactose. D\u00e9velopp\u00e9 dans les ann\u00e9es 1900 par A.T. MacConkey pour faciliter l\u2019identification de Escherichia coli dans les eaux, les sols et les aliments, il est tr\u00e8s utilis\u00e9 pour isoler les BGN dans toutes sortes de pr\u00e9l\u00e8vements polymicrobiens.\" \/>\n<meta name=\"robots\" content=\"index, follow, max-snippet:-1, max-image-preview:large, max-video-preview:-1\" \/>\n<link rel=\"canonical\" href=\"https:\/\/store.microbiotech.dz\/index.php\/produit\/gelose-macconkey-500g\/\" \/>\n<meta property=\"og:locale\" content=\"fr_FR\" \/>\n<meta property=\"og:type\" content=\"article\" \/>\n<meta property=\"og:title\" content=\"G\u00e9lose MacConkey 500G MERCK - La Boutique en ligne\" \/>\n<meta property=\"og:description\" content=\"La g\u00e9lose MacConkey\u00a0est un milieu de culture s\u00e9lectif et diff\u00e9rentiel employ\u00e9 en microbiologie pour l\u2019isolement et l\u2019identification des bacilles Gram n\u00e9gatifs (BGN). Ce milieu comporte un indicateur color\u00e9 qui d\u00e9tecte la consommation du lactose. D\u00e9velopp\u00e9 dans les ann\u00e9es 1900 par A.T. MacConkey pour faciliter l\u2019identification de Escherichia coli dans les eaux, les sols et les aliments, il est tr\u00e8s utilis\u00e9 pour isoler les BGN dans toutes sortes de pr\u00e9l\u00e8vements polymicrobiens.\" \/>\n<meta property=\"og:url\" content=\"https:\/\/store.microbiotech.dz\/index.php\/produit\/gelose-macconkey-500g\/\" \/>\n<meta property=\"og:site_name\" content=\"La Boutique en ligne\" \/>\n<meta property=\"article:publisher\" content=\"https:\/\/www.facebook.com\/MicroBiotech.dz\" \/>\n<meta property=\"article:modified_time\" content=\"2025-07-02T09:43:32+00:00\" \/>\n<meta property=\"og:image\" content=\"https:\/\/store.microbiotech.dz\/wp-content\/uploads\/2021\/09\/MCD.webp\" \/>\n\t<meta property=\"og:image:width\" content=\"500\" \/>\n\t<meta property=\"og:image:height\" content=\"435\" \/>\n\t<meta property=\"og:image:type\" content=\"image\/webp\" \/>\n<meta name=\"twitter:card\" content=\"summary_large_image\" \/>\n<meta name=\"twitter:site\" content=\"@MicrobiotechD\" \/>\n<script type=\"application\/ld+json\" class=\"yoast-schema-graph\">{\"@context\":\"https:\\\/\\\/schema.org\",\"@graph\":[{\"@type\":\"WebPage\",\"@id\":\"https:\\\/\\\/store.microbiotech.dz\\\/index.php\\\/produit\\\/gelose-macconkey-500g\\\/\",\"url\":\"https:\\\/\\\/store.microbiotech.dz\\\/index.php\\\/produit\\\/gelose-macconkey-500g\\\/\",\"name\":\"G\u00e9lose MacConkey 500G MERCK - La Boutique en ligne\",\"isPartOf\":{\"@id\":\"https:\\\/\\\/store.microbiotech.dz\\\/#website\"},\"primaryImageOfPage\":{\"@id\":\"https:\\\/\\\/store.microbiotech.dz\\\/index.php\\\/produit\\\/gelose-macconkey-500g\\\/#primaryimage\"},\"image\":{\"@id\":\"https:\\\/\\\/store.microbiotech.dz\\\/index.php\\\/produit\\\/gelose-macconkey-500g\\\/#primaryimage\"},\"thumbnailUrl\":\"https:\\\/\\\/store.microbiotech.dz\\\/wp-content\\\/uploads\\\/2021\\\/09\\\/MCD.webp\",\"datePublished\":\"2022-02-07T10:03:52+00:00\",\"dateModified\":\"2025-07-02T09:43:32+00:00\",\"description\":\"La g\u00e9lose MacConkey\u00a0est un milieu de culture s\u00e9lectif et diff\u00e9rentiel employ\u00e9 en microbiologie pour l\u2019isolement et l\u2019identification des bacilles Gram n\u00e9gatifs (BGN). Ce milieu comporte un indicateur color\u00e9 qui d\u00e9tecte la consommation du lactose. D\u00e9velopp\u00e9 dans les ann\u00e9es 1900 par A.T. MacConkey pour faciliter l\u2019identification de Escherichia coli dans les eaux, les sols et les aliments, il est tr\u00e8s utilis\u00e9 pour isoler les BGN dans toutes sortes de pr\u00e9l\u00e8vements polymicrobiens.\",\"breadcrumb\":{\"@id\":\"https:\\\/\\\/store.microbiotech.dz\\\/index.php\\\/produit\\\/gelose-macconkey-500g\\\/#breadcrumb\"},\"inLanguage\":\"fr-FR\",\"potentialAction\":[{\"@type\":\"ReadAction\",\"target\":[\"https:\\\/\\\/store.microbiotech.dz\\\/index.php\\\/produit\\\/gelose-macconkey-500g\\\/\"]}]},{\"@type\":\"ImageObject\",\"inLanguage\":\"fr-FR\",\"@id\":\"https:\\\/\\\/store.microbiotech.dz\\\/index.php\\\/produit\\\/gelose-macconkey-500g\\\/#primaryimage\",\"url\":\"https:\\\/\\\/store.microbiotech.dz\\\/wp-content\\\/uploads\\\/2021\\\/09\\\/MCD.webp\",\"contentUrl\":\"https:\\\/\\\/store.microbiotech.dz\\\/wp-content\\\/uploads\\\/2021\\\/09\\\/MCD.webp\",\"width\":500,\"height\":435,\"caption\":\"G\u00e9lose viande-foie 500 g MERCK\"},{\"@type\":\"BreadcrumbList\",\"@id\":\"https:\\\/\\\/store.microbiotech.dz\\\/index.php\\\/produit\\\/gelose-macconkey-500g\\\/#breadcrumb\",\"itemListElement\":[{\"@type\":\"ListItem\",\"position\":1,\"name\":\"Accueil\",\"item\":\"https:\\\/\\\/store.microbiotech.dz\\\/\"},{\"@type\":\"ListItem\",\"position\":2,\"name\":\"Nos Produits\",\"item\":\"https:\\\/\\\/store.microbiotech.dz\\\/index.php\\\/nos-produits\\\/\"},{\"@type\":\"ListItem\",\"position\":3,\"name\":\"G\u00e9lose MacConkey 500G MERCK\"}]},{\"@type\":\"WebSite\",\"@id\":\"https:\\\/\\\/store.microbiotech.dz\\\/#website\",\"url\":\"https:\\\/\\\/store.microbiotech.dz\\\/\",\"name\":\"La Boutique en ligne\",\"description\":\"Qualit\u00e9 - Rapidit\u00e9 - Tranquillit\u00e9\",\"publisher\":{\"@id\":\"https:\\\/\\\/store.microbiotech.dz\\\/#organization\"},\"potentialAction\":[{\"@type\":\"SearchAction\",\"target\":{\"@type\":\"EntryPoint\",\"urlTemplate\":\"https:\\\/\\\/store.microbiotech.dz\\\/?s={search_term_string}\"},\"query-input\":{\"@type\":\"PropertyValueSpecification\",\"valueRequired\":true,\"valueName\":\"search_term_string\"}}],\"inLanguage\":\"fr-FR\"},{\"@type\":\"Organization\",\"@id\":\"https:\\\/\\\/store.microbiotech.dz\\\/#organization\",\"name\":\"Microbiotech EURL\",\"url\":\"https:\\\/\\\/store.microbiotech.dz\\\/\",\"logo\":{\"@type\":\"ImageObject\",\"inLanguage\":\"fr-FR\",\"@id\":\"https:\\\/\\\/store.microbiotech.dz\\\/#\\\/schema\\\/logo\\\/image\\\/\",\"url\":\"https:\\\/\\\/store.microbiotech.dz\\\/wp-content\\\/uploads\\\/2021\\\/09\\\/cropped-logo-microbiotech-2.jpg\",\"contentUrl\":\"https:\\\/\\\/store.microbiotech.dz\\\/wp-content\\\/uploads\\\/2021\\\/09\\\/cropped-logo-microbiotech-2.jpg\",\"width\":815,\"height\":586,\"caption\":\"Microbiotech EURL\"},\"image\":{\"@id\":\"https:\\\/\\\/store.microbiotech.dz\\\/#\\\/schema\\\/logo\\\/image\\\/\"},\"sameAs\":[\"https:\\\/\\\/www.facebook.com\\\/MicroBiotech.dz\",\"https:\\\/\\\/x.com\\\/MicrobiotechD\",\"https:\\\/\\\/www.linkedin.com\\\/in\\\/microbiotech\\\/\",\"https:\\\/\\\/www.youtube.com\\\/channel\\\/UCTxc3VIiX7LXD2LQYfZEcDg\"]}]}<\/script>\n<!-- \/ Yoast SEO plugin. -->","yoast_head_json":{"title":"G\u00e9lose MacConkey 500G MERCK - La Boutique en ligne","description":"La g\u00e9lose MacConkey\u00a0est un milieu de culture s\u00e9lectif et diff\u00e9rentiel employ\u00e9 en microbiologie pour l\u2019isolement et l\u2019identification des bacilles Gram n\u00e9gatifs (BGN). Ce milieu comporte un indicateur color\u00e9 qui d\u00e9tecte la consommation du lactose. D\u00e9velopp\u00e9 dans les ann\u00e9es 1900 par A.T. MacConkey pour faciliter l\u2019identification de Escherichia coli dans les eaux, les sols et les aliments, il est tr\u00e8s utilis\u00e9 pour isoler les BGN dans toutes sortes de pr\u00e9l\u00e8vements polymicrobiens.","robots":{"index":"index","follow":"follow","max-snippet":"max-snippet:-1","max-image-preview":"max-image-preview:large","max-video-preview":"max-video-preview:-1"},"canonical":"https:\/\/store.microbiotech.dz\/index.php\/produit\/gelose-macconkey-500g\/","og_locale":"fr_FR","og_type":"article","og_title":"G\u00e9lose MacConkey 500G MERCK - La Boutique en ligne","og_description":"La g\u00e9lose MacConkey\u00a0est un milieu de culture s\u00e9lectif et diff\u00e9rentiel employ\u00e9 en microbiologie pour l\u2019isolement et l\u2019identification des bacilles Gram n\u00e9gatifs (BGN). Ce milieu comporte un indicateur color\u00e9 qui d\u00e9tecte la consommation du lactose. D\u00e9velopp\u00e9 dans les ann\u00e9es 1900 par A.T. MacConkey pour faciliter l\u2019identification de Escherichia coli dans les eaux, les sols et les aliments, il est tr\u00e8s utilis\u00e9 pour isoler les BGN dans toutes sortes de pr\u00e9l\u00e8vements polymicrobiens.","og_url":"https:\/\/store.microbiotech.dz\/index.php\/produit\/gelose-macconkey-500g\/","og_site_name":"La Boutique en ligne","article_publisher":"https:\/\/www.facebook.com\/MicroBiotech.dz","article_modified_time":"2025-07-02T09:43:32+00:00","og_image":[{"width":500,"height":435,"url":"https:\/\/store.microbiotech.dz\/wp-content\/uploads\/2021\/09\/MCD.webp","type":"image\/webp"}],"twitter_card":"summary_large_image","twitter_site":"@MicrobiotechD","schema":{"@context":"https:\/\/schema.org","@graph":[{"@type":"WebPage","@id":"https:\/\/store.microbiotech.dz\/index.php\/produit\/gelose-macconkey-500g\/","url":"https:\/\/store.microbiotech.dz\/index.php\/produit\/gelose-macconkey-500g\/","name":"G\u00e9lose MacConkey 500G MERCK - La Boutique en ligne","isPartOf":{"@id":"https:\/\/store.microbiotech.dz\/#website"},"primaryImageOfPage":{"@id":"https:\/\/store.microbiotech.dz\/index.php\/produit\/gelose-macconkey-500g\/#primaryimage"},"image":{"@id":"https:\/\/store.microbiotech.dz\/index.php\/produit\/gelose-macconkey-500g\/#primaryimage"},"thumbnailUrl":"https:\/\/store.microbiotech.dz\/wp-content\/uploads\/2021\/09\/MCD.webp","datePublished":"2022-02-07T10:03:52+00:00","dateModified":"2025-07-02T09:43:32+00:00","description":"La g\u00e9lose MacConkey\u00a0est un milieu de culture s\u00e9lectif et diff\u00e9rentiel employ\u00e9 en microbiologie pour l\u2019isolement et l\u2019identification des bacilles Gram n\u00e9gatifs (BGN). Ce milieu comporte un indicateur color\u00e9 qui d\u00e9tecte la consommation du lactose. D\u00e9velopp\u00e9 dans les ann\u00e9es 1900 par A.T. MacConkey pour faciliter l\u2019identification de Escherichia coli dans les eaux, les sols et les aliments, il est tr\u00e8s utilis\u00e9 pour isoler les BGN dans toutes sortes de pr\u00e9l\u00e8vements polymicrobiens.","breadcrumb":{"@id":"https:\/\/store.microbiotech.dz\/index.php\/produit\/gelose-macconkey-500g\/#breadcrumb"},"inLanguage":"fr-FR","potentialAction":[{"@type":"ReadAction","target":["https:\/\/store.microbiotech.dz\/index.php\/produit\/gelose-macconkey-500g\/"]}]},{"@type":"ImageObject","inLanguage":"fr-FR","@id":"https:\/\/store.microbiotech.dz\/index.php\/produit\/gelose-macconkey-500g\/#primaryimage","url":"https:\/\/store.microbiotech.dz\/wp-content\/uploads\/2021\/09\/MCD.webp","contentUrl":"https:\/\/store.microbiotech.dz\/wp-content\/uploads\/2021\/09\/MCD.webp","width":500,"height":435,"caption":"G\u00e9lose viande-foie 500 g MERCK"},{"@type":"BreadcrumbList","@id":"https:\/\/store.microbiotech.dz\/index.php\/produit\/gelose-macconkey-500g\/#breadcrumb","itemListElement":[{"@type":"ListItem","position":1,"name":"Accueil","item":"https:\/\/store.microbiotech.dz\/"},{"@type":"ListItem","position":2,"name":"Nos Produits","item":"https:\/\/store.microbiotech.dz\/index.php\/nos-produits\/"},{"@type":"ListItem","position":3,"name":"G\u00e9lose MacConkey 500G MERCK"}]},{"@type":"WebSite","@id":"https:\/\/store.microbiotech.dz\/#website","url":"https:\/\/store.microbiotech.dz\/","name":"La Boutique en ligne","description":"Qualit\u00e9 - Rapidit\u00e9 - Tranquillit\u00e9","publisher":{"@id":"https:\/\/store.microbiotech.dz\/#organization"},"potentialAction":[{"@type":"SearchAction","target":{"@type":"EntryPoint","urlTemplate":"https:\/\/store.microbiotech.dz\/?s={search_term_string}"},"query-input":{"@type":"PropertyValueSpecification","valueRequired":true,"valueName":"search_term_string"}}],"inLanguage":"fr-FR"},{"@type":"Organization","@id":"https:\/\/store.microbiotech.dz\/#organization","name":"Microbiotech EURL","url":"https:\/\/store.microbiotech.dz\/","logo":{"@type":"ImageObject","inLanguage":"fr-FR","@id":"https:\/\/store.microbiotech.dz\/#\/schema\/logo\/image\/","url":"https:\/\/store.microbiotech.dz\/wp-content\/uploads\/2021\/09\/cropped-logo-microbiotech-2.jpg","contentUrl":"https:\/\/store.microbiotech.dz\/wp-content\/uploads\/2021\/09\/cropped-logo-microbiotech-2.jpg","width":815,"height":586,"caption":"Microbiotech EURL"},"image":{"@id":"https:\/\/store.microbiotech.dz\/#\/schema\/logo\/image\/"},"sameAs":["https:\/\/www.facebook.com\/MicroBiotech.dz","https:\/\/x.com\/MicrobiotechD","https:\/\/www.linkedin.com\/in\/microbiotech\/","https:\/\/www.youtube.com\/channel\/UCTxc3VIiX7LXD2LQYfZEcDg"]}]}},"jetpack_sharing_enabled":true,"_links":{"self":[{"href":"https:\/\/store.microbiotech.dz\/index.php\/wp-json\/wp\/v2\/product\/1330","targetHints":{"allow":["GET"]}}],"collection":[{"href":"https:\/\/store.microbiotech.dz\/index.php\/wp-json\/wp\/v2\/product"}],"about":[{"href":"https:\/\/store.microbiotech.dz\/index.php\/wp-json\/wp\/v2\/types\/product"}],"replies":[{"embeddable":true,"href":"https:\/\/store.microbiotech.dz\/index.php\/wp-json\/wp\/v2\/comments?post=1330"}],"wp:featuredmedia":[{"embeddable":true,"href":"https:\/\/store.microbiotech.dz\/index.php\/wp-json\/wp\/v2\/media\/257"}],"wp:attachment":[{"href":"https:\/\/store.microbiotech.dz\/index.php\/wp-json\/wp\/v2\/media?parent=1330"}],"wp:term":[{"taxonomy":"product_brand","embeddable":true,"href":"https:\/\/store.microbiotech.dz\/index.php\/wp-json\/wp\/v2\/product_brand?post=1330"},{"taxonomy":"product_cat","embeddable":true,"href":"https:\/\/store.microbiotech.dz\/index.php\/wp-json\/wp\/v2\/product_cat?post=1330"},{"taxonomy":"product_tag","embeddable":true,"href":"https:\/\/store.microbiotech.dz\/index.php\/wp-json\/wp\/v2\/product_tag?post=1330"}],"curies":[{"name":"wp","href":"https:\/\/api.w.org\/{rel}","templated":true}]}}